{"id":28019,"date":"2021-06-23T13:15:13","date_gmt":"2021-06-23T11:15:13","guid":{"rendered":"https:\/\/www.sms77.io\/?page_id=28019"},"modified":"2024-06-14T11:09:05","modified_gmt":"2024-06-14T09:09:05","slug":"live-helper-chat","status":"publish","type":"page","link":"https:\/\/www.seven.io\/de\/loesungen\/integrationen\/live-helper-chat\/","title":{"rendered":"Live Helper Chat"},"content":{"rendered":"<section class=\"l-section wpb_row height_small\"><div class=\"l-section-h i-cf\"><div class=\"g-cols vc_row via_flex valign_middle type_default stacking_default\"><div class=\"vc_col-sm-6 wpb_column vc_column_container\"><div class=\"vc_column-inner\"><div class=\"wpb_wrapper\"><div class=\"wpb_text_column\"><div class=\"wpb_wrapper\"><p><strong>Live Helper Chat, auch LHC, ist eine Live Support Chat Software, mit der Chats erstellt und in Webseiten und Anwendungen eingebaut werden k\u00f6nnen. Die Software ist Open Source und kann durch verschiedene Integrationen erweitert werden. Auch die Realisierung von Chatbots ist m\u00f6glich, die bei Bedarf in verschiedene Plattformen eingebunden werden k\u00f6nnen.\u00a0Live Helper Chat kann selbst gehostet werden, wird aber auch als kostenpflichtige, gehostete Version angeboten. Die DSGVO-konforme Nutzung von Live Helper Chat ist m\u00f6glich. Dar\u00fcber hinaus verspricht LHC die unkomplizierte Anbindung von Drittanbietern \u00fcber die REST API.<\/strong><\/p>\n<p><strong>Mit seven k\u00f6nnen Sie jetzt auch Ihren <a href=\"https:\/\/github.com\/seven-io\/LiveHelperChat\" target=\"_blank\" rel=\"noopener\" data-schema-attribute=\"\">SMS-Versand in Live Helper Chat integrieren<\/a>, um Ihren Kunden einen zus\u00e4tzlichen Kommunikationskanal anzubieten.<\/strong><\/p>\n<\/div><\/div><div class=\"w-btn-wrapper align_none\"><a class=\"w-btn us-btn-style_1 no-border\" target=\"_blank\" rel=\"nofollow noopener\" href=\"https:\/\/github.com\/sms77io\/LiveHelperChat\"><span class=\"w-btn-label\">Unser SMS-Plugin f\u00fcr Live Helper Chat<\/span><\/a><\/div><\/div><\/div><\/div><div class=\"vc_col-sm-6 wpb_column vc_column_container\"><div class=\"vc_column-inner\"><div class=\"wpb_wrapper\"><div class=\"w-image align_center\"><div class=\"w-image-h\"><img decoding=\"async\" width=\"300\" height=\"300\" src=\"https:\/\/www.seven.io\/wp-content\/uploads\/integrationen_livehelperchat_logo-300x300.png\" class=\"attachment-us_300_0 size-us_300_0\" alt=\"SMS-Versand in Live Helper Chat integrieren\" loading=\"lazy\" srcset=\"https:\/\/www.seven.io\/wp-content\/uploads\/integrationen_livehelperchat_logo-300x300.png 300w, https:\/\/www.seven.io\/wp-content\/uploads\/integrationen_livehelperchat_logo-150x150.png 150w, https:\/\/www.seven.io\/wp-content\/uploads\/integrationen_livehelperchat_logo-350x350.png 350w, https:\/\/www.seven.io\/wp-content\/uploads\/integrationen_livehelperchat_logo-250x250.png 250w, https:\/\/www.seven.io\/wp-content\/uploads\/integrationen_livehelperchat_logo-400x400.png 400w, https:\/\/www.seven.io\/wp-content\/uploads\/integrationen_livehelperchat_logo-200x200.png 200w, https:\/\/www.seven.io\/wp-content\/uploads\/integrationen_livehelperchat_logo.png 450w\" sizes=\"auto, (max-width: 300px) 100vw, 300px\" \/><\/div><\/div><\/div><\/div><\/div><\/div><\/div><\/section><section class=\"l-section wpb_row height_small color_alternate\"><div class=\"l-section-h i-cf\"><div class=\"g-cols vc_row via_flex valign_middle type_default stacking_default\"><div class=\"vc_col-sm-6 wpb_column vc_column_container\"><div class=\"vc_column-inner\"><div class=\"wpb_wrapper\"><div class=\"w-image align_center\"><div class=\"w-image-h\"><img decoding=\"async\" width=\"400\" height=\"501\" src=\"https:\/\/www.seven.io\/wp-content\/uploads\/integrationen_livehelperchat_mock_de-400x501.png\" class=\"attachment-us_400_0 size-us_400_0\" alt=\"Wenn Sie Ihren SMS-Versand in Live Helper Chat integrieren, k\u00f6nnen Sie beispielsweise einen mobilen Support anbieten\" loading=\"lazy\" srcset=\"https:\/\/www.seven.io\/wp-content\/uploads\/integrationen_livehelperchat_mock_de-400x501.png 400w, https:\/\/www.seven.io\/wp-content\/uploads\/integrationen_livehelperchat_mock_de-240x300.png 240w, https:\/\/www.seven.io\/wp-content\/uploads\/integrationen_livehelperchat_mock_de-350x438.png 350w, https:\/\/www.seven.io\/wp-content\/uploads\/integrationen_livehelperchat_mock_de-250x313.png 250w, https:\/\/www.seven.io\/wp-content\/uploads\/integrationen_livehelperchat_mock_de-300x376.png 300w, https:\/\/www.seven.io\/wp-content\/uploads\/integrationen_livehelperchat_mock_de-319x400.png 319w, https:\/\/www.seven.io\/wp-content\/uploads\/integrationen_livehelperchat_mock_de-200x250.png 200w, https:\/\/www.seven.io\/wp-content\/uploads\/integrationen_livehelperchat_mock_de-500x626.png 500w, https:\/\/www.seven.io\/wp-content\/uploads\/integrationen_livehelperchat_mock_de.png 511w\" sizes=\"auto, (max-width: 400px) 100vw, 400px\" \/><\/div><\/div><\/div><\/div><\/div><div class=\"vc_col-sm-6 wpb_column vc_column_container\"><div class=\"vc_column-inner\"><div class=\"wpb_wrapper\"><div class=\"wpb_text_column\"><div class=\"wpb_wrapper\"><h3>SMS-Versand in Live Helper Chat integrieren<\/h3>\n<p>Sie haben sich dazu entscheiden, Ihren SMS-Versand in Live Helper Chat zu integrieren? Mit der seven-Integration k\u00f6nnen Sie sowohl den SMS-Versand als auch den SMS-Empfang in Ihren Chat einbinden. So entsteht eine authentische Konversation, w\u00e4hrend Ihre Kunden den Kanal nutzen, der ihnen am Liebsten ist \u2013 die SMS.<\/p>\n<p>Was spricht daf\u00fcr, SMS als zus\u00e4tzliche Kontaktm\u00f6glichkeit anzubieten? Zum einen w\u00fcnschen sich viele Kunden die M\u00f6glichkeit, Unternehmen\u00a0via SMS kontaktieren zu k\u00f6nnen. Zum anderen hat die Kommunikation via SMS auch f\u00fcr Sie Vorteile. Es dauert in der Regel weniger als drei Minuten, bis eine SMS vom Empf\u00e4nger gelesen wird. Das bedeutet, dass Ihre Kunden schneller auf Ihre Nachricht reagieren und ihr Anliegen schneller gel\u00f6st wird. Au\u00dferdem wirken SMS sehr pers\u00f6nlich, was die Bindung zu Ihrer Marke positiv unterst\u00fctzt.<span class=\"Apple-converted-space\">\u00a0<\/span><\/p>\n<\/div><\/div><\/div><\/div><\/div><\/div><\/div><\/section><!-- Row Backgrounds --><div class=\"upb_color\" data-bg-override=\"0\" data-bg-color=\"#f4f4f4\" data-fadeout=\"\" data-fadeout-percentage=\"30\" data-parallax-content=\"\" data-parallax-content-sense=\"30\" data-row-effect-mobile-disable=\"true\" data-img-parallax-mobile-disable=\"true\" data-rtl=\"false\"  data-custom-vc-row=\"\"  data-vc=\"8.7.2\"  data-is_old_vc=\"\"  data-theme-support=\"disable\"   data-overlay=\"false\" data-overlay-color=\"\" data-overlay-pattern=\"\" data-overlay-pattern-opacity=\"\" data-overlay-pattern-size=\"\"    ><\/div><section class=\"l-section wpb_row height_small\"><div class=\"l-section-h i-cf\"><div class=\"g-cols vc_row via_flex valign_middle type_default stacking_default\"><div class=\"vc_col-sm-6 wpb_column vc_column_container\"><div class=\"vc_column-inner\"><div class=\"wpb_wrapper\"><div class=\"wpb_text_column\"><div class=\"wpb_wrapper\"><h3>\u00a0SMS-Versand und SMS-Empfang<\/h3>\n<p>Wen Sie Ihren SMS-Versand in Live Helper Chat integrieren, k\u00f6nnen Sie entscheiden, ob Sie ausschlie\u00dflich SMS versenden oder auch SMS empfangen m\u00f6chten. Wir empfehlen Ihnen f\u00fcr die Nutzung von SMS in Live Helper Chat, den <a href=\"\/de\/produkte\/sms-empfang\/\">SMS-Empfang<\/a> \u00fcber eine eigene Inbound-Nummer unbedingt einzubinden, damit die direkte Kommunikation mit Ihren Kunden so einfach wie m\u00f6glich ist. Details zur Einrichtung finden Sie in der unten verlinkten Dokumentation.<\/p>\n<\/div><\/div><\/div><\/div><\/div><div class=\"vc_col-sm-6 wpb_column vc_column_container\"><div class=\"vc_column-inner\"><div class=\"wpb_wrapper\"><div class=\"w-image no-border align_center\"><a ref=\"magnificPopup\" href=\"https:\/\/www.seven.io\/wp-content\/uploads\/integrationen_LifeHelperChat_screen.png\" aria-label=\"integrationen_LifeHelperChat_screen\" class=\"w-image-h\"><img decoding=\"async\" width=\"768\" height=\"417\" src=\"https:\/\/www.seven.io\/wp-content\/uploads\/integrationen_LifeHelperChat_screen-768x417.png\" class=\"attachment-us_768_0 size-us_768_0\" alt=\"Einstellungen, die Sie vornehmen m\u00fcssen, wenn Sie den SMS-Versand in Live Helper Chat integrieren\" loading=\"lazy\" srcset=\"https:\/\/www.seven.io\/wp-content\/uploads\/integrationen_LifeHelperChat_screen-768x417.png 768w, https:\/\/www.seven.io\/wp-content\/uploads\/integrationen_LifeHelperChat_screen-300x163.png 300w, https:\/\/www.seven.io\/wp-content\/uploads\/integrationen_LifeHelperChat_screen-1024x556.png 1024w, https:\/\/www.seven.io\/wp-content\/uploads\/integrationen_LifeHelperChat_screen-350x190.png 350w, https:\/\/www.seven.io\/wp-content\/uploads\/integrationen_LifeHelperChat_screen-250x136.png 250w, https:\/\/www.seven.io\/wp-content\/uploads\/integrationen_LifeHelperChat_screen-600x326.png 600w, https:\/\/www.seven.io\/wp-content\/uploads\/integrationen_LifeHelperChat_screen-400x217.png 400w, https:\/\/www.seven.io\/wp-content\/uploads\/integrationen_LifeHelperChat_screen-200x109.png 200w, https:\/\/www.seven.io\/wp-content\/uploads\/integrationen_LifeHelperChat_screen-500x272.png 500w, https:\/\/www.seven.io\/wp-content\/uploads\/integrationen_LifeHelperChat_screen.png 1200w\" sizes=\"auto, (max-width: 768px) 100vw, 768px\" \/><\/a><\/div><div class=\"w-separator size_custom\" style=\"height:10px\"><\/div><div class=\"wpb_text_column\"><div class=\"wpb_wrapper\"><p style=\"text-align: center;\"><em>Screenshot des Setups f\u00fcr den SMS-Versand in Live Helper Chat, zum Vergr\u00f6\u00dfern anklicken<\/em><\/p>\n<\/div><\/div><\/div><\/div><\/div><\/div><\/div><\/section><section class=\"l-section wpb_row height_small\"><div class=\"l-section-h i-cf\"><div class=\"g-cols vc_row via_flex valign_top type_default stacking_default\"><div class=\"vc_col-sm-12 wpb_column vc_column_container\"><div class=\"vc_column-inner\"><div class=\"wpb_wrapper\"><div class=\"w-actionbox us_custom_e47d7875 color_light controls_right\"><div class=\"w-actionbox-text\"><div class=\"w-actionbox-description\"><p>Sie brauchen Hilfe bei der Installation oder der Einrichtung der Funktionen?<br \/>\nFinden Sie weitere Informationen auf unserer GitHub-Seite.<\/p>\n<\/div><\/div><div class=\"w-actionbox-controls\"><a class=\"w-btn us-btn-style_5\" target=\"_blank\" href=\"https:\/\/github.com\/seven-io\/livehelperchat\" rel=\"noopener\"><span class=\"w-btn-label\">Zu GitHub<\/span><\/a><\/div><\/div><\/div><\/div><\/div><\/div><\/div><\/section><!-- Row Backgrounds --><div class=\"upb_color\" data-bg-override=\"0\" data-bg-color=\"#ffffff\" data-fadeout=\"\" data-fadeout-percentage=\"30\" data-parallax-content=\"\" data-parallax-content-sense=\"30\" data-row-effect-mobile-disable=\"true\" data-img-parallax-mobile-disable=\"true\" data-rtl=\"false\"  data-custom-vc-row=\"\"  data-vc=\"8.7.2\"  data-is_old_vc=\"\"  data-theme-support=\"disable\"   data-overlay=\"false\" data-overlay-color=\"\" data-overlay-pattern=\"\" data-overlay-pattern-opacity=\"\" data-overlay-pattern-size=\"\"    ><\/div>\n","protected":false},"excerpt":{"rendered":"Live Helper Chat, auch LHC, ist eine Live Support Chat Software, mit der Chats erstellt und in Webseiten und Anwendungen eingebaut werden k\u00f6nnen. Die Software ist Open Source und kann durch verschiedene Integrationen erweitert werden. Auch die Realisierung von Chatbots ist m\u00f6glich, die bei Bedarf in verschiedene Plattformen eingebunden werden k\u00f6nnen.\u00a0Live Helper Chat kann selbst...","protected":false},"author":1,"featured_media":28015,"parent":17075,"menu_order":0,"comment_status":"closed","ping_status":"closed","template":"","meta":{"content-type":"","footnotes":""},"class_list":["post-28019","page","type-page","status-publish","has-post-thumbnail","hentry"],"_links":{"self":[{"href":"https:\/\/www.seven.io\/de\/wp-json\/wp\/v2\/pages\/28019","targetHints":{"allow":["GET"]}}],"collection":[{"href":"https:\/\/www.seven.io\/de\/wp-json\/wp\/v2\/pages"}],"about":[{"href":"https:\/\/www.seven.io\/de\/wp-json\/wp\/v2\/types\/page"}],"author":[{"embeddable":true,"href":"https:\/\/www.seven.io\/de\/wp-json\/wp\/v2\/users\/1"}],"replies":[{"embeddable":true,"href":"https:\/\/www.seven.io\/de\/wp-json\/wp\/v2\/comments?post=28019"}],"version-history":[{"count":28,"href":"https:\/\/www.seven.io\/de\/wp-json\/wp\/v2\/pages\/28019\/revisions"}],"predecessor-version":[{"id":92850,"href":"https:\/\/www.seven.io\/de\/wp-json\/wp\/v2\/pages\/28019\/revisions\/92850"}],"up":[{"embeddable":true,"href":"https:\/\/www.seven.io\/de\/wp-json\/wp\/v2\/pages\/17075"}],"wp:featuredmedia":[{"embeddable":true,"href":"https:\/\/www.seven.io\/de\/wp-json\/wp\/v2\/media\/28015"}],"wp:attachment":[{"href":"https:\/\/www.seven.io\/de\/wp-json\/wp\/v2\/media?parent=28019"}],"curies":[{"name":"wp","href":"https:\/\/api.w.org\/{rel}","templated":true}]}}