{"id":28178,"date":"2021-06-28T08:38:46","date_gmt":"2021-06-28T06:38:46","guid":{"rendered":"https:\/\/www.sms77.io\/?page_id=28178"},"modified":"2024-03-26T09:46:35","modified_gmt":"2024-03-26T08:46:35","slug":"gambio","status":"publish","type":"page","link":"https:\/\/www.seven.io\/de\/loesungen\/integrationen\/gambio\/","title":{"rendered":"Gambio"},"content":{"rendered":"<section class=\"l-section wpb_row height_small\"><div class=\"l-section-h i-cf\"><div class=\"g-cols vc_row via_flex valign_middle type_default stacking_default\"><div class=\"vc_col-sm-6 wpb_column vc_column_container\"><div class=\"vc_column-inner\"><div class=\"wpb_wrapper\"><div class=\"wpb_text_column\"><div class=\"wpb_wrapper\"><p><strong>Gambio bietet ein Onlineshop-System als Komplettl\u00f6sung an. Sie k\u00f6nnen Ihren eigenen Onlineshop erstellen und ihn nach Ihren W\u00fcnschen anpassen. Gambio richtet sich an Unternehmen aller Art, von Start-Ups bis hin zu Traditionsunternehmen, und bietet dementsprechend viele M\u00f6glichkeiten zur Konfiguration. Kostenlose Themes helfen bei der individuellen optischen Gestaltung des Onlineshops. Dar\u00fcber hinaus k\u00f6nnen die Dienste verschiedener Partner angebunden werden, von Agenturen \u00fcber Zahlungsdienstleister bis hin zu Warenwirtschaftssystemen.<span class=\"Apple-converted-space\">\u00a0<\/span><\/strong><\/p>\n<p><strong>Mit dem seven-Plugin k\u00f6nnen Sie jetzt auch <a href=\"https:\/\/github.com\/seven-io\/gambio\" target=\"_blank\" rel=\"noopener\" data-schema-attribute=\"\">SMS aus Gambio versenden<\/a>, um Ihre Kunden noch effektiver zu erreichen.<\/strong><\/p>\n<\/div><\/div><div class=\"w-btn-wrapper align_none\"><a class=\"w-btn us-btn-style_1 no-border\" target=\"_blank\" rel=\"nofollow noopener\" href=\"https:\/\/github.com\/sms77io\/gambio\"><span class=\"w-btn-label\">Unser SMS-Plugin f\u00fcr Gambio<\/span><\/a><\/div><\/div><\/div><\/div><div class=\"vc_col-sm-6 wpb_column vc_column_container\"><div class=\"vc_column-inner\"><div class=\"wpb_wrapper\"><div class=\"w-image align_center\"><div class=\"w-image-h\"><img decoding=\"async\" width=\"400\" height=\"400\" src=\"https:\/\/www.seven.io\/wp-content\/uploads\/integrationen_gambio_logo-400x400.png\" class=\"attachment-us_400_0 size-us_400_0\" alt=\"Das Logo der eCommerce-Software Gambio\" loading=\"lazy\" srcset=\"https:\/\/www.seven.io\/wp-content\/uploads\/integrationen_gambio_logo-400x400.png 400w, https:\/\/www.seven.io\/wp-content\/uploads\/integrationen_gambio_logo-300x300.png 300w, https:\/\/www.seven.io\/wp-content\/uploads\/integrationen_gambio_logo-150x150.png 150w, https:\/\/www.seven.io\/wp-content\/uploads\/integrationen_gambio_logo-350x350.png 350w, https:\/\/www.seven.io\/wp-content\/uploads\/integrationen_gambio_logo-250x250.png 250w, https:\/\/www.seven.io\/wp-content\/uploads\/integrationen_gambio_logo-200x200.png 200w, https:\/\/www.seven.io\/wp-content\/uploads\/integrationen_gambio_logo.png 450w\" sizes=\"auto, (max-width: 400px) 100vw, 400px\" \/><\/div><\/div><\/div><\/div><\/div><\/div><\/div><\/section><section class=\"l-section wpb_row height_small color_alternate\"><div class=\"l-section-h i-cf\"><div class=\"g-cols vc_row via_flex valign_middle type_default stacking_default\"><div class=\"vc_col-sm-6 wpb_column vc_column_container\"><div class=\"vc_column-inner\"><div class=\"wpb_wrapper\"><div class=\"w-image align_center\"><div class=\"w-image-h\"><img decoding=\"async\" width=\"400\" height=\"501\" src=\"https:\/\/www.seven.io\/wp-content\/uploads\/integrationen_gambio_mock_blueshop_de-400x501.png\" class=\"attachment-us_400_0 size-us_400_0\" alt=\"Nutzen Sie den Versand von SMS aus Gambio beispielsweise, um Kunden \u00fcber aktuelle \u00c4nderungen zu informieren\" loading=\"lazy\" srcset=\"https:\/\/www.seven.io\/wp-content\/uploads\/integrationen_gambio_mock_blueshop_de-400x501.png 400w, https:\/\/www.seven.io\/wp-content\/uploads\/integrationen_gambio_mock_blueshop_de-240x300.png 240w, https:\/\/www.seven.io\/wp-content\/uploads\/integrationen_gambio_mock_blueshop_de-350x438.png 350w, https:\/\/www.seven.io\/wp-content\/uploads\/integrationen_gambio_mock_blueshop_de-250x313.png 250w, https:\/\/www.seven.io\/wp-content\/uploads\/integrationen_gambio_mock_blueshop_de-300x376.png 300w, https:\/\/www.seven.io\/wp-content\/uploads\/integrationen_gambio_mock_blueshop_de-319x400.png 319w, https:\/\/www.seven.io\/wp-content\/uploads\/integrationen_gambio_mock_blueshop_de-200x250.png 200w, https:\/\/www.seven.io\/wp-content\/uploads\/integrationen_gambio_mock_blueshop_de-500x626.png 500w, https:\/\/www.seven.io\/wp-content\/uploads\/integrationen_gambio_mock_blueshop_de.png 511w\" sizes=\"auto, (max-width: 400px) 100vw, 400px\" \/><\/div><\/div><\/div><\/div><\/div><div class=\"vc_col-sm-6 wpb_column vc_column_container\"><div class=\"vc_column-inner\"><div class=\"wpb_wrapper\"><div class=\"wpb_text_column\"><div class=\"wpb_wrapper\"><h3>Massen-SMS aus Gambio versenden<\/h3>\n<p>Mit unserem SMS-Plugin k\u00f6nnen Sie Massen-SMS aus Gambio an eine individuelle Kundengruppe versenden. Nutzen Sie diese Nachrichten f\u00fcr Marketing-SMS, um Ihre Kunden \u00fcber \u00c4nderungen zu informieren oder um aktuelle Informationen von Ihren Kunden abzufragen. Dank der ausw\u00e4hlbaren Kundengruppen erreichen Sie immer die richtige Zielgruppe, schnell und zuverl\u00e4ssig. Durch verschiedene Platzhalter personalisieren Sie die SMS und f\u00fcgen Ihren SMS unkompliziert weitere relevante Informationen hinzu.<\/p>\n<p>Dar\u00fcber hinaus stehen Ihnen weitere Funktionen in unserem SMS-Versand zur Verf\u00fcgung. <a href=\"https:\/\/help.sms77.io\/de\/labels\" rel=\"noopener\">F\u00fcgen Sie Ihren SMS Labels hinzu<\/a>, um sie sp\u00e4ter in der Analyse effektiv filtern zu k\u00f6nnen, versenden Sie <a href=\"https:\/\/help.sms77.io\/de\/flash-sms\" rel=\"noopener\">Flash-SMS<\/a> und lassen Sie versandte Links durch unser <a href=\"https:\/\/help.sms77.io\/de\/performance-tracking\" rel=\"noopener\">Performance Tracking<\/a> \u00fcberwachen. Eine vollst\u00e4ndige Auflistung der Funktionen finden Sie in der unten verlinkten Dokumentation.<\/p>\n<\/div><\/div><\/div><\/div><\/div><\/div><\/div><\/section><!-- Row Backgrounds --><div class=\"upb_color\" data-bg-override=\"0\" data-bg-color=\"#f4f4f4\" data-fadeout=\"\" data-fadeout-percentage=\"30\" data-parallax-content=\"\" data-parallax-content-sense=\"30\" data-row-effect-mobile-disable=\"true\" data-img-parallax-mobile-disable=\"true\" data-rtl=\"false\"  data-custom-vc-row=\"\"  data-vc=\"8.7.2\"  data-is_old_vc=\"\"  data-theme-support=\"disable\"   data-overlay=\"false\" data-overlay-color=\"\" data-overlay-pattern=\"\" data-overlay-pattern-opacity=\"\" data-overlay-pattern-size=\"\"    ><\/div><section class=\"l-section wpb_row height_small\"><div class=\"l-section-h i-cf\"><div class=\"g-cols vc_row via_flex valign_middle type_default stacking_default\"><div class=\"vc_col-sm-6 wpb_column vc_column_container\"><div class=\"vc_column-inner\"><div class=\"wpb_wrapper\"><div class=\"wpb_text_column\"><div class=\"wpb_wrapper\"><h3>SMS-Versand nach Kundengruppen<\/h3>\n<\/div><\/div><div class=\"uavc-list-icon uavc-list-icon-wrapper ult-adjust-bottom-margin   \"><ul class=\"uavc-list\"><li><div class=\"uavc-list-content\" id=\"list-icon-wrap-2218\">\n<div class=\"uavc-list-icon  \" data-animation=\"\" data-animation-delay=\"03\" style=\"margin-right:25px;\"><div class=\"ult-just-icon-wrapper  \"><div class=\"align-icon\" style=\"text-align:center;\">\n<div class=\"aio-icon none \"  style=\"color:#52c0fa;font-size:40px;display:inline-block;\">\n\t<i class=\"Defaults-envelope-o\"><\/i>\n<\/div><\/div><\/div>\n<\/div><span  data-ultimate-target='#list-icon-wrap-2218 .uavc-list-desc'  data-responsive-json-new='{\"font-size\":\"\",\"line-height\":\"\"}'  class=\"uavc-list-desc ult-responsive\" style=\"\">Versenden Sie Massen-SMS aus Gambio an alle Kunden oder ausschlie\u00dflich an bestimmte Kundengruppen. So lassen sich nicht nur wichtige Updates versenden, sondern auch Marketing-Kampagnen realisieren, die exakt auf die jeweilige Zielgruppe zugeschnitten sind.<\/span><\/div><\/li><\/ul><\/div><div class=\"wpb_text_column\"><div class=\"wpb_wrapper\"><h3>Platzhalter in Gambio<\/h3>\n<\/div><\/div><div class=\"uavc-list-icon uavc-list-icon-wrapper ult-adjust-bottom-margin   \"><ul class=\"uavc-list\"><li><div class=\"uavc-list-content\" id=\"list-icon-wrap-4886\">\n<div class=\"uavc-list-icon  \" data-animation=\"\" data-animation-delay=\"03\" style=\"margin-right:25px;\"><div class=\"ult-just-icon-wrapper  \"><div class=\"align-icon\" style=\"text-align:center;\">\n<div class=\"aio-icon none \"  style=\"color:#52c0fa;font-size:40px;display:inline-block;\">\n\t<i class=\"Defaults-group users\"><\/i>\n<\/div><\/div><\/div>\n<\/div><span  data-ultimate-target='#list-icon-wrap-4886 .uavc-list-desc'  data-responsive-json-new='{\"font-size\":\"\",\"line-height\":\"\"}'  class=\"uavc-list-desc ult-responsive\" style=\"\">Nutzen Sie Platzhalter in Ihren SMS, die ihre Informationen direkt aus Gambio beziehen. So f\u00fcgen Sie auch in Massen-SMS automatisch die korrekte Ansprache oder die jeweilige Kundennummer der Empf\u00e4nger hinzu.<\/span><\/div><\/li><\/ul><\/div><\/div><\/div><\/div><div class=\"vc_col-sm-6 wpb_column vc_column_container\"><div class=\"vc_column-inner\"><div class=\"wpb_wrapper\"><div class=\"w-image no-border align_center\"><a ref=\"magnificPopup\" href=\"https:\/\/www.seven.io\/wp-content\/uploads\/integrationen_gambio_screen_bulk.png\" aria-label=\"integrationen_gambio_screen_bulk\" class=\"w-image-h\"><img decoding=\"async\" width=\"768\" height=\"432\" src=\"https:\/\/www.seven.io\/wp-content\/uploads\/integrationen_gambio_screen_bulk-768x432.png\" class=\"attachment-us_768_0 size-us_768_0\" alt=\"Sie haben verschiedene Einstellm\u00f6glichkeiten, wenn Sie eine SMS aus Gambio versenden\" loading=\"lazy\" srcset=\"https:\/\/www.seven.io\/wp-content\/uploads\/integrationen_gambio_screen_bulk-768x432.png 768w, https:\/\/www.seven.io\/wp-content\/uploads\/integrationen_gambio_screen_bulk-300x169.png 300w, https:\/\/www.seven.io\/wp-content\/uploads\/integrationen_gambio_screen_bulk-1024x576.png 1024w, https:\/\/www.seven.io\/wp-content\/uploads\/integrationen_gambio_screen_bulk-350x197.png 350w, https:\/\/www.seven.io\/wp-content\/uploads\/integrationen_gambio_screen_bulk-250x141.png 250w, https:\/\/www.seven.io\/wp-content\/uploads\/integrationen_gambio_screen_bulk-600x338.png 600w, https:\/\/www.seven.io\/wp-content\/uploads\/integrationen_gambio_screen_bulk-400x225.png 400w, https:\/\/www.seven.io\/wp-content\/uploads\/integrationen_gambio_screen_bulk-200x113.png 200w, https:\/\/www.seven.io\/wp-content\/uploads\/integrationen_gambio_screen_bulk-500x281.png 500w, https:\/\/www.seven.io\/wp-content\/uploads\/integrationen_gambio_screen_bulk.png 1200w\" sizes=\"auto, (max-width: 768px) 100vw, 768px\" \/><\/a><\/div><div class=\"w-separator size_custom\" style=\"height:10px\"><\/div><div class=\"wpb_text_column\"><div class=\"wpb_wrapper\"><p style=\"text-align: center;\"><em>Bedienoberfl\u00e4che zum Versand einer SMS aus Gambio, zum Vergr\u00f6\u00dfern anklicken<\/em><\/p>\n<\/div><\/div><\/div><\/div><\/div><\/div><\/div><\/section><section class=\"l-section wpb_row height_small\"><div class=\"l-section-h i-cf\"><div class=\"g-cols vc_row via_flex valign_top type_default stacking_default\"><div class=\"vc_col-sm-12 wpb_column vc_column_container\"><div class=\"vc_column-inner\"><div class=\"wpb_wrapper\"><div class=\"w-actionbox us_custom_e47d7875 color_light controls_right\"><div class=\"w-actionbox-text\"><div class=\"w-actionbox-description\"><p>Sie brauchen Hilfe bei der Installation oder der Einrichtung der Funktionen?<br \/>\nAuf unserer GitHub-Seite finden Sie weitere Informationen.<\/p>\n<\/div><\/div><div class=\"w-actionbox-controls\"><a class=\"w-btn us-btn-style_5\" target=\"_blank\" href=\"https:\/\/github.com\/seven-io\/gambio\" rel=\"noopener\"><span class=\"w-btn-label\">Zu GitHub<\/span><\/a><\/div><\/div><\/div><\/div><\/div><\/div><\/div><\/section><!-- Row Backgrounds --><div class=\"upb_color\" data-bg-override=\"0\" data-bg-color=\"#ffffff\" data-fadeout=\"\" data-fadeout-percentage=\"30\" data-parallax-content=\"\" data-parallax-content-sense=\"30\" data-row-effect-mobile-disable=\"true\" data-img-parallax-mobile-disable=\"true\" data-rtl=\"false\"  data-custom-vc-row=\"\"  data-vc=\"8.7.2\"  data-is_old_vc=\"\"  data-theme-support=\"disable\"   data-overlay=\"false\" data-overlay-color=\"\" data-overlay-pattern=\"\" data-overlay-pattern-opacity=\"\" data-overlay-pattern-size=\"\"    ><\/div>\n","protected":false},"excerpt":{"rendered":"Gambio bietet ein Onlineshop-System als Komplettl\u00f6sung an. Sie k\u00f6nnen Ihren eigenen Onlineshop erstellen und ihn nach Ihren W\u00fcnschen anpassen. Gambio richtet sich an Unternehmen aller Art, von Start-Ups bis hin zu Traditionsunternehmen, und bietet dementsprechend viele M\u00f6glichkeiten zur Konfiguration. Kostenlose Themes helfen bei der individuellen optischen Gestaltung des Onlineshops. Dar\u00fcber hinaus k\u00f6nnen die Dienste verschiedener...","protected":false},"author":1,"featured_media":28177,"parent":17075,"menu_order":0,"comment_status":"closed","ping_status":"closed","template":"","meta":{"content-type":"","footnotes":""},"class_list":["post-28178","page","type-page","status-publish","has-post-thumbnail","hentry"],"_links":{"self":[{"href":"https:\/\/www.seven.io\/de\/wp-json\/wp\/v2\/pages\/28178","targetHints":{"allow":["GET"]}}],"collection":[{"href":"https:\/\/www.seven.io\/de\/wp-json\/wp\/v2\/pages"}],"about":[{"href":"https:\/\/www.seven.io\/de\/wp-json\/wp\/v2\/types\/page"}],"author":[{"embeddable":true,"href":"https:\/\/www.seven.io\/de\/wp-json\/wp\/v2\/users\/1"}],"replies":[{"embeddable":true,"href":"https:\/\/www.seven.io\/de\/wp-json\/wp\/v2\/comments?post=28178"}],"version-history":[{"count":21,"href":"https:\/\/www.seven.io\/de\/wp-json\/wp\/v2\/pages\/28178\/revisions"}],"predecessor-version":[{"id":92359,"href":"https:\/\/www.seven.io\/de\/wp-json\/wp\/v2\/pages\/28178\/revisions\/92359"}],"up":[{"embeddable":true,"href":"https:\/\/www.seven.io\/de\/wp-json\/wp\/v2\/pages\/17075"}],"wp:featuredmedia":[{"embeddable":true,"href":"https:\/\/www.seven.io\/de\/wp-json\/wp\/v2\/media\/28177"}],"wp:attachment":[{"href":"https:\/\/www.seven.io\/de\/wp-json\/wp\/v2\/media?parent=28178"}],"curies":[{"name":"wp","href":"https:\/\/api.w.org\/{rel}","templated":true}]}}