{"id":28291,"date":"2021-07-01T12:45:13","date_gmt":"2021-07-01T10:45:13","guid":{"rendered":"https:\/\/www.sms77.io\/?page_id=28291"},"modified":"2024-07-02T14:58:22","modified_gmt":"2024-07-02T12:58:22","slug":"concrete5","status":"publish","type":"page","link":"https:\/\/www.seven.io\/de\/loesungen\/integrationen\/concrete5\/","title":{"rendered":"Concrete5"},"content":{"rendered":"<section class=\"l-section wpb_row height_small\"><div class=\"l-section-h i-cf\"><div class=\"g-cols vc_row via_flex valign_middle type_default stacking_default\"><div class=\"vc_col-sm-6 wpb_column vc_column_container\"><div class=\"vc_column-inner\"><div class=\"wpb_wrapper\"><div class=\"wpb_text_column\"><div class=\"wpb_wrapper\"><p><strong>Concrete5 ist ein Open-Source Content-Management-System. Es wurde mit dem Ziel entworfen, das Erstellen von Websites aller Art zu erm\u00f6glichen und dabei f\u00fcr alle Teammitglieder leicht bedienbar zu bleiben. Das CMS verf\u00fcgt \u00fcber viele eingebaute Funktionen, beispielsweise zur Rollenverwaltung, f\u00fcr die Anpassung und Kontrolle von SEO oder die Verwaltung von Kommentaren in Blogs. Dar\u00fcber hinaus kann Concrete5 mithilfe verschiedener Addons erweitert werden. Nicht zuletzt dank einer aktiven <a href=\"https:\/\/www.concrete5.org\/community\" target=\"_blank\" rel=\"noopener\" data-schema-attribute=\"\">Community<\/a>\u00a0wird das CMS au\u00dferdem st\u00e4ndig weiterentwickelt.<\/strong><\/p>\n<p><strong>Mit dem seven-Addon k\u00f6nnen Sie jetzt auch Voice-Nachrichten und SMS mit Concrete5 versenden.<\/strong><\/p>\n<\/div><\/div><div class=\"w-btn-wrapper align_none\"><a class=\"w-btn us-btn-style_1 no-border\" target=\"_blank\" rel=\"nofollow noopener\" href=\"https:\/\/github.com\/seven-io\/concrete5\"><span class=\"w-btn-label\">Unser SMS-Addon f\u00fcr Concrete5<\/span><\/a><\/div><\/div><\/div><\/div><div class=\"vc_col-sm-6 wpb_column vc_column_container\"><div class=\"vc_column-inner\"><div class=\"wpb_wrapper\"><div class=\"w-image no-border align_center\"><a target=\"_blank\" rel=\"nofollow noopener\" href=\"https:\/\/www.concrete5.org\" aria-label=\"integrationen_concrete5_logo1\" class=\"w-image-h\"><img decoding=\"async\" width=\"400\" height=\"400\" src=\"https:\/\/www.seven.io\/wp-content\/uploads\/integrationen_concrete5_logo1-400x400.png\" class=\"attachment-us_400_0 size-us_400_0\" alt=\"Das Concrete5 Logo\" loading=\"lazy\" srcset=\"https:\/\/www.seven.io\/wp-content\/uploads\/integrationen_concrete5_logo1-400x400.png 400w, https:\/\/www.seven.io\/wp-content\/uploads\/integrationen_concrete5_logo1-300x300.png 300w, https:\/\/www.seven.io\/wp-content\/uploads\/integrationen_concrete5_logo1-150x150.png 150w, https:\/\/www.seven.io\/wp-content\/uploads\/integrationen_concrete5_logo1-350x350.png 350w, https:\/\/www.seven.io\/wp-content\/uploads\/integrationen_concrete5_logo1-250x250.png 250w, https:\/\/www.seven.io\/wp-content\/uploads\/integrationen_concrete5_logo1-200x200.png 200w, https:\/\/www.seven.io\/wp-content\/uploads\/integrationen_concrete5_logo1.png 450w\" sizes=\"auto, (max-width: 400px) 100vw, 400px\" \/><\/a><\/div><\/div><\/div><\/div><\/div><\/div><\/section><section class=\"l-section wpb_row height_small color_alternate\"><div class=\"l-section-h i-cf\"><div class=\"g-cols vc_row via_flex valign_middle type_default stacking_default\"><div class=\"vc_col-sm-6 wpb_column vc_column_container\"><div class=\"vc_column-inner\"><div class=\"wpb_wrapper\"><div class=\"w-image align_center\"><div class=\"w-image-h\"><img decoding=\"async\" width=\"400\" height=\"501\" src=\"https:\/\/www.seven.io\/wp-content\/uploads\/integrationen_concrete5_mock_de-1-400x501.png\" class=\"attachment-us_400_0 size-us_400_0\" alt=\"Versenden Sie SMS mit Concrete5 und sms77.io\" loading=\"lazy\" srcset=\"https:\/\/www.seven.io\/wp-content\/uploads\/integrationen_concrete5_mock_de-1-400x501.png 400w, https:\/\/www.seven.io\/wp-content\/uploads\/integrationen_concrete5_mock_de-1-240x300.png 240w, https:\/\/www.seven.io\/wp-content\/uploads\/integrationen_concrete5_mock_de-1-350x438.png 350w, https:\/\/www.seven.io\/wp-content\/uploads\/integrationen_concrete5_mock_de-1-250x313.png 250w, https:\/\/www.seven.io\/wp-content\/uploads\/integrationen_concrete5_mock_de-1-300x376.png 300w, https:\/\/www.seven.io\/wp-content\/uploads\/integrationen_concrete5_mock_de-1-319x400.png 319w, https:\/\/www.seven.io\/wp-content\/uploads\/integrationen_concrete5_mock_de-1-200x250.png 200w, https:\/\/www.seven.io\/wp-content\/uploads\/integrationen_concrete5_mock_de-1.png 511w\" sizes=\"auto, (max-width: 400px) 100vw, 400px\" \/><\/div><\/div><\/div><\/div><\/div><div class=\"vc_col-sm-6 wpb_column vc_column_container\"><div class=\"vc_column-inner\"><div class=\"wpb_wrapper\"><div class=\"wpb_text_column\"><div class=\"wpb_wrapper\"><h3>Voice-Nachrichten und SMS mit Concrete5 versenden<\/h3>\n<p>Erreichen Sie Ihre Kunden effektiv und ohne gro\u00dfen Mehraufwand, indem Sie Voice-Nachrichten und SMS mit Concrete5 verschicken. Wenn Sie unser Addon in Ihr CMS einbinden, k\u00f6nnen Sie nach Gruppen filtern und so perfekt abgestimmte Nachrichten an Ihre Kunden versenden. Ein Umweg \u00fcber unsere Webapp ist so nicht mehr n\u00f6tig \u2013 Sie erstellen und versenden Ihre Nachricht dort, wo es f\u00fcr Sie am praktischsten ist.<\/p>\n<p>Dabei stehen Ihnen verschiedene Einstellungsm\u00f6glichkeiten zur Verf\u00fcgung, die Ihnen dabei helfen, Ihren SMS-Versand bestm\u00f6glich auszunutzen.\u00a0Alle verf\u00fcgbaren Optionen zum Versand von Voice-Nachrichten und SMS mit Concrete5 finden Sie in unserer Dokumentation, die wir unten f\u00fcr Sie verlinkt haben.<span class=\"Apple-converted-space\">\u00a0<\/span><\/p>\n<\/div><\/div><\/div><\/div><\/div><\/div><\/div><\/section><!-- Row Backgrounds --><div class=\"upb_color\" data-bg-override=\"0\" data-bg-color=\"#f4f4f4\" data-fadeout=\"\" data-fadeout-percentage=\"30\" data-parallax-content=\"\" data-parallax-content-sense=\"30\" data-row-effect-mobile-disable=\"true\" data-img-parallax-mobile-disable=\"true\" data-rtl=\"false\"  data-custom-vc-row=\"\"  data-vc=\"8.7.2\"  data-is_old_vc=\"\"  data-theme-support=\"disable\"   data-overlay=\"false\" data-overlay-color=\"\" data-overlay-pattern=\"\" data-overlay-pattern-opacity=\"\" data-overlay-pattern-size=\"\"    ><\/div><section class=\"l-section wpb_row height_small\"><div class=\"l-section-h i-cf\"><div class=\"g-cols vc_row via_flex valign_middle type_default stacking_default\"><div class=\"vc_col-sm-6 wpb_column vc_column_container\"><div class=\"vc_column-inner\"><div class=\"wpb_wrapper\"><div class=\"wpb_text_column\"><div class=\"wpb_wrapper\"><h3>SMS-Versand<\/h3>\n<\/div><\/div><div class=\"uavc-list-icon uavc-list-icon-wrapper ult-adjust-bottom-margin   \"><ul class=\"uavc-list\"><li><div class=\"uavc-list-content\" id=\"list-icon-wrap-9256\">\n<div class=\"uavc-list-icon  \" data-animation=\"\" data-animation-delay=\"03\" style=\"margin-right:25px;\"><div class=\"ult-just-icon-wrapper  \"><div class=\"align-icon\" style=\"text-align:center;\">\n<div class=\"aio-icon none \"  style=\"color:#52c0fa;font-size:40px;display:inline-block;\">\n\t<i class=\"Defaults-envelope-o\"><\/i>\n<\/div><\/div><\/div>\n<\/div><span  data-ultimate-target='#list-icon-wrap-9256 .uavc-list-desc'  data-responsive-json-new='{\"font-size\":\"\",\"line-height\":\"\"}'  class=\"uavc-list-desc ult-responsive\" style=\"\">SMS eignen sich f\u00fcr zahlreiche Anwendungsf\u00e4lle entlang der <a href=\"\/de\/blog\/ueber-den-wolken-begleiten-sie-die-customer-journey-ihrer-kunden\/\">Customer Journey<\/a> \u2013 egal in welcher Branche. Unternehmen profitieren besonders von der schnellen Leserate und der pers\u00f6nlichen Note der Kurznachrichten.<\/span><\/div><\/li><\/ul><\/div><div class=\"wpb_text_column\"><div class=\"wpb_wrapper\"><h3>Voice-Nachrichten<\/h3>\n<\/div><\/div><div class=\"uavc-list-icon uavc-list-icon-wrapper ult-adjust-bottom-margin   \"><ul class=\"uavc-list\"><li><div class=\"uavc-list-content\" id=\"list-icon-wrap-9890\">\n<div class=\"uavc-list-icon  \" data-animation=\"\" data-animation-delay=\"03\" style=\"margin-right:25px;\"><div class=\"ult-just-icon-wrapper  \"><div class=\"align-icon\" style=\"text-align:center;\">\n<div class=\"aio-icon none \"  style=\"color:#52c0fa;font-size:40px;display:inline-block;\">\n\t<i class=\"Defaults-phone\"><\/i>\n<\/div><\/div><\/div>\n<\/div><span  data-ultimate-target='#list-icon-wrap-9890 .uavc-list-desc'  data-responsive-json-new='{\"font-size\":\"\",\"line-height\":\"\"}'  class=\"uavc-list-desc ult-responsive\" style=\"\">Voice-Nachrichten, manchmal auch Text2Speech-Nachrichten genannt, sind Textnachrichten, die den Empf\u00e4ngern als Anruf zugestellt werden.\u00a0Viele unserer Kunden nutzen die <a href=\"\/de\/produkte\/voice\/\" data-schema-attribute=\"\">Voice-Funktion<\/a>, um Alarme zu versenden.<\/span><\/div><\/li><\/ul><\/div><\/div><\/div><\/div><div class=\"vc_col-sm-6 wpb_column vc_column_container\"><div class=\"vc_column-inner\"><div class=\"wpb_wrapper\"><div class=\"w-image no-border align_center\"><a ref=\"magnificPopup\" href=\"https:\/\/www.seven.io\/wp-content\/uploads\/integrationen_conrete5_settings.png\" aria-label=\"integrationen_conrete5_settings\" class=\"w-image-h\"><img decoding=\"async\" width=\"768\" height=\"619\" src=\"https:\/\/www.seven.io\/wp-content\/uploads\/integrationen_conrete5_settings-768x619.png\" class=\"attachment-us_768_0 size-us_768_0\" alt=\"SMS mit Concrete5 versenden mit sms77\" loading=\"lazy\" srcset=\"https:\/\/www.seven.io\/wp-content\/uploads\/integrationen_conrete5_settings-768x619.png 768w, https:\/\/www.seven.io\/wp-content\/uploads\/integrationen_conrete5_settings-300x242.png 300w, https:\/\/www.seven.io\/wp-content\/uploads\/integrationen_conrete5_settings-1024x825.png 1024w, https:\/\/www.seven.io\/wp-content\/uploads\/integrationen_conrete5_settings-350x282.png 350w, https:\/\/www.seven.io\/wp-content\/uploads\/integrationen_conrete5_settings-250x201.png 250w, https:\/\/www.seven.io\/wp-content\/uploads\/integrationen_conrete5_settings-600x484.png 600w, https:\/\/www.seven.io\/wp-content\/uploads\/integrationen_conrete5_settings-400x322.png 400w, https:\/\/www.seven.io\/wp-content\/uploads\/integrationen_conrete5_settings-496x400.png 496w, https:\/\/www.seven.io\/wp-content\/uploads\/integrationen_conrete5_settings-200x161.png 200w, https:\/\/www.seven.io\/wp-content\/uploads\/integrationen_conrete5_settings-500x403.png 500w, https:\/\/www.seven.io\/wp-content\/uploads\/integrationen_conrete5_settings.png 1200w\" sizes=\"auto, (max-width: 768px) 100vw, 768px\" \/><\/a><\/div><div class=\"w-separator size_custom\" style=\"height:10px\"><\/div><div class=\"wpb_text_column\"><div class=\"wpb_wrapper\"><p style=\"text-align: center;\"><em>Einstellungen zum SMS-Versand in Concrete5, zum Vergr\u00f6\u00dfern anklicken<\/em><\/p>\n<\/div><\/div><\/div><\/div><\/div><\/div><\/div><\/section><section class=\"l-section wpb_row height_small\"><div class=\"l-section-h i-cf\"><div class=\"g-cols vc_row via_flex valign_top type_default stacking_default\"><div class=\"vc_col-sm-12 wpb_column vc_column_container\"><div class=\"vc_column-inner\"><div class=\"wpb_wrapper\"><div class=\"w-actionbox us_custom_e47d7875 color_light controls_right\"><div class=\"w-actionbox-text\"><div class=\"w-actionbox-description\"><p>Sie brauchen Hilfe bei der Installation oder der Einrichtung der Funktionen?<br \/>\nAuf unserer GitHub-Seite finden Sie weitere Informationen.<\/p>\n<\/div><\/div><div class=\"w-actionbox-controls\"><a class=\"w-btn us-btn-style_5\" target=\"_blank\" href=\"https:\/\/github.com\/seven-io\/concrete5\" rel=\"noopener\"><span class=\"w-btn-label\">Zu GitHub<\/span><\/a><\/div><\/div><\/div><\/div><\/div><\/div><\/div><\/section><!-- Row Backgrounds --><div class=\"upb_color\" data-bg-override=\"0\" data-bg-color=\"#ffffff\" data-fadeout=\"\" data-fadeout-percentage=\"30\" data-parallax-content=\"\" data-parallax-content-sense=\"30\" data-row-effect-mobile-disable=\"true\" data-img-parallax-mobile-disable=\"true\" data-rtl=\"false\"  data-custom-vc-row=\"\"  data-vc=\"8.7.2\"  data-is_old_vc=\"\"  data-theme-support=\"disable\"   data-overlay=\"false\" data-overlay-color=\"\" data-overlay-pattern=\"\" data-overlay-pattern-opacity=\"\" data-overlay-pattern-size=\"\"    ><\/div>\n","protected":false},"excerpt":{"rendered":"Concrete5 ist ein Open-Source Content-Management-System. Es wurde mit dem Ziel entworfen, das Erstellen von Websites aller Art zu erm\u00f6glichen und dabei f\u00fcr alle Teammitglieder leicht bedienbar zu bleiben. Das CMS verf\u00fcgt \u00fcber viele eingebaute Funktionen, beispielsweise zur Rollenverwaltung, f\u00fcr die Anpassung und Kontrolle von SEO oder die Verwaltung von Kommentaren in Blogs. Dar\u00fcber hinaus kann...","protected":false},"author":1,"featured_media":28296,"parent":17075,"menu_order":0,"comment_status":"closed","ping_status":"closed","template":"","meta":{"content-type":"","footnotes":""},"class_list":["post-28291","page","type-page","status-publish","has-post-thumbnail","hentry"],"_links":{"self":[{"href":"https:\/\/www.seven.io\/de\/wp-json\/wp\/v2\/pages\/28291","targetHints":{"allow":["GET"]}}],"collection":[{"href":"https:\/\/www.seven.io\/de\/wp-json\/wp\/v2\/pages"}],"about":[{"href":"https:\/\/www.seven.io\/de\/wp-json\/wp\/v2\/types\/page"}],"author":[{"embeddable":true,"href":"https:\/\/www.seven.io\/de\/wp-json\/wp\/v2\/users\/1"}],"replies":[{"embeddable":true,"href":"https:\/\/www.seven.io\/de\/wp-json\/wp\/v2\/comments?post=28291"}],"version-history":[{"count":25,"href":"https:\/\/www.seven.io\/de\/wp-json\/wp\/v2\/pages\/28291\/revisions"}],"predecessor-version":[{"id":92927,"href":"https:\/\/www.seven.io\/de\/wp-json\/wp\/v2\/pages\/28291\/revisions\/92927"}],"up":[{"embeddable":true,"href":"https:\/\/www.seven.io\/de\/wp-json\/wp\/v2\/pages\/17075"}],"wp:featuredmedia":[{"embeddable":true,"href":"https:\/\/www.seven.io\/de\/wp-json\/wp\/v2\/media\/28296"}],"wp:attachment":[{"href":"https:\/\/www.seven.io\/de\/wp-json\/wp\/v2\/media?parent=28291"}],"curies":[{"name":"wp","href":"https:\/\/api.w.org\/{rel}","templated":true}]}}