{"id":28594,"date":"2021-07-09T07:47:57","date_gmt":"2021-07-09T05:47:57","guid":{"rendered":"https:\/\/www.sms77.io\/?page_id=28594"},"modified":"2024-03-27T12:17:55","modified_gmt":"2024-03-27T11:17:55","slug":"processwire","status":"publish","type":"page","link":"https:\/\/www.seven.io\/de\/loesungen\/integrationen\/processwire\/","title":{"rendered":"ProcessWire"},"content":{"rendered":"<section class=\"l-section wpb_row height_small\"><div class=\"l-section-h i-cf\"><div class=\"g-cols vc_row via_flex valign_middle type_default stacking_default\"><div class=\"vc_col-sm-6 wpb_column vc_column_container\"><div class=\"vc_column-inner\"><div class=\"wpb_wrapper\"><div class=\"wpb_text_column\"><div class=\"wpb_wrapper\"><p><strong>ProcessWire ist ein Open-Source Content-Management-System und Content-Management-Framework. Das CMS wird bereits seit dem Jahr 2003 best\u00e4ndig weiterentwickelt und kann dementsprechend viele <a href=\"https:\/\/processwire.com\/sites\/\" target=\"_blank\" rel=\"noopener\" data-schema-attribute=\"\">Referenzen<\/a> vorweisen.\u00a0<\/strong><strong>ProcessWire wirbt unter anderem mit seiner flexiblen API und der allgemeinen Skalierbarkeit des Systems, doch auch die leichte Bedienbarkeit geh\u00f6rt zu den Pluspunkten.<\/strong><\/p>\n<p><strong>Dar\u00fcber hinaus verf\u00fcgt das System \u00fcber umfangreichen<span class=\"Apple-converted-space\">\u00a0 <\/span>Funktionen. So ist beispielsweise die M\u00f6glichkeit, mehrsprachige Websites zu erstellen schon im Grundumfang des CMS enthalten. Nichtsdestotrotz stehen zahlreiche Add-ons, sogenannte Module, zur Verf\u00fcgung, die Ihnen die Arbeit erleichtern k\u00f6nnen.<\/strong><\/p>\n<p><strong>Eines dieser Module ist unser neues SMS-Modul, mit dem Sie ganz einfach SMS mit ProcessWire versenden k\u00f6nnen.<\/strong><\/p>\n<\/div><\/div><div class=\"w-btn-wrapper align_none\"><a class=\"w-btn us-btn-style_1 no-border\" target=\"_blank\" rel=\"nofollow noopener\" href=\"https:\/\/github.com\/seven-io\/ProcessWire\"><span class=\"w-btn-label\">Unser SMS-Modul f\u00fcr ProcessWire<\/span><\/a><\/div><\/div><\/div><\/div><div class=\"vc_col-sm-6 wpb_column vc_column_container\"><div class=\"vc_column-inner\"><div class=\"wpb_wrapper\"><div class=\"w-image align_center\"><div class=\"w-image-h\"><img decoding=\"async\" width=\"400\" height=\"400\" src=\"https:\/\/www.seven.io\/wp-content\/uploads\/integrationen_processwire_logo-400x400.png\" class=\"attachment-us_400_0 size-us_400_0\" alt=\"Das Logo des CMS ProcessWire\" loading=\"lazy\" srcset=\"https:\/\/www.seven.io\/wp-content\/uploads\/integrationen_processwire_logo-400x400.png 400w, https:\/\/www.seven.io\/wp-content\/uploads\/integrationen_processwire_logo-300x300.png 300w, https:\/\/www.seven.io\/wp-content\/uploads\/integrationen_processwire_logo-150x150.png 150w, https:\/\/www.seven.io\/wp-content\/uploads\/integrationen_processwire_logo-350x350.png 350w, https:\/\/www.seven.io\/wp-content\/uploads\/integrationen_processwire_logo-250x250.png 250w, https:\/\/www.seven.io\/wp-content\/uploads\/integrationen_processwire_logo-200x200.png 200w, https:\/\/www.seven.io\/wp-content\/uploads\/integrationen_processwire_logo.png 450w\" sizes=\"auto, (max-width: 400px) 100vw, 400px\" \/><\/div><\/div><\/div><\/div><\/div><\/div><\/div><\/section><section class=\"l-section wpb_row height_small color_alternate\"><div class=\"l-section-h i-cf\"><div class=\"g-cols vc_row via_flex valign_middle type_default stacking_default\"><div class=\"vc_col-sm-6 wpb_column vc_column_container\"><div class=\"vc_column-inner\"><div class=\"wpb_wrapper\"><div class=\"w-image align_center\"><div class=\"w-image-h\"><img decoding=\"async\" width=\"400\" height=\"501\" src=\"https:\/\/www.seven.io\/wp-content\/uploads\/integrationen_processwire_mock_de-1-400x501.png\" class=\"attachment-us_400_0 size-us_400_0\" alt=\"Sie k\u00f6nnen SMS mit ProcessWire versenden, um Ihr Team effektiv zu erreichen\" loading=\"lazy\" srcset=\"https:\/\/www.seven.io\/wp-content\/uploads\/integrationen_processwire_mock_de-1-400x501.png 400w, https:\/\/www.seven.io\/wp-content\/uploads\/integrationen_processwire_mock_de-1-240x300.png 240w, https:\/\/www.seven.io\/wp-content\/uploads\/integrationen_processwire_mock_de-1-350x438.png 350w, https:\/\/www.seven.io\/wp-content\/uploads\/integrationen_processwire_mock_de-1-250x313.png 250w, https:\/\/www.seven.io\/wp-content\/uploads\/integrationen_processwire_mock_de-1-300x376.png 300w, https:\/\/www.seven.io\/wp-content\/uploads\/integrationen_processwire_mock_de-1-319x400.png 319w, https:\/\/www.seven.io\/wp-content\/uploads\/integrationen_processwire_mock_de-1-200x250.png 200w, https:\/\/www.seven.io\/wp-content\/uploads\/integrationen_processwire_mock_de-1.png 511w\" sizes=\"auto, (max-width: 400px) 100vw, 400px\" \/><\/div><\/div><\/div><\/div><\/div><div class=\"vc_col-sm-6 wpb_column vc_column_container\"><div class=\"vc_column-inner\"><div class=\"wpb_wrapper\"><div class=\"wpb_text_column\"><div class=\"wpb_wrapper\"><h3>SMS mit ProcessWire versenden<\/h3>\n<p>Wenn Sie sich daf\u00fcr entscheiden, unser SMS Modul f\u00fcr Ihr CMS zu nutzen, k\u00f6nnen Sie nach einem kurzen Setup SMS mit ProcessWire versenden. Sie zahlen dabei wie gewohnt nur das, was Sie auch verbrauchen. Sie k\u00f6nnen sowohl SMS an einzelne User versenden, als auch mehrere oder alle User auf einmal erreichen.<\/p>\n<p>Verschicken Sie beispielsweise dringende Nachrichten an Ihr Team, ohne Ihr Content Management System daf\u00fcr verlassen zu m\u00fcssen. Ihnen stehen au\u00dferdem ein individueller Absendername, unsere Debug-Funktion und ein Platzhalter f\u00fcr die Mailadresse des entsprechenden Users zur Verf\u00fcgung.\u00a0Details finden Sie in der unten verlinkten Dokumentation.<\/p>\n<\/div><\/div><\/div><\/div><\/div><\/div><\/div><\/section><!-- Row Backgrounds --><div class=\"upb_color\" data-bg-override=\"0\" data-bg-color=\"#f4f4f4\" data-fadeout=\"\" data-fadeout-percentage=\"30\" data-parallax-content=\"\" data-parallax-content-sense=\"30\" data-row-effect-mobile-disable=\"true\" data-img-parallax-mobile-disable=\"true\" data-rtl=\"false\"  data-custom-vc-row=\"\"  data-vc=\"8.7.2\"  data-is_old_vc=\"\"  data-theme-support=\"disable\"   data-overlay=\"false\" data-overlay-color=\"\" data-overlay-pattern=\"\" data-overlay-pattern-opacity=\"\" data-overlay-pattern-size=\"\"    ><\/div><section class=\"l-section wpb_row height_small\"><div class=\"l-section-h i-cf\"><div class=\"g-cols vc_row via_flex valign_middle type_default stacking_default\"><div class=\"vc_col-sm-6 wpb_column vc_column_container\"><div class=\"vc_column-inner\"><div class=\"wpb_wrapper\"><div class=\"wpb_text_column\"><div class=\"wpb_wrapper\"><h3>SMS-Versand<\/h3>\n<\/div><\/div><div class=\"uavc-list-icon uavc-list-icon-wrapper ult-adjust-bottom-margin   \"><ul class=\"uavc-list\"><li><div class=\"uavc-list-content\" id=\"list-icon-wrap-6778\">\n<div class=\"uavc-list-icon  \" data-animation=\"\" data-animation-delay=\"03\" style=\"margin-right:25px;\"><div class=\"ult-just-icon-wrapper  \"><div class=\"align-icon\" style=\"text-align:center;\">\n<div class=\"aio-icon none \"  style=\"color:#52c0fa;font-size:40px;display:inline-block;\">\n\t<i class=\"Defaults-envelope-o\"><\/i>\n<\/div><\/div><\/div>\n<\/div><span  data-ultimate-target='#list-icon-wrap-6778 .uavc-list-desc'  data-responsive-json-new='{\"font-size\":\"\",\"line-height\":\"\"}'  class=\"uavc-list-desc ult-responsive\" style=\"\">Verschicken Sie Updates, Warnungen oder andere Informationen an Ihr Team. SMS werden besonders schnell gelesen und eignen sich daher auch f\u00fcr kurzfristige Mitteilungen oder <a href=\"\/loesungen\/einsatzbereiche\/alarmierung\/\">Alarme<\/a>.<\/span><\/div><\/li><\/ul><\/div><div class=\"wpb_text_column\"><div class=\"wpb_wrapper\"><h3>Platzhalter<\/h3>\n<\/div><\/div><div class=\"uavc-list-icon uavc-list-icon-wrapper ult-adjust-bottom-margin   \"><ul class=\"uavc-list\"><li><div class=\"uavc-list-content\" id=\"list-icon-wrap-8513\">\n<div class=\"uavc-list-icon  \" data-animation=\"\" data-animation-delay=\"03\" style=\"margin-right:25px;\"><div class=\"ult-just-icon-wrapper  \"><div class=\"align-icon\" style=\"text-align:center;\">\n<div class=\"aio-icon none \"  style=\"color:#52c0fa;font-size:40px;display:inline-block;\">\n\t<i class=\"Defaults-edit pencil-square-o\"><\/i>\n<\/div><\/div><\/div>\n<\/div><span  data-ultimate-target='#list-icon-wrap-8513 .uavc-list-desc'  data-responsive-json-new='{\"font-size\":\"\",\"line-height\":\"\"}'  class=\"uavc-list-desc ult-responsive\" style=\"\">Nutzen Sie einen Platzhalter, um die individuelle, vom User angegebene Mailadresse in Ihre SMS einzuf\u00fcgen.<\/span><\/div><\/li><\/ul><\/div><\/div><\/div><\/div><div class=\"vc_col-sm-6 wpb_column vc_column_container\"><div class=\"vc_column-inner\"><div class=\"wpb_wrapper\"><div class=\"w-image no-border align_center\"><a ref=\"magnificPopup\" href=\"https:\/\/www.seven.io\/wp-content\/uploads\/integrationen_processwire_screenshot_addfield.png\" aria-label=\"integrationen_processwire_screenshot_addfield\" class=\"w-image-h\"><img decoding=\"async\" width=\"768\" height=\"432\" src=\"https:\/\/www.seven.io\/wp-content\/uploads\/integrationen_processwire_screenshot_addfield-768x432.png\" class=\"attachment-us_768_0 size-us_768_0\" alt=\"Mit unserem Plugin k\u00f6nnen Sie SMS mit ProcessWire versenden\" loading=\"lazy\" srcset=\"https:\/\/www.seven.io\/wp-content\/uploads\/integrationen_processwire_screenshot_addfield-768x432.png 768w, https:\/\/www.seven.io\/wp-content\/uploads\/integrationen_processwire_screenshot_addfield-300x169.png 300w, https:\/\/www.seven.io\/wp-content\/uploads\/integrationen_processwire_screenshot_addfield-350x197.png 350w, https:\/\/www.seven.io\/wp-content\/uploads\/integrationen_processwire_screenshot_addfield-250x141.png 250w, https:\/\/www.seven.io\/wp-content\/uploads\/integrationen_processwire_screenshot_addfield-600x338.png 600w, https:\/\/www.seven.io\/wp-content\/uploads\/integrationen_processwire_screenshot_addfield-400x225.png 400w, https:\/\/www.seven.io\/wp-content\/uploads\/integrationen_processwire_screenshot_addfield-200x113.png 200w, https:\/\/www.seven.io\/wp-content\/uploads\/integrationen_processwire_screenshot_addfield-500x281.png 500w, https:\/\/www.seven.io\/wp-content\/uploads\/integrationen_processwire_screenshot_addfield.png 1024w\" sizes=\"auto, (max-width: 768px) 100vw, 768px\" \/><\/a><\/div><div class=\"w-separator size_custom\" style=\"height:10px\"><\/div><div class=\"wpb_text_column\"><div class=\"wpb_wrapper\"><p style=\"text-align: center;\"><em>Legen Sie ein neues Feld an, um SMS mit ProcessWire versenden zu k\u00f6nnen, zum Vergr\u00f6\u00dfern anklicken.<\/em><\/p>\n<\/div><\/div><\/div><\/div><\/div><\/div><\/div><\/section><section class=\"l-section wpb_row height_small\"><div class=\"l-section-h i-cf\"><div class=\"g-cols vc_row via_flex valign_top type_default stacking_default\"><div class=\"vc_col-sm-12 wpb_column vc_column_container\"><div class=\"vc_column-inner\"><div class=\"wpb_wrapper\"><div class=\"w-actionbox us_custom_e47d7875 color_light controls_right\"><div class=\"w-actionbox-text\"><div class=\"w-actionbox-description\"><p>Sie brauchen Hilfe bei der Installation oder der Einrichtung der Funktionen?<br \/>\nAuf unserer GitHub-Seite finden Sie weitere Informationen.<\/p>\n<\/div><\/div><div class=\"w-actionbox-controls\"><a class=\"w-btn us-btn-style_5\" target=\"_blank\" href=\"https:\/\/github.com\/seven-io\/ProcessWire\" rel=\"noopener\"><span class=\"w-btn-label\">Zu GitHub<\/span><\/a><\/div><\/div><\/div><\/div><\/div><\/div><\/div><\/section><!-- Row Backgrounds --><div class=\"upb_color\" data-bg-override=\"0\" data-bg-color=\"#ffffff\" data-fadeout=\"\" data-fadeout-percentage=\"30\" data-parallax-content=\"\" data-parallax-content-sense=\"30\" data-row-effect-mobile-disable=\"true\" data-img-parallax-mobile-disable=\"true\" data-rtl=\"false\"  data-custom-vc-row=\"\"  data-vc=\"8.7.2\"  data-is_old_vc=\"\"  data-theme-support=\"disable\"   data-overlay=\"false\" data-overlay-color=\"\" data-overlay-pattern=\"\" data-overlay-pattern-opacity=\"\" data-overlay-pattern-size=\"\"    ><\/div>\n","protected":false},"excerpt":{"rendered":"ProcessWire ist ein Open-Source Content-Management-System und Content-Management-Framework. Das CMS wird bereits seit dem Jahr 2003 best\u00e4ndig weiterentwickelt und kann dementsprechend viele Referenzen vorweisen.\u00a0ProcessWire wirbt unter anderem mit seiner flexiblen API und der allgemeinen Skalierbarkeit des Systems, doch auch die leichte Bedienbarkeit geh\u00f6rt zu den Pluspunkten. Dar\u00fcber hinaus verf\u00fcgt das System \u00fcber umfangreichen\u00a0 Funktionen. So ist...","protected":false},"author":1,"featured_media":28590,"parent":17075,"menu_order":0,"comment_status":"closed","ping_status":"closed","template":"","meta":{"content-type":"","footnotes":""},"class_list":["post-28594","page","type-page","status-publish","has-post-thumbnail","hentry"],"_links":{"self":[{"href":"https:\/\/www.seven.io\/de\/wp-json\/wp\/v2\/pages\/28594","targetHints":{"allow":["GET"]}}],"collection":[{"href":"https:\/\/www.seven.io\/de\/wp-json\/wp\/v2\/pages"}],"about":[{"href":"https:\/\/www.seven.io\/de\/wp-json\/wp\/v2\/types\/page"}],"author":[{"embeddable":true,"href":"https:\/\/www.seven.io\/de\/wp-json\/wp\/v2\/users\/1"}],"replies":[{"embeddable":true,"href":"https:\/\/www.seven.io\/de\/wp-json\/wp\/v2\/comments?post=28594"}],"version-history":[{"count":26,"href":"https:\/\/www.seven.io\/de\/wp-json\/wp\/v2\/pages\/28594\/revisions"}],"predecessor-version":[{"id":92410,"href":"https:\/\/www.seven.io\/de\/wp-json\/wp\/v2\/pages\/28594\/revisions\/92410"}],"up":[{"embeddable":true,"href":"https:\/\/www.seven.io\/de\/wp-json\/wp\/v2\/pages\/17075"}],"wp:featuredmedia":[{"embeddable":true,"href":"https:\/\/www.seven.io\/de\/wp-json\/wp\/v2\/media\/28590"}],"wp:attachment":[{"href":"https:\/\/www.seven.io\/de\/wp-json\/wp\/v2\/media?parent=28594"}],"curies":[{"name":"wp","href":"https:\/\/api.w.org\/{rel}","templated":true}]}}