{"id":28645,"date":"2021-07-15T09:18:58","date_gmt":"2021-07-15T07:18:58","guid":{"rendered":"https:\/\/www.sms77.io\/?page_id=28645"},"modified":"2024-03-27T09:57:11","modified_gmt":"2024-03-27T08:57:11","slug":"microweber","status":"publish","type":"page","link":"https:\/\/www.seven.io\/de\/loesungen\/integrationen\/microweber\/","title":{"rendered":"Microweber"},"content":{"rendered":"<section class=\"l-section wpb_row height_small\"><div class=\"l-section-h i-cf\"><div class=\"g-cols vc_row via_flex valign_middle type_default stacking_default\"><div class=\"vc_col-sm-6 wpb_column vc_column_container\"><div class=\"vc_column-inner\"><div class=\"wpb_wrapper\"><div class=\"wpb_text_column\"><div class=\"wpb_wrapper\"><p><strong>Microweber ist ein Open Source-Content Management System, das insbesondere mit seiner leichten Bedienbarkeit wirbt.\u00a0Mit Mircoweber erstellen Sie individuelle Webseiten, die mithilfe eines Drag and Drop-Editors bearbeitet werden k\u00f6nnen. So sind zur Bearbeitung der Website nur wenige Vorkenntnisse n\u00f6tig. Auch die Erstellung eines Onlineshops ist \u00fcber das CMS problemlos m\u00f6glich. <\/strong><\/p>\n<p><strong>F\u00fcr die optische Gestaltung stehen verschiedene Vorlagen zur Verf\u00fcgung und der Funktionsumfang kann \u00fcber diverse Module erweitert werden. Dar\u00fcber hinaus k\u00f6nnen sich Interessierte bei der hauseigenen <a href=\"http:\/\/microweber.org\/academy\" target=\"_blank\" rel=\"noopener\" data-schema-attribute=\"\">Lernplattform<\/a> \u00fcber die Funktionen und Einstellungsm\u00f6glichkeiten in Microweber informieren.<\/strong><\/p>\n<p><strong>Mit dem SMS Modul von seven versenden Sie jetzt auch unkompliziert SMS mit Microweber.<\/strong><\/p>\n<\/div><\/div><div class=\"w-btn-wrapper align_none\"><a class=\"w-btn us-btn-style_1 no-border\" target=\"_blank\" rel=\"nofollow noopener\" href=\"https:\/\/github.com\/seven-io\/Microweber\"><span class=\"w-btn-label\">Unser SMS Modul f\u00fcr Microweber<\/span><\/a><\/div><\/div><\/div><\/div><div class=\"vc_col-sm-6 wpb_column vc_column_container\"><div class=\"vc_column-inner\"><div class=\"wpb_wrapper\"><div class=\"w-image align_center\"><div class=\"w-image-h\"><img decoding=\"async\" width=\"400\" height=\"400\" src=\"https:\/\/www.seven.io\/wp-content\/uploads\/integrationen_microweber_logo-400x400.png\" class=\"attachment-us_400_0 size-us_400_0\" alt=\"Microweber Logo\" loading=\"lazy\" srcset=\"https:\/\/www.seven.io\/wp-content\/uploads\/integrationen_microweber_logo-400x400.png 400w, https:\/\/www.seven.io\/wp-content\/uploads\/integrationen_microweber_logo-300x300.png 300w, https:\/\/www.seven.io\/wp-content\/uploads\/integrationen_microweber_logo-150x150.png 150w, https:\/\/www.seven.io\/wp-content\/uploads\/integrationen_microweber_logo-350x350.png 350w, https:\/\/www.seven.io\/wp-content\/uploads\/integrationen_microweber_logo-250x250.png 250w, https:\/\/www.seven.io\/wp-content\/uploads\/integrationen_microweber_logo-200x200.png 200w, https:\/\/www.seven.io\/wp-content\/uploads\/integrationen_microweber_logo.png 450w\" sizes=\"auto, (max-width: 400px) 100vw, 400px\" \/><\/div><\/div><\/div><\/div><\/div><\/div><\/div><\/section><section class=\"l-section wpb_row height_small color_alternate\"><div class=\"l-section-h i-cf\"><div class=\"g-cols vc_row via_flex valign_middle type_default stacking_default\"><div class=\"vc_col-sm-6 wpb_column vc_column_container\"><div class=\"vc_column-inner\"><div class=\"wpb_wrapper\"><div class=\"w-image align_center\"><div class=\"w-image-h\"><img decoding=\"async\" width=\"400\" height=\"501\" src=\"https:\/\/www.seven.io\/wp-content\/uploads\/integrationen_microweber_team_de-400x501.png\" class=\"attachment-us_400_0 size-us_400_0\" alt=\"Senden Sie SMS mit Microweber, um Ihr Team \u00fcber \u00c4nderungen zu informieren\" loading=\"lazy\" srcset=\"https:\/\/www.seven.io\/wp-content\/uploads\/integrationen_microweber_team_de-400x501.png 400w, https:\/\/www.seven.io\/wp-content\/uploads\/integrationen_microweber_team_de-240x300.png 240w, https:\/\/www.seven.io\/wp-content\/uploads\/integrationen_microweber_team_de-350x438.png 350w, https:\/\/www.seven.io\/wp-content\/uploads\/integrationen_microweber_team_de-250x313.png 250w, https:\/\/www.seven.io\/wp-content\/uploads\/integrationen_microweber_team_de-300x376.png 300w, https:\/\/www.seven.io\/wp-content\/uploads\/integrationen_microweber_team_de-319x400.png 319w, https:\/\/www.seven.io\/wp-content\/uploads\/integrationen_microweber_team_de-200x250.png 200w, https:\/\/www.seven.io\/wp-content\/uploads\/integrationen_microweber_team_de-500x626.png 500w, https:\/\/www.seven.io\/wp-content\/uploads\/integrationen_microweber_team_de.png 511w\" sizes=\"auto, (max-width: 400px) 100vw, 400px\" \/><\/div><\/div><\/div><\/div><\/div><div class=\"vc_col-sm-6 wpb_column vc_column_container\"><div class=\"vc_column-inner\"><div class=\"wpb_wrapper\"><div class=\"wpb_text_column\"><div class=\"wpb_wrapper\"><h3>SMS mit Microweber versenden<\/h3>\n<p>Sie m\u00f6chten SMS mit Mircoweber versenden? Installieren Sie unser SMS-Modul! Nach einem kurzen Setup k\u00f6nnen Sie verschiedenen Benutzern in Ihrem CMS eine <a href=\"\/loesungen\/einsatzbereiche\/sms-massenversand\/\">Massen-SMS<\/a> senden, ohne es daf\u00fcr verlassen zu m\u00fcssen. Filtern Sie au\u00dferdem nach unterschiedlichen Benutzern, planen Sie Ihre Nachrichten vor und geben Sie Ihren gew\u00fcnschten Absendernamen an. Diese und weitere Funktionen stehen Ihnen ohne Aufpreis zur Verf\u00fcgung.<\/p>\n<p>SMS kommen gut an: Die meisten Menschen lesen eine SMS innerhalb der ersten drei Minuten nach Empfang. Daher eignen sich die Kurznachrichten auch f\u00fcr dringende Mitteilungen und Alarme. Ein weiterer Vorteil: Ihre Empf\u00e4nger m\u00fcssen keine App installieren oder besondere Ger\u00e4te besitzen. SMS erreichen alle Teammitglieder schnell und unkompliziert.<\/p>\n<\/div><\/div><\/div><\/div><\/div><\/div><\/div><\/section><!-- Row Backgrounds --><div class=\"upb_color\" data-bg-override=\"0\" data-bg-color=\"#f4f4f4\" data-fadeout=\"\" data-fadeout-percentage=\"30\" data-parallax-content=\"\" data-parallax-content-sense=\"30\" data-row-effect-mobile-disable=\"true\" data-img-parallax-mobile-disable=\"true\" data-rtl=\"false\"  data-custom-vc-row=\"\"  data-vc=\"8.7.2\"  data-is_old_vc=\"\"  data-theme-support=\"disable\"   data-overlay=\"false\" data-overlay-color=\"\" data-overlay-pattern=\"\" data-overlay-pattern-opacity=\"\" data-overlay-pattern-size=\"\"    ><\/div><section class=\"l-section wpb_row height_small\"><div class=\"l-section-h i-cf\"><div class=\"g-cols vc_row via_flex valign_middle type_default stacking_default\"><div class=\"vc_col-sm-6 wpb_column vc_column_container\"><div class=\"vc_column-inner\"><div class=\"wpb_wrapper\"><div class=\"wpb_text_column\"><div class=\"wpb_wrapper\"><h3>Massen-SMS<\/h3>\n<\/div><\/div><div class=\"uavc-list-icon uavc-list-icon-wrapper ult-adjust-bottom-margin   \"><ul class=\"uavc-list\"><li><div class=\"uavc-list-content\" id=\"list-icon-wrap-6885\">\n<div class=\"uavc-list-icon  \" data-animation=\"\" data-animation-delay=\"03\" style=\"margin-right:25px;\"><div class=\"ult-just-icon-wrapper  \"><div class=\"align-icon\" style=\"text-align:center;\">\n<div class=\"aio-icon none \"  style=\"color:#52c0fa;font-size:40px;display:inline-block;\">\n\t<i class=\"Defaults-bullhorn\"><\/i>\n<\/div><\/div><\/div>\n<\/div><span  data-ultimate-target='#list-icon-wrap-6885 .uavc-list-desc'  data-responsive-json-new='{\"font-size\":\"\",\"line-height\":\"\"}'  class=\"uavc-list-desc ult-responsive\" style=\"\">Sie m\u00fcssen alle Nutzer \u00fcber wichtige \u00c4nderungen informieren? Versenden Sie hunderte SMS auf einmal, ohne Zeitverz\u00f6gerung.<\/span><\/div><\/li><\/ul><\/div><\/div><\/div><\/div><div class=\"vc_col-sm-6 wpb_column vc_column_container\"><div class=\"vc_column-inner\"><div class=\"wpb_wrapper\"><div class=\"w-image no-border align_center\"><a ref=\"magnificPopup\" href=\"https:\/\/www.seven.io\/wp-content\/uploads\/integrationen_microweber_sms_bulk.png\" aria-label=\"integrationen_microweber_sms_bulk\" class=\"w-image-h\"><img decoding=\"async\" width=\"400\" height=\"320\" src=\"https:\/\/www.seven.io\/wp-content\/uploads\/integrationen_microweber_sms_bulk-400x320.png\" class=\"attachment-us_400_0 size-us_400_0\" alt=\"Mit unserem neuen SMS Modul k\u00f6nnen Sie Massen-SMS mit Microweber versenden\" loading=\"lazy\" srcset=\"https:\/\/www.seven.io\/wp-content\/uploads\/integrationen_microweber_sms_bulk-400x320.png 400w, https:\/\/www.seven.io\/wp-content\/uploads\/integrationen_microweber_sms_bulk-300x240.png 300w, https:\/\/www.seven.io\/wp-content\/uploads\/integrationen_microweber_sms_bulk-350x280.png 350w, https:\/\/www.seven.io\/wp-content\/uploads\/integrationen_microweber_sms_bulk-250x200.png 250w, https:\/\/www.seven.io\/wp-content\/uploads\/integrationen_microweber_sms_bulk-600x480.png 600w, https:\/\/www.seven.io\/wp-content\/uploads\/integrationen_microweber_sms_bulk-768x614.png 768w, https:\/\/www.seven.io\/wp-content\/uploads\/integrationen_microweber_sms_bulk-500x400.png 500w, https:\/\/www.seven.io\/wp-content\/uploads\/integrationen_microweber_sms_bulk-200x160.png 200w, https:\/\/www.seven.io\/wp-content\/uploads\/integrationen_microweber_sms_bulk.png 1024w\" sizes=\"auto, (max-width: 400px) 100vw, 400px\" \/><\/a><\/div><div class=\"w-separator size_custom\" style=\"height:10px\"><\/div><div class=\"wpb_text_column\"><div class=\"wpb_wrapper\"><p style=\"text-align: center;\"><em>Versand von Massen-SMS mit Microweber, zum Vergr\u00f6\u00dfern anklicken<\/em><\/p>\n<\/div><\/div><\/div><\/div><\/div><\/div><\/div><\/section><section class=\"l-section wpb_row height_small\"><div class=\"l-section-h i-cf\"><div class=\"g-cols vc_row via_flex valign_top type_default stacking_default\"><div class=\"vc_col-sm-12 wpb_column vc_column_container\"><div class=\"vc_column-inner\"><div class=\"wpb_wrapper\"><div class=\"w-actionbox us_custom_e47d7875 color_light controls_right\"><div class=\"w-actionbox-text\"><div class=\"w-actionbox-description\"><p>Sie brauchen Hilfe bei der Installation oder der Einrichtung der Funktionen?<br \/>\nAuf unserer GitHub-Seite finden Sie weitere Informationen.<\/p>\n<\/div><\/div><div class=\"w-actionbox-controls\"><a class=\"w-btn us-btn-style_5\" target=\"_blank\" rel=\"nofollow noopener\" href=\"https:\/\/github.com\/seven-io\/Microweber\"><span class=\"w-btn-label\">Zu GitHub<\/span><\/a><\/div><\/div><\/div><\/div><\/div><\/div><\/div><\/section><!-- Row Backgrounds --><div class=\"upb_color\" data-bg-override=\"0\" data-bg-color=\"#ffffff\" data-fadeout=\"\" data-fadeout-percentage=\"30\" data-parallax-content=\"\" data-parallax-content-sense=\"30\" data-row-effect-mobile-disable=\"true\" data-img-parallax-mobile-disable=\"true\" data-rtl=\"false\"  data-custom-vc-row=\"\"  data-vc=\"8.7.2\"  data-is_old_vc=\"\"  data-theme-support=\"disable\"   data-overlay=\"false\" data-overlay-color=\"\" data-overlay-pattern=\"\" data-overlay-pattern-opacity=\"\" data-overlay-pattern-size=\"\"    ><\/div>\n","protected":false},"excerpt":{"rendered":"Microweber ist ein Open Source-Content Management System, das insbesondere mit seiner leichten Bedienbarkeit wirbt.\u00a0Mit Mircoweber erstellen Sie individuelle Webseiten, die mithilfe eines Drag and Drop-Editors bearbeitet werden k\u00f6nnen. So sind zur Bearbeitung der Website nur wenige Vorkenntnisse n\u00f6tig. Auch die Erstellung eines Onlineshops ist \u00fcber das CMS problemlos m\u00f6glich. F\u00fcr die optische Gestaltung stehen verschiedene...","protected":false},"author":1,"featured_media":28644,"parent":17075,"menu_order":0,"comment_status":"closed","ping_status":"closed","template":"","meta":{"content-type":"","footnotes":""},"class_list":["post-28645","page","type-page","status-publish","has-post-thumbnail","hentry"],"_links":{"self":[{"href":"https:\/\/www.seven.io\/de\/wp-json\/wp\/v2\/pages\/28645","targetHints":{"allow":["GET"]}}],"collection":[{"href":"https:\/\/www.seven.io\/de\/wp-json\/wp\/v2\/pages"}],"about":[{"href":"https:\/\/www.seven.io\/de\/wp-json\/wp\/v2\/types\/page"}],"author":[{"embeddable":true,"href":"https:\/\/www.seven.io\/de\/wp-json\/wp\/v2\/users\/1"}],"replies":[{"embeddable":true,"href":"https:\/\/www.seven.io\/de\/wp-json\/wp\/v2\/comments?post=28645"}],"version-history":[{"count":30,"href":"https:\/\/www.seven.io\/de\/wp-json\/wp\/v2\/pages\/28645\/revisions"}],"predecessor-version":[{"id":92391,"href":"https:\/\/www.seven.io\/de\/wp-json\/wp\/v2\/pages\/28645\/revisions\/92391"}],"up":[{"embeddable":true,"href":"https:\/\/www.seven.io\/de\/wp-json\/wp\/v2\/pages\/17075"}],"wp:featuredmedia":[{"embeddable":true,"href":"https:\/\/www.seven.io\/de\/wp-json\/wp\/v2\/media\/28644"}],"wp:attachment":[{"href":"https:\/\/www.seven.io\/de\/wp-json\/wp\/v2\/media?parent=28645"}],"curies":[{"name":"wp","href":"https:\/\/api.w.org\/{rel}","templated":true}]}}