{"id":28921,"date":"2021-10-13T08:47:54","date_gmt":"2021-10-13T06:47:54","guid":{"rendered":"https:\/\/www.sms77.io\/?page_id=28921"},"modified":"2024-03-26T07:47:37","modified_gmt":"2024-03-26T06:47:37","slug":"bolt-cms","status":"publish","type":"page","link":"https:\/\/www.seven.io\/de\/loesungen\/integrationen\/bolt-cms\/","title":{"rendered":"Bolt CMS"},"content":{"rendered":"<section class=\"l-section wpb_row height_small\"><div class=\"l-section-h i-cf\"><div class=\"g-cols vc_row via_flex valign_middle type_default stacking_default\"><div class=\"vc_col-sm-6 wpb_column vc_column_container\"><div class=\"vc_column-inner\"><div class=\"wpb_wrapper\"><div class=\"wpb_text_column\"><div class=\"wpb_wrapper\"><p><strong>Bolt ist ein Open Source-CMS, das als solches erstmals 2012 ver\u00f6ffentlicht wurde. Ins Leben gerufen wurde es von der Web-Agentur Two Kings, die heute auch einen kommerziellen Support f\u00fcr Bolt anbietet. Eine aktive <a href=\"https:\/\/boltcms.twokin.gs\/community\" target=\"_blank\" rel=\"noopener\" data-schema-attribute=\"\">Community<\/a> ist ma\u00dfgeblich an der Weiterentwicklung des CMS beteiligt. Bolt ist einfach und intuitiv zu bedienen und bleibt stets \u00fcbersichtlich. Mithilfe von Erweiterungen kann das Content Management System aber auch nach Belieben individuell angepasst werden.<\/strong><\/p>\n<p><strong>Wenn Sie SMS mit Bolt CMS versenden m\u00f6chten, k\u00f6nnen Sie die seven-Erweiterung nutzen, um alle Nutzer effektiv zu erreichen.<\/strong><\/p>\n<\/div><\/div><div class=\"w-btn-wrapper align_none\"><a class=\"w-btn us-btn-style_1 no-border\" target=\"_blank\" rel=\"nofollow noopener\" href=\"https:\/\/github.com\/seven-io\/bolt\"><span class=\"w-btn-label\">Unsere SMS-Erweiterung f\u00fcr Bolt CMS<\/span><\/a><\/div><\/div><\/div><\/div><div class=\"vc_col-sm-6 wpb_column vc_column_container\"><div class=\"vc_column-inner\"><div class=\"wpb_wrapper\"><div class=\"w-image align_center\"><div class=\"w-image-h\"><img decoding=\"async\" width=\"400\" height=\"400\" src=\"https:\/\/www.seven.io\/wp-content\/uploads\/integrationen_boltcms_logo-400x400.png\" class=\"attachment-us_400_0 size-us_400_0\" alt=\"Logo des Bolt CMS\" loading=\"lazy\" srcset=\"https:\/\/www.seven.io\/wp-content\/uploads\/integrationen_boltcms_logo-400x400.png 400w, https:\/\/www.seven.io\/wp-content\/uploads\/integrationen_boltcms_logo-300x300.png 300w, https:\/\/www.seven.io\/wp-content\/uploads\/integrationen_boltcms_logo-150x150.png 150w, https:\/\/www.seven.io\/wp-content\/uploads\/integrationen_boltcms_logo-350x350.png 350w, https:\/\/www.seven.io\/wp-content\/uploads\/integrationen_boltcms_logo-250x250.png 250w, https:\/\/www.seven.io\/wp-content\/uploads\/integrationen_boltcms_logo-200x200.png 200w, https:\/\/www.seven.io\/wp-content\/uploads\/integrationen_boltcms_logo.png 450w\" sizes=\"auto, (max-width: 400px) 100vw, 400px\" \/><\/div><\/div><\/div><\/div><\/div><\/div><\/div><\/section><section class=\"l-section wpb_row height_small color_alternate\"><div class=\"l-section-h i-cf\"><div class=\"g-cols vc_row via_flex valign_middle type_default stacking_default\"><div class=\"vc_col-sm-6 wpb_column vc_column_container\"><div class=\"vc_column-inner\"><div class=\"wpb_wrapper\"><div class=\"w-image align_center\"><div class=\"w-image-h\"><img decoding=\"async\" width=\"400\" height=\"501\" src=\"https:\/\/www.seven.io\/wp-content\/uploads\/integrationen_boltcms_metting_mock_de-400x501.png\" class=\"attachment-us_400_0 size-us_400_0\" alt=\"Informieren Sie Ihr Team \u00fcber wichtige \u00c4nderungen, indem Sie Massen SMS mit Bolt CMS verschicken\" loading=\"lazy\" srcset=\"https:\/\/www.seven.io\/wp-content\/uploads\/integrationen_boltcms_metting_mock_de-400x501.png 400w, https:\/\/www.seven.io\/wp-content\/uploads\/integrationen_boltcms_metting_mock_de-240x300.png 240w, https:\/\/www.seven.io\/wp-content\/uploads\/integrationen_boltcms_metting_mock_de-350x438.png 350w, https:\/\/www.seven.io\/wp-content\/uploads\/integrationen_boltcms_metting_mock_de-250x313.png 250w, https:\/\/www.seven.io\/wp-content\/uploads\/integrationen_boltcms_metting_mock_de-300x376.png 300w, https:\/\/www.seven.io\/wp-content\/uploads\/integrationen_boltcms_metting_mock_de-319x400.png 319w, https:\/\/www.seven.io\/wp-content\/uploads\/integrationen_boltcms_metting_mock_de-200x250.png 200w, https:\/\/www.seven.io\/wp-content\/uploads\/integrationen_boltcms_metting_mock_de-500x626.png 500w, https:\/\/www.seven.io\/wp-content\/uploads\/integrationen_boltcms_metting_mock_de.png 511w\" sizes=\"auto, (max-width: 400px) 100vw, 400px\" \/><\/div><\/div><\/div><\/div><\/div><div class=\"vc_col-sm-6 wpb_column vc_column_container\"><div class=\"vc_column-inner\"><div class=\"wpb_wrapper\"><div class=\"wpb_text_column\"><div class=\"wpb_wrapper\"><h3>Versenden Sie SMS mit Bolt CMS<\/h3>\n<p>Installieren Sie unsere SMS-Erweiterung, um unkompliziert SMS mit Bolt CMS zu versenden. Nach einem kurzen Setup k\u00f6nnen Sie unsere beliebtesten SMS-Funktionen nutzen. Wenn Sie beispielsweise Alarmierungen verschicken m\u00f6chten, k\u00f6nnen Sie eine Flash SMS versenden, die auf dem Empfangsger\u00e4t sofort angezeigt und in der Regel nicht gespeichert wird. Sie m\u00f6chten Ihre SMS erst zu einem sp\u00e4teren Zeitpunkt versenden? Mit der Delay-Funktion k\u00f6nnen Sie SMS f\u00fcr einen beliebigen Zeitpunkt vorplanen.<span class=\"Apple-converted-space\">\u00a0<\/span><\/p>\n<p>Auch unser <a href=\"https:\/\/help.seven.io\/de\/performance-tracking\" rel=\"noopener\">Performance Tracking<\/a> steht Ihnen zur Verf\u00fcgung, mit dem Sie pr\u00fcfen k\u00f6nnen, ob und wie h\u00e4ufig ein Link geklickt wurde, den Sie in einer SMS versandt haben. Au\u00dferdem k\u00f6nnen Sie Ihre SMS mit<span class=\"Apple-converted-space\">\u00a0<\/span>einem Label markieren, was Ihnen sp\u00e4ter bei der Analyse Ihres SMS-Versands helfen wird. So bleibt alles einfach und \u00fcbersichtlich.<span class=\"Apple-converted-space\">\u00a0<\/span><\/p>\n<\/div><\/div><\/div><\/div><\/div><\/div><\/div><\/section><!-- Row Backgrounds --><div class=\"upb_color\" data-bg-override=\"0\" data-bg-color=\"#f4f4f4\" data-fadeout=\"\" data-fadeout-percentage=\"30\" data-parallax-content=\"\" data-parallax-content-sense=\"30\" data-row-effect-mobile-disable=\"true\" data-img-parallax-mobile-disable=\"true\" data-rtl=\"false\"  data-custom-vc-row=\"\"  data-vc=\"8.7.2\"  data-is_old_vc=\"\"  data-theme-support=\"disable\"   data-overlay=\"false\" data-overlay-color=\"\" data-overlay-pattern=\"\" data-overlay-pattern-opacity=\"\" data-overlay-pattern-size=\"\"    ><\/div><section class=\"l-section wpb_row height_small\"><div class=\"l-section-h i-cf\"><div class=\"g-cols vc_row via_flex valign_middle type_default stacking_default\"><div class=\"vc_col-sm-6 wpb_column vc_column_container\"><div class=\"vc_column-inner\"><div class=\"wpb_wrapper\"><div class=\"wpb_text_column\"><div class=\"wpb_wrapper\"><h3>Massen SMS<\/h3>\n<\/div><\/div><div class=\"uavc-list-icon uavc-list-icon-wrapper ult-adjust-bottom-margin   \"><ul class=\"uavc-list\"><li><div class=\"uavc-list-content\" id=\"list-icon-wrap-4937\">\n<div class=\"uavc-list-icon  \" data-animation=\"\" data-animation-delay=\"03\" style=\"margin-right:25px;\"><div class=\"ult-just-icon-wrapper  \"><div class=\"align-icon\" style=\"text-align:center;\">\n<div class=\"aio-icon none \"  style=\"color:#52c0fa;font-size:40px;display:inline-block;\">\n\t<i class=\"Defaults-envelope-o\"><\/i>\n<\/div><\/div><\/div>\n<\/div><span  data-ultimate-target='#list-icon-wrap-4937 .uavc-list-desc'  data-responsive-json-new='{\"font-size\":\"\",\"line-height\":\"\"}'  class=\"uavc-list-desc ult-responsive\" style=\"\">Der Versand von Massen SMS mit Bolt CMS eignet sich hervorragend, um Ihr ganzes Team auf einmal zu erreichen.<\/span><\/div><\/li><\/ul><\/div><div class=\"wpb_text_column\"><div class=\"wpb_wrapper\"><h3>Platzhalter<\/h3>\n<\/div><\/div><div class=\"uavc-list-icon uavc-list-icon-wrapper ult-adjust-bottom-margin   \"><ul class=\"uavc-list\"><li><div class=\"uavc-list-content\" id=\"list-icon-wrap-6352\">\n<div class=\"uavc-list-icon  \" data-animation=\"\" data-animation-delay=\"03\" style=\"margin-right:25px;\"><div class=\"ult-just-icon-wrapper  \"><div class=\"align-icon\" style=\"text-align:center;\">\n<div class=\"aio-icon none \"  style=\"color:#52c0fa;font-size:40px;display:inline-block;\">\n\t<i class=\"Defaults-user\"><\/i>\n<\/div><\/div><\/div>\n<\/div><span  data-ultimate-target='#list-icon-wrap-6352 .uavc-list-desc'  data-responsive-json-new='{\"font-size\":\"\",\"line-height\":\"\"}'  class=\"uavc-list-desc ult-responsive\" style=\"\">F\u00fcgen Sie den Platzhalter <code>{{name}}<\/code> ein, um Ihre SMS so zu personalisieren, dass alle Empf\u00e4nger pers\u00f6nlich angesprochen werden.<\/span><\/div><\/li><\/ul><\/div><\/div><\/div><\/div><div class=\"vc_col-sm-6 wpb_column vc_column_container\"><div class=\"vc_column-inner\"><div class=\"wpb_wrapper\"><div class=\"w-image no-border align_center\"><a ref=\"magnificPopup\" href=\"https:\/\/www.seven.io\/wp-content\/uploads\/integrationen_boltCMS_bulk_sms.png\" aria-label=\"integrationen_boltCMS_bulk_sms\" class=\"w-image-h\"><img decoding=\"async\" width=\"768\" height=\"431\" src=\"https:\/\/www.seven.io\/wp-content\/uploads\/integrationen_boltCMS_bulk_sms-768x431.png\" class=\"attachment-us_768_0 size-us_768_0\" alt=\"Versenden Sie Massen SMS mit Bolt CMS\" loading=\"lazy\" srcset=\"https:\/\/www.seven.io\/wp-content\/uploads\/integrationen_boltCMS_bulk_sms-768x431.png 768w, https:\/\/www.seven.io\/wp-content\/uploads\/integrationen_boltCMS_bulk_sms-300x168.png 300w, https:\/\/www.seven.io\/wp-content\/uploads\/integrationen_boltCMS_bulk_sms-350x196.png 350w, https:\/\/www.seven.io\/wp-content\/uploads\/integrationen_boltCMS_bulk_sms-250x140.png 250w, https:\/\/www.seven.io\/wp-content\/uploads\/integrationen_boltCMS_bulk_sms-600x336.png 600w, https:\/\/www.seven.io\/wp-content\/uploads\/integrationen_boltCMS_bulk_sms-400x224.png 400w, https:\/\/www.seven.io\/wp-content\/uploads\/integrationen_boltCMS_bulk_sms-200x112.png 200w, https:\/\/www.seven.io\/wp-content\/uploads\/integrationen_boltCMS_bulk_sms-500x280.png 500w, https:\/\/www.seven.io\/wp-content\/uploads\/integrationen_boltCMS_bulk_sms.png 1024w\" sizes=\"auto, (max-width: 768px) 100vw, 768px\" \/><\/a><\/div><div class=\"w-separator size_custom\" style=\"height:10px\"><\/div><div class=\"wpb_text_column\"><div class=\"wpb_wrapper\"><p style=\"text-align: center;\"><em>Versand von Massen-SMS in Bolt CMS, zum Vergr\u00f6\u00dfern anklicken<\/em><\/p>\n<\/div><\/div><\/div><\/div><\/div><\/div><\/div><\/section><section class=\"l-section wpb_row height_small\"><div class=\"l-section-h i-cf\"><div class=\"g-cols vc_row via_flex valign_top type_default stacking_default\"><div class=\"vc_col-sm-12 wpb_column vc_column_container\"><div class=\"vc_column-inner\"><div class=\"wpb_wrapper\"><div class=\"w-actionbox us_custom_e47d7875 color_light controls_right\"><div class=\"w-actionbox-text\"><div class=\"w-actionbox-description\"><p>Sie brauchen Hilfe bei der Installation oder der Einrichtung der Funktionen?<br \/>\nAuf unserer GitHub-Seite finden Sie weitere Informationen.<\/p>\n<\/div><\/div><div class=\"w-actionbox-controls\"><a class=\"w-btn us-btn-style_5\" target=\"_blank\" href=\"https:\/\/github.com\/seven-io\/bolt\/\" rel=\"noopener\"><span class=\"w-btn-label\">Zu GitHub<\/span><\/a><\/div><\/div><\/div><\/div><\/div><\/div><\/div><\/section><!-- Row Backgrounds --><div class=\"upb_color\" data-bg-override=\"0\" data-bg-color=\"#ffffff\" data-fadeout=\"\" data-fadeout-percentage=\"30\" data-parallax-content=\"\" data-parallax-content-sense=\"30\" data-row-effect-mobile-disable=\"true\" data-img-parallax-mobile-disable=\"true\" data-rtl=\"false\"  data-custom-vc-row=\"\"  data-vc=\"8.7.2\"  data-is_old_vc=\"\"  data-theme-support=\"disable\"   data-overlay=\"false\" data-overlay-color=\"\" data-overlay-pattern=\"\" data-overlay-pattern-opacity=\"\" data-overlay-pattern-size=\"\"    ><\/div>\n","protected":false},"excerpt":{"rendered":"Bolt ist ein Open Source-CMS, das als solches erstmals 2012 ver\u00f6ffentlicht wurde. Ins Leben gerufen wurde es von der Web-Agentur Two Kings, die heute auch einen kommerziellen Support f\u00fcr Bolt anbietet. Eine aktive Community ist ma\u00dfgeblich an der Weiterentwicklung des CMS beteiligt. Bolt ist einfach und intuitiv zu bedienen und bleibt stets \u00fcbersichtlich. Mithilfe von...","protected":false},"author":1,"featured_media":28669,"parent":17075,"menu_order":0,"comment_status":"closed","ping_status":"closed","template":"","meta":{"content-type":"","footnotes":""},"class_list":["post-28921","page","type-page","status-publish","has-post-thumbnail","hentry"],"_links":{"self":[{"href":"https:\/\/www.seven.io\/de\/wp-json\/wp\/v2\/pages\/28921","targetHints":{"allow":["GET"]}}],"collection":[{"href":"https:\/\/www.seven.io\/de\/wp-json\/wp\/v2\/pages"}],"about":[{"href":"https:\/\/www.seven.io\/de\/wp-json\/wp\/v2\/types\/page"}],"author":[{"embeddable":true,"href":"https:\/\/www.seven.io\/de\/wp-json\/wp\/v2\/users\/1"}],"replies":[{"embeddable":true,"href":"https:\/\/www.seven.io\/de\/wp-json\/wp\/v2\/comments?post=28921"}],"version-history":[{"count":21,"href":"https:\/\/www.seven.io\/de\/wp-json\/wp\/v2\/pages\/28921\/revisions"}],"predecessor-version":[{"id":92344,"href":"https:\/\/www.seven.io\/de\/wp-json\/wp\/v2\/pages\/28921\/revisions\/92344"}],"up":[{"embeddable":true,"href":"https:\/\/www.seven.io\/de\/wp-json\/wp\/v2\/pages\/17075"}],"wp:featuredmedia":[{"embeddable":true,"href":"https:\/\/www.seven.io\/de\/wp-json\/wp\/v2\/media\/28669"}],"wp:attachment":[{"href":"https:\/\/www.seven.io\/de\/wp-json\/wp\/v2\/media?parent=28921"}],"curies":[{"name":"wp","href":"https:\/\/api.w.org\/{rel}","templated":true}]}}