{"id":29817,"date":"2021-08-09T12:02:07","date_gmt":"2021-08-09T10:02:07","guid":{"rendered":"https:\/\/www.sms77.io\/?page_id=29817"},"modified":"2024-03-28T07:57:08","modified_gmt":"2024-03-28T06:57:08","slug":"thelia","status":"publish","type":"page","link":"https:\/\/www.seven.io\/de\/loesungen\/integrationen\/thelia\/","title":{"rendered":"Thelia"},"content":{"rendered":"<section class=\"l-section wpb_row height_small\"><div class=\"l-section-h i-cf\"><div class=\"g-cols vc_row via_flex valign_middle type_default stacking_default\"><div class=\"vc_col-sm-6 wpb_column vc_column_container\"><div class=\"vc_column-inner\"><div class=\"wpb_wrapper\"><div class=\"wpb_text_column\"><div class=\"wpb_wrapper\"><p><strong>Thelia ist eine Open-Source-L\u00f6sung zur Erstellung von eCommerce-Webseiten, die bereits seit dem Jahr 2005 am Markt ist. Dank der flexiblen Einstellungsm\u00f6glichkeiten k\u00f6nnen Seiten f\u00fcr viele verschiedene Endkunden realisiert werden. Durch zahlreiche Module k\u00f6nnen Sie au\u00dferdem den Funktionsumfang beliebig erweitern.<span class=\"Apple-converted-space\">\u00a0<\/span><\/strong><\/p>\n<p><strong>Mit unserem SMS-Modul k\u00f6nnen Sie beispielsweise ganz unkompliziert Massen-SMS mit Thelia an Ihre Kunden senden, ohne Ihre Bedienoberfl\u00e4che daf\u00fcr verlassen zu m\u00fcssen. Bei Fragen zu Thelia finden Sie beispielsweise im hauseigenen <a href=\"https:\/\/forum.thelia.net\" target=\"_blank\" rel=\"noopener\" data-schema-attribute=\"\">Support-Forum<\/a>\u00a0Hilfe.<span class=\"Apple-converted-space\">\u00a0<\/span><\/strong><\/p>\n<\/div><\/div><div class=\"w-btn-wrapper align_none\"><a class=\"w-btn us-btn-style_1 no-border\" target=\"_blank\" rel=\"nofollow noopener\" href=\"https:\/\/github.com\/seven-io\/thelia\"><span class=\"w-btn-label\">Unser SMS Plugin f\u00fcr Thelia<\/span><\/a><\/div><\/div><\/div><\/div><div class=\"vc_col-sm-6 wpb_column vc_column_container\"><div class=\"vc_column-inner\"><div class=\"wpb_wrapper\"><div class=\"w-image align_center\"><div class=\"w-image-h\"><img decoding=\"async\" width=\"400\" height=\"400\" src=\"https:\/\/www.seven.io\/wp-content\/uploads\/integrationen_thelia_logo-400x400.png\" class=\"attachment-us_400_0 size-us_400_0\" alt=\"Das Thelia Logo\" loading=\"lazy\" srcset=\"https:\/\/www.seven.io\/wp-content\/uploads\/integrationen_thelia_logo-400x400.png 400w, https:\/\/www.seven.io\/wp-content\/uploads\/integrationen_thelia_logo-300x300.png 300w, https:\/\/www.seven.io\/wp-content\/uploads\/integrationen_thelia_logo-150x150.png 150w, https:\/\/www.seven.io\/wp-content\/uploads\/integrationen_thelia_logo-350x350.png 350w, https:\/\/www.seven.io\/wp-content\/uploads\/integrationen_thelia_logo-250x250.png 250w, https:\/\/www.seven.io\/wp-content\/uploads\/integrationen_thelia_logo-200x200.png 200w, https:\/\/www.seven.io\/wp-content\/uploads\/integrationen_thelia_logo.png 450w\" sizes=\"auto, (max-width: 400px) 100vw, 400px\" \/><\/div><\/div><\/div><\/div><\/div><\/div><\/div><\/section><section class=\"l-section wpb_row height_small color_alternate\"><div class=\"l-section-h i-cf\"><div class=\"g-cols vc_row via_flex valign_middle type_default stacking_default\"><div class=\"vc_col-sm-6 wpb_column vc_column_container\"><div class=\"vc_column-inner\"><div class=\"wpb_wrapper\"><div class=\"w-image align_center\"><div class=\"w-image-h\"><img decoding=\"async\" width=\"400\" height=\"501\" src=\"https:\/\/www.seven.io\/wp-content\/uploads\/integrationen_thelia_mock_de-400x501.png\" class=\"attachment-us_400_0 size-us_400_0\" alt=\"Sie k\u00f6nnen SMS mit Thelia versenden, um exklusive Angebote zu versenden.\" loading=\"lazy\" srcset=\"https:\/\/www.seven.io\/wp-content\/uploads\/integrationen_thelia_mock_de-400x501.png 400w, https:\/\/www.seven.io\/wp-content\/uploads\/integrationen_thelia_mock_de-240x300.png 240w, https:\/\/www.seven.io\/wp-content\/uploads\/integrationen_thelia_mock_de-350x438.png 350w, https:\/\/www.seven.io\/wp-content\/uploads\/integrationen_thelia_mock_de-250x313.png 250w, https:\/\/www.seven.io\/wp-content\/uploads\/integrationen_thelia_mock_de-300x376.png 300w, https:\/\/www.seven.io\/wp-content\/uploads\/integrationen_thelia_mock_de-319x400.png 319w, https:\/\/www.seven.io\/wp-content\/uploads\/integrationen_thelia_mock_de-200x250.png 200w, https:\/\/www.seven.io\/wp-content\/uploads\/integrationen_thelia_mock_de-500x626.png 500w, https:\/\/www.seven.io\/wp-content\/uploads\/integrationen_thelia_mock_de.png 511w\" sizes=\"auto, (max-width: 400px) 100vw, 400px\" \/><\/div><\/div><\/div><\/div><\/div><div class=\"vc_col-sm-6 wpb_column vc_column_container\"><div class=\"vc_column-inner\"><div class=\"wpb_wrapper\"><div class=\"wpb_text_column\"><div class=\"wpb_wrapper\"><h3>Versand von SMS mit Thelia<\/h3>\n<p>Mit dem seven-Modul versenden Sie problemlos Massen-SMS mit Thelia. So erreichen Sie alle Ihre Kunden auf einmal und profitieren gleichzeitig vom pers\u00f6nlichen Charakter der SMS \u2013 ohne Umwege, direkt in Thelia. Ihr SMS-Versand bleibt unkompliziert und \u00fcbersichtlich.<\/p>\n<p>Im eCommerce k\u00f6nnen Sie den SMS-Versand beispielsweise f\u00fcr pers\u00f6nliche Marketing-Nachrichten nutzen. Setzen Sie Platzhalter f\u00fcr die Namen Ihrer Kunden ein, um die versendeten Nachrichten noch individueller zu gestalten und so die pers\u00f6nliche Kundenbindung zu st\u00e4rken. Auch f\u00fcr wichtige Benachrichtigungen zu Wartungszeiten oder anderen Einschr\u00e4nkungen eignet sich der Versand von Massen-SMS mit Thelia. Mit einem zus\u00e4tzlichen Filter k\u00f6nnen Sie au\u00dferdem SMS an Ihre Reseller versenden.<\/p>\n<\/div><\/div><\/div><\/div><\/div><\/div><\/div><\/section><!-- Row Backgrounds --><div class=\"upb_color\" data-bg-override=\"0\" data-bg-color=\"#f4f4f4\" data-fadeout=\"\" data-fadeout-percentage=\"30\" data-parallax-content=\"\" data-parallax-content-sense=\"30\" data-row-effect-mobile-disable=\"true\" data-img-parallax-mobile-disable=\"true\" data-rtl=\"false\"  data-custom-vc-row=\"\"  data-vc=\"8.7.2\"  data-is_old_vc=\"\"  data-theme-support=\"disable\"   data-overlay=\"false\" data-overlay-color=\"\" data-overlay-pattern=\"\" data-overlay-pattern-opacity=\"\" data-overlay-pattern-size=\"\"    ><\/div><section class=\"l-section wpb_row height_small\"><div class=\"l-section-h i-cf\"><div class=\"g-cols vc_row via_flex valign_middle type_default stacking_default\"><div class=\"vc_col-sm-6 wpb_column vc_column_container\"><div class=\"vc_column-inner\"><div class=\"wpb_wrapper\"><div class=\"wpb_text_column\"><div class=\"wpb_wrapper\"><h3>Massen-SMS<\/h3>\n<\/div><\/div><div class=\"uavc-list-icon uavc-list-icon-wrapper ult-adjust-bottom-margin   \"><ul class=\"uavc-list\"><li><div class=\"uavc-list-content\" id=\"list-icon-wrap-3918\">\n<div class=\"uavc-list-icon  \" data-animation=\"\" data-animation-delay=\"03\" style=\"margin-right:25px;\"><div class=\"ult-just-icon-wrapper  \"><div class=\"align-icon\" style=\"text-align:center;\">\n<div class=\"aio-icon none \"  style=\"color:#52c0fa;font-size:40px;display:inline-block;\">\n\t<i class=\"Defaults-envelope-o\"><\/i>\n<\/div><\/div><\/div>\n<\/div><span  data-ultimate-target='#list-icon-wrap-3918 .uavc-list-desc'  data-responsive-json-new='{\"font-size\":\"\",\"line-height\":\"\"}'  class=\"uavc-list-desc ult-responsive\" style=\"\">Ob Sie exklusive Angebote versenden wollen oder eine dringende Nachricht an alle Kunden gleichzeitig versenden m\u00f6chten: <a href=\"\/loesungen\/einsatzbereiche\/sms-massenversand\/\">Massen-SMS<\/a> erreichen ihr Ziel zuverl\u00e4ssig.<\/span><\/div><\/li><\/ul><\/div><div class=\"wpb_text_column\"><div class=\"wpb_wrapper\"><h3>Platzhalter<\/h3>\n<\/div><\/div><div class=\"uavc-list-icon uavc-list-icon-wrapper ult-adjust-bottom-margin   \"><ul class=\"uavc-list\"><li><div class=\"uavc-list-content\" id=\"list-icon-wrap-2491\">\n<div class=\"uavc-list-icon  \" data-animation=\"\" data-animation-delay=\"03\" style=\"margin-right:25px;\"><div class=\"ult-just-icon-wrapper  \"><div class=\"align-icon\" style=\"text-align:center;\">\n<div class=\"aio-icon none \"  style=\"color:#52c0fa;font-size:40px;display:inline-block;\">\n\t<i class=\"Defaults-smile-o\"><\/i>\n<\/div><\/div><\/div>\n<\/div><span  data-ultimate-target='#list-icon-wrap-2491 .uavc-list-desc'  data-responsive-json-new='{\"font-size\":\"\",\"line-height\":\"\"}'  class=\"uavc-list-desc ult-responsive\" style=\"\">Ihren Kunden eine SMS senden zu k\u00f6nnen ist ein Privileg. F\u00fcgen Sie Platzhalter in Ihre SMS ein und sorgen Sie so daf\u00fcr, dass Ihre Massen-SMS personalisiert sind und Ihre Kunden individuell ansprechen.<\/span><\/div><\/li><\/ul><\/div><div class=\"wpb_text_column\"><div class=\"wpb_wrapper\"><h3>Filter<\/h3>\n<\/div><\/div><div class=\"uavc-list-icon uavc-list-icon-wrapper ult-adjust-bottom-margin   \"><ul class=\"uavc-list\"><li><div class=\"uavc-list-content\" id=\"list-icon-wrap-2659\">\n<div class=\"uavc-list-icon  \" data-animation=\"\" data-animation-delay=\"03\" style=\"margin-right:25px;\"><div class=\"ult-just-icon-wrapper  \"><div class=\"align-icon\" style=\"text-align:center;\">\n<div class=\"aio-icon none \"  style=\"color:#52c0fa;font-size:40px;display:inline-block;\">\n\t<i class=\"Defaults-search\"><\/i>\n<\/div><\/div><\/div>\n<\/div><span  data-ultimate-target='#list-icon-wrap-2659 .uavc-list-desc'  data-responsive-json-new='{\"font-size\":\"\",\"line-height\":\"\"}'  class=\"uavc-list-desc ult-responsive\" style=\"\">Sie m\u00f6chten eine Nachricht versenden, die nur f\u00fcr Ihre Reseller gedacht ist? W\u00e4hlen Sie diese einfach \u00fcber den Filter aus.<\/span><\/div><\/li><\/ul><\/div><\/div><\/div><\/div><div class=\"vc_col-sm-6 wpb_column vc_column_container\"><div class=\"vc_column-inner\"><div class=\"wpb_wrapper\"><div class=\"w-image no-border align_center\"><a ref=\"magnificPopup\" href=\"https:\/\/www.seven.io\/wp-content\/uploads\/integrationen_thelia_bulksms.png\" aria-label=\"integrationen_thelia_bulksms\" class=\"w-image-h\"><img decoding=\"async\" width=\"768\" height=\"322\" src=\"https:\/\/www.seven.io\/wp-content\/uploads\/integrationen_thelia_bulksms-768x322.png\" class=\"attachment-us_768_0 size-us_768_0\" alt=\"Mit unserem Plugin k\u00f6nnen Sie Massen-SMS mit Thelia versenden\" loading=\"lazy\" srcset=\"https:\/\/www.seven.io\/wp-content\/uploads\/integrationen_thelia_bulksms-768x322.png 768w, https:\/\/www.seven.io\/wp-content\/uploads\/integrationen_thelia_bulksms-300x126.png 300w, https:\/\/www.seven.io\/wp-content\/uploads\/integrationen_thelia_bulksms-350x147.png 350w, https:\/\/www.seven.io\/wp-content\/uploads\/integrationen_thelia_bulksms-250x105.png 250w, https:\/\/www.seven.io\/wp-content\/uploads\/integrationen_thelia_bulksms-600x251.png 600w, https:\/\/www.seven.io\/wp-content\/uploads\/integrationen_thelia_bulksms-400x168.png 400w, https:\/\/www.seven.io\/wp-content\/uploads\/integrationen_thelia_bulksms-200x84.png 200w, https:\/\/www.seven.io\/wp-content\/uploads\/integrationen_thelia_bulksms.png 1024w\" sizes=\"auto, (max-width: 768px) 100vw, 768px\" \/><\/a><\/div><div class=\"w-separator size_custom\" style=\"height:10px\"><\/div><div class=\"wpb_text_column\"><div class=\"wpb_wrapper\"><p style=\"text-align: center;\"><em>Versand von Massen-SMS mit Thelia, zum Vergr\u00f6\u00dfern anklicken.<\/em><\/p>\n<\/div><\/div><\/div><\/div><\/div><\/div><\/div><\/section><section class=\"l-section wpb_row height_small\"><div class=\"l-section-h i-cf\"><div class=\"g-cols vc_row via_flex valign_top type_default stacking_default\"><div class=\"vc_col-sm-12 wpb_column vc_column_container\"><div class=\"vc_column-inner\"><div class=\"wpb_wrapper\"><div class=\"w-actionbox us_custom_e47d7875 color_light controls_right\"><div class=\"w-actionbox-text\"><div class=\"w-actionbox-description\"><p>Sie brauchen Hilfe bei der Installation oder der Einrichtung der Funktionen?<br \/>\nAuf unserer GitHub-Seite finden Sie weitere Informationen.<\/p>\n<\/div><\/div><div class=\"w-actionbox-controls\"><a class=\"w-btn us-btn-style_5\" target=\"_blank\" href=\"https:\/\/github.com\/seven-io\/thelia\" rel=\"noopener\"><span class=\"w-btn-label\">Zu GitHub<\/span><\/a><\/div><\/div><\/div><\/div><\/div><\/div><\/div><\/section><!-- Row Backgrounds --><div class=\"upb_color\" data-bg-override=\"0\" data-bg-color=\"#ffffff\" data-fadeout=\"\" data-fadeout-percentage=\"30\" data-parallax-content=\"\" data-parallax-content-sense=\"30\" data-row-effect-mobile-disable=\"true\" data-img-parallax-mobile-disable=\"true\" data-rtl=\"false\"  data-custom-vc-row=\"\"  data-vc=\"8.7.2\"  data-is_old_vc=\"\"  data-theme-support=\"disable\"   data-overlay=\"false\" data-overlay-color=\"\" data-overlay-pattern=\"\" data-overlay-pattern-opacity=\"\" data-overlay-pattern-size=\"\"    ><\/div>\n","protected":false},"excerpt":{"rendered":"Thelia ist eine Open-Source-L\u00f6sung zur Erstellung von eCommerce-Webseiten, die bereits seit dem Jahr 2005 am Markt ist. Dank der flexiblen Einstellungsm\u00f6glichkeiten k\u00f6nnen Seiten f\u00fcr viele verschiedene Endkunden realisiert werden. Durch zahlreiche Module k\u00f6nnen Sie au\u00dferdem den Funktionsumfang beliebig erweitern.\u00a0 Mit unserem SMS-Modul k\u00f6nnen Sie beispielsweise ganz unkompliziert Massen-SMS mit Thelia an Ihre Kunden senden, ohne...","protected":false},"author":1,"featured_media":29271,"parent":17075,"menu_order":0,"comment_status":"closed","ping_status":"closed","template":"","meta":{"content-type":"","footnotes":""},"class_list":["post-29817","page","type-page","status-publish","has-post-thumbnail","hentry"],"_links":{"self":[{"href":"https:\/\/www.seven.io\/de\/wp-json\/wp\/v2\/pages\/29817","targetHints":{"allow":["GET"]}}],"collection":[{"href":"https:\/\/www.seven.io\/de\/wp-json\/wp\/v2\/pages"}],"about":[{"href":"https:\/\/www.seven.io\/de\/wp-json\/wp\/v2\/types\/page"}],"author":[{"embeddable":true,"href":"https:\/\/www.seven.io\/de\/wp-json\/wp\/v2\/users\/1"}],"replies":[{"embeddable":true,"href":"https:\/\/www.seven.io\/de\/wp-json\/wp\/v2\/comments?post=29817"}],"version-history":[{"count":24,"href":"https:\/\/www.seven.io\/de\/wp-json\/wp\/v2\/pages\/29817\/revisions"}],"predecessor-version":[{"id":92428,"href":"https:\/\/www.seven.io\/de\/wp-json\/wp\/v2\/pages\/29817\/revisions\/92428"}],"up":[{"embeddable":true,"href":"https:\/\/www.seven.io\/de\/wp-json\/wp\/v2\/pages\/17075"}],"wp:featuredmedia":[{"embeddable":true,"href":"https:\/\/www.seven.io\/de\/wp-json\/wp\/v2\/media\/29271"}],"wp:attachment":[{"href":"https:\/\/www.seven.io\/de\/wp-json\/wp\/v2\/media?parent=29817"}],"curies":[{"name":"wp","href":"https:\/\/api.w.org\/{rel}","templated":true}]}}