{"id":29947,"date":"2021-08-13T09:18:11","date_gmt":"2021-08-13T07:18:11","guid":{"rendered":"https:\/\/www.sms77.io\/?page_id=29947"},"modified":"2024-07-02T12:07:29","modified_gmt":"2024-07-02T10:07:29","slug":"bubble","status":"publish","type":"page","link":"https:\/\/www.seven.io\/de\/loesungen\/integrationen\/bubble\/","title":{"rendered":"Bubble"},"content":{"rendered":"<section class=\"l-section wpb_row height_small\"><div class=\"l-section-h i-cf\"><div class=\"g-cols vc_row via_flex valign_middle type_default stacking_default\"><div class=\"vc_col-sm-6 wpb_column vc_column_container\"><div class=\"vc_column-inner\"><div class=\"wpb_wrapper\"><div class=\"wpb_text_column\"><div class=\"wpb_wrapper\"><p><strong>Bubble ist eine No-Code-Plattform f\u00fcr die Erstellung diverser digitaler Produkte. Sie erm\u00f6glicht beispielsweise die Entwicklung von interaktiven Desktop- und mobilen Apps ohne Programmierkenntnisse. Die strukturierte Benutzeroberfl\u00e4che sorgt f\u00fcr eine effektive Bedienbarkeit. Sollten Sie dennoch Fragen haben, stellt Bubble viele Ressourcen zur Verf\u00fcgung, um Sie zu unterst\u00fctzen, wie beispielsweise eine <a href=\"https:\/\/bubble.io\/academy\" target=\"_blank\" rel=\"noopener\" data-schema-attribute=\"\">Academy<\/a>, ein <a href=\"https:\/\/forum.bubble.io\" target=\"_blank\" rel=\"noopener\" data-schema-attribute=\"\">Forum<\/a> und die M\u00f6glichkeit, nach <a href=\"https:\/\/bubble.io\/coaching\" target=\"_blank\" rel=\"noopener\" data-schema-attribute=\"\">Coaches<\/a> zu suchen.<\/strong><\/p>\n<p><strong>Durch zahlreiche Plugins lassen sich die m\u00f6glichen Aktionen erweitern, sodass kaum noch W\u00fcnsche offen bleiben d\u00fcrften. Nat\u00fcrlich darf da auch ein SMS-Plugin nicht fehlen. Mit unseren Aktionen k\u00f6nnen Sie deshalb jetzt auch SMS in Bubble versenden. Dar\u00fcber hinaus sind auch der Versand von Text-to-Voice-Nachrichten sowie HLR-, MNP und CNAM-Lookups direkt \u00fcber die Plattform verf\u00fcgbar.<\/strong><\/p>\n<\/div><\/div><div class=\"w-btn-wrapper align_none\"><a class=\"w-btn us-btn-style_1 no-border\" target=\"_blank\" rel=\"nofollow noopener\" href=\"https:\/\/bubble.io\/plugin\/sms77-1628660657785x154395034530873340\"><span class=\"w-btn-label\">Unser SMS Plugin auf dem Bubble Marketplace<\/span><\/a><\/div><\/div><\/div><\/div><div class=\"vc_col-sm-6 wpb_column vc_column_container\"><div class=\"vc_column-inner\"><div class=\"wpb_wrapper\"><div class=\"w-video align_center ratio_16x9 has_iframe\"><div class=\"w-video-h\"><iframe title=\"Youtube video player\" src=\"\/\/www.youtube.com\/embed\/uG8KuvAIeyg?autoplay=0&controls=1&origin=https:\/\/www.seven.io\/de\/&loop=0&mute=0\" allowfullscreen=\"1\" loading=\"lazy\"><\/iframe><\/div><\/div><div class=\"w-separator size_custom\" style=\"height:10px\"><\/div><div class=\"wpb_text_column\"><div class=\"wpb_wrapper\"><p style=\"text-align: center;\"><em>Lernvideos wie diese sollen Bubble-Nutzern helfen, sich auf der Plattform zurechtzufinden.<\/em><\/p>\n<\/div><\/div><\/div><\/div><\/div><\/div><\/div><\/section><section class=\"l-section wpb_row height_small color_alternate\"><div class=\"l-section-h i-cf\"><div class=\"g-cols vc_row via_flex valign_middle type_default stacking_default\"><div class=\"vc_col-sm-6 wpb_column vc_column_container\"><div class=\"vc_column-inner\"><div class=\"wpb_wrapper\"><div class=\"w-image align_center\"><div class=\"w-image-h\"><img decoding=\"async\" width=\"400\" height=\"501\" src=\"https:\/\/www.seven.io\/wp-content\/uploads\/integrationen_bubble_mock_de1-400x501.png\" class=\"attachment-us_400_0 size-us_400_0\" alt=\"Versenden Sie SMS in Bubble, um sich \u00fcber bestimmte Ereignisse informieren zu lassen\" loading=\"lazy\" srcset=\"https:\/\/www.seven.io\/wp-content\/uploads\/integrationen_bubble_mock_de1-400x501.png 400w, https:\/\/www.seven.io\/wp-content\/uploads\/integrationen_bubble_mock_de1-240x300.png 240w, https:\/\/www.seven.io\/wp-content\/uploads\/integrationen_bubble_mock_de1-350x438.png 350w, https:\/\/www.seven.io\/wp-content\/uploads\/integrationen_bubble_mock_de1-250x313.png 250w, https:\/\/www.seven.io\/wp-content\/uploads\/integrationen_bubble_mock_de1-300x376.png 300w, https:\/\/www.seven.io\/wp-content\/uploads\/integrationen_bubble_mock_de1-319x400.png 319w, https:\/\/www.seven.io\/wp-content\/uploads\/integrationen_bubble_mock_de1-200x250.png 200w, https:\/\/www.seven.io\/wp-content\/uploads\/integrationen_bubble_mock_de1.png 511w\" sizes=\"auto, (max-width: 400px) 100vw, 400px\" \/><\/div><\/div><\/div><\/div><\/div><div class=\"vc_col-sm-6 wpb_column vc_column_container\"><div class=\"vc_column-inner\"><div class=\"wpb_wrapper\"><div class=\"wpb_text_column\"><div class=\"wpb_wrapper\"><h3>Versenden Sie SMS in Bubble<\/h3>\n<p>Mit dem seven-Plugin k\u00f6nnen Sie verschiedene Aktionen integrieren, die \u00fcber den einfachen Versand von SMS in Bubble hinausgehen. F\u00fcgen Sie beispielsweise eine HLR-Abfrage als Aktion hinzu, um einer eingegebene Nummer wichtige Informationen hinzuzuf\u00fcgen, wenn sie gespeichert wird. Auch unsere Voice-Funktion wird gerne in automatisierten Abl\u00e4ufen genutzt. Dar\u00fcber hinaus k\u00f6nnen Sie mit wenigen Klicks alle Funktionen nutzen, die wir f\u00fcr unseren SMS-Versand anbieten, wie beispielsweise den zeitverz\u00f6gerten Versand, den Versand von Flash-SMS und <a href=\"\/produkte\/sms-versand\/\">viele weitere<\/a>.<\/p>\n<p>Sie k\u00f6nnen sich zum Beispiel via SMS alarmieren lassen, wenn in Ihrer App eine bestimmte Handlung vorgenommen wird. Jemand hat sich f\u00fcr Ihr Premium-Programm angemeldet? Mit einer SMS werden Sie unverz\u00fcglich dar\u00fcber informiert und k\u00f6nnen die neuen Nutzer sofort pers\u00f6nlich ansprechen.<span class=\"Apple-converted-space\">\u00a0<\/span><\/p>\n<\/div><\/div><\/div><\/div><\/div><\/div><\/div><\/section><!-- Row Backgrounds --><div class=\"upb_color\" data-bg-override=\"0\" data-bg-color=\"#f4f4f4\" data-fadeout=\"\" data-fadeout-percentage=\"30\" data-parallax-content=\"\" data-parallax-content-sense=\"30\" data-row-effect-mobile-disable=\"true\" data-img-parallax-mobile-disable=\"true\" data-rtl=\"false\"  data-custom-vc-row=\"\"  data-vc=\"8.7.2\"  data-is_old_vc=\"\"  data-theme-support=\"disable\"   data-overlay=\"false\" data-overlay-color=\"\" data-overlay-pattern=\"\" data-overlay-pattern-opacity=\"\" data-overlay-pattern-size=\"\"    ><\/div><section class=\"l-section wpb_row height_small\"><div class=\"l-section-h i-cf\"><div class=\"g-cols vc_row via_flex valign_middle type_default stacking_default\"><div class=\"vc_col-sm-6 wpb_column vc_column_container\"><div class=\"vc_column-inner\"><div class=\"wpb_wrapper\"><div class=\"wpb_text_column\"><div class=\"wpb_wrapper\"><h3>Automatischer SMS-Versand<\/h3>\n<\/div><\/div><div class=\"uavc-list-icon uavc-list-icon-wrapper ult-adjust-bottom-margin   \"><ul class=\"uavc-list\"><li><div class=\"uavc-list-content\" id=\"list-icon-wrap-9115\">\n<div class=\"uavc-list-icon  \" data-animation=\"\" data-animation-delay=\"03\" style=\"margin-right:25px;\"><div class=\"ult-just-icon-wrapper  \"><div class=\"align-icon\" style=\"text-align:center;\">\n<div class=\"aio-icon none \"  style=\"color:#52c0fa;font-size:40px;display:inline-block;\">\n\t<i class=\"Defaults-envelope-o\"><\/i>\n<\/div><\/div><\/div>\n<\/div><span  data-ultimate-target='#list-icon-wrap-9115 .uavc-list-desc'  data-responsive-json-new='{\"font-size\":\"\",\"line-height\":\"\"}'  class=\"uavc-list-desc ult-responsive\" style=\"\">Versenden Sie automatisch eine SMS, wenn ein bestimmtes Ereignis eintritt.<\/span><\/div><\/li><\/ul><\/div><div class=\"wpb_text_column\"><div class=\"wpb_wrapper\"><h3>Text-to-Voice<\/h3>\n<\/div><\/div><div class=\"uavc-list-icon uavc-list-icon-wrapper ult-adjust-bottom-margin   \"><ul class=\"uavc-list\"><li><div class=\"uavc-list-content\" id=\"list-icon-wrap-5684\">\n<div class=\"uavc-list-icon  \" data-animation=\"\" data-animation-delay=\"03\" style=\"margin-right:25px;\"><div class=\"ult-just-icon-wrapper  \"><div class=\"align-icon\" style=\"text-align:center;\">\n<div class=\"aio-icon none \"  style=\"color:#52c0fa;font-size:40px;display:inline-block;\">\n\t<i class=\"Defaults-phone\"><\/i>\n<\/div><\/div><\/div>\n<\/div><span  data-ultimate-target='#list-icon-wrap-5684 .uavc-list-desc'  data-responsive-json-new='{\"font-size\":\"\",\"line-height\":\"\"}'  class=\"uavc-list-desc ult-responsive\" style=\"\"><a href=\"\/de\/produkte\/voice\/\">Voice-Nachrichten<\/a> werden als Anruf zugestellt und werden deshalb gern f\u00fcr Alarmierungen genutzt.<\/span><\/div><\/li><\/ul><\/div><div class=\"wpb_text_column\"><div class=\"wpb_wrapper\"><h3>Lookups<\/h3>\n<\/div><\/div><div class=\"uavc-list-icon uavc-list-icon-wrapper ult-adjust-bottom-margin   \"><ul class=\"uavc-list\"><li><div class=\"uavc-list-content\" id=\"list-icon-wrap-8020\">\n<div class=\"uavc-list-icon  \" data-animation=\"\" data-animation-delay=\"03\" style=\"margin-right:25px;\"><div class=\"ult-just-icon-wrapper  \"><div class=\"align-icon\" style=\"text-align:center;\">\n<div class=\"aio-icon none \"  style=\"color:#52c0fa;font-size:40px;display:inline-block;\">\n\t<i class=\"Defaults-search\"><\/i>\n<\/div><\/div><\/div>\n<\/div><span  data-ultimate-target='#list-icon-wrap-8020 .uavc-list-desc'  data-responsive-json-new='{\"font-size\":\"\",\"line-height\":\"\"}'  class=\"uavc-list-desc ult-responsive\" style=\"\">Unsere Produkte zur <a href=\"\/produkte\/nummernvalidierung\/\">Nummernvalidierung<\/a> helfen Ihnen bei der Pflege Ihrer Datenbank.<\/span><\/div><\/li><\/ul><\/div><\/div><\/div><\/div><div class=\"vc_col-sm-6 wpb_column vc_column_container\"><div class=\"vc_column-inner\"><div class=\"wpb_wrapper\"><div class=\"w-image no-border align_center\"><a ref=\"magnificPopup\" href=\"https:\/\/www.seven.io\/wp-content\/uploads\/integrationen_bubble_screen_SMS.png\" aria-label=\"integrationen_bubble_screen_SMS\" class=\"w-image-h\"><img decoding=\"async\" width=\"768\" height=\"516\" src=\"https:\/\/www.seven.io\/wp-content\/uploads\/integrationen_bubble_screen_SMS-768x516.png\" class=\"attachment-us_768_0 size-us_768_0\" alt=\"Lassen Sie automatisch eine SMS in Bubble versenden\" loading=\"lazy\" srcset=\"https:\/\/www.seven.io\/wp-content\/uploads\/integrationen_bubble_screen_SMS-768x516.png 768w, https:\/\/www.seven.io\/wp-content\/uploads\/integrationen_bubble_screen_SMS-300x202.png 300w, https:\/\/www.seven.io\/wp-content\/uploads\/integrationen_bubble_screen_SMS-1024x689.png 1024w, https:\/\/www.seven.io\/wp-content\/uploads\/integrationen_bubble_screen_SMS-350x235.png 350w, https:\/\/www.seven.io\/wp-content\/uploads\/integrationen_bubble_screen_SMS-250x168.png 250w, https:\/\/www.seven.io\/wp-content\/uploads\/integrationen_bubble_screen_SMS-600x404.png 600w, https:\/\/www.seven.io\/wp-content\/uploads\/integrationen_bubble_screen_SMS-400x269.png 400w, https:\/\/www.seven.io\/wp-content\/uploads\/integrationen_bubble_screen_SMS-595x400.png 595w, https:\/\/www.seven.io\/wp-content\/uploads\/integrationen_bubble_screen_SMS-200x135.png 200w, https:\/\/www.seven.io\/wp-content\/uploads\/integrationen_bubble_screen_SMS-500x336.png 500w, https:\/\/www.seven.io\/wp-content\/uploads\/integrationen_bubble_screen_SMS.png 1200w\" sizes=\"auto, (max-width: 768px) 100vw, 768px\" \/><\/a><\/div><div class=\"w-separator size_custom\" style=\"height:10px\"><\/div><div class=\"wpb_text_column\"><div class=\"wpb_wrapper\"><p style=\"text-align: center;\"><em>Legen Sie fest, welche SMS in Bubble versendet werden soll, zum Vergr\u00f6\u00dfern anklicken.<\/em><\/p>\n<\/div><\/div><\/div><\/div><\/div><\/div><\/div><\/section><section class=\"l-section wpb_row height_small\"><div class=\"l-section-h i-cf\"><div class=\"g-cols vc_row via_flex valign_top type_default stacking_default\"><div class=\"vc_col-sm-12 wpb_column vc_column_container\"><div class=\"vc_column-inner\"><div class=\"wpb_wrapper\"><div class=\"w-actionbox us_custom_e47d7875 color_light controls_right\"><div class=\"w-actionbox-text\"><div class=\"w-actionbox-description\"><p>Sie sind bereit f\u00fcr den Versand von Nachrichten aus Bubble?<br \/>\nSie finden unser Plugin auf Bubbles Plugin-Seite.<\/p>\n<\/div><\/div><div class=\"w-actionbox-controls\"><a class=\"w-btn us-btn-style_5\" target=\"_blank\" href=\"https:\/\/bubble.io\/plugin\/sms77-1628660657785x154395034530873340\" rel=\"noopener\"><span class=\"w-btn-label\">Zu Bubble<\/span><\/a><\/div><\/div><\/div><\/div><\/div><\/div><\/div><\/section><!-- Row Backgrounds --><div class=\"upb_color\" data-bg-override=\"0\" data-bg-color=\"#ffffff\" data-fadeout=\"\" data-fadeout-percentage=\"30\" data-parallax-content=\"\" data-parallax-content-sense=\"30\" data-row-effect-mobile-disable=\"true\" data-img-parallax-mobile-disable=\"true\" data-rtl=\"false\"  data-custom-vc-row=\"\"  data-vc=\"8.7.2\"  data-is_old_vc=\"\"  data-theme-support=\"disable\"   data-overlay=\"false\" data-overlay-color=\"\" data-overlay-pattern=\"\" data-overlay-pattern-opacity=\"\" data-overlay-pattern-size=\"\"    ><\/div>\n","protected":false},"excerpt":{"rendered":"Bubble ist eine No-Code-Plattform f\u00fcr die Erstellung diverser digitaler Produkte. Sie erm\u00f6glicht beispielsweise die Entwicklung von interaktiven Desktop- und mobilen Apps ohne Programmierkenntnisse. Die strukturierte Benutzeroberfl\u00e4che sorgt f\u00fcr eine effektive Bedienbarkeit. Sollten Sie dennoch Fragen haben, stellt Bubble viele Ressourcen zur Verf\u00fcgung, um Sie zu unterst\u00fctzen, wie beispielsweise eine Academy, ein Forum und die M\u00f6glichkeit,...","protected":false},"author":1,"featured_media":29943,"parent":17075,"menu_order":0,"comment_status":"closed","ping_status":"closed","template":"","meta":{"content-type":"","footnotes":""},"class_list":["post-29947","page","type-page","status-publish","has-post-thumbnail","hentry"],"_links":{"self":[{"href":"https:\/\/www.seven.io\/de\/wp-json\/wp\/v2\/pages\/29947","targetHints":{"allow":["GET"]}}],"collection":[{"href":"https:\/\/www.seven.io\/de\/wp-json\/wp\/v2\/pages"}],"about":[{"href":"https:\/\/www.seven.io\/de\/wp-json\/wp\/v2\/types\/page"}],"author":[{"embeddable":true,"href":"https:\/\/www.seven.io\/de\/wp-json\/wp\/v2\/users\/1"}],"replies":[{"embeddable":true,"href":"https:\/\/www.seven.io\/de\/wp-json\/wp\/v2\/comments?post=29947"}],"version-history":[{"count":26,"href":"https:\/\/www.seven.io\/de\/wp-json\/wp\/v2\/pages\/29947\/revisions"}],"predecessor-version":[{"id":92903,"href":"https:\/\/www.seven.io\/de\/wp-json\/wp\/v2\/pages\/29947\/revisions\/92903"}],"up":[{"embeddable":true,"href":"https:\/\/www.seven.io\/de\/wp-json\/wp\/v2\/pages\/17075"}],"wp:featuredmedia":[{"embeddable":true,"href":"https:\/\/www.seven.io\/de\/wp-json\/wp\/v2\/media\/29943"}],"wp:attachment":[{"href":"https:\/\/www.seven.io\/de\/wp-json\/wp\/v2\/media?parent=29947"}],"curies":[{"name":"wp","href":"https:\/\/api.w.org\/{rel}","templated":true}]}}