{"id":30110,"date":"2021-09-29T10:31:21","date_gmt":"2021-09-29T08:31:21","guid":{"rendered":"https:\/\/www.sms77.io\/?page_id=30110"},"modified":"2024-03-27T14:16:34","modified_gmt":"2024-03-27T13:16:34","slug":"stackstorm","status":"publish","type":"page","link":"https:\/\/www.seven.io\/de\/loesungen\/integrationen\/stackstorm\/","title":{"rendered":"StackStorm"},"content":{"rendered":"<section class=\"l-section wpb_row height_small\"><div class=\"l-section-h i-cf\"><div class=\"g-cols vc_row via_flex valign_middle type_default stacking_default\"><div class=\"vc_col-sm-6 wpb_column vc_column_container\"><div class=\"vc_column-inner\"><div class=\"wpb_wrapper\"><div class=\"wpb_text_column\"><div class=\"wpb_wrapper\"><p><strong>Realisieren Sie Workflows, mit denen Sie Abl\u00e4ufe in Ihrer Infrastruktur unkompliziert und effektiv automatisieren k\u00f6nnen. Dank der Automatisierung wiederkehrender Abl\u00e4ufe sparen Sie jede Menge Zeit, die Sie in wichtigere Aufgaben investieren k\u00f6nnen. Zahlreiche Integrationspakete mit umfangreichen Aktionen erm\u00f6glichen auch komplexe und individuelle Automatisierungen. <\/strong><\/p>\n<p><strong>Mit dem seven-Plugin k\u00f6nnen Sie jetzt auch Voice-Nachrichten und SMS mit StackStorm versenden. Lernen Sie unsere Aktionen kennen und binden Sie sie nach Belieben in Ihre Abl\u00e4ufe ein, um auch in Ihren Workflows von zuverl\u00e4ssigen Benachrichtigungen zu profitieren.<\/strong><br \/>\n<strong>Bei Fragen rund um StackStorm finden Sie in der <a href=\"https:\/\/stackstorm.com\/#community\" target=\"_blank\" rel=\"noopener\" data-schema-attribute=\"\">Community<\/a> der Automatisierungsl\u00f6sung Hilfe.<\/strong><\/p>\n<\/div><\/div><div class=\"w-btn-wrapper align_none\"><a class=\"w-btn us-btn-style_1 no-border\" target=\"_blank\" rel=\"nofollow noopener\" href=\"https:\/\/github.com\/seven-io\/StackStorm\"><span class=\"w-btn-label\">Unser SMS Plugin f\u00fcr StackStorm<\/span><\/a><\/div><\/div><\/div><\/div><div class=\"vc_col-sm-6 wpb_column vc_column_container\"><div class=\"vc_column-inner\"><div class=\"wpb_wrapper\"><div class=\"w-video align_none ratio_16x9 has_iframe\"><div class=\"w-video-h\"><iframe title=\"Youtube video player\" src=\"\/\/www.youtube.com\/embed\/MtPw1WC9pxA?autoplay=0&controls=1&origin=https:\/\/www.seven.io\/de\/&loop=0&mute=0\" allowfullscreen=\"1\" loading=\"lazy\"><\/iframe><\/div><\/div><\/div><\/div><\/div><\/div><\/div><\/section><section class=\"l-section wpb_row height_small color_alternate\"><div class=\"l-section-h i-cf\"><div class=\"g-cols vc_row via_flex valign_middle type_default stacking_default\"><div class=\"vc_col-sm-6 wpb_column vc_column_container\"><div class=\"vc_column-inner\"><div class=\"wpb_wrapper\"><div class=\"w-image align_center\"><div class=\"w-image-h\"><img decoding=\"async\" width=\"400\" height=\"501\" src=\"https:\/\/www.seven.io\/wp-content\/uploads\/integrationen_stackstorm_mock_de-400x501.png\" class=\"attachment-us_400_0 size-us_400_0\" alt=\"Versenden Sie Alarme via SMS mit StackStorm\" loading=\"lazy\" srcset=\"https:\/\/www.seven.io\/wp-content\/uploads\/integrationen_stackstorm_mock_de-400x501.png 400w, https:\/\/www.seven.io\/wp-content\/uploads\/integrationen_stackstorm_mock_de-240x300.png 240w, https:\/\/www.seven.io\/wp-content\/uploads\/integrationen_stackstorm_mock_de-350x438.png 350w, https:\/\/www.seven.io\/wp-content\/uploads\/integrationen_stackstorm_mock_de-250x313.png 250w, https:\/\/www.seven.io\/wp-content\/uploads\/integrationen_stackstorm_mock_de-600x751.png 600w, https:\/\/www.seven.io\/wp-content\/uploads\/integrationen_stackstorm_mock_de-768x961.png 768w, https:\/\/www.seven.io\/wp-content\/uploads\/integrationen_stackstorm_mock_de-300x376.png 300w, https:\/\/www.seven.io\/wp-content\/uploads\/integrationen_stackstorm_mock_de-320x400.png 320w, https:\/\/www.seven.io\/wp-content\/uploads\/integrationen_stackstorm_mock_de-200x250.png 200w, https:\/\/www.seven.io\/wp-content\/uploads\/integrationen_stackstorm_mock_de-500x626.png 500w, https:\/\/www.seven.io\/wp-content\/uploads\/integrationen_stackstorm_mock_de.png 818w\" sizes=\"auto, (max-width: 400px) 100vw, 400px\" \/><\/div><\/div><\/div><\/div><\/div><div class=\"vc_col-sm-6 wpb_column vc_column_container\"><div class=\"vc_column-inner\"><div class=\"wpb_wrapper\"><div class=\"wpb_text_column\"><div class=\"wpb_wrapper\"><h3>Voice-Nachrichten und SMS mit StackStorm versenden<\/h3>\n<p>Endlich ist es soweit: Mit unseren Aktionen k\u00f6nnen versenden Sie unkompliziert <a href=\"\/de\/produkte\/voice\/\">Voice-Nachrichten<\/a> und SMS mit StackStorm. Durch die Einbindung unserer Voice-Aktion k\u00f6nnen Sie in Ihrem Workflow Anrufe ausl\u00f6sen lassen, die sich beispielsweise f\u00fcr Alarmierungen eignen.<\/p>\n<p>Eine Benachrichtigung via \u00a0SMS ist f\u00fcr Ihre Zwecke v\u00f6llig ausreichend? Die SMS-Aktion steht Ihnen selbstverst\u00e4ndlich ebenfalls zur Verf\u00fcgung. Zus\u00e4tzlich k\u00f6nnen Sie die gewohnten Funktionen nutzen, die zu unserem SMS-Versand geh\u00f6ren, wie die <a href=\"https:\/\/help.seven.io\/de\/labels\" rel=\"noopener\">Label<\/a>-Funktion oder unser <a href=\"https:\/\/help.seven.io\/de\/performance-tracking\" rel=\"noopener\">Performance Tracking<\/a>. Probieren Sie es am besten einfach selbst aus \u2013 wenn Sie bei uns <a href=\"https:\/\/app.seven.io\/signup?lang=de\" rel=\"noopener\">registriert<\/a> sind und einen <a href=\"https:\/\/help.seven.io\/de\/api-key-zugriff\" rel=\"noopener\">API-Key angelegt<\/a> haben steht Ihrem Workflow mit Benachrichtigung nichts mehr im Weg.<\/p>\n<\/div><\/div><\/div><\/div><\/div><\/div><\/div><\/section><!-- Row Backgrounds --><div class=\"upb_color\" data-bg-override=\"0\" data-bg-color=\"#f4f4f4\" data-fadeout=\"\" data-fadeout-percentage=\"30\" data-parallax-content=\"\" data-parallax-content-sense=\"30\" data-row-effect-mobile-disable=\"true\" data-img-parallax-mobile-disable=\"true\" data-rtl=\"false\"  data-custom-vc-row=\"\"  data-vc=\"8.7.2\"  data-is_old_vc=\"\"  data-theme-support=\"disable\"   data-overlay=\"false\" data-overlay-color=\"\" data-overlay-pattern=\"\" data-overlay-pattern-opacity=\"\" data-overlay-pattern-size=\"\"    ><\/div><section class=\"l-section wpb_row height_small\"><div class=\"l-section-h i-cf\"><div class=\"g-cols vc_row via_flex valign_middle type_default stacking_default\"><div class=\"vc_col-sm-6 wpb_column vc_column_container\"><div class=\"vc_column-inner\"><div class=\"wpb_wrapper\"><div class=\"wpb_text_column\"><div class=\"wpb_wrapper\"><h3>SMS-Versand<\/h3>\n<\/div><\/div><div class=\"uavc-list-icon uavc-list-icon-wrapper ult-adjust-bottom-margin   \"><ul class=\"uavc-list\"><li><div class=\"uavc-list-content\" id=\"list-icon-wrap-8171\">\n<div class=\"uavc-list-icon  \" data-animation=\"\" data-animation-delay=\"03\" style=\"margin-right:25px;\"><div class=\"ult-just-icon-wrapper  \"><div class=\"align-icon\" style=\"text-align:center;\">\n<div class=\"aio-icon none \"  style=\"color:#52c0fa;font-size:40px;display:inline-block;\">\n\t<i class=\"Defaults-envelope-o\"><\/i>\n<\/div><\/div><\/div>\n<\/div><span  data-ultimate-target='#list-icon-wrap-8171 .uavc-list-desc'  data-responsive-json-new='{\"font-size\":\"\",\"line-height\":\"\"}'  class=\"uavc-list-desc ult-responsive\" style=\"\">Binden Sie unseren SMS-Versand mit all seinen Funktionen ohne Mehrkosten in Ihren Workflow ein. Sie zahlen nach wie vor nur das, was Sie verbrauchen. Auch der Versand von <a href=\"https:\/\/help.seven.io\/de\/flash-sms\" rel=\"noopener\">Flash-SMS<\/a> ist m\u00f6glich, die besonders h\u00e4ufig f\u00fcr Alarmmeldungen eingesetzt werden.<\/span><\/div><\/li><\/ul><\/div><div class=\"wpb_text_column\"><div class=\"wpb_wrapper\"><h3>Voice-Nachrichten<\/h3>\n<\/div><\/div><div class=\"uavc-list-icon uavc-list-icon-wrapper ult-adjust-bottom-margin   \"><ul class=\"uavc-list\"><li><div class=\"uavc-list-content\" id=\"list-icon-wrap-1963\">\n<div class=\"uavc-list-icon  \" data-animation=\"\" data-animation-delay=\"03\" style=\"margin-right:25px;\"><div class=\"ult-just-icon-wrapper  \"><div class=\"align-icon\" style=\"text-align:center;\">\n<div class=\"aio-icon none \"  style=\"color:#52c0fa;font-size:40px;display:inline-block;\">\n\t<i class=\"Defaults-pencil\"><\/i>\n<\/div><\/div><\/div>\n<\/div><span  data-ultimate-target='#list-icon-wrap-1963 .uavc-list-desc'  data-responsive-json-new='{\"font-size\":\"\",\"line-height\":\"\"}'  class=\"uavc-list-desc ult-responsive\" style=\"\">Mit unserer Voice-Funktion k\u00f6nnen Sie eine Nachricht versenden, die als Anruf zugestellt wird. In Automatisierungen wird diese Funktion gern f\u00fcr die Zustellung von Alarm-Nachrichten genutzt.<\/span><\/div><\/li><\/ul><\/div><\/div><\/div><\/div><div class=\"vc_col-sm-6 wpb_column vc_column_container\"><div class=\"vc_column-inner\"><div class=\"wpb_wrapper\"><div class=\"w-image align_center\"><div class=\"w-image-h\"><img decoding=\"async\" width=\"768\" height=\"432\" src=\"https:\/\/www.seven.io\/wp-content\/uploads\/integrationen-Stackstorm_mood-768x432.png\" class=\"attachment-us_768_0 size-us_768_0\" alt=\"Versenden Sie SMS mit StackStorm, um \u00fcber Vorf\u00e4lle in Ihrem Netzwerk informiert zu werden\" loading=\"lazy\" srcset=\"https:\/\/www.seven.io\/wp-content\/uploads\/integrationen-Stackstorm_mood-768x432.png 768w, https:\/\/www.seven.io\/wp-content\/uploads\/integrationen-Stackstorm_mood-300x169.png 300w, https:\/\/www.seven.io\/wp-content\/uploads\/integrationen-Stackstorm_mood-350x197.png 350w, https:\/\/www.seven.io\/wp-content\/uploads\/integrationen-Stackstorm_mood-250x141.png 250w, https:\/\/www.seven.io\/wp-content\/uploads\/integrationen-Stackstorm_mood-600x338.png 600w, https:\/\/www.seven.io\/wp-content\/uploads\/integrationen-Stackstorm_mood-400x225.png 400w, https:\/\/www.seven.io\/wp-content\/uploads\/integrationen-Stackstorm_mood-200x113.png 200w, https:\/\/www.seven.io\/wp-content\/uploads\/integrationen-Stackstorm_mood-500x281.png 500w, https:\/\/www.seven.io\/wp-content\/uploads\/integrationen-Stackstorm_mood.png 800w\" sizes=\"auto, (max-width: 768px) 100vw, 768px\" \/><\/div><\/div><div class=\"w-separator size_custom\" style=\"height:10 px\"><\/div><div class=\"wpb_text_column\"><div class=\"wpb_wrapper\"><p style=\"text-align: center;\"><em>Versenden Sie Nachrichten mit StackStorm, wenn ein bestimmtes Ereignis in Ihrer Netzwerk\u00fcberwachung auftritt.<\/em><\/p>\n<\/div><\/div><\/div><\/div><\/div><\/div><\/div><\/section><section class=\"l-section wpb_row height_small\"><div class=\"l-section-h i-cf\"><div class=\"g-cols vc_row via_flex valign_top type_default stacking_default\"><div class=\"vc_col-sm-12 wpb_column vc_column_container\"><div class=\"vc_column-inner\"><div class=\"wpb_wrapper\"><div class=\"w-actionbox us_custom_e47d7875 color_light controls_right\"><div class=\"w-actionbox-text\"><div class=\"w-actionbox-description\"><p>Sie brauchen Hilfe bei der Installation oder der Einrichtung der Funktionen?<br \/>\nAuf unserer GitHub-Seite finden Sie weitere Informationen.<\/p>\n<\/div><\/div><div class=\"w-actionbox-controls\"><a class=\"w-btn us-btn-style_5\" target=\"_blank\" href=\"https:\/\/github.com\/seven-io\/StackStorm\" rel=\"noopener\"><span class=\"w-btn-label\">Zu GitHub<\/span><\/a><\/div><\/div><\/div><\/div><\/div><\/div><\/div><\/section><!-- Row Backgrounds --><div class=\"upb_color\" data-bg-override=\"0\" data-bg-color=\"#ffffff\" data-fadeout=\"\" data-fadeout-percentage=\"30\" data-parallax-content=\"\" data-parallax-content-sense=\"30\" data-row-effect-mobile-disable=\"true\" data-img-parallax-mobile-disable=\"true\" data-rtl=\"false\"  data-custom-vc-row=\"\"  data-vc=\"8.7.2\"  data-is_old_vc=\"\"  data-theme-support=\"disable\"   data-overlay=\"false\" data-overlay-color=\"\" data-overlay-pattern=\"\" data-overlay-pattern-opacity=\"\" data-overlay-pattern-size=\"\"    ><\/div>\n","protected":false},"excerpt":{"rendered":"Realisieren Sie Workflows, mit denen Sie Abl\u00e4ufe in Ihrer Infrastruktur unkompliziert und effektiv automatisieren k\u00f6nnen. Dank der Automatisierung wiederkehrender Abl\u00e4ufe sparen Sie jede Menge Zeit, die Sie in wichtigere Aufgaben investieren k\u00f6nnen. Zahlreiche Integrationspakete mit umfangreichen Aktionen erm\u00f6glichen auch komplexe und individuelle Automatisierungen. Mit dem seven-Plugin k\u00f6nnen Sie jetzt auch Voice-Nachrichten und SMS mit StackStorm...","protected":false},"author":1,"featured_media":30088,"parent":17075,"menu_order":0,"comment_status":"closed","ping_status":"closed","template":"","meta":{"content-type":"","footnotes":""},"class_list":["post-30110","page","type-page","status-publish","has-post-thumbnail","hentry"],"_links":{"self":[{"href":"https:\/\/www.seven.io\/de\/wp-json\/wp\/v2\/pages\/30110","targetHints":{"allow":["GET"]}}],"collection":[{"href":"https:\/\/www.seven.io\/de\/wp-json\/wp\/v2\/pages"}],"about":[{"href":"https:\/\/www.seven.io\/de\/wp-json\/wp\/v2\/types\/page"}],"author":[{"embeddable":true,"href":"https:\/\/www.seven.io\/de\/wp-json\/wp\/v2\/users\/1"}],"replies":[{"embeddable":true,"href":"https:\/\/www.seven.io\/de\/wp-json\/wp\/v2\/comments?post=30110"}],"version-history":[{"count":33,"href":"https:\/\/www.seven.io\/de\/wp-json\/wp\/v2\/pages\/30110\/revisions"}],"predecessor-version":[{"id":92422,"href":"https:\/\/www.seven.io\/de\/wp-json\/wp\/v2\/pages\/30110\/revisions\/92422"}],"up":[{"embeddable":true,"href":"https:\/\/www.seven.io\/de\/wp-json\/wp\/v2\/pages\/17075"}],"wp:featuredmedia":[{"embeddable":true,"href":"https:\/\/www.seven.io\/de\/wp-json\/wp\/v2\/media\/30088"}],"wp:attachment":[{"href":"https:\/\/www.seven.io\/de\/wp-json\/wp\/v2\/media?parent=30110"}],"curies":[{"name":"wp","href":"https:\/\/api.w.org\/{rel}","templated":true}]}}