{"id":30603,"date":"2021-09-27T08:25:41","date_gmt":"2021-09-27T06:25:41","guid":{"rendered":"https:\/\/www.sms77.io\/?page_id=30603"},"modified":"2024-03-26T08:31:33","modified_gmt":"2024-03-26T07:31:33","slug":"dolibarr","status":"publish","type":"page","link":"https:\/\/www.seven.io\/de\/loesungen\/integrationen\/dolibarr\/","title":{"rendered":"Dolibarr"},"content":{"rendered":"<section class=\"l-section wpb_row height_small\"><div class=\"l-section-h i-cf\"><div class=\"g-cols vc_row via_flex valign_middle type_default stacking_default\"><div class=\"vc_col-sm-6 wpb_column vc_column_container\"><div class=\"vc_column-inner\"><div class=\"wpb_wrapper\"><div class=\"wpb_text_column\"><div class=\"wpb_wrapper\"><p><strong>Dolibarr ist ein ERP und CRM dessen erste Version bereits im Jahr 2003 ver\u00f6ffentlicht wurde. Es handelt sich um eine Open-Source-Software, die sowohl als On-Premise- als auch als SaaS-Anwendung verf\u00fcgbar ist. Die Software richtet sich an alle Art von Unternehmen, aber auch an Selbstst\u00e4ndige und Organisationen.<\/strong><\/p>\n<p><strong>Die Funktionen der Software k\u00f6nnen mithilfe von <a href=\"https:\/\/www.dolistore.com\/de\/\" target=\"_blank\" rel=\"noopener\" data-schema-attribute=\"\">Modulen<\/a> erweitert werden. Solche Module stehen sowohl von Dolibarr selbst als auch von diversen Drittanbietern\u00a0zur Verf\u00fcgung. So kann die Software ganz individuell und nach Bedarf angepasst werden. Mit unserem Modul k\u00f6nnen Sie beispielsweise SMS mit Dolibarr versenden. Auch der Versand von Text-to-Speech-Nachrichten ist m\u00f6glich.<\/strong><\/p>\n<\/div><\/div><div class=\"w-btn-wrapper align_none\"><a class=\"w-btn us-btn-style_1 no-border\" target=\"_blank\" rel=\"nofollow noopener\" href=\"https:\/\/github.com\/seven-io\/dolibarr\"><span class=\"w-btn-label\">Unser Modul f\u00fcr Dolibarr<\/span><\/a><\/div><\/div><\/div><\/div><div class=\"vc_col-sm-6 wpb_column vc_column_container\"><div class=\"vc_column-inner\"><div class=\"wpb_wrapper\"><div class=\"w-video align_none ratio_16x9 has_iframe\"><div class=\"w-video-h\"><iframe title=\"Youtube video player\" src=\"\/\/www.youtube.com\/embed\/GJ8-r9bHyB8?autoplay=0&controls=1&origin=https:\/\/www.seven.io\/de\/&loop=0&mute=0\" allowfullscreen=\"1\" loading=\"lazy\"><\/iframe><\/div><\/div><\/div><\/div><\/div><\/div><\/div><\/section><section class=\"l-section wpb_row height_small color_alternate\"><div class=\"l-section-h i-cf\"><div class=\"g-cols vc_row via_flex valign_middle type_default stacking_default\"><div class=\"vc_col-sm-6 wpb_column vc_column_container\"><div class=\"vc_column-inner\"><div class=\"wpb_wrapper\"><div class=\"w-image align_center\"><div class=\"w-image-h\"><img decoding=\"async\" width=\"400\" height=\"500\" src=\"https:\/\/www.seven.io\/wp-content\/uploads\/integrationen_dolibarr_mock_de-400x500.png\" class=\"attachment-us_400_0 size-us_400_0\" alt=\"Mit unserem Modul k\u00f6nnen Sie SMS mit Dolibarr versenden\" loading=\"lazy\" srcset=\"https:\/\/www.seven.io\/wp-content\/uploads\/integrationen_dolibarr_mock_de-400x500.png 400w, https:\/\/www.seven.io\/wp-content\/uploads\/integrationen_dolibarr_mock_de-240x300.png 240w, https:\/\/www.seven.io\/wp-content\/uploads\/integrationen_dolibarr_mock_de-350x438.png 350w, https:\/\/www.seven.io\/wp-content\/uploads\/integrationen_dolibarr_mock_de-250x313.png 250w, https:\/\/www.seven.io\/wp-content\/uploads\/integrationen_dolibarr_mock_de-300x375.png 300w, https:\/\/www.seven.io\/wp-content\/uploads\/integrationen_dolibarr_mock_de-320x400.png 320w, https:\/\/www.seven.io\/wp-content\/uploads\/integrationen_dolibarr_mock_de-200x250.png 200w, https:\/\/www.seven.io\/wp-content\/uploads\/integrationen_dolibarr_mock_de.png 480w\" sizes=\"auto, (max-width: 400px) 100vw, 400px\" \/><\/div><\/div><\/div><\/div><\/div><div class=\"vc_col-sm-6 wpb_column vc_column_container\"><div class=\"vc_column-inner\"><div class=\"wpb_wrapper\"><div class=\"wpb_text_column\"><div class=\"wpb_wrapper\"><h3>Text-to-Speech-Nachrichten und SMS mit Dolibarr versenden<\/h3>\n<p>Durch die einfache Integration unseres Services k\u00f6nnen Sie jetzt ganz unkompliziert Text-to-Speech-Nachrichten und SMS mit Dolibarr versenden. Wenn Sie bereits einen Account bei uns haben und Ihren ersten <a href=\"https:\/\/help.seven.io\/de\/api-key-zugriff\" rel=\"noopener\">API-Key angelegt<\/a> haben, steht der Integration des Moduls nichts mehr im Wege.<\/p>\n<p>SMS eignen sich hervorragend f\u00fcr kurzfristige Informationen, da sie von Empf\u00e4ngern besonders schnell und zuverl\u00e4ssig gelesen werden. F\u00fcr Anwendungsbereiche wie Alarme setzen viele unserer Kunden auch gern Text-to-Speech-Nachrichten ein, die manchmal auch Voice-Nachrichten genannt werden. Hier versenden Sie eine SMS, die dem jeweiligen Empf\u00e4nger dann als Anruf zugestellt und am Telefon vorgelesen wird.<\/p>\n<\/div><\/div><\/div><\/div><\/div><\/div><\/div><\/section><!-- Row Backgrounds --><div class=\"upb_color\" data-bg-override=\"0\" data-bg-color=\"#f4f4f4\" data-fadeout=\"\" data-fadeout-percentage=\"30\" data-parallax-content=\"\" data-parallax-content-sense=\"30\" data-row-effect-mobile-disable=\"true\" data-img-parallax-mobile-disable=\"true\" data-rtl=\"false\"  data-custom-vc-row=\"\"  data-vc=\"8.7.2\"  data-is_old_vc=\"\"  data-theme-support=\"disable\"   data-overlay=\"false\" data-overlay-color=\"\" data-overlay-pattern=\"\" data-overlay-pattern-opacity=\"\" data-overlay-pattern-size=\"\"    ><\/div><section class=\"l-section wpb_row height_small\"><div class=\"l-section-h i-cf\"><div class=\"g-cols vc_row via_flex valign_middle type_default stacking_default\"><div class=\"vc_col-sm-6 wpb_column vc_column_container\"><div class=\"vc_column-inner\"><div class=\"wpb_wrapper\"><div class=\"wpb_text_column\"><div class=\"wpb_wrapper\"><h3>Massen-SMS<\/h3>\n<\/div><\/div><div class=\"uavc-list-icon uavc-list-icon-wrapper ult-adjust-bottom-margin   \"><ul class=\"uavc-list\"><li><div class=\"uavc-list-content\" id=\"list-icon-wrap-3581\">\n<div class=\"uavc-list-icon  \" data-animation=\"\" data-animation-delay=\"03\" style=\"margin-right:25px;\"><div class=\"ult-just-icon-wrapper  \"><div class=\"align-icon\" style=\"text-align:center;\">\n<div class=\"aio-icon none \"  style=\"color:#52c0fa;font-size:40px;display:inline-block;\">\n\t<i class=\"Defaults-envelope-o\"><\/i>\n<\/div><\/div><\/div>\n<\/div><span  data-ultimate-target='#list-icon-wrap-3581 .uavc-list-desc'  data-responsive-json-new='{\"font-size\":\"\",\"line-height\":\"\"}'  class=\"uavc-list-desc ult-responsive\" style=\"\">Schnell, simpel, effektiv \u2013 mit Massen-SMS erreichen Sie auch gro\u00dfe Gruppen in k\u00fcrzester Zeit.<\/span><\/div><\/li><\/ul><\/div><div class=\"wpb_text_column\"><div class=\"wpb_wrapper\"><h3>Massen-Text-To-Speech-Nachrichten<\/h3>\n<\/div><\/div><div class=\"uavc-list-icon uavc-list-icon-wrapper ult-adjust-bottom-margin   \"><ul class=\"uavc-list\"><li><div class=\"uavc-list-content\" id=\"list-icon-wrap-2847\">\n<div class=\"uavc-list-icon  \" data-animation=\"\" data-animation-delay=\"03\" style=\"margin-right:25px;\"><div class=\"ult-just-icon-wrapper  \"><div class=\"align-icon\" style=\"text-align:center;\">\n<div class=\"aio-icon none \"  style=\"color:#52c0fa;font-size:40px;display:inline-block;\">\n\t<i class=\"Defaults-phone\"><\/i>\n<\/div><\/div><\/div>\n<\/div><span  data-ultimate-target='#list-icon-wrap-2847 .uavc-list-desc'  data-responsive-json-new='{\"font-size\":\"\",\"line-height\":\"\"}'  class=\"uavc-list-desc ult-responsive\" style=\"\">Als barrierefreie Alternative oder f\u00fcr Alarme: Versenden Sie SMS, die als Anrufe zugestellt werden. Sie erregen besonders viel Aufmerksamkeit.<\/span><\/div><\/li><\/ul><\/div><div class=\"wpb_text_column\"><div class=\"wpb_wrapper\"><h3>Platzhalter f\u00fcr Kundeneigenschaften<\/h3>\n<\/div><\/div><div class=\"uavc-list-icon uavc-list-icon-wrapper ult-adjust-bottom-margin   \"><ul class=\"uavc-list\"><li><div class=\"uavc-list-content\" id=\"list-icon-wrap-1486\">\n<div class=\"uavc-list-icon  \" data-animation=\"\" data-animation-delay=\"03\" style=\"margin-right:25px;\"><div class=\"ult-just-icon-wrapper  \"><div class=\"align-icon\" style=\"text-align:center;\">\n<div class=\"aio-icon none \"  style=\"color:#52c0fa;font-size:40px;display:inline-block;\">\n\t<i class=\"Defaults-user\"><\/i>\n<\/div><\/div><\/div>\n<\/div><span  data-ultimate-target='#list-icon-wrap-1486 .uavc-list-desc'  data-responsive-json-new='{\"font-size\":\"\",\"line-height\":\"\"}'  class=\"uavc-list-desc ult-responsive\" style=\"\">Nutzen Sie Angaben Ihrer Kunden, um sie automatisiert in Ihre SMS einzubinden. So k\u00f6nnen Sie Ihre Nachrichten m\u00fchelos individualisieren.<\/span><\/div><\/li><\/ul><\/div><\/div><\/div><\/div><div class=\"vc_col-sm-6 wpb_column vc_column_container\"><div class=\"vc_column-inner\"><div class=\"wpb_wrapper\"><div class=\"w-image no-border align_center\"><a ref=\"magnificPopup\" href=\"https:\/\/www.seven.io\/wp-content\/uploads\/integrationen_dolibarrr_bulk_sms.png\" aria-label=\"integrationen_dolibarrr_bulk_sms\" class=\"w-image-h\"><img decoding=\"async\" width=\"768\" height=\"500\" src=\"https:\/\/www.seven.io\/wp-content\/uploads\/integrationen_dolibarrr_bulk_sms-768x500.png\" class=\"attachment-us_768_0 size-us_768_0\" alt=\"Hier k\u00f6nnen Sie SMS mit Dolibarr versenden\" loading=\"lazy\" srcset=\"https:\/\/www.seven.io\/wp-content\/uploads\/integrationen_dolibarrr_bulk_sms-768x500.png 768w, https:\/\/www.seven.io\/wp-content\/uploads\/integrationen_dolibarrr_bulk_sms-300x195.png 300w, https:\/\/www.seven.io\/wp-content\/uploads\/integrationen_dolibarrr_bulk_sms-350x228.png 350w, https:\/\/www.seven.io\/wp-content\/uploads\/integrationen_dolibarrr_bulk_sms-250x163.png 250w, https:\/\/www.seven.io\/wp-content\/uploads\/integrationen_dolibarrr_bulk_sms-600x391.png 600w, https:\/\/www.seven.io\/wp-content\/uploads\/integrationen_dolibarrr_bulk_sms-400x261.png 400w, https:\/\/www.seven.io\/wp-content\/uploads\/integrationen_dolibarrr_bulk_sms-200x130.png 200w, https:\/\/www.seven.io\/wp-content\/uploads\/integrationen_dolibarrr_bulk_sms-500x326.png 500w, https:\/\/www.seven.io\/wp-content\/uploads\/integrationen_dolibarrr_bulk_sms.png 1024w\" sizes=\"auto, (max-width: 768px) 100vw, 768px\" \/><\/a><\/div><div class=\"w-separator size_custom\" style=\"height:10px\"><\/div><div class=\"wpb_text_column\"><div class=\"wpb_wrapper\"><p style=\"text-align: center;\"><em>Hier k\u00f6nnen Sie Massen-SMS mit Dolibarr versenden.<br \/>\nZum Vergr\u00f6\u00dfern anklicken.<\/em><\/p>\n<\/div><\/div><\/div><\/div><\/div><\/div><\/div><\/section><section class=\"l-section wpb_row height_small\"><div class=\"l-section-h i-cf\"><div class=\"g-cols vc_row via_flex valign_top type_default stacking_default\"><div class=\"vc_col-sm-12 wpb_column vc_column_container\"><div class=\"vc_column-inner\"><div class=\"wpb_wrapper\"><div class=\"w-actionbox us_custom_e47d7875 color_light controls_right\"><div class=\"w-actionbox-text\"><div class=\"w-actionbox-description\"><p>Sie brauchen Hilfe bei der Installation oder der Einrichtung der Funktionen?<br \/>\nAuf unserer GitHub-Seite finden Sie weitere Informationen.<\/p>\n<\/div><\/div><div class=\"w-actionbox-controls\"><a class=\"w-btn us-btn-style_5\" target=\"_blank\" href=\"https:\/\/github.com\/seven-io\/dolibarr\" rel=\"noopener\"><span class=\"w-btn-label\">Zu GitHub<\/span><\/a><\/div><\/div><\/div><\/div><\/div><\/div><\/div><\/section><!-- Row Backgrounds --><div class=\"upb_color\" data-bg-override=\"0\" data-bg-color=\"#ffffff\" data-fadeout=\"\" data-fadeout-percentage=\"30\" data-parallax-content=\"\" data-parallax-content-sense=\"30\" data-row-effect-mobile-disable=\"true\" data-img-parallax-mobile-disable=\"true\" data-rtl=\"false\"  data-custom-vc-row=\"\"  data-vc=\"8.7.2\"  data-is_old_vc=\"\"  data-theme-support=\"disable\"   data-overlay=\"false\" data-overlay-color=\"\" data-overlay-pattern=\"\" data-overlay-pattern-opacity=\"\" data-overlay-pattern-size=\"\"    ><\/div>\n","protected":false},"excerpt":{"rendered":"Dolibarr ist ein ERP und CRM dessen erste Version bereits im Jahr 2003 ver\u00f6ffentlicht wurde. Es handelt sich um eine Open-Source-Software, die sowohl als On-Premise- als auch als SaaS-Anwendung verf\u00fcgbar ist. Die Software richtet sich an alle Art von Unternehmen, aber auch an Selbstst\u00e4ndige und Organisationen. Die Funktionen der Software k\u00f6nnen mithilfe von Modulen erweitert...","protected":false},"author":1,"featured_media":30572,"parent":17075,"menu_order":0,"comment_status":"closed","ping_status":"closed","template":"","meta":{"content-type":"","footnotes":""},"class_list":["post-30603","page","type-page","status-publish","has-post-thumbnail","hentry"],"_links":{"self":[{"href":"https:\/\/www.seven.io\/de\/wp-json\/wp\/v2\/pages\/30603","targetHints":{"allow":["GET"]}}],"collection":[{"href":"https:\/\/www.seven.io\/de\/wp-json\/wp\/v2\/pages"}],"about":[{"href":"https:\/\/www.seven.io\/de\/wp-json\/wp\/v2\/types\/page"}],"author":[{"embeddable":true,"href":"https:\/\/www.seven.io\/de\/wp-json\/wp\/v2\/users\/1"}],"replies":[{"embeddable":true,"href":"https:\/\/www.seven.io\/de\/wp-json\/wp\/v2\/comments?post=30603"}],"version-history":[{"count":16,"href":"https:\/\/www.seven.io\/de\/wp-json\/wp\/v2\/pages\/30603\/revisions"}],"predecessor-version":[{"id":92346,"href":"https:\/\/www.seven.io\/de\/wp-json\/wp\/v2\/pages\/30603\/revisions\/92346"}],"up":[{"embeddable":true,"href":"https:\/\/www.seven.io\/de\/wp-json\/wp\/v2\/pages\/17075"}],"wp:featuredmedia":[{"embeddable":true,"href":"https:\/\/www.seven.io\/de\/wp-json\/wp\/v2\/media\/30572"}],"wp:attachment":[{"href":"https:\/\/www.seven.io\/de\/wp-json\/wp\/v2\/media?parent=30603"}],"curies":[{"name":"wp","href":"https:\/\/api.w.org\/{rel}","templated":true}]}}