{"id":31028,"date":"2021-10-18T12:19:24","date_gmt":"2021-10-18T10:19:24","guid":{"rendered":"https:\/\/www.sms77.io\/?page_id=31028"},"modified":"2024-03-26T13:40:47","modified_gmt":"2024-03-26T12:40:47","slug":"homey","status":"publish","type":"page","link":"https:\/\/www.seven.io\/de\/loesungen\/integrationen\/homey\/","title":{"rendered":"Homey"},"content":{"rendered":"<section class=\"l-section wpb_row height_small\"><div class=\"l-section-h i-cf\"><div class=\"g-cols vc_row via_flex valign_middle type_default stacking_default\"><div class=\"vc_col-sm-6 wpb_column vc_column_container\"><div class=\"vc_column-inner\"><div class=\"wpb_wrapper\"><div class=\"wpb_text_column\"><div class=\"wpb_wrapper\"><p><strong>Homey ist eine All-in-one-L\u00f6sung f\u00fcr die Automatisierung und \u00dcberwachung von Smart Homes. Es zeichnet sich insbesondere dadurch aus, dass es viele unterschiedliche Frequenzen ansteuern kann. So k\u00f6nnen Ger\u00e4te nicht nur via Wi-Fi oder Bluetooth bedient werden, sondern auch \u00fcber Infrarot, Z-Wave, Zigbee und andere. Dar\u00fcber hinaus k\u00f6nnen die Funktionen durch Apps erweitert werden, die nicht nur von Homeys Partnerfirmen entwickelt werden, sondern auch von Benutzern und Community-Mitgliedern. Durch die Erstellung von Flows k\u00f6nnen beliebige individuelle Abl\u00e4ufe erstellt werden. Auch der Versand von SMS in Homey ist dank einer Community-App m\u00f6glich.<\/strong><\/p>\n<\/div><\/div><div class=\"w-btn-wrapper align_none\"><a class=\"w-btn us-btn-style_1 no-border\" target=\"_blank\" rel=\"nofollow noopener\" href=\"https:\/\/github.com\/seven-io\/com.gruijter.sms\"><span class=\"w-btn-label\">Zum SMS-Plugin f\u00fcr Homey<\/span><\/a><\/div><\/div><\/div><\/div><div class=\"vc_col-sm-6 wpb_column vc_column_container\"><div class=\"vc_column-inner\"><div class=\"wpb_wrapper\"><div class=\"w-video align_none ratio_16x9 has_iframe\"><div class=\"w-video-h\"><iframe title=\"Youtube video player\" src=\"\/\/www.youtube.com\/embed\/stc7wmUHZAI?autoplay=0&controls=1&origin=https:\/\/www.seven.io\/de\/&loop=0&mute=0\" allowfullscreen=\"1\" loading=\"lazy\"><\/iframe><\/div><\/div><\/div><\/div><\/div><\/div><\/div><\/section><section class=\"l-section wpb_row height_small color_alternate\"><div class=\"l-section-h i-cf\"><div class=\"g-cols vc_row via_flex valign_middle type_default stacking_default\"><div class=\"vc_col-sm-6 wpb_column vc_column_container\"><div class=\"vc_column-inner\"><div class=\"wpb_wrapper\"><div class=\"w-image align_center\"><div class=\"w-image-h\"><img decoding=\"async\" width=\"400\" height=\"501\" src=\"https:\/\/www.seven.io\/wp-content\/uploads\/integrationen_homey_mock_de-400x501.png\" class=\"attachment-us_400_0 size-us_400_0\" alt=\"Nutzen Sie den Versand von SMS in Homey, um sich \u00fcber bestimmte Ereignisse informieren zu lassen.\" loading=\"lazy\" srcset=\"https:\/\/www.seven.io\/wp-content\/uploads\/integrationen_homey_mock_de-400x501.png 400w, https:\/\/www.seven.io\/wp-content\/uploads\/integrationen_homey_mock_de-240x300.png 240w, https:\/\/www.seven.io\/wp-content\/uploads\/integrationen_homey_mock_de-350x438.png 350w, https:\/\/www.seven.io\/wp-content\/uploads\/integrationen_homey_mock_de-250x313.png 250w, https:\/\/www.seven.io\/wp-content\/uploads\/integrationen_homey_mock_de-300x376.png 300w, https:\/\/www.seven.io\/wp-content\/uploads\/integrationen_homey_mock_de-319x400.png 319w, https:\/\/www.seven.io\/wp-content\/uploads\/integrationen_homey_mock_de-200x250.png 200w, https:\/\/www.seven.io\/wp-content\/uploads\/integrationen_homey_mock_de-500x626.png 500w, https:\/\/www.seven.io\/wp-content\/uploads\/integrationen_homey_mock_de.png 511w\" sizes=\"auto, (max-width: 400px) 100vw, 400px\" \/><\/div><\/div><\/div><\/div><\/div><div class=\"vc_col-sm-6 wpb_column vc_column_container\"><div class=\"vc_column-inner\"><div class=\"wpb_wrapper\"><div class=\"wpb_text_column\"><div class=\"wpb_wrapper\"><h3>SMS in Homey versenden<span class=\"Apple-converted-space\">\u00a0<\/span><\/h3>\n<p>Wenn Sie den Versand von SMS in Homey einbinden m\u00f6chten ist dies Dank der App von <a href=\"https:\/\/homey.app\/de-de\/apps\/author\/571676a34e0014d27c9ddec9\/page\/0\/\" target=\"_blank\" rel=\"noopener\">Robin Gruijter<\/a> m\u00f6glich. Wenn Sie die App installieren, k\u00f6nnen Sie die Daten aus <a href=\"https:\/\/app.seven.io\/signup\" rel=\"noopener\">Ihrem Account<\/a> bei uns dazu nutzen, den SMS-Versand einzurichten. Nach der Einrichtung binden Sie den Versand einfach in Ihren Flow ein und schon versenden Sie SMS.<span class=\"Apple-converted-space\">\u00a0<\/span><\/p>\n<p>Je nachdem, mit welchen Ger\u00e4ten Sie Homey verbinden, k\u00f6nnen Sie verschiedene Szenarien realisieren. Lassen Sie sich beispielsweise via SMS dar\u00fcber benachrichtigen, wenn Bewegungen erkannt werden, obwohl niemand zuhause ist oder wenn der\u00a0CO<sub>2<\/sub>-Gehalt in einem Raum einen Grenzwert \u00fcberschreitet. Die Statistik Ihres SMS-Versands k\u00f6nnen Sie wie gewohnt in unserer Webapp einsehen.<\/p>\n<\/div><\/div><\/div><\/div><\/div><\/div><\/div><\/section><!-- Row Backgrounds --><div class=\"upb_color\" data-bg-override=\"0\" data-bg-color=\"#f4f4f4\" data-fadeout=\"\" data-fadeout-percentage=\"30\" data-parallax-content=\"\" data-parallax-content-sense=\"30\" data-row-effect-mobile-disable=\"true\" data-img-parallax-mobile-disable=\"true\" data-rtl=\"false\"  data-custom-vc-row=\"\"  data-vc=\"8.7.2\"  data-is_old_vc=\"\"  data-theme-support=\"disable\"   data-overlay=\"false\" data-overlay-color=\"\" data-overlay-pattern=\"\" data-overlay-pattern-opacity=\"\" data-overlay-pattern-size=\"\"    ><\/div><section class=\"l-section wpb_row height_small\"><div class=\"l-section-h i-cf\"><div class=\"g-cols vc_row via_flex valign_top type_default stacking_default\"><div class=\"vc_col-sm-12 wpb_column vc_column_container\"><div class=\"vc_column-inner\"><div class=\"wpb_wrapper\"><div class=\"w-actionbox us_custom_e47d7875 color_light controls_right\"><div class=\"w-actionbox-text\"><div class=\"w-actionbox-description\"><p>Sie m\u00f6chten loslegen und SMS \u00fcber Homey versenden?<br \/>\nHier finden Sie die Anwendung, die die Nutzung unseres Service in Homey erm\u00f6glicht.<\/p>\n<\/div><\/div><div class=\"w-actionbox-controls\"><a class=\"w-btn us-btn-style_5\" target=\"_blank\" href=\"https:\/\/github.com\/seven-io\/com.gruijter.sms\" rel=\"noopener\"><span class=\"w-btn-label\">Zur Anwendung auf GitHub<\/span><\/a><\/div><\/div><\/div><\/div><\/div><\/div><\/div><\/section><!-- Row Backgrounds --><div class=\"upb_color\" data-bg-override=\"0\" data-bg-color=\"#ffffff\" data-fadeout=\"\" data-fadeout-percentage=\"30\" data-parallax-content=\"\" data-parallax-content-sense=\"30\" data-row-effect-mobile-disable=\"true\" data-img-parallax-mobile-disable=\"true\" data-rtl=\"false\"  data-custom-vc-row=\"\"  data-vc=\"8.7.2\"  data-is_old_vc=\"\"  data-theme-support=\"disable\"   data-overlay=\"false\" data-overlay-color=\"\" data-overlay-pattern=\"\" data-overlay-pattern-opacity=\"\" data-overlay-pattern-size=\"\"    ><\/div>\n","protected":false},"excerpt":{"rendered":"Homey ist eine All-in-one-L\u00f6sung f\u00fcr die Automatisierung und \u00dcberwachung von Smart Homes. Es zeichnet sich insbesondere dadurch aus, dass es viele unterschiedliche Frequenzen ansteuern kann. So k\u00f6nnen Ger\u00e4te nicht nur via Wi-Fi oder Bluetooth bedient werden, sondern auch \u00fcber Infrarot, Z-Wave, Zigbee und andere. Dar\u00fcber hinaus k\u00f6nnen die Funktionen durch Apps erweitert werden, die nicht...","protected":false},"author":1,"featured_media":31031,"parent":17075,"menu_order":0,"comment_status":"closed","ping_status":"closed","template":"","meta":{"content-type":"","footnotes":""},"class_list":["post-31028","page","type-page","status-publish","has-post-thumbnail","hentry"],"_links":{"self":[{"href":"https:\/\/www.seven.io\/de\/wp-json\/wp\/v2\/pages\/31028","targetHints":{"allow":["GET"]}}],"collection":[{"href":"https:\/\/www.seven.io\/de\/wp-json\/wp\/v2\/pages"}],"about":[{"href":"https:\/\/www.seven.io\/de\/wp-json\/wp\/v2\/types\/page"}],"author":[{"embeddable":true,"href":"https:\/\/www.seven.io\/de\/wp-json\/wp\/v2\/users\/1"}],"replies":[{"embeddable":true,"href":"https:\/\/www.seven.io\/de\/wp-json\/wp\/v2\/comments?post=31028"}],"version-history":[{"count":20,"href":"https:\/\/www.seven.io\/de\/wp-json\/wp\/v2\/pages\/31028\/revisions"}],"predecessor-version":[{"id":92372,"href":"https:\/\/www.seven.io\/de\/wp-json\/wp\/v2\/pages\/31028\/revisions\/92372"}],"up":[{"embeddable":true,"href":"https:\/\/www.seven.io\/de\/wp-json\/wp\/v2\/pages\/17075"}],"wp:featuredmedia":[{"embeddable":true,"href":"https:\/\/www.seven.io\/de\/wp-json\/wp\/v2\/media\/31031"}],"wp:attachment":[{"href":"https:\/\/www.seven.io\/de\/wp-json\/wp\/v2\/media?parent=31028"}],"curies":[{"name":"wp","href":"https:\/\/api.w.org\/{rel}","templated":true}]}}