{"id":31087,"date":"2021-10-19T11:15:51","date_gmt":"2021-10-19T09:15:51","guid":{"rendered":"https:\/\/www.sms77.io\/?page_id=31087"},"modified":"2024-03-26T07:45:42","modified_gmt":"2024-03-26T06:45:42","slug":"civicrm","status":"publish","type":"page","link":"https:\/\/www.seven.io\/de\/loesungen\/integrationen\/civicrm\/","title":{"rendered":"CiviCRM"},"content":{"rendered":"<section class=\"l-section wpb_row height_small\"><div class=\"l-section-h i-cf\"><div class=\"g-cols vc_row via_flex valign_middle type_default stacking_default\"><div class=\"vc_col-sm-6 wpb_column vc_column_container\"><div class=\"vc_column-inner\"><div class=\"wpb_wrapper\"><div class=\"wpb_text_column\"><div class=\"wpb_wrapper\"><p><strong>CiviCRM ist eine freie Software, die die Erstellung eines webbasierten CRM erm\u00f6glicht. Das System ist flexibel anpassbar und legt einen besonderen Fokus auf Datenschutz. Das Projekt wurde 2005 gegr\u00fcndet und konzentrierte sich zun\u00e4chst auf Nonprofit-Unternehmen. Heute soll CiviCRM Unternehmen aller Art und Gr\u00f6\u00dfe dabei helfen, ihre Beziehungen zu Kontakten zu organisieren und zu pflegen. Neben dem Core-Entwicklerteam arbeitet eine <a href=\"https:\/\/civicrm.org\/get-involved\" target=\"_blank\" rel=\"noopener\">aktive Community<\/a> best\u00e4ndig daran, das CRM weiter zu verbessern.<\/strong><\/p>\n<p><strong>Durch die Erweiterungsm\u00f6glichkeiten kann das CRM so angepasst werden, dass es vielen verschiedenen Anspr\u00fcchen gerecht wird. Mit unserem Plugin k\u00f6nnen Sie auch SMS mit CiviCRM versenden und empfangen.<\/strong><\/p>\n<\/div><\/div><div class=\"w-btn-wrapper align_none\"><a class=\"w-btn us-btn-style_1 no-border\" target=\"_blank\" rel=\"nofollow noopener\" href=\"https:\/\/github.com\/seven-io\/CiviCRM\"><span class=\"w-btn-label\">Unser SMS Plugin f\u00fcr CiviCRM<\/span><\/a><\/div><\/div><\/div><\/div><div class=\"vc_col-sm-6 wpb_column vc_column_container\"><div class=\"vc_column-inner\"><div class=\"wpb_wrapper\"><div class=\"w-video align_none ratio_16x9 has_iframe\"><div class=\"w-video-h\"><iframe title=\"Youtube video player\" src=\"\/\/www.youtube.com\/embed\/iqEOv7hWYw0?autoplay=0&controls=1&origin=https:\/\/www.seven.io\/de\/&loop=0&mute=0\" allowfullscreen=\"1\" loading=\"lazy\"><\/iframe><\/div><\/div><\/div><\/div><\/div><\/div><\/div><\/section><section class=\"l-section wpb_row height_small color_alternate\"><div class=\"l-section-h i-cf\"><div class=\"g-cols vc_row via_flex valign_middle type_default stacking_default\"><div class=\"vc_col-sm-6 wpb_column vc_column_container\"><div class=\"vc_column-inner\"><div class=\"wpb_wrapper\"><div class=\"w-image align_center\"><div class=\"w-image-h\"><img decoding=\"async\" width=\"400\" height=\"501\" src=\"https:\/\/www.seven.io\/wp-content\/uploads\/integrationen_civicrm_mock_de-400x501.png\" class=\"attachment-us_400_0 size-us_400_0\" alt=\"Nutzen Sie den Versand von SMS mit CiviCRM beispielsweise, um Ihr Team \u00fcber \u00c4nderungen zu informieren\" loading=\"lazy\" srcset=\"https:\/\/www.seven.io\/wp-content\/uploads\/integrationen_civicrm_mock_de-400x501.png 400w, https:\/\/www.seven.io\/wp-content\/uploads\/integrationen_civicrm_mock_de-240x300.png 240w, https:\/\/www.seven.io\/wp-content\/uploads\/integrationen_civicrm_mock_de-350x438.png 350w, https:\/\/www.seven.io\/wp-content\/uploads\/integrationen_civicrm_mock_de-250x313.png 250w, https:\/\/www.seven.io\/wp-content\/uploads\/integrationen_civicrm_mock_de-300x376.png 300w, https:\/\/www.seven.io\/wp-content\/uploads\/integrationen_civicrm_mock_de-319x400.png 319w, https:\/\/www.seven.io\/wp-content\/uploads\/integrationen_civicrm_mock_de-200x250.png 200w, https:\/\/www.seven.io\/wp-content\/uploads\/integrationen_civicrm_mock_de-500x626.png 500w, https:\/\/www.seven.io\/wp-content\/uploads\/integrationen_civicrm_mock_de.png 511w\" sizes=\"auto, (max-width: 400px) 100vw, 400px\" \/><\/div><\/div><\/div><\/div><\/div><div class=\"vc_col-sm-6 wpb_column vc_column_container\"><div class=\"vc_column-inner\"><div class=\"wpb_wrapper\"><div class=\"wpb_text_column\"><div class=\"wpb_wrapper\"><h3>Versenden Sie SMS mit CiviCRM<\/h3>\n<p>Nutzen Sie unser Plugin, um SMS mit CiviCRM zu versenden. Sie ben\u00f6tigen lediglich einen <a href=\"https:\/\/app.seven.io\" rel=\"noopener\">seven-Account<\/a>\u00a0mit ausreichendem Guthaben sowie unser Plugin, das nach einem kurzen Setup einsatzbereit ist. Wenn Sie m\u00f6chten, k\u00f6nnen Sie auch den Empfang von SMS in CiviCRM einrichten.<\/p>\n<p>SMS erreichen Ihre Empf\u00e4nger zuverl\u00e4ssig und werden \u00fcberdurchschnittlich schnell gelesen. Daher eignen sie sich besonders, aber nicht ausschlie\u00dflich, f\u00fcr kurzfristige oder besonders pers\u00f6nliche Nachrichten.\u00a0Erm\u00f6glichen Sie Ihren Empf\u00e4ngern, direkt auf Ihre SMS zu antworten, um die Konversation so einfach und nat\u00fcrlich wie m\u00f6glich zu gestalten. Ob Sie Terminerinnerungen an Ihr Team versenden m\u00f6chten oder exklusive Angebote an Ihre Kunden senden wollen \u2013 SMS kommen gut an.<\/p>\n<\/div><\/div><\/div><\/div><\/div><\/div><\/div><\/section><!-- Row Backgrounds --><div class=\"upb_color\" data-bg-override=\"0\" data-bg-color=\"#f4f4f4\" data-fadeout=\"\" data-fadeout-percentage=\"30\" data-parallax-content=\"\" data-parallax-content-sense=\"30\" data-row-effect-mobile-disable=\"true\" data-img-parallax-mobile-disable=\"true\" data-rtl=\"false\"  data-custom-vc-row=\"\"  data-vc=\"8.7.2\"  data-is_old_vc=\"\"  data-theme-support=\"disable\"   data-overlay=\"false\" data-overlay-color=\"\" data-overlay-pattern=\"\" data-overlay-pattern-opacity=\"\" data-overlay-pattern-size=\"\"    ><\/div><section class=\"l-section wpb_row height_small\"><div class=\"l-section-h i-cf\"><div class=\"g-cols vc_row via_flex valign_middle type_default stacking_default\"><div class=\"vc_col-sm-6 wpb_column vc_column_container\"><div class=\"vc_column-inner\"><div class=\"wpb_wrapper\"><div class=\"wpb_text_column\"><div class=\"wpb_wrapper\"><h3>SMS versenden und empfangen<\/h3>\n<\/div><\/div><div class=\"uavc-list-icon uavc-list-icon-wrapper ult-adjust-bottom-margin   \"><ul class=\"uavc-list\"><li><div class=\"uavc-list-content\" id=\"list-icon-wrap-9624\">\n<div class=\"uavc-list-icon  \" data-animation=\"\" data-animation-delay=\"03\" style=\"margin-right:25px;\"><div class=\"ult-just-icon-wrapper  \"><div class=\"align-icon\" style=\"text-align:center;\">\n<div class=\"aio-icon none \"  style=\"color:#52c0fa;font-size:40px;display:inline-block;\">\n\t<i class=\"Defaults-envelope-o\"><\/i>\n<\/div><\/div><\/div>\n<\/div><span  data-ultimate-target='#list-icon-wrap-9624 .uavc-list-desc'  data-responsive-json-new='{\"font-size\":\"\",\"line-height\":\"\"}'  class=\"uavc-list-desc ult-responsive\" style=\"\">Versenden und empfangen Sie SMS, ohne die Benutzeroberfl\u00e4che von CiviCRM zu verlassen.<\/span><\/div><\/li><\/ul><\/div><div class=\"wpb_text_column\"><div class=\"wpb_wrapper\"><h3>Platzhalter<\/h3>\n<\/div><\/div><div class=\"uavc-list-icon uavc-list-icon-wrapper ult-adjust-bottom-margin   \"><ul class=\"uavc-list\"><li><div class=\"uavc-list-content\" id=\"list-icon-wrap-3726\">\n<div class=\"uavc-list-icon  \" data-animation=\"\" data-animation-delay=\"03\" style=\"margin-right:25px;\"><div class=\"ult-just-icon-wrapper  \"><div class=\"align-icon\" style=\"text-align:center;\">\n<div class=\"aio-icon none \"  style=\"color:#52c0fa;font-size:40px;display:inline-block;\">\n\t<i class=\"Defaults-user\"><\/i>\n<\/div><\/div><\/div>\n<\/div><span  data-ultimate-target='#list-icon-wrap-3726 .uavc-list-desc'  data-responsive-json-new='{\"font-size\":\"\",\"line-height\":\"\"}'  class=\"uavc-list-desc ult-responsive\" style=\"\">Personalisieren Sie Ihre SMS, indem Sie Platzhalter f\u00fcr elementare Informationen \u00fcber den jeweiligen Kontakt einsetzen.<\/span><\/div><\/li><\/ul><\/div><\/div><\/div><\/div><div class=\"vc_col-sm-6 wpb_column vc_column_container\"><div class=\"vc_column-inner\"><div class=\"wpb_wrapper\"><div class=\"w-image no-border align_center\"><a ref=\"magnificPopup\" href=\"https:\/\/www.seven.io\/wp-content\/uploads\/integrationen_civiCRM_screenshot.png\" aria-label=\"integrationen_civiCRM_screenshot\" class=\"w-image-h\"><img decoding=\"async\" width=\"768\" height=\"432\" src=\"https:\/\/www.seven.io\/wp-content\/uploads\/integrationen_civiCRM_screenshot-768x432.png\" class=\"attachment-us_768_0 size-us_768_0\" alt=\"Versenden Sie SMS mit CiviCRM\" loading=\"lazy\" srcset=\"https:\/\/www.seven.io\/wp-content\/uploads\/integrationen_civiCRM_screenshot-768x432.png 768w, https:\/\/www.seven.io\/wp-content\/uploads\/integrationen_civiCRM_screenshot-300x169.png 300w, https:\/\/www.seven.io\/wp-content\/uploads\/integrationen_civiCRM_screenshot-350x197.png 350w, https:\/\/www.seven.io\/wp-content\/uploads\/integrationen_civiCRM_screenshot-250x141.png 250w, https:\/\/www.seven.io\/wp-content\/uploads\/integrationen_civiCRM_screenshot-600x338.png 600w, https:\/\/www.seven.io\/wp-content\/uploads\/integrationen_civiCRM_screenshot-400x225.png 400w, https:\/\/www.seven.io\/wp-content\/uploads\/integrationen_civiCRM_screenshot-200x113.png 200w, https:\/\/www.seven.io\/wp-content\/uploads\/integrationen_civiCRM_screenshot.png 1024w\" sizes=\"auto, (max-width: 768px) 100vw, 768px\" \/><\/a><\/div><div class=\"wpb_text_column\"><div class=\"wpb_wrapper\"><p style=\"text-align: center;\"><em>Versand einer SMS mit CiviCRM, zum Vergr\u00f6\u00dfern anklicken.<\/em><\/p>\n<\/div><\/div><\/div><\/div><\/div><\/div><\/div><\/section><section class=\"l-section wpb_row height_small\"><div class=\"l-section-h i-cf\"><div class=\"g-cols vc_row via_flex valign_top type_default stacking_default\"><div class=\"vc_col-sm-12 wpb_column vc_column_container\"><div class=\"vc_column-inner\"><div class=\"wpb_wrapper\"><div class=\"w-actionbox us_custom_e47d7875 color_light controls_right\"><div class=\"w-actionbox-text\"><div class=\"w-actionbox-description\"><p>Sie brauchen Hilfe bei der Installation oder der Einrichtung der Funktionen?<br \/>\nAuf unserer GitHub-Seite finden Sie weitere Informationen.<\/p>\n<\/div><\/div><div class=\"w-actionbox-controls\"><a class=\"w-btn us-btn-style_5\" target=\"_blank\" href=\"https:\/\/github.com\/seven-io\/CiviCRM\" rel=\"noopener\"><span class=\"w-btn-label\">Zu GitHub<\/span><\/a><\/div><\/div><\/div><\/div><\/div><\/div><\/div><\/section><!-- Row Backgrounds --><div class=\"upb_color\" data-bg-override=\"0\" data-bg-color=\"#ffffff\" data-fadeout=\"\" data-fadeout-percentage=\"30\" data-parallax-content=\"\" data-parallax-content-sense=\"30\" data-row-effect-mobile-disable=\"true\" data-img-parallax-mobile-disable=\"true\" data-rtl=\"false\"  data-custom-vc-row=\"\"  data-vc=\"8.7.2\"  data-is_old_vc=\"\"  data-theme-support=\"disable\"   data-overlay=\"false\" data-overlay-color=\"\" data-overlay-pattern=\"\" data-overlay-pattern-opacity=\"\" data-overlay-pattern-size=\"\"    ><\/div>\n","protected":false},"excerpt":{"rendered":"CiviCRM ist eine freie Software, die die Erstellung eines webbasierten CRM erm\u00f6glicht. Das System ist flexibel anpassbar und legt einen besonderen Fokus auf Datenschutz. Das Projekt wurde 2005 gegr\u00fcndet und konzentrierte sich zun\u00e4chst auf Nonprofit-Unternehmen. Heute soll CiviCRM Unternehmen aller Art und Gr\u00f6\u00dfe dabei helfen, ihre Beziehungen zu Kontakten zu organisieren und zu pflegen. Neben...","protected":false},"author":1,"featured_media":31078,"parent":17075,"menu_order":0,"comment_status":"closed","ping_status":"closed","template":"","meta":{"content-type":"","footnotes":""},"class_list":["post-31087","page","type-page","status-publish","has-post-thumbnail","hentry"],"_links":{"self":[{"href":"https:\/\/www.seven.io\/de\/wp-json\/wp\/v2\/pages\/31087","targetHints":{"allow":["GET"]}}],"collection":[{"href":"https:\/\/www.seven.io\/de\/wp-json\/wp\/v2\/pages"}],"about":[{"href":"https:\/\/www.seven.io\/de\/wp-json\/wp\/v2\/types\/page"}],"author":[{"embeddable":true,"href":"https:\/\/www.seven.io\/de\/wp-json\/wp\/v2\/users\/1"}],"replies":[{"embeddable":true,"href":"https:\/\/www.seven.io\/de\/wp-json\/wp\/v2\/comments?post=31087"}],"version-history":[{"count":20,"href":"https:\/\/www.seven.io\/de\/wp-json\/wp\/v2\/pages\/31087\/revisions"}],"predecessor-version":[{"id":92340,"href":"https:\/\/www.seven.io\/de\/wp-json\/wp\/v2\/pages\/31087\/revisions\/92340"}],"up":[{"embeddable":true,"href":"https:\/\/www.seven.io\/de\/wp-json\/wp\/v2\/pages\/17075"}],"wp:featuredmedia":[{"embeddable":true,"href":"https:\/\/www.seven.io\/de\/wp-json\/wp\/v2\/media\/31078"}],"wp:attachment":[{"href":"https:\/\/www.seven.io\/de\/wp-json\/wp\/v2\/media?parent=31087"}],"curies":[{"name":"wp","href":"https:\/\/api.w.org\/{rel}","templated":true}]}}