{"id":31213,"date":"2021-10-21T08:59:48","date_gmt":"2021-10-21T06:59:48","guid":{"rendered":"https:\/\/www.sms77.io\/?page_id=31213"},"modified":"2024-03-27T12:38:03","modified_gmt":"2024-03-27T11:38:03","slug":"sachet-in-prometheus","status":"publish","type":"page","link":"https:\/\/www.seven.io\/de\/loesungen\/integrationen\/sachet-in-prometheus\/","title":{"rendered":"Sachet in Prometheus"},"content":{"rendered":"<section class=\"l-section wpb_row height_small\"><div class=\"l-section-h i-cf\"><div class=\"g-cols vc_row via_flex valign_middle type_default stacking_default\"><div class=\"vc_col-sm-6 wpb_column vc_column_container\"><div class=\"vc_column-inner\"><div class=\"wpb_wrapper\"><div class=\"wpb_text_column\"><div class=\"wpb_wrapper\"><p><strong>Prometheus ist ein Open-Source-\u00dcberwachungssystem\u00a0zum Monitoring von IT-Infrastrukturen. Es erschien erstmals im Jahr 2012 und wird seitdem st\u00e4ndig von einer aktiven Community weiterentwickelt. Durch verschiedene Erweiterungen kann Prometheus den Bed\u00fcrfnissen jedes Unternehmens angepasst werden.<\/strong><\/p>\n<p><strong>Sachet ist ein SMS-Alarm-Tool f\u00fcr den <a href=\"https:\/\/github.com\/prometheus\/alertmanager\" target=\"_blank\" rel=\"noopener\">Prometheus Alertmanager<\/a>, der Benachrichtigungen versendet, wenn ein von Ihnen festgelegter Schwellenwert \u00fcberschritten wird.<span class=\"Apple-converted-space\">\u00a0<\/span><\/strong><\/p>\n<p><strong>Sachet erm\u00f6glicht die Einbindung von verschiedenen SMS Gateways, die via Webhook angesprochen werden. So k\u00f6nnen Sie auch \u00fcber seven SMS mit Prometheus versenden.<\/strong><\/p>\n<\/div><\/div><div class=\"w-btn-wrapper align_none\"><a class=\"w-btn us-btn-style_1 no-border\" target=\"_blank\" rel=\"nofollow noopener\" href=\"https:\/\/github.com\/seven-io\/sachet\"><span class=\"w-btn-label\">SMS mit Prometheus und Sachet versenden<\/span><\/a><\/div><\/div><\/div><\/div><div class=\"vc_col-sm-6 wpb_column vc_column_container\"><div class=\"vc_column-inner\"><div class=\"wpb_wrapper\"><div class=\"w-image align_center\"><div class=\"w-image-h\"><img decoding=\"async\" width=\"400\" height=\"400\" src=\"https:\/\/www.seven.io\/wp-content\/uploads\/integrationen_prometheus_logo-400x400.png\" class=\"attachment-us_400_0 size-us_400_0\" alt=\"Integrieren Sie den Versand von SMS mit Prometheus via Sachet und sms77\" loading=\"lazy\" srcset=\"https:\/\/www.seven.io\/wp-content\/uploads\/integrationen_prometheus_logo-400x400.png 400w, https:\/\/www.seven.io\/wp-content\/uploads\/integrationen_prometheus_logo-300x300.png 300w, https:\/\/www.seven.io\/wp-content\/uploads\/integrationen_prometheus_logo-150x150.png 150w, https:\/\/www.seven.io\/wp-content\/uploads\/integrationen_prometheus_logo-350x350.png 350w, https:\/\/www.seven.io\/wp-content\/uploads\/integrationen_prometheus_logo-250x250.png 250w, https:\/\/www.seven.io\/wp-content\/uploads\/integrationen_prometheus_logo-200x200.png 200w, https:\/\/www.seven.io\/wp-content\/uploads\/integrationen_prometheus_logo.png 450w\" sizes=\"auto, (max-width: 400px) 100vw, 400px\" \/><\/div><\/div><\/div><\/div><\/div><\/div><\/div><\/section><section class=\"l-section wpb_row height_small color_alternate\"><div class=\"l-section-h i-cf\"><div class=\"g-cols vc_row via_flex valign_middle type_default stacking_default\"><div class=\"vc_col-sm-6 wpb_column vc_column_container\"><div class=\"vc_column-inner\"><div class=\"wpb_wrapper\"><div class=\"w-image align_center\"><div class=\"w-image-h\"><img decoding=\"async\" width=\"400\" height=\"501\" src=\"https:\/\/www.seven.io\/wp-content\/uploads\/integrationen_prometheus_mock_de-400x501.png\" class=\"attachment-us_400_0 size-us_400_0\" alt=\"Versenden Sie Alarm-SMS mit Prometheus\" loading=\"lazy\" srcset=\"https:\/\/www.seven.io\/wp-content\/uploads\/integrationen_prometheus_mock_de-400x501.png 400w, https:\/\/www.seven.io\/wp-content\/uploads\/integrationen_prometheus_mock_de-240x300.png 240w, https:\/\/www.seven.io\/wp-content\/uploads\/integrationen_prometheus_mock_de-350x438.png 350w, https:\/\/www.seven.io\/wp-content\/uploads\/integrationen_prometheus_mock_de-250x313.png 250w, https:\/\/www.seven.io\/wp-content\/uploads\/integrationen_prometheus_mock_de-300x376.png 300w, https:\/\/www.seven.io\/wp-content\/uploads\/integrationen_prometheus_mock_de-319x400.png 319w, https:\/\/www.seven.io\/wp-content\/uploads\/integrationen_prometheus_mock_de-200x250.png 200w, https:\/\/www.seven.io\/wp-content\/uploads\/integrationen_prometheus_mock_de-500x626.png 500w, https:\/\/www.seven.io\/wp-content\/uploads\/integrationen_prometheus_mock_de.png 511w\" sizes=\"auto, (max-width: 400px) 100vw, 400px\" \/><\/div><\/div><\/div><\/div><\/div><div class=\"vc_col-sm-6 wpb_column vc_column_container\"><div class=\"vc_column-inner\"><div class=\"wpb_wrapper\"><div class=\"wpb_text_column\"><div class=\"wpb_wrapper\"><h3>Versand von SMS mit Prometheus via Sachet und seven<\/h3>\n<p>Dank der Integration in Sachet k\u00f6nnen Sie jetzt Ihre Alarm-SMS von Prometheus auch via seven versenden.<span class=\"Apple-converted-space\">\u00a0Nach einem kurzen Setup erhalten Sie so unkompliziert Alarm-SMS zu Ihren gew\u00fcnschten Vorf\u00e4llen.<\/span><\/p>\n<p>SMS eignen sich hervorragend zum Versand von Alarmen aller Art, auch im Monitoring. Sie lassen sich \u00fcber einen SMS-Anbieter wie seven.io unkompliziert einbinden und erreichen Mobiltelefone schnell und zuverl\u00e4ssig, v\u00f6llig unabh\u00e4ngig davon, ob das Empfangsger\u00e4t mit dem Internet verbunden ist oder nicht.<span class=\"Apple-converted-space\">\u00a0<\/span><\/p>\n<\/div><\/div><\/div><\/div><\/div><\/div><\/div><\/section><!-- Row Backgrounds --><div class=\"upb_color\" data-bg-override=\"0\" data-bg-color=\"#f4f4f4\" data-fadeout=\"\" data-fadeout-percentage=\"30\" data-parallax-content=\"\" data-parallax-content-sense=\"30\" data-row-effect-mobile-disable=\"true\" data-img-parallax-mobile-disable=\"true\" data-rtl=\"false\"  data-custom-vc-row=\"\"  data-vc=\"8.7.2\"  data-is_old_vc=\"\"  data-theme-support=\"disable\"   data-overlay=\"false\" data-overlay-color=\"\" data-overlay-pattern=\"\" data-overlay-pattern-opacity=\"\" data-overlay-pattern-size=\"\"    ><\/div><section class=\"l-section wpb_row height_small\"><div class=\"l-section-h i-cf\"><div class=\"g-cols vc_row via_flex valign_middle type_default stacking_default\"><div class=\"vc_col-sm-6 wpb_column vc_column_container\"><div class=\"vc_column-inner\"><div class=\"wpb_wrapper\"><div class=\"wpb_text_column\"><div class=\"wpb_wrapper\"><h3>SMS-Versand<\/h3>\n<\/div><\/div><div class=\"uavc-list-icon uavc-list-icon-wrapper ult-adjust-bottom-margin   \"><ul class=\"uavc-list\"><li><div class=\"uavc-list-content\" id=\"list-icon-wrap-1104\">\n<div class=\"uavc-list-icon  \" data-animation=\"\" data-animation-delay=\"03\" style=\"margin-right:25px;\"><div class=\"ult-just-icon-wrapper  \"><div class=\"align-icon\" style=\"text-align:center;\">\n<div class=\"aio-icon none \"  style=\"color:#52c0fa;font-size:40px;display:inline-block;\">\n\t<i class=\"Defaults-envelope-o\"><\/i>\n<\/div><\/div><\/div>\n<\/div><span  data-ultimate-target='#list-icon-wrap-1104 .uavc-list-desc'  data-responsive-json-new='{\"font-size\":\"\",\"line-height\":\"\"}'  class=\"uavc-list-desc ult-responsive\" style=\"\">Versenden Sie automatisierte SMS-Alarme, ausgel\u00f6st durch Ihr Monitoring in Prometheus.<\/span><\/div><\/li><\/ul><\/div><div class=\"wpb_text_column\"><div class=\"wpb_wrapper\"><h3>Versand von Text-to-Speech-Nachrichten<\/h3>\n<\/div><\/div><div class=\"uavc-list-icon uavc-list-icon-wrapper ult-adjust-bottom-margin   \"><ul class=\"uavc-list\"><li><div class=\"uavc-list-content\" id=\"list-icon-wrap-3854\">\n<div class=\"uavc-list-icon  \" data-animation=\"\" data-animation-delay=\"03\" style=\"margin-right:25px;\"><div class=\"ult-just-icon-wrapper  \"><div class=\"align-icon\" style=\"text-align:center;\">\n<div class=\"aio-icon none \"  style=\"color:#52c0fa;font-size:40px;display:inline-block;\">\n\t<i class=\"Defaults-phone\"><\/i>\n<\/div><\/div><\/div>\n<\/div><span  data-ultimate-target='#list-icon-wrap-3854 .uavc-list-desc'  data-responsive-json-new='{\"font-size\":\"\",\"line-height\":\"\"}'  class=\"uavc-list-desc ult-responsive\" style=\"\">Eine Alarm-SMS gen\u00fcgt Ihnen nicht? Lassen Sie sich automatisch anrufen und den Inhalt der Nachricht am Telefon vorlesen.<\/span><\/div><\/li><\/ul><\/div><\/div><\/div><\/div><div class=\"vc_col-sm-6 wpb_column vc_column_container\"><div class=\"vc_column-inner\"><div class=\"wpb_wrapper\"><div class=\"w-image align_center\"><div class=\"w-image-h\"><img decoding=\"async\" width=\"768\" height=\"432\" src=\"https:\/\/www.seven.io\/wp-content\/uploads\/integrationen-Stackstorm_mood-768x432.png\" class=\"attachment-us_768_0 size-us_768_0\" alt=\"Versenden Sie SMS mit StackStorm, um \u00fcber Vorf\u00e4lle in Ihrem Netzwerk informiert zu werden\" loading=\"lazy\" srcset=\"https:\/\/www.seven.io\/wp-content\/uploads\/integrationen-Stackstorm_mood-768x432.png 768w, https:\/\/www.seven.io\/wp-content\/uploads\/integrationen-Stackstorm_mood-300x169.png 300w, https:\/\/www.seven.io\/wp-content\/uploads\/integrationen-Stackstorm_mood-350x197.png 350w, https:\/\/www.seven.io\/wp-content\/uploads\/integrationen-Stackstorm_mood-250x141.png 250w, https:\/\/www.seven.io\/wp-content\/uploads\/integrationen-Stackstorm_mood-600x338.png 600w, https:\/\/www.seven.io\/wp-content\/uploads\/integrationen-Stackstorm_mood-400x225.png 400w, https:\/\/www.seven.io\/wp-content\/uploads\/integrationen-Stackstorm_mood-200x113.png 200w, https:\/\/www.seven.io\/wp-content\/uploads\/integrationen-Stackstorm_mood-500x281.png 500w, https:\/\/www.seven.io\/wp-content\/uploads\/integrationen-Stackstorm_mood.png 800w\" sizes=\"auto, (max-width: 768px) 100vw, 768px\" \/><\/div><\/div><\/div><\/div><\/div><\/div><\/div><\/section><section class=\"l-section wpb_row height_small\"><div class=\"l-section-h i-cf\"><div class=\"g-cols vc_row via_flex valign_top type_default stacking_default\"><div class=\"vc_col-sm-12 wpb_column vc_column_container\"><div class=\"vc_column-inner\"><div class=\"wpb_wrapper\"><div class=\"w-actionbox us_custom_e47d7875 color_light controls_right\"><div class=\"w-actionbox-text\"><div class=\"w-actionbox-description\"><p>Sie brauchen Hilfe bei der Installation oder der Einrichtung der Funktionen?<br \/>\nAuf der GitHub-Seite f\u00fcr Sachet finden Sie weitere Informationen.<\/p>\n<\/div><\/div><div class=\"w-actionbox-controls\"><a class=\"w-btn us-btn-style_5\" target=\"_blank\" href=\"https:\/\/github.com\/seven-io\/sachet\" rel=\"noopener\"><span class=\"w-btn-label\">Zu GitHub<\/span><\/a><\/div><\/div><\/div><\/div><\/div><\/div><\/div><\/section><!-- Row Backgrounds --><div class=\"upb_color\" data-bg-override=\"0\" data-bg-color=\"#ffffff\" data-fadeout=\"\" data-fadeout-percentage=\"30\" data-parallax-content=\"\" data-parallax-content-sense=\"30\" data-row-effect-mobile-disable=\"true\" data-img-parallax-mobile-disable=\"true\" data-rtl=\"false\"  data-custom-vc-row=\"\"  data-vc=\"8.7.2\"  data-is_old_vc=\"\"  data-theme-support=\"disable\"   data-overlay=\"false\" data-overlay-color=\"\" data-overlay-pattern=\"\" data-overlay-pattern-opacity=\"\" data-overlay-pattern-size=\"\"    ><\/div>\n","protected":false},"excerpt":{"rendered":"Prometheus ist ein Open-Source-\u00dcberwachungssystem\u00a0zum Monitoring von IT-Infrastrukturen. Es erschien erstmals im Jahr 2012 und wird seitdem st\u00e4ndig von einer aktiven Community weiterentwickelt. Durch verschiedene Erweiterungen kann Prometheus den Bed\u00fcrfnissen jedes Unternehmens angepasst werden. Sachet ist ein SMS-Alarm-Tool f\u00fcr den Prometheus Alertmanager, der Benachrichtigungen versendet, wenn ein von Ihnen festgelegter Schwellenwert \u00fcberschritten wird.\u00a0 Sachet erm\u00f6glicht die...","protected":false},"author":1,"featured_media":31269,"parent":17075,"menu_order":0,"comment_status":"closed","ping_status":"closed","template":"","meta":{"content-type":"","footnotes":""},"class_list":["post-31213","page","type-page","status-publish","has-post-thumbnail","hentry"],"_links":{"self":[{"href":"https:\/\/www.seven.io\/de\/wp-json\/wp\/v2\/pages\/31213","targetHints":{"allow":["GET"]}}],"collection":[{"href":"https:\/\/www.seven.io\/de\/wp-json\/wp\/v2\/pages"}],"about":[{"href":"https:\/\/www.seven.io\/de\/wp-json\/wp\/v2\/types\/page"}],"author":[{"embeddable":true,"href":"https:\/\/www.seven.io\/de\/wp-json\/wp\/v2\/users\/1"}],"replies":[{"embeddable":true,"href":"https:\/\/www.seven.io\/de\/wp-json\/wp\/v2\/comments?post=31213"}],"version-history":[{"count":20,"href":"https:\/\/www.seven.io\/de\/wp-json\/wp\/v2\/pages\/31213\/revisions"}],"predecessor-version":[{"id":92416,"href":"https:\/\/www.seven.io\/de\/wp-json\/wp\/v2\/pages\/31213\/revisions\/92416"}],"up":[{"embeddable":true,"href":"https:\/\/www.seven.io\/de\/wp-json\/wp\/v2\/pages\/17075"}],"wp:featuredmedia":[{"embeddable":true,"href":"https:\/\/www.seven.io\/de\/wp-json\/wp\/v2\/media\/31269"}],"wp:attachment":[{"href":"https:\/\/www.seven.io\/de\/wp-json\/wp\/v2\/media?parent=31213"}],"curies":[{"name":"wp","href":"https:\/\/api.w.org\/{rel}","templated":true}]}}