{"id":31340,"date":"2022-02-15T11:18:43","date_gmt":"2022-02-15T10:18:43","guid":{"rendered":"https:\/\/www.sms77.io\/?page_id=31340"},"modified":"2024-07-02T12:02:12","modified_gmt":"2024-07-02T10:02:12","slug":"homebridge","status":"publish","type":"page","link":"https:\/\/www.seven.io\/de\/loesungen\/integrationen\/homebridge\/","title":{"rendered":"Homebridge"},"content":{"rendered":"<section class=\"l-section wpb_row height_small\"><div class=\"l-section-h i-cf\"><div class=\"g-cols vc_row via_flex valign_middle type_default stacking_default\"><div class=\"vc_col-sm-6 wpb_column vc_column_container\"><div class=\"vc_column-inner\"><div class=\"wpb_wrapper\"><div class=\"wpb_text_column\"><div class=\"wpb_wrapper\"><p><strong>Homebridge ist eine Open-Source-Software, die die Integration von Ger\u00e4ten in Apples HomeKit erm\u00f6glicht, wenn diese nicht nativ unterst\u00fctzt werden. Homebridge kann auf allen g\u00e4ngigen Systemen betrieben werden, der Betrieb \u00fcber ein Raspberry Pi ist aber in der Community besonders popul\u00e4r. <\/strong><\/p>\n<p><strong>Aktuell sind mehr als <a href=\"https:\/\/www.npmjs.com\/search?q=keywords%3Ahomebridge-plugin\" target=\"_blank\" rel=\"noopener\">4000 Pakete<\/a> verf\u00fcgbar, die die Funktionen von Homekit erweitern. Nutzer haben so also die M\u00f6glichkeit umfangreiche Funktionen und Automationen in Ihrem Smart-Home zu nutzen, die ihnen sonst nicht zur Verf\u00fcgung stehen w\u00fcrden. Wenn Sie unser Plugin einbinden, k\u00f6nnen Sie Voice-Nachrichten und SMS mit Homebridge versenden.<span class=\"Apple-converted-space\">\u00a0<\/span><\/strong><\/p>\n<\/div><\/div><div class=\"w-btn-wrapper align_none\"><a class=\"w-btn us-btn-style_1 no-border\" target=\"_blank\" rel=\"nofollow noopener\" href=\"https:\/\/github.com\/seven-io\/homebridge-sms\"><span class=\"w-btn-label\">Unser SMS-Plugin f\u00fcr Homebridge<\/span><\/a><\/div><div class=\"w-btn-wrapper align_none\"><a class=\"w-btn us-btn-style_1 no-border\" target=\"_blank\" rel=\"nofollow noopener\" href=\"https:\/\/github.com\/seven-io\/homebridge-voice\"><span class=\"w-btn-label\">Unser Voice-Plugin f\u00fcr Homebridge<\/span><\/a><\/div><\/div><\/div><\/div><div class=\"vc_col-sm-6 wpb_column vc_column_container\"><div class=\"vc_column-inner\"><div class=\"wpb_wrapper\"><div class=\"w-image align_center\"><div class=\"w-image-h\"><img decoding=\"async\" width=\"300\" height=\"300\" src=\"https:\/\/www.seven.io\/wp-content\/uploads\/integrationen_homebridge_logo-300x300.png\" class=\"attachment-us_300_0 size-us_300_0\" alt=\"Homebridge Logo\" loading=\"lazy\" srcset=\"https:\/\/www.seven.io\/wp-content\/uploads\/integrationen_homebridge_logo-300x300.png 300w, https:\/\/www.seven.io\/wp-content\/uploads\/integrationen_homebridge_logo-150x150.png 150w, https:\/\/www.seven.io\/wp-content\/uploads\/integrationen_homebridge_logo-350x350.png 350w, https:\/\/www.seven.io\/wp-content\/uploads\/integrationen_homebridge_logo-250x250.png 250w, https:\/\/www.seven.io\/wp-content\/uploads\/integrationen_homebridge_logo-400x400.png 400w, https:\/\/www.seven.io\/wp-content\/uploads\/integrationen_homebridge_logo-200x200.png 200w, https:\/\/www.seven.io\/wp-content\/uploads\/integrationen_homebridge_logo.png 450w\" sizes=\"auto, (max-width: 300px) 100vw, 300px\" \/><\/div><\/div><\/div><\/div><\/div><\/div><\/div><\/section><section class=\"l-section wpb_row height_small color_alternate\"><div class=\"l-section-h i-cf\"><div class=\"g-cols vc_row via_flex valign_middle type_default stacking_default\"><div class=\"vc_col-sm-6 wpb_column vc_column_container\"><div class=\"vc_column-inner\"><div class=\"wpb_wrapper\"><div class=\"w-image align_center\"><div class=\"w-image-h\"><img decoding=\"async\" width=\"400\" height=\"501\" src=\"https:\/\/www.seven.io\/wp-content\/uploads\/integrationen_homebridge_bewegungsmelder_de-400x501.png\" class=\"attachment-us_400_0 size-us_400_0\" alt=\"Versenden Sie SMS mit Homebridge, um sich \u00fcber bestimmte Ereignisse informieren zu lassen\" loading=\"lazy\" srcset=\"https:\/\/www.seven.io\/wp-content\/uploads\/integrationen_homebridge_bewegungsmelder_de-400x501.png 400w, https:\/\/www.seven.io\/wp-content\/uploads\/integrationen_homebridge_bewegungsmelder_de-240x300.png 240w, https:\/\/www.seven.io\/wp-content\/uploads\/integrationen_homebridge_bewegungsmelder_de-350x438.png 350w, https:\/\/www.seven.io\/wp-content\/uploads\/integrationen_homebridge_bewegungsmelder_de-250x313.png 250w, https:\/\/www.seven.io\/wp-content\/uploads\/integrationen_homebridge_bewegungsmelder_de-300x376.png 300w, https:\/\/www.seven.io\/wp-content\/uploads\/integrationen_homebridge_bewegungsmelder_de-319x400.png 319w, https:\/\/www.seven.io\/wp-content\/uploads\/integrationen_homebridge_bewegungsmelder_de-200x250.png 200w, https:\/\/www.seven.io\/wp-content\/uploads\/integrationen_homebridge_bewegungsmelder_de.png 511w\" sizes=\"auto, (max-width: 400px) 100vw, 400px\" \/><\/div><\/div><\/div><\/div><\/div><div class=\"vc_col-sm-6 wpb_column vc_column_container\"><div class=\"vc_column-inner\"><div class=\"wpb_wrapper\"><div class=\"wpb_text_column\"><div class=\"wpb_wrapper\"><h3>Versenden Sie Voice-Nachrichten und SMS mit Homebridge<\/h3>\n<p>Unser Plugin erm\u00f6glicht es Ihnen, Voice-Nachrichten und SMS in Homebridge zu versenden und so beispielsweise Automationen zu erstellen, die Sie bei Bedarf \u00fcber wichtige Ereignisse informieren. Die gro\u00dfe Zahl an verf\u00fcgbaren Plugins und Ger\u00e4ten l\u00e4sst kaum W\u00fcnsche offen, sodass Sie sicher auch Ihren pers\u00f6nlichen Plan verwirklichen k\u00f6nnen.<span class=\"Apple-converted-space\"><br \/>\n<\/span><\/p>\n<p>G\u00e4ngige Anwendungsf\u00e4lle sind zum Beispiel der Versand einer SMS, wenn Messger\u00e4te einen festgelegten Grenzwert \u00fcberschreiten oder wenn ein bestimmter Bewegungsmelder ausgel\u00f6st wird.\u00a0Viele unserer Kunden nutzen f\u00fcr Alarme gerne die <a href=\"\/de\/produkte\/voice\/\">Voice-Funktion<\/a>, bei der ein Anruf statt einer SMS ausgel\u00f6st wird.<span class=\"Apple-converted-space\">\u00a0<\/span><\/p>\n<\/div><\/div><\/div><\/div><\/div><\/div><\/div><\/section><!-- Row Backgrounds --><div class=\"upb_color\" data-bg-override=\"0\" data-bg-color=\"#f4f4f4\" data-fadeout=\"\" data-fadeout-percentage=\"30\" data-parallax-content=\"\" data-parallax-content-sense=\"30\" data-row-effect-mobile-disable=\"true\" data-img-parallax-mobile-disable=\"true\" data-rtl=\"false\"  data-custom-vc-row=\"\"  data-vc=\"8.7.2\"  data-is_old_vc=\"\"  data-theme-support=\"disable\"   data-overlay=\"false\" data-overlay-color=\"\" data-overlay-pattern=\"\" data-overlay-pattern-opacity=\"\" data-overlay-pattern-size=\"\"    ><\/div><section class=\"l-section wpb_row height_small\"><div class=\"l-section-h i-cf\"><div class=\"g-cols vc_row via_flex valign_middle type_default stacking_default\"><div class=\"vc_col-sm-6 wpb_column vc_column_container\"><div class=\"vc_column-inner\"><div class=\"wpb_wrapper\"><div class=\"wpb_text_column\"><div class=\"wpb_wrapper\"><h3>SMS-Versand<\/h3>\n<\/div><\/div><div class=\"uavc-list-icon uavc-list-icon-wrapper ult-adjust-bottom-margin   \"><ul class=\"uavc-list\"><li><div class=\"uavc-list-content\" id=\"list-icon-wrap-2186\">\n<div class=\"uavc-list-icon  \" data-animation=\"\" data-animation-delay=\"03\" style=\"margin-right:25px;\"><div class=\"ult-just-icon-wrapper  \"><div class=\"align-icon\" style=\"text-align:center;\">\n<div class=\"aio-icon none \"  style=\"color:#52c0fa;font-size:40px;display:inline-block;\">\n\t<i class=\"Defaults-envelope-o\"><\/i>\n<\/div><\/div><\/div>\n<\/div><span  data-ultimate-target='#list-icon-wrap-2186 .uavc-list-desc'  data-responsive-json-new='{\"font-size\":\"\",\"line-height\":\"\"}'  class=\"uavc-list-desc ult-responsive\" style=\"\">Mit unserem Plugin erhalten Sie automatisierte SMS mit Homebridge \u2013 zuverl\u00e4ssig und genau so, wie es f\u00fcr Sie am einfachsten ist.<\/span><\/div><\/li><\/ul><\/div><div class=\"wpb_text_column\"><div class=\"wpb_wrapper\"><h3>Voice-Nachrichten<\/h3>\n<\/div><\/div><div class=\"uavc-list-icon uavc-list-icon-wrapper ult-adjust-bottom-margin   \"><ul class=\"uavc-list\"><li><div class=\"uavc-list-content\" id=\"list-icon-wrap-1188\">\n<div class=\"uavc-list-icon  \" data-animation=\"\" data-animation-delay=\"03\" style=\"margin-right:25px;\"><div class=\"ult-just-icon-wrapper  \"><div class=\"align-icon\" style=\"text-align:center;\">\n<div class=\"aio-icon none \"  style=\"color:#52c0fa;font-size:40px;display:inline-block;\">\n\t<i class=\"Defaults-phone\"><\/i>\n<\/div><\/div><\/div>\n<\/div><span  data-ultimate-target='#list-icon-wrap-1188 .uavc-list-desc'  data-responsive-json-new='{\"font-size\":\"\",\"line-height\":\"\"}'  class=\"uavc-list-desc ult-responsive\" style=\"\">Sie m\u00f6chten unser Plugin f\u00fcr Alarme nutzen? Viele Kunden lassen sich via Voice- beziehungsweise Text-to-Speech-Nachricht anrufen, um \u00fcber bestimmte Ereignisse informiert zu werden.<\/span><\/div><\/li><\/ul><\/div><\/div><\/div><\/div><div class=\"vc_col-sm-6 wpb_column vc_column_container\"><div class=\"vc_column-inner\"><div class=\"wpb_wrapper\"><div class=\"w-image no-border align_center\"><a ref=\"magnificPopup\" href=\"https:\/\/www.seven.io\/wp-content\/uploads\/integrationen_homebridge_config_screen.png\" aria-label=\"integrationen_homebridge_config_screen\" class=\"w-image-h\"><img decoding=\"async\" width=\"768\" height=\"512\" src=\"https:\/\/www.seven.io\/wp-content\/uploads\/integrationen_homebridge_config_screen-768x512.png\" class=\"attachment-us_768_0 size-us_768_0\" alt=\"Die Konfiguration zum Versand von SMS mit Homebridge\" loading=\"lazy\" srcset=\"https:\/\/www.seven.io\/wp-content\/uploads\/integrationen_homebridge_config_screen-768x512.png 768w, https:\/\/www.seven.io\/wp-content\/uploads\/integrationen_homebridge_config_screen-300x200.png 300w, https:\/\/www.seven.io\/wp-content\/uploads\/integrationen_homebridge_config_screen-1024x683.png 1024w, https:\/\/www.seven.io\/wp-content\/uploads\/integrationen_homebridge_config_screen-350x233.png 350w, https:\/\/www.seven.io\/wp-content\/uploads\/integrationen_homebridge_config_screen-250x167.png 250w, https:\/\/www.seven.io\/wp-content\/uploads\/integrationen_homebridge_config_screen-600x400.png 600w, https:\/\/www.seven.io\/wp-content\/uploads\/integrationen_homebridge_config_screen-400x267.png 400w, https:\/\/www.seven.io\/wp-content\/uploads\/integrationen_homebridge_config_screen-200x133.png 200w, https:\/\/www.seven.io\/wp-content\/uploads\/integrationen_homebridge_config_screen.png 1200w\" sizes=\"auto, (max-width: 768px) 100vw, 768px\" \/><\/a><\/div><div class=\"wpb_text_column\"><div class=\"wpb_wrapper\"><p style=\"text-align: center;\"><em>Konfiguration des Versands von SMS mit Homebridge, zum Vergr\u00f6\u00dfern anklicken.<\/em><\/p>\n<\/div><\/div><\/div><\/div><\/div><\/div><\/div><\/section><section class=\"l-section wpb_row height_small\"><div class=\"l-section-h i-cf\"><div class=\"g-cols vc_row via_flex valign_top type_default stacking_default\"><div class=\"vc_col-sm-12 wpb_column vc_column_container\"><div class=\"vc_column-inner\"><div class=\"wpb_wrapper\"><div class=\"w-actionbox us_custom_e47d7875 color_light controls_bottom\"><div class=\"w-actionbox-text\"><div class=\"w-actionbox-description\"><div class=\"w-actionbox us_custom_e47d7875 color_light controls_right\">\n<div class=\"w-actionbox-text\">\n<div class=\"w-actionbox-description\">\n<p style=\"text-align: center;\">Sie brauchen Hilfe bei der Installation oder der Einrichtung der Funktionen?<br \/>\nAuf unserer GitHub-Seite finden Sie weitere Informationen.<\/p>\n<\/div>\n<\/div>\n<\/div>\n<\/div><\/div><div class=\"w-actionbox-controls\"><a class=\"w-btn us-btn-style_5\" target=\"_blank\" rel=\"nofollow noopener\" href=\"https:\/\/github.com\/seven-io\/homebridge-sms\"><span class=\"w-btn-label\">Zum SMS Plugin auf GitHub<\/span><\/a><a class=\"w-btn us-btn-style_1\" target=\"_blank\" href=\"https:\/\/github.com\/seven-io\/homebridge-voice\" rel=\"noopener\"><span class=\"w-btn-label\">Zum Voice Plugin auf GitHub<\/span><\/a><\/div><\/div><\/div><\/div><\/div><\/div><\/div><\/section><!-- Row Backgrounds --><div class=\"upb_color\" data-bg-override=\"0\" data-bg-color=\"#ffffff\" data-fadeout=\"\" data-fadeout-percentage=\"30\" data-parallax-content=\"\" data-parallax-content-sense=\"30\" data-row-effect-mobile-disable=\"true\" data-img-parallax-mobile-disable=\"true\" data-rtl=\"false\"  data-custom-vc-row=\"\"  data-vc=\"8.7.2\"  data-is_old_vc=\"\"  data-theme-support=\"disable\"   data-overlay=\"false\" data-overlay-color=\"\" data-overlay-pattern=\"\" data-overlay-pattern-opacity=\"\" data-overlay-pattern-size=\"\"    ><\/div>\n","protected":false},"excerpt":{"rendered":"Homebridge ist eine Open-Source-Software, die die Integration von Ger\u00e4ten in Apples HomeKit erm\u00f6glicht, wenn diese nicht nativ unterst\u00fctzt werden. Homebridge kann auf allen g\u00e4ngigen Systemen betrieben werden, der Betrieb \u00fcber ein Raspberry Pi ist aber in der Community besonders popul\u00e4r. Aktuell sind mehr als 4000 Pakete verf\u00fcgbar, die die Funktionen von Homekit erweitern. Nutzer haben...","protected":false},"author":1,"featured_media":27979,"parent":17075,"menu_order":0,"comment_status":"closed","ping_status":"closed","template":"","meta":{"content-type":"","footnotes":""},"class_list":["post-31340","page","type-page","status-publish","has-post-thumbnail","hentry"],"_links":{"self":[{"href":"https:\/\/www.seven.io\/de\/wp-json\/wp\/v2\/pages\/31340","targetHints":{"allow":["GET"]}}],"collection":[{"href":"https:\/\/www.seven.io\/de\/wp-json\/wp\/v2\/pages"}],"about":[{"href":"https:\/\/www.seven.io\/de\/wp-json\/wp\/v2\/types\/page"}],"author":[{"embeddable":true,"href":"https:\/\/www.seven.io\/de\/wp-json\/wp\/v2\/users\/1"}],"replies":[{"embeddable":true,"href":"https:\/\/www.seven.io\/de\/wp-json\/wp\/v2\/comments?post=31340"}],"version-history":[{"count":31,"href":"https:\/\/www.seven.io\/de\/wp-json\/wp\/v2\/pages\/31340\/revisions"}],"predecessor-version":[{"id":92901,"href":"https:\/\/www.seven.io\/de\/wp-json\/wp\/v2\/pages\/31340\/revisions\/92901"}],"up":[{"embeddable":true,"href":"https:\/\/www.seven.io\/de\/wp-json\/wp\/v2\/pages\/17075"}],"wp:featuredmedia":[{"embeddable":true,"href":"https:\/\/www.seven.io\/de\/wp-json\/wp\/v2\/media\/27979"}],"wp:attachment":[{"href":"https:\/\/www.seven.io\/de\/wp-json\/wp\/v2\/media?parent=31340"}],"curies":[{"name":"wp","href":"https:\/\/api.w.org\/{rel}","templated":true}]}}