{"id":31488,"date":"2022-01-27T08:07:34","date_gmt":"2022-01-27T07:07:34","guid":{"rendered":"https:\/\/www.sms77.io\/?page_id=31488"},"modified":"2024-07-03T09:29:21","modified_gmt":"2024-07-03T07:29:21","slug":"jtl-shop-5","status":"publish","type":"page","link":"https:\/\/www.seven.io\/de\/loesungen\/integrationen\/jtl-shop-5\/","title":{"rendered":"JTL-Shop 5"},"content":{"rendered":"<section class=\"l-section wpb_row height_small\"><div class=\"l-section-h i-cf\"><div class=\"g-cols vc_row via_flex valign_middle type_default stacking_default\"><div class=\"vc_col-sm-6 wpb_column vc_column_container\"><div class=\"vc_column-inner\"><div class=\"wpb_wrapper\"><div class=\"wpb_text_column\"><div class=\"wpb_wrapper\"><p><strong>JTL-Shop ist ein Shopsystem des Omnichannel-Softwareherstellers JTL-Software-GmbH. Es stehen unterschiedliche <a href=\"https:\/\/www.jtl-software.de\/jtl-store\/shopsystem-editionen\" target=\"_blank\" rel=\"noopener\">Lizenzen<\/a> mit verschiedenen Features zur Verf\u00fcgung aus denen Kunden die Version w\u00e4hlen k\u00f6nnen, die am besten zu ihren Unternehmen passt.\u00a0<\/strong><\/p>\n<p><strong>Durch die Anbindung an andere Software des Unternehmens f\u00fcr den Online-Handel, aber auch durch zahlreiche Plugins, kann der Funktionsumfang des Shopsystems stark erweitert werden. So lassen sich umfangreiche Onlineshops aufbauen, verwalten und betreiben, deren Funktionen individuell angepasst werden k\u00f6nnen.<\/strong><\/p>\n<p><strong>Mit unserem Plugin k\u00f6nnen Sie beispielsweise Voice-Nachrichten und SMS aus JTL-Shop 5 versenden.<\/strong><\/p>\n<\/div><\/div><div class=\"w-btn-wrapper align_none\"><a class=\"w-btn us-btn-style_1 no-border\" target=\"_blank\" rel=\"nofollow noopener\" href=\"https:\/\/github.com\/seven-io\/jtl\"><span class=\"w-btn-label\">Unser SMS- und Voice Plugin f\u00fcr JTL-Shop 5<\/span><\/a><\/div><\/div><\/div><\/div><div class=\"vc_col-sm-6 wpb_column vc_column_container\"><div class=\"vc_column-inner\"><div class=\"wpb_wrapper\"><div class=\"w-video align_none ratio_16x9 has_iframe\"><div class=\"w-video-h\"><iframe title=\"Youtube video player\" src=\"\/\/www.youtube.com\/embed\/9kineR7Wm1c?autoplay=0&controls=1&origin=https:\/\/www.seven.io\/de\/&loop=0&mute=0\" allowfullscreen=\"1\" loading=\"lazy\"><\/iframe><\/div><\/div><\/div><\/div><\/div><\/div><\/div><\/section><section class=\"l-section wpb_row height_small color_alternate\"><div class=\"l-section-h i-cf\"><div class=\"g-cols vc_row via_flex valign_middle type_default stacking_default\"><div class=\"vc_col-sm-6 wpb_column vc_column_container\"><div class=\"vc_column-inner\"><div class=\"wpb_wrapper\"><div class=\"w-image align_center\"><div class=\"w-image-h\"><img decoding=\"async\" width=\"400\" height=\"501\" src=\"https:\/\/www.seven.io\/wp-content\/uploads\/integrationen_JTLShop5_mock_DE-400x501.png\" class=\"attachment-us_400_0 size-us_400_0\" alt=\"Versenden Sie SMS aus JTL-Shop 5, um Kunden \u00fcber Ereignisse zu informieren.\" loading=\"lazy\" srcset=\"https:\/\/www.seven.io\/wp-content\/uploads\/integrationen_JTLShop5_mock_DE-400x501.png 400w, https:\/\/www.seven.io\/wp-content\/uploads\/integrationen_JTLShop5_mock_DE-240x300.png 240w, https:\/\/www.seven.io\/wp-content\/uploads\/integrationen_JTLShop5_mock_DE-350x438.png 350w, https:\/\/www.seven.io\/wp-content\/uploads\/integrationen_JTLShop5_mock_DE-250x313.png 250w, https:\/\/www.seven.io\/wp-content\/uploads\/integrationen_JTLShop5_mock_DE-300x376.png 300w, https:\/\/www.seven.io\/wp-content\/uploads\/integrationen_JTLShop5_mock_DE-319x400.png 319w, https:\/\/www.seven.io\/wp-content\/uploads\/integrationen_JTLShop5_mock_DE-200x250.png 200w, https:\/\/www.seven.io\/wp-content\/uploads\/integrationen_JTLShop5_mock_DE.png 511w\" sizes=\"auto, (max-width: 400px) 100vw, 400px\" \/><\/div><\/div><\/div><\/div><\/div><div class=\"vc_col-sm-6 wpb_column vc_column_container\"><div class=\"vc_column-inner\"><div class=\"wpb_wrapper\"><div class=\"wpb_text_column\"><div class=\"wpb_wrapper\"><h3>Versenden Sie Voice-Nachrichten und SMS aus JTL-Shop 5<\/h3>\n<p>Sie m\u00f6chten SMS aus JTL-Shop 5 an Ihre Kunden versenden? Mit unserem Plugin ist nicht nur der Versand von SMS m\u00f6glich, sondern auch der Versand von <a href=\"\/de\/produkte\/voice\/\">Voice-Nachrichten<\/a>, die Ihren Empf\u00e4ngern als Anruf zugestellt werden.<\/p>\n<p>Ihnen stehen sowohl ein ereignisbasierter Versand als auch ein Massenversand f\u00fcr beide Nachrichtentypen zur Verf\u00fcgung. So k\u00f6nnen Sie bei Bedarf alle Empf\u00e4nger gleichzeitig \u00fcber bestimmte \u00c4nderungen informieren oder aber individuelle Nachrichten zu bestimmten Ereignissen versenden, beispielsweise wenn Sie einen Zahlungseingang registrieren. Sobald Sie das Plugin installiert haben, k\u00f6nnen Sie den Versand in wenigen, leicht nachvollziehbaren Schritten einrichten. Probieren Sie es aus.<\/p>\n<\/div><\/div><\/div><\/div><\/div><\/div><\/div><\/section><!-- Row Backgrounds --><div class=\"upb_color\" data-bg-override=\"0\" data-bg-color=\"#f4f4f4\" data-fadeout=\"\" data-fadeout-percentage=\"30\" data-parallax-content=\"\" data-parallax-content-sense=\"30\" data-row-effect-mobile-disable=\"true\" data-img-parallax-mobile-disable=\"true\" data-rtl=\"false\"  data-custom-vc-row=\"\"  data-vc=\"8.7.2\"  data-is_old_vc=\"\"  data-theme-support=\"disable\"   data-overlay=\"false\" data-overlay-color=\"\" data-overlay-pattern=\"\" data-overlay-pattern-opacity=\"\" data-overlay-pattern-size=\"\"    ><\/div><section class=\"l-section wpb_row height_small\"><div class=\"l-section-h i-cf\"><div class=\"g-cols vc_row via_flex valign_middle type_default stacking_default\"><div class=\"vc_col-sm-6 wpb_column vc_column_container\"><div class=\"vc_column-inner\"><div class=\"wpb_wrapper\"><div class=\"wpb_text_column\"><div class=\"wpb_wrapper\"><h3>SMS-Versand<\/h3>\n<\/div><\/div><div class=\"uavc-list-icon uavc-list-icon-wrapper ult-adjust-bottom-margin   \"><ul class=\"uavc-list\"><li><div class=\"uavc-list-content\" id=\"list-icon-wrap-4375\">\n<div class=\"uavc-list-icon  \" data-animation=\"\" data-animation-delay=\"03\" style=\"margin-right:25px;\"><div class=\"ult-just-icon-wrapper  \"><div class=\"align-icon\" style=\"text-align:center;\">\n<div class=\"aio-icon none \"  style=\"color:#52c0fa;font-size:40px;display:inline-block;\">\n\t<i class=\"Defaults-envelope-o\"><\/i>\n<\/div><\/div><\/div>\n<\/div><span  data-ultimate-target='#list-icon-wrap-4375 .uavc-list-desc'  data-responsive-json-new='{\"font-size\":\"\",\"line-height\":\"\"}'  class=\"uavc-list-desc ult-responsive\" style=\"\">Versenden Sie Massen-SMS oder verschicken Sie automatisiert personalisierte Nachrichten an Ihre Kunden, wenn ein bestimmtes Ereignis eintritt.<\/span><\/div><\/li><\/ul><\/div><div class=\"wpb_text_column\"><div class=\"wpb_wrapper\"><h3>Voice-Nachrichten<\/h3>\n<\/div><\/div><div class=\"uavc-list-icon uavc-list-icon-wrapper ult-adjust-bottom-margin   \"><ul class=\"uavc-list\"><li><div class=\"uavc-list-content\" id=\"list-icon-wrap-4298\">\n<div class=\"uavc-list-icon  \" data-animation=\"\" data-animation-delay=\"03\" style=\"margin-right:25px;\"><div class=\"ult-just-icon-wrapper  \"><div class=\"align-icon\" style=\"text-align:center;\">\n<div class=\"aio-icon none \"  style=\"color:#52c0fa;font-size:40px;display:inline-block;\">\n\t<i class=\"Defaults-phone\"><\/i>\n<\/div><\/div><\/div>\n<\/div><span  data-ultimate-target='#list-icon-wrap-4298 .uavc-list-desc'  data-responsive-json-new='{\"font-size\":\"\",\"line-height\":\"\"}'  class=\"uavc-list-desc ult-responsive\" style=\"\">F\u00fcr Ereignisse die besonders viel Aufmerksamkeit generieren m\u00fcssen, k\u00f6nnen Sie Voice-Nachrichten versenden. Diese Nachrichten werden als Anruf verschickt und den Empf\u00e4ngern am Telefon vorgelesen.<\/span><\/div><\/li><\/ul><\/div><div class=\"wpb_text_column\"><div class=\"wpb_wrapper\"><h3>Platzhalter<\/h3>\n<\/div><\/div><div class=\"uavc-list-icon uavc-list-icon-wrapper ult-adjust-bottom-margin   \"><ul class=\"uavc-list\"><li><div class=\"uavc-list-content\" id=\"list-icon-wrap-5547\">\n<div class=\"uavc-list-icon  \" data-animation=\"\" data-animation-delay=\"03\" style=\"margin-right:25px;\"><div class=\"ult-just-icon-wrapper  \"><div class=\"align-icon\" style=\"text-align:center;\">\n<div class=\"aio-icon none \"  style=\"color:#52c0fa;font-size:40px;display:inline-block;\">\n\t<i class=\"Defaults-edit pencil-square-o\"><\/i>\n<\/div><\/div><\/div>\n<\/div><span  data-ultimate-target='#list-icon-wrap-5547 .uavc-list-desc'  data-responsive-json-new='{\"font-size\":\"\",\"line-height\":\"\"}'  class=\"uavc-list-desc ult-responsive\" style=\"\">Nutzen Sie Platzhalter, um Ihren Nachrichten bestimmte individuelle Kundeneigenschaften zuzuf\u00fcgen. So personalisieren Sie Ihre Nachrichten ohne Mehraufwand.<\/span><\/div><\/li><\/ul><\/div><\/div><\/div><\/div><div class=\"vc_col-sm-6 wpb_column vc_column_container\"><div class=\"vc_column-inner\"><div class=\"wpb_wrapper\"><div class=\"w-image no-border align_center\"><a ref=\"magnificPopup\" href=\"https:\/\/www.seven.io\/wp-content\/uploads\/integrationene_JTL5_screen_einstellungen_de.png\" aria-label=\"integrationene_JTL5_screen_einstellungen_de\" class=\"w-image-h\"><img decoding=\"async\" width=\"768\" height=\"528\" src=\"https:\/\/www.seven.io\/wp-content\/uploads\/integrationene_JTL5_screen_einstellungen_de-768x528.png\" class=\"attachment-us_768_0 size-us_768_0\" alt=\"Versenden Sie Voice-Nachrichten und SMS aus JTL-Shop 5\" loading=\"lazy\" srcset=\"https:\/\/www.seven.io\/wp-content\/uploads\/integrationene_JTL5_screen_einstellungen_de-768x528.png 768w, https:\/\/www.seven.io\/wp-content\/uploads\/integrationene_JTL5_screen_einstellungen_de-300x206.png 300w, https:\/\/www.seven.io\/wp-content\/uploads\/integrationene_JTL5_screen_einstellungen_de-350x241.png 350w, https:\/\/www.seven.io\/wp-content\/uploads\/integrationene_JTL5_screen_einstellungen_de-250x172.png 250w, https:\/\/www.seven.io\/wp-content\/uploads\/integrationene_JTL5_screen_einstellungen_de-600x413.png 600w, https:\/\/www.seven.io\/wp-content\/uploads\/integrationene_JTL5_screen_einstellungen_de-400x275.png 400w, https:\/\/www.seven.io\/wp-content\/uploads\/integrationene_JTL5_screen_einstellungen_de-582x400.png 582w, https:\/\/www.seven.io\/wp-content\/uploads\/integrationene_JTL5_screen_einstellungen_de-200x138.png 200w, https:\/\/www.seven.io\/wp-content\/uploads\/integrationene_JTL5_screen_einstellungen_de.png 1024w\" sizes=\"auto, (max-width: 768px) 100vw, 768px\" \/><\/a><\/div><div class=\"wpb_text_column\"><div class=\"wpb_wrapper\"><p style=\"text-align: center;\"><em>Einstellungsm\u00f6glichkeiten f\u00fcr den Versand von Voice und SMS aus JTL-Shop 5, zum Vergr\u00f6\u00dfern anklicken<\/em><\/p>\n<\/div><\/div><\/div><\/div><\/div><\/div><\/div><\/section><section class=\"l-section wpb_row height_small\"><div class=\"l-section-h i-cf\"><div class=\"g-cols vc_row via_flex valign_top type_default stacking_default\"><div class=\"vc_col-sm-12 wpb_column vc_column_container\"><div class=\"vc_column-inner\"><div class=\"wpb_wrapper\"><div class=\"w-actionbox us_custom_e47d7875 color_light controls_right\"><div class=\"w-actionbox-text\"><div class=\"w-actionbox-description\"><p>Sie brauchen Hilfe bei der Installation oder der Einrichtung der Funktionen?<br \/>\nAuf unserer GitHub-Seite finden Sie weitere Informationen.<\/p>\n<\/div><\/div><div class=\"w-actionbox-controls\"><a class=\"w-btn us-btn-style_5\" target=\"_blank\" rel=\"nofollow noopener\" href=\"https:\/\/github.com\/seven-io\/jtl\"><span class=\"w-btn-label\">Zu GitHub<\/span><\/a><\/div><\/div><\/div><\/div><\/div><\/div><\/div><\/section><!-- Row Backgrounds --><div class=\"upb_color\" data-bg-override=\"0\" data-bg-color=\"#ffffff\" data-fadeout=\"\" data-fadeout-percentage=\"30\" data-parallax-content=\"\" data-parallax-content-sense=\"30\" data-row-effect-mobile-disable=\"true\" data-img-parallax-mobile-disable=\"true\" data-rtl=\"false\"  data-custom-vc-row=\"\"  data-vc=\"8.7.2\"  data-is_old_vc=\"\"  data-theme-support=\"disable\"   data-overlay=\"false\" data-overlay-color=\"\" data-overlay-pattern=\"\" data-overlay-pattern-opacity=\"\" data-overlay-pattern-size=\"\"    ><\/div>\n","protected":false},"excerpt":{"rendered":"JTL-Shop ist ein Shopsystem des Omnichannel-Softwareherstellers JTL-Software-GmbH. Es stehen unterschiedliche Lizenzen mit verschiedenen Features zur Verf\u00fcgung aus denen Kunden die Version w\u00e4hlen k\u00f6nnen, die am besten zu ihren Unternehmen passt.\u00a0 Durch die Anbindung an andere Software des Unternehmens f\u00fcr den Online-Handel, aber auch durch zahlreiche Plugins, kann der Funktionsumfang des Shopsystems stark erweitert werden. So...","protected":false},"author":1,"featured_media":31486,"parent":17075,"menu_order":0,"comment_status":"closed","ping_status":"closed","template":"","meta":{"content-type":"","footnotes":""},"class_list":["post-31488","page","type-page","status-publish","has-post-thumbnail","hentry"],"_links":{"self":[{"href":"https:\/\/www.seven.io\/de\/wp-json\/wp\/v2\/pages\/31488","targetHints":{"allow":["GET"]}}],"collection":[{"href":"https:\/\/www.seven.io\/de\/wp-json\/wp\/v2\/pages"}],"about":[{"href":"https:\/\/www.seven.io\/de\/wp-json\/wp\/v2\/types\/page"}],"author":[{"embeddable":true,"href":"https:\/\/www.seven.io\/de\/wp-json\/wp\/v2\/users\/1"}],"replies":[{"embeddable":true,"href":"https:\/\/www.seven.io\/de\/wp-json\/wp\/v2\/comments?post=31488"}],"version-history":[{"count":22,"href":"https:\/\/www.seven.io\/de\/wp-json\/wp\/v2\/pages\/31488\/revisions"}],"predecessor-version":[{"id":92940,"href":"https:\/\/www.seven.io\/de\/wp-json\/wp\/v2\/pages\/31488\/revisions\/92940"}],"up":[{"embeddable":true,"href":"https:\/\/www.seven.io\/de\/wp-json\/wp\/v2\/pages\/17075"}],"wp:featuredmedia":[{"embeddable":true,"href":"https:\/\/www.seven.io\/de\/wp-json\/wp\/v2\/media\/31486"}],"wp:attachment":[{"href":"https:\/\/www.seven.io\/de\/wp-json\/wp\/v2\/media?parent=31488"}],"curies":[{"name":"wp","href":"https:\/\/api.w.org\/{rel}","templated":true}]}}