{"id":32074,"date":"2022-01-27T08:09:16","date_gmt":"2022-01-27T07:09:16","guid":{"rendered":"https:\/\/www.sms77.io\/?page_id=32074"},"modified":"2023-02-22T10:40:27","modified_gmt":"2023-02-22T09:40:27","slug":"solidus","status":"publish","type":"page","link":"https:\/\/www.seven.io\/de\/loesungen\/integrationen\/solidus\/","title":{"rendered":"Solidus"},"content":{"rendered":"<section class=\"l-section wpb_row height_small\"><div class=\"l-section-h i-cf\"><div class=\"g-cols vc_row via_flex valign_middle type_default stacking_default\"><div class=\"vc_col-sm-6 wpb_column vc_column_container\"><div class=\"vc_column-inner\"><div class=\"wpb_wrapper\"><div class=\"wpb_text_column\"><div class=\"wpb_wrapper\"><p><strong>Solidus ist eine Open Source eCommerce-Plattform, die f\u00fcr Unternehmen jeder Gr\u00f6\u00dfe geeignet ist. Die Software wird von einem Core-Entwicklerteam und einer aktiven <a href=\"https:\/\/solidus.io\/contributors\/\" target=\"_blank\" rel=\"noopener\">Community<\/a> gepflegt und weiterentwickelt. Die Nutzung ist kostenfrei und beinhaltet bereits in der Basisversion s\u00e4mtliche Funktionen, es entstehen also keine zus\u00e4tzlichen Kosten.<\/strong><\/p>\n<p><strong>Durch die flexiblen Nutzungsm\u00f6glichkeiten k\u00f6nnen Unternehmen Solidus in allen Phasen ihrer Entwicklung nutzen: Vom Start-up bis hin zum etablierten Enterprise. Die Funktionen Ihres Onlineshops k\u00f6nnen durch die Einbindung diverser Plugins individuell erweitert werden. So k\u00f6nnen Sie dank unseres SMS-Plugins jetzt auch SMS in Solidus versenden.<\/strong><\/p>\n<\/div><\/div><div class=\"w-btn-wrapper align_none\"><a class=\"w-btn us-btn-style_1 no-border\" target=\"_blank\" rel=\"nofollow noopener\" href=\"https:\/\/github.com\/seven-io\/solidus\"><span class=\"w-btn-label\">Unser SMS Plugin f\u00fcr Solidus<\/span><\/a><\/div><\/div><\/div><\/div><div class=\"vc_col-sm-6 wpb_column vc_column_container\"><div class=\"vc_column-inner\"><div class=\"wpb_wrapper\"><div class=\"w-video align_none ratio_16x9 has_iframe\"><div class=\"w-video-h\"><iframe title=\"Youtube video player\" src=\"\/\/www.youtube.com\/embed\/itv-Yt-eP7s?autoplay=0&controls=1&origin=https:\/\/www.seven.io\/de\/&loop=0&mute=0\" allowfullscreen=\"1\" loading=\"lazy\"><\/iframe><\/div><\/div><\/div><\/div><\/div><\/div><\/div><\/section><section class=\"l-section wpb_row height_small color_alternate\"><div class=\"l-section-h i-cf\"><div class=\"g-cols vc_row via_flex valign_middle type_default stacking_default\"><div class=\"vc_col-sm-6 wpb_column vc_column_container\"><div class=\"vc_column-inner\"><div class=\"wpb_wrapper\"><div class=\"w-image align_center\"><div class=\"w-image-h\"><img decoding=\"async\" width=\"400\" height=\"501\" src=\"https:\/\/www.seven.io\/wp-content\/uploads\/integrationen_solidus_mock_de-400x501.png\" class=\"attachment-us_400_0 size-us_400_0\" alt=\"Verschicken Sie exklusive Angebote via SMS in Solidus\" loading=\"lazy\" srcset=\"https:\/\/www.seven.io\/wp-content\/uploads\/integrationen_solidus_mock_de-400x501.png 400w, https:\/\/www.seven.io\/wp-content\/uploads\/integrationen_solidus_mock_de-240x300.png 240w, https:\/\/www.seven.io\/wp-content\/uploads\/integrationen_solidus_mock_de-350x438.png 350w, https:\/\/www.seven.io\/wp-content\/uploads\/integrationen_solidus_mock_de-250x313.png 250w, https:\/\/www.seven.io\/wp-content\/uploads\/integrationen_solidus_mock_de-300x376.png 300w, https:\/\/www.seven.io\/wp-content\/uploads\/integrationen_solidus_mock_de-319x400.png 319w, https:\/\/www.seven.io\/wp-content\/uploads\/integrationen_solidus_mock_de-200x250.png 200w, https:\/\/www.seven.io\/wp-content\/uploads\/integrationen_solidus_mock_de-500x626.png 500w, https:\/\/www.seven.io\/wp-content\/uploads\/integrationen_solidus_mock_de.png 511w\" sizes=\"auto, (max-width: 400px) 100vw, 400px\" \/><\/div><\/div><\/div><\/div><\/div><div class=\"vc_col-sm-6 wpb_column vc_column_container\"><div class=\"vc_column-inner\"><div class=\"wpb_wrapper\"><div class=\"wpb_text_column\"><div class=\"wpb_wrapper\"><h3>Versenden Sie SMS in Solidus<\/h3>\n<p>Im eCommerce erfreuen sich SMS in den vergangenen Jahren einer immer gr\u00f6\u00dferen Beliebtheit. Unternehmen jeder Gr\u00f6\u00dfe setzen den SMS-Versand ein, um ihre Kunden \u00fcber Vorg\u00e4nge zu benachrichtigen, sei es eine erfolgreiche Bestellung, ein Zahlungseingang, eine Versandbest\u00e4tigung oder die Bitte um eine Bewertung der Bestellung. Auch Marketing-Nachrichten werden immer beliebter und bieten exzellente Chancen zum Aufbau einer pers\u00f6nlichen Kundenbeziehung.<\/p>\n<p>Wenn Sie SMS in Solidus versenden m\u00f6chten, ist unser Plugin genau das Richtige f\u00fcr Sie. Nach der Installation brauchen Sie nur Ihren <a href=\"https:\/\/help.seven.io\/de\/api-key-zugriff\" rel=\"noopener\">API Key<\/a> f\u00fcr eine kurze Einrichtung und schon k\u00f6nnen Sie Ihre erste SMS an Ihre Kunden versenden.<span class=\"Apple-converted-space\">\u00a0Probieren Sie es einfach aus!<\/span><\/p>\n<\/div><\/div><\/div><\/div><\/div><\/div><\/div><\/section><!-- Row Backgrounds --><div class=\"upb_color\" data-bg-override=\"0\" data-bg-color=\"#f4f4f4\" data-fadeout=\"\" data-fadeout-percentage=\"30\" data-parallax-content=\"\" data-parallax-content-sense=\"30\" data-row-effect-mobile-disable=\"true\" data-img-parallax-mobile-disable=\"true\" data-rtl=\"false\"  data-custom-vc-row=\"\"  data-vc=\"8.7.2\"  data-is_old_vc=\"\"  data-theme-support=\"disable\"   data-overlay=\"false\" data-overlay-color=\"\" data-overlay-pattern=\"\" data-overlay-pattern-opacity=\"\" data-overlay-pattern-size=\"\"    ><\/div><section class=\"l-section wpb_row height_small\"><div class=\"l-section-h i-cf\"><div class=\"g-cols vc_row via_flex valign_middle type_default stacking_default\"><div class=\"vc_col-sm-6 wpb_column vc_column_container\"><div class=\"vc_column-inner\"><div class=\"wpb_wrapper\"><div class=\"wpb_text_column\"><div class=\"wpb_wrapper\"><h3>Filter f\u00fcr Ihren SMS-Versand<\/h3>\n<\/div><\/div><div class=\"uavc-list-icon uavc-list-icon-wrapper ult-adjust-bottom-margin   \"><ul class=\"uavc-list\"><li><div class=\"uavc-list-content\" id=\"list-icon-wrap-5608\">\n<div class=\"uavc-list-icon  \" data-animation=\"\" data-animation-delay=\"03\" style=\"margin-right:25px;\"><div class=\"ult-just-icon-wrapper  \"><div class=\"align-icon\" style=\"text-align:center;\">\n<div class=\"aio-icon none \"  style=\"color:#52c0fa;font-size:40px;display:inline-block;\">\n\t<i class=\"Defaults-search\"><\/i>\n<\/div><\/div><\/div>\n<\/div><span  data-ultimate-target='#list-icon-wrap-5608 .uavc-list-desc'  data-responsive-json-new='{\"font-size\":\"\",\"line-height\":\"\"}'  class=\"uavc-list-desc ult-responsive\" style=\"\">In Solidus k\u00f6nnen Sie nach Empf\u00e4ngerl\u00e4ndern filtern, um Ihren SMS-Versand zu pr\u00e4zisieren.<\/span><\/div><\/li><\/ul><\/div><div class=\"wpb_text_column\"><div class=\"wpb_wrapper\"><h3>Zus\u00e4tzliche Funktionen<\/h3>\n<\/div><\/div><div class=\"uavc-list-icon uavc-list-icon-wrapper ult-adjust-bottom-margin   \"><ul class=\"uavc-list\"><li><div class=\"uavc-list-content\" id=\"list-icon-wrap-6061\">\n<div class=\"uavc-list-icon  \" data-animation=\"\" data-animation-delay=\"03\" style=\"margin-right:25px;\"><div class=\"ult-just-icon-wrapper  \"><div class=\"align-icon\" style=\"text-align:center;\">\n<div class=\"aio-icon none \"  style=\"color:#52c0fa;font-size:40px;display:inline-block;\">\n\t<i class=\"Defaults-check-square-o\"><\/i>\n<\/div><\/div><\/div>\n<\/div><span  data-ultimate-target='#list-icon-wrap-6061 .uavc-list-desc'  data-responsive-json-new='{\"font-size\":\"\",\"line-height\":\"\"}'  class=\"uavc-list-desc ult-responsive\" style=\"\">Profitieren Sie von zahlreichen zus\u00e4tzlichen Funktionen, die Ihren SMS-Versand effektiv und \u00fcbersichtlich gestalten, wie der Nutzung von <a href=\"https:\/\/help.seven.io\/de\/labels\" rel=\"noopener\">Labels<\/a> oder unseres <a href=\"https:\/\/help.seven.io\/de\/performance-tracking\" rel=\"noopener\">Performance Trackings<\/a>.<\/span><\/div><\/li><\/ul><\/div><\/div><\/div><\/div><div class=\"vc_col-sm-6 wpb_column vc_column_container\"><div class=\"vc_column-inner\"><div class=\"wpb_wrapper\"><div class=\"w-image no-border align_center\"><a ref=\"magnificPopup\" href=\"https:\/\/www.seven.io\/wp-content\/uploads\/integrationen_solidus_screen_sms.png\" aria-label=\"integrationen_solidus_screen_sms\" class=\"w-image-h\"><img decoding=\"async\" width=\"768\" height=\"432\" src=\"https:\/\/www.seven.io\/wp-content\/uploads\/integrationen_solidus_screen_sms-768x432.png\" class=\"attachment-us_768_0 size-us_768_0\" alt=\"Mit unserem Plugin k\u00f6nnen Sie SMS in Solidus versenden\" loading=\"lazy\" srcset=\"https:\/\/www.seven.io\/wp-content\/uploads\/integrationen_solidus_screen_sms-768x432.png 768w, https:\/\/www.seven.io\/wp-content\/uploads\/integrationen_solidus_screen_sms-300x169.png 300w, https:\/\/www.seven.io\/wp-content\/uploads\/integrationen_solidus_screen_sms-1024x576.png 1024w, https:\/\/www.seven.io\/wp-content\/uploads\/integrationen_solidus_screen_sms-350x197.png 350w, https:\/\/www.seven.io\/wp-content\/uploads\/integrationen_solidus_screen_sms-250x141.png 250w, https:\/\/www.seven.io\/wp-content\/uploads\/integrationen_solidus_screen_sms-600x338.png 600w, https:\/\/www.seven.io\/wp-content\/uploads\/integrationen_solidus_screen_sms-400x225.png 400w, https:\/\/www.seven.io\/wp-content\/uploads\/integrationen_solidus_screen_sms-200x113.png 200w, https:\/\/www.seven.io\/wp-content\/uploads\/integrationen_solidus_screen_sms-500x281.png 500w, https:\/\/www.seven.io\/wp-content\/uploads\/integrationen_solidus_screen_sms.png 1200w\" sizes=\"auto, (max-width: 768px) 100vw, 768px\" \/><\/a><\/div><div class=\"wpb_text_column\"><div class=\"wpb_wrapper\"><p style=\"text-align: center;\"><em>Der Versand einer SMS in Solidus, zum Vergr\u00f6\u00dfern anklicken<\/em><\/p>\n<\/div><\/div><\/div><\/div><\/div><\/div><\/div><\/section><section class=\"l-section wpb_row height_small\"><div class=\"l-section-h i-cf\"><div class=\"g-cols vc_row via_flex valign_top type_default stacking_default\"><div class=\"vc_col-sm-12 wpb_column vc_column_container\"><div class=\"vc_column-inner\"><div class=\"wpb_wrapper\"><div class=\"w-actionbox us_custom_e47d7875 color_light controls_right\"><div class=\"w-actionbox-text\"><div class=\"w-actionbox-description\"><p>Sie brauchen Hilfe bei der Installation oder der Einrichtung der Funktionen?<br \/>\nAuf unserer GitHub-Seite finden Sie weitere Informationen.<\/p>\n<\/div><\/div><div class=\"w-actionbox-controls\"><a class=\"w-btn us-btn-style_5\" target=\"_blank\" rel=\"nofollow noopener\" href=\"https:\/\/github.com\/seven-io\/solidus\"><span class=\"w-btn-label\">Zu GitHub<\/span><\/a><\/div><\/div><\/div><\/div><\/div><\/div><\/div><\/section><!-- Row Backgrounds --><div class=\"upb_color\" data-bg-override=\"0\" data-bg-color=\"#ffffff\" data-fadeout=\"\" data-fadeout-percentage=\"30\" data-parallax-content=\"\" data-parallax-content-sense=\"30\" data-row-effect-mobile-disable=\"true\" data-img-parallax-mobile-disable=\"true\" data-rtl=\"false\"  data-custom-vc-row=\"\"  data-vc=\"8.7.2\"  data-is_old_vc=\"\"  data-theme-support=\"disable\"   data-overlay=\"false\" data-overlay-color=\"\" data-overlay-pattern=\"\" data-overlay-pattern-opacity=\"\" data-overlay-pattern-size=\"\"    ><\/div>\n","protected":false},"excerpt":{"rendered":"Solidus ist eine Open Source eCommerce-Plattform, die f\u00fcr Unternehmen jeder Gr\u00f6\u00dfe geeignet ist. Die Software wird von einem Core-Entwicklerteam und einer aktiven Community gepflegt und weiterentwickelt. Die Nutzung ist kostenfrei und beinhaltet bereits in der Basisversion s\u00e4mtliche Funktionen, es entstehen also keine zus\u00e4tzlichen Kosten. Durch die flexiblen Nutzungsm\u00f6glichkeiten k\u00f6nnen Unternehmen Solidus in allen Phasen ihrer...","protected":false},"author":1,"featured_media":32072,"parent":17075,"menu_order":0,"comment_status":"closed","ping_status":"closed","template":"","meta":{"content-type":"","footnotes":""},"class_list":["post-32074","page","type-page","status-publish","has-post-thumbnail","hentry"],"_links":{"self":[{"href":"https:\/\/www.seven.io\/de\/wp-json\/wp\/v2\/pages\/32074","targetHints":{"allow":["GET"]}}],"collection":[{"href":"https:\/\/www.seven.io\/de\/wp-json\/wp\/v2\/pages"}],"about":[{"href":"https:\/\/www.seven.io\/de\/wp-json\/wp\/v2\/types\/page"}],"author":[{"embeddable":true,"href":"https:\/\/www.seven.io\/de\/wp-json\/wp\/v2\/users\/1"}],"replies":[{"embeddable":true,"href":"https:\/\/www.seven.io\/de\/wp-json\/wp\/v2\/comments?post=32074"}],"version-history":[{"count":19,"href":"https:\/\/www.seven.io\/de\/wp-json\/wp\/v2\/pages\/32074\/revisions"}],"predecessor-version":[{"id":88812,"href":"https:\/\/www.seven.io\/de\/wp-json\/wp\/v2\/pages\/32074\/revisions\/88812"}],"up":[{"embeddable":true,"href":"https:\/\/www.seven.io\/de\/wp-json\/wp\/v2\/pages\/17075"}],"wp:featuredmedia":[{"embeddable":true,"href":"https:\/\/www.seven.io\/de\/wp-json\/wp\/v2\/media\/32072"}],"wp:attachment":[{"href":"https:\/\/www.seven.io\/de\/wp-json\/wp\/v2\/media?parent=32074"}],"curies":[{"name":"wp","href":"https:\/\/api.w.org\/{rel}","templated":true}]}}