{"id":32357,"date":"2022-01-27T07:54:47","date_gmt":"2022-01-27T06:54:47","guid":{"rendered":"https:\/\/www.sms77.io\/?page_id=32357"},"modified":"2023-02-22T11:19:19","modified_gmt":"2023-02-22T10:19:19","slug":"suitecrm","status":"publish","type":"page","link":"https:\/\/www.seven.io\/de\/loesungen\/integrationen\/suitecrm\/","title":{"rendered":"SuiteCRM"},"content":{"rendered":"<section class=\"l-section wpb_row height_small\"><div class=\"l-section-h i-cf\"><div class=\"g-cols vc_row via_flex valign_middle type_default stacking_default\"><div class=\"vc_col-sm-6 wpb_column vc_column_container\"><div class=\"vc_column-inner\"><div class=\"wpb_wrapper\"><div class=\"wpb_text_column\"><div class=\"wpb_wrapper\"><p><strong>SuiteCRM ist ein Customer Relationship Management System. Die Open-Source-L\u00f6sung wird von einem festen Entwicklerteam und einer gro\u00dfen Community st\u00e4ndig gepflegt und weiterentwickelt. <\/strong><br \/>\n<strong>Zahlreiche Funktionen b\u00fcndeln umfassende Informationen \u00fcber Kunden und stellen sie Ihrem Team zur Verf\u00fcgung, sodass keine Fragen offenbleiben. So kann sich Ihr Unternehmen auf ein gesundes Wachstum konzentrieren.<\/strong><\/p>\n<p><strong>Umfangreiche <a href=\"https:\/\/docs.suitecrm.com\" target=\"_blank\" rel=\"noopener\">Guides und Dokumentationen<\/a> erleichtern das Aufsetzen und den Umgang mit SuiteCRM. <\/strong><br \/>\n<strong>Au\u00dferdem kann das CRM individuell angepasst und so auf die jeweiligen Bed\u00fcrfnisse eines Unternehmens angepasst werden. Auch der Versand von SMS mit SuiteCRM ist mit unserem Plugin problemlos m\u00f6glich.<\/strong><\/p>\n<\/div><\/div><div class=\"w-btn-wrapper align_none\"><a class=\"w-btn us-btn-style_1 no-border\" target=\"_blank\" rel=\"nofollow noopener\" href=\"https:\/\/github.com\/seven-io\/SuiteCRM\"><span class=\"w-btn-label\">Unser SMS Plugin f\u00fcr SuiteCRM<\/span><\/a><\/div><\/div><\/div><\/div><div class=\"vc_col-sm-6 wpb_column vc_column_container\"><div class=\"vc_column-inner\"><div class=\"wpb_wrapper\"><div class=\"w-image align_center\"><div class=\"w-image-h\"><img decoding=\"async\" width=\"300\" height=\"300\" src=\"https:\/\/www.seven.io\/wp-content\/uploads\/integrationen_SuiteCRM_logo-300x300.png\" class=\"attachment-us_300_0 size-us_300_0\" alt=\"Das SuiteCRM Logo\" loading=\"lazy\" srcset=\"https:\/\/www.seven.io\/wp-content\/uploads\/integrationen_SuiteCRM_logo-300x300.png 300w, https:\/\/www.seven.io\/wp-content\/uploads\/integrationen_SuiteCRM_logo-150x150.png 150w, https:\/\/www.seven.io\/wp-content\/uploads\/integrationen_SuiteCRM_logo-350x350.png 350w, https:\/\/www.seven.io\/wp-content\/uploads\/integrationen_SuiteCRM_logo-250x250.png 250w, https:\/\/www.seven.io\/wp-content\/uploads\/integrationen_SuiteCRM_logo-400x400.png 400w, https:\/\/www.seven.io\/wp-content\/uploads\/integrationen_SuiteCRM_logo-200x200.png 200w, https:\/\/www.seven.io\/wp-content\/uploads\/integrationen_SuiteCRM_logo.png 450w\" sizes=\"auto, (max-width: 300px) 100vw, 300px\" \/><\/div><\/div><\/div><\/div><\/div><\/div><\/div><\/section><section class=\"l-section wpb_row height_small color_alternate\"><div class=\"l-section-h i-cf\"><div class=\"g-cols vc_row via_flex valign_middle type_default stacking_default\"><div class=\"vc_col-sm-6 wpb_column vc_column_container\"><div class=\"vc_column-inner\"><div class=\"wpb_wrapper\"><div class=\"w-image align_center\"><div class=\"w-image-h\"><img decoding=\"async\" width=\"400\" height=\"501\" src=\"https:\/\/www.seven.io\/wp-content\/uploads\/integrationen_suiteCRM_mock_de-400x501.png\" class=\"attachment-us_400_0 size-us_400_0\" alt=\"Versenden Sie SMS mit SuiteCRM, beispielsweise um Neukunden zu begr\u00fc\u00dfen\" loading=\"lazy\" srcset=\"https:\/\/www.seven.io\/wp-content\/uploads\/integrationen_suiteCRM_mock_de-400x501.png 400w, https:\/\/www.seven.io\/wp-content\/uploads\/integrationen_suiteCRM_mock_de-240x300.png 240w, https:\/\/www.seven.io\/wp-content\/uploads\/integrationen_suiteCRM_mock_de-350x438.png 350w, https:\/\/www.seven.io\/wp-content\/uploads\/integrationen_suiteCRM_mock_de-250x313.png 250w, https:\/\/www.seven.io\/wp-content\/uploads\/integrationen_suiteCRM_mock_de-300x376.png 300w, https:\/\/www.seven.io\/wp-content\/uploads\/integrationen_suiteCRM_mock_de-319x400.png 319w, https:\/\/www.seven.io\/wp-content\/uploads\/integrationen_suiteCRM_mock_de-200x250.png 200w, https:\/\/www.seven.io\/wp-content\/uploads\/integrationen_suiteCRM_mock_de.png 511w\" sizes=\"auto, (max-width: 400px) 100vw, 400px\" \/><\/div><\/div><\/div><\/div><\/div><div class=\"vc_col-sm-6 wpb_column vc_column_container\"><div class=\"vc_column-inner\"><div class=\"wpb_wrapper\"><div class=\"wpb_text_column\"><div class=\"wpb_wrapper\"><h3>SMS mit SuiteCRM versenden<\/h3>\n<p>Mit unserem Plugin k\u00f6nnen Sie SMS mit SuiteCRM versenden \u2013 ohne gro\u00dfen Aufwand. Wenn Sie <a href=\"https:\/\/app.seven.io\/signup\" rel=\"noopener\">bei uns registriert<\/a> sind, m\u00fcssen Sie lediglich unser Plugin installieren und ein kurzes Setup durchf\u00fchren. Haben Sie diese Schritte erledigt, k\u00f6nnen Sie anfangen, SMS zu senden.<\/p>\n<p>Versenden Sie eine SMS mit SuiteCRM, um Ihre Kontakte zu erreichen. H\u00e4ufig wird diese Funktion f\u00fcr Terminerinnerungen oder Updates zu einem Deal genutzt. Sie k\u00f6nnen aber auch automatisiert SMS versenden wenn ein neuer Kontakt oder ein neuer Lead angelegt wird. So k\u00f6nnen Sie pers\u00f6nliche Willkommensnachrichten oder wichtige Informationen ohne gro\u00dfen Mehraufwand versenden. Probieren Sie es aus!<\/p>\n<\/div><\/div><\/div><\/div><\/div><\/div><\/div><\/section><!-- Row Backgrounds --><div class=\"upb_color\" data-bg-override=\"0\" data-bg-color=\"#f4f4f4\" data-fadeout=\"\" data-fadeout-percentage=\"30\" data-parallax-content=\"\" data-parallax-content-sense=\"30\" data-row-effect-mobile-disable=\"true\" data-img-parallax-mobile-disable=\"true\" data-rtl=\"false\"  data-custom-vc-row=\"\"  data-vc=\"8.7.2\"  data-is_old_vc=\"\"  data-theme-support=\"disable\"   data-overlay=\"false\" data-overlay-color=\"\" data-overlay-pattern=\"\" data-overlay-pattern-opacity=\"\" data-overlay-pattern-size=\"\"    ><\/div><section class=\"l-section wpb_row height_small\"><div class=\"l-section-h i-cf\"><div class=\"g-cols vc_row via_flex valign_middle type_default stacking_default\"><div class=\"vc_col-sm-6 wpb_column vc_column_container\"><div class=\"vc_column-inner\"><div class=\"wpb_wrapper\"><div class=\"wpb_text_column\"><div class=\"wpb_wrapper\"><h3>SMS an Kontakte versenden<\/h3>\n<\/div><\/div><div class=\"uavc-list-icon uavc-list-icon-wrapper ult-adjust-bottom-margin   \"><ul class=\"uavc-list\"><li><div class=\"uavc-list-content\" id=\"list-icon-wrap-1374\">\n<div class=\"uavc-list-icon  \" data-animation=\"\" data-animation-delay=\"03\" style=\"margin-right:25px;\"><div class=\"ult-just-icon-wrapper  \"><div class=\"align-icon\" style=\"text-align:center;\">\n<div class=\"aio-icon none \"  style=\"color:#52c0fa;font-size:40px;display:inline-block;\">\n\t<i class=\"Defaults-user\"><\/i>\n<\/div><\/div><\/div>\n<\/div><span  data-ultimate-target='#list-icon-wrap-1374 .uavc-list-desc'  data-responsive-json-new='{\"font-size\":\"\",\"line-height\":\"\"}'  class=\"uavc-list-desc ult-responsive\" style=\"\">Es gibt viele gute Gr\u00fcnde, SMS an Ihre Kontakte und Leads zu versenden. Mit dem SMS-Plugin f\u00fcr SuiteCRM ist der SMS-Versand besonders leicht.<\/span><\/div><\/li><\/ul><\/div><div class=\"wpb_text_column\"><div class=\"wpb_wrapper\"><h3>Benachrichtigungen via SMS<\/h3>\n<\/div><\/div><div class=\"uavc-list-icon uavc-list-icon-wrapper ult-adjust-bottom-margin   \"><ul class=\"uavc-list\"><li><div class=\"uavc-list-content\" id=\"list-icon-wrap-3711\">\n<div class=\"uavc-list-icon  \" data-animation=\"\" data-animation-delay=\"03\" style=\"margin-right:25px;\"><div class=\"ult-just-icon-wrapper  \"><div class=\"align-icon\" style=\"text-align:center;\">\n<div class=\"aio-icon none \"  style=\"color:#52c0fa;font-size:40px;display:inline-block;\">\n\t<i class=\"Defaults-envelope-o\"><\/i>\n<\/div><\/div><\/div>\n<\/div><span  data-ultimate-target='#list-icon-wrap-3711 .uavc-list-desc'  data-responsive-json-new='{\"font-size\":\"\",\"line-height\":\"\"}'  class=\"uavc-list-desc ult-responsive\" style=\"\">Versenden Sie eine SMS, wenn ein neuer Kontakt oder ein neuer Lead erstellt wird, um wichtige Informationen oder Willkommensnachrichten automatisiert zuzustellen.<\/span><\/div><\/li><\/ul><\/div><\/div><\/div><\/div><div class=\"vc_col-sm-6 wpb_column vc_column_container\"><div class=\"vc_column-inner\"><div class=\"wpb_wrapper\"><div class=\"w-image no-border align_center\"><a ref=\"magnificPopup\" href=\"https:\/\/www.seven.io\/wp-content\/uploads\/suiteCRM_kontakterstellung_nachricht.png\" aria-label=\"suiteCRM_kontakterstellung_nachricht\" class=\"w-image-h\"><img decoding=\"async\" width=\"768\" height=\"512\" src=\"https:\/\/www.seven.io\/wp-content\/uploads\/suiteCRM_kontakterstellung_nachricht-768x512.png\" class=\"attachment-us_768_0 size-us_768_0\" alt=\"Versenden Sie automatisiert SMS mit SuiteCRM, beispielsweise wenn ein neuer Kontakt erstellt wird\" loading=\"lazy\" srcset=\"https:\/\/www.seven.io\/wp-content\/uploads\/suiteCRM_kontakterstellung_nachricht-768x512.png 768w, https:\/\/www.seven.io\/wp-content\/uploads\/suiteCRM_kontakterstellung_nachricht-300x200.png 300w, https:\/\/www.seven.io\/wp-content\/uploads\/suiteCRM_kontakterstellung_nachricht-1024x683.png 1024w, https:\/\/www.seven.io\/wp-content\/uploads\/suiteCRM_kontakterstellung_nachricht-350x233.png 350w, https:\/\/www.seven.io\/wp-content\/uploads\/suiteCRM_kontakterstellung_nachricht-250x167.png 250w, https:\/\/www.seven.io\/wp-content\/uploads\/suiteCRM_kontakterstellung_nachricht-600x400.png 600w, https:\/\/www.seven.io\/wp-content\/uploads\/suiteCRM_kontakterstellung_nachricht-400x267.png 400w, https:\/\/www.seven.io\/wp-content\/uploads\/suiteCRM_kontakterstellung_nachricht-200x133.png 200w, https:\/\/www.seven.io\/wp-content\/uploads\/suiteCRM_kontakterstellung_nachricht.png 1200w\" sizes=\"auto, (max-width: 768px) 100vw, 768px\" \/><\/a><\/div><div class=\"w-separator size_custom\" style=\"height:10px\"><\/div><div class=\"wpb_text_column\"><div class=\"wpb_wrapper\"><p style=\"text-align: center;\"><em>Einstellungsoptionen bei der Einrichtung des automatischen SMS-Versand bei der Kontakterstellung, zum Vergr\u00f6\u00dfern anklicken.<\/em><\/p>\n<\/div><\/div><\/div><\/div><\/div><\/div><\/div><\/section><section class=\"l-section wpb_row height_small\"><div class=\"l-section-h i-cf\"><div class=\"g-cols vc_row via_flex valign_top type_default stacking_default\"><div class=\"vc_col-sm-12 wpb_column vc_column_container\"><div class=\"vc_column-inner\"><div class=\"wpb_wrapper\"><div class=\"w-actionbox us_custom_e47d7875 color_light controls_right\"><div class=\"w-actionbox-text\"><div class=\"w-actionbox-description\"><p>Sie brauchen Hilfe bei der Installation oder der Einrichtung der Funktionen?<br \/>\nAuf unserer GitHub-Seite finden Sie weitere Informationen.<\/p>\n<\/div><\/div><div class=\"w-actionbox-controls\"><a class=\"w-btn us-btn-style_5\" target=\"_blank\" rel=\"nofollow noopener\" href=\"https:\/\/github.com\/seven-io\/SuiteCRM\"><span class=\"w-btn-label\">Zu GitHub<\/span><\/a><\/div><\/div><\/div><\/div><\/div><\/div><\/div><\/section><!-- Row Backgrounds --><div class=\"upb_color\" data-bg-override=\"0\" data-bg-color=\"#ffffff\" data-fadeout=\"\" data-fadeout-percentage=\"30\" data-parallax-content=\"\" data-parallax-content-sense=\"30\" data-row-effect-mobile-disable=\"true\" data-img-parallax-mobile-disable=\"true\" data-rtl=\"false\"  data-custom-vc-row=\"\"  data-vc=\"8.7.2\"  data-is_old_vc=\"\"  data-theme-support=\"disable\"   data-overlay=\"false\" data-overlay-color=\"\" data-overlay-pattern=\"\" data-overlay-pattern-opacity=\"\" data-overlay-pattern-size=\"\"    ><\/div>\n","protected":false},"excerpt":{"rendered":"SuiteCRM ist ein Customer Relationship Management System. Die Open-Source-L\u00f6sung wird von einem festen Entwicklerteam und einer gro\u00dfen Community st\u00e4ndig gepflegt und weiterentwickelt. Zahlreiche Funktionen b\u00fcndeln umfassende Informationen \u00fcber Kunden und stellen sie Ihrem Team zur Verf\u00fcgung, sodass keine Fragen offenbleiben. So kann sich Ihr Unternehmen auf ein gesundes Wachstum konzentrieren. Umfangreiche Guides und Dokumentationen erleichtern...","protected":false},"author":1,"featured_media":32355,"parent":17075,"menu_order":0,"comment_status":"closed","ping_status":"closed","template":"","meta":{"content-type":"","footnotes":""},"class_list":["post-32357","page","type-page","status-publish","has-post-thumbnail","hentry"],"_links":{"self":[{"href":"https:\/\/www.seven.io\/de\/wp-json\/wp\/v2\/pages\/32357","targetHints":{"allow":["GET"]}}],"collection":[{"href":"https:\/\/www.seven.io\/de\/wp-json\/wp\/v2\/pages"}],"about":[{"href":"https:\/\/www.seven.io\/de\/wp-json\/wp\/v2\/types\/page"}],"author":[{"embeddable":true,"href":"https:\/\/www.seven.io\/de\/wp-json\/wp\/v2\/users\/1"}],"replies":[{"embeddable":true,"href":"https:\/\/www.seven.io\/de\/wp-json\/wp\/v2\/comments?post=32357"}],"version-history":[{"count":15,"href":"https:\/\/www.seven.io\/de\/wp-json\/wp\/v2\/pages\/32357\/revisions"}],"predecessor-version":[{"id":88827,"href":"https:\/\/www.seven.io\/de\/wp-json\/wp\/v2\/pages\/32357\/revisions\/88827"}],"up":[{"embeddable":true,"href":"https:\/\/www.seven.io\/de\/wp-json\/wp\/v2\/pages\/17075"}],"wp:featuredmedia":[{"embeddable":true,"href":"https:\/\/www.seven.io\/de\/wp-json\/wp\/v2\/media\/32355"}],"wp:attachment":[{"href":"https:\/\/www.seven.io\/de\/wp-json\/wp\/v2\/media?parent=32357"}],"curies":[{"name":"wp","href":"https:\/\/api.w.org\/{rel}","templated":true}]}}