{"id":5435,"date":"2016-11-15T14:08:21","date_gmt":"2016-11-15T13:08:21","guid":{"rendered":"https:\/\/frontend.sms77.de\/?page_id=5435"},"modified":"2024-12-17T16:01:54","modified_gmt":"2024-12-17T15:01:54","slug":"preise","status":"publish","type":"page","link":"https:\/\/www.seven.io\/de\/preise\/","title":{"rendered":"Preise"},"content":{"rendered":"<section class=\"l-section wpb_row height_small\"><div class=\"l-section-h i-cf\"><div class=\"g-cols vc_row via_flex valign_top type_default stacking_default\"><div class=\"vc_col-sm-12 wpb_column vc_column_container\"><div class=\"vc_column-inner\"><div class=\"wpb_wrapper\"><div class=\"wpb_text_column\"><div class=\"wpb_wrapper\"><p style=\"text-align: center;\">Laden Sie bequem Ihr Guthaben auf und zahlen Sie nur die SMS, die Sie verschicken. Es entstehen keine weiteren Kosten f\u00fcr Sie. Alle Features wie die API, Email2SMS usw. sind kostenlos f\u00fcr jeden Account verf\u00fcgbar.<\/p>\n<\/div><\/div><div class=\"w-pricing style_flat items_1\"><div class=\"w-pricing-item type_featured\"><div class=\"w-pricing-item-h\"><div class=\"w-pricing-item-header\"><div class=\"w-pricing-item-title\">Aktueller Preis<\/div><div class=\"w-pricing-item-price\">0,075 \u20ac<small>je SMS*<\/small><\/div><\/div><ul class=\"w-pricing-item-features\"><li class=\"w-pricing-item-feature\">Weltweiter Versand<\/li><li class=\"w-pricing-item-feature\">Eigener Absender<\/li><li class=\"w-pricing-item-feature\">Kostenlose Antwortfunktion<\/li><li class=\"w-pricing-item-feature\">Portierte Rufnummern<\/li><li class=\"w-pricing-item-feature\">Statusbericht<\/li><li class=\"w-pricing-item-feature\">Flash SMS<\/li><li class=\"w-pricing-item-feature\">Unicode Nachrichten<\/li><li class=\"w-pricing-item-feature\"><strong>100% Garantierte Zustellung<\/strong><\/li><\/ul><div class=\"w-pricing-item-footer\"><a class=\"w-btn us-btn-style_14\" style=\"font-size:15px\" href=\"https:\/\/app.sms77.io\/anmelden\" rel=\"noopener\"><span class=\"w-btn-label\">Gratis testen<\/span><\/a><\/div><\/div><\/div><\/div><div class=\"wpb_text_column\"><div class=\"wpb_wrapper\"><p class=\"text_small\" style=\"text-align: center;\">*Alle Preise verstehen sich zuz\u00fcglich der gesetzlichen Umsatzsteuer. Preise f\u00fcr nicht-EU L\u00e4nder k\u00f6nnen abweichen. <a href=\"\/en\/full-sms-pricelist\/\">Bitte \u00fcberpr\u00fcfen Sie unsere vollst\u00e4ndige Preisliste nach L\u00e4ndern<\/a>. Die Preise sind jeweils g\u00fcltig f\u00fcr eine verschickte SMS mit 160 Zeichen. Nachrichten mit mehr als 160 Zeichen werden nach der Anzahl der verschickten SMS berechnet, wobei je SMS bei einer \u00fcberlangen Nachricht 8 Zeichen weniger zur Verf\u00fcgung stehen. Eine SMS mit z.B. 310 Zeichen w\u00fcrde also mit dem dreifachen SMS Preis berechnet werden. Bei SMS mit Unicodezeichen, also Zeichen, die nicht im <a href=\"https:\/\/de.wikipedia.org\/wiki\/GSM_03.38\" target=\"_blank\" rel=\"noopener noreferrer\">Standard GSM Alphabet<\/a> enthalten sind (z.B. Kyrillisch, Arabisch etc.), sind nur 70 Zeichen je SMS m\u00f6glich. Der Preis gilt dann f\u00fcr jeweils 70 Zeichen. Kein Versand an Sonderrufnummern.<\/p>\n<\/div><\/div><\/div><\/div><\/div><\/div><\/div><\/section><section class=\"l-section wpb_row height_large color_primary with_img parallax_ver\"><div class=\"l-section-img\" role=\"img\" aria-label=\"Unsere Preise f\u00fcr den SMS-Versand f\u00fcr Gro\u00dfkunden richten sich nach Ihren individuellen Anforderungen\" data-img-width=\"1000\" data-img-height=\"1000\" style=\"background-image: url(https:\/\/www.seven.io\/wp-content\/uploads\/2016\/11\/stars-1.jpg);background-repeat: no-repeat;\"><\/div><div class=\"l-section-h i-cf\"><div class=\"g-cols vc_row via_flex valign_middle type_default stacking_default\"><div class=\"vc_col-sm-12 wpb_column vc_column_container\"><div class=\"vc_column-inner\"><div class=\"wpb_wrapper\"><div class=\"wpb_text_column\"><div class=\"wpb_wrapper\"><h3 style=\"font-size: 55px; text-align: center;\">Gro\u00dfkunden<\/h3>\n<p style=\"text-align: center; font-size: 20px;\">Sie verschicken <strong>10.000 <\/strong> oder mehr SMS im Monat? Gern unterst\u00fctzen wir Sie bei Ihrem Vorhaben.\u00a0<a href=\"\/unternehmen\/kontakt\">Sprechen Sie uns an<\/a> f\u00fcr unsere Tarife f\u00fcr Gro\u00dfkunden und Partner.<\/p>\n<\/div><\/div><\/div><\/div><\/div><\/div><\/div><\/section><section class=\"l-section wpb_row height_small color_alternate\" id=\"additional\"><div class=\"l-section-h i-cf\"><div class=\"g-cols vc_row via_flex valign_top type_default stacking_default\"><div class=\"vc_col-sm-12 wpb_column vc_column_container\"><div class=\"vc_column-inner\"><div class=\"wpb_wrapper\"><div class=\"wpb_text_column\"><div class=\"wpb_wrapper\"><h3>Zusatzleistungen<\/h3>\n<p>Folgende zus\u00e4tzliche Dienste bieten wir Ihnen zum Aufpreis an.<\/p>\n<\/div><\/div><div class=\"g-cols wpb_row via_flex valign_middle type_default stacking_default\"><div class=\"vc_col-sm-8 wpb_column vc_column_container\"><div class=\"vc_column-inner\"><div class=\"wpb_wrapper\"><div class=\"wpb_text_column\"><div class=\"wpb_wrapper\"><p><strong>MNP Lookup<\/strong><br \/>\nFragen Sie die die Netzzugeh\u00f6rigkeit einer beliebigen, internationalen Rufnummer ab<\/p>\n<\/div><\/div><\/div><\/div><\/div><div class=\"vc_col-sm-4 wpb_column vc_column_container\"><div class=\"vc_column-inner\"><div class=\"wpb_wrapper\"><div class=\"wpb_text_column\"><div class=\"wpb_wrapper\"><p style=\"text-align: right;\">je Abfrage <span style=\"color: #cccccc; font-size: 36px;\">0,005\u20ac<\/span><\/p>\n<\/div><\/div><\/div><\/div><\/div><\/div><div class=\"w-separator size_medium with_line width_default thick_1 style_solid color_border align_center\"><div class=\"w-separator-h\"><\/div><\/div><div class=\"g-cols wpb_row via_flex valign_middle type_default stacking_default\"><div class=\"vc_col-sm-8 wpb_column vc_column_container\"><div class=\"vc_column-inner\"><div class=\"wpb_wrapper\"><div class=\"wpb_text_column\"><div class=\"wpb_wrapper\"><p><strong>HLR Lookup<\/strong><br \/>\nDie Validierung einer Nummer im <a href=\"https:\/\/de.wikipedia.org\/wiki\/Home_Location_Register\" target=\"_blank\" rel=\"noopener noreferrer\">Home Location Register<\/a> (HLR)\u00a0ist weltweit verf\u00fcgbar und bietet deutlich mehr Informationen zu einer Rufnummer zu z.B. Roaming, Netzbetreiber uvm.<\/p>\n<\/div><\/div><\/div><\/div><\/div><div class=\"vc_col-sm-4 wpb_column vc_column_container\"><div class=\"vc_column-inner\"><div class=\"wpb_wrapper\"><div class=\"wpb_text_column\"><div class=\"wpb_wrapper\"><p style=\"text-align: right;\">je Abfrage\u00a0<span style=\"color: #cccccc; font-size: 36px;\">0,01\u20ac<\/span><\/p>\n<\/div><\/div><\/div><\/div><\/div><\/div><div class=\"w-separator size_medium with_line width_default thick_1 style_solid color_border align_center\"><div class=\"w-separator-h\"><\/div><\/div><div class=\"g-cols wpb_row via_flex valign_middle type_default stacking_default\"><div class=\"vc_col-sm-8 wpb_column vc_column_container\"><div class=\"vc_column-inner\"><div class=\"wpb_wrapper\"><div class=\"wpb_text_column\"><div class=\"wpb_wrapper\"><p><strong>CNAM Lookup<\/strong><br \/>\nAbfrage des Caller ID Namens f\u00fcr beliebige Nummern weltweit<\/p>\n<\/div><\/div><\/div><\/div><\/div><div class=\"vc_col-sm-4 wpb_column vc_column_container\"><div class=\"vc_column-inner\"><div class=\"wpb_wrapper\"><div class=\"wpb_text_column\"><div class=\"wpb_wrapper\"><p style=\"text-align: right;\">je Abfrage\u00a0<span style=\"color: #cccccc; font-size: 36px;\">0,0075\u20ac<\/span><\/p>\n<\/div><\/div><\/div><\/div><\/div><\/div><div class=\"w-separator size_medium with_line width_default thick_1 style_solid color_border align_center\"><div class=\"w-separator-h\"><\/div><\/div><div class=\"g-cols wpb_row via_flex valign_middle type_default stacking_default\"><div class=\"vc_col-sm-8 wpb_column vc_column_container\"><div class=\"vc_column-inner\"><div class=\"wpb_wrapper\"><div class=\"wpb_text_column\"><div class=\"wpb_wrapper\"><p><strong>Voice \/ Text2Speech<br \/>\n<\/strong>Lassen Sie beliebige Rufnummern automatisiert anrufen und einen definierten Text vorlesen.<\/p>\n<\/div><\/div><\/div><\/div><\/div><div class=\"vc_col-sm-4 wpb_column vc_column_container\"><div class=\"vc_column-inner\"><div class=\"wpb_wrapper\"><div class=\"wpb_text_column\"><div class=\"wpb_wrapper\"><p style=\"text-align: right;\">je angefangene Minute ab <span style=\"color: #cccccc; font-size: 36px;\">0,015\u20ac<\/span><br \/><a href=\"https:\/\/www.seven.io\/en\/voice-pricelist\/\">Vollst\u00e4ndige Preisliste<\/a><\/p>\n<\/div><\/div><\/div><\/div><\/div><\/div><div class=\"w-separator size_medium with_line width_default thick_1 style_solid color_border align_center\"><div class=\"w-separator-h\"><\/div><\/div><div class=\"g-cols wpb_row via_flex valign_middle type_default stacking_default\"><div class=\"vc_col-sm-8 wpb_column vc_column_container\"><div class=\"vc_column-inner\"><div class=\"wpb_wrapper\"><div class=\"wpb_text_column\"><div class=\"wpb_wrapper\"><p><strong>Rufnummer<\/strong><br \/>\nRegistrieren Sie eine eigene\u00a0Rufnummer bei seven, um dediziert <a href=\"\/de\/produkte\/sms-empfang\">SMS \u00fcber unser Inbound System<\/a> zu erhalten. Wir bieten Ihnen Rufnummern aus verschiedenen L\u00e4ndern an.<\/p>\n<\/div><\/div><\/div><\/div><\/div><div class=\"vc_col-sm-4 wpb_column vc_column_container\"><div class=\"vc_column-inner\"><div class=\"wpb_wrapper\"><div class=\"wpb_text_column\"><div class=\"wpb_wrapper\"><p style=\"text-align: right;\">monatlich ab <span style=\"color: #cccccc; font-size: 36px;\">19,90\u20ac<\/span><\/p>\n<p style=\"text-align: right;\">Setup ab <span style=\"color: #cccccc; font-size: 36px;\">9,90\u20ac<\/span><\/p>\n<p style=\"text-align: right;\">je eingehender SMS <span style=\"color: #cccccc; font-size: 36px;\">0,01\u20ac<\/span><\/p>\n<\/div><\/div><\/div><\/div><\/div><\/div><div class=\"w-separator size_medium with_line width_default thick_1 style_solid color_border align_center\"><div class=\"w-separator-h\"><\/div><\/div><div class=\"g-cols wpb_row via_flex valign_middle type_default stacking_default\"><div class=\"vc_col-sm-8 wpb_column vc_column_container\"><div class=\"vc_column-inner\"><div class=\"wpb_wrapper\"><div class=\"wpb_text_column\"><div class=\"wpb_wrapper\"><p><strong>SIM Hosting<br \/>\n<\/strong>Sie schicken uns eine SIM-Karte und nutzen eine eigene, physische Rufnummer in unserem System.<\/p>\n<\/div><\/div><\/div><\/div><\/div><div class=\"vc_col-sm-4 wpb_column vc_column_container\"><div class=\"vc_column-inner\"><div class=\"wpb_wrapper\"><div class=\"wpb_text_column\"><div class=\"wpb_wrapper\"><p style=\"text-align: right;\">monatlich ab <span style=\"color: #cccccc; font-size: 36px;\">19,90\u20ac<\/span><\/p>\n<p style=\"text-align: right;\">Setup ab <span style=\"color: #cccccc; font-size: 36px;\">9,90\u20ac<\/span><\/p>\n<p style=\"text-align: right;\">je eingehender SMS <span style=\"color: #cccccc; font-size: 36px;\">0,01\u20ac<\/span><\/p>\n<\/div><\/div><\/div><\/div><\/div><\/div><div class=\"w-separator size_medium with_line width_default thick_1 style_solid color_border align_center\"><div class=\"w-separator-h\"><\/div><\/div><\/div><\/div><\/div><\/div><\/div><\/section><section class=\"l-section wpb_row height_small\"><div class=\"l-section-h i-cf\"><div class=\"g-cols vc_row via_flex valign_top type_default stacking_default\"><div class=\"vc_col-sm-4 wpb_column vc_column_container\"><div class=\"vc_column-inner\"><div class=\"wpb_wrapper\"><div class=\"w-iconbox iconpos_top style_default color_contrast align_center\"><div class=\"w-iconbox-icon\" style=\"font-size:2rem;\"><i class=\"far fa-credit-card\"><\/i><\/div><div class=\"w-iconbox-meta\"><h4 class=\"w-iconbox-title\">Kreditkarte<\/h4><div class=\"w-iconbox-text\"><p>Zahlen Sie bequem und schnell \u00fcber Ihre Kreditkarte.<\/p>\n<\/div><\/div><\/div><\/div><\/div><\/div><div class=\"vc_col-sm-4 wpb_column vc_column_container\"><div class=\"vc_column-inner\"><div class=\"wpb_wrapper\"><div class=\"w-iconbox iconpos_top style_default color_contrast align_center\"><div class=\"w-iconbox-icon\" style=\"font-size:2rem;\"><i class=\"fas fa-euro-sign\"><\/i><\/div><div class=\"w-iconbox-meta\"><h4 class=\"w-iconbox-title\">Echtzeit\u00fcberweisung<\/h4><div class=\"w-iconbox-text\"><p>Die einfache und schnellere Alternative zur \u00dcberweisung. Ihr Guthaben ist sofort nach Zahlung verf\u00fcgbar.<\/p>\n<\/div><\/div><\/div><\/div><\/div><\/div><div class=\"vc_col-sm-4 wpb_column vc_column_container\"><div class=\"vc_column-inner\"><div class=\"wpb_wrapper\"><div class=\"w-iconbox iconpos_top style_default color_contrast align_center\"><div class=\"w-iconbox-icon\" style=\"font-size:2rem;\"><i class=\"fas fa-university\"><\/i><\/div><div class=\"w-iconbox-meta\"><h4 class=\"w-iconbox-title\">Bank\u00fcberweisung<\/h4><div class=\"w-iconbox-text\"><p>Die einfachste Art der Guthabenaufladung. Es k\u00f6nnen 2-3 Arbeitstage vergehen, bis Ihr Guthaben freigeschaltet wird.<\/p>\n<\/div><\/div><\/div><\/div><\/div><\/div><\/div><\/div><\/section><section class=\"l-section wpb_row height_small\"><div class=\"l-section-h i-cf\"><div class=\"g-cols vc_row via_flex valign_top type_default stacking_default\"><div class=\"vc_col-sm-4 wpb_column vc_column_container\"><div class=\"vc_column-inner\"><div class=\"wpb_wrapper\"><div class=\"w-iconbox iconpos_top style_default color_contrast align_center\"><div class=\"w-iconbox-icon\" style=\"font-size:2rem;\"><i class=\"fab fa-paypal\"><\/i><\/div><div class=\"w-iconbox-meta\"><h4 class=\"w-iconbox-title\">PayPal<\/h4><div class=\"w-iconbox-text\"><p>PayPal erm\u00f6glicht einfache Zahlungen mit sofortiger Gutschrift \u00fcber Paypal-Guthaben oder per Kreditkarte.<\/p>\n<\/div><\/div><\/div><\/div><\/div><\/div><div class=\"vc_col-sm-4 wpb_column vc_column_container\"><div class=\"vc_column-inner\"><div class=\"wpb_wrapper\"><div class=\"w-iconbox iconpos_top style_default color_contrast align_center\"><div class=\"w-iconbox-icon\" style=\"font-size:2rem;\"><i class=\"far fa-credit-card-blank\"><\/i><\/div><div class=\"w-iconbox-meta\"><h4 class=\"w-iconbox-title\">Lastschrift<\/h4><div class=\"w-iconbox-text\"><p>Erteilen Sie uns ein SEPA-Mandat und laden Sie bequem per Lastschrift auf. Lassen Sie Ihren Account unterhalb eines bestimmten Guthabenstands automatisch aufladen.<\/p>\n<\/div><\/div><\/div><\/div><\/div><\/div><div class=\"vc_col-sm-4 wpb_column vc_column_container\"><div class=\"vc_column-inner\"><div class=\"wpb_wrapper\"><div class=\"w-iconbox iconpos_top style_default color_contrast align_center\"><div class=\"w-iconbox-icon\" style=\"font-size:2rem;\"><i class=\"fab fa-btc\"><\/i><\/div><div class=\"w-iconbox-meta\"><h4 class=\"w-iconbox-title\">Kryptow\u00e4hrungen<\/h4><div class=\"w-iconbox-text\"><p>Bitcoin, Ethereum, Bitcoin Cash, Ripple, Dash, Litecoin, Monero und viele weitere Kryptow\u00e4hrungen.<\/p>\n<\/div><\/div><\/div><\/div><\/div><\/div><\/div><\/div><\/section><section class=\"l-section wpb_row height_small\"><div class=\"l-section-h i-cf\"><div class=\"g-cols vc_row via_flex valign_top type_default stacking_default\"><div class=\"vc_col-sm-12 wpb_column vc_column_container\"><div class=\"vc_column-inner\"><div class=\"wpb_wrapper\"><div class=\"wpb_text_column\"><div class=\"wpb_wrapper\"><p class=\"text_small\" style=\"text-align: center;\">Stand: 02.12.2016. Dieses Angebot richtet sich an Gewerbetreibende, Freiberufler, Vereine, Parteien und Religionsgemeinschaften. Alle Preise verstehen sich netto zzgl. 19% Mehrwertsteuer. EU-Unternehmen mit g\u00fcltiger Ust.-ID. erhalten eine Rechnung ohne MwSt. auf Anfrage. Gleiches gilt f\u00fcr Unternehmen au\u00dferhalb der EU (Tax-Reversed).<\/p>\n<\/div><\/div><\/div><\/div><\/div><\/div><\/div><\/section>\n","protected":false},"excerpt":{"rendered":"Laden Sie bequem Ihr Guthaben auf und zahlen Sie nur die SMS, die Sie verschicken. Es entstehen keine weiteren Kosten f\u00fcr Sie. Alle Features wie die API, Email2SMS usw. sind kostenlos f\u00fcr jeden Account verf\u00fcgbar. Aktueller Preis0,075 \u20acje SMS*Weltweiter VersandEigener AbsenderKostenlose AntwortfunktionPortierte RufnummernStatusberichtFlash SMSUnicode Nachrichten100% Garantierte ZustellungGratis testen*Alle Preise verstehen sich zuz\u00fcglich der gesetzlichen Umsatzsteuer....","protected":false},"author":1,"featured_media":86675,"parent":0,"menu_order":0,"comment_status":"closed","ping_status":"closed","template":"","meta":{"content-type":"","footnotes":""},"class_list":["post-5435","page","type-page","status-publish","has-post-thumbnail","hentry"],"_links":{"self":[{"href":"https:\/\/www.seven.io\/de\/wp-json\/wp\/v2\/pages\/5435","targetHints":{"allow":["GET"]}}],"collection":[{"href":"https:\/\/www.seven.io\/de\/wp-json\/wp\/v2\/pages"}],"about":[{"href":"https:\/\/www.seven.io\/de\/wp-json\/wp\/v2\/types\/page"}],"author":[{"embeddable":true,"href":"https:\/\/www.seven.io\/de\/wp-json\/wp\/v2\/users\/1"}],"replies":[{"embeddable":true,"href":"https:\/\/www.seven.io\/de\/wp-json\/wp\/v2\/comments?post=5435"}],"version-history":[{"count":63,"href":"https:\/\/www.seven.io\/de\/wp-json\/wp\/v2\/pages\/5435\/revisions"}],"predecessor-version":[{"id":93156,"href":"https:\/\/www.seven.io\/de\/wp-json\/wp\/v2\/pages\/5435\/revisions\/93156"}],"wp:featuredmedia":[{"embeddable":true,"href":"https:\/\/www.seven.io\/de\/wp-json\/wp\/v2\/media\/86675"}],"wp:attachment":[{"href":"https:\/\/www.seven.io\/de\/wp-json\/wp\/v2\/media?parent=5435"}],"curies":[{"name":"wp","href":"https:\/\/api.w.org\/{rel}","templated":true}]}}