{"id":5593,"date":"2016-11-16T23:24:26","date_gmt":"2016-11-16T22:24:26","guid":{"rendered":"https:\/\/frontend.sms77.de\/?page_id=5593"},"modified":"2024-05-03T12:39:13","modified_gmt":"2024-05-03T10:39:13","slug":"email-to-sms","status":"publish","type":"page","link":"https:\/\/www.seven.io\/de\/produkte\/email-to-sms\/","title":{"rendered":"Email zu SMS Gateway"},"content":{"rendered":"<section class=\"l-section wpb_row height_auto\"><div class=\"l-section-h i-cf\"><div class=\"g-cols vc_row via_flex valign_middle type_default stacking_default\"><div class=\"vc_col-sm-6 wpb_column vc_column_container\"><div class=\"vc_column-inner\"><div class=\"wpb_wrapper\"><div class=\"wpb_text_column\"><div class=\"wpb_wrapper\"><h3>SMS per Mail versenden<\/h3>\n<p>\u00dcber unser Email zu SMS Gateway senden Sie SMS so einfach wie eine Mail. Manuell \u00fcber Ihren Email-Client oder automatisiert \u00fcber Ihre\u00a0Anwendung wie z.B. Alarmanlagen etc.<\/p>\n<p>Sie versenden eine Email mit den n\u00f6tigen Spezifikationen. Die Mail wird sofort beim Eintreffen im Mailserver registriert und bearbeitet. Sie erhalten ein Feedback wahlweise per Mail, HTTP Push Notification und in unserer Webapp. Detaillierte Informationen zum Versand finden Sie in unserer Dokumentation.<\/p>\n<\/div><\/div><div class=\"w-separator size_medium\"><\/div><div class=\"w-btn-wrapper align_none\"><a class=\"w-btn us-btn-style_1\" href=\"https:\/\/docs.seven.io\/de\/mail-api\" rel=\"noopener\"><span class=\"w-btn-label\">Zur Dokumentation<\/span><\/a><\/div><\/div><\/div><\/div><div class=\"vc_col-sm-6 wpb_column vc_column_container\"><div class=\"vc_column-inner\"><div class=\"wpb_wrapper\"><div class=\"w-image align_center\"><div class=\"w-image-h\"><img decoding=\"async\" width=\"800\" height=\"544\" src=\"https:\/\/www.seven.io\/wp-content\/uploads\/email2sms_zahnarzt_de.png\" class=\"attachment-large size-large\" alt=\"Nutzen Sie unser Email zu SMS Gateway\" loading=\"lazy\" srcset=\"https:\/\/www.seven.io\/wp-content\/uploads\/email2sms_zahnarzt_de.png 800w, https:\/\/www.seven.io\/wp-content\/uploads\/email2sms_zahnarzt_de-300x204.png 300w, https:\/\/www.seven.io\/wp-content\/uploads\/email2sms_zahnarzt_de-350x238.png 350w, https:\/\/www.seven.io\/wp-content\/uploads\/email2sms_zahnarzt_de-250x170.png 250w, https:\/\/www.seven.io\/wp-content\/uploads\/email2sms_zahnarzt_de-600x408.png 600w, https:\/\/www.seven.io\/wp-content\/uploads\/email2sms_zahnarzt_de-768x522.png 768w, https:\/\/www.seven.io\/wp-content\/uploads\/email2sms_zahnarzt_de-400x272.png 400w, https:\/\/www.seven.io\/wp-content\/uploads\/email2sms_zahnarzt_de-588x400.png 588w, https:\/\/www.seven.io\/wp-content\/uploads\/email2sms_zahnarzt_de-200x136.png 200w, https:\/\/www.seven.io\/wp-content\/uploads\/email2sms_zahnarzt_de-500x340.png 500w\" sizes=\"auto, (max-width: 800px) 100vw, 800px\" \/><\/div><\/div><\/div><\/div><\/div><\/div><\/div><\/section><section class=\"l-section wpb_row height_small\"><div class=\"l-section-h i-cf\"><div class=\"g-cols vc_row via_flex valign_top type_default stacking_default\"><div class=\"vc_col-sm-12 wpb_column vc_column_container\"><div class=\"vc_column-inner\"><div class=\"wpb_wrapper\"><div class=\"wpb_text_column\"><div class=\"wpb_wrapper\"><h3 style=\"text-align: center;\">Email zu SMS \u2013 Ihre Vorteile<\/h3>\n<\/div><\/div><div class=\"g-cols wpb_row via_flex valign_top type_default stacking_default\"><div class=\"vc_col-sm-6 wpb_column vc_column_container\"><div class=\"vc_column-inner\"><div class=\"wpb_wrapper\"><div class=\"smile_icon_list_wrap ult_info_list_container ult-adjust-bottom-margin  \"><ul class=\"smile_icon_list left square with_bg\"><li class=\"icon_list_item\" style=\" font-size:72px;\"><div class=\"icon_list_icon\" data-animation=\"\" data-animation-delay=\"03\" style=\"font-size:24px;border-width:1px;border-style:none;background:rgba(255,255,255,0.01);color:#00d46a;border-color:#333333;\"><i class=\"Defaults-check-square-o\" ><\/i><\/div><div class=\"icon_description\" id=\"Info-list-wrap-7453\" style=\"font-size:24px;\"><h3 class=\"ult-responsive info-list-heading\"  data-ultimate-target='#Info-list-wrap-7453 h3'  data-responsive-json-new='{\"font-size\":\"desktop:16px;\",\"line-height\":\"desktop:24px;\"}'  style=\"\">Sofortiger Versand<\/h3><div class=\"icon_description_text ult-responsive\"  data-ultimate-target='#Info-list-wrap-7453 .icon_description_text'  data-responsive-json-new='{\"font-size\":\"desktop:13px;\",\"line-height\":\"desktop:18px;\"}'  style=\"\"><p>Eingehende Mails werden sofort ohne Verz\u00f6gerung verarbeitet und die jeweiligen SMS gesendet.<\/p>\n<\/div><\/div><div class=\"icon_list_connector\"  style=\"border-right-width: 1px;border-right-style: dashed;border-color: rgba(51,51,51,0);\"><\/div><\/li><li class=\"icon_list_item\" style=\" font-size:72px;\"><div class=\"icon_list_icon\" data-animation=\"\" data-animation-delay=\"03\" style=\"font-size:24px;border-width:1px;border-style:none;background:rgba(255,255,255,0.01);color:#00d46a;border-color:#333333;\"><i class=\"Defaults-check-square-o\" ><\/i><\/div><div class=\"icon_description\" id=\"Info-list-wrap-2189\" style=\"font-size:24px;\"><h3 class=\"ult-responsive info-list-heading\"  data-ultimate-target='#Info-list-wrap-2189 h3'  data-responsive-json-new='{\"font-size\":\"desktop:16px;\",\"line-height\":\"desktop:24px;\"}'  style=\"\">Simple Integration<\/h3><div class=\"icon_description_text ult-responsive\"  data-ultimate-target='#Info-list-wrap-2189 .icon_description_text'  data-responsive-json-new='{\"font-size\":\"desktop:13px;\",\"line-height\":\"desktop:18px;\"}'  style=\"\"><p>Egal wie Sie Mails senden &#8211; ob per Outlook, Googlemail, Exchange\u00a0oder direkt per Server \u2013 unser Email zu SMS Gateway ist in wenigen Augenblicken auch f\u00fcr Laien integriert.<\/p>\n<\/div><\/div><div class=\"icon_list_connector\"  style=\"border-right-width: 1px;border-right-style: dashed;border-color: rgba(51,51,51,0);\"><\/div><\/li><li class=\"icon_list_item\" style=\" font-size:72px;\"><div class=\"icon_list_icon\" data-animation=\"\" data-animation-delay=\"03\" style=\"font-size:24px;border-width:1px;border-style:none;background:rgba(255,255,255,0.01);color:#00d46a;border-color:#333333;\"><i class=\"Defaults-check-square-o\" ><\/i><\/div><div class=\"icon_description\" id=\"Info-list-wrap-8627\" style=\"font-size:24px;\"><h3 class=\"ult-responsive info-list-heading\"  data-ultimate-target='#Info-list-wrap-8627 h3'  data-responsive-json-new='{\"font-size\":\"desktop:16px;\",\"line-height\":\"desktop:24px;\"}'  style=\"\">Zahlreiche Parameter<\/h3><div class=\"icon_description_text ult-responsive\"  data-ultimate-target='#Info-list-wrap-8627 .icon_description_text'  data-responsive-json-new='{\"font-size\":\"desktop:13px;\",\"line-height\":\"desktop:18px;\"}'  style=\"\"><p>Optional k\u00f6nnen Sie \u00fcber zahlreiche Parameter Ihren Versand gezielt steuern \u2013 z.B. den SMS Typ, Absender der Nachricht und mehr.<\/p>\n<\/div><\/div><div class=\"icon_list_connector\"  style=\"border-right-width: 1px;border-right-style: dashed;border-color: rgba(51,51,51,0);\"><\/div><\/li><\/ul><\/div><\/div><\/div><\/div><div class=\"vc_col-sm-6 wpb_column vc_column_container\"><div class=\"vc_column-inner\"><div class=\"wpb_wrapper\"><div class=\"smile_icon_list_wrap ult_info_list_container ult-adjust-bottom-margin  \"><ul class=\"smile_icon_list left square with_bg\"><li class=\"icon_list_item\" style=\" font-size:72px;\"><div class=\"icon_list_icon\" data-animation=\"\" data-animation-delay=\"03\" style=\"font-size:24px;border-width:1px;border-style:none;background:rgba(255,255,255,0.01);color:#00d46a;border-color:#333333;\"><i class=\"Defaults-check-square-o\" ><\/i><\/div><div class=\"icon_description\" id=\"Info-list-wrap-3238\" style=\"font-size:24px;\"><h3 class=\"ult-responsive info-list-heading\"  data-ultimate-target='#Info-list-wrap-3238 h3'  data-responsive-json-new='{\"font-size\":\"desktop:16px;\",\"line-height\":\"desktop:24px;\"}'  style=\"\">Beliebiger Absender<\/h3><div class=\"icon_description_text ult-responsive\"  data-ultimate-target='#Info-list-wrap-3238 .icon_description_text'  data-responsive-json-new='{\"font-size\":\"desktop:13px;\",\"line-height\":\"desktop:18px;\"}'  style=\"\"><p>Setzen Sie in der <a href=\"https:\/\/app.seven.io\" rel=\"noopener\">Webapp<\/a> die gew\u00fcnschten autorisierten Absenderadressen und ggf. ein API Key f\u00fcr jeden Absender.<\/p>\n<\/div><\/div><div class=\"icon_list_connector\"  style=\"border-right-width: 1px;border-right-style: dashed;border-color: rgba(51,51,51,0);\"><\/div><\/li><li class=\"icon_list_item\" style=\" font-size:72px;\"><div class=\"icon_list_icon\" data-animation=\"\" data-animation-delay=\"03\" style=\"font-size:24px;border-width:1px;border-style:none;background:rgba(255,255,255,0.01);color:#00d46a;border-color:#333333;\"><i class=\"Defaults-check-square-o\" ><\/i><\/div><div class=\"icon_description\" id=\"Info-list-wrap-9827\" style=\"font-size:24px;\"><h3 class=\"ult-responsive info-list-heading\"  data-ultimate-target='#Info-list-wrap-9827 h3'  data-responsive-json-new='{\"font-size\":\"desktop:16px;\",\"line-height\":\"desktop:24px;\"}'  style=\"\">Feedback &amp; Debugging<\/h3><div class=\"icon_description_text ult-responsive\"  data-ultimate-target='#Info-list-wrap-9827 .icon_description_text'  data-responsive-json-new='{\"font-size\":\"desktop:13px;\",\"line-height\":\"desktop:18px;\"}'  style=\"\"><p>Sie erhalten zu jeder Ihrer Mails auf Wunsch\u00a0eine HTTP Push Notification bzw. eine Mail mit dem Status der SMS Sendung. Die Auswertungen sind auch in der Webapp einsehbar.<\/p>\n<\/div><\/div><div class=\"icon_list_connector\"  style=\"border-right-width: 1px;border-right-style: dashed;border-color: rgba(51,51,51,0);\"><\/div><\/li><li class=\"icon_list_item\" style=\" font-size:72px;\"><div class=\"icon_list_icon\" data-animation=\"\" data-animation-delay=\"03\" style=\"font-size:24px;border-width:1px;border-style:none;background:rgba(255,255,255,0.01);color:#00d46a;border-color:#333333;\"><i class=\"Defaults-check-square-o\" ><\/i><\/div><div class=\"icon_description\" id=\"Info-list-wrap-3833\" style=\"font-size:24px;\"><h3 class=\"ult-responsive info-list-heading\"  data-ultimate-target='#Info-list-wrap-3833 h3'  data-responsive-json-new='{\"font-size\":\"desktop:16px;\",\"line-height\":\"desktop:24px;\"}'  style=\"\">Massenversand<\/h3><div class=\"icon_description_text ult-responsive\"  data-ultimate-target='#Info-list-wrap-3833 .icon_description_text'  data-responsive-json-new='{\"font-size\":\"desktop:13px;\",\"line-height\":\"desktop:18px;\"}'  style=\"\"><p>Erstellen Sie\u00a0in Ihrem Login eine Kontaktgruppe und senden direkt\u00a0an diese Gruppe \u00fcber eine einzige Mail. Es war noch nie so einfach, Massen-SMS zu versenden.<\/p>\n<\/div><\/div><div class=\"icon_list_connector\"  style=\"border-right-width: 1px;border-right-style: dashed;border-color: rgba(51,51,51,0);\"><\/div><\/li><\/ul><\/div><\/div><\/div><\/div><\/div><\/div><\/div><\/div><\/div><\/div><\/section><section class=\"l-section wpb_row height_auto\"><div class=\"l-section-h i-cf\"><div class=\"g-cols vc_row via_flex valign_top type_default stacking_default\"><div class=\"vc_col-sm-12 wpb_column vc_column_container\"><div class=\"vc_column-inner\"><div class=\"wpb_wrapper\"><div class=\"templatera_shortcode\"><section class=\"l-section wpb_row height_auto\"><div class=\"l-section-h i-cf\"><div class=\"g-cols vc_row via_flex valign_top type_default stacking_default\"><div class=\"vc_col-sm-12 wpb_column vc_column_container\"><div class=\"vc_column-inner\"><div class=\"wpb_wrapper\"><div class=\"g-cols wpb_row via_flex valign_top type_default stacking_default\"><div class=\"vc_col-sm-4 wpb_column vc_column_container us_animate_afc\"><div class=\"vc_column-inner\"><div class=\"wpb_wrapper\"><div class=\"w-iconbox iconpos_top style_default color_primary align_center\"><div class=\"w-iconbox-icon\" style=\"font-size:2rem;\"><i class=\"fal fa-fighter-jet\"><\/i><\/div><div class=\"w-iconbox-meta\"><h4 class=\"w-iconbox-title\">Zuverl\u00e4ssig &amp; Schnell<\/h4><div class=\"w-iconbox-text\"><p>Wir senden \u00fcber die besten Routings mit hoher Ausfallsicherheit. Damit Ihre SMS ankommen.<\/p>\n<\/div><\/div><\/div><\/div><\/div><\/div><div class=\"vc_col-sm-4 wpb_column vc_column_container us_animate_afc\" style=\"animation-delay:0.2s\"><div class=\"vc_column-inner\"><div class=\"wpb_wrapper\"><div class=\"w-iconbox iconpos_top style_default color_primary align_center\"><div class=\"w-iconbox-icon\" style=\"font-size:2rem;\"><i class=\"fal fa-star\"><\/i><\/div><div class=\"w-iconbox-meta\"><h4 class=\"w-iconbox-title\">G\u00fcnstig<\/h4><div class=\"w-iconbox-text\"><p>Unsere Preise sind fair und transparent. Sie zahlen lediglich Ihren reinen Verbrauch.<\/p>\n<\/div><\/div><\/div><\/div><\/div><\/div><div class=\"vc_col-sm-4 wpb_column vc_column_container us_animate_afc\" style=\"animation-delay:0.4s\"><div class=\"vc_column-inner\"><div class=\"wpb_wrapper\"><div class=\"w-iconbox iconpos_top style_default color_primary align_center\"><div class=\"w-iconbox-icon\" style=\"font-size:2rem;\"><i class=\"fal fa-box-full\"><\/i><\/div><div class=\"w-iconbox-meta\"><h4 class=\"w-iconbox-title\">Einfache Integration<\/h4><div class=\"w-iconbox-text\"><p>Durch unsere SMS-API l\u00e4sst sich der SMS-Versand in kurzer Zeit in fast jede Anwendung integrieren.<\/p>\n<\/div><\/div><\/div><\/div><\/div><\/div><\/div><\/div><\/div><\/div><\/div><\/div><\/section><\/div><\/div><\/div><\/div><\/div><\/div><\/section><section class=\"l-section wpb_row height_small\"><div class=\"l-section-h i-cf\"><div class=\"g-cols vc_row via_flex valign_top type_default stacking_default\"><div class=\"vc_col-sm-12 wpb_column vc_column_container\"><div class=\"vc_column-inner\"><div class=\"wpb_wrapper\"><div class=\"ult-content-box-container \" >\t\t<div class=\"ult-content-box\" style=\"box-shadow: px px px px none;border-style:solid;border-width:5px;border-radius:20px;border-color:#52a0ff;padding:20px;-webkit-transition: all 700ms ease;-moz-transition: all 700ms ease;-ms-transition: all 700ms ease;-o-transition: all 700ms ease;transition: all 700ms ease;\"  data-hover_box_shadow=\"none\"     data-border_color=\"#52a0ff\" ><div class=\"wpb_text_column\"><div class=\"wpb_wrapper\"><h4 style=\"text-align: center;\">Sie m\u00f6chten vielf\u00e4ltige Medien versenden?<\/h4>\n<p style=\"text-align: center;\">Senden Sie jetzt auch RCS-Nachrichten via Email und profitieren Sie von interaktiven Mutimedia-Nachrichten.<\/p>\n<\/div><\/div><div class=\"g-cols wpb_row via_flex valign_top type_default stacking_default\"><div class=\"vc_col-sm-6 wpb_column vc_column_container\"><div class=\"vc_column-inner\"><div class=\"wpb_wrapper\"><div class=\"w-btn-wrapper align_center\"><a class=\"w-btn us-btn-style_17\" href=\"https:\/\/www.seven.io\/de\/produkte\/rcs\/\"><span class=\"w-btn-label\">Mehr Infos zu RCS<\/span><\/a><\/div><\/div><\/div><\/div><div class=\"vc_col-sm-6 wpb_column vc_column_container\"><div class=\"vc_column-inner\"><div class=\"wpb_wrapper\"><div class=\"w-btn-wrapper align_center\"><a class=\"w-btn us-btn-style_17\" href=\"https:\/\/help.seven.io\/de\/versand-von-rcs-via-email\" rel=\"noopener\"><span class=\"w-btn-label\">Mehr Infos zu Email-zu-RCS<\/span><\/a><\/div><\/div><\/div><\/div><\/div>\t\t<\/div><\/div><\/div><\/div><\/div><\/div><\/div><\/section><section class=\"l-section wpb_row height_small\"><div class=\"l-section-h i-cf\"><div class=\"g-cols vc_row via_flex valign_top type_default stacking_default\"><div class=\"vc_col-sm-12 wpb_column vc_column_container\"><div class=\"vc_column-inner\"><div class=\"wpb_wrapper\"><div class=\"templatera_shortcode\"><section class=\"l-section wpb_row height_auto\"><div class=\"l-section-h i-cf\"><div class=\"g-cols vc_row via_flex valign_top type_default stacking_default\"><div class=\"vc_col-sm-12 wpb_column vc_column_container\"><div class=\"vc_column-inner\"><div class=\"wpb_wrapper\"><div class=\"wpb_text_column\"><div class=\"wpb_wrapper\"><h2 style=\"text-align: center;\">Transparent und fair &#8211; SMS-Versand Preise<\/h2>\n<p style=\"text-align: center;\">Laden Sie bequem Ihr Guthaben auf und zahlen Sie nur die SMS, die Sie verschicken. Es entstehen keine weiteren Kosten f\u00fcr Sie. Alle Features wie die API, Email2SMS usw. sind kostenlos f\u00fcr jeden Account verf\u00fcgbar.<\/p>\n<\/div><\/div><div class=\"w-pricing style_flat items_1\"><div class=\"w-pricing-item type_featured\"><div class=\"w-pricing-item-h\"><div class=\"w-pricing-item-header\"><div class=\"w-pricing-item-title\">Aktueller Preis<\/div><div class=\"w-pricing-item-price\">0,075 \u20ac<small>je SMS*<\/small><\/div><\/div><ul class=\"w-pricing-item-features\"><li class=\"w-pricing-item-feature\">Weltweiter Versand<\/li><li class=\"w-pricing-item-feature\">Eigener Absender<\/li><li class=\"w-pricing-item-feature\">Kostenlose Antwortfunktion<\/li><li class=\"w-pricing-item-feature\">Portierte Rufnummern<\/li><li class=\"w-pricing-item-feature\">Statusbericht<\/li><li class=\"w-pricing-item-feature\">Flash-SMS<\/li><li class=\"w-pricing-item-feature\">Unicode-Nachrichten<\/li><li class=\"w-pricing-item-feature\"><strong>100% Garantierte Zustellung<\/strong><\/li><\/ul><div class=\"w-pricing-item-footer\"><a class=\"w-btn us-btn-style_1\" style=\"font-size:15px\" href=\"https:\/\/app.seven.io\/anmelden\" rel=\"noopener\"><span class=\"w-btn-label\">Gratis testen<\/span><\/a><\/div><\/div><\/div><\/div><div class=\"wpb_text_column\"><div class=\"wpb_wrapper\"><p class=\"text_small\" style=\"text-align: center;\">*Alle Preise verstehen sich zuz\u00fcglich der gesetzlichen Umsatzsteuer. Preise f\u00fcr nicht-EU L\u00e4nder k\u00f6nnen abweichen. <a href=\"\/en\/full-sms-pricelist\/\">Bitte \u00fcberpr\u00fcfen Sie unsere vollst\u00e4ndige Preisliste nach L\u00e4ndern<\/a>. Die Preise sind jeweils g\u00fcltig f\u00fcr eine verschickte SMS mit 160 Zeichen. Nachrichten mit mehr als 160 Zeichen werden nach der Anzahl der verschickten SMS berechnet, wobei je SMS bei einer \u00fcberlangen Nachricht 8 Zeichen weniger zur Verf\u00fcgung stehen. Eine SMS mit z.B. 310 Zeichen w\u00fcrde also mit dem dreifachen SMS Preis berechnet werden. Bei SMS mit Unicodezeichen, also Zeichen, die nicht im <a href=\"https:\/\/de.wikipedia.org\/wiki\/GSM_03.38\" target=\"_blank\" rel=\"noopener noreferrer\">Standard GSM Alphabet<\/a> enthalten sind (z.B. Kyrillisch, Arabisch etc.), sind nur 70 Zeichen je SMS m\u00f6glich. Der Preis gilt dann f\u00fcr jeweils 70 Zeichen. Kein Versand an Sonderrufnummern.<\/p>\n<\/div><\/div><div class=\"w-btn-wrapper align_center\"><a class=\"w-btn us-btn-style_1\" href=\"\/de\/preise\"><span class=\"w-btn-label\">Zur Preisliste<\/span><\/a><\/div><\/div><\/div><\/div><\/div><\/div><\/section><\/div><\/div><\/div><\/div><\/div><\/div><\/section>\n","protected":false},"excerpt":{"rendered":"Transparent und fair &#8211; SMS-Versand Preise Laden Sie bequem Ihr Guthaben auf und zahlen Sie nur die SMS, die Sie verschicken. Es entstehen keine weiteren Kosten f\u00fcr Sie. Alle Features wie die API, Email2SMS usw. sind kostenlos f\u00fcr jeden Account verf\u00fcgbar. Aktueller Preis0,075 \u20acje SMS*Weltweiter VersandEigener AbsenderKostenlose AntwortfunktionPortierte RufnummernStatusberichtFlash-SMSUnicode-Nachrichten100% Garantierte ZustellungGratis testen*Alle Preise verstehen sich...","protected":false},"author":1,"featured_media":86675,"parent":5430,"menu_order":0,"comment_status":"closed","ping_status":"closed","template":"","meta":{"content-type":"","footnotes":""},"class_list":["post-5593","page","type-page","status-publish","has-post-thumbnail","hentry"],"_links":{"self":[{"href":"https:\/\/www.seven.io\/de\/wp-json\/wp\/v2\/pages\/5593","targetHints":{"allow":["GET"]}}],"collection":[{"href":"https:\/\/www.seven.io\/de\/wp-json\/wp\/v2\/pages"}],"about":[{"href":"https:\/\/www.seven.io\/de\/wp-json\/wp\/v2\/types\/page"}],"author":[{"embeddable":true,"href":"https:\/\/www.seven.io\/de\/wp-json\/wp\/v2\/users\/1"}],"replies":[{"embeddable":true,"href":"https:\/\/www.seven.io\/de\/wp-json\/wp\/v2\/comments?post=5593"}],"version-history":[{"count":31,"href":"https:\/\/www.seven.io\/de\/wp-json\/wp\/v2\/pages\/5593\/revisions"}],"predecessor-version":[{"id":92584,"href":"https:\/\/www.seven.io\/de\/wp-json\/wp\/v2\/pages\/5593\/revisions\/92584"}],"up":[{"embeddable":true,"href":"https:\/\/www.seven.io\/de\/wp-json\/wp\/v2\/pages\/5430"}],"wp:featuredmedia":[{"embeddable":true,"href":"https:\/\/www.seven.io\/de\/wp-json\/wp\/v2\/media\/86675"}],"wp:attachment":[{"href":"https:\/\/www.seven.io\/de\/wp-json\/wp\/v2\/media?parent=5593"}],"curies":[{"name":"wp","href":"https:\/\/api.w.org\/{rel}","templated":true}]}}