{"id":5601,"date":"2016-11-16T23:27:09","date_gmt":"2016-11-16T22:27:09","guid":{"rendered":"https:\/\/frontend.sms77.de\/?page_id=5601"},"modified":"2023-07-13T14:14:03","modified_gmt":"2023-07-13T12:14:03","slug":"nummernvalidierung","status":"publish","type":"page","link":"https:\/\/www.seven.io\/de\/produkte\/nummernvalidierung\/","title":{"rendered":"Nummernvalidierung"},"content":{"rendered":"<section class=\"l-section wpb_row height_small\"><div class=\"l-section-h i-cf\"><div class=\"g-cols vc_row via_flex valign_top type_default stacking_default\"><div class=\"vc_col-sm-12 wpb_column vc_column_container\"><div class=\"vc_column-inner\"><div class=\"wpb_wrapper\"><div class=\"wpb_text_column\"><div class=\"wpb_wrapper\"><p>Wir bieten Ihnen <a href=\"\/de\/blog\/produkte-zur-nummernvalidierung\/\">mehrere Varianten des Lookup<\/a> an, um verschiedene Informationen abzufragen. Alle dienen dazu, das Routing zu verbessern und den Status der Nummern zu \u00fcberpr\u00fcfen. Regelm\u00e4\u00dfiges \u00dcberpr\u00fcfen der Nummern verhindert den unn\u00f6tigen Versand von SMS an veraltete Nummern oder \u00fcber ineffiziente Routen.<\/p>\n<\/div><\/div><\/div><\/div><\/div><\/div><\/div><\/section><section class=\"l-section wpb_row height_small\"><div class=\"l-section-h i-cf\"><div class=\"g-cols vc_row via_flex valign_top type_default stacking_default\"><div class=\"vc_col-sm-8 wpb_column vc_column_container\"><div class=\"vc_column-inner\"><div class=\"wpb_wrapper\"><div class=\"wpb_text_column\"><div class=\"wpb_wrapper\"><h2>HLR Lookup<\/h2>\n<p>Mit dem HLR Lookup validieren Sie Ihren Nummernbestand und \u00fcberpr\u00fcfen relevante Faktoren, etwa Netzbetreiber, Roaming-Status und mehr.<\/p>\n<\/div><\/div><div class=\"w-btn-wrapper align_none\"><a class=\"w-btn us-btn-style_1\" href=\"\/de\/produkte\/nummernvalidierung\/hlr-lookup\/\"><span class=\"w-btn-label\">Mehr zum HLR Lookup<\/span><\/a><\/div><\/div><\/div><\/div><div class=\"vc_col-sm-4 wpb_column vc_column_container\"><div class=\"vc_column-inner\"><div class=\"wpb_wrapper\"><div class=\"smile_icon_list_wrap ult_info_list_container ult-adjust-bottom-margin  \"><ul class=\"smile_icon_list left square with_bg\"><li class=\"icon_list_item\" style=\" font-size:72px;\"><div class=\"icon_list_icon\" data-animation=\"\" data-animation-delay=\"03\" style=\"font-size:24px;border-width:1px;border-style:none;background:#ffffff;color:#6c6c6c;border-color:#333333;\"><i class=\"Defaults-database\" ><\/i><\/div><div class=\"icon_description\" id=\"Info-list-wrap-4134\" style=\"font-size:24px;\"><h3 class=\"ult-responsive info-list-heading\"  data-ultimate-target='#Info-list-wrap-4134 h3'  data-responsive-json-new='{\"font-size\":\"desktop:16px;\",\"line-height\":\"desktop:24px;\"}'  style=\"\">Umfangreiche Daten<\/h3><div class=\"icon_description_text ult-responsive\"  data-ultimate-target='#Info-list-wrap-4134 .icon_description_text'  data-responsive-json-new='{\"font-size\":\"desktop:13px;\",\"line-height\":\"desktop:18px;\"}'  style=\"\"><p>Erhalten Sie alle relevanten Daten f\u00fcr eine erfolgreiche SMS-Kampagne mit einem einzigen Lookup.<\/p>\n<\/div><\/div><div class=\"icon_list_connector\"  style=\"border-right-width: 1px;border-right-style: dashed;border-color: #6c6c6c;\"><\/div><\/li><li class=\"icon_list_item\" style=\" font-size:72px;\"><div class=\"icon_list_icon\" data-animation=\"\" data-animation-delay=\"03\" style=\"font-size:24px;border-width:1px;border-style:none;background:#ffffff;color:#6c6c6c;border-color:#333333;\"><i class=\"Defaults-check-square-o\" ><\/i><\/div><div class=\"icon_description\" id=\"Info-list-wrap-1751\" style=\"font-size:24px;\"><h3 class=\"ult-responsive info-list-heading\"  data-ultimate-target='#Info-list-wrap-1751 h3'  data-responsive-json-new='{\"font-size\":\"desktop:16px;\",\"line-height\":\"desktop:24px;\"}'  style=\"\">Validierung<\/h3><div class=\"icon_description_text ult-responsive\"  data-ultimate-target='#Info-list-wrap-1751 .icon_description_text'  data-responsive-json-new='{\"font-size\":\"desktop:13px;\",\"line-height\":\"desktop:18px;\"}'  style=\"\"><p>Stellen Sie sicher, dass alle von Ihnen verwendeten Nummern g\u00fcltig sind.<\/p>\n<\/div><\/div><div class=\"icon_list_connector\"  style=\"border-right-width: 1px;border-right-style: dashed;border-color: #6c6c6c;\"><\/div><\/li><\/ul><\/div><\/div><\/div><\/div><\/div><\/div><\/section><section class=\"l-section wpb_row height_small\"><div class=\"l-section-h i-cf\"><div class=\"g-cols vc_row via_flex valign_top type_default stacking_default\"><div class=\"vc_col-sm-8 wpb_column vc_column_container\"><div class=\"vc_column-inner\"><div class=\"wpb_wrapper\"><div class=\"wpb_text_column\"><div class=\"wpb_wrapper\"><h2>MNP Lookup<\/h2>\n<p>Mit dem MNP Lookup \u00fcberpr\u00fcfen Sie den Portierungsstatus einer beliebigen Rufnummer und optimieren Ihr Routing.<\/p>\n<\/div><\/div><div class=\"w-btn-wrapper align_none\"><a class=\"w-btn us-btn-style_1\" href=\"\/de\/produkte\/nummernvalidierung\/mnp-lookup\/\"><span class=\"w-btn-label\">Mehr zum MNP Lookup<\/span><\/a><\/div><\/div><\/div><\/div><div class=\"vc_col-sm-4 wpb_column vc_column_container\"><div class=\"vc_column-inner\"><div class=\"wpb_wrapper\"><div class=\"smile_icon_list_wrap ult_info_list_container ult-adjust-bottom-margin  \"><ul class=\"smile_icon_list left square with_bg\"><li class=\"icon_list_item\" style=\" font-size:72px;\"><div class=\"icon_list_icon\" data-animation=\"\" data-animation-delay=\"03\" style=\"font-size:24px;border-width:1px;border-style:none;background:#ffffff;color:#6c6c6c;border-color:#333333;\"><i class=\"Defaults-money\" ><\/i><\/div><div class=\"icon_description\" id=\"Info-list-wrap-2418\" style=\"font-size:24px;\"><h3 class=\"ult-responsive info-list-heading\"  data-ultimate-target='#Info-list-wrap-2418 h3'  data-responsive-json-new='{\"font-size\":\"desktop:16px;\",\"line-height\":\"desktop:24px;\"}'  style=\"\">G\u00fcnstige Alternative<\/h3><div class=\"icon_description_text ult-responsive\"  data-ultimate-target='#Info-list-wrap-2418 .icon_description_text'  data-responsive-json-new='{\"font-size\":\"desktop:13px;\",\"line-height\":\"desktop:18px;\"}'  style=\"\"><p>Mit etwa der H\u00e4lfte des Preises ist das MNP-Lookup die kosteng\u00fcnstige Alternative zu einem vollst\u00e4ndigen HLR-Lookup.<\/p>\n<\/div><\/div><div class=\"icon_list_connector\"  style=\"border-right-width: 1px;border-right-style: dashed;border-color: #6c6c6c;\"><\/div><\/li><li class=\"icon_list_item\" style=\" font-size:72px;\"><div class=\"icon_list_icon\" data-animation=\"\" data-animation-delay=\"03\" style=\"font-size:24px;border-width:1px;border-style:none;background:#ffffff;color:#6c6c6c;border-color:#333333;\"><i class=\"Defaults-globe\" ><\/i><\/div><div class=\"icon_description\" id=\"Info-list-wrap-9455\" style=\"font-size:24px;\"><h3 class=\"ult-responsive info-list-heading\"  data-ultimate-target='#Info-list-wrap-9455 h3'  data-responsive-json-new='{\"font-size\":\"desktop:16px;\",\"line-height\":\"desktop:24px;\"}'  style=\"\">Perfektes Routing<\/h3><div class=\"icon_description_text ult-responsive\"  data-ultimate-target='#Info-list-wrap-9455 .icon_description_text'  data-responsive-json-new='{\"font-size\":\"desktop:13px;\",\"line-height\":\"desktop:18px;\"}'  style=\"\"><p>Durch die \u00dcberpr\u00fcfung des Portierungsstatus Ihrer Kontakte ist es einfacher, das Routing zu optimieren und die Effizienz zu steigern.<\/p>\n<\/div><\/div><div class=\"icon_list_connector\"  style=\"border-right-width: 1px;border-right-style: dashed;border-color: #6c6c6c;\"><\/div><\/li><\/ul><\/div><\/div><\/div><\/div><\/div><\/div><\/section><section class=\"l-section wpb_row height_small\"><div class=\"l-section-h i-cf\"><div class=\"g-cols vc_row via_flex valign_top type_default stacking_default\"><div class=\"vc_col-sm-8 wpb_column vc_column_container\"><div class=\"vc_column-inner\"><div class=\"wpb_wrapper\"><div class=\"wpb_text_column\"><div class=\"wpb_wrapper\"><h2>CNAM Lookup<\/h2>\n<p>Der CNAM-Lookup \u00fcberpr\u00fcft den Caller ID Name zu jeder beliebigen Rufnummer. Erweitern Sie Ihre Kontaktlisten um den Namen der Nutzer (wenn verf\u00fcgbar).<\/p>\n<\/div><\/div><div class=\"w-btn-wrapper align_none\"><a class=\"w-btn us-btn-style_1\" href=\"\/de\/produkte\/nummernvalidierung\/cnam-lookup\/\"><span class=\"w-btn-label\">Mehr zum CNAM Lookup<\/span><\/a><\/div><\/div><\/div><\/div><div class=\"vc_col-sm-4 wpb_column vc_column_container\"><div class=\"vc_column-inner\"><div class=\"wpb_wrapper\"><div class=\"smile_icon_list_wrap ult_info_list_container ult-adjust-bottom-margin  \"><ul class=\"smile_icon_list left square with_bg\"><li class=\"icon_list_item\" style=\" font-size:72px;\"><div class=\"icon_list_icon\" data-animation=\"\" data-animation-delay=\"03\" style=\"font-size:24px;border-width:1px;border-style:none;background:#ffffff;color:#6c6c6c;border-color:#333333;\"><i class=\"Defaults-list-alt\" ><\/i><\/div><div class=\"icon_description\" id=\"Info-list-wrap-2871\" style=\"font-size:24px;\"><h3 class=\"ult-responsive info-list-heading\"  data-ultimate-target='#Info-list-wrap-2871 h3'  data-responsive-json-new='{\"font-size\":\"desktop:16px;\",\"line-height\":\"desktop:24px;\"}'  style=\"\">Verl\u00e4ssliche Daten<\/h3><div class=\"icon_description_text ult-responsive\"  data-ultimate-target='#Info-list-wrap-2871 .icon_description_text'  data-responsive-json-new='{\"font-size\":\"desktop:13px;\",\"line-height\":\"desktop:18px;\"}'  style=\"\"><p>Verschiedene Datenquellen erh\u00f6hen die Nutzbarkeit der Lookup-Ergebnisse.<\/p>\n<\/div><\/div><div class=\"icon_list_connector\"  style=\"border-right-width: 1px;border-right-style: dashed;border-color: #6c6c6c;\"><\/div><\/li><li class=\"icon_list_item\" style=\" font-size:72px;\"><div class=\"icon_list_icon\" data-animation=\"\" data-animation-delay=\"03\" style=\"font-size:24px;border-width:1px;border-style:none;background:#ffffff;color:#6c6c6c;border-color:#333333;\"><i class=\"Defaults-info-circle\" ><\/i><\/div><div class=\"icon_description\" id=\"Info-list-wrap-1227\" style=\"font-size:24px;\"><h3 class=\"ult-responsive info-list-heading\"  data-ultimate-target='#Info-list-wrap-1227 h3'  data-responsive-json-new='{\"font-size\":\"desktop:16px;\",\"line-height\":\"desktop:24px;\"}'  style=\"\">Zus\u00e4tzliche Informationen<\/h3><div class=\"icon_description_text ult-responsive\"  data-ultimate-target='#Info-list-wrap-1227 .icon_description_text'  data-responsive-json-new='{\"font-size\":\"desktop:13px;\",\"line-height\":\"desktop:18px;\"}'  style=\"\"><p>Erweitern Sie Ihre Kontaktlisten mit Anrufer-ID-Namen und weiteren Informationen.<\/p>\n<\/div><\/div><div class=\"icon_list_connector\"  style=\"border-right-width: 1px;border-right-style: dashed;border-color: #6c6c6c;\"><\/div><\/li><\/ul><\/div><\/div><\/div><\/div><\/div><\/div><\/section><section class=\"l-section wpb_row height_small\"><div class=\"l-section-h i-cf\"><div class=\"g-cols vc_row via_flex valign_top type_default stacking_default\"><div class=\"vc_col-sm-8 wpb_column vc_column_container\"><div class=\"vc_column-inner\"><div class=\"wpb_wrapper\"><div class=\"wpb_text_column\"><div class=\"wpb_wrapper\"><h2>Formatabfrage<\/h2>\n<p>Die kostenlose Formatabfrage zeigt zu jeder Nummer die Formatierung an. Dies kann zum Beispiel bei der Lokalisierung der Nummer helfen.<\/p>\n<\/div><\/div><div class=\"w-btn-wrapper align_none\"><a class=\"w-btn us-btn-style_1\" href=\"\/de\/produkte\/nummernvalidierung\/formatabfrage\/\"><span class=\"w-btn-label\">Mehr zur Formatabfrage<\/span><\/a><\/div><\/div><\/div><\/div><div class=\"vc_col-sm-4 wpb_column vc_column_container\"><div class=\"vc_column-inner\"><div class=\"wpb_wrapper\"><div class=\"smile_icon_list_wrap ult_info_list_container ult-adjust-bottom-margin  \"><ul class=\"smile_icon_list left square with_bg\"><li class=\"icon_list_item\" style=\" font-size:72px;\"><div class=\"icon_list_icon\" data-animation=\"\" data-animation-delay=\"03\" style=\"font-size:24px;border-width:1px;border-style:none;background:#ffffff;color:#6c6c6c;border-color:#333333;\"><i class=\"Defaults-check-square\" ><\/i><\/div><div class=\"icon_description\" id=\"Info-list-wrap-6371\" style=\"font-size:24px;\"><h3 class=\"ult-responsive info-list-heading\"  data-ultimate-target='#Info-list-wrap-6371 h3'  data-responsive-json-new='{\"font-size\":\"desktop:16px;\",\"line-height\":\"desktop:24px;\"}'  style=\"\">Kostenloser Lookup<\/h3><div class=\"icon_description_text ult-responsive\"  data-ultimate-target='#Info-list-wrap-6371 .icon_description_text'  data-responsive-json-new='{\"font-size\":\"desktop:13px;\",\"line-height\":\"desktop:18px;\"}'  style=\"\"><p>Vereinheitlichung des Formats Ihrer Kontaktlisten<\/p>\n<\/div><\/div><div class=\"icon_list_connector\"  style=\"border-right-width: 1px;border-right-style: dashed;border-color: #6c6c6c;\"><\/div><\/li><li class=\"icon_list_item\" style=\" font-size:72px;\"><div class=\"icon_list_icon\" data-animation=\"\" data-animation-delay=\"03\" style=\"font-size:24px;border-width:1px;border-style:none;background:#ffffff;color:#6c6c6c;border-color:#333333;\"><i class=\"Defaults-globe\" ><\/i><\/div><div class=\"icon_description\" id=\"Info-list-wrap-3757\" style=\"font-size:24px;\"><h3 class=\"ult-responsive info-list-heading\"  data-ultimate-target='#Info-list-wrap-3757 h3'  data-responsive-json-new='{\"font-size\":\"desktop:16px;\",\"line-height\":\"desktop:24px;\"}'  style=\"\">Lokalisierung Ihrer Empf\u00e4nger<\/h3><div class=\"icon_description_text ult-responsive\"  data-ultimate-target='#Info-list-wrap-3757 .icon_description_text'  data-responsive-json-new='{\"font-size\":\"desktop:13px;\",\"line-height\":\"desktop:18px;\"}'  style=\"\"><p>Indem Sie herausfinden, wo die Nummern Ihrer Empf\u00e4nger registriert sind, k\u00f6nnen Sie die Effizienz Ihrer SMS-Kampagne steigern.<\/p>\n<\/div><\/div><div class=\"icon_list_connector\"  style=\"border-right-width: 1px;border-right-style: dashed;border-color: #6c6c6c;\"><\/div><\/li><\/ul><\/div><\/div><\/div><\/div><\/div><\/div><\/section><section class=\"l-section wpb_row height_small color_alternate\"><div class=\"l-section-h i-cf\"><div class=\"g-cols vc_row via_flex valign_top type_default stacking_default\"><div class=\"vc_col-sm-12 wpb_column vc_column_container\"><div class=\"vc_column-inner\"><div class=\"wpb_wrapper\"><div class=\"wpb_text_column\"><div class=\"wpb_wrapper\"><h2 style=\"text-align: center;\">Inspirationen und Einblicke<\/h2>\n<p style=\"text-align: center;\">Hier finden Sie Artikel in unserem Blog, die sich mit dem Thema Nummernvalidierung und unseren Lookups befassen.<\/p>\n<\/div><\/div><div class=\"w-grid us_grid type_grid layout_blog_1 cols_2 preload_style_spinner\" id=\"us_grid_1\" style=\"--columns:2;--gap:1.5rem;\" data-filterable=\"true\"><style>@media (max-width:600px){#us_grid_1{--columns:1!important}}.layout_blog_1 .w-grid-item-h{}.layout_blog_1 .usg_post_image_1{margin-bottom:0.5rem!important}.layout_blog_1 .usg_post_title_1{font-size:1rem!important}<\/style><div class=\"w-grid-list\">\t<article class=\"w-grid-item size_1x1 post-30002 post type-post status-publish format-standard has-post-thumbnail hentry category-marketing tag-cnam tag-hlr tag-lookup tag-mnp tag-nummernvalidierung\" data-id=\"30002\">\r\n\t\t<div class=\"w-grid-item-h\">\r\n\t\t\t\t\t\t<div class=\"w-post-elm post_image usg_post_image_1 stretched\"><a href=\"https:\/\/www.seven.io\/de\/blog\/produkte-zur-nummernvalidierung\/\" aria-label=\"Nummernvalidierung: Welcher Lookup-Typ sich f\u00fcr welche Zwecke eignet\"><img decoding=\"async\" width=\"300\" height=\"200\" src=\"https:\/\/www.seven.io\/wp-content\/uploads\/blog_nummernvalidierung_header-300x200.png\" class=\"attachment-medium size-medium wp-post-image\" alt=\"Welches Produkt zur Nummernvalidierung m\u00f6chten Sie nutzen?\" srcset=\"https:\/\/www.seven.io\/wp-content\/uploads\/blog_nummernvalidierung_header-300x200.png 300w, https:\/\/www.seven.io\/wp-content\/uploads\/blog_nummernvalidierung_header-1024x683.png 1024w, https:\/\/www.seven.io\/wp-content\/uploads\/blog_nummernvalidierung_header-350x233.png 350w, https:\/\/www.seven.io\/wp-content\/uploads\/blog_nummernvalidierung_header-250x167.png 250w, https:\/\/www.seven.io\/wp-content\/uploads\/blog_nummernvalidierung_header-600x400.png 600w, https:\/\/www.seven.io\/wp-content\/uploads\/blog_nummernvalidierung_header-768x512.png 768w, https:\/\/www.seven.io\/wp-content\/uploads\/blog_nummernvalidierung_header-400x267.png 400w, https:\/\/www.seven.io\/wp-content\/uploads\/blog_nummernvalidierung_header-200x133.png 200w, https:\/\/www.seven.io\/wp-content\/uploads\/blog_nummernvalidierung_header.png 1600w\" sizes=\"(max-width: 300px) 100vw, 300px\" \/><\/a><\/div><h2 class=\"w-post-elm post_title usg_post_title_1 entry-title color_link_inherit\"><a href=\"https:\/\/www.seven.io\/de\/blog\/produkte-zur-nummernvalidierung\/\">Nummernvalidierung: Welcher Lookup-Typ sich f\u00fcr welche Zwecke eignet<\/a><\/h2>\t\t<\/div>\r\n\t\t\t<\/article>\r\n\t<article class=\"w-grid-item size_1x1 post-13316 post type-post status-publish format-standard has-post-thumbnail hentry category-marketing tag-hlr tag-hlr-abfrage tag-hlr-lookup tag-http-api tag-kundensegmentierung tag-mno tag-mnp tag-mnp-abfrage tag-mnp-lookup tag-nummernvalidierung tag-request tag-response tag-sms-gateway\" data-id=\"13316\">\r\n\t\t<div class=\"w-grid-item-h\">\r\n\t\t\t\t\t\t<div class=\"w-post-elm post_image usg_post_image_1 stretched\"><a href=\"https:\/\/www.seven.io\/de\/blog\/hlr-gepflegte-register-fuer-ein-astreines-marketing\/\" aria-label=\"HLR: Gepflegte Register f\u00fcr ein astreines Marketing\"><img decoding=\"async\" width=\"300\" height=\"200\" src=\"https:\/\/www.seven.io\/wp-content\/uploads\/2018\/07\/iStock-654720906-300x200.jpg\" class=\"attachment-medium size-medium wp-post-image\" alt=\"HLR Lookup - Datenbanken zur Nummernvalidierung\" srcset=\"https:\/\/www.seven.io\/wp-content\/uploads\/2018\/07\/iStock-654720906-300x200.jpg 300w, https:\/\/www.seven.io\/wp-content\/uploads\/2018\/07\/iStock-654720906-768x513.jpg 768w, https:\/\/www.seven.io\/wp-content\/uploads\/2018\/07\/iStock-654720906-1024x683.jpg 1024w, https:\/\/www.seven.io\/wp-content\/uploads\/2018\/07\/iStock-654720906-600x400.jpg 600w\" sizes=\"(max-width: 300px) 100vw, 300px\" \/><\/a><\/div><h2 class=\"w-post-elm post_title usg_post_title_1 entry-title color_link_inherit\"><a href=\"https:\/\/www.seven.io\/de\/blog\/hlr-gepflegte-register-fuer-ein-astreines-marketing\/\">HLR: Gepflegte Register f\u00fcr ein astreines Marketing<\/a><\/h2>\t\t<\/div>\r\n\t\t\t<\/article>\r\n<\/div>\t<div class=\"w-grid-preloader\">\r\n\t\t<div class=\"g-preloader type_1\">\r\n\t\t\t<div><\/div>\r\n\t\t<\/div>\r\n\t<\/div>\r\n\t\t<div class=\"w-grid-json hidden\" onclick='return {&quot;action&quot;:&quot;us_ajax_grid&quot;,&quot;infinite_scroll&quot;:0,&quot;max_num_pages&quot;:1,&quot;pagination&quot;:&quot;none&quot;,&quot;template_vars&quot;:{&quot;columns&quot;:&quot;2&quot;,&quot;exclude_items&quot;:&quot;none&quot;,&quot;img_size&quot;:&quot;medium&quot;,&quot;ignore_items_size&quot;:0,&quot;items_layout&quot;:&quot;blog_1&quot;,&quot;items_offset&quot;:&quot;1&quot;,&quot;load_animation&quot;:&quot;none&quot;,&quot;overriding_link&quot;:&quot;{\\&quot;url\\&quot;:\\&quot;\\&quot;}&quot;,&quot;post_id&quot;:0,&quot;query_args&quot;:{&quot;post_type&quot;:[&quot;post&quot;],&quot;tax_query&quot;:[{&quot;taxonomy&quot;:&quot;post_tag&quot;,&quot;field&quot;:&quot;slug&quot;,&quot;terms&quot;:[&quot;hlr&quot;,&quot;hlr-abfrage&quot;,&quot;hlr-lookup&quot;,&quot;mnp&quot;]}],&quot;post_status&quot;:[&quot;publish&quot;],&quot;posts_per_page&quot;:&quot;2&quot;},&quot;orderby_query_args&quot;:{&quot;orderby&quot;:{&quot;date&quot;:&quot;DESC&quot;}},&quot;type&quot;:&quot;grid&quot;,&quot;us_grid_post_type&quot;:&quot;post&quot;,&quot;us_grid_ajax_index&quot;:1,&quot;us_grid_filter_query_string&quot;:null,&quot;us_grid_index&quot;:1,&quot;page_args&quot;:[]}}'><\/div>\r\n\t<\/div><\/div><\/div><\/div><\/div><\/div><\/section>\n","protected":false},"excerpt":{"rendered":"Wie k\u00f6nnen HLR-Abfragen SMS-Kampagnen optimieren und Unternehmen dabei sogar Geld sparen? Im folgenden Post erkl\u00e4ren wir Ihnen was HLR \u00fcberhaupt bedeutet, wie man es als Feature richtig einsetzt und wer davon am meisten profitiert. Was ist HLR? Das K\u00fcrzel steht f\u00fcr Home Location Register. Gemeint ist die jeweilige Datenbank von Mobilfunkanbietern (MNOs), in der alle...","protected":false},"author":1,"featured_media":16342,"parent":5430,"menu_order":0,"comment_status":"closed","ping_status":"closed","template":"","meta":{"content-type":"","footnotes":""},"class_list":["post-5601","page","type-page","status-publish","has-post-thumbnail","hentry"],"_links":{"self":[{"href":"https:\/\/www.seven.io\/de\/wp-json\/wp\/v2\/pages\/5601","targetHints":{"allow":["GET"]}}],"collection":[{"href":"https:\/\/www.seven.io\/de\/wp-json\/wp\/v2\/pages"}],"about":[{"href":"https:\/\/www.seven.io\/de\/wp-json\/wp\/v2\/types\/page"}],"author":[{"embeddable":true,"href":"https:\/\/www.seven.io\/de\/wp-json\/wp\/v2\/users\/1"}],"replies":[{"embeddable":true,"href":"https:\/\/www.seven.io\/de\/wp-json\/wp\/v2\/comments?post=5601"}],"version-history":[{"count":45,"href":"https:\/\/www.seven.io\/de\/wp-json\/wp\/v2\/pages\/5601\/revisions"}],"predecessor-version":[{"id":90318,"href":"https:\/\/www.seven.io\/de\/wp-json\/wp\/v2\/pages\/5601\/revisions\/90318"}],"up":[{"embeddable":true,"href":"https:\/\/www.seven.io\/de\/wp-json\/wp\/v2\/pages\/5430"}],"wp:featuredmedia":[{"embeddable":true,"href":"https:\/\/www.seven.io\/de\/wp-json\/wp\/v2\/media\/16342"}],"wp:attachment":[{"href":"https:\/\/www.seven.io\/de\/wp-json\/wp\/v2\/media?parent=5601"}],"curies":[{"name":"wp","href":"https:\/\/api.w.org\/{rel}","templated":true}]}}