{"id":5724,"date":"2016-11-18T13:19:12","date_gmt":"2016-11-18T12:19:12","guid":{"rendered":"https:\/\/frontend.sms77.de\/?page_id=5724"},"modified":"2023-07-14T13:02:39","modified_gmt":"2023-07-14T11:02:39","slug":"jobs","status":"publish","type":"page","link":"https:\/\/www.seven.io\/de\/unternehmen\/jobs\/","title":{"rendered":"Karrieren"},"content":{"rendered":"<section class=\"l-section wpb_row height_small color_alternate\"><div class=\"l-section-h i-cf\"><div class=\"g-cols vc_row via_flex valign_middle type_default stacking_default\"><div class=\"vc_col-sm-6 wpb_column vc_column_container\"><div class=\"vc_column-inner\"><div class=\"wpb_wrapper\"><h1 class=\"w-post-elm post_title us_custom_607cd7e8 entry-title color_link_inherit\">Karrieren<\/h1><div class=\"wpb_text_column\"><div class=\"wpb_wrapper\"><p>Werde Teil unseres Teams.<\/p>\n<\/div><\/div><\/div><\/div><\/div><div class=\"vc_col-sm-6 wpb_column vc_column_container\"><div class=\"vc_column-inner\"><div class=\"wpb_wrapper\"><nav class=\"g-breadcrumbs us_custom_ea2be81a separator_icon align_right\" itemscope itemtype=\"http:\/\/schema.org\/BreadcrumbList\"><div class=\"g-breadcrumbs-item\" itemscope itemprop=\"itemListElement\" itemtype=\"http:\/\/schema.org\/ListItem\"><a itemprop=\"item\" href=\"https:\/\/www.seven.io\/de\/\"><span itemprop=\"name\">Start<\/span><\/a><meta itemprop=\"position\" content=\"1\"\/><\/div><div class=\"g-breadcrumbs-separator\"><i class=\"fad fa-chevron-right\"><\/i><\/div><div class=\"g-breadcrumbs-item\">Seiten<\/div><\/nav><\/div><\/div><\/div><\/div><\/div><\/section><section class=\"l-section wpb_row height_small\"><div class=\"l-section-h i-cf\"><div class=\"g-cols vc_row via_flex valign_top type_default stacking_default\"><div class=\"vc_col-sm-12 wpb_column vc_column_container\"><div class=\"vc_column-inner\"><div class=\"wpb_wrapper\"><div class=\"w-iconbox iconpos_left style_circle color_primary align_left\"><div class=\"w-iconbox-icon\" style=\"font-size:2rem;\"><i class=\"fad fa-person-sign\"><\/i><\/div><div class=\"w-iconbox-meta\"><h4 class=\"w-iconbox-title\">Jobs<\/h4><div class=\"w-iconbox-text\"><p>seven.io, einer der Top Dienstleister im Bereich des Kundenkommunikation per SMS, ist ein junges Unternehmen mit starkem Wachstum und entspanntem Arbeitsumfeld. Mit zahlreichen einfachen Zug\u00e4ngen zu unserem Service binden wir verschiedenste Software aus allen m\u00f6glichen Bereichen an unser SMS Gateway an. Schlie\u00dfe dich <a href=\"\/de\/unternehmen\/\">unserem Team<\/a> an und entwickle mit uns gemeinsam die Kommunikationsl\u00f6sungen der Zukunft.<\/p>\n<\/div><\/div><\/div><div class=\"w-separator size_large\"><\/div><div class=\"wpb_text_column\"><div class=\"wpb_wrapper\"><h2 class=\"center-text\">Aktuelle Jobangebote<\/h2>\n<\/div><\/div><div class=\"w-separator size_medium\"><\/div><div class=\"w-tabs layout_hor style_trendy switch_click has_scrolling\" style=\"--sections-title-size:1em\"><div class=\"w-tabs-list items_4 align_justify\" style=\"text-transform:uppercase;\"><div class=\"w-tabs-list-h\"><button class=\"w-tabs-item active with_icon\" aria-controls=\"content-1480971408847-5ce61cca-3fa9\" aria-expanded=\"false\"><i class=\"fad fa-headset\"><\/i><span class=\"w-tabs-item-title\">First-Level Supporter Service Desk (m\/w\/d)<\/span><\/button><button class=\"w-tabs-item with_icon\" aria-controls=\"content-zbf0\" aria-expanded=\"false\"><i class=\"fad fa-code\"><\/i><span class=\"w-tabs-item-title\">Frontend Entwickler (m\/w\/d)<\/span><\/button><button class=\"w-tabs-item with_icon\" aria-controls=\"content-ve6d\" aria-expanded=\"false\"><i class=\"fad fa-graduation-cap\"><\/i><span class=\"w-tabs-item-title\">Werkstudierende (m\/w\/d)<\/span><\/button><button class=\"w-tabs-item with_icon\" aria-controls=\"content-x08a\" aria-expanded=\"false\"><i class=\"fad fa-star\"><\/i><span class=\"w-tabs-item-title\">Initiativbewerbung (m\/w\/d)<\/span><\/button><\/div><\/div><div class=\"w-tabs-sections titles-align_none icon_chevron cpos_right\"><div class=\"w-tabs-section active\" id=\"1480971408847-5ce61cca-3fa9\"><button class=\"w-tabs-section-header active with_icon\" aria-controls=\"content-1480971408847-5ce61cca-3fa9\" aria-expanded=\"true\"><i class=\"fad fa-headset\"><\/i><div class=\"w-tabs-section-title\">First-Level Supporter Service Desk (m\/w\/d)<\/div><div class=\"w-tabs-section-control\"><\/div><\/button><div  class=\"w-tabs-section-content\" id=\"content-1480971408847-5ce61cca-3fa9\"><div class=\"w-tabs-section-content-h i-cf\"><div class=\"wpb_text_column\"><div class=\"wpb_wrapper\"><h3>Deine Aufgaben:<\/h3>\n<ul>\n<li>Bearbeitung, Priorisierung und ggf. Eskalationen von Supportanfragen<\/li>\n<li>Ggf. Weiterleitung von Supportanfragen an die nachgelagerten Einheiten<\/li>\n<li>Dokumentation im CRM-System<\/li>\n<\/ul>\n<h3>Was du mitbringst:<\/h3>\n<ul>\n<li>Erfahrung im IT-Support<\/li>\n<li>Sehr gute Deutsch- und Englischkenntnisse<\/li>\n<li>Analytische und strukturierte Arbeitsweise<\/li>\n<li>Eigenst\u00e4ndige Arbeitsweise<\/li>\n<li>Teamf\u00e4higkeit<\/li>\n<\/ul>\n<p>Das kriegst du hin? Wir freuen uns auf deine Bewerbung!<\/p>\n<h3>Was wir dir bieten:<\/h3>\n<ul>\n<li>Attraktive Verg\u00fctung, flexible Arbeitszeiten sowie die Option auf Homeoffice<\/li>\n<li>In unserem kollegialen Team herrscht eine lockere Atmosph\u00e4re und ein agiler Mindset \u2013 egal ob in Meetings, an gemeinsamen Firmenevents, Sportveranstaltungen oder am Tischkicker<\/li>\n<li>Zentraler Standort direkt in der Kieler Innenstadt mit sehr guter \u00f6ffentlicher Verkehrsmittelanbindung<\/li>\n<li>Kostenlose Getr\u00e4nke, eine Kaffee-Flatrate und frisches Obst helfen dir durch den Tag<\/li>\n<\/ul>\n<\/div><\/div><\/div><\/div><\/div><div class=\"w-tabs-section\" id=\"zbf0\"><button class=\"w-tabs-section-header with_icon\" aria-controls=\"content-zbf0\" aria-expanded=\"false\"><i class=\"fad fa-code\"><\/i><div class=\"w-tabs-section-title\">Frontend Entwickler (m\/w\/d)<\/div><div class=\"w-tabs-section-control\"><\/div><\/button><div  class=\"w-tabs-section-content\" id=\"content-zbf0\"><div class=\"w-tabs-section-content-h i-cf\"><div class=\"wpb_text_column\"><div class=\"wpb_wrapper\"><h3>Deine Aufgaben:<\/h3>\n<ul>\n<li>Du verantwortest die Neu- und Weiterentwicklung des Frontend<\/li>\n<li>Du erstellst UI\/UX-Konzepte und erschaffst eine anwenderfreundliche Oberfl\u00e4che<\/li>\n<li>Du \u00fcbernimmst die Anbindung an das Backend mit JavaScript<\/li>\n<li>Du erstellst Anwendungsoberfl\u00e4chen und entwickelst technische Prozesse<\/li>\n<li>Deine Ideen bringst du bei der Erarbeitung von L\u00f6sungskonzepten aktiv mit ein<\/li>\n<\/ul>\n<h3>Was du mitbringst:<\/h3>\n<ul>\n<li>Erfahrung in der Frontend Entwicklung<\/li>\n<li>Sehr gute Java-Script React Kenntnisse<\/li>\n<li>Analytische und strukturierte Arbeitsweise<\/li>\n<li>Eigenst\u00e4ndige Arbeitsweise<\/li>\n<li>Teamf\u00e4higkeit<\/li>\n<\/ul>\n<p>Das kriegst du hin? Wir freuen uns auf deine Bewerbung!<\/p>\n<h3>Was wir dir bieten:<\/h3>\n<ul>\n<li>Attraktive Verg\u00fctung, flexible Arbeitszeiten sowie die Option auf Homeoffice<\/li>\n<li>In unserem kollegialen Team herrscht eine lockere Atmosph\u00e4re und ein agiler Mindset \u2013 egal ob in Meetings, an gemeinsamen Firmenevents, Sportveranstaltungen oder am Tischkicker<\/li>\n<li>Zentraler Standort direkt in der Kieler Innenstadt mit sehr guter \u00f6ffentlicher Verkehrsmittelanbindung<\/li>\n<li>Kostenlose Getr\u00e4nke, eine Kaffee-Flatrate und frisches Obst helfen dir durch den Tag<\/li>\n<\/ul>\n<\/div><\/div><\/div><\/div><\/div><div class=\"w-tabs-section\" id=\"ve6d\"><button class=\"w-tabs-section-header with_icon\" aria-controls=\"content-ve6d\" aria-expanded=\"false\"><i class=\"fad fa-graduation-cap\"><\/i><div class=\"w-tabs-section-title\">Werkstudierende (m\/w\/d)<\/div><div class=\"w-tabs-section-control\"><\/div><\/button><div  class=\"w-tabs-section-content\" id=\"content-ve6d\"><div class=\"w-tabs-section-content-h i-cf\"><div class=\"wpb_text_column\"><div class=\"wpb_wrapper\"><h3>Deine Aufgaben:<\/h3>\n<ul>\n<li>Du unterst\u00fctzt unser Team im Daily Business, je nachdem, was gerade wichtig ist und was deine St\u00e4rken sind.<br \/>\nZum Beispiel:<\/p>\n<ul>\n<li>Hilfst du, Supportanfragen zu bearbeiten<\/li>\n<li>Unterst\u00fctzt du die Sales-Abteilung bei der Leadgenerierung<\/li>\n<li>Bringst du Ideen f\u00fcr Content ein und setzt einzelne Komponenten um<\/li>\n<li>Hilfst du unseren Entwicklern bei der Umsetzung von neuen Features oder anderen Projekten<\/li>\n<\/ul>\n<\/li>\n<\/ul>\n<p>Keine Sorge, wir erwarten nicht, dass du das alles sofort kannst.<br \/>\nErz\u00e4hl uns einfach, was dich am meisten anspricht und wir schauen gemeinsam, was deine Aufgaben sein werden. \ud83d\ude42<\/p>\n<h3>Was du mitbringst:<\/h3>\n<ul>\n<li>Grundlegende IT-Kenntnisse oder einen anderen \u00fcberzeugenden Skill den du bei uns einbringen willst<\/li>\n<li>Sehr gute Deutsch- und Englischkenntnisse<\/li>\n<li>Eigenst\u00e4ndige, analytische und strukturierte Arbeitsweise<\/li>\n<li>Teamf\u00e4higkeit<\/li>\n<\/ul>\n<p>Das kriegst du hin? Wir freuen uns auf deine Bewerbung!<\/p>\n<h3>Was wir dir bieten:<\/h3>\n<ul>\n<li>Attraktive Verg\u00fctung, flexible Arbeitszeiten sowie die Option auf Homeoffice<\/li>\n<li>In unserem kollegialen Team herrscht eine lockere Atmosph\u00e4re und ein agiler Mindset \u2013 egal ob in Meetings, an gemeinsamen Firmenevents, Sportveranstaltungen oder am Tischkicker<\/li>\n<li>Zentraler Standort direkt in der Kieler Innenstadt mit sehr guter \u00f6ffentlicher Verkehrsmittelanbindung<\/li>\n<li>Kostenlose Getr\u00e4nke, eine Kaffee-Flatrate und frisches Obst helfen dir durch den Tag<\/li>\n<\/ul>\n<\/div><\/div><\/div><\/div><\/div><div class=\"w-tabs-section\" id=\"x08a\"><button class=\"w-tabs-section-header with_icon\" aria-controls=\"content-x08a\" aria-expanded=\"false\"><i class=\"fad fa-star\"><\/i><div class=\"w-tabs-section-title\">Initiativbewerbung (m\/w\/d)<\/div><div class=\"w-tabs-section-control\"><\/div><\/button><div  class=\"w-tabs-section-content\" id=\"content-x08a\"><div class=\"w-tabs-section-content-h i-cf\"><div class=\"wpb_text_column\"><div class=\"wpb_wrapper\"><h3>Du m\u00f6chtest:<\/h3>\n<ul>\n<li>In einer Branche arbeiten, die hervorragende Zukunftsaussichten hat?<\/li>\n<li>Verantwortung \u00fcbernehmen und in einem agilen Team arbeiten?<\/li>\n<li>\u00a0Fundierte IT-Kenntnisse einsetzen, um die Business-Messaging-Welt mitzugestalten?<\/li>\n<\/ul>\n<p>Wir freuen uns \u00fcber deine Initiativbewerbung!<\/p>\n<h3>Was du mitbringst:<\/h3>\n<ul>\n<li>Gro\u00dfes Interesse an technischen Themen und idealerweise Kenntnisse im Bereich Software und API Economy<\/li>\n<li>Gute Englischkenntnisse<\/li>\n<li>Ein \u00fcberzeugendes Argument, wieso du unser Team bereichern m\u00f6chtest<\/li>\n<\/ul>\n<h3>Was wir dir bieten:<\/h3>\n<ul>\n<li>Attraktive Verg\u00fctung, flexible Arbeitszeiten sowie die Option auf Homeoffice<\/li>\n<li>In unserem kollegialen Team herrscht eine lockere Atmosph\u00e4re und ein agiler Mindset \u2013 egal ob in Meetings, an gemeinsamen Firmenevents, Sportveranstaltungen oder am Tischkicker<\/li>\n<li>Zentraler Standort direkt in der Kieler Innenstadt mit sehr guter \u00f6ffentlicher Verkehrsmittelanbindung<\/li>\n<li>Kostenlose Getr\u00e4nke, eine Kaffee-Flatrate und frisches Obst helfen dir durch den Tag<\/li>\n<\/ul>\n<\/div><\/div><\/div><\/div><\/div><\/div><\/div><\/div><\/div><\/div><\/div><\/div><\/section><section class=\"l-section wpb_row height_small color_alternate\"><div class=\"l-section-h i-cf\"><div class=\"g-cols vc_row via_flex valign_top type_default stacking_default\"><div class=\"vc_col-sm-12 wpb_column vc_column_container\"><div class=\"vc_column-inner\"><div class=\"wpb_wrapper\"><div class=\"wpb_text_column\"><div class=\"wpb_wrapper\"><h2 style=\"text-align: center;\">Bewirb dich jetzt<\/h2>\n<\/div><\/div><div class=\"wpb_text_column\"><div class=\"wpb_wrapper\"><p>Bitte schicke deine Bewerbung unter Angabe des Jobs, auf den du dich bewerben m\u00f6chtest via Email an <a href=\"mailto:c.leo@seven.io\">c.leo@seven.io<\/a>.<br \/>\nWir freuen uns \u00fcber einen vollst\u00e4ndigen Lebenslauf, Anschreiben und andere Informationen, die f\u00fcr deinen zuk\u00fcnftigen Job wichtig sein k\u00f6nnten.<br \/>\nDu m\u00f6chtest bei deiner Bewerbung kreativ werden? Auch gut! Schicke uns einfach eine formlose Bewerbung oder ein f\u00fcr dich passendes Format zu.<\/p>\n<\/div><\/div><\/div><\/div><\/div><\/div><\/div><\/section>\n","protected":false},"excerpt":{"rendered":"KarrierenWerde Teil unseres Teams. StartSeitenJobsseven.io, einer der Top Dienstleister im Bereich des Kundenkommunikation per SMS, ist ein junges Unternehmen mit starkem Wachstum und entspanntem Arbeitsumfeld. Mit zahlreichen einfachen Zug\u00e4ngen zu unserem Service binden wir verschiedenste Software aus allen m\u00f6glichen Bereichen an unser SMS Gateway an. Schlie\u00dfe dich unserem Team an und entwickle mit uns gemeinsam...","protected":false},"author":1,"featured_media":0,"parent":16169,"menu_order":0,"comment_status":"closed","ping_status":"closed","template":"","meta":{"content-type":"","footnotes":""},"class_list":["post-5724","page","type-page","status-publish","hentry"],"_links":{"self":[{"href":"https:\/\/www.seven.io\/de\/wp-json\/wp\/v2\/pages\/5724","targetHints":{"allow":["GET"]}}],"collection":[{"href":"https:\/\/www.seven.io\/de\/wp-json\/wp\/v2\/pages"}],"about":[{"href":"https:\/\/www.seven.io\/de\/wp-json\/wp\/v2\/types\/page"}],"author":[{"embeddable":true,"href":"https:\/\/www.seven.io\/de\/wp-json\/wp\/v2\/users\/1"}],"replies":[{"embeddable":true,"href":"https:\/\/www.seven.io\/de\/wp-json\/wp\/v2\/comments?post=5724"}],"version-history":[{"count":50,"href":"https:\/\/www.seven.io\/de\/wp-json\/wp\/v2\/pages\/5724\/revisions"}],"predecessor-version":[{"id":90333,"href":"https:\/\/www.seven.io\/de\/wp-json\/wp\/v2\/pages\/5724\/revisions\/90333"}],"up":[{"embeddable":true,"href":"https:\/\/www.seven.io\/de\/wp-json\/wp\/v2\/pages\/16169"}],"wp:attachment":[{"href":"https:\/\/www.seven.io\/de\/wp-json\/wp\/v2\/media?parent=5724"}],"curies":[{"name":"wp","href":"https:\/\/api.w.org\/{rel}","templated":true}]}}