{"id":5747,"date":"2016-11-18T15:16:49","date_gmt":"2016-11-18T14:16:49","guid":{"rendered":"https:\/\/frontend.sms77.de\/?page_id=5747"},"modified":"2023-07-13T15:07:00","modified_gmt":"2023-07-13T13:07:00","slug":"branchen","status":"publish","type":"page","link":"https:\/\/www.seven.io\/de\/loesungen\/branchen\/","title":{"rendered":"Branchenl\u00f6sungen"},"content":{"rendered":"<section class=\"l-section wpb_row height_small color_secondary with_img\"><div class=\"l-section-img\" role=\"img\" aria-label=\"Bild\" data-img-width=\"2560\" data-img-height=\"1707\" style=\"background-image: url(https:\/\/www.seven.io\/wp-content\/uploads\/photo-1579548122080-c35fd6820ecb.png);\"><\/div><div class=\"l-section-h i-cf\"><div class=\"g-cols vc_row via_flex valign_top type_default stacking_default\"><div class=\"vc_col-sm-12 wpb_column vc_column_container\"><div class=\"vc_column-inner\"><div class=\"wpb_wrapper\"><div class=\"wpb_text_column\"><div class=\"wpb_wrapper\"><h1 style=\"text-align: center;\">L\u00f6sungen f\u00fcr jede Branche<\/h1>\n<p style=\"text-align: center; font-size: 17px;\">Die m\u00f6glichen Einsatzszenarien f\u00fcr die Verwendung von professionellen Business SMS L\u00f6sungen und unseren Messaging Produkten sind schier unbegrenzt. Erfahren Sie mehr \u00fcber die M\u00f6glichkeiten f\u00fcr Ihre Branche zur modernen Kundenkommunikation und anderen zukunftsweisenden SMS Einsatzbereichen.<\/p>\n<\/div><\/div><\/div><\/div><\/div><\/div><\/div><\/section><section class=\"l-section wpb_row height_auto width_full color_alternate\"><div class=\"l-section-h i-cf\"><div class=\"g-cols vc_row via_flex valign_top type_default stacking_default\"><div class=\"vc_col-sm-12 wpb_column vc_column_container\"><div class=\"vc_column-inner\"><div class=\"wpb_wrapper\"><div class=\"w-grid us_grid no-border type_grid layout_25648 cols_4 preload_style_spinner ratio_1x1\" id=\"us_grid_1\" style=\"--columns:4;--item-ratio:1;\" data-filterable=\"true\"><style>@media (max-width:1280px){#us_grid_1{--columns:3!important}}@media (max-width:1024px){#us_grid_1{--columns:2!important}}@media (max-width:600px){#us_grid_1{--columns:1!important}}.layout_25648 .w-grid-item-h{}.layout_25648 .usg_post_image_1{transition-duration:0.3s;transform-origin:50% 50%;transform:scale(1) translate(0%,0%)}.layout_25648 .w-grid-item-h:focus-within .usg_post_image_1,.layout_25648 .w-grid-item-h:hover .usg_post_image_1{transform:scale(1) translate(0%,0%);opacity:0.45}.layout_25648 .usg_vwrapper_1{transition-duration:0.3s;transform-origin:50% 50%;transform:scale(1) translate(0%,0%)}.layout_25648 .w-grid-item-h:focus-within .usg_vwrapper_1,.layout_25648 .w-grid-item-h:hover .usg_vwrapper_1{transform:scale(1) translate(0%,0%);opacity:0}.layout_25648 .usg_vwrapper_2{transition-duration:0.3s;transform-origin:50% 50%;transform:scale(1) translate(0%,0%)}.layout_25648 .w-grid-item-h:focus-within .usg_vwrapper_2,.layout_25648 .w-grid-item-h:hover .usg_vwrapper_2{transform:scale(1) translate(0%,-20%);opacity:1;color:inherit!important}.layout_25648 .usg_post_image_1{position:absolute!important;left:0!important;top:0!important;bottom:0!important;right:0!important}.layout_25648 .usg_vwrapper_1{position:absolute!important;top:50%!important;right:0!important;bottom:-1px!important;left:0!important;background:linear-gradient(180deg,rgba(0,0,0,0),rgba(30,30,30,0.8))!important}.layout_25648 .usg_vwrapper_2{position:absolute!important;right:0!important;bottom:0!important;left:0!important;padding-right:2rem!important;padding-bottom:1.5rem!important;padding-left:2rem!important;color:#fff!important}.layout_25648 .usg_post_title_1{font-family:var(--h1-font-family)!important;font-size:1.2rem!important;color:inherit!important}<\/style><div class=\"w-grid-list\">\t<article class=\"w-grid-item size_1x1 post-5928 us_portfolio type-us_portfolio status-publish has-post-thumbnail hentry us_portfolio_category-branchen\" data-id=\"5928\">\r\n\t\t<div class=\"w-grid-item-h\">\r\n\t\t\t\t\t\t\t<a href=\"https:\/\/www.seven.io\/de\/loesungen\/branchen\/gastronomie\/\" class=\"w-grid-item-anchor\" aria-label=\"Gastronomie\"><\/a>\r\n\t\t\t\t\t\t<div class=\"w-post-elm post_image usg_post_image_1 stretched\"><img decoding=\"async\" width=\"600\" height=\"400\" src=\"https:\/\/www.seven.io\/wp-content\/uploads\/2016\/11\/gastronomie-sms-600x400.jpg\" class=\"attachment-us_600_0 size-us_600_0 wp-post-image\" alt=\"Catering\" \/><\/div><div class=\"w-vwrapper usg_vwrapper_1 align_center valign_top\"><\/div><div class=\"w-vwrapper usg_vwrapper_2 has_text_color align_left valign_top\"><h2 class=\"w-post-elm post_title usg_post_title_1 has_text_color entry-title color_link_inherit\">Gastronomie<\/h2><\/div>\t\t<\/div>\r\n\t\t\t<\/article>\r\n\t<article class=\"w-grid-item size_1x1 post-5896 us_portfolio type-us_portfolio status-publish has-post-thumbnail hentry us_portfolio_category-branchen\" data-id=\"5896\">\r\n\t\t<div class=\"w-grid-item-h\">\r\n\t\t\t\t\t\t\t<a href=\"https:\/\/www.seven.io\/de\/loesungen\/branchen\/handel\/\" class=\"w-grid-item-anchor\" aria-label=\"Handel\"><\/a>\r\n\t\t\t\t\t\t<div class=\"w-post-elm post_image usg_post_image_1 stretched\"><img decoding=\"async\" width=\"600\" height=\"400\" src=\"https:\/\/www.seven.io\/wp-content\/uploads\/2016\/11\/handel-sms-600x400.jpg\" class=\"attachment-us_600_0 size-us_600_0 wp-post-image\" alt=\"Trade marketing via SMS\" srcset=\"https:\/\/www.seven.io\/wp-content\/uploads\/2016\/11\/handel-sms-600x400.jpg 600w, https:\/\/www.seven.io\/wp-content\/uploads\/2016\/11\/handel-sms-300x200.jpg 300w, https:\/\/www.seven.io\/wp-content\/uploads\/2016\/11\/handel-sms-768x513.jpg 768w, https:\/\/www.seven.io\/wp-content\/uploads\/2016\/11\/handel-sms-1024x684.jpg 1024w\" sizes=\"(max-width: 600px) 100vw, 600px\" \/><\/div><div class=\"w-vwrapper usg_vwrapper_1 align_center valign_top\"><\/div><div class=\"w-vwrapper usg_vwrapper_2 has_text_color align_left valign_top\"><h2 class=\"w-post-elm post_title usg_post_title_1 has_text_color entry-title color_link_inherit\">Handel<\/h2><\/div>\t\t<\/div>\r\n\t\t\t<\/article>\r\n\t<article class=\"w-grid-item size_1x1 post-5894 us_portfolio type-us_portfolio status-publish has-post-thumbnail hentry us_portfolio_category-branchen\" data-id=\"5894\">\r\n\t\t<div class=\"w-grid-item-h\">\r\n\t\t\t\t\t\t\t<a href=\"https:\/\/www.seven.io\/de\/loesungen\/branchen\/kfz-werkstaetten\/\" class=\"w-grid-item-anchor\" aria-label=\"KFZ-Werkst\u00e4tten\"><\/a>\r\n\t\t\t\t\t\t<div class=\"w-post-elm post_image usg_post_image_1 stretched\"><img decoding=\"async\" width=\"600\" height=\"400\" src=\"https:\/\/www.seven.io\/wp-content\/uploads\/2016\/11\/autowerkstatt-sms-600x400.jpg\" class=\"attachment-us_600_0 size-us_600_0 wp-post-image\" alt=\"Jede KFZ-Werkstatt kann SMS an Kunden versenden\" srcset=\"https:\/\/www.seven.io\/wp-content\/uploads\/2016\/11\/autowerkstatt-sms-600x400.jpg 600w, https:\/\/www.seven.io\/wp-content\/uploads\/2016\/11\/autowerkstatt-sms-300x200.jpg 300w, https:\/\/www.seven.io\/wp-content\/uploads\/2016\/11\/autowerkstatt-sms-768x512.jpg 768w, https:\/\/www.seven.io\/wp-content\/uploads\/2016\/11\/autowerkstatt-sms-1024x683.jpg 1024w\" sizes=\"(max-width: 600px) 100vw, 600px\" \/><\/div><div class=\"w-vwrapper usg_vwrapper_1 align_center valign_top\"><\/div><div class=\"w-vwrapper usg_vwrapper_2 has_text_color align_left valign_top\"><h2 class=\"w-post-elm post_title usg_post_title_1 has_text_color entry-title color_link_inherit\">KFZ-Werkst\u00e4tten<\/h2><\/div>\t\t<\/div>\r\n\t\t\t<\/article>\r\n\t<article class=\"w-grid-item size_1x1 post-5892 us_portfolio type-us_portfolio status-publish has-post-thumbnail hentry us_portfolio_category-branchen\" data-id=\"5892\">\r\n\t\t<div class=\"w-grid-item-h\">\r\n\t\t\t\t\t\t\t<a href=\"https:\/\/www.seven.io\/de\/loesungen\/branchen\/ecommerce\/\" class=\"w-grid-item-anchor\" aria-label=\"eCommerce\"><\/a>\r\n\t\t\t\t\t\t<div class=\"w-post-elm post_image usg_post_image_1 stretched\"><img decoding=\"async\" width=\"600\" height=\"400\" src=\"https:\/\/www.seven.io\/wp-content\/uploads\/2016\/11\/ecommerce-sms-600x400.jpg\" class=\"attachment-us_600_0 size-us_600_0 wp-post-image\" alt=\"eCommerce\" srcset=\"https:\/\/www.seven.io\/wp-content\/uploads\/2016\/11\/ecommerce-sms-600x400.jpg 600w, https:\/\/www.seven.io\/wp-content\/uploads\/2016\/11\/ecommerce-sms-300x200.jpg 300w, https:\/\/www.seven.io\/wp-content\/uploads\/2016\/11\/ecommerce-sms-768x512.jpg 768w, https:\/\/www.seven.io\/wp-content\/uploads\/2016\/11\/ecommerce-sms-1024x682.jpg 1024w\" sizes=\"(max-width: 600px) 100vw, 600px\" \/><\/div><div class=\"w-vwrapper usg_vwrapper_1 align_center valign_top\"><\/div><div class=\"w-vwrapper usg_vwrapper_2 has_text_color align_left valign_top\"><h2 class=\"w-post-elm post_title usg_post_title_1 has_text_color entry-title color_link_inherit\">eCommerce<\/h2><\/div>\t\t<\/div>\r\n\t\t\t<\/article>\r\n\t<article class=\"w-grid-item size_1x1 post-5885 us_portfolio type-us_portfolio status-publish has-post-thumbnail hentry us_portfolio_category-branchen\" data-id=\"5885\">\r\n\t\t<div class=\"w-grid-item-h\">\r\n\t\t\t\t\t\t\t<a href=\"https:\/\/www.seven.io\/de\/loesungen\/branchen\/it-edv\/\" class=\"w-grid-item-anchor\" aria-label=\"IT \/ EDV\"><\/a>\r\n\t\t\t\t\t\t<div class=\"w-post-elm post_image usg_post_image_1 stretched\"><img decoding=\"async\" width=\"600\" height=\"400\" src=\"https:\/\/www.seven.io\/wp-content\/uploads\/2016\/11\/it-sms-600x400.jpg\" class=\"attachment-us_600_0 size-us_600_0 wp-post-image\" alt=\"SMS Gateway f\u00fcr EDV und IT\" srcset=\"https:\/\/www.seven.io\/wp-content\/uploads\/2016\/11\/it-sms-600x400.jpg 600w, https:\/\/www.seven.io\/wp-content\/uploads\/2016\/11\/it-sms-300x200.jpg 300w, https:\/\/www.seven.io\/wp-content\/uploads\/2016\/11\/it-sms-768x513.jpg 768w, https:\/\/www.seven.io\/wp-content\/uploads\/2016\/11\/it-sms-1024x684.jpg 1024w\" sizes=\"(max-width: 600px) 100vw, 600px\" \/><\/div><div class=\"w-vwrapper usg_vwrapper_1 align_center valign_top\"><\/div><div class=\"w-vwrapper usg_vwrapper_2 has_text_color align_left valign_top\"><h2 class=\"w-post-elm post_title usg_post_title_1 has_text_color entry-title color_link_inherit\">IT \/ EDV<\/h2><\/div>\t\t<\/div>\r\n\t\t\t<\/article>\r\n\t<article class=\"w-grid-item size_1x1 post-5883 us_portfolio type-us_portfolio status-publish has-post-thumbnail hentry us_portfolio_category-branchen\" data-id=\"5883\">\r\n\t\t<div class=\"w-grid-item-h\">\r\n\t\t\t\t\t\t\t<a href=\"https:\/\/www.seven.io\/de\/loesungen\/branchen\/vereine\/\" class=\"w-grid-item-anchor\" aria-label=\"Vereine\"><\/a>\r\n\t\t\t\t\t\t<div class=\"w-post-elm post_image usg_post_image_1 stretched\"><img decoding=\"async\" width=\"600\" height=\"400\" src=\"https:\/\/www.seven.io\/wp-content\/uploads\/2016\/11\/vereine-sms-600x400.jpg\" class=\"attachment-us_600_0 size-us_600_0 wp-post-image\" alt=\"Clubs und Vereine profitieren vom SMS-Versand\" srcset=\"https:\/\/www.seven.io\/wp-content\/uploads\/2016\/11\/vereine-sms-600x400.jpg 600w, https:\/\/www.seven.io\/wp-content\/uploads\/2016\/11\/vereine-sms-300x200.jpg 300w, https:\/\/www.seven.io\/wp-content\/uploads\/2016\/11\/vereine-sms-768x513.jpg 768w, https:\/\/www.seven.io\/wp-content\/uploads\/2016\/11\/vereine-sms-1024x683.jpg 1024w\" sizes=\"(max-width: 600px) 100vw, 600px\" \/><\/div><div class=\"w-vwrapper usg_vwrapper_1 align_center valign_top\"><\/div><div class=\"w-vwrapper usg_vwrapper_2 has_text_color align_left valign_top\"><h2 class=\"w-post-elm post_title usg_post_title_1 has_text_color entry-title color_link_inherit\">Vereine<\/h2><\/div>\t\t<\/div>\r\n\t\t\t<\/article>\r\n\t<article class=\"w-grid-item size_1x1 post-5884 us_portfolio type-us_portfolio status-publish has-post-thumbnail hentry us_portfolio_category-branchen\" data-id=\"5884\">\r\n\t\t<div class=\"w-grid-item-h\">\r\n\t\t\t\t\t\t\t<a href=\"https:\/\/www.seven.io\/de\/loesungen\/branchen\/logistik\/\" class=\"w-grid-item-anchor\" aria-label=\"Transport &#038; Logistik\"><\/a>\r\n\t\t\t\t\t\t<div class=\"w-post-elm post_image usg_post_image_1 stretched\"><img decoding=\"async\" width=\"600\" height=\"400\" src=\"https:\/\/www.seven.io\/wp-content\/uploads\/2016\/11\/transport-sms-600x400.jpg\" class=\"attachment-us_600_0 size-us_600_0 wp-post-image\" alt=\"SMS supports transports\" srcset=\"https:\/\/www.seven.io\/wp-content\/uploads\/2016\/11\/transport-sms-600x400.jpg 600w, https:\/\/www.seven.io\/wp-content\/uploads\/2016\/11\/transport-sms-300x200.jpg 300w, https:\/\/www.seven.io\/wp-content\/uploads\/2016\/11\/transport-sms-768x512.jpg 768w, https:\/\/www.seven.io\/wp-content\/uploads\/2016\/11\/transport-sms-1024x683.jpg 1024w\" sizes=\"(max-width: 600px) 100vw, 600px\" \/><\/div><div class=\"w-vwrapper usg_vwrapper_1 align_center valign_top\"><\/div><div class=\"w-vwrapper usg_vwrapper_2 has_text_color align_left valign_top\"><h2 class=\"w-post-elm post_title usg_post_title_1 has_text_color entry-title color_link_inherit\">Transport &#038; Logistik<\/h2><\/div>\t\t<\/div>\r\n\t\t\t<\/article>\r\n\t<article class=\"w-grid-item size_1x1 post-5882 us_portfolio type-us_portfolio status-publish has-post-thumbnail hentry us_portfolio_category-branchen\" data-id=\"5882\">\r\n\t\t<div class=\"w-grid-item-h\">\r\n\t\t\t\t\t\t\t<a href=\"https:\/\/www.seven.io\/de\/loesungen\/branchen\/hotels-ferienwohnungen\/\" class=\"w-grid-item-anchor\" aria-label=\"Hotels &#038; Ferienwohnungen\"><\/a>\r\n\t\t\t\t\t\t<div class=\"w-post-elm post_image usg_post_image_1 stretched\"><img decoding=\"async\" width=\"600\" height=\"400\" src=\"https:\/\/www.seven.io\/wp-content\/uploads\/2016\/11\/hotel-sms-600x400.jpg\" class=\"attachment-us_600_0 size-us_600_0 wp-post-image\" alt=\"SMS for hotels and apartments\" srcset=\"https:\/\/www.seven.io\/wp-content\/uploads\/2016\/11\/hotel-sms-600x400.jpg 600w, https:\/\/www.seven.io\/wp-content\/uploads\/2016\/11\/hotel-sms-300x200.jpg 300w, https:\/\/www.seven.io\/wp-content\/uploads\/2016\/11\/hotel-sms-768x513.jpg 768w, https:\/\/www.seven.io\/wp-content\/uploads\/2016\/11\/hotel-sms-1024x683.jpg 1024w\" sizes=\"(max-width: 600px) 100vw, 600px\" \/><\/div><div class=\"w-vwrapper usg_vwrapper_1 align_center valign_top\"><\/div><div class=\"w-vwrapper usg_vwrapper_2 has_text_color align_left valign_top\"><h2 class=\"w-post-elm post_title usg_post_title_1 has_text_color entry-title color_link_inherit\">Hotels &#038; Ferienwohnungen<\/h2><\/div>\t\t<\/div>\r\n\t\t\t<\/article>\r\n\t<article class=\"w-grid-item size_1x1 post-5881 us_portfolio type-us_portfolio status-publish has-post-thumbnail hentry us_portfolio_category-branchen\" data-id=\"5881\">\r\n\t\t<div class=\"w-grid-item-h\">\r\n\t\t\t\t\t\t\t<a href=\"https:\/\/www.seven.io\/de\/loesungen\/branchen\/fintech\/\" class=\"w-grid-item-anchor\" aria-label=\"Fintech\"><\/a>\r\n\t\t\t\t\t\t<div class=\"w-post-elm post_image usg_post_image_1 stretched\"><img decoding=\"async\" width=\"600\" height=\"400\" src=\"https:\/\/www.seven.io\/wp-content\/uploads\/2016\/11\/bank-sms-600x400.jpg\" class=\"attachment-us_600_0 size-us_600_0 wp-post-image\" alt=\"SMS services for financial sector\" \/><\/div><div class=\"w-vwrapper usg_vwrapper_1 align_center valign_top\"><\/div><div class=\"w-vwrapper usg_vwrapper_2 has_text_color align_left valign_top\"><h2 class=\"w-post-elm post_title usg_post_title_1 has_text_color entry-title color_link_inherit\">Fintech<\/h2><\/div>\t\t<\/div>\r\n\t\t\t<\/article>\r\n\t<article class=\"w-grid-item size_1x1 post-5880 us_portfolio type-us_portfolio status-publish has-post-thumbnail hentry us_portfolio_category-branchen\" data-id=\"5880\">\r\n\t\t<div class=\"w-grid-item-h\">\r\n\t\t\t\t\t\t\t<a href=\"https:\/\/www.seven.io\/de\/loesungen\/branchen\/arztpraxen\/\" class=\"w-grid-item-anchor\" aria-label=\"\u00c4rzte &amp; Praxen\"><\/a>\r\n\t\t\t\t\t\t<div class=\"w-post-elm post_image usg_post_image_1 stretched\"><img decoding=\"async\" width=\"600\" height=\"400\" src=\"https:\/\/www.seven.io\/wp-content\/uploads\/2016\/11\/doctor-600x400.jpg\" class=\"attachment-us_600_0 size-us_600_0 wp-post-image\" alt=\"Terminerinnerungen via SMS in Ihrer Praxis\" srcset=\"https:\/\/www.seven.io\/wp-content\/uploads\/2016\/11\/doctor-600x400.jpg 600w, https:\/\/www.seven.io\/wp-content\/uploads\/2016\/11\/doctor-300x200.jpg 300w, https:\/\/www.seven.io\/wp-content\/uploads\/2016\/11\/doctor-768x512.jpg 768w, https:\/\/www.seven.io\/wp-content\/uploads\/2016\/11\/doctor-1024x683.jpg 1024w\" sizes=\"(max-width: 600px) 100vw, 600px\" \/><\/div><div class=\"w-vwrapper usg_vwrapper_1 align_center valign_top\"><\/div><div class=\"w-vwrapper usg_vwrapper_2 has_text_color align_left valign_top\"><h2 class=\"w-post-elm post_title usg_post_title_1 has_text_color entry-title color_link_inherit\">\u00c4rzte &amp; Praxen<\/h2><\/div>\t\t<\/div>\r\n\t\t\t<\/article>\r\n\t<article class=\"w-grid-item size_1x1 post-5878 us_portfolio type-us_portfolio status-publish has-post-thumbnail hentry us_portfolio_category-branchen\" data-id=\"5878\">\r\n\t\t<div class=\"w-grid-item-h\">\r\n\t\t\t\t\t\t\t<a href=\"https:\/\/www.seven.io\/de\/loesungen\/branchen\/optiker\/\" class=\"w-grid-item-anchor\" aria-label=\"Optiker\"><\/a>\r\n\t\t\t\t\t\t<div class=\"w-post-elm post_image usg_post_image_1 stretched\"><img decoding=\"async\" width=\"600\" height=\"400\" src=\"https:\/\/www.seven.io\/wp-content\/uploads\/2016\/11\/optician-600x400.jpg\" class=\"attachment-us_600_0 size-us_600_0 wp-post-image\" alt=\"optician\" \/><\/div><div class=\"w-vwrapper usg_vwrapper_1 align_center valign_top\"><\/div><div class=\"w-vwrapper usg_vwrapper_2 has_text_color align_left valign_top\"><h2 class=\"w-post-elm post_title usg_post_title_1 has_text_color entry-title color_link_inherit\">Optiker<\/h2><\/div>\t\t<\/div>\r\n\t\t\t<\/article>\r\n\t<article class=\"w-grid-item size_1x1 post-5876 us_portfolio type-us_portfolio status-publish has-post-thumbnail hentry us_portfolio_category-branchen\" data-id=\"5876\">\r\n\t\t<div class=\"w-grid-item-h\">\r\n\t\t\t\t\t\t\t<a href=\"https:\/\/www.seven.io\/de\/loesungen\/branchen\/feuerwehren-rettung\/\" class=\"w-grid-item-anchor\" aria-label=\"Feuerwehren &amp; Rettung\"><\/a>\r\n\t\t\t\t\t\t<div class=\"w-post-elm post_image usg_post_image_1 stretched\"><img decoding=\"async\" width=\"600\" height=\"400\" src=\"https:\/\/www.seven.io\/wp-content\/uploads\/2016\/11\/feuerwehr-sms-600x400.jpg\" class=\"attachment-us_600_0 size-us_600_0 wp-post-image\" alt=\"Rescue teams\" srcset=\"https:\/\/www.seven.io\/wp-content\/uploads\/2016\/11\/feuerwehr-sms-600x400.jpg 600w, https:\/\/www.seven.io\/wp-content\/uploads\/2016\/11\/feuerwehr-sms-300x200.jpg 300w, https:\/\/www.seven.io\/wp-content\/uploads\/2016\/11\/feuerwehr-sms-768x512.jpg 768w, https:\/\/www.seven.io\/wp-content\/uploads\/2016\/11\/feuerwehr-sms-1024x682.jpg 1024w\" sizes=\"(max-width: 600px) 100vw, 600px\" \/><\/div><div class=\"w-vwrapper usg_vwrapper_1 align_center valign_top\"><\/div><div class=\"w-vwrapper usg_vwrapper_2 has_text_color align_left valign_top\"><h2 class=\"w-post-elm post_title usg_post_title_1 has_text_color entry-title color_link_inherit\">Feuerwehren &amp; Rettung<\/h2><\/div>\t\t<\/div>\r\n\t\t\t<\/article>\r\n<\/div>\t<div class=\"w-grid-preloader\">\r\n\t\t<div class=\"g-preloader type_1\">\r\n\t\t\t<div><\/div>\r\n\t\t<\/div>\r\n\t<\/div>\r\n\t\t<div class=\"w-grid-json hidden\" onclick='return {&quot;action&quot;:&quot;us_ajax_grid&quot;,&quot;infinite_scroll&quot;:0,&quot;max_num_pages&quot;:1,&quot;pagination&quot;:&quot;none&quot;,&quot;template_vars&quot;:{&quot;columns&quot;:&quot;4&quot;,&quot;exclude_items&quot;:&quot;none&quot;,&quot;img_size&quot;:&quot;us_600_0&quot;,&quot;ignore_items_size&quot;:0,&quot;items_layout&quot;:&quot;25648&quot;,&quot;items_offset&quot;:&quot;1&quot;,&quot;load_animation&quot;:&quot;none&quot;,&quot;overriding_link&quot;:&quot;%7B%22type%22%3A%22post%22%7D&quot;,&quot;post_id&quot;:0,&quot;query_args&quot;:{&quot;post_type&quot;:[&quot;us_portfolio&quot;],&quot;tax_query&quot;:[{&quot;taxonomy&quot;:&quot;us_portfolio_category&quot;,&quot;field&quot;:&quot;slug&quot;,&quot;terms&quot;:[&quot;branchen&quot;]}],&quot;post_status&quot;:[&quot;publish&quot;],&quot;posts_per_page&quot;:&quot;20&quot;},&quot;orderby_query_args&quot;:{&quot;orderby&quot;:{&quot;date&quot;:&quot;DESC&quot;}},&quot;type&quot;:&quot;grid&quot;,&quot;us_grid_post_type&quot;:&quot;us_portfolio&quot;,&quot;us_grid_ajax_index&quot;:1,&quot;us_grid_filter_query_string&quot;:null,&quot;us_grid_index&quot;:1,&quot;page_args&quot;:[]}}'><\/div>\r\n\t<\/div><\/div><\/div><\/div><\/div><\/div><\/section><!-- Row Backgrounds --><div class=\"upb_color\" data-bg-override=\"0\" data-bg-color=\"#333333\" data-fadeout=\"\" data-fadeout-percentage=\"30\" data-parallax-content=\"\" data-parallax-content-sense=\"30\" data-row-effect-mobile-disable=\"true\" data-img-parallax-mobile-disable=\"true\" data-rtl=\"false\"  data-custom-vc-row=\"\"  data-vc=\"8.7.2\"  data-is_old_vc=\"\"  data-theme-support=\"disable\"   data-overlay=\"false\" data-overlay-color=\"\" data-overlay-pattern=\"\" data-overlay-pattern-opacity=\"\" data-overlay-pattern-size=\"\"    ><\/div>\n","protected":false},"excerpt":{"rendered":"SMS-Alarm: Bereit zum Einsatz Rettungskr\u00e4fte aller Art nutzen unseren Service f\u00fcr ihre Kommunikation. Feuerwehren, Not\u00e4rzte, Sanit\u00e4ter oder auch freiwillige Dienste k\u00f6nnen so eine zus\u00e4tzliche Sekund\u00e4ralamierung schalten und dadurch ihre Erreichbarkeit verbessern. Anders als beim Pieper geht die SMS direkt ans Handy der Rettungskr\u00e4fte und wird sofort angezeigt. Die jeweiligen Endger\u00e4te ben\u00f6tigen keine besonderen Voraussetzung, zumal...","protected":false},"author":1,"featured_media":86675,"parent":5432,"menu_order":0,"comment_status":"closed","ping_status":"closed","template":"","meta":{"content-type":"","footnotes":""},"class_list":["post-5747","page","type-page","status-publish","has-post-thumbnail","hentry"],"_links":{"self":[{"href":"https:\/\/www.seven.io\/de\/wp-json\/wp\/v2\/pages\/5747","targetHints":{"allow":["GET"]}}],"collection":[{"href":"https:\/\/www.seven.io\/de\/wp-json\/wp\/v2\/pages"}],"about":[{"href":"https:\/\/www.seven.io\/de\/wp-json\/wp\/v2\/types\/page"}],"author":[{"embeddable":true,"href":"https:\/\/www.seven.io\/de\/wp-json\/wp\/v2\/users\/1"}],"replies":[{"embeddable":true,"href":"https:\/\/www.seven.io\/de\/wp-json\/wp\/v2\/comments?post=5747"}],"version-history":[{"count":13,"href":"https:\/\/www.seven.io\/de\/wp-json\/wp\/v2\/pages\/5747\/revisions"}],"predecessor-version":[{"id":87460,"href":"https:\/\/www.seven.io\/de\/wp-json\/wp\/v2\/pages\/5747\/revisions\/87460"}],"up":[{"embeddable":true,"href":"https:\/\/www.seven.io\/de\/wp-json\/wp\/v2\/pages\/5432"}],"wp:featuredmedia":[{"embeddable":true,"href":"https:\/\/www.seven.io\/de\/wp-json\/wp\/v2\/media\/86675"}],"wp:attachment":[{"href":"https:\/\/www.seven.io\/de\/wp-json\/wp\/v2\/media?parent=5747"}],"curies":[{"name":"wp","href":"https:\/\/api.w.org\/{rel}","templated":true}]}}