{"id":6102,"date":"2016-11-28T14:39:15","date_gmt":"2016-11-28T13:39:15","guid":{"rendered":"https:\/\/www.sms77.io\/?page_id=6102"},"modified":"2024-03-05T09:52:25","modified_gmt":"2024-03-05T08:52:25","slug":"sim-hosting","status":"publish","type":"page","link":"https:\/\/www.seven.io\/de\/produkte\/sim-hosting\/","title":{"rendered":"SIM Hosting"},"content":{"rendered":"<section class=\"l-section wpb_row hero_teaser height_medium full_height valign_center color_primary with_img parallax_ver\"><div class=\"l-section-img\" role=\"img\" aria-label=\"Wir bieten Ihnen auch die M\u00f6glichkeit zum SIM-Hosting\" data-img-width=\"3506\" data-img-height=\"2300\" style=\"background-image: url(https:\/\/www.seven.io\/wp-content\/uploads\/2016\/11\/sim_housing-sim_hosting.jpg);\"><\/div><div class=\"l-section-h i-cf\"><div class=\"g-cols vc_row via_flex valign_top type_default stacking_default\"><div class=\"vc_col-sm-12 wpb_column vc_column_container\"><div class=\"vc_column-inner\"><div class=\"wpb_wrapper\"><div class=\"wpb_text_column\"><div class=\"wpb_wrapper\"><h1>SIM-Hosting<\/h1>\n<h2>Nutzen Sie Ihre eigene Nummer zum Empfang von SMS. Hosten Sie Ihre SIM-Karte in unserer zuverl\u00e4ssigen GSM Infrastruktur.<\/h2>\n<\/div><\/div><div class=\"w-btn-wrapper align_none\"><a class=\"w-btn us-btn-style_1\" href=\"#start\"><span class=\"w-btn-label\">Erfahren Sie mehr<\/span><\/a><\/div><div class=\"w-btn-wrapper align_none\"><a class=\"w-btn us-btn-style_1\" title=\"Kontakt\" href=\"\/de\/unternehmen\/kontakt\/\"><span class=\"w-btn-label\">Jetzt anfragen<\/span><\/a><\/div><\/div><\/div><\/div><\/div><\/div><\/section><section class=\"l-section wpb_row height_small color_alternate\" id=\"start\"><div class=\"l-section-h i-cf\"><div class=\"g-cols vc_row via_flex valign_top type_default stacking_default\"><div class=\"vc_col-sm-12 wpb_column vc_column_container\"><div class=\"vc_column-inner\"><div class=\"wpb_wrapper\"><div class=\"w-iconbox iconpos_left style_default color_primary align_left\"><div class=\"w-iconbox-icon\" style=\"font-size:2rem;\"><i class=\"fal fa-server\"><\/i><\/div><div class=\"w-iconbox-meta\"><h2 class=\"w-iconbox-title\">Was ist SIM-Hosting?<\/h2><div class=\"w-iconbox-text\"><p>Mit einer von Ihnen bereitgestellten SIM-Karte (wir empfehlen eine Vertrags-SIM) wird diese nach Erhalt sicher auf unserer SIM-Hosting-Hardware eingerichtet, die \u00fcber eine eingebaute Mehrfach-Redundanz verf\u00fcgt. Empfangene Textnachrichten werden automatisch und sofort an Sie weitergeleitet.<\/p>\n<p>Wir empfehlen, SIM-Hosting nur f\u00fcr niedrigvolumige, unkritische bzw. nicht zeitkritische Dienste zu verwenden. F\u00fcr einen hohen Durchsatz verwenden Sie bitte eine <a class=\"notion-link-token notion-focusable-token notion-enable-hover\" tabindex=\"0\" href=\"\/de\/produkte\/sms-empfang\/\" rel=\"noopener noreferrer\" data-token-index=\"1\"><span class=\"link-annotation-unknown-block-id-1695292300\">Inbound-Rufnummer<\/span><\/a>, die Sie \u00fcber unser System bestellen.<\/p>\n<\/div><\/div><\/div><\/div><\/div><\/div><\/div><\/div><\/section><section class=\"l-section wpb_row height_small\"><div class=\"l-section-h i-cf\"><div class=\"g-cols vc_row via_flex valign_top type_default stacking_default\"><div class=\"vc_col-sm-6 wpb_column vc_column_container\"><div class=\"vc_column-inner\"><div class=\"wpb_wrapper\"><div class=\"wpb_text_column\"><div class=\"wpb_wrapper\"><p>Nutzen Sie Ihre eigene Rufnummer(n) und Simkarte(n) f\u00fcr den Empfang von SMS direkt \u00fcber unser Gateway. Verwalten Sie Ihre Rufnummer(n) einfach und komfortabel per Webapp.<\/p>\n<\/div><\/div><div class=\"w-image no-border align_none\"><a ref=\"magnificPopup\" href=\"https:\/\/www.seven.io\/wp-content\/uploads\/produkte_simhosting_de.png\" aria-label=\"produkte_simhosting_de\" class=\"w-image-h\"><img decoding=\"async\" width=\"1024\" height=\"647\" src=\"https:\/\/www.seven.io\/wp-content\/uploads\/produkte_simhosting_de.png\" class=\"attachment-large size-large\" alt=\"Einstellungen der Webapps f\u00fcr Inbound SMS\" loading=\"lazy\" srcset=\"https:\/\/www.seven.io\/wp-content\/uploads\/produkte_simhosting_de.png 1024w, https:\/\/www.seven.io\/wp-content\/uploads\/produkte_simhosting_de-300x190.png 300w, https:\/\/www.seven.io\/wp-content\/uploads\/produkte_simhosting_de-350x221.png 350w, https:\/\/www.seven.io\/wp-content\/uploads\/produkte_simhosting_de-250x158.png 250w, https:\/\/www.seven.io\/wp-content\/uploads\/produkte_simhosting_de-600x379.png 600w, https:\/\/www.seven.io\/wp-content\/uploads\/produkte_simhosting_de-768x485.png 768w, https:\/\/www.seven.io\/wp-content\/uploads\/produkte_simhosting_de-400x253.png 400w, https:\/\/www.seven.io\/wp-content\/uploads\/produkte_simhosting_de-200x126.png 200w, https:\/\/www.seven.io\/wp-content\/uploads\/produkte_simhosting_de-500x316.png 500w\" sizes=\"auto, (max-width: 1024px) 100vw, 1024px\" \/><\/a><\/div><\/div><\/div><\/div><div class=\"vc_col-sm-6 wpb_column vc_column_container\"><div class=\"vc_column-inner\"><div class=\"wpb_wrapper\"><div class=\"smile_icon_list_wrap ult_info_list_container ult-adjust-bottom-margin  \"><ul class=\"smile_icon_list left circle with_bg\"><li class=\"icon_list_item\" style=\" font-size:72px;\"><div class=\"icon_list_icon\" data-animation=\"\" data-animation-delay=\"03\" style=\"font-size:24px;border-width:1px;border-style:none;background:#ffffff;color:#00d46a;border-color:#333333;\"><i class=\"Defaults-check\" ><\/i><\/div><div class=\"icon_description\" id=\"Info-list-wrap-1544\" style=\"font-size:24px;\"><h3 class=\"ult-responsive info-list-heading\"  data-ultimate-target='#Info-list-wrap-1544 h3'  data-responsive-json-new='{\"font-size\":\"desktop:16px;\",\"line-height\":\"desktop:24px;\"}'  style=\"\">Sie stellen uns per Post Ihre SIM-Karte zur Verf\u00fcgung<\/h3><div class=\"icon_description_text ult-responsive\"  data-ultimate-target='#Info-list-wrap-1544 .icon_description_text'  data-responsive-json-new='{\"font-size\":\"desktop:13px;\",\"line-height\":\"desktop:18px;\"}'  style=\"\"><\/div><\/div><div class=\"icon_list_connector\" data-animation=\"fadeInUp\" data-animation-delay=\"03\" style=\"border-right-width: 1px;border-right-style: dashed;border-color: #565656;\"><\/div><\/li><li class=\"icon_list_item\" style=\" font-size:72px;\"><div class=\"icon_list_icon\" data-animation=\"\" data-animation-delay=\"03\" style=\"font-size:24px;border-width:1px;border-style:none;background:#ffffff;color:#00d46a;border-color:#333333;\"><i class=\"Defaults-check\" ><\/i><\/div><div class=\"icon_description\" id=\"Info-list-wrap-2520\" style=\"font-size:24px;\"><h3 class=\"ult-responsive info-list-heading\"  data-ultimate-target='#Info-list-wrap-2520 h3'  data-responsive-json-new='{\"font-size\":\"desktop:16px;\",\"line-height\":\"desktop:24px;\"}'  style=\"\">Ihre SIM-Karte wird umgehend nach Erhalt in unser System integriert<\/h3><div class=\"icon_description_text ult-responsive\"  data-ultimate-target='#Info-list-wrap-2520 .icon_description_text'  data-responsive-json-new='{\"font-size\":\"desktop:13px;\",\"line-height\":\"desktop:18px;\"}'  style=\"\"><\/div><\/div><div class=\"icon_list_connector\" data-animation=\"fadeInUp\" data-animation-delay=\"03\" style=\"border-right-width: 1px;border-right-style: dashed;border-color: #565656;\"><\/div><\/li><li class=\"icon_list_item\" style=\" font-size:72px;\"><div class=\"icon_list_icon\" data-animation=\"\" data-animation-delay=\"03\" style=\"font-size:24px;border-width:1px;border-style:none;background:#ffffff;color:#00d46a;border-color:#333333;\"><i class=\"Defaults-check\" ><\/i><\/div><div class=\"icon_description\" id=\"Info-list-wrap-1592\" style=\"font-size:24px;\"><h3 class=\"ult-responsive info-list-heading\"  data-ultimate-target='#Info-list-wrap-1592 h3'  data-responsive-json-new='{\"font-size\":\"desktop:16px;\",\"line-height\":\"desktop:24px;\"}'  style=\"\">Konfigurieren Sie Webhook, Emailweiterleitung etc. in Ihrem Login<\/h3><div class=\"icon_description_text ult-responsive\"  data-ultimate-target='#Info-list-wrap-1592 .icon_description_text'  data-responsive-json-new='{\"font-size\":\"desktop:13px;\",\"line-height\":\"desktop:18px;\"}'  style=\"\"><\/div><\/div><div class=\"icon_list_connector\" data-animation=\"fadeInUp\" data-animation-delay=\"03\" style=\"border-right-width: 1px;border-right-style: dashed;border-color: #565656;\"><\/div><\/li><li class=\"icon_list_item\" style=\" font-size:72px;\"><div class=\"icon_list_icon\" data-animation=\"\" data-animation-delay=\"03\" style=\"font-size:24px;border-width:1px;border-style:none;background:#ffffff;color:#00d46a;border-color:#333333;\"><i class=\"Defaults-check\" ><\/i><\/div><div class=\"icon_description\" id=\"Info-list-wrap-9593\" style=\"font-size:24px;\"><h3 class=\"ult-responsive info-list-heading\"  data-ultimate-target='#Info-list-wrap-9593 h3'  data-responsive-json-new='{\"font-size\":\"desktop:16px;\",\"line-height\":\"desktop:24px;\"}'  style=\"\">Erhalten Sie s\u00e4mtliche eingehenden SMS per API direkt in Ihr System<\/h3><div class=\"icon_description_text ult-responsive\"  data-ultimate-target='#Info-list-wrap-9593 .icon_description_text'  data-responsive-json-new='{\"font-size\":\"desktop:13px;\",\"line-height\":\"desktop:18px;\"}'  style=\"\"><\/div><\/div><div class=\"icon_list_connector\" data-animation=\"fadeInUp\" data-animation-delay=\"03\" style=\"border-right-width: 1px;border-right-style: dashed;border-color: #565656;\"><\/div><\/li><\/ul><\/div><\/div><\/div><\/div><\/div><\/div><\/section><section class=\"l-section wpb_row height_small color_alternate\"><div class=\"l-section-h i-cf\"><div class=\"g-cols vc_row via_flex valign_top type_default stacking_default\"><div class=\"vc_col-sm-6 wpb_column vc_column_container\"><div class=\"vc_column-inner\"><div class=\"wpb_wrapper\"><div class=\"w-iconbox iconpos_left style_default color_primary align_left\"><div class=\"w-iconbox-icon\" style=\"font-size:2rem;\"><i class=\"fal fa-sim-card\"><\/i><\/div><div class=\"w-iconbox-meta\"><h2 class=\"w-iconbox-title\">Ihre Simkarte<\/h2><div class=\"w-iconbox-text\"><p>Die SIM-Karte muss uns zur Verf\u00fcgung gestellt werden. Diese wird in einem extra gesicherten Raum f\u00fcr unsere eigens entwickelte GSM-Technik verwahrt.<\/p>\n<p>Wir empfehlen eine Vertrags-SIM-Karte. Prepaid-SIMs k\u00f6nnen verwendet werden, aber ein vollst\u00e4ndiges internationales Roaming ist erforderlich, und Sie m\u00fcssen sicherstellen, dass alle Bedingungen des Netzbetreibers erf\u00fcllt werden, um sicherzustellen, dass die SIM-Karte aktiv bleibt.<\/p>\n<p>Nach K\u00fcndigung erhalten Sie Ihre SIM-Karte per Post wieder zur\u00fcck.<\/p>\n<\/div><\/div><\/div><\/div><\/div><\/div><div class=\"vc_col-sm-6 wpb_column vc_column_container\"><div class=\"vc_column-inner\"><div class=\"wpb_wrapper\"><div class=\"w-iconbox iconpos_left style_default color_primary align_left\"><div class=\"w-iconbox-icon\" style=\"font-size:2rem;\"><i class=\"fal fa-comment\"><\/i><\/div><div class=\"w-iconbox-meta\"><h2 class=\"w-iconbox-title\">SMS versenden<\/h2><div class=\"w-iconbox-text\"><p>Sie k\u00f6nnen SMS in die meisten L\u00e4nder senden, indem Sie die SIM-Kartennummer als Absenderkennung verwenden. Diese wird angezeigt, wenn die Nachricht auf einem Mobiltelefon ankommt, was <a href=\"https:\/\/help.seven.io\/de\/antworten-erhalten\" rel=\"noopener\">Antworten<\/a> erm\u00f6glicht.<\/p>\n<p>Die SIM selbst wird nicht f\u00fcr den Versand von SMS verwendet, so dass Sie \u00fcber jede unserer Schnittstellen (einschlie\u00dflich <a href=\"\/de\/produkte\/sms-gateway-api\/\">HTTP API<\/a>, <a href=\"\/de\/produkte\/smpp\/\">SMPP<\/a>, <a href=\"\/de\/produkte\/email-to-sms\/\">Email-to-SMS<\/a>) SMS senden k\u00f6nnen. Es fallen unsere \u00fcblichen <a href=\"\/de\/preise\/\">Preise je SMS<\/a> an.<\/p>\n<\/div><\/div><\/div><\/div><\/div><\/div><\/div><\/div><\/section><section class=\"l-section wpb_row height_small color_alternate\"><div class=\"l-section-h i-cf\"><div class=\"g-cols vc_row via_flex valign_top type_default stacking_default\"><div class=\"vc_col-sm-6 wpb_column vc_column_container\"><div class=\"vc_column-inner\"><div class=\"wpb_wrapper\"><div class=\"w-iconbox iconpos_left style_default color_primary align_left\"><div class=\"w-iconbox-icon\" style=\"font-size:2rem;\"><i class=\"fal fa-lock\"><\/i><\/div><div class=\"w-iconbox-meta\"><h2 class=\"w-iconbox-title\">Zuverl\u00e4ssigkeit<\/h2><div class=\"w-iconbox-text\"><p>Hardwarebasiertes SIM-Hosting ist auf drei Dinge angewiesen: IP-Konnektivit\u00e4t, Stromversorgung und lokales Mobilfunksignal. Obwohl wir letzteres nicht beeinflussen k\u00f6nnen, haben wir sowohl Backup-IP-Konnektivit\u00e4t als auch Stromversorgung.<\/p>\n<p>Wir bieten damit ein Serviceniveau, das mit traditionellen Mitteln so zuverl\u00e4ssig wie m\u00f6glich ist.<\/p>\n<\/div><\/div><\/div><\/div><\/div><\/div><div class=\"vc_col-sm-6 wpb_column vc_column_container\"><div class=\"vc_column-inner\"><div class=\"wpb_wrapper\"><div class=\"w-iconbox iconpos_left style_default color_primary align_left\"><div class=\"w-iconbox-icon\" style=\"font-size:2rem;\"><i class=\"fal fa-phone\"><\/i><\/div><div class=\"w-iconbox-meta\"><h2 class=\"w-iconbox-title\">Anrufe<\/h2><div class=\"w-iconbox-text\"><p>Anrufe werden derzeit nicht direkt von unserem Gateway unterst\u00fctzt. Sie k\u00f6nnen Anrufe auf Ihre Simkarte direkt \u00fcber Ihren Netzbetreiber weiterleiten lassen oder aber die Mailbox rangehen lassen.<\/p>\n<p>Die Einrichtung der Rufweiterleitung sollte vor dem Versand Ihrer SIM-Karte an uns konfiguriert werden. Alle dabei aufkommenden Kosten fallen zwischen Ihnen und Ihrem Netzbetreiber an.<\/p>\n<\/div><\/div><\/div><\/div><\/div><\/div><\/div><\/div><\/section><section class=\"l-section wpb_row height_small\"><div class=\"l-section-h i-cf\"><div class=\"g-cols vc_row via_flex valign_top type_default stacking_default\"><div class=\"vc_col-sm-12 wpb_column vc_column_container\"><div class=\"vc_column-inner\"><div class=\"wpb_wrapper\"><div class=\"wpb_text_column\"><div class=\"wpb_wrapper\"><h2>Kosten<\/h2>\n<\/div><\/div><div class=\"wpb_text_column\"><div class=\"wpb_wrapper\"><p>Sie m\u00f6chten mehrere SIM-Karten\u00a0bei uns hosten? <a href=\"\/de\/unternehmen\/kontakt\/\">Sprechen Sie uns an<\/a> f\u00fcr individuelle Mengenrabatte. Gern unterst\u00fctzen wir Sie auch bei speziellen Vorhaben und besonderen Anforderungen.<\/p>\n<\/div><\/div><div class=\"g-cols wpb_row via_flex valign_top type_default stacking_default\" style=\"--additional-gap:35;\"><div class=\"vc_col-sm-8 wpb_column vc_column_container\"><div class=\"vc_column-inner\"><div class=\"wpb_wrapper\"><div class=\"wpb_text_column\"><div class=\"wpb_wrapper\"><p><strong>Grundgeb\u00fchr:<\/strong><\/p>\n<\/div><\/div><\/div><\/div><\/div><div class=\"vc_col-sm-4 wpb_column vc_column_container\"><div class=\"vc_column-inner\"><div class=\"wpb_wrapper\"><div class=\"wpb_text_column\"><div class=\"wpb_wrapper\"><p style=\"text-align: right;\">monatlich ab <span style=\"color: #cccccc; font-size: 36px;\">19,90\u20ac<\/span><\/p>\n<\/div><\/div><\/div><\/div><\/div><\/div><div class=\"g-cols wpb_row via_flex valign_top type_default stacking_default\" style=\"--additional-gap:35;\"><div class=\"vc_col-sm-8 wpb_column vc_column_container\"><div class=\"vc_column-inner\"><div class=\"wpb_wrapper\"><div class=\"wpb_text_column\"><div class=\"wpb_wrapper\"><p><strong>Einrichtungskosten:<\/strong><\/p>\n<\/div><\/div><\/div><\/div><\/div><div class=\"vc_col-sm-4 wpb_column vc_column_container\"><div class=\"vc_column-inner\"><div class=\"wpb_wrapper\"><div class=\"wpb_text_column\"><div class=\"wpb_wrapper\"><p style=\"text-align: right;\">Setup ab <span style=\"color: #cccccc; font-size: 36px;\">9,90\u20ac<\/span><\/p>\n<\/div><\/div><\/div><\/div><\/div><\/div><div class=\"g-cols wpb_row via_flex valign_top type_default stacking_default\" style=\"--additional-gap:35;\"><div class=\"vc_col-sm-8 wpb_column vc_column_container\"><div class=\"vc_column-inner\"><div class=\"wpb_wrapper\"><div class=\"wpb_text_column\"><div class=\"wpb_wrapper\"><p><strong>Preis je erhaltener SMS:<\/strong><\/p>\n<\/div><\/div><\/div><\/div><\/div><div class=\"vc_col-sm-4 wpb_column vc_column_container\"><div class=\"vc_column-inner\"><div class=\"wpb_wrapper\"><div class=\"wpb_text_column\"><div class=\"wpb_wrapper\"><p style=\"text-align: right;\">je SMS <span style=\"color: #cccccc; font-size: 36px;\">0,00\u20ac<\/span><\/p>\n<\/div><\/div><\/div><\/div><\/div><\/div><\/div><\/div><\/div><\/div><\/div><\/section>\n","protected":false},"excerpt":{"rendered":"SIM-Hosting Nutzen Sie Ihre eigene Nummer zum Empfang von SMS. Hosten Sie Ihre SIM-Karte in unserer zuverl\u00e4ssigen GSM Infrastruktur. Erfahren Sie mehrJetzt anfragenWas ist SIM-Hosting?Mit einer von Ihnen bereitgestellten SIM-Karte (wir empfehlen eine Vertrags-SIM) wird diese nach Erhalt sicher auf unserer SIM-Hosting-Hardware eingerichtet, die \u00fcber eine eingebaute Mehrfach-Redundanz verf\u00fcgt. Empfangene Textnachrichten werden automatisch und sofort...","protected":false},"author":1,"featured_media":7101,"parent":5430,"menu_order":0,"comment_status":"closed","ping_status":"closed","template":"","meta":{"content-type":"","footnotes":""},"class_list":["post-6102","page","type-page","status-publish","has-post-thumbnail","hentry"],"_links":{"self":[{"href":"https:\/\/www.seven.io\/de\/wp-json\/wp\/v2\/pages\/6102","targetHints":{"allow":["GET"]}}],"collection":[{"href":"https:\/\/www.seven.io\/de\/wp-json\/wp\/v2\/pages"}],"about":[{"href":"https:\/\/www.seven.io\/de\/wp-json\/wp\/v2\/types\/page"}],"author":[{"embeddable":true,"href":"https:\/\/www.seven.io\/de\/wp-json\/wp\/v2\/users\/1"}],"replies":[{"embeddable":true,"href":"https:\/\/www.seven.io\/de\/wp-json\/wp\/v2\/comments?post=6102"}],"version-history":[{"count":77,"href":"https:\/\/www.seven.io\/de\/wp-json\/wp\/v2\/pages\/6102\/revisions"}],"predecessor-version":[{"id":92121,"href":"https:\/\/www.seven.io\/de\/wp-json\/wp\/v2\/pages\/6102\/revisions\/92121"}],"up":[{"embeddable":true,"href":"https:\/\/www.seven.io\/de\/wp-json\/wp\/v2\/pages\/5430"}],"wp:featuredmedia":[{"embeddable":true,"href":"https:\/\/www.seven.io\/de\/wp-json\/wp\/v2\/media\/7101"}],"wp:attachment":[{"href":"https:\/\/www.seven.io\/de\/wp-json\/wp\/v2\/media?parent=6102"}],"curies":[{"name":"wp","href":"https:\/\/api.w.org\/{rel}","templated":true}]}}