{"id":6105,"date":"2016-11-28T14:40:22","date_gmt":"2016-11-28T13:40:22","guid":{"rendered":"https:\/\/www.sms77.io\/?page_id=6105"},"modified":"2023-04-25T07:53:16","modified_gmt":"2023-04-25T05:53:16","slug":"sms-gateway-api","status":"publish","type":"page","link":"https:\/\/www.seven.io\/de\/produkte\/sms-gateway-api\/","title":{"rendered":"SMS Gateway API"},"content":{"rendered":"<section class=\"l-section wpb_row height_small\"><div class=\"l-section-h i-cf\"><div class=\"g-cols vc_row via_flex valign_top type_default stacking_default\"><div class=\"vc_col-sm-4 wpb_column vc_column_container\"><div class=\"vc_column-inner\"><div class=\"wpb_wrapper\"><div class=\"w-iconbox iconpos_left style_circle color_contrast align_left\"><div class=\"w-iconbox-icon\" style=\"font-size:26px;\"><i class=\"fas fa-star\"><\/i><\/div><div class=\"w-iconbox-meta\"><h4 class=\"w-iconbox-title\">Nahtlose Integration<\/h4><div class=\"w-iconbox-text\"><p>S\u00e4mtliche Features von seven sind per Schnittstelle verf\u00fcgbar. Ihren Ideen sind keine Grenzen gesetzt.<\/p>\n<\/div><\/div><\/div><\/div><\/div><\/div><div class=\"vc_col-sm-4 wpb_column vc_column_container\"><div class=\"vc_column-inner\"><div class=\"wpb_wrapper\"><div class=\"w-iconbox iconpos_left style_circle color_contrast align_left\"><div class=\"w-iconbox-icon\" style=\"font-size:26px;\"><i class=\"fas fa-fire\"><\/i><\/div><div class=\"w-iconbox-meta\"><h4 class=\"w-iconbox-title\">Flexibel<\/h4><div class=\"w-iconbox-text\"><p>Wir sind offen f\u00fcr Ihre Ideen und implementieren gern spezielle Anforderungen unkompliziert und schnell.<\/p>\n<\/div><\/div><\/div><\/div><\/div><\/div><div class=\"vc_col-sm-4 wpb_column vc_column_container\"><div class=\"vc_column-inner\"><div class=\"wpb_wrapper\"><div class=\"w-iconbox iconpos_left style_circle color_contrast align_left\"><div class=\"w-iconbox-icon\" style=\"font-size:26px;\"><i class=\"fas fa-chart-line\"><\/i><\/div><div class=\"w-iconbox-meta\"><h4 class=\"w-iconbox-title\">Skalierbar<\/h4><div class=\"w-iconbox-text\"><p>Ihrer Anwendung sind keine Grenzen gesetzt \u2013 unsere API ist hochperformant und skaliert mit Ihrer Anwendung.<\/p>\n<\/div><\/div><\/div><\/div><\/div><\/div><\/div><\/div><\/section><section class=\"l-section wpb_row height_small color_alternate\"><div class=\"l-section-h i-cf\"><div class=\"g-cols vc_row via_flex valign_top type_default stacking_default\"><div class=\"vc_col-sm-6 wpb_column vc_column_container\"><div class=\"vc_column-inner\"><div class=\"wpb_wrapper\"><div class=\"smile_icon_list_wrap ult_info_list_container ult-adjust-bottom-margin  \"><ul class=\"smile_icon_list left circle with_bg\"><li class=\"icon_list_item\" style=\" font-size:72px;\"><div class=\"icon_list_icon\" data-animation=\"fadeInLeft\" data-animation-delay=\"03\" style=\"font-size:24px;border-width:1px;border-style:none;background:rgba(0,212,106,0.01);color:#00d488;border-color:#333333;\"><i class=\"Defaults-check-square-o\" ><\/i><\/div><div class=\"icon_description\" id=\"Info-list-wrap-7065\" style=\"font-size:24px;\"><h3 class=\"ult-responsive info-list-heading\"  data-ultimate-target='#Info-list-wrap-7065 h3'  data-responsive-json-new='{\"font-size\":\"desktop:16px;\",\"line-height\":\"desktop:24px;\"}'  style=\"\">Sicherheit<\/h3><div class=\"icon_description_text ult-responsive\"  data-ultimate-target='#Info-list-wrap-7065 .icon_description_text'  data-responsive-json-new='{\"font-size\":\"desktop:13px;\",\"line-height\":\"desktop:18px;\"}'  style=\"\"><p>Hohe Sicherheitsstandards werden durch\u00a0Verschl\u00fcsselung, IP Sperren, Blacklists und weitere Features erreicht.<\/p>\n<\/div><\/div><div class=\"icon_list_connector\" data-animation=\"fadeInUp\" data-animation-delay=\"03\" style=\"border-right-width: 1px;border-right-style: dashed;border-color: rgba(0,212,106,0);\"><\/div><\/li><li class=\"icon_list_item\" style=\" font-size:72px;\"><div class=\"icon_list_icon\" data-animation=\"fadeInLeft\" data-animation-delay=\"03\" style=\"font-size:24px;border-width:1px;border-style:none;background:rgba(0,212,106,0.01);color:#00d488;border-color:#333333;\"><i class=\"Defaults-check-square-o\" ><\/i><\/div><div class=\"icon_description\" id=\"Info-list-wrap-5742\" style=\"font-size:24px;\"><h3 class=\"ult-responsive info-list-heading\"  data-ultimate-target='#Info-list-wrap-5742 h3'  data-responsive-json-new='{\"font-size\":\"desktop:16px;\",\"line-height\":\"desktop:24px;\"}'  style=\"\">Two-way Messaging<\/h3><div class=\"icon_description_text ult-responsive\"  data-ultimate-target='#Info-list-wrap-5742 .icon_description_text'  data-responsive-json-new='{\"font-size\":\"desktop:13px;\",\"line-height\":\"desktop:18px;\"}'  style=\"\"><p>Versenden und <a href=\"\/de\/produkte\/sms-empfang\/\">empfangen Sie SMS<\/a> automatisiert \u00fcber unsere Schnittstelle.<\/p>\n<\/div><\/div><div class=\"icon_list_connector\" data-animation=\"fadeInUp\" data-animation-delay=\"03\" style=\"border-right-width: 1px;border-right-style: dashed;border-color: rgba(0,212,106,0);\"><\/div><\/li><li class=\"icon_list_item\" style=\" font-size:72px;\"><div class=\"icon_list_icon\" data-animation=\"fadeInLeft\" data-animation-delay=\"03\" style=\"font-size:24px;border-width:1px;border-style:none;background:rgba(0,212,106,0.01);color:#00d488;border-color:#333333;\"><i class=\"Defaults-check-square-o\" ><\/i><\/div><div class=\"icon_description\" id=\"Info-list-wrap-6952\" style=\"font-size:24px;\"><h3 class=\"ult-responsive info-list-heading\"  data-ultimate-target='#Info-list-wrap-6952 h3'  data-responsive-json-new='{\"font-size\":\"desktop:16px;\",\"line-height\":\"desktop:24px;\"}'  style=\"\">Verf\u00fcgbarkeit<\/h3><div class=\"icon_description_text ult-responsive\"  data-ultimate-target='#Info-list-wrap-6952 .icon_description_text'  data-responsive-json-new='{\"font-size\":\"desktop:13px;\",\"line-height\":\"desktop:18px;\"}'  style=\"\"><p>Dank hoher Durchsatzraten garantieren wir mindestens 99,5% Erreichbarkeit unseres SMS Gateway.<\/p>\n<\/div><\/div><div class=\"icon_list_connector\" data-animation=\"fadeInUp\" data-animation-delay=\"03\" style=\"border-right-width: 1px;border-right-style: dashed;border-color: rgba(0,212,106,0);\"><\/div><\/li><\/ul><\/div><\/div><\/div><\/div><div class=\"vc_col-sm-6 wpb_column vc_column_container\"><div class=\"vc_column-inner\"><div class=\"wpb_wrapper\"><div class=\"smile_icon_list_wrap ult_info_list_container ult-adjust-bottom-margin  \"><ul class=\"smile_icon_list left circle with_bg\"><li class=\"icon_list_item\" style=\" font-size:72px;\"><div class=\"icon_list_icon\" data-animation=\"fadeInRight\" data-animation-delay=\"03\" style=\"font-size:24px;border-width:1px;border-style:none;background:rgba(0,212,106,0.01);color:#00d488;border-color:#333333;\"><i class=\"Defaults-check-square-o\" ><\/i><\/div><div class=\"icon_description\" id=\"Info-list-wrap-5995\" style=\"font-size:24px;\"><h3 class=\"ult-responsive info-list-heading\"  data-ultimate-target='#Info-list-wrap-5995 h3'  data-responsive-json-new='{\"font-size\":\"desktop:16px;\",\"line-height\":\"desktop:24px;\"}'  style=\"\">Massen-SMS<\/h3><div class=\"icon_description_text ult-responsive\"  data-ultimate-target='#Info-list-wrap-5995 .icon_description_text'  data-responsive-json-new='{\"font-size\":\"desktop:13px;\",\"line-height\":\"desktop:18px;\"}'  style=\"\"><p>Sie\u00a0m\u00f6chten\u00a0tausende SMS auf einmal verschicken? Kein Problem, unser skalierbares Gateway erf\u00fcllt Ihre Anforderungen.<\/p>\n<\/div><\/div><div class=\"icon_list_connector\"  style=\"border-right-width: 1px;border-right-style: dashed;border-color: rgba(0,212,106,0);\"><\/div><\/li><li class=\"icon_list_item\" style=\" font-size:72px;\"><div class=\"icon_list_icon\" data-animation=\"fadeInRight\" data-animation-delay=\"03\" style=\"font-size:24px;border-width:1px;border-style:none;background:rgba(0,212,106,0.01);color:#00d488;border-color:#333333;\"><i class=\"Defaults-check-square-o\" ><\/i><\/div><div class=\"icon_description\" id=\"Info-list-wrap-4923\" style=\"font-size:24px;\"><h3 class=\"ult-responsive info-list-heading\"  data-ultimate-target='#Info-list-wrap-4923 h3'  data-responsive-json-new='{\"font-size\":\"desktop:16px;\",\"line-height\":\"desktop:24px;\"}'  style=\"\">Zustellberichte<\/h3><div class=\"icon_description_text ult-responsive\"  data-ultimate-target='#Info-list-wrap-4923 .icon_description_text'  data-responsive-json-new='{\"font-size\":\"desktop:13px;\",\"line-height\":\"desktop:18px;\"}'  style=\"\"><p>Sie erhalten f\u00fcr Ihre SMS Statusberichte im Web oder auch per Callback \u00fcber die Schnittstelle.<\/p>\n<\/div><\/div><div class=\"icon_list_connector\"  style=\"border-right-width: 1px;border-right-style: dashed;border-color: rgba(0,212,106,0);\"><\/div><\/li><li class=\"icon_list_item\" style=\" font-size:72px;\"><div class=\"icon_list_icon\" data-animation=\"fadeInRight\" data-animation-delay=\"03\" style=\"font-size:24px;border-width:1px;border-style:none;background:rgba(0,212,106,0.01);color:#00d488;border-color:#333333;\"><i class=\"Defaults-check-square-o\" ><\/i><\/div><div class=\"icon_description\" id=\"Info-list-wrap-7657\" style=\"font-size:24px;\"><h3 class=\"ult-responsive info-list-heading\"  data-ultimate-target='#Info-list-wrap-7657 h3'  data-responsive-json-new='{\"font-size\":\"desktop:16px;\",\"line-height\":\"desktop:24px;\"}'  style=\"\">Reporting<\/h3><div class=\"icon_description_text ult-responsive\"  data-ultimate-target='#Info-list-wrap-7657 .icon_description_text'  data-responsive-json-new='{\"font-size\":\"desktop:13px;\",\"line-height\":\"desktop:18px;\"}'  style=\"\"><p>In <a href=\"https:\/\/app.seven.io\" rel=\"noopener\">Ihrem Webaccount<\/a> k\u00f6nnen Sie ausf\u00fchrliche Statistiken rund um Ihren SMS Versand zur Erfolgskontrolle einsehen.<\/p>\n<\/div><\/div><div class=\"icon_list_connector\"  style=\"border-right-width: 1px;border-right-style: dashed;border-color: rgba(0,212,106,0);\"><\/div><\/li><\/ul><\/div><\/div><\/div><\/div><\/div><\/div><\/section><section class=\"l-section wpb_row height_small\"><div class=\"l-section-h i-cf\"><div class=\"g-cols vc_row via_flex valign_top type_default stacking_default\"><div class=\"vc_col-sm-12 wpb_column vc_column_container\"><div class=\"vc_column-inner\"><div class=\"wpb_wrapper\"><div class=\"wpb_text_column\"><div class=\"wpb_wrapper\"><h2 class=\"center-text\">Workflow des SMS-Gateways<\/h2>\n<\/div><\/div><div class=\"w-separator size_small\"><\/div><div class=\"w-image align_center us_animate_fade\"><div class=\"w-image-h\"><img decoding=\"async\" width=\"1024\" height=\"352\" src=\"https:\/\/www.seven.io\/wp-content\/uploads\/2016\/11\/sms-gateway-how-it-works-1024x352.png\" class=\"attachment-large size-large\" alt=\"Sicher und flexibel SMS versenden mit unserer SMS Gateway API\" loading=\"lazy\" srcset=\"https:\/\/www.seven.io\/wp-content\/uploads\/2016\/11\/sms-gateway-how-it-works-1024x352.png 1024w, https:\/\/www.seven.io\/wp-content\/uploads\/2016\/11\/sms-gateway-how-it-works-300x103.png 300w, https:\/\/www.seven.io\/wp-content\/uploads\/2016\/11\/sms-gateway-how-it-works-350x120.png 350w, https:\/\/www.seven.io\/wp-content\/uploads\/2016\/11\/sms-gateway-how-it-works-250x86.png 250w, https:\/\/www.seven.io\/wp-content\/uploads\/2016\/11\/sms-gateway-how-it-works-600x206.png 600w, https:\/\/www.seven.io\/wp-content\/uploads\/2016\/11\/sms-gateway-how-it-works-768x264.png 768w, https:\/\/www.seven.io\/wp-content\/uploads\/2016\/11\/sms-gateway-how-it-works-400x137.png 400w, https:\/\/www.seven.io\/wp-content\/uploads\/2016\/11\/sms-gateway-how-it-works-200x69.png 200w, https:\/\/www.seven.io\/wp-content\/uploads\/2016\/11\/sms-gateway-how-it-works-500x172.png 500w, https:\/\/www.seven.io\/wp-content\/uploads\/2016\/11\/sms-gateway-how-it-works.png 1200w\" sizes=\"auto, (max-width: 1024px) 100vw, 1024px\" \/><\/div><\/div><div class=\"w-separator size_medium\"><\/div><\/div><\/div><\/div><\/div><\/div><\/section><section class=\"l-section wpb_row height_auto width_full color_alternate\"><div class=\"l-section-h i-cf\"><div class=\"g-cols vc_row via_flex valign_middle type_default stacking_default\"><div class=\"vc_col-sm-6 wpb_column vc_column_container\"><div class=\"vc_column-inner\"><div class=\"wpb_wrapper\"><div class=\"wpb_text_column us_custom_d8cbb9ac\"><div class=\"wpb_wrapper\"><h1 style=\"text-align: center;\">SMS Gateway<\/h1>\n<h4 style=\"text-align: center;\">Erweitern Sie Ihre Anwendung um umfangreiche Messaging L\u00f6sungen mithilfe unserer skalierbaren SMS API<\/h4>\n<p class=\"center-text\">Ein einfacher HTTP-Aufruf an unsere HTTP API gen\u00fcgt um eine SMS direkt aus Ihrer Webseite, Online Shop, Software, App, Desktoptool etc zu versenden. Verarbeiten Sie Statusberichte, Antworten und andere Feedbacks automatisiert per Callback. Mit unserem flexiblen SMS-Gateway lassen sich unterschiedlichste Projekte realisieren.<\/p>\n<\/div><\/div><\/div><\/div><\/div><div class=\"vc_col-sm-6 wpb_column vc_column_container has_bg_color\"><div class=\"vc_column-inner us_custom_f2cfdde5\"><div class=\"wpb_wrapper\"><div class=\"w-separator size_custom\" style=\"height:350px\"><\/div><\/div><\/div><\/div><\/div><\/div><\/section><section class=\"l-section wpb_row height_small\"><div class=\"l-section-h i-cf\"><div class=\"g-cols vc_row via_flex valign_top type_default stacking_default\"><div class=\"vc_col-sm-12 wpb_column vc_column_container\"><div class=\"vc_column-inner\"><div class=\"wpb_wrapper\"><div class=\"templatera_shortcode\"><section class=\"l-section wpb_row height_auto\"><div class=\"l-section-h i-cf\"><div class=\"g-cols vc_row via_flex valign_top type_default stacking_default\"><div class=\"vc_col-sm-12 wpb_column vc_column_container\"><div class=\"vc_column-inner\"><div class=\"wpb_wrapper\"><div class=\"wpb_text_column\"><div class=\"wpb_wrapper\"><h2 style=\"text-align: center;\">Transparent und fair &#8211; SMS-Versand Preise<\/h2>\n<p style=\"text-align: center;\">Laden Sie bequem Ihr Guthaben auf und zahlen Sie nur die SMS, die Sie verschicken. Es entstehen keine weiteren Kosten f\u00fcr Sie. Alle Features wie die API, Email2SMS usw. sind kostenlos f\u00fcr jeden Account verf\u00fcgbar.<\/p>\n<\/div><\/div><div class=\"w-pricing style_flat items_1\"><div class=\"w-pricing-item type_featured\"><div class=\"w-pricing-item-h\"><div class=\"w-pricing-item-header\"><div class=\"w-pricing-item-title\">Aktueller Preis<\/div><div class=\"w-pricing-item-price\">0,075 \u20ac<small>je SMS*<\/small><\/div><\/div><ul class=\"w-pricing-item-features\"><li class=\"w-pricing-item-feature\">Weltweiter Versand<\/li><li class=\"w-pricing-item-feature\">Eigener Absender<\/li><li class=\"w-pricing-item-feature\">Kostenlose Antwortfunktion<\/li><li class=\"w-pricing-item-feature\">Portierte Rufnummern<\/li><li class=\"w-pricing-item-feature\">Statusbericht<\/li><li class=\"w-pricing-item-feature\">Flash-SMS<\/li><li class=\"w-pricing-item-feature\">Unicode-Nachrichten<\/li><li class=\"w-pricing-item-feature\"><strong>100% Garantierte Zustellung<\/strong><\/li><\/ul><div class=\"w-pricing-item-footer\"><a class=\"w-btn us-btn-style_1\" style=\"font-size:15px\" href=\"https:\/\/app.seven.io\/anmelden\" rel=\"noopener\"><span class=\"w-btn-label\">Gratis testen<\/span><\/a><\/div><\/div><\/div><\/div><div class=\"wpb_text_column\"><div class=\"wpb_wrapper\"><p class=\"text_small\" style=\"text-align: center;\">*Alle Preise verstehen sich zuz\u00fcglich der gesetzlichen Umsatzsteuer. Preise f\u00fcr nicht-EU L\u00e4nder k\u00f6nnen abweichen. <a href=\"\/en\/full-sms-pricelist\/\">Bitte \u00fcberpr\u00fcfen Sie unsere vollst\u00e4ndige Preisliste nach L\u00e4ndern<\/a>. Die Preise sind jeweils g\u00fcltig f\u00fcr eine verschickte SMS mit 160 Zeichen. Nachrichten mit mehr als 160 Zeichen werden nach der Anzahl der verschickten SMS berechnet, wobei je SMS bei einer \u00fcberlangen Nachricht 8 Zeichen weniger zur Verf\u00fcgung stehen. Eine SMS mit z.B. 310 Zeichen w\u00fcrde also mit dem dreifachen SMS Preis berechnet werden. Bei SMS mit Unicodezeichen, also Zeichen, die nicht im <a href=\"https:\/\/de.wikipedia.org\/wiki\/GSM_03.38\" target=\"_blank\" rel=\"noopener noreferrer\">Standard GSM Alphabet<\/a> enthalten sind (z.B. Kyrillisch, Arabisch etc.), sind nur 70 Zeichen je SMS m\u00f6glich. Der Preis gilt dann f\u00fcr jeweils 70 Zeichen. Kein Versand an Sonderrufnummern.<\/p>\n<\/div><\/div><div class=\"w-btn-wrapper align_center\"><a class=\"w-btn us-btn-style_1\" href=\"\/de\/preise\"><span class=\"w-btn-label\">Zur Preisliste<\/span><\/a><\/div><\/div><\/div><\/div><\/div><\/div><\/section><\/div><\/div><\/div><\/div><\/div><\/div><\/section>\n","protected":false},"excerpt":{"rendered":"Transparent und fair &#8211; SMS-Versand Preise Laden Sie bequem Ihr Guthaben auf und zahlen Sie nur die SMS, die Sie verschicken. Es entstehen keine weiteren Kosten f\u00fcr Sie. Alle Features wie die API, Email2SMS usw. sind kostenlos f\u00fcr jeden Account verf\u00fcgbar. Aktueller Preis0,075 \u20acje SMS*Weltweiter VersandEigener AbsenderKostenlose AntwortfunktionPortierte RufnummernStatusberichtFlash-SMSUnicode-Nachrichten100% Garantierte ZustellungGratis testen*Alle Preise verstehen sich...","protected":false},"author":1,"featured_media":86675,"parent":5430,"menu_order":0,"comment_status":"closed","ping_status":"closed","template":"","meta":{"content-type":"","footnotes":""},"class_list":["post-6105","page","type-page","status-publish","has-post-thumbnail","hentry"],"_links":{"self":[{"href":"https:\/\/www.seven.io\/de\/wp-json\/wp\/v2\/pages\/6105","targetHints":{"allow":["GET"]}}],"collection":[{"href":"https:\/\/www.seven.io\/de\/wp-json\/wp\/v2\/pages"}],"about":[{"href":"https:\/\/www.seven.io\/de\/wp-json\/wp\/v2\/types\/page"}],"author":[{"embeddable":true,"href":"https:\/\/www.seven.io\/de\/wp-json\/wp\/v2\/users\/1"}],"replies":[{"embeddable":true,"href":"https:\/\/www.seven.io\/de\/wp-json\/wp\/v2\/comments?post=6105"}],"version-history":[{"count":22,"href":"https:\/\/www.seven.io\/de\/wp-json\/wp\/v2\/pages\/6105\/revisions"}],"predecessor-version":[{"id":88349,"href":"https:\/\/www.seven.io\/de\/wp-json\/wp\/v2\/pages\/6105\/revisions\/88349"}],"up":[{"embeddable":true,"href":"https:\/\/www.seven.io\/de\/wp-json\/wp\/v2\/pages\/5430"}],"wp:featuredmedia":[{"embeddable":true,"href":"https:\/\/www.seven.io\/de\/wp-json\/wp\/v2\/media\/86675"}],"wp:attachment":[{"href":"https:\/\/www.seven.io\/de\/wp-json\/wp\/v2\/media?parent=6105"}],"curies":[{"name":"wp","href":"https:\/\/api.w.org\/{rel}","templated":true}]}}