{"id":6253,"date":"2016-11-29T21:23:41","date_gmt":"2016-11-29T20:23:41","guid":{"rendered":"https:\/\/www.sms77.io\/?page_id=6253"},"modified":"2023-07-14T08:38:09","modified_gmt":"2023-07-14T06:38:09","slug":"partner","status":"publish","type":"page","link":"https:\/\/www.seven.io\/de\/partner\/","title":{"rendered":"Partnerprogramm"},"content":{"rendered":"<section class=\"l-section wpb_row us_custom_b7b39172 hero_teaser has_text_color height_medium full_height valign_center with_img parallax_ver\"><div class=\"l-section-img\" role=\"img\" aria-label=\"Werden Sie Reseller und profitieren Sie von einem starken Partner\" data-img-width=\"1920\" data-img-height=\"1280\" style=\"background-image: url(https:\/\/www.seven.io\/wp-content\/uploads\/2016\/11\/sms-reseller.jpg);\"><\/div><div class=\"l-section-h i-cf\"><div class=\"g-cols vc_row via_flex valign_bottom type_default stacking_default\"><div class=\"vc_col-sm-12 wpb_column vc_column_container\"><div class=\"vc_column-inner\"><div class=\"wpb_wrapper\"><div class=\"wpb_text_column\"><div class=\"wpb_wrapper\"><h1>L\u00f6sungen f\u00fcr Partner<\/h1>\n<p>Sie sind Softwareanbieter, Werbeagentur oder bieten einen \u00e4hnlichen Service an? Integrieren Sie unsere SMS-L\u00f6sungen und bieten Sie den Nutzern Ihrer Software ein verbessertes Kommunikationserlebnis mit deren Kunden. Verdienen Sie an jedem geworbenen Nutzer.<\/p>\n<\/div><\/div><div class=\"w-separator size_medium\"><\/div><div class=\"w-btn-wrapper align_none\"><a class=\"w-btn us-btn-style_1\" href=\"#start\"><span class=\"w-btn-label\">Erfahren Sie mehr<\/span><\/a><\/div><div class=\"w-btn-wrapper align_none\"><a class=\"w-btn us-btn-style_1\" target=\"_blank\" rel=\"nofollow noopener\" href=\"https:\/\/ads.seven.io\/signup\"><span class=\"w-btn-label\">Jetzt Partner werden<\/span><\/a><\/div><\/div><\/div><\/div><\/div><\/div><\/section><section class=\"l-section wpb_row height_small color_alternate\" id=\"start\"><div class=\"l-section-h i-cf\"><div class=\"g-cols vc_row via_flex valign_top type_default stacking_default\"><div class=\"vc_col-sm-3 wpb_column vc_column_container\"><div class=\"vc_column-inner\"><div class=\"wpb_wrapper\"><div class=\"w-iconbox iconpos_top style_circle color_secondary align_center\"><div class=\"w-iconbox-icon\" style=\"font-size:2rem;\"><i class=\"far fa-handshake\"><\/i><\/div><div class=\"w-iconbox-meta\"><h4 class=\"w-iconbox-title\">Perfekt integriert<\/h4><div class=\"w-iconbox-text\"><p>Integrieren Sie unsere L\u00f6sungen nahtlos in Ihr System &#8211; ohne Hindernisse f\u00fcr Ihre Kunden<\/p>\n<\/div><\/div><\/div><\/div><\/div><\/div><div class=\"vc_col-sm-3 wpb_column vc_column_container\"><div class=\"vc_column-inner\"><div class=\"wpb_wrapper\"><div class=\"w-iconbox iconpos_top style_circle color_secondary align_center\"><div class=\"w-iconbox-icon\" style=\"font-size:2rem;\"><i class=\"fas fa-bolt\"><\/i><\/div><div class=\"w-iconbox-meta\"><h4 class=\"w-iconbox-title\">Zuverl\u00e4ssig &amp; schnell<\/h4><div class=\"w-iconbox-text\"><p>Wir bieten Ihnen zuverl\u00e4ssige und verl\u00e4ssliche L\u00f6sungen f\u00fcr Ihren SMS-Versand<\/p>\n<\/div><\/div><\/div><\/div><\/div><\/div><div class=\"vc_col-sm-3 wpb_column vc_column_container\"><div class=\"vc_column-inner\"><div class=\"wpb_wrapper\"><div class=\"w-iconbox iconpos_top style_circle color_secondary align_center\"><div class=\"w-iconbox-icon\" style=\"font-size:2rem;\"><i class=\"fas fa-euro-sign\"><\/i><\/div><div class=\"w-iconbox-meta\"><h4 class=\"w-iconbox-title\">Provision<\/h4><div class=\"w-iconbox-text\"><p>Verdienen Sie 6% Verg\u00fctung am Umsatz der vermittelten Kunden<\/p>\n<\/div><\/div><\/div><\/div><\/div><\/div><div class=\"vc_col-sm-3 wpb_column vc_column_container\"><div class=\"vc_column-inner\"><div class=\"wpb_wrapper\"><div class=\"w-iconbox iconpos_top style_circle color_secondary align_center\"><div class=\"w-iconbox-icon\" style=\"font-size:2rem;\"><i class=\"fas fa-sliders-h\"><\/i><\/div><div class=\"w-iconbox-meta\"><h4 class=\"w-iconbox-title\">Spezialtarife<\/h4><div class=\"w-iconbox-text\"><p>F\u00fcr Distributoren von Software bieten wir Rahmentarife mit besonderen Konditionen.<\/p>\n<\/div><\/div><\/div><\/div><\/div><\/div><\/div><\/div><\/section><section class=\"l-section wpb_row height_auto width_full\"><div class=\"l-section-h i-cf\"><div class=\"g-cols vc_row via_flex valign_middle type_boxes stacking_default\"><div class=\"vc_col-sm-6 wpb_column vc_column_container\"><div class=\"vc_column-inner us_custom_7c314053\"><div class=\"wpb_wrapper\"><div class=\"wpb_text_column\"><div class=\"wpb_wrapper\"><h3>Fallbeispiel: Fahrradladen-Software<\/h3>\n<p>Einer der f\u00fchrenden deutschen Softwareanbieter von Warenwirtschaftssystemen f\u00fcr Fahrradl\u00e4den und -werkst\u00e4tten setzt auf das SMS-Gateway von seven. Dies erm\u00f6glicht es den Fahrradl\u00e4den, auf einfachste Art und Weise ihre Kunden zu benachrichtigen, beispielsweise wenn das\u00a0Fahrrad fertiggestellt ist. Hierzu reicht ein einfacher Klick im Programm durch die Mitarbeiter im Laden.<\/p>\n<\/div><\/div><div class=\"w-separator size_medium with_line width_default thick_1 style_solid color_border align_center with_content\"><div class=\"w-separator-h\"><i class=\"fas fa-chevron-down\"><\/i><\/div><\/div><div class=\"w-iconbox iconpos_left style_default color_secondary align_left\"><div class=\"w-iconbox-icon\" style=\"font-size:2rem;\"><i class=\"fas fa-cubes\"><\/i><\/div><div class=\"w-iconbox-meta\"><h4 class=\"w-iconbox-title\">Mehrwert durch Kommunikation<\/h4><div class=\"w-iconbox-text\"><p>Der innovative SMS-Versand bindet die Endkunden und erleichtert den Workflow.<\/p>\n<\/div><\/div><\/div><div class=\"w-separator size_medium\"><\/div><div class=\"w-iconbox iconpos_left style_default color_secondary align_left\"><div class=\"w-iconbox-icon\" style=\"font-size:2rem;\"><i class=\"fas fa-star\"><\/i><\/div><div class=\"w-iconbox-meta\"><h4 class=\"w-iconbox-title\">Einfach f\u00fcr Ihre Kunden<\/h4><div class=\"w-iconbox-text\"><p>Bieten Sie Ihren Kunden eine einfache zu nutzende M\u00f6glichkeit, deren Endkunden SMS zu senden.<\/p>\n<\/div><\/div><\/div><\/div><\/div><\/div><div class=\"vc_col-sm-6 wpb_column vc_column_container has_bg_color\"><div class=\"vc_column-inner us_custom_9106c2ae\"><div class=\"wpb_wrapper\"><div class=\"w-separator size_custom\" style=\"height:200px\"><\/div><\/div><\/div><\/div><\/div><\/div><\/section><section class=\"l-section wpb_row height_small width_full color_alternate\"><div class=\"l-section-h i-cf\"><div class=\"g-cols vc_row via_flex valign_middle type_boxes stacking_default\"><div class=\"vc_col-sm-6 wpb_column vc_column_container\"><div class=\"vc_column-inner\"><div class=\"wpb_wrapper\"><div class=\"wpb_text_column\"><div class=\"wpb_wrapper\"><h3 style=\"text-align: center;\">Werden Sie Affiliate-Partner<\/h3>\n<p style=\"text-align: center;\">Sie nutzen seven.io gern und m\u00f6chten uns weiterempfehlen? <a href=\"https:\/\/ads.seven.io\" rel=\"noopener\">Registrieren Sie sich als Affiliate<\/a>!<\/p>\n<p style=\"text-align: center;\">Nach Freischaltung Ihrer Registrierung k\u00f6nnen Sie einen Affiliate-Link auf Ihrer Webseite, in Ihrem Blog, in Ihrer App und \u00fcberall sonst einbinden. Wenn sich neue Kunden \u00fcber diesen Link registrieren, werden Sie mit 6% am Umsatz dieser Nutzer beteiligt.<\/p>\n<\/div><\/div><div class=\"w-btn-wrapper align_center\"><a class=\"w-btn us-btn-style_1\" href=\"https:\/\/ads.seven.io\" rel=\"noopener\"><span class=\"w-btn-label\">Jetzt Affiliate werden<\/span><\/a><\/div><\/div><\/div><\/div><div class=\"vc_col-sm-6 wpb_column vc_column_container\"><div class=\"vc_column-inner\"><div class=\"wpb_wrapper\"><div class=\"wpb_text_column\"><div class=\"wpb_wrapper\"><h3 style=\"text-align: left;\">In drei Schritten zum Affiliate:<\/h3>\n<\/div><\/div><div class=\"smile_icon_list_wrap ult_info_list_container ult-adjust-bottom-margin  \"><ul class=\"smile_icon_list left circle with_bg\"><li class=\"icon_list_item\" style=\" font-size:60px;\"><div class=\"icon_list_icon\" data-animation=\"\" data-animation-delay=\"03\" style=\"font-size:20px;border-width:1px;border-style:none;background:#52c0fa;color:#f5f5f5;border-color:#333333;\"><i class=\"Defaults-check\" ><\/i><\/div><div class=\"icon_description\" id=\"Info-list-wrap-6435\" style=\"font-size:20px;\"><div class=\"icon_description_text ult-responsive\"  data-ultimate-target='#Info-list-wrap-6435 .icon_description_text'  data-responsive-json-new='{\"font-size\":\"desktop:13px;\",\"line-height\":\"desktop:18px;\"}'  style=\"\"><h4 style=\"text-align: left;\">Registrieren<\/h4>\n<\/div><\/div><div class=\"icon_list_connector\" data-animation=\"fadeInUp\" data-animation-delay=\"03\" style=\"border-right-width: 1px;border-right-style: dashed;border-color: #52c0fa;\"><\/div><\/li><li class=\"icon_list_item\" style=\" font-size:60px;\"><div class=\"icon_list_icon\" data-animation=\"\" data-animation-delay=\"03\" style=\"font-size:20px;border-width:1px;border-style:none;background:#52c0fa;color:#f5f5f5;border-color:#333333;\"><i class=\"Defaults-chain link\" ><\/i><\/div><div class=\"icon_description\" id=\"Info-list-wrap-6745\" style=\"font-size:20px;\"><div class=\"icon_description_text ult-responsive\"  data-ultimate-target='#Info-list-wrap-6745 .icon_description_text'  data-responsive-json-new='{\"font-size\":\"desktop:13px;\",\"line-height\":\"desktop:18px;\"}'  style=\"\"><h4>Link einbinden<\/h4>\n<\/div><\/div><div class=\"icon_list_connector\" data-animation=\"fadeInUp\" data-animation-delay=\"03\" style=\"border-right-width: 1px;border-right-style: dashed;border-color: #52c0fa;\"><\/div><\/li><li class=\"icon_list_item\" style=\" font-size:60px;\"><div class=\"icon_list_icon\" data-animation=\"\" data-animation-delay=\"03\" style=\"font-size:20px;border-width:1px;border-style:none;background:#52c0fa;color:#f5f5f5;border-color:#333333;\"><i class=\"Defaults-money\" ><\/i><\/div><div class=\"icon_description\" id=\"Info-list-wrap-4973\" style=\"font-size:20px;\"><div class=\"icon_description_text ult-responsive\"  data-ultimate-target='#Info-list-wrap-4973 .icon_description_text'  data-responsive-json-new='{\"font-size\":\"desktop:13px;\",\"line-height\":\"desktop:18px;\"}'  style=\"\"><h4>Provision verdienen<\/h4>\n<\/div><\/div><div class=\"icon_list_connector\" data-animation=\"fadeInUp\" data-animation-delay=\"03\" style=\"border-right-width: 1px;border-right-style: dashed;border-color: #52c0fa;\"><\/div><\/li><\/ul><\/div><\/div><\/div><\/div><\/div><\/div><\/section>\n","protected":false},"excerpt":{"rendered":"L\u00f6sungen f\u00fcr Partner Sie sind Softwareanbieter, Werbeagentur oder bieten einen \u00e4hnlichen Service an? Integrieren Sie unsere SMS-L\u00f6sungen und bieten Sie den Nutzern Ihrer Software ein verbessertes Kommunikationserlebnis mit deren Kunden. Verdienen Sie an jedem geworbenen Nutzer. Erfahren Sie mehrJetzt Partner werdenPerfekt integriertIntegrieren Sie unsere L\u00f6sungen nahtlos in Ihr System - ohne Hindernisse f\u00fcr Ihre Kunden...","protected":false},"author":1,"featured_media":0,"parent":0,"menu_order":0,"comment_status":"closed","ping_status":"closed","template":"","meta":{"content-type":"","footnotes":""},"class_list":["post-6253","page","type-page","status-publish","hentry"],"_links":{"self":[{"href":"https:\/\/www.seven.io\/de\/wp-json\/wp\/v2\/pages\/6253","targetHints":{"allow":["GET"]}}],"collection":[{"href":"https:\/\/www.seven.io\/de\/wp-json\/wp\/v2\/pages"}],"about":[{"href":"https:\/\/www.seven.io\/de\/wp-json\/wp\/v2\/types\/page"}],"author":[{"embeddable":true,"href":"https:\/\/www.seven.io\/de\/wp-json\/wp\/v2\/users\/1"}],"replies":[{"embeddable":true,"href":"https:\/\/www.seven.io\/de\/wp-json\/wp\/v2\/comments?post=6253"}],"version-history":[{"count":41,"href":"https:\/\/www.seven.io\/de\/wp-json\/wp\/v2\/pages\/6253\/revisions"}],"predecessor-version":[{"id":89731,"href":"https:\/\/www.seven.io\/de\/wp-json\/wp\/v2\/pages\/6253\/revisions\/89731"}],"wp:attachment":[{"href":"https:\/\/www.seven.io\/de\/wp-json\/wp\/v2\/media?parent=6253"}],"curies":[{"name":"wp","href":"https:\/\/api.w.org\/{rel}","templated":true}]}}