{"id":80838,"date":"2022-01-27T08:17:20","date_gmt":"2022-01-27T07:17:20","guid":{"rendered":"https:\/\/www.sms77.io\/?page_id=80838"},"modified":"2023-02-21T12:07:58","modified_gmt":"2023-02-21T11:07:58","slug":"backdrop","status":"publish","type":"page","link":"https:\/\/www.seven.io\/de\/loesungen\/integrationen\/backdrop\/","title":{"rendered":"Backdrop"},"content":{"rendered":"<section class=\"l-section wpb_row height_small\"><div class=\"l-section-h i-cf\"><div class=\"g-cols vc_row via_flex valign_middle type_default stacking_default\"><div class=\"vc_col-sm-6 wpb_column vc_column_container\"><div class=\"vc_column-inner\"><div class=\"wpb_wrapper\"><div class=\"wpb_text_column\"><div class=\"wpb_wrapper\"><p><strong>Backdrop CMS ist ein Content Management System, das aus einem Drupal Fork entstanden ist. Die Open Source Software eignet sich f\u00fcr die Erstellung und Pflege unterschiedlichster Webseiten. Die Funktionen k\u00f6nnen mithilfe von diversen Add-Ons und Modulen erweitert werden, sodass auch viele individuelle Anforderungen realisiert werden k\u00f6nnen. Mit dem <a href=\"https:\/\/github.com\/seven-io\/backdrop\" target=\"_blank\" rel=\"noopener\">SMS-Modul von seven<\/a> ist es beispielsweise m\u00f6glich, SMS mit Backdrop zu versenden.<\/strong><\/p>\n<p><strong>Eine aktive Community entwickelt Backdrop kontinuierlich weiter und wird dabei durch ein Projektmanagement-Team angeleitet. Der Fokus liegt dabei immer auf der Benutzerfreundlichkeit und Flexibilit\u00e4t des Content Management Systems.<\/strong><\/p>\n<\/div><\/div><div class=\"w-btn-wrapper align_none\"><a class=\"w-btn us-btn-style_1 no-border\" target=\"_blank\" rel=\"nofollow noopener\" href=\"https:\/\/github.com\/seven-io\/backdrop\"><span class=\"w-btn-label\">Unser SMS-Modul f\u00fcr Backdrop<\/span><\/a><\/div><\/div><\/div><\/div><div class=\"vc_col-sm-6 wpb_column vc_column_container\"><div class=\"vc_column-inner\"><div class=\"wpb_wrapper\"><div class=\"w-image align_center\"><div class=\"w-image-h\"><img decoding=\"async\" width=\"300\" height=\"300\" src=\"https:\/\/www.seven.io\/wp-content\/uploads\/integrationen_backdrop_CMS_logo-300x300.png\" class=\"attachment-us_300_0 size-us_300_0\" alt=\"Backdrop CMS Logo\" loading=\"lazy\" srcset=\"https:\/\/www.seven.io\/wp-content\/uploads\/integrationen_backdrop_CMS_logo-300x300.png 300w, https:\/\/www.seven.io\/wp-content\/uploads\/integrationen_backdrop_CMS_logo-150x150.png 150w, https:\/\/www.seven.io\/wp-content\/uploads\/integrationen_backdrop_CMS_logo-350x350.png 350w, https:\/\/www.seven.io\/wp-content\/uploads\/integrationen_backdrop_CMS_logo-250x250.png 250w, https:\/\/www.seven.io\/wp-content\/uploads\/integrationen_backdrop_CMS_logo-400x400.png 400w, https:\/\/www.seven.io\/wp-content\/uploads\/integrationen_backdrop_CMS_logo-200x200.png 200w, https:\/\/www.seven.io\/wp-content\/uploads\/integrationen_backdrop_CMS_logo.png 450w\" sizes=\"auto, (max-width: 300px) 100vw, 300px\" \/><\/div><\/div><\/div><\/div><\/div><\/div><\/div><\/section><section class=\"l-section wpb_row height_small color_alternate\"><div class=\"l-section-h i-cf\"><div class=\"g-cols vc_row via_flex valign_middle type_default stacking_default\"><div class=\"vc_col-sm-6 wpb_column vc_column_container\"><div class=\"vc_column-inner\"><div class=\"wpb_wrapper\"><div class=\"w-image align_center\"><div class=\"w-image-h\"><img decoding=\"async\" width=\"400\" height=\"501\" src=\"https:\/\/www.seven.io\/wp-content\/uploads\/integrationen_backdrop_mock_de-400x501.png\" class=\"attachment-us_400_0 size-us_400_0\" alt=\"Versenden Sie SMS mit Backdrop\" loading=\"lazy\" srcset=\"https:\/\/www.seven.io\/wp-content\/uploads\/integrationen_backdrop_mock_de-400x501.png 400w, https:\/\/www.seven.io\/wp-content\/uploads\/integrationen_backdrop_mock_de-240x300.png 240w, https:\/\/www.seven.io\/wp-content\/uploads\/integrationen_backdrop_mock_de-350x438.png 350w, https:\/\/www.seven.io\/wp-content\/uploads\/integrationen_backdrop_mock_de-250x313.png 250w, https:\/\/www.seven.io\/wp-content\/uploads\/integrationen_backdrop_mock_de-300x376.png 300w, https:\/\/www.seven.io\/wp-content\/uploads\/integrationen_backdrop_mock_de-319x400.png 319w, https:\/\/www.seven.io\/wp-content\/uploads\/integrationen_backdrop_mock_de-200x250.png 200w, https:\/\/www.seven.io\/wp-content\/uploads\/integrationen_backdrop_mock_de-500x626.png 500w, https:\/\/www.seven.io\/wp-content\/uploads\/integrationen_backdrop_mock_de.png 511w\" sizes=\"auto, (max-width: 400px) 100vw, 400px\" \/><\/div><\/div><\/div><\/div><\/div><div class=\"vc_col-sm-6 wpb_column vc_column_container\"><div class=\"vc_column-inner\"><div class=\"wpb_wrapper\"><div class=\"wpb_text_column\"><div class=\"wpb_wrapper\"><h3>SMS mit Backdrop versenden<\/h3>\n<p>Mit unserem Modul k\u00f6nnen Sie unkompliziert SMS mit Backdrop versenden. Hierzu ben\u00f6tigen Sie lediglich einen Account bei uns, damit Sie einen <a href=\"https:\/\/help.seven.io\/de\/api-key-zugriff\" rel=\"noopener\">API Key<\/a> in Backdrop nutzen k\u00f6nnen. Mit diesem konfigurieren Sie nach einem kurzen Setup den SMS-Versand direkt in Backdrop und schon sind Sie soweit: Sie k\u00f6nnen Ihre erste SMS versenden.<\/p>\n<p>Nutzen Sie den Versand von SMS in Backdrop beispielsweise, um Ihre Nutzer \u00fcber \u00c4nderungen zu informieren oder sie schlicht Willkommen zu hei\u00dfen. Dar\u00fcber hinaus k\u00f6nnen Sie auch Text-to-Speech Nachrichten versenden. Damit Ihre Nachrichten auch zuverl\u00e4ssig ankommen, erhalten Ihre Nutzer nach ihrer Registrierung eine SMS, durch die sie ihre Rufnummer best\u00e4tigen k\u00f6nnen. Probieren Sie es einfach aus!<\/p>\n<\/div><\/div><\/div><\/div><\/div><\/div><\/div><\/section><!-- Row Backgrounds --><div class=\"upb_color\" data-bg-override=\"0\" data-bg-color=\"#f4f4f4\" data-fadeout=\"\" data-fadeout-percentage=\"30\" data-parallax-content=\"\" data-parallax-content-sense=\"30\" data-row-effect-mobile-disable=\"true\" data-img-parallax-mobile-disable=\"true\" data-rtl=\"false\"  data-custom-vc-row=\"\"  data-vc=\"8.7.2\"  data-is_old_vc=\"\"  data-theme-support=\"disable\"   data-overlay=\"false\" data-overlay-color=\"\" data-overlay-pattern=\"\" data-overlay-pattern-opacity=\"\" data-overlay-pattern-size=\"\"    ><\/div><section class=\"l-section wpb_row height_small\"><div class=\"l-section-h i-cf\"><div class=\"g-cols vc_row via_flex valign_middle type_default stacking_default\"><div class=\"vc_col-sm-6 wpb_column vc_column_container\"><div class=\"vc_column-inner\"><div class=\"wpb_wrapper\"><div class=\"wpb_text_column\"><div class=\"wpb_wrapper\"><h3>SMS-Versand<\/h3>\n<\/div><\/div><div class=\"uavc-list-icon uavc-list-icon-wrapper ult-adjust-bottom-margin   \"><ul class=\"uavc-list\"><li><div class=\"uavc-list-content\" id=\"list-icon-wrap-4812\">\n<div class=\"uavc-list-icon  \" data-animation=\"\" data-animation-delay=\"03\" style=\"margin-right:25px;\"><div class=\"ult-just-icon-wrapper  \"><div class=\"align-icon\" style=\"text-align:center;\">\n<div class=\"aio-icon none \"  style=\"color:#52c0fa;font-size:40px;display:inline-block;\">\n\t<i class=\"Defaults-envelope-o\"><\/i>\n<\/div><\/div><\/div>\n<\/div><span  data-ultimate-target='#list-icon-wrap-4812 .uavc-list-desc'  data-responsive-json-new='{\"font-size\":\"\",\"line-height\":\"\"}'  class=\"uavc-list-desc ult-responsive\" style=\"\">Sie m\u00f6chten Ihre User schnell und effektiv erreichen? Versenden Sie eine SMS, ohne Backdrop verlassen zu m\u00fcssen.<\/span><\/div><\/li><\/ul><\/div><div class=\"wpb_text_column\"><div class=\"wpb_wrapper\"><h3>Text-to-Speech Nachrichten<\/h3>\n<\/div><\/div><div class=\"uavc-list-icon uavc-list-icon-wrapper ult-adjust-bottom-margin   \"><ul class=\"uavc-list\"><li><div class=\"uavc-list-content\" id=\"list-icon-wrap-8396\">\n<div class=\"uavc-list-icon  \" data-animation=\"\" data-animation-delay=\"03\" style=\"margin-right:25px;\"><div class=\"ult-just-icon-wrapper  \"><div class=\"align-icon\" style=\"text-align:center;\">\n<div class=\"aio-icon none \"  style=\"color:#52c0fa;font-size:40px;display:inline-block;\">\n\t<i class=\"Defaults-phone\"><\/i>\n<\/div><\/div><\/div>\n<\/div><span  data-ultimate-target='#list-icon-wrap-8396 .uavc-list-desc'  data-responsive-json-new='{\"font-size\":\"\",\"line-height\":\"\"}'  class=\"uavc-list-desc ult-responsive\" style=\"\">Versenden Sie eine SMS, dessen Text als Anruf zugestellt wird. Text-to-Speech oder Voice-Nachrichten erregen besonders viel Aufmerksamkeit.<\/span><\/div><\/li><\/ul><\/div><div class=\"wpb_text_column\"><div class=\"wpb_wrapper\"><h3>Best\u00e4tigung der Rufnummer<\/h3>\n<\/div><\/div><div class=\"uavc-list-icon uavc-list-icon-wrapper ult-adjust-bottom-margin   \"><ul class=\"uavc-list\"><li><div class=\"uavc-list-content\" id=\"list-icon-wrap-5876\">\n<div class=\"uavc-list-icon  \" data-animation=\"\" data-animation-delay=\"03\" style=\"margin-right:25px;\"><div class=\"ult-just-icon-wrapper  \"><div class=\"align-icon\" style=\"text-align:center;\">\n<div class=\"aio-icon none \"  style=\"color:#52c0fa;font-size:40px;display:inline-block;\">\n\t<i class=\"Defaults-check\"><\/i>\n<\/div><\/div><\/div>\n<\/div><span  data-ultimate-target='#list-icon-wrap-5876 .uavc-list-desc'  data-responsive-json-new='{\"font-size\":\"\",\"line-height\":\"\"}'  class=\"uavc-list-desc ult-responsive\" style=\"\">Wenn sich Ihre Nutzer registrieren und dabei ihre Telefonnummer angeben, erhalten sie anschlie\u00dfend eine SMS zur Best\u00e4tigung ihrer Nummer.<\/span><\/div><\/li><\/ul><\/div><\/div><\/div><\/div><div class=\"vc_col-sm-6 wpb_column vc_column_container\"><div class=\"vc_column-inner\"><div class=\"wpb_wrapper\"><div class=\"w-image no-border align_center\"><a ref=\"magnificPopup\" href=\"https:\/\/www.seven.io\/wp-content\/uploads\/integrationen_backdrop_screen_setup.png\" aria-label=\"integrationen_backdrop_screen_setup\" class=\"w-image-h\"><img decoding=\"async\" width=\"768\" height=\"512\" src=\"https:\/\/www.seven.io\/wp-content\/uploads\/integrationen_backdrop_screen_setup-768x512.png\" class=\"attachment-us_768_0 size-us_768_0\" alt=\"Die Konfiguration, die Sie zum Versand von SMS mit Backdrop ben\u00f6tigen\" loading=\"lazy\" srcset=\"https:\/\/www.seven.io\/wp-content\/uploads\/integrationen_backdrop_screen_setup-768x512.png 768w, https:\/\/www.seven.io\/wp-content\/uploads\/integrationen_backdrop_screen_setup-300x200.png 300w, https:\/\/www.seven.io\/wp-content\/uploads\/integrationen_backdrop_screen_setup-350x233.png 350w, https:\/\/www.seven.io\/wp-content\/uploads\/integrationen_backdrop_screen_setup-250x167.png 250w, https:\/\/www.seven.io\/wp-content\/uploads\/integrationen_backdrop_screen_setup-600x400.png 600w, https:\/\/www.seven.io\/wp-content\/uploads\/integrationen_backdrop_screen_setup-400x267.png 400w, https:\/\/www.seven.io\/wp-content\/uploads\/integrationen_backdrop_screen_setup-200x133.png 200w, https:\/\/www.seven.io\/wp-content\/uploads\/integrationen_backdrop_screen_setup-500x333.png 500w, https:\/\/www.seven.io\/wp-content\/uploads\/integrationen_backdrop_screen_setup.png 1024w\" sizes=\"auto, (max-width: 768px) 100vw, 768px\" \/><\/a><\/div><div class=\"w-separator size_custom\" style=\"height:10px\"><\/div><div class=\"wpb_text_column\"><div class=\"wpb_wrapper\"><p style=\"text-align: center;\"><em>Nehmen Sie eine einfache Konfiguration vor, um SMS mit Backdrop zu versenden, zum Vergr\u00f6\u00dfern anklicken.<\/em><\/p>\n<\/div><\/div><\/div><\/div><\/div><\/div><\/div><\/section><section class=\"l-section wpb_row height_small\"><div class=\"l-section-h i-cf\"><div class=\"g-cols vc_row via_flex valign_top type_default stacking_default\"><div class=\"vc_col-sm-12 wpb_column vc_column_container\"><div class=\"vc_column-inner\"><div class=\"wpb_wrapper\"><div class=\"w-actionbox us_custom_e47d7875 color_light controls_right\"><div class=\"w-actionbox-text\"><div class=\"w-actionbox-description\"><p>Sie brauchen Hilfe bei der Installation oder der Einrichtung der Funktionen?<br \/>\nAuf unserer GitHub-Seite finden Sie weitere Informationen.<\/p>\n<\/div><\/div><div class=\"w-actionbox-controls\"><a class=\"w-btn us-btn-style_5\" target=\"_blank\" rel=\"nofollow noopener\" href=\"https:\/\/github.com\/seven-io\/backdrop\"><span class=\"w-btn-label\">Zu GitHub<\/span><\/a><\/div><\/div><\/div><\/div><\/div><\/div><\/div><\/section><!-- Row Backgrounds --><div class=\"upb_color\" data-bg-override=\"0\" data-bg-color=\"#ffffff\" data-fadeout=\"\" data-fadeout-percentage=\"30\" data-parallax-content=\"\" data-parallax-content-sense=\"30\" data-row-effect-mobile-disable=\"true\" data-img-parallax-mobile-disable=\"true\" data-rtl=\"false\"  data-custom-vc-row=\"\"  data-vc=\"8.7.2\"  data-is_old_vc=\"\"  data-theme-support=\"disable\"   data-overlay=\"false\" data-overlay-color=\"\" data-overlay-pattern=\"\" data-overlay-pattern-opacity=\"\" data-overlay-pattern-size=\"\"    ><\/div>\n","protected":false},"excerpt":{"rendered":"Backdrop CMS ist ein Content Management System, das aus einem Drupal Fork entstanden ist. Die Open Source Software eignet sich f\u00fcr die Erstellung und Pflege unterschiedlichster Webseiten. Die Funktionen k\u00f6nnen mithilfe von diversen Add-Ons und Modulen erweitert werden, sodass auch viele individuelle Anforderungen realisiert werden k\u00f6nnen. Mit dem SMS-Modul von seven ist es beispielsweise m\u00f6glich,...","protected":false},"author":1,"featured_media":80836,"parent":17075,"menu_order":0,"comment_status":"closed","ping_status":"closed","template":"","meta":{"content-type":"","footnotes":""},"class_list":["post-80838","page","type-page","status-publish","has-post-thumbnail","hentry"],"_links":{"self":[{"href":"https:\/\/www.seven.io\/de\/wp-json\/wp\/v2\/pages\/80838","targetHints":{"allow":["GET"]}}],"collection":[{"href":"https:\/\/www.seven.io\/de\/wp-json\/wp\/v2\/pages"}],"about":[{"href":"https:\/\/www.seven.io\/de\/wp-json\/wp\/v2\/types\/page"}],"author":[{"embeddable":true,"href":"https:\/\/www.seven.io\/de\/wp-json\/wp\/v2\/users\/1"}],"replies":[{"embeddable":true,"href":"https:\/\/www.seven.io\/de\/wp-json\/wp\/v2\/comments?post=80838"}],"version-history":[{"count":28,"href":"https:\/\/www.seven.io\/de\/wp-json\/wp\/v2\/pages\/80838\/revisions"}],"predecessor-version":[{"id":88569,"href":"https:\/\/www.seven.io\/de\/wp-json\/wp\/v2\/pages\/80838\/revisions\/88569"}],"up":[{"embeddable":true,"href":"https:\/\/www.seven.io\/de\/wp-json\/wp\/v2\/pages\/17075"}],"wp:featuredmedia":[{"embeddable":true,"href":"https:\/\/www.seven.io\/de\/wp-json\/wp\/v2\/media\/80836"}],"wp:attachment":[{"href":"https:\/\/www.seven.io\/de\/wp-json\/wp\/v2\/media?parent=80838"}],"curies":[{"name":"wp","href":"https:\/\/api.w.org\/{rel}","templated":true}]}}