{"id":80966,"date":"2022-01-31T08:38:51","date_gmt":"2022-01-31T07:38:51","guid":{"rendered":"https:\/\/www.sms77.io\/?page_id=80966"},"modified":"2023-02-21T15:59:39","modified_gmt":"2023-02-21T14:59:39","slug":"krayin-crm","status":"publish","type":"page","link":"https:\/\/www.seven.io\/de\/loesungen\/integrationen\/krayin-crm\/","title":{"rendered":"Krayin CRM"},"content":{"rendered":"<section class=\"l-section wpb_row height_small\"><div class=\"l-section-h i-cf\"><div class=\"g-cols vc_row via_flex valign_middle type_default stacking_default\"><div class=\"vc_col-sm-6 wpb_column vc_column_container\"><div class=\"vc_column-inner\"><div class=\"wpb_wrapper\"><div class=\"wpb_text_column\"><div class=\"wpb_wrapper\"><p><strong>Krayin ist eine Customer Relationship Management Software auf der Basis von Laravel. Der Fokus der Software liegt auf einem umfassenden Management des Lebenszyklus von Kunden in Unternehmen jeder Art und Gr\u00f6\u00dfe. Daher ist die Software individuell anpassbar und erweiterbar. Mit <a href=\"https:\/\/github.com\/seven-io\/krayin\" target=\"_blank\" rel=\"noopener\">unserem Plugin<\/a> ist es beispielsweise m\u00f6glich, SMS mit Krayin zu versenden.<\/strong><\/p>\n<p><strong>Die Open-Source-Software ist flexibel einsetzbar und m\u00f6chte intuitiv bedienbar bleiben, damit Personen mit jedem Erfahrungshintergrund m\u00fchelos mit dem CRM arbeiten k\u00f6nnen.<span class=\"Apple-converted-space\">\u00a0Die SMS-Funktion erweitert Ihre Kommunikation um einen effektiven Faktor, der enormes Potential mit sich bringt.<\/span><\/strong><\/p>\n<\/div><\/div><div class=\"w-btn-wrapper align_none\"><a class=\"w-btn us-btn-style_1 no-border\" target=\"_blank\" rel=\"nofollow noopener\" href=\"https:\/\/github.com\/seven-io\/krayin\"><span class=\"w-btn-label\">Unser SMS Plugin f\u00fcr Krayin<\/span><\/a><\/div><\/div><\/div><\/div><div class=\"vc_col-sm-6 wpb_column vc_column_container\"><div class=\"vc_column-inner\"><div class=\"wpb_wrapper\"><div class=\"w-image align_center\"><div class=\"w-image-h\"><img decoding=\"async\" width=\"400\" height=\"400\" src=\"https:\/\/www.seven.io\/wp-content\/uploads\/integrationen_krayin-logo-400x400.png\" class=\"attachment-us_400_0 size-us_400_0\" alt=\"Krayin Logo\" loading=\"lazy\" srcset=\"https:\/\/www.seven.io\/wp-content\/uploads\/integrationen_krayin-logo-400x400.png 400w, https:\/\/www.seven.io\/wp-content\/uploads\/integrationen_krayin-logo-300x300.png 300w, https:\/\/www.seven.io\/wp-content\/uploads\/integrationen_krayin-logo-150x150.png 150w, https:\/\/www.seven.io\/wp-content\/uploads\/integrationen_krayin-logo-350x350.png 350w, https:\/\/www.seven.io\/wp-content\/uploads\/integrationen_krayin-logo-250x250.png 250w, https:\/\/www.seven.io\/wp-content\/uploads\/integrationen_krayin-logo-200x200.png 200w, https:\/\/www.seven.io\/wp-content\/uploads\/integrationen_krayin-logo.png 450w\" sizes=\"auto, (max-width: 400px) 100vw, 400px\" \/><\/div><\/div><\/div><\/div><\/div><\/div><\/div><\/section><section class=\"l-section wpb_row height_small color_alternate\"><div class=\"l-section-h i-cf\"><div class=\"g-cols vc_row via_flex valign_middle type_default stacking_default\"><div class=\"vc_col-sm-6 wpb_column vc_column_container\"><div class=\"vc_column-inner\"><div class=\"wpb_wrapper\"><div class=\"w-image align_center\"><div class=\"w-image-h\"><img decoding=\"async\" width=\"400\" height=\"501\" src=\"https:\/\/www.seven.io\/wp-content\/uploads\/integrationen_krayin_mock_de-400x501.png\" class=\"attachment-us_400_0 size-us_400_0\" alt=\"SMS mit Krayin versenden mit dem sms77-Plugin\" loading=\"lazy\" srcset=\"https:\/\/www.seven.io\/wp-content\/uploads\/integrationen_krayin_mock_de-400x501.png 400w, https:\/\/www.seven.io\/wp-content\/uploads\/integrationen_krayin_mock_de-240x300.png 240w, https:\/\/www.seven.io\/wp-content\/uploads\/integrationen_krayin_mock_de-350x438.png 350w, https:\/\/www.seven.io\/wp-content\/uploads\/integrationen_krayin_mock_de-250x313.png 250w, https:\/\/www.seven.io\/wp-content\/uploads\/integrationen_krayin_mock_de-300x376.png 300w, https:\/\/www.seven.io\/wp-content\/uploads\/integrationen_krayin_mock_de-319x400.png 319w, https:\/\/www.seven.io\/wp-content\/uploads\/integrationen_krayin_mock_de-200x250.png 200w, https:\/\/www.seven.io\/wp-content\/uploads\/integrationen_krayin_mock_de-500x626.png 500w, https:\/\/www.seven.io\/wp-content\/uploads\/integrationen_krayin_mock_de.png 511w\" sizes=\"auto, (max-width: 400px) 100vw, 400px\" \/><\/div><\/div><\/div><\/div><\/div><div class=\"vc_col-sm-6 wpb_column vc_column_container\"><div class=\"vc_column-inner\"><div class=\"wpb_wrapper\"><div class=\"wpb_text_column\"><div class=\"wpb_wrapper\"><h3>SMS mit Krayin CRM versenden<\/h3>\n<p>Mit unserem Plugin versenden Sie problemlos SMS mit Krayin, ohne die Benutzeroberfl\u00e4che verlassen zu m\u00fcssen. Je nach Bedarf k\u00f6nnen Sie SMS an Einzelpersonen oder an alle Personen einer Organisation schicken. Dies schafft die n\u00f6tige Flexibilit\u00e4t in Ihrer Kommunikation.<span class=\"Apple-converted-space\">\u00a0<\/span><\/p>\n<p>Auf eine pers\u00f6nliche Ansprache m\u00fcssen Sie deshalb aber nicht verzichten: Nutzen Sie Platzhalter, um alle Empf\u00e4nger individuell anzusprechen. Sie m\u00f6chten sofort loslegen? <a href=\"https:\/\/help.seven.io\/de\/api-key-zugriff\" rel=\"noopener\">Erstellen Sie einen API Key<\/a>, installieren Sie unser Plugin und richten Sie den Versand mithilfe des API Keys ein. Haben Sie alle Einstellungen gespeichert, k\u00f6nnen Sie Ihre erste SMS mit Krayin verschicken.<\/p>\n<\/div><\/div><\/div><\/div><\/div><\/div><\/div><\/section><!-- Row Backgrounds --><div class=\"upb_color\" data-bg-override=\"0\" data-bg-color=\"#f4f4f4\" data-fadeout=\"\" data-fadeout-percentage=\"30\" data-parallax-content=\"\" data-parallax-content-sense=\"30\" data-row-effect-mobile-disable=\"true\" data-img-parallax-mobile-disable=\"true\" data-rtl=\"false\"  data-custom-vc-row=\"\"  data-vc=\"8.7.2\"  data-is_old_vc=\"\"  data-theme-support=\"disable\"   data-overlay=\"false\" data-overlay-color=\"\" data-overlay-pattern=\"\" data-overlay-pattern-opacity=\"\" data-overlay-pattern-size=\"\"    ><\/div><section class=\"l-section wpb_row height_small\"><div class=\"l-section-h i-cf\"><div class=\"g-cols vc_row via_flex valign_middle type_default stacking_default\"><div class=\"vc_col-sm-6 wpb_column vc_column_container\"><div class=\"vc_column-inner\"><div class=\"wpb_wrapper\"><div class=\"wpb_text_column\"><div class=\"wpb_wrapper\"><h3>SMS-Versand<\/h3>\n<\/div><\/div><div class=\"uavc-list-icon uavc-list-icon-wrapper ult-adjust-bottom-margin   \"><ul class=\"uavc-list\"><li><div class=\"uavc-list-content\" id=\"list-icon-wrap-3538\">\n<div class=\"uavc-list-icon  \" data-animation=\"\" data-animation-delay=\"03\" style=\"margin-right:25px;\"><div class=\"ult-just-icon-wrapper  \"><div class=\"align-icon\" style=\"text-align:center;\">\n<div class=\"aio-icon none \"  style=\"color:#52c0fa;font-size:40px;display:inline-block;\">\n\t<i class=\"Defaults-envelope-o\"><\/i>\n<\/div><\/div><\/div>\n<\/div><span  data-ultimate-target='#list-icon-wrap-3538 .uavc-list-desc'  data-responsive-json-new='{\"font-size\":\"\",\"line-height\":\"\"}'  class=\"uavc-list-desc ult-responsive\" style=\"\">Versenden Sie SMS an einzelne Personen oder an alle Kontakte einer Organisation \u2013 je nachdem, was Sie zu sagen haben.<\/span><\/div><\/li><\/ul><\/div><div class=\"wpb_text_column\"><div class=\"wpb_wrapper\"><h3>Platzhalter<\/h3>\n<\/div><\/div><div class=\"uavc-list-icon uavc-list-icon-wrapper ult-adjust-bottom-margin   \"><ul class=\"uavc-list\"><li><div class=\"uavc-list-content\" id=\"list-icon-wrap-8669\">\n<div class=\"uavc-list-icon  \" data-animation=\"\" data-animation-delay=\"03\" style=\"margin-right:25px;\"><div class=\"ult-just-icon-wrapper  \"><div class=\"align-icon\" style=\"text-align:center;\">\n<div class=\"aio-icon none \"  style=\"color:#52c0fa;font-size:40px;display:inline-block;\">\n\t<i class=\"Defaults-user\"><\/i>\n<\/div><\/div><\/div>\n<\/div><span  data-ultimate-target='#list-icon-wrap-8669 .uavc-list-desc'  data-responsive-json-new='{\"font-size\":\"\",\"line-height\":\"\"}'  class=\"uavc-list-desc ult-responsive\" style=\"\">Verwenden Sie <a href=\"https:\/\/help.seven.io\/de\/personalisierte-sms\" rel=\"noopener\">Platzhalter<\/a>, um beispielsweise die pers\u00f6nliche Ansprache aller Empf\u00e4nger sicherzustellen.<\/span><\/div><\/li><\/ul><\/div><\/div><\/div><\/div><div class=\"vc_col-sm-6 wpb_column vc_column_container\"><div class=\"vc_column-inner\"><div class=\"wpb_wrapper\"><div class=\"w-image align_center\"><div class=\"w-image-h\"><img decoding=\"async\" width=\"768\" height=\"512\" src=\"https:\/\/www.seven.io\/wp-content\/uploads\/integrationen_krayin_mood-768x512.png\" class=\"attachment-us_768_0 size-us_768_0\" alt=\"Wenn Sie SMS mit Krayin versenden, k\u00f6nnen Sie Ihre Kunden effektiver betreuen\" loading=\"lazy\" srcset=\"https:\/\/www.seven.io\/wp-content\/uploads\/integrationen_krayin_mood-768x512.png 768w, https:\/\/www.seven.io\/wp-content\/uploads\/integrationen_krayin_mood-300x200.png 300w, https:\/\/www.seven.io\/wp-content\/uploads\/integrationen_krayin_mood-350x233.png 350w, https:\/\/www.seven.io\/wp-content\/uploads\/integrationen_krayin_mood-250x167.png 250w, https:\/\/www.seven.io\/wp-content\/uploads\/integrationen_krayin_mood-600x400.png 600w, https:\/\/www.seven.io\/wp-content\/uploads\/integrationen_krayin_mood-400x267.png 400w, https:\/\/www.seven.io\/wp-content\/uploads\/integrationen_krayin_mood-200x133.png 200w, https:\/\/www.seven.io\/wp-content\/uploads\/integrationen_krayin_mood-500x333.png 500w, https:\/\/www.seven.io\/wp-content\/uploads\/integrationen_krayin_mood.png 1024w\" sizes=\"auto, (max-width: 768px) 100vw, 768px\" \/><\/div><\/div><div class=\"w-separator size_custom\" style=\"height:10px\"><\/div><div class=\"wpb_text_column\"><div class=\"wpb_wrapper\"><p style=\"text-align: center;\">Bild von StartupStockPhotos via Pixabay<\/p>\n<\/div><\/div><\/div><\/div><\/div><\/div><\/div><\/section><section class=\"l-section wpb_row height_small\"><div class=\"l-section-h i-cf\"><div class=\"g-cols vc_row via_flex valign_top type_default stacking_default\"><div class=\"vc_col-sm-12 wpb_column vc_column_container\"><div class=\"vc_column-inner\"><div class=\"wpb_wrapper\"><div class=\"w-actionbox us_custom_e47d7875 color_light controls_right\"><div class=\"w-actionbox-text\"><div class=\"w-actionbox-description\"><p>Sie brauchen Hilfe bei der Installation oder der Einrichtung der Funktionen?<br \/>\nAuf unserer GitHub-Seite finden Sie weitere Informationen.<\/p>\n<\/div><\/div><div class=\"w-actionbox-controls\"><a class=\"w-btn us-btn-style_5\" target=\"_blank\" rel=\"nofollow noopener\" href=\"https:\/\/github.com\/seven-io\/krayin\"><span class=\"w-btn-label\">Zu GitHub<\/span><\/a><\/div><\/div><\/div><\/div><\/div><\/div><\/div><\/section><!-- Row Backgrounds --><div class=\"upb_color\" data-bg-override=\"0\" data-bg-color=\"#ffffff\" data-fadeout=\"\" data-fadeout-percentage=\"30\" data-parallax-content=\"\" data-parallax-content-sense=\"30\" data-row-effect-mobile-disable=\"true\" data-img-parallax-mobile-disable=\"true\" data-rtl=\"false\"  data-custom-vc-row=\"\"  data-vc=\"8.7.2\"  data-is_old_vc=\"\"  data-theme-support=\"disable\"   data-overlay=\"false\" data-overlay-color=\"\" data-overlay-pattern=\"\" data-overlay-pattern-opacity=\"\" data-overlay-pattern-size=\"\"    ><\/div>\n","protected":false},"excerpt":{"rendered":"Krayin ist eine Customer Relationship Management Software auf der Basis von Laravel. Der Fokus der Software liegt auf einem umfassenden Management des Lebenszyklus von Kunden in Unternehmen jeder Art und Gr\u00f6\u00dfe. Daher ist die Software individuell anpassbar und erweiterbar. Mit unserem Plugin ist es beispielsweise m\u00f6glich, SMS mit Krayin zu versenden. Die Open-Source-Software ist flexibel...","protected":false},"author":1,"featured_media":81011,"parent":17075,"menu_order":0,"comment_status":"closed","ping_status":"closed","template":"","meta":{"content-type":"","footnotes":""},"class_list":["post-80966","page","type-page","status-publish","has-post-thumbnail","hentry"],"_links":{"self":[{"href":"https:\/\/www.seven.io\/de\/wp-json\/wp\/v2\/pages\/80966","targetHints":{"allow":["GET"]}}],"collection":[{"href":"https:\/\/www.seven.io\/de\/wp-json\/wp\/v2\/pages"}],"about":[{"href":"https:\/\/www.seven.io\/de\/wp-json\/wp\/v2\/types\/page"}],"author":[{"embeddable":true,"href":"https:\/\/www.seven.io\/de\/wp-json\/wp\/v2\/users\/1"}],"replies":[{"embeddable":true,"href":"https:\/\/www.seven.io\/de\/wp-json\/wp\/v2\/comments?post=80966"}],"version-history":[{"count":20,"href":"https:\/\/www.seven.io\/de\/wp-json\/wp\/v2\/pages\/80966\/revisions"}],"predecessor-version":[{"id":88701,"href":"https:\/\/www.seven.io\/de\/wp-json\/wp\/v2\/pages\/80966\/revisions\/88701"}],"up":[{"embeddable":true,"href":"https:\/\/www.seven.io\/de\/wp-json\/wp\/v2\/pages\/17075"}],"wp:featuredmedia":[{"embeddable":true,"href":"https:\/\/www.seven.io\/de\/wp-json\/wp\/v2\/media\/81011"}],"wp:attachment":[{"href":"https:\/\/www.seven.io\/de\/wp-json\/wp\/v2\/media?parent=80966"}],"curies":[{"name":"wp","href":"https:\/\/api.w.org\/{rel}","templated":true}]}}