{"id":80977,"date":"2022-01-31T09:52:24","date_gmt":"2022-01-31T08:52:24","guid":{"rendered":"https:\/\/www.sms77.io\/?page_id=80977"},"modified":"2023-02-21T13:04:52","modified_gmt":"2023-02-21T12:04:52","slug":"cs-cart","status":"publish","type":"page","link":"https:\/\/www.seven.io\/de\/loesungen\/integrationen\/cs-cart\/","title":{"rendered":"CS Cart"},"content":{"rendered":"<section class=\"l-section wpb_row height_small\"><div class=\"l-section-h i-cf\"><div class=\"g-cols vc_row via_flex valign_middle type_default stacking_default\"><div class=\"vc_col-sm-6 wpb_column vc_column_container\"><div class=\"vc_column-inner\"><div class=\"wpb_wrapper\"><div class=\"wpb_text_column\"><div class=\"wpb_wrapper\"><p><strong>CS Cart ist eine eCommerce Marketplace Software, die unter <a href=\"https:\/\/www.cs-cart.com\/compare.html\" target=\"_blank\" rel=\"noopener\">verschiedenen Lizenzen<\/a> verf\u00fcgbar ist.\u00a0Viele Features sind bereits in der Grundversion der Software enthalten. F\u00fcr Funktionen, die noch nicht integriert sind, k\u00f6nnen verschiedene Add-Ons genutzt werden. Mit unserem Add-On k\u00f6nnen Sie beispielsweise SMS mit CS Cart versenden und Ihre Kommunikation so effektiver gestalten.<span class=\"Apple-converted-space\">\u00a0<\/span><\/strong><\/p>\n<p><strong>Auch das Erscheinungsbild Ihres Online-Marktplatzes ist ohne Codingkenntnisse anpassbar. Dar\u00fcber hinaus bietet CS Cart viele weitere Optionen f\u00fcr Admins und Verk\u00e4ufer, die Ihnen helfen, Ihren Marktplatz so attraktiv wie m\u00f6glich zu gestalten.<\/strong><\/p>\n<\/div><\/div><div class=\"w-btn-wrapper align_none\"><a class=\"w-btn us-btn-style_1 no-border\" target=\"_blank\" rel=\"nofollow noopener\" href=\"https:\/\/github.com\/seven-io\/CS-Cart\"><span class=\"w-btn-label\">Unser SMS Add-On f\u00fcr CS Cart<\/span><\/a><\/div><\/div><\/div><\/div><div class=\"vc_col-sm-6 wpb_column vc_column_container\"><div class=\"vc_column-inner\"><div class=\"wpb_wrapper\"><div class=\"w-video align_none ratio_16x9 has_iframe\"><div class=\"w-video-h\"><iframe title=\"Youtube video player\" src=\"\/\/www.youtube.com\/embed\/I24v0T0-CZ0?autoplay=0&controls=1&origin=https:\/\/www.seven.io\/de\/&loop=0&mute=0\" allowfullscreen=\"1\" loading=\"lazy\"><\/iframe><\/div><\/div><\/div><\/div><\/div><\/div><\/div><\/section><section class=\"l-section wpb_row height_small color_alternate\"><div class=\"l-section-h i-cf\"><div class=\"g-cols vc_row via_flex valign_middle type_default stacking_default\"><div class=\"vc_col-sm-6 wpb_column vc_column_container\"><div class=\"vc_column-inner\"><div class=\"wpb_wrapper\"><div class=\"w-image align_center\"><div class=\"w-image-h\"><img decoding=\"async\" width=\"400\" height=\"501\" src=\"https:\/\/www.seven.io\/wp-content\/uploads\/integrationen_caCart_mokc_de-400x501.png\" class=\"attachment-us_400_0 size-us_400_0\" alt=\"Versenden Sie SMS mit CS Cart, um Ihre Kundinnen auf dem neusten Stand zu halten.\" loading=\"lazy\" srcset=\"https:\/\/www.seven.io\/wp-content\/uploads\/integrationen_caCart_mokc_de-400x501.png 400w, https:\/\/www.seven.io\/wp-content\/uploads\/integrationen_caCart_mokc_de-240x300.png 240w, https:\/\/www.seven.io\/wp-content\/uploads\/integrationen_caCart_mokc_de-350x438.png 350w, https:\/\/www.seven.io\/wp-content\/uploads\/integrationen_caCart_mokc_de-250x313.png 250w, https:\/\/www.seven.io\/wp-content\/uploads\/integrationen_caCart_mokc_de-300x376.png 300w, https:\/\/www.seven.io\/wp-content\/uploads\/integrationen_caCart_mokc_de-319x400.png 319w, https:\/\/www.seven.io\/wp-content\/uploads\/integrationen_caCart_mokc_de-200x250.png 200w, https:\/\/www.seven.io\/wp-content\/uploads\/integrationen_caCart_mokc_de-500x626.png 500w, https:\/\/www.seven.io\/wp-content\/uploads\/integrationen_caCart_mokc_de.png 511w\" sizes=\"auto, (max-width: 400px) 100vw, 400px\" \/><\/div><\/div><\/div><\/div><\/div><div class=\"vc_col-sm-6 wpb_column vc_column_container\"><div class=\"vc_column-inner\"><div class=\"wpb_wrapper\"><div class=\"wpb_text_column\"><div class=\"wpb_wrapper\"><h3>Jetzt SMS mit CS Cart versenden<\/h3>\n<p>Wenn Sie SMS mit CS Cart verschicken m\u00f6chten, legen wir Ihnen das <a href=\"https:\/\/github.com\/seven-io\/CS-Cart\" target=\"_blank\" rel=\"noopener\">seven-Add-On<\/a> ans Herz. Nach einer kurzen Installation und Ihrem individuellen Setup k\u00f6nnen Sie umfangreiche SMS-Strategien umsetzen, ohne CS Cart daf\u00fcr verlassen zu m\u00fcssen.<\/p>\n<p>Sie k\u00f6nnen pr\u00e4zise festlegen welche SMS Ihr Kontakt zu welchem Zeitpunkt in der Buyer\u2019s Journey erhalten soll. So informieren Sie effektiv und zuverl\u00e4ssig \u00fcber den Status der jeweiligen Bestellung. Platzhalter sorgen daf\u00fcr, dass Ihre SMS an die jeweiligen Empf\u00e4nger angepasst wird. Auch der Versand von Massen-SMS mit CS Cart gelingt Ihnen m\u00fchelos. Probieren Sie es einfach aus \u2013 mit unserem SMS-Add-On.<span class=\"Apple-converted-space\">\u00a0<\/span><\/p>\n<\/div><\/div><\/div><\/div><\/div><\/div><\/div><\/section><!-- Row Backgrounds --><div class=\"upb_color\" data-bg-override=\"0\" data-bg-color=\"#f4f4f4\" data-fadeout=\"\" data-fadeout-percentage=\"30\" data-parallax-content=\"\" data-parallax-content-sense=\"30\" data-row-effect-mobile-disable=\"true\" data-img-parallax-mobile-disable=\"true\" data-rtl=\"false\"  data-custom-vc-row=\"\"  data-vc=\"8.7.2\"  data-is_old_vc=\"\"  data-theme-support=\"disable\"   data-overlay=\"false\" data-overlay-color=\"\" data-overlay-pattern=\"\" data-overlay-pattern-opacity=\"\" data-overlay-pattern-size=\"\"    ><\/div><section class=\"l-section wpb_row height_small\"><div class=\"l-section-h i-cf\"><div class=\"g-cols vc_row via_flex valign_middle type_default stacking_default\"><div class=\"vc_col-sm-6 wpb_column vc_column_container\"><div class=\"vc_column-inner\"><div class=\"wpb_wrapper\"><div class=\"wpb_text_column\"><div class=\"wpb_wrapper\"><h3>Umfangreicher SMS-Versand<\/h3>\n<\/div><\/div><div class=\"uavc-list-icon uavc-list-icon-wrapper ult-adjust-bottom-margin   \"><ul class=\"uavc-list\"><li><div class=\"uavc-list-content\" id=\"list-icon-wrap-7185\">\n<div class=\"uavc-list-icon  \" data-animation=\"\" data-animation-delay=\"03\" style=\"margin-right:25px;\"><div class=\"ult-just-icon-wrapper  \"><div class=\"align-icon\" style=\"text-align:center;\">\n<div class=\"aio-icon none \"  style=\"color:#52c0fa;font-size:40px;display:inline-block;\">\n\t<i class=\"Defaults-envelope-o\"><\/i>\n<\/div><\/div><\/div>\n<\/div><span  data-ultimate-target='#list-icon-wrap-7185 .uavc-list-desc'  data-responsive-json-new='{\"font-size\":\"\",\"line-height\":\"\"}'  class=\"uavc-list-desc ult-responsive\" style=\"\">Versenden Sie ereignisbasierte SMS und <a href=\"\/loesungen\/einsatzbereiche\/sms-massenversand\/\">Massen-SMS<\/a> an Ihre Kunden \u2013 durchschnittlich werden ca. 90% aller Nachrichten in den ersten f\u00fcnf Minuten nach Erhalt gelesen.<\/span><\/div><\/li><\/ul><\/div><div class=\"wpb_text_column\"><div class=\"wpb_wrapper\"><h3>Platzhalter<\/h3>\n<\/div><\/div><div class=\"uavc-list-icon uavc-list-icon-wrapper ult-adjust-bottom-margin   \"><ul class=\"uavc-list\"><li><div class=\"uavc-list-content\" id=\"list-icon-wrap-9375\">\n<div class=\"uavc-list-icon  \" data-animation=\"\" data-animation-delay=\"03\" style=\"margin-right:25px;\"><div class=\"ult-just-icon-wrapper  \"><div class=\"align-icon\" style=\"text-align:center;\">\n<div class=\"aio-icon none \"  style=\"color:#52c0fa;font-size:40px;display:inline-block;\">\n\t<i class=\"Defaults-user\"><\/i>\n<\/div><\/div><\/div>\n<\/div><span  data-ultimate-target='#list-icon-wrap-9375 .uavc-list-desc'  data-responsive-json-new='{\"font-size\":\"\",\"line-height\":\"\"}'  class=\"uavc-list-desc ult-responsive\" style=\"\">Nutzen Sie <a href=\"https:\/\/help.seven.io\/de\/personalisierte-sms\" rel=\"noopener\">Platzhalter<\/a> f\u00fcr Datum, Vor- und Nachname, Order-ID und den\u00a0Gesamtbetrag der Bestellung. So individualisieren Sie Ihre Templates ohne gro\u00dfen Mehraufwand.<\/span><\/div><\/li><\/ul><\/div><div class=\"wpb_text_column\"><div class=\"wpb_wrapper\"><h3>Performance Tracking<\/h3>\n<\/div><\/div><div class=\"uavc-list-icon uavc-list-icon-wrapper ult-adjust-bottom-margin   \"><ul class=\"uavc-list\"><li><div class=\"uavc-list-content\" id=\"list-icon-wrap-8030\">\n<div class=\"uavc-list-icon  \" data-animation=\"\" data-animation-delay=\"03\" style=\"margin-right:25px;\"><div class=\"ult-just-icon-wrapper  \"><div class=\"align-icon\" style=\"text-align:center;\">\n<div class=\"aio-icon none \"  style=\"color:#52c0fa;font-size:40px;display:inline-block;\">\n\t<i class=\"Defaults-signal\"><\/i>\n<\/div><\/div><\/div>\n<\/div><span  data-ultimate-target='#list-icon-wrap-8030 .uavc-list-desc'  data-responsive-json-new='{\"font-size\":\"\",\"line-height\":\"\"}'  class=\"uavc-list-desc ult-responsive\" style=\"\">Mit unserem <a href=\"https:\/\/help.seven.io\/de\/performance-tracking\" rel=\"noopener\">Performance Tracking<\/a> haben Sie im Blick, ob Ihre SMS bereits gelesen und ein Link in Ihrer SMS bereits geklickt wurde.<\/span><\/div><\/li><\/ul><\/div><\/div><\/div><\/div><div class=\"vc_col-sm-6 wpb_column vc_column_container\"><div class=\"vc_column-inner\"><div class=\"wpb_wrapper\"><div class=\"w-image no-border align_center\"><a ref=\"magnificPopup\" href=\"https:\/\/www.seven.io\/wp-content\/uploads\/integrationen_csCart_screen_bulksms.png\" aria-label=\"integrationen_csCart_screen_bulksms\" class=\"w-image-h\"><img decoding=\"async\" width=\"768\" height=\"512\" src=\"https:\/\/www.seven.io\/wp-content\/uploads\/integrationen_csCart_screen_bulksms-768x512.png\" class=\"attachment-us_768_0 size-us_768_0\" alt=\"Sie k\u00f6nnen auch Massen-SMS mit CS Cart versenden\" loading=\"lazy\" srcset=\"https:\/\/www.seven.io\/wp-content\/uploads\/integrationen_csCart_screen_bulksms-768x512.png 768w, https:\/\/www.seven.io\/wp-content\/uploads\/integrationen_csCart_screen_bulksms-300x200.png 300w, https:\/\/www.seven.io\/wp-content\/uploads\/integrationen_csCart_screen_bulksms-350x233.png 350w, https:\/\/www.seven.io\/wp-content\/uploads\/integrationen_csCart_screen_bulksms-250x167.png 250w, https:\/\/www.seven.io\/wp-content\/uploads\/integrationen_csCart_screen_bulksms-600x400.png 600w, https:\/\/www.seven.io\/wp-content\/uploads\/integrationen_csCart_screen_bulksms-400x266.png 400w, https:\/\/www.seven.io\/wp-content\/uploads\/integrationen_csCart_screen_bulksms-200x133.png 200w, https:\/\/www.seven.io\/wp-content\/uploads\/integrationen_csCart_screen_bulksms-500x333.png 500w, https:\/\/www.seven.io\/wp-content\/uploads\/integrationen_csCart_screen_bulksms.png 1024w\" sizes=\"auto, (max-width: 768px) 100vw, 768px\" \/><\/a><\/div><div class=\"w-separator size_custom\" style=\"height:10px\"><\/div><div class=\"wpb_text_column\"><div class=\"wpb_wrapper\"><p style=\"text-align: center;\"><em>Versand von Massen-SMS mit CS Cart, zum Vergr\u00f6\u00dfern anklicken.<\/em><\/p>\n<\/div><\/div><\/div><\/div><\/div><\/div><\/div><\/section><section class=\"l-section wpb_row height_small\"><div class=\"l-section-h i-cf\"><div class=\"g-cols vc_row via_flex valign_top type_default stacking_default\"><div class=\"vc_col-sm-12 wpb_column vc_column_container\"><div class=\"vc_column-inner\"><div class=\"wpb_wrapper\"><div class=\"w-actionbox us_custom_e47d7875 color_light controls_right\"><div class=\"w-actionbox-text\"><div class=\"w-actionbox-description\"><p>Sie brauchen Hilfe bei der Installation oder der Einrichtung der Funktionen?<br \/>\nAuf unserer GitHub-Seite finden Sie weitere Informationen.<\/p>\n<\/div><\/div><div class=\"w-actionbox-controls\"><a class=\"w-btn us-btn-style_5\" target=\"_blank\" rel=\"nofollow noopener\" href=\"https:\/\/github.com\/seven-io\/CS-Cart\"><span class=\"w-btn-label\">Zu GitHub<\/span><\/a><\/div><\/div><\/div><\/div><\/div><\/div><\/div><\/section><!-- Row Backgrounds --><div class=\"upb_color\" data-bg-override=\"0\" data-bg-color=\"#ffffff\" data-fadeout=\"\" data-fadeout-percentage=\"30\" data-parallax-content=\"\" data-parallax-content-sense=\"30\" data-row-effect-mobile-disable=\"true\" data-img-parallax-mobile-disable=\"true\" data-rtl=\"false\"  data-custom-vc-row=\"\"  data-vc=\"8.7.2\"  data-is_old_vc=\"\"  data-theme-support=\"disable\"   data-overlay=\"false\" data-overlay-color=\"\" data-overlay-pattern=\"\" data-overlay-pattern-opacity=\"\" data-overlay-pattern-size=\"\"    ><\/div>\n","protected":false},"excerpt":{"rendered":"CS Cart ist eine eCommerce Marketplace Software, die unter verschiedenen Lizenzen verf\u00fcgbar ist.\u00a0Viele Features sind bereits in der Grundversion der Software enthalten. F\u00fcr Funktionen, die noch nicht integriert sind, k\u00f6nnen verschiedene Add-Ons genutzt werden. Mit unserem Add-On k\u00f6nnen Sie beispielsweise SMS mit CS Cart versenden und Ihre Kommunikation so effektiver gestalten.\u00a0 Auch das Erscheinungsbild Ihres...","protected":false},"author":1,"featured_media":80997,"parent":17075,"menu_order":0,"comment_status":"closed","ping_status":"closed","template":"","meta":{"content-type":"","footnotes":""},"class_list":["post-80977","page","type-page","status-publish","has-post-thumbnail","hentry"],"_links":{"self":[{"href":"https:\/\/www.seven.io\/de\/wp-json\/wp\/v2\/pages\/80977","targetHints":{"allow":["GET"]}}],"collection":[{"href":"https:\/\/www.seven.io\/de\/wp-json\/wp\/v2\/pages"}],"about":[{"href":"https:\/\/www.seven.io\/de\/wp-json\/wp\/v2\/types\/page"}],"author":[{"embeddable":true,"href":"https:\/\/www.seven.io\/de\/wp-json\/wp\/v2\/users\/1"}],"replies":[{"embeddable":true,"href":"https:\/\/www.seven.io\/de\/wp-json\/wp\/v2\/comments?post=80977"}],"version-history":[{"count":19,"href":"https:\/\/www.seven.io\/de\/wp-json\/wp\/v2\/pages\/80977\/revisions"}],"predecessor-version":[{"id":88611,"href":"https:\/\/www.seven.io\/de\/wp-json\/wp\/v2\/pages\/80977\/revisions\/88611"}],"up":[{"embeddable":true,"href":"https:\/\/www.seven.io\/de\/wp-json\/wp\/v2\/pages\/17075"}],"wp:featuredmedia":[{"embeddable":true,"href":"https:\/\/www.seven.io\/de\/wp-json\/wp\/v2\/media\/80997"}],"wp:attachment":[{"href":"https:\/\/www.seven.io\/de\/wp-json\/wp\/v2\/media?parent=80977"}],"curies":[{"name":"wp","href":"https:\/\/api.w.org\/{rel}","templated":true}]}}