{"id":81047,"date":"2022-02-02T06:58:19","date_gmt":"2022-02-02T05:58:19","guid":{"rendered":"https:\/\/www.sms77.io\/?page_id=81047"},"modified":"2023-02-21T13:50:37","modified_gmt":"2023-02-21T12:50:37","slug":"freescout","status":"publish","type":"page","link":"https:\/\/www.seven.io\/de\/loesungen\/integrationen\/freescout\/","title":{"rendered":"FreeScout"},"content":{"rendered":"<section class=\"l-section wpb_row height_small\"><div class=\"l-section-h i-cf\"><div class=\"g-cols vc_row via_flex valign_middle type_default stacking_default\"><div class=\"vc_col-sm-6 wpb_column vc_column_container\"><div class=\"vc_column-inner\"><div class=\"wpb_wrapper\"><div class=\"wpb_text_column\"><div class=\"wpb_wrapper\"><p><strong>FreeScout ist ein Open-Source-Helpdesk und bietet zus\u00e4tzlich einen geteilten Posteingang zur Bearbeitung von Kundenanfragen. Im Gegensatz zu vielen anderen kostenpflichtigen Support-Systemen FreeScout ist im Freemium-Modell verf\u00fcgbar, das hei\u00dft: Die Basisversion ist frei erh\u00e4ltlich und es k\u00f6nnen kostenpflichtige Module zugekauft werden, die den Funktionsumfang erweitern. Es existieren auch kostenfreie Community-Module, wie beispielsweise unser SMS-Modul.<\/strong><\/p>\n<p><strong>Wenn Sie unser <a href=\"https:\/\/github.com\/seven-io\/FreeScout\" target=\"_blank\" rel=\"noopener\">kostenfreies SMS-Modul<\/a> integrieren, k\u00f6nnen Sie unkompliziert SMS aus FreeScout verschicken.<span class=\"Apple-converted-space\">\u00a0<\/span><\/strong><\/p>\n<\/div><\/div><div class=\"w-btn-wrapper align_none\"><a class=\"w-btn us-btn-style_1 no-border\" target=\"_blank\" rel=\"nofollow noopener\" href=\"https:\/\/github.com\/seven-io\/FreeScout\"><span class=\"w-btn-label\">Unser SMS Modul f\u00fcr FreeScout<\/span><\/a><\/div><\/div><\/div><\/div><div class=\"vc_col-sm-6 wpb_column vc_column_container\"><div class=\"vc_column-inner\"><div class=\"wpb_wrapper\"><div class=\"w-image align_center\"><div class=\"w-image-h\"><img decoding=\"async\" width=\"300\" height=\"300\" src=\"https:\/\/www.seven.io\/wp-content\/uploads\/integrationen_freescout_logo-300x300.png\" class=\"attachment-us_300_0 size-us_300_0\" alt=\"FreeScout Logo\" loading=\"lazy\" srcset=\"https:\/\/www.seven.io\/wp-content\/uploads\/integrationen_freescout_logo-300x300.png 300w, https:\/\/www.seven.io\/wp-content\/uploads\/integrationen_freescout_logo-150x150.png 150w, https:\/\/www.seven.io\/wp-content\/uploads\/integrationen_freescout_logo-350x350.png 350w, https:\/\/www.seven.io\/wp-content\/uploads\/integrationen_freescout_logo-250x250.png 250w, https:\/\/www.seven.io\/wp-content\/uploads\/integrationen_freescout_logo-400x400.png 400w, https:\/\/www.seven.io\/wp-content\/uploads\/integrationen_freescout_logo-200x200.png 200w, https:\/\/www.seven.io\/wp-content\/uploads\/integrationen_freescout_logo.png 450w\" sizes=\"auto, (max-width: 300px) 100vw, 300px\" \/><\/div><\/div><\/div><\/div><\/div><\/div><\/div><\/section><section class=\"l-section wpb_row height_small color_alternate\"><div class=\"l-section-h i-cf\"><div class=\"g-cols vc_row via_flex valign_middle type_default stacking_default\"><div class=\"vc_col-sm-6 wpb_column vc_column_container\"><div class=\"vc_column-inner\"><div class=\"wpb_wrapper\"><div class=\"w-image align_center\"><div class=\"w-image-h\"><img decoding=\"async\" width=\"400\" height=\"501\" src=\"https:\/\/www.seven.io\/wp-content\/uploads\/integrationen_freescout_mock_de-400x501.png\" class=\"attachment-us_400_0 size-us_400_0\" alt=\"Versenden Sie SMS aus FreeScout, um Ihr Team effektiv zu erreichen\" loading=\"lazy\" srcset=\"https:\/\/www.seven.io\/wp-content\/uploads\/integrationen_freescout_mock_de-400x501.png 400w, https:\/\/www.seven.io\/wp-content\/uploads\/integrationen_freescout_mock_de-240x300.png 240w, https:\/\/www.seven.io\/wp-content\/uploads\/integrationen_freescout_mock_de-350x438.png 350w, https:\/\/www.seven.io\/wp-content\/uploads\/integrationen_freescout_mock_de-250x313.png 250w, https:\/\/www.seven.io\/wp-content\/uploads\/integrationen_freescout_mock_de-300x376.png 300w, https:\/\/www.seven.io\/wp-content\/uploads\/integrationen_freescout_mock_de-319x400.png 319w, https:\/\/www.seven.io\/wp-content\/uploads\/integrationen_freescout_mock_de-200x250.png 200w, https:\/\/www.seven.io\/wp-content\/uploads\/integrationen_freescout_mock_de.png 511w\" sizes=\"auto, (max-width: 400px) 100vw, 400px\" \/><\/div><\/div><\/div><\/div><\/div><div class=\"vc_col-sm-6 wpb_column vc_column_container\"><div class=\"vc_column-inner\"><div class=\"wpb_wrapper\"><div class=\"wpb_text_column\"><div class=\"wpb_wrapper\"><h3>Versenden Sie SMS aus FreeScout<\/h3>\n<p>Mit unserem Plugin k\u00f6nnen Sie SMS aus FreeScout versenden und so Ihr Support-Team unkompliziert und auch kurzfristig erreichen. SMS werden als besonders pers\u00f6nliche Nachrichten wahrgenommen und werden meist unmittelbar nach ihrem Empfang gelesen. Deshalb eignen sie sich sowohl f\u00fcr Team-interne Nachrichten, als auch f\u00fcr dringende Meldungen.<span class=\"Apple-converted-space\">\u00a0<\/span><\/p>\n<p>F\u00fcr die Einrichtung Ihres SMS-Versands in FreeScout ben\u00f6tigen Sie nur Ihren <a href=\"https:\/\/help.seven.io\/de\/api-key-zugriff\" rel=\"noopener\">API Key<\/a>. W\u00e4hrend des Setups k\u00f6nnen Sie sich auch f\u00fcr eine <a href=\"https:\/\/help.seven.io\/de\/absenderkennung-setzen\" rel=\"noopener\">Sender-ID<\/a> entscheiden, die Ihren Empf\u00e4ngern angezeigt wird, wenn sie Ihre SMS empfangen. <a href=\"https:\/\/app.seven.io\/signup\" rel=\"noopener\">Registrieren Sie sich kostenlos<\/a> und probieren Sie es aus.<\/p>\n<\/div><\/div><\/div><\/div><\/div><\/div><\/div><\/section><!-- Row Backgrounds --><div class=\"upb_color\" data-bg-override=\"0\" data-bg-color=\"#f4f4f4\" data-fadeout=\"\" data-fadeout-percentage=\"30\" data-parallax-content=\"\" data-parallax-content-sense=\"30\" data-row-effect-mobile-disable=\"true\" data-img-parallax-mobile-disable=\"true\" data-rtl=\"false\"  data-custom-vc-row=\"\"  data-vc=\"8.7.2\"  data-is_old_vc=\"\"  data-theme-support=\"disable\"   data-overlay=\"false\" data-overlay-color=\"\" data-overlay-pattern=\"\" data-overlay-pattern-opacity=\"\" data-overlay-pattern-size=\"\"    ><\/div><section class=\"l-section wpb_row height_small\"><div class=\"l-section-h i-cf\"><div class=\"g-cols vc_row via_flex valign_middle type_default stacking_default\"><div class=\"vc_col-sm-6 wpb_column vc_column_container\"><div class=\"vc_column-inner\"><div class=\"wpb_wrapper\"><div class=\"wpb_text_column\"><div class=\"wpb_wrapper\"><h3>SMS-Versand<\/h3>\n<\/div><\/div><div class=\"uavc-list-icon uavc-list-icon-wrapper ult-adjust-bottom-margin   \"><ul class=\"uavc-list\"><li><div class=\"uavc-list-content\" id=\"list-icon-wrap-4055\">\n<div class=\"uavc-list-icon  \" data-animation=\"\" data-animation-delay=\"03\" style=\"margin-right:25px;\"><div class=\"ult-just-icon-wrapper  \"><div class=\"align-icon\" style=\"text-align:center;\">\n<div class=\"aio-icon none \"  style=\"color:#52c0fa;font-size:40px;display:inline-block;\">\n\t<i class=\"Defaults-envelope-o\"><\/i>\n<\/div><\/div><\/div>\n<\/div><span  data-ultimate-target='#list-icon-wrap-4055 .uavc-list-desc'  data-responsive-json-new='{\"font-size\":\"\",\"line-height\":\"\"}'  class=\"uavc-list-desc ult-responsive\" style=\"\">Der Versand von SMS aus FreeScout ist leicht zu integrieren und besonders effektiv.<\/span><\/div><\/li><\/ul><\/div><div class=\"wpb_text_column\"><div class=\"wpb_wrapper\"><h3>Platzhalter<\/h3>\n<\/div><\/div><div class=\"uavc-list-icon uavc-list-icon-wrapper ult-adjust-bottom-margin   \"><ul class=\"uavc-list\"><li><div class=\"uavc-list-content\" id=\"list-icon-wrap-8644\">\n<div class=\"uavc-list-icon  \" data-animation=\"\" data-animation-delay=\"03\" style=\"margin-right:25px;\"><div class=\"ult-just-icon-wrapper  \"><div class=\"align-icon\" style=\"text-align:center;\">\n<div class=\"aio-icon none \"  style=\"color:#52c0fa;font-size:40px;display:inline-block;\">\n\t<i class=\"Defaults-user\"><\/i>\n<\/div><\/div><\/div>\n<\/div><span  data-ultimate-target='#list-icon-wrap-8644 .uavc-list-desc'  data-responsive-json-new='{\"font-size\":\"\",\"line-height\":\"\"}'  class=\"uavc-list-desc ult-responsive\" style=\"\">Nutzen Sie Platzhalter in Ihren SMS, um diese ganz einfach zu individualisieren und zu personalisieren.<\/span><\/div><\/li><\/ul><\/div><div class=\"wpb_text_column\"><div class=\"wpb_wrapper\"><h3>Filter<\/h3>\n<\/div><\/div><div class=\"uavc-list-icon uavc-list-icon-wrapper ult-adjust-bottom-margin   \"><ul class=\"uavc-list\"><li><div class=\"uavc-list-content\" id=\"list-icon-wrap-3870\">\n<div class=\"uavc-list-icon  \" data-animation=\"\" data-animation-delay=\"03\" style=\"margin-right:25px;\"><div class=\"ult-just-icon-wrapper  \"><div class=\"align-icon\" style=\"text-align:center;\">\n<div class=\"aio-icon none \"  style=\"color:#52c0fa;font-size:40px;display:inline-block;\">\n\t<i class=\"Defaults-search\"><\/i>\n<\/div><\/div><\/div>\n<\/div><span  data-ultimate-target='#list-icon-wrap-3870 .uavc-list-desc'  data-responsive-json-new='{\"font-size\":\"\",\"line-height\":\"\"}'  class=\"uavc-list-desc ult-responsive\" style=\"\">Filtern Sie Ihre User nach Standort und Sprache f\u00fcr eine noch einfachere Trennung Ihrer Empf\u00e4nger.<\/span><\/div><\/li><\/ul><\/div><\/div><\/div><\/div><div class=\"vc_col-sm-6 wpb_column vc_column_container\"><div class=\"vc_column-inner\"><div class=\"wpb_wrapper\"><div class=\"w-image no-border align_center\"><a ref=\"magnificPopup\" href=\"https:\/\/www.seven.io\/wp-content\/uploads\/integrationen_freescout_sms_bulk.png\" aria-label=\"integrationen_freescout_sms_bulk\" class=\"w-image-h\"><img decoding=\"async\" width=\"768\" height=\"615\" src=\"https:\/\/www.seven.io\/wp-content\/uploads\/integrationen_freescout_sms_bulk-768x615.png\" class=\"attachment-us_768_0 size-us_768_0\" alt=\"Versenden Sie Massen-SMS aus FreeScout\" loading=\"lazy\" srcset=\"https:\/\/www.seven.io\/wp-content\/uploads\/integrationen_freescout_sms_bulk-768x615.png 768w, https:\/\/www.seven.io\/wp-content\/uploads\/integrationen_freescout_sms_bulk-300x240.png 300w, https:\/\/www.seven.io\/wp-content\/uploads\/integrationen_freescout_sms_bulk-350x280.png 350w, https:\/\/www.seven.io\/wp-content\/uploads\/integrationen_freescout_sms_bulk-250x200.png 250w, https:\/\/www.seven.io\/wp-content\/uploads\/integrationen_freescout_sms_bulk-600x480.png 600w, https:\/\/www.seven.io\/wp-content\/uploads\/integrationen_freescout_sms_bulk-400x320.png 400w, https:\/\/www.seven.io\/wp-content\/uploads\/integrationen_freescout_sms_bulk-500x400.png 500w, https:\/\/www.seven.io\/wp-content\/uploads\/integrationen_freescout_sms_bulk-200x160.png 200w, https:\/\/www.seven.io\/wp-content\/uploads\/integrationen_freescout_sms_bulk.png 1024w\" sizes=\"auto, (max-width: 768px) 100vw, 768px\" \/><\/a><\/div><div class=\"w-separator size_custom\" style=\"height:10px\"><\/div><div class=\"wpb_text_column\"><div class=\"wpb_wrapper\"><p style=\"text-align: center;\"><em>Screenshot der Bedienoberfl\u00e4che beim Versand einer Massen-SMS aus FreeScout, zum Vergr\u00f6\u00dfern anklicken.<\/em><\/p>\n<\/div><\/div><\/div><\/div><\/div><\/div><\/div><\/section><section class=\"l-section wpb_row height_small\"><div class=\"l-section-h i-cf\"><div class=\"g-cols vc_row via_flex valign_top type_default stacking_default\"><div class=\"vc_col-sm-12 wpb_column vc_column_container\"><div class=\"vc_column-inner\"><div class=\"wpb_wrapper\"><div class=\"w-actionbox us_custom_e47d7875 color_light controls_right\"><div class=\"w-actionbox-text\"><div class=\"w-actionbox-description\"><p>Sie brauchen Hilfe bei der Installation oder der Einrichtung der Funktionen?<br \/>\nAuf unserer GitHub-Seite finden Sie weitere Informationen.<\/p>\n<\/div><\/div><div class=\"w-actionbox-controls\"><a class=\"w-btn us-btn-style_5\" target=\"_blank\" rel=\"nofollow noopener\" href=\"https:\/\/github.com\/seven-io\/FreeScout\"><span class=\"w-btn-label\">Zu GitHub<\/span><\/a><\/div><\/div><\/div><\/div><\/div><\/div><\/div><\/section><!-- Row Backgrounds --><div class=\"upb_color\" data-bg-override=\"0\" data-bg-color=\"#ffffff\" data-fadeout=\"\" data-fadeout-percentage=\"30\" data-parallax-content=\"\" data-parallax-content-sense=\"30\" data-row-effect-mobile-disable=\"true\" data-img-parallax-mobile-disable=\"true\" data-rtl=\"false\"  data-custom-vc-row=\"\"  data-vc=\"8.7.2\"  data-is_old_vc=\"\"  data-theme-support=\"disable\"   data-overlay=\"false\" data-overlay-color=\"\" data-overlay-pattern=\"\" data-overlay-pattern-opacity=\"\" data-overlay-pattern-size=\"\"    ><\/div>\n","protected":false},"excerpt":{"rendered":"FreeScout ist ein Open-Source-Helpdesk und bietet zus\u00e4tzlich einen geteilten Posteingang zur Bearbeitung von Kundenanfragen. Im Gegensatz zu vielen anderen kostenpflichtigen Support-Systemen FreeScout ist im Freemium-Modell verf\u00fcgbar, das hei\u00dft: Die Basisversion ist frei erh\u00e4ltlich und es k\u00f6nnen kostenpflichtige Module zugekauft werden, die den Funktionsumfang erweitern. Es existieren auch kostenfreie Community-Module, wie beispielsweise unser SMS-Modul. Wenn Sie...","protected":false},"author":1,"featured_media":81050,"parent":17075,"menu_order":0,"comment_status":"closed","ping_status":"closed","template":"","meta":{"content-type":"","footnotes":""},"class_list":["post-81047","page","type-page","status-publish","has-post-thumbnail","hentry"],"_links":{"self":[{"href":"https:\/\/www.seven.io\/de\/wp-json\/wp\/v2\/pages\/81047","targetHints":{"allow":["GET"]}}],"collection":[{"href":"https:\/\/www.seven.io\/de\/wp-json\/wp\/v2\/pages"}],"about":[{"href":"https:\/\/www.seven.io\/de\/wp-json\/wp\/v2\/types\/page"}],"author":[{"embeddable":true,"href":"https:\/\/www.seven.io\/de\/wp-json\/wp\/v2\/users\/1"}],"replies":[{"embeddable":true,"href":"https:\/\/www.seven.io\/de\/wp-json\/wp\/v2\/comments?post=81047"}],"version-history":[{"count":20,"href":"https:\/\/www.seven.io\/de\/wp-json\/wp\/v2\/pages\/81047\/revisions"}],"predecessor-version":[{"id":88632,"href":"https:\/\/www.seven.io\/de\/wp-json\/wp\/v2\/pages\/81047\/revisions\/88632"}],"up":[{"embeddable":true,"href":"https:\/\/www.seven.io\/de\/wp-json\/wp\/v2\/pages\/17075"}],"wp:featuredmedia":[{"embeddable":true,"href":"https:\/\/www.seven.io\/de\/wp-json\/wp\/v2\/media\/81050"}],"wp:attachment":[{"href":"https:\/\/www.seven.io\/de\/wp-json\/wp\/v2\/media?parent=81047"}],"curies":[{"name":"wp","href":"https:\/\/api.w.org\/{rel}","templated":true}]}}