{"id":81078,"date":"2022-02-02T07:03:33","date_gmt":"2022-02-02T06:03:33","guid":{"rendered":"https:\/\/www.sms77.io\/?page_id=81078"},"modified":"2023-02-22T12:05:30","modified_gmt":"2023-02-22T11:05:30","slug":"thunderbird","status":"publish","type":"page","link":"https:\/\/www.seven.io\/de\/loesungen\/integrationen\/thunderbird\/","title":{"rendered":"Thunderbird"},"content":{"rendered":"<section class=\"l-section wpb_row height_small\"><div class=\"l-section-h i-cf\"><div class=\"g-cols vc_row via_flex valign_middle type_default stacking_default\"><div class=\"vc_col-sm-6 wpb_column vc_column_container\"><div class=\"vc_column-inner\"><div class=\"wpb_wrapper\"><div class=\"wpb_text_column\"><div class=\"wpb_wrapper\"><p><strong>Thunderbird ist eine kostenlose und freie Email-Anwendung, die von der Mozilla Foundation entwickelt wurde, um Nutzern eine Alternative zu g\u00e4ngigen Mail-Anwendungen zu bieten. Daher liegt der Fokus auf Privatsph\u00e4re und Anpassbarkeit des Programms. Thunderbird geh\u00f6rt zu den popul\u00e4rsten Email-Programmen weltweit.<\/strong><\/p>\n<p><strong>Mithilfe verschiedener Add-Ons k\u00f6nnen Sie nach Belieben das Erscheinungsbild ver\u00e4ndern und Funktionen hinzuf\u00fcgen. Durch unser SMS Add-On ist es zum Beispiel m\u00f6glich, SMS aus Thunderbird zu versenden. Thunderbird wird fortlaufend weiterentwickelt und verf\u00fcgt \u00fcber eine\u00a0<a href=\"https:\/\/www.thunderbird.net\/en-US\/get-involved\/\" target=\"_blank\" rel=\"noopener\">aktive Community<\/a>.<\/strong><\/p>\n<\/div><\/div><div class=\"w-btn-wrapper align_none\"><a class=\"w-btn us-btn-style_1 no-border\" target=\"_blank\" rel=\"nofollow noopener\" href=\"https:\/\/github.com\/seven-io\/thunderbird\"><span class=\"w-btn-label\">Unser SMS Add-On f\u00fcr Thunderbird<\/span><\/a><\/div><\/div><\/div><\/div><div class=\"vc_col-sm-6 wpb_column vc_column_container\"><div class=\"vc_column-inner\"><div class=\"wpb_wrapper\"><div class=\"w-image align_center\"><div class=\"w-image-h\"><img decoding=\"async\" width=\"300\" height=\"300\" src=\"https:\/\/www.seven.io\/wp-content\/uploads\/integrationen_thunderbird_logo-300x300.png\" class=\"attachment-us_300_0 size-us_300_0\" alt=\"Thunderbird Logo\" loading=\"lazy\" srcset=\"https:\/\/www.seven.io\/wp-content\/uploads\/integrationen_thunderbird_logo-300x300.png 300w, https:\/\/www.seven.io\/wp-content\/uploads\/integrationen_thunderbird_logo-150x150.png 150w, https:\/\/www.seven.io\/wp-content\/uploads\/integrationen_thunderbird_logo-350x350.png 350w, https:\/\/www.seven.io\/wp-content\/uploads\/integrationen_thunderbird_logo-250x250.png 250w, https:\/\/www.seven.io\/wp-content\/uploads\/integrationen_thunderbird_logo-400x400.png 400w, https:\/\/www.seven.io\/wp-content\/uploads\/integrationen_thunderbird_logo-200x200.png 200w, https:\/\/www.seven.io\/wp-content\/uploads\/integrationen_thunderbird_logo.png 450w\" sizes=\"auto, (max-width: 300px) 100vw, 300px\" \/><\/div><\/div><div class=\"wpb_text_column\"><div class=\"wpb_wrapper\"><p style=\"text-align: center;\">Das <a href=\"https:\/\/www.thunderbird.net\/de\/\" target=\"_blank\" rel=\"noopener\">Thunderbird<\/a>-Logo (<a href=\"https:\/\/creativecommons.org\/licenses\/by\/3.0\/\" target=\"_blank\" rel=\"noopener\">CC BY 3.0<\/a>)<\/p>\n<\/div><\/div><\/div><\/div><\/div><\/div><\/div><\/section><section class=\"l-section wpb_row height_small color_alternate\"><div class=\"l-section-h i-cf\"><div class=\"g-cols vc_row via_flex valign_middle type_default stacking_default\"><div class=\"vc_col-sm-6 wpb_column vc_column_container\"><div class=\"vc_column-inner\"><div class=\"wpb_wrapper\"><div class=\"w-image align_center\"><div class=\"w-image-h\"><img decoding=\"async\" width=\"400\" height=\"501\" src=\"https:\/\/www.seven.io\/wp-content\/uploads\/integrationen_thunderbird_mock_de-400x501.png\" class=\"attachment-us_400_0 size-us_400_0\" alt=\"Versenden Sie SMS aus Thunderbird, ohne das Mailprogramm zu verlassen\" loading=\"lazy\" srcset=\"https:\/\/www.seven.io\/wp-content\/uploads\/integrationen_thunderbird_mock_de-400x501.png 400w, https:\/\/www.seven.io\/wp-content\/uploads\/integrationen_thunderbird_mock_de-240x300.png 240w, https:\/\/www.seven.io\/wp-content\/uploads\/integrationen_thunderbird_mock_de-350x438.png 350w, https:\/\/www.seven.io\/wp-content\/uploads\/integrationen_thunderbird_mock_de-250x313.png 250w, https:\/\/www.seven.io\/wp-content\/uploads\/integrationen_thunderbird_mock_de-300x376.png 300w, https:\/\/www.seven.io\/wp-content\/uploads\/integrationen_thunderbird_mock_de-319x400.png 319w, https:\/\/www.seven.io\/wp-content\/uploads\/integrationen_thunderbird_mock_de-200x250.png 200w, https:\/\/www.seven.io\/wp-content\/uploads\/integrationen_thunderbird_mock_de.png 511w\" sizes=\"auto, (max-width: 400px) 100vw, 400px\" \/><\/div><\/div><\/div><\/div><\/div><div class=\"vc_col-sm-6 wpb_column vc_column_container\"><div class=\"vc_column-inner\"><div class=\"wpb_wrapper\"><div class=\"wpb_text_column\"><div class=\"wpb_wrapper\"><h3>Versand von SMS aus Thunderbird<\/h3>\n<p>Mit unserem SMS Add-On versenden Sie SMS aus Thunderbird, ohne das Mailprogramm verlassen zu m\u00fcssen. Der Betreff der jeweiligen Mail wird automatisch als Default Text in Ihre SMS eingef\u00fcgt. Sie k\u00f6nnen den Inhalt Ihrer SMS aber nat\u00fcrlich auch \u00e4ndern.<\/p>\n<p>Nachdem Sie das Add-On installiert haben, m\u00fcssen Sie nur noch Ihren <a href=\"https:\/\/help.seven.io\/de\/api-key-zugriff\" rel=\"noopener\">API Key<\/a> angeben und schon k\u00f6nnen Sie Ihre erste SMS aus Thunderbird versenden. So ist es besonders leicht, wichtige Inhalte einer Mail als SMS weiter zu versenden oder Ihr Team kurzfristig \u00fcber wichtige Ereignisse zu informieren. <a href=\"https:\/\/app.seven.io\/signup\" rel=\"noopener\">Registrieren Sie sich jetzt kostenlos<\/a> und probieren Sie den SMS-Versand aus.<\/p>\n<\/div><\/div><\/div><\/div><\/div><\/div><\/div><\/section><!-- Row Backgrounds --><div class=\"upb_color\" data-bg-override=\"0\" data-bg-color=\"#f4f4f4\" data-fadeout=\"\" data-fadeout-percentage=\"30\" data-parallax-content=\"\" data-parallax-content-sense=\"30\" data-row-effect-mobile-disable=\"true\" data-img-parallax-mobile-disable=\"true\" data-rtl=\"false\"  data-custom-vc-row=\"\"  data-vc=\"8.7.2\"  data-is_old_vc=\"\"  data-theme-support=\"disable\"   data-overlay=\"false\" data-overlay-color=\"\" data-overlay-pattern=\"\" data-overlay-pattern-opacity=\"\" data-overlay-pattern-size=\"\"    ><\/div><section class=\"l-section wpb_row height_small\"><div class=\"l-section-h i-cf\"><div class=\"g-cols vc_row via_flex valign_top type_default stacking_default\"><div class=\"vc_col-sm-12 wpb_column vc_column_container\"><div class=\"vc_column-inner\"><div class=\"wpb_wrapper\"><div class=\"w-actionbox us_custom_e47d7875 color_light controls_right\"><div class=\"w-actionbox-text\"><div class=\"w-actionbox-description\"><p>Sie brauchen Hilfe bei der Installation oder der Einrichtung der Funktionen?<br \/>\nAuf unserer GitHub-Seite finden Sie weitere Informationen.<\/p>\n<\/div><\/div><div class=\"w-actionbox-controls\"><a class=\"w-btn us-btn-style_5\" target=\"_blank\" rel=\"nofollow noopener\" href=\"https:\/\/github.com\/seven-io\/thunderbird\"><span class=\"w-btn-label\">Zu GitHub<\/span><\/a><\/div><\/div><\/div><\/div><\/div><\/div><\/div><\/section><!-- Row Backgrounds --><div class=\"upb_color\" data-bg-override=\"0\" data-bg-color=\"#ffffff\" data-fadeout=\"\" data-fadeout-percentage=\"30\" data-parallax-content=\"\" data-parallax-content-sense=\"30\" data-row-effect-mobile-disable=\"true\" data-img-parallax-mobile-disable=\"true\" data-rtl=\"false\"  data-custom-vc-row=\"\"  data-vc=\"8.7.2\"  data-is_old_vc=\"\"  data-theme-support=\"disable\"   data-overlay=\"false\" data-overlay-color=\"\" data-overlay-pattern=\"\" data-overlay-pattern-opacity=\"\" data-overlay-pattern-size=\"\"    ><\/div>\n","protected":false},"excerpt":{"rendered":"Thunderbird ist eine kostenlose und freie Email-Anwendung, die von der Mozilla Foundation entwickelt wurde, um Nutzern eine Alternative zu g\u00e4ngigen Mail-Anwendungen zu bieten. Daher liegt der Fokus auf Privatsph\u00e4re und Anpassbarkeit des Programms. Thunderbird geh\u00f6rt zu den popul\u00e4rsten Email-Programmen weltweit. Mithilfe verschiedener Add-Ons k\u00f6nnen Sie nach Belieben das Erscheinungsbild ver\u00e4ndern und Funktionen hinzuf\u00fcgen. Durch unser...","protected":false},"author":1,"featured_media":81024,"parent":17075,"menu_order":0,"comment_status":"closed","ping_status":"closed","template":"","meta":{"content-type":"","footnotes":""},"class_list":["post-81078","page","type-page","status-publish","has-post-thumbnail","hentry"],"_links":{"self":[{"href":"https:\/\/www.seven.io\/de\/wp-json\/wp\/v2\/pages\/81078","targetHints":{"allow":["GET"]}}],"collection":[{"href":"https:\/\/www.seven.io\/de\/wp-json\/wp\/v2\/pages"}],"about":[{"href":"https:\/\/www.seven.io\/de\/wp-json\/wp\/v2\/types\/page"}],"author":[{"embeddable":true,"href":"https:\/\/www.seven.io\/de\/wp-json\/wp\/v2\/users\/1"}],"replies":[{"embeddable":true,"href":"https:\/\/www.seven.io\/de\/wp-json\/wp\/v2\/comments?post=81078"}],"version-history":[{"count":16,"href":"https:\/\/www.seven.io\/de\/wp-json\/wp\/v2\/pages\/81078\/revisions"}],"predecessor-version":[{"id":88836,"href":"https:\/\/www.seven.io\/de\/wp-json\/wp\/v2\/pages\/81078\/revisions\/88836"}],"up":[{"embeddable":true,"href":"https:\/\/www.seven.io\/de\/wp-json\/wp\/v2\/pages\/17075"}],"wp:featuredmedia":[{"embeddable":true,"href":"https:\/\/www.seven.io\/de\/wp-json\/wp\/v2\/media\/81024"}],"wp:attachment":[{"href":"https:\/\/www.seven.io\/de\/wp-json\/wp\/v2\/media?parent=81078"}],"curies":[{"name":"wp","href":"https:\/\/api.w.org\/{rel}","templated":true}]}}