{"id":81130,"date":"2022-02-02T11:38:08","date_gmt":"2022-02-02T10:38:08","guid":{"rendered":"https:\/\/www.sms77.io\/?page_id=81130"},"modified":"2024-03-27T11:51:00","modified_gmt":"2024-03-27T10:51:00","slug":"octoprint","status":"publish","type":"page","link":"https:\/\/www.seven.io\/de\/loesungen\/integrationen\/octoprint\/","title":{"rendered":"OctoPrint"},"content":{"rendered":"<section class=\"l-section wpb_row height_small\"><div class=\"l-section-h i-cf\"><div class=\"g-cols vc_row via_flex valign_middle type_default stacking_default\"><div class=\"vc_col-sm-6 wpb_column vc_column_container\"><div class=\"vc_column-inner\"><div class=\"wpb_wrapper\"><div class=\"wpb_text_column\"><div class=\"wpb_wrapper\"><p><strong>OctoPrint bietet ein Open Source Web Interface f\u00fcr 3D-Drucker, das mit den meisten g\u00e4ngigen 3D-Druckern f\u00fcr den Privatgebrauch kompatibel ist. Somit ist die \u00dcberwachung, aber auch die Steuerung der Druckprozesse leicht von beliebigen Endger\u00e4ten zur realisieren. Dazu geh\u00f6rt nicht nur das Starten und Stoppen eines Druckauftrags, sondern beispielsweise auch die \u00dcberwachung der Temperatur und die Beobachtung des Prozesses \u00fcber eine Webcam.<\/strong><\/p>\n<p><strong>Mit verschiedenen Plugins aus der <a href=\"https:\/\/community.octoprint.org\" target=\"_blank\" rel=\"noopener\">Community<\/a> k\u00f6nnen Sie die Funktionen noch erweitern. Mit <a href=\"https:\/\/github.com\/seven-io\/octoprint\" target=\"_blank\" rel=\"noopener\">unserem SMS-Plugin<\/a> versenden Sie beispielsweise automatisiert SMS mit OctoPrint, wenn ein Druckauftrag abgeschlossen wird.\u00a0<\/strong><\/p>\n<\/div><\/div><div class=\"w-btn-wrapper align_none\"><a class=\"w-btn us-btn-style_1 no-border\" target=\"_blank\" rel=\"nofollow noopener\" href=\"https:\/\/github.com\/seven-io\/octoprint\"><span class=\"w-btn-label\">Unser SMS Plugin f\u00fcr OctoPrint<\/span><\/a><\/div><\/div><\/div><\/div><div class=\"vc_col-sm-6 wpb_column vc_column_container\"><div class=\"vc_column-inner\"><div class=\"wpb_wrapper\"><div class=\"w-image align_center\"><div class=\"w-image-h\"><img decoding=\"async\" width=\"300\" height=\"300\" src=\"https:\/\/www.seven.io\/wp-content\/uploads\/integrationen_OctoPrint_logo-300x300.png\" class=\"attachment-us_300_0 size-us_300_0\" alt=\"Das OctoPrint-Logo\" loading=\"lazy\" srcset=\"https:\/\/www.seven.io\/wp-content\/uploads\/integrationen_OctoPrint_logo-300x300.png 300w, https:\/\/www.seven.io\/wp-content\/uploads\/integrationen_OctoPrint_logo-150x150.png 150w, https:\/\/www.seven.io\/wp-content\/uploads\/integrationen_OctoPrint_logo-350x350.png 350w, https:\/\/www.seven.io\/wp-content\/uploads\/integrationen_OctoPrint_logo-250x250.png 250w, https:\/\/www.seven.io\/wp-content\/uploads\/integrationen_OctoPrint_logo-400x400.png 400w, https:\/\/www.seven.io\/wp-content\/uploads\/integrationen_OctoPrint_logo-200x200.png 200w, https:\/\/www.seven.io\/wp-content\/uploads\/integrationen_OctoPrint_logo.png 450w\" sizes=\"auto, (max-width: 300px) 100vw, 300px\" \/><\/div><\/div><\/div><\/div><\/div><\/div><\/div><\/section><section class=\"l-section wpb_row height_small color_alternate\"><div class=\"l-section-h i-cf\"><div class=\"g-cols vc_row via_flex valign_middle type_default stacking_default\"><div class=\"vc_col-sm-6 wpb_column vc_column_container\"><div class=\"vc_column-inner\"><div class=\"wpb_wrapper\"><div class=\"w-image align_center\"><div class=\"w-image-h\"><img decoding=\"async\" width=\"400\" height=\"501\" src=\"https:\/\/www.seven.io\/wp-content\/uploads\/integrationen_Octoprint_mock_de-400x501.png\" class=\"attachment-us_400_0 size-us_400_0\" alt=\"Empfangen Sie eine SMS mit OctoPrint, wenn ein Druckauftrag abgeschlossen wurde.\" loading=\"lazy\" srcset=\"https:\/\/www.seven.io\/wp-content\/uploads\/integrationen_Octoprint_mock_de-400x501.png 400w, https:\/\/www.seven.io\/wp-content\/uploads\/integrationen_Octoprint_mock_de-240x300.png 240w, https:\/\/www.seven.io\/wp-content\/uploads\/integrationen_Octoprint_mock_de-350x438.png 350w, https:\/\/www.seven.io\/wp-content\/uploads\/integrationen_Octoprint_mock_de-250x313.png 250w, https:\/\/www.seven.io\/wp-content\/uploads\/integrationen_Octoprint_mock_de-300x376.png 300w, https:\/\/www.seven.io\/wp-content\/uploads\/integrationen_Octoprint_mock_de-319x400.png 319w, https:\/\/www.seven.io\/wp-content\/uploads\/integrationen_Octoprint_mock_de-200x250.png 200w, https:\/\/www.seven.io\/wp-content\/uploads\/integrationen_Octoprint_mock_de.png 511w\" sizes=\"auto, (max-width: 400px) 100vw, 400px\" \/><\/div><\/div><\/div><\/div><\/div><div class=\"vc_col-sm-6 wpb_column vc_column_container\"><div class=\"vc_column-inner\"><div class=\"wpb_wrapper\"><div class=\"wpb_text_column\"><div class=\"wpb_wrapper\"><h3>SMS mit OctoPrint versenden<\/h3>\n<p>Richten Sie mit unserem Plugin den Versand von SMS mit OctoPrint ein, um immer dann automatisiert eine SMS zu erhalten, wenn ein Druckauftrag abgeschlossen wurde. So sind Sie immer auf dem neusten Stand und m\u00fcssen sich keine sonstigen Erinnerungen einrichten.<\/p>\n<p>Mit Platzhaltern k\u00f6nnen Sie die SMS individualisieren, sodass Ihnen nicht nur der jeweilige Druckername, sondern auch der Dateiname des abgeschlossenen Druckauftrags angezeigt werden. Dar\u00fcber hinaus k\u00f6nnen Sie sich auch anzeigen lassen, wie lange der Druck gedauert hat. Registrieren Sie sich, installieren Sie das Plugin,\u00a0<a href=\"https:\/\/help.seven.io\/de\/api-key-zugriff\" rel=\"noopener\">richten Sie einen API Key ein<\/a> und probieren Sie es aus.<\/p>\n<\/div><\/div><\/div><\/div><\/div><\/div><\/div><\/section><!-- Row Backgrounds --><div class=\"upb_color\" data-bg-override=\"0\" data-bg-color=\"#f4f4f4\" data-fadeout=\"\" data-fadeout-percentage=\"30\" data-parallax-content=\"\" data-parallax-content-sense=\"30\" data-row-effect-mobile-disable=\"true\" data-img-parallax-mobile-disable=\"true\" data-rtl=\"false\"  data-custom-vc-row=\"\"  data-vc=\"8.7.2\"  data-is_old_vc=\"\"  data-theme-support=\"disable\"   data-overlay=\"false\" data-overlay-color=\"\" data-overlay-pattern=\"\" data-overlay-pattern-opacity=\"\" data-overlay-pattern-size=\"\"    ><\/div><section class=\"l-section wpb_row height_small\"><div class=\"l-section-h i-cf\"><div class=\"g-cols vc_row via_flex valign_middle type_default stacking_default\"><div class=\"vc_col-sm-6 wpb_column vc_column_container\"><div class=\"vc_column-inner\"><div class=\"wpb_wrapper\"><div class=\"wpb_text_column\"><div class=\"wpb_wrapper\"><h3>Automatischer SMS-Versand<\/h3>\n<\/div><\/div><div class=\"uavc-list-icon uavc-list-icon-wrapper ult-adjust-bottom-margin   \"><ul class=\"uavc-list\"><li><div class=\"uavc-list-content\" id=\"list-icon-wrap-9699\">\n<div class=\"uavc-list-icon  \" data-animation=\"\" data-animation-delay=\"03\" style=\"margin-right:25px;\"><div class=\"ult-just-icon-wrapper  \"><div class=\"align-icon\" style=\"text-align:center;\">\n<div class=\"aio-icon none \"  style=\"color:#52c0fa;font-size:40px;display:inline-block;\">\n\t<i class=\"Defaults-envelope-o\"><\/i>\n<\/div><\/div><\/div>\n<\/div><span  data-ultimate-target='#list-icon-wrap-9699 .uavc-list-desc'  data-responsive-json-new='{\"font-size\":\"\",\"line-height\":\"\"}'  class=\"uavc-list-desc ult-responsive\" style=\"\">Versenden Sie automatisiert eine SMS, sobald ein Druck abgeschlossen wurde.<\/span><\/div><\/li><\/ul><\/div><div class=\"wpb_text_column\"><div class=\"wpb_wrapper\"><h3>Platzhalter<\/h3>\n<\/div><\/div><div class=\"uavc-list-icon uavc-list-icon-wrapper ult-adjust-bottom-margin   \"><ul class=\"uavc-list\"><li><div class=\"uavc-list-content\" id=\"list-icon-wrap-2653\">\n<div class=\"uavc-list-icon  \" data-animation=\"\" data-animation-delay=\"03\" style=\"margin-right:25px;\"><div class=\"ult-just-icon-wrapper  \"><div class=\"align-icon\" style=\"text-align:center;\">\n<div class=\"aio-icon none \"  style=\"color:#52c0fa;font-size:40px;display:inline-block;\">\n\t<i class=\"Defaults-smile-o\"><\/i>\n<\/div><\/div><\/div>\n<\/div><span  data-ultimate-target='#list-icon-wrap-2653 .uavc-list-desc'  data-responsive-json-new='{\"font-size\":\"\",\"line-height\":\"\"}'  class=\"uavc-list-desc ult-responsive\" style=\"\">Nutzen Sie Platzhalter, um den Druckernamen, den Namen der Druckdatei und die Zeit einzuf\u00fcgen, die der Druck in Anspruch genommen hat.<\/span><\/div><\/li><\/ul><\/div><div class=\"wpb_text_column\"><div class=\"wpb_wrapper\"><h3>Flash SMS<\/h3>\n<\/div><\/div><div class=\"uavc-list-icon uavc-list-icon-wrapper ult-adjust-bottom-margin   \"><ul class=\"uavc-list\"><li><div class=\"uavc-list-content\" id=\"list-icon-wrap-7756\">\n<div class=\"uavc-list-icon  \" data-animation=\"\" data-animation-delay=\"03\" style=\"margin-right:25px;\"><div class=\"ult-just-icon-wrapper  \"><div class=\"align-icon\" style=\"text-align:center;\">\n<div class=\"aio-icon none \"  style=\"color:#52c0fa;font-size:40px;display:inline-block;\">\n\t<i class=\"Defaults-bolt flash\"><\/i>\n<\/div><\/div><\/div>\n<\/div><span  data-ultimate-target='#list-icon-wrap-7756 .uavc-list-desc'  data-responsive-json-new='{\"font-size\":\"\",\"line-height\":\"\"}'  class=\"uavc-list-desc ult-responsive\" style=\"\">Bei Bedarf k\u00f6nnen Sie Ihre SMS auch als <a href=\"https:\/\/help.seven.io\/de\/flash-sms\" rel=\"noopener\">Flash-SMS<\/a> zustellen. Bitte beachten Sie, dass nicht alle mobilen Betriebssysteme Flash-SMS gleich darstellen und unterst\u00fctzen.<\/span><\/div><\/li><\/ul><\/div><\/div><\/div><\/div><div class=\"vc_col-sm-6 wpb_column vc_column_container\"><div class=\"vc_column-inner\"><div class=\"wpb_wrapper\"><div class=\"w-image no-border align_center\"><a ref=\"magnificPopup\" href=\"https:\/\/www.seven.io\/wp-content\/uploads\/integrationen_OctoPrint_configuration.png\" aria-label=\"integrationen_OctoPrint_configuration\" class=\"w-image-h\"><img decoding=\"async\" width=\"768\" height=\"960\" src=\"https:\/\/www.seven.io\/wp-content\/uploads\/integrationen_OctoPrint_configuration-768x960.png\" class=\"attachment-us_768_0 size-us_768_0\" alt=\"Versenden Sie eine SMS mit OctoPrint wenn ein Druckauftrag abgeschlossen ist\" loading=\"lazy\" srcset=\"https:\/\/www.seven.io\/wp-content\/uploads\/integrationen_OctoPrint_configuration-768x960.png 768w, https:\/\/www.seven.io\/wp-content\/uploads\/integrationen_OctoPrint_configuration-240x300.png 240w, https:\/\/www.seven.io\/wp-content\/uploads\/integrationen_OctoPrint_configuration-350x438.png 350w, https:\/\/www.seven.io\/wp-content\/uploads\/integrationen_OctoPrint_configuration-250x313.png 250w, https:\/\/www.seven.io\/wp-content\/uploads\/integrationen_OctoPrint_configuration-600x750.png 600w, https:\/\/www.seven.io\/wp-content\/uploads\/integrationen_OctoPrint_configuration-300x375.png 300w, https:\/\/www.seven.io\/wp-content\/uploads\/integrationen_OctoPrint_configuration-400x500.png 400w, https:\/\/www.seven.io\/wp-content\/uploads\/integrationen_OctoPrint_configuration-320x400.png 320w, https:\/\/www.seven.io\/wp-content\/uploads\/integrationen_OctoPrint_configuration-200x250.png 200w, https:\/\/www.seven.io\/wp-content\/uploads\/integrationen_OctoPrint_configuration.png 819w\" sizes=\"auto, (max-width: 768px) 100vw, 768px\" \/><\/a><\/div><div class=\"w-separator size_custom\" style=\"height:10px\"><\/div><div class=\"wpb_text_column\"><div class=\"wpb_wrapper\"><p style=\"text-align: center;\"><em>Screenshot der Einrichtung zum Versand von SMS mit OctoPrint, zum Vergr\u00f6\u00dfern anklicken.<\/em><\/p>\n<\/div><\/div><\/div><\/div><\/div><\/div><\/div><\/section><section class=\"l-section wpb_row height_small\"><div class=\"l-section-h i-cf\"><div class=\"g-cols vc_row via_flex valign_top type_default stacking_default\"><div class=\"vc_col-sm-12 wpb_column vc_column_container\"><div class=\"vc_column-inner\"><div class=\"wpb_wrapper\"><div class=\"w-actionbox us_custom_e47d7875 color_light controls_right\"><div class=\"w-actionbox-text\"><div class=\"w-actionbox-description\"><p>Sie brauchen Hilfe bei der Installation oder der Einrichtung der Funktionen?<br \/>\nAuf unserer GitHub-Seite finden Sie weitere Informationen.<\/p>\n<\/div><\/div><div class=\"w-actionbox-controls\"><a class=\"w-btn us-btn-style_5\" target=\"_blank\" rel=\"nofollow noopener\" href=\"https:\/\/github.com\/seven-io\/octoprint\"><span class=\"w-btn-label\">Zu GitHub<\/span><\/a><\/div><\/div><\/div><\/div><\/div><\/div><\/div><\/section><!-- Row Backgrounds --><div class=\"upb_color\" data-bg-override=\"0\" data-bg-color=\"#ffffff\" data-fadeout=\"\" data-fadeout-percentage=\"30\" data-parallax-content=\"\" data-parallax-content-sense=\"30\" data-row-effect-mobile-disable=\"true\" data-img-parallax-mobile-disable=\"true\" data-rtl=\"false\"  data-custom-vc-row=\"\"  data-vc=\"8.7.2\"  data-is_old_vc=\"\"  data-theme-support=\"disable\"   data-overlay=\"false\" data-overlay-color=\"\" data-overlay-pattern=\"\" data-overlay-pattern-opacity=\"\" data-overlay-pattern-size=\"\"    ><\/div>\n","protected":false},"excerpt":{"rendered":"OctoPrint bietet ein Open Source Web Interface f\u00fcr 3D-Drucker, das mit den meisten g\u00e4ngigen 3D-Druckern f\u00fcr den Privatgebrauch kompatibel ist. Somit ist die \u00dcberwachung, aber auch die Steuerung der Druckprozesse leicht von beliebigen Endger\u00e4ten zur realisieren. Dazu geh\u00f6rt nicht nur das Starten und Stoppen eines Druckauftrags, sondern beispielsweise auch die \u00dcberwachung der Temperatur und die...","protected":false},"author":1,"featured_media":81126,"parent":17075,"menu_order":0,"comment_status":"closed","ping_status":"closed","template":"","meta":{"content-type":"","footnotes":""},"class_list":["post-81130","page","type-page","status-publish","has-post-thumbnail","hentry"],"_links":{"self":[{"href":"https:\/\/www.seven.io\/de\/wp-json\/wp\/v2\/pages\/81130","targetHints":{"allow":["GET"]}}],"collection":[{"href":"https:\/\/www.seven.io\/de\/wp-json\/wp\/v2\/pages"}],"about":[{"href":"https:\/\/www.seven.io\/de\/wp-json\/wp\/v2\/types\/page"}],"author":[{"embeddable":true,"href":"https:\/\/www.seven.io\/de\/wp-json\/wp\/v2\/users\/1"}],"replies":[{"embeddable":true,"href":"https:\/\/www.seven.io\/de\/wp-json\/wp\/v2\/comments?post=81130"}],"version-history":[{"count":19,"href":"https:\/\/www.seven.io\/de\/wp-json\/wp\/v2\/pages\/81130\/revisions"}],"predecessor-version":[{"id":92404,"href":"https:\/\/www.seven.io\/de\/wp-json\/wp\/v2\/pages\/81130\/revisions\/92404"}],"up":[{"embeddable":true,"href":"https:\/\/www.seven.io\/de\/wp-json\/wp\/v2\/pages\/17075"}],"wp:featuredmedia":[{"embeddable":true,"href":"https:\/\/www.seven.io\/de\/wp-json\/wp\/v2\/media\/81126"}],"wp:attachment":[{"href":"https:\/\/www.seven.io\/de\/wp-json\/wp\/v2\/media?parent=81130"}],"curies":[{"name":"wp","href":"https:\/\/api.w.org\/{rel}","templated":true}]}}