{"id":81159,"date":"2022-02-10T10:01:05","date_gmt":"2022-02-10T09:01:05","guid":{"rendered":"https:\/\/www.sms77.io\/?page_id=81159"},"modified":"2023-02-21T12:51:05","modified_gmt":"2023-02-21T11:51:05","slug":"contao","status":"publish","type":"page","link":"https:\/\/www.seven.io\/de\/loesungen\/integrationen\/contao\/","title":{"rendered":"Contao"},"content":{"rendered":"<section class=\"l-section wpb_row height_small\"><div class=\"l-section-h i-cf\"><div class=\"g-cols vc_row via_flex valign_middle type_default stacking_default\"><div class=\"vc_col-sm-6 wpb_column vc_column_container\"><div class=\"vc_column-inner\"><div class=\"wpb_wrapper\"><div class=\"wpb_text_column\"><div class=\"wpb_wrapper\"><p><strong>Contao ist ein<span class=\"Apple-converted-space\">\u00a0<\/span>Open Source CMS aus Deutschland das f\u00fcr Webseiten jeder Gr\u00f6\u00dfe eingesetzt werden kann. Viele Funktionen sind bereits im Grundumfang von Contao enthalten, wie beispielsweise Mehrsprachigkeit und detaillierte Einstellungsm\u00f6glichkeiten f\u00fcr Benutzerrechte.<span class=\"Apple-converted-space\">\u00a0<\/span><\/strong><\/p>\n<p><strong>Fehlt Ihnen eine bestimmte Funktion, k\u00f6nnen Sie diese in vielen F\u00e4llen durch eine Erweiterung nachr\u00fcsten. Mit der Notification Center Erweiterung k\u00f6nnen Sie beispielsweise SMS aus Contao versenden, wenn Sie unseren Dienst einbinden.<\/strong><\/p>\n<p><strong>Nutzer des CMS sch\u00e4tzen insbesondere die Flexibilit\u00e4t und Skalierbarkeit. Dar\u00fcber hinaus ist Contao \u201eOut-of-the-box\u201c DSGVO-konform.\u00a0Eine <a href=\"https:\/\/community.contao.org\" target=\"_blank\" rel=\"noopener\">aktive Community<\/a>\u00a0rundet die Attraktivit\u00e4t des CMS ab.<\/strong><\/p>\n<\/div><\/div><div class=\"w-btn-wrapper align_none\"><a class=\"w-btn us-btn-style_1 no-border\" target=\"_blank\" rel=\"nofollow noopener\" href=\"https:\/\/github.com\/seven-io\/contao-notification_center\"><span class=\"w-btn-label\">Unsere Erweiterung f\u00fcr das Contao Notification Center<\/span><\/a><\/div><\/div><\/div><\/div><div class=\"vc_col-sm-6 wpb_column vc_column_container\"><div class=\"vc_column-inner\"><div class=\"wpb_wrapper\"><div class=\"w-video align_none ratio_16x9 has_iframe\"><div class=\"w-video-h\"><iframe title=\"Youtube video player\" src=\"\/\/www.youtube.com\/embed\/rOGhp63Lvbo?autoplay=0&controls=1&origin=https:\/\/www.seven.io\/de\/&loop=0&mute=0\" allowfullscreen=\"1\" loading=\"lazy\"><\/iframe><\/div><\/div><\/div><\/div><\/div><\/div><\/div><\/section><section class=\"l-section wpb_row height_small color_alternate\"><div class=\"l-section-h i-cf\"><div class=\"g-cols vc_row via_flex valign_middle type_default stacking_default\"><div class=\"vc_col-sm-6 wpb_column vc_column_container\"><div class=\"vc_column-inner\"><div class=\"wpb_wrapper\"><div class=\"w-image no-border align_center\"><a ref=\"magnificPopup\" href=\"https:\/\/www.seven.io\/wp-content\/uploads\/integrationen_contao_screen_notifications.png\" aria-label=\"integrationen_contao_screen_notifications\" class=\"w-image-h\"><img decoding=\"async\" width=\"400\" height=\"325\" src=\"https:\/\/www.seven.io\/wp-content\/uploads\/integrationen_contao_screen_notifications-400x325.png\" class=\"attachment-us_400_0 size-us_400_0\" alt=\"Sie k\u00f6nnen beim Versand von SMS aus Contao verschiedene Einstellungen vornehmen.\" loading=\"lazy\" srcset=\"https:\/\/www.seven.io\/wp-content\/uploads\/integrationen_contao_screen_notifications-400x325.png 400w, https:\/\/www.seven.io\/wp-content\/uploads\/integrationen_contao_screen_notifications-300x243.png 300w, https:\/\/www.seven.io\/wp-content\/uploads\/integrationen_contao_screen_notifications-350x284.png 350w, https:\/\/www.seven.io\/wp-content\/uploads\/integrationen_contao_screen_notifications-250x203.png 250w, https:\/\/www.seven.io\/wp-content\/uploads\/integrationen_contao_screen_notifications-600x487.png 600w, https:\/\/www.seven.io\/wp-content\/uploads\/integrationen_contao_screen_notifications-768x623.png 768w, https:\/\/www.seven.io\/wp-content\/uploads\/integrationen_contao_screen_notifications-493x400.png 493w, https:\/\/www.seven.io\/wp-content\/uploads\/integrationen_contao_screen_notifications-200x162.png 200w, https:\/\/www.seven.io\/wp-content\/uploads\/integrationen_contao_screen_notifications-500x406.png 500w, https:\/\/www.seven.io\/wp-content\/uploads\/integrationen_contao_screen_notifications.png 1024w\" sizes=\"auto, (max-width: 400px) 100vw, 400px\" \/><\/a><\/div><div class=\"w-separator size_custom\" style=\"height:10px\"><\/div><div class=\"wpb_text_column\"><div class=\"wpb_wrapper\"><p style=\"text-align: center;\"><em>Einstellungsm\u00f6glichkeiten f\u00fcr Benachrichtigungen in Contao, zum Vergr\u00f6\u00dfern anklicken.<\/em><\/p>\n<\/div><\/div><\/div><\/div><\/div><div class=\"vc_col-sm-6 wpb_column vc_column_container\"><div class=\"vc_column-inner\"><div class=\"wpb_wrapper\"><div class=\"wpb_text_column\"><div class=\"wpb_wrapper\"><h3>\u00dcber das Notification Center SMS aus Contao versenden<\/h3>\n<p>Wenn Sie SMS aus Contao versenden m\u00f6chten, gibt es eine simple und elegante L\u00f6sung: F\u00fcgen Sie den SMS-Versand durch seven \u00fcber das <a href=\"https:\/\/github.com\/terminal42\/contao-notification_center\" target=\"_blank\" rel=\"noopener\">Notification Center<\/a> ein. Haben Sie die Installation und das Setup durchgef\u00fchrt, k\u00f6nnen Sie direkt aus der Benutzeroberfl\u00e4che SMS versenden.<\/p>\n<p>Sie k\u00f6nnen ausw\u00e4hlen, \u00fcber welche Aktivit\u00e4ten Sie benachrichtigt werden m\u00f6chten und behalten jederzeit den \u00dcberblick. Wenn Sie den SMS-Versand ausprobieren m\u00f6chten, brauchen Sie neben Contao und dem Notification Center nur einen <a href=\"https:\/\/app.seven.io\/signup\" rel=\"noopener\">Account<\/a> mit ausreichend Guthaben bei uns. Au\u00dferdem ben\u00f6tigen Sie einen <a href=\"https:\/\/help.seven.io\/de\/api-key-zugriff\" rel=\"noopener\">API Key<\/a>, den Sie ganz einfach selbst anlegen k\u00f6nnen.<\/p>\n<\/div><\/div><\/div><\/div><\/div><\/div><\/div><\/section><!-- Row Backgrounds --><div class=\"upb_color\" data-bg-override=\"0\" data-bg-color=\"#f4f4f4\" data-fadeout=\"\" data-fadeout-percentage=\"30\" data-parallax-content=\"\" data-parallax-content-sense=\"30\" data-row-effect-mobile-disable=\"true\" data-img-parallax-mobile-disable=\"true\" data-rtl=\"false\"  data-custom-vc-row=\"\"  data-vc=\"8.7.2\"  data-is_old_vc=\"\"  data-theme-support=\"disable\"   data-overlay=\"false\" data-overlay-color=\"\" data-overlay-pattern=\"\" data-overlay-pattern-opacity=\"\" data-overlay-pattern-size=\"\"    ><\/div><section class=\"l-section wpb_row height_small\"><div class=\"l-section-h i-cf\"><div class=\"g-cols vc_row via_flex valign_top type_default stacking_default\"><div class=\"vc_col-sm-12 wpb_column vc_column_container\"><div class=\"vc_column-inner\"><div class=\"wpb_wrapper\"><div class=\"w-actionbox us_custom_e47d7875 color_light controls_right\"><div class=\"w-actionbox-text\"><div class=\"w-actionbox-description\"><p>Sie brauchen Hilfe bei der Installation oder der Einrichtung der Funktionen?<br \/>\nAuf unserer GitHub-Seite finden Sie weitere Informationen.<\/p>\n<\/div><\/div><div class=\"w-actionbox-controls\"><a class=\"w-btn us-btn-style_5\" target=\"_blank\" rel=\"nofollow noopener\" href=\"https:\/\/github.com\/seven-io\/contao-notification_center\"><span class=\"w-btn-label\">Zu GitHub<\/span><\/a><\/div><\/div><\/div><\/div><\/div><\/div><\/div><\/section><!-- Row Backgrounds --><div class=\"upb_color\" data-bg-override=\"0\" data-bg-color=\"#ffffff\" data-fadeout=\"\" data-fadeout-percentage=\"30\" data-parallax-content=\"\" data-parallax-content-sense=\"30\" data-row-effect-mobile-disable=\"true\" data-img-parallax-mobile-disable=\"true\" data-rtl=\"false\"  data-custom-vc-row=\"\"  data-vc=\"8.7.2\"  data-is_old_vc=\"\"  data-theme-support=\"disable\"   data-overlay=\"false\" data-overlay-color=\"\" data-overlay-pattern=\"\" data-overlay-pattern-opacity=\"\" data-overlay-pattern-size=\"\"    ><\/div>\n","protected":false},"excerpt":{"rendered":"Contao ist ein\u00a0Open Source CMS aus Deutschland das f\u00fcr Webseiten jeder Gr\u00f6\u00dfe eingesetzt werden kann. Viele Funktionen sind bereits im Grundumfang von Contao enthalten, wie beispielsweise Mehrsprachigkeit und detaillierte Einstellungsm\u00f6glichkeiten f\u00fcr Benutzerrechte.\u00a0 Fehlt Ihnen eine bestimmte Funktion, k\u00f6nnen Sie diese in vielen F\u00e4llen durch eine Erweiterung nachr\u00fcsten. Mit der Notification Center Erweiterung k\u00f6nnen Sie beispielsweise...","protected":false},"author":1,"featured_media":81162,"parent":17075,"menu_order":0,"comment_status":"closed","ping_status":"closed","template":"","meta":{"content-type":"","footnotes":""},"class_list":["post-81159","page","type-page","status-publish","has-post-thumbnail","hentry"],"_links":{"self":[{"href":"https:\/\/www.seven.io\/de\/wp-json\/wp\/v2\/pages\/81159","targetHints":{"allow":["GET"]}}],"collection":[{"href":"https:\/\/www.seven.io\/de\/wp-json\/wp\/v2\/pages"}],"about":[{"href":"https:\/\/www.seven.io\/de\/wp-json\/wp\/v2\/types\/page"}],"author":[{"embeddable":true,"href":"https:\/\/www.seven.io\/de\/wp-json\/wp\/v2\/users\/1"}],"replies":[{"embeddable":true,"href":"https:\/\/www.seven.io\/de\/wp-json\/wp\/v2\/comments?post=81159"}],"version-history":[{"count":15,"href":"https:\/\/www.seven.io\/de\/wp-json\/wp\/v2\/pages\/81159\/revisions"}],"predecessor-version":[{"id":88602,"href":"https:\/\/www.seven.io\/de\/wp-json\/wp\/v2\/pages\/81159\/revisions\/88602"}],"up":[{"embeddable":true,"href":"https:\/\/www.seven.io\/de\/wp-json\/wp\/v2\/pages\/17075"}],"wp:featuredmedia":[{"embeddable":true,"href":"https:\/\/www.seven.io\/de\/wp-json\/wp\/v2\/media\/81162"}],"wp:attachment":[{"href":"https:\/\/www.seven.io\/de\/wp-json\/wp\/v2\/media?parent=81159"}],"curies":[{"name":"wp","href":"https:\/\/api.w.org\/{rel}","templated":true}]}}