{"id":81178,"date":"2022-02-04T09:34:54","date_gmt":"2022-02-04T08:34:54","guid":{"rendered":"https:\/\/www.sms77.io\/?page_id=81178"},"modified":"2024-07-02T15:44:38","modified_gmt":"2024-07-02T13:44:38","slug":"integrately","status":"publish","type":"page","link":"https:\/\/www.seven.io\/de\/loesungen\/integrationen\/integrately\/","title":{"rendered":"Integrately"},"content":{"rendered":"<section class=\"l-section wpb_row height_small\"><div class=\"l-section-h i-cf\"><div class=\"g-cols vc_row via_flex valign_middle type_default stacking_default\"><div class=\"vc_col-sm-6 wpb_column vc_column_container\"><div class=\"vc_column-inner\"><div class=\"wpb_wrapper\"><div class=\"wpb_text_column\"><div class=\"wpb_wrapper\"><p><strong>Integrately ist eine No-Code-Automatisierungsplattform, die durch voreingestellte Automationen eine besonders leichte Nutzung verspricht. Dadurch k\u00f6nnen auch unerfahrene Nutzer schnell eigene Abl\u00e4ufe erstellen, die verschiedene Apps miteinander verkn\u00fcpfen. Sollte es eine gew\u00fcnschte Automation noch nicht geben, k\u00f6nnen Sie diese nat\u00fcrlich auch selbst anlegen.<span class=\"Apple-converted-space\">\u00a0<\/span><\/strong><\/p>\n<p><strong>Mit der seven-App f\u00fcgen Sie unsere Produkte mit wenigen Klicks in Ihre Automation ein. So versenden Sie beispielsweise SMS mit Integrately, wenn ein bestimmtes Ereignis eintritt.<\/strong><\/p>\n<p><strong>Integrately ist in\u00a0<a href=\"https:\/\/integrately.com\/pricing\" target=\"_blank\" rel=\"noopener\">verschiedenen Kostenmodellen<\/a>\u00a0f\u00fcr unterschiedliche Bed\u00fcrfnisse erh\u00e4ltlich, vom kostenlosen Basis-Plan bis zum kostenpflichtigen Businessplan mit 700.000 Tasks.<\/strong><\/p>\n<\/div><\/div><div class=\"w-btn-wrapper align_none\"><a class=\"w-btn us-btn-style_1 no-border\" target=\"_blank\" rel=\"nofollow noopener\" href=\"https:\/\/integrately.com\/integrations\/sms77\"><span class=\"w-btn-label\">Unsere SMS App in Integrately<\/span><\/a><\/div><\/div><\/div><\/div><div class=\"vc_col-sm-6 wpb_column vc_column_container\"><div class=\"vc_column-inner\"><div class=\"wpb_wrapper\"><div class=\"w-image align_center\"><div class=\"w-image-h\"><img decoding=\"async\" width=\"400\" height=\"400\" src=\"https:\/\/www.seven.io\/wp-content\/uploads\/integrationen_integrately_logo-400x400.png\" class=\"attachment-us_400_0 size-us_400_0\" alt=\"Integrately Logo\" loading=\"lazy\" srcset=\"https:\/\/www.seven.io\/wp-content\/uploads\/integrationen_integrately_logo-400x400.png 400w, https:\/\/www.seven.io\/wp-content\/uploads\/integrationen_integrately_logo-300x300.png 300w, https:\/\/www.seven.io\/wp-content\/uploads\/integrationen_integrately_logo-150x150.png 150w, https:\/\/www.seven.io\/wp-content\/uploads\/integrationen_integrately_logo-350x350.png 350w, https:\/\/www.seven.io\/wp-content\/uploads\/integrationen_integrately_logo-250x250.png 250w, https:\/\/www.seven.io\/wp-content\/uploads\/integrationen_integrately_logo-200x200.png 200w, https:\/\/www.seven.io\/wp-content\/uploads\/integrationen_integrately_logo.png 450w\" sizes=\"auto, (max-width: 400px) 100vw, 400px\" \/><\/div><\/div><\/div><\/div><\/div><\/div><\/div><\/section><section class=\"l-section wpb_row height_small color_alternate\"><div class=\"l-section-h i-cf\"><div class=\"g-cols vc_row via_flex valign_middle type_default stacking_default\"><div class=\"vc_col-sm-6 wpb_column vc_column_container\"><div class=\"vc_column-inner\"><div class=\"wpb_wrapper\"><div class=\"w-image align_center\"><div class=\"w-image-h\"><img decoding=\"async\" width=\"400\" height=\"501\" src=\"https:\/\/www.seven.io\/wp-content\/uploads\/integrationen_integrately_mock_de-400x501.png\" class=\"attachment-us_400_0 size-us_400_0\" alt=\"Sie m\u00f6chten automatisiert SMS mit Integrately versenden? Unsere App kann noch mehr!\" loading=\"lazy\" srcset=\"https:\/\/www.seven.io\/wp-content\/uploads\/integrationen_integrately_mock_de-400x501.png 400w, https:\/\/www.seven.io\/wp-content\/uploads\/integrationen_integrately_mock_de-240x300.png 240w, https:\/\/www.seven.io\/wp-content\/uploads\/integrationen_integrately_mock_de-350x438.png 350w, https:\/\/www.seven.io\/wp-content\/uploads\/integrationen_integrately_mock_de-250x313.png 250w, https:\/\/www.seven.io\/wp-content\/uploads\/integrationen_integrately_mock_de-300x376.png 300w, https:\/\/www.seven.io\/wp-content\/uploads\/integrationen_integrately_mock_de-319x400.png 319w, https:\/\/www.seven.io\/wp-content\/uploads\/integrationen_integrately_mock_de-200x250.png 200w, https:\/\/www.seven.io\/wp-content\/uploads\/integrationen_integrately_mock_de.png 511w\" sizes=\"auto, (max-width: 400px) 100vw, 400px\" \/><\/div><\/div><\/div><\/div><\/div><div class=\"vc_col-sm-6 wpb_column vc_column_container\"><div class=\"vc_column-inner\"><div class=\"wpb_wrapper\"><div class=\"wpb_text_column\"><div class=\"wpb_wrapper\"><h3>Unsere App: Versenden Sie mehr als nur SMS mit Integrately<\/h3>\n<p>Mit unserer App realisieren Sie einen besonders unkomplizierten automatisierten Versand von SMS mit Integrately. Doch auch andere Produkte, wie beispielsweise unsere <a href=\"\/de\/produkte\/nummernvalidierung\/\">Lookups<\/a> und <a href=\"\/de\/produkte\/voice\/\">Voice-Nachrichten<\/a> k\u00f6nnen Sie unkompliziert in Ihre Automation einbinden.<span class=\"Apple-converted-space\">\u00a0<\/span><\/p>\n<p>Verkn\u00fcpfen Sie die seven-App mit einer App Ihrer Wahl und legen Sie so Ihre erste Automation an. Lassen Sie sich \u00fcber bestimmte Ereignisse informieren oder validieren Sie automatisch neue Telefonnummern Ihrer Kunden. Mit Ihrer individuellen Automation k\u00f6nnen Sie Ihr pers\u00f6nliches Szenario einfach und effektiv umsetzen.\u00a0Probieren Sie es einfach aus!<span class=\"Apple-converted-space\">\u00a0<\/span><\/p>\n<\/div><\/div><\/div><\/div><\/div><\/div><\/div><\/section><!-- Row Backgrounds --><div class=\"upb_color\" data-bg-override=\"0\" data-bg-color=\"#f4f4f4\" data-fadeout=\"\" data-fadeout-percentage=\"30\" data-parallax-content=\"\" data-parallax-content-sense=\"30\" data-row-effect-mobile-disable=\"true\" data-img-parallax-mobile-disable=\"true\" data-rtl=\"false\"  data-custom-vc-row=\"\"  data-vc=\"8.7.2\"  data-is_old_vc=\"\"  data-theme-support=\"disable\"   data-overlay=\"false\" data-overlay-color=\"\" data-overlay-pattern=\"\" data-overlay-pattern-opacity=\"\" data-overlay-pattern-size=\"\"    ><\/div><section class=\"l-section wpb_row height_small\"><div class=\"l-section-h i-cf\"><div class=\"g-cols vc_row via_flex valign_middle type_default stacking_default\"><div class=\"vc_col-sm-6 wpb_column vc_column_container\"><div class=\"vc_column-inner\"><div class=\"wpb_wrapper\"><div class=\"wpb_text_column\"><div class=\"wpb_wrapper\"><h3>SMS-Versand<\/h3>\n<\/div><\/div><div class=\"uavc-list-icon uavc-list-icon-wrapper ult-adjust-bottom-margin   \"><ul class=\"uavc-list\"><li><div class=\"uavc-list-content\" id=\"list-icon-wrap-3170\">\n<div class=\"uavc-list-icon  \" data-animation=\"\" data-animation-delay=\"03\" style=\"margin-right:25px;\"><div class=\"ult-just-icon-wrapper  \"><div class=\"align-icon\" style=\"text-align:center;\">\n<div class=\"aio-icon none \"  style=\"color:#52c0fa;font-size:40px;display:inline-block;\">\n\t<i class=\"Defaults-envelope-o\"><\/i>\n<\/div><\/div><\/div>\n<\/div><span  data-ultimate-target='#list-icon-wrap-3170 .uavc-list-desc'  data-responsive-json-new='{\"font-size\":\"\",\"line-height\":\"\"}'  class=\"uavc-list-desc ult-responsive\" style=\"\">Versenden Sie automatisiert SMS, wenn ein bestimmtes Ereignis eintritt \u2013 w\u00e4hlen Sie aus hunderten Apps, die als Ausl\u00f6ser verwendet werden k\u00f6nnen.<\/span><\/div><\/li><\/ul><\/div><div class=\"wpb_text_column\"><div class=\"wpb_wrapper\"><h3>Lookups<\/h3>\n<\/div><\/div><div class=\"uavc-list-icon uavc-list-icon-wrapper ult-adjust-bottom-margin   \"><ul class=\"uavc-list\"><li><div class=\"uavc-list-content\" id=\"list-icon-wrap-9786\">\n<div class=\"uavc-list-icon  \" data-animation=\"\" data-animation-delay=\"03\" style=\"margin-right:25px;\"><div class=\"ult-just-icon-wrapper  \"><div class=\"align-icon\" style=\"text-align:center;\">\n<div class=\"aio-icon none \"  style=\"color:#52c0fa;font-size:40px;display:inline-block;\">\n\t<i class=\"Defaults-question\"><\/i>\n<\/div><\/div><\/div>\n<\/div><span  data-ultimate-target='#list-icon-wrap-9786 .uavc-list-desc'  data-responsive-json-new='{\"font-size\":\"\",\"line-height\":\"\"}'  class=\"uavc-list-desc ult-responsive\" style=\"\">Auch unsere <a href=\"\/de\/produkte\/nummernvalidierung\/\">Lookup-Produkte<\/a> k\u00f6nnen Sie via App in Ihrer Automation nutzen. Ihnen stehen HLR-, CNAM- und MNP-Lookup zur Verf\u00fcgung.<\/span><\/div><\/li><\/ul><\/div><div class=\"wpb_text_column\"><div class=\"wpb_wrapper\"><h3>Voice-Nachrichten<\/h3>\n<\/div><\/div><div class=\"uavc-list-icon uavc-list-icon-wrapper ult-adjust-bottom-margin   \"><ul class=\"uavc-list\"><li><div class=\"uavc-list-content\" id=\"list-icon-wrap-6874\">\n<div class=\"uavc-list-icon  \" data-animation=\"\" data-animation-delay=\"03\" style=\"margin-right:25px;\"><div class=\"ult-just-icon-wrapper  \"><div class=\"align-icon\" style=\"text-align:center;\">\n<div class=\"aio-icon none \"  style=\"color:#52c0fa;font-size:40px;display:inline-block;\">\n\t<i class=\"Defaults-phone\"><\/i>\n<\/div><\/div><\/div>\n<\/div><span  data-ultimate-target='#list-icon-wrap-6874 .uavc-list-desc'  data-responsive-json-new='{\"font-size\":\"\",\"line-height\":\"\"}'  class=\"uavc-list-desc ult-responsive\" style=\"\">Ihre Nachricht muss eine noch h\u00f6here Aufmerksamkeit erzeugen als eine SMS? Senden Sie eine <a href=\"\/de\/produkte\/voice\/\">Voice-Nachricht<\/a>, die Ihren Empf\u00e4ngern als Anruf zugestellt und am Telefon vorgelesen wird.<span class=\"Apple-converted-space\">\u00a0Unsere Kunden nutzen diese Funktion gern f\u00fcr Alarmierungen.<\/span><\/span><\/div><\/li><\/ul><\/div><\/div><\/div><\/div><div class=\"vc_col-sm-6 wpb_column vc_column_container\"><div class=\"vc_column-inner\"><div class=\"wpb_wrapper\"><div class=\"w-image no-border align_center\"><a ref=\"magnificPopup\" href=\"https:\/\/www.seven.io\/wp-content\/uploads\/integrationen_integrately_example.png\" aria-label=\"integrationen_integrately_example\" class=\"w-image-h\"><img decoding=\"async\" width=\"768\" height=\"512\" src=\"https:\/\/www.seven.io\/wp-content\/uploads\/integrationen_integrately_example-768x512.png\" class=\"attachment-us_768_0 size-us_768_0\" alt=\"Versenden Sie eine SMS mit Integrately, wenn Ihr Account auf Instagram erw\u00e4hnt wird.\" loading=\"lazy\" srcset=\"https:\/\/www.seven.io\/wp-content\/uploads\/integrationen_integrately_example-768x512.png 768w, https:\/\/www.seven.io\/wp-content\/uploads\/integrationen_integrately_example-300x200.png 300w, https:\/\/www.seven.io\/wp-content\/uploads\/integrationen_integrately_example-350x233.png 350w, https:\/\/www.seven.io\/wp-content\/uploads\/integrationen_integrately_example-250x167.png 250w, https:\/\/www.seven.io\/wp-content\/uploads\/integrationen_integrately_example-600x400.png 600w, https:\/\/www.seven.io\/wp-content\/uploads\/integrationen_integrately_example-400x267.png 400w, https:\/\/www.seven.io\/wp-content\/uploads\/integrationen_integrately_example-200x133.png 200w, https:\/\/www.seven.io\/wp-content\/uploads\/integrationen_integrately_example.png 1024w\" sizes=\"auto, (max-width: 768px) 100vw, 768px\" \/><\/a><\/div><div class=\"w-separator size_custom\" style=\"height:10px\"><\/div><div class=\"wpb_text_column\"><div class=\"wpb_wrapper\"><p style=\"text-align: center;\"><em>Beispiel der Verkn\u00fcpfungsm\u00f6lichkeiten zwischen Instagram for Business und seven.io in Integrately, zum Vergr\u00f6\u00dfern anklicken.<\/em><\/p>\n<\/div><\/div><\/div><\/div><\/div><\/div><\/div><\/section><section class=\"l-section wpb_row height_small\"><div class=\"l-section-h i-cf\"><div class=\"g-cols vc_row via_flex valign_top type_default stacking_default\"><div class=\"vc_col-sm-12 wpb_column vc_column_container\"><div class=\"vc_column-inner\"><div class=\"wpb_wrapper\"><div class=\"w-actionbox us_custom_e47d7875 color_light controls_right\"><div class=\"w-actionbox-text\"><div class=\"w-actionbox-description\"><p>Sie m\u00f6chten unsere App ausprobieren und Ihre erste SMS mit Integrately versenden?<br \/>\nHier gelangen Sie direkt zur App-Seite auf Integrately.<\/p>\n<\/div><\/div><div class=\"w-actionbox-controls\"><a class=\"w-btn us-btn-style_5\" target=\"_blank\" rel=\"nofollow noopener\" href=\"https:\/\/integrately.com\/integrations\/sms77\"><span class=\"w-btn-label\">Zur App-Seite auf Integrately<\/span><\/a><\/div><\/div><\/div><\/div><\/div><\/div><\/div><\/section><!-- Row Backgrounds --><div class=\"upb_color\" data-bg-override=\"0\" data-bg-color=\"#ffffff\" data-fadeout=\"\" data-fadeout-percentage=\"30\" data-parallax-content=\"\" data-parallax-content-sense=\"30\" data-row-effect-mobile-disable=\"true\" data-img-parallax-mobile-disable=\"true\" data-rtl=\"false\"  data-custom-vc-row=\"\"  data-vc=\"8.7.2\"  data-is_old_vc=\"\"  data-theme-support=\"disable\"   data-overlay=\"false\" data-overlay-color=\"\" data-overlay-pattern=\"\" data-overlay-pattern-opacity=\"\" data-overlay-pattern-size=\"\"    ><\/div>\n","protected":false},"excerpt":{"rendered":"Integrately ist eine No-Code-Automatisierungsplattform, die durch voreingestellte Automationen eine besonders leichte Nutzung verspricht. Dadurch k\u00f6nnen auch unerfahrene Nutzer schnell eigene Abl\u00e4ufe erstellen, die verschiedene Apps miteinander verkn\u00fcpfen. Sollte es eine gew\u00fcnschte Automation noch nicht geben, k\u00f6nnen Sie diese nat\u00fcrlich auch selbst anlegen.\u00a0 Mit der seven-App f\u00fcgen Sie unsere Produkte mit wenigen Klicks in Ihre Automation...","protected":false},"author":1,"featured_media":81180,"parent":17075,"menu_order":0,"comment_status":"closed","ping_status":"closed","template":"","meta":{"content-type":"","footnotes":""},"class_list":["post-81178","page","type-page","status-publish","has-post-thumbnail","hentry"],"_links":{"self":[{"href":"https:\/\/www.seven.io\/de\/wp-json\/wp\/v2\/pages\/81178","targetHints":{"allow":["GET"]}}],"collection":[{"href":"https:\/\/www.seven.io\/de\/wp-json\/wp\/v2\/pages"}],"about":[{"href":"https:\/\/www.seven.io\/de\/wp-json\/wp\/v2\/types\/page"}],"author":[{"embeddable":true,"href":"https:\/\/www.seven.io\/de\/wp-json\/wp\/v2\/users\/1"}],"replies":[{"embeddable":true,"href":"https:\/\/www.seven.io\/de\/wp-json\/wp\/v2\/comments?post=81178"}],"version-history":[{"count":25,"href":"https:\/\/www.seven.io\/de\/wp-json\/wp\/v2\/pages\/81178\/revisions"}],"predecessor-version":[{"id":92932,"href":"https:\/\/www.seven.io\/de\/wp-json\/wp\/v2\/pages\/81178\/revisions\/92932"}],"up":[{"embeddable":true,"href":"https:\/\/www.seven.io\/de\/wp-json\/wp\/v2\/pages\/17075"}],"wp:featuredmedia":[{"embeddable":true,"href":"https:\/\/www.seven.io\/de\/wp-json\/wp\/v2\/media\/81180"}],"wp:attachment":[{"href":"https:\/\/www.seven.io\/de\/wp-json\/wp\/v2\/media?parent=81178"}],"curies":[{"name":"wp","href":"https:\/\/api.w.org\/{rel}","templated":true}]}}