{"id":81227,"date":"2022-02-07T08:43:48","date_gmt":"2022-02-07T07:43:48","guid":{"rendered":"https:\/\/www.sms77.io\/?page_id=81227"},"modified":"2023-02-21T15:55:43","modified_gmt":"2023-02-21T14:55:43","slug":"kanboard","status":"publish","type":"page","link":"https:\/\/www.seven.io\/de\/loesungen\/integrationen\/kanboard\/","title":{"rendered":"Kanboard"},"content":{"rendered":"<section class=\"l-section wpb_row height_small\"><div class=\"l-section-h i-cf\"><div class=\"g-cols vc_row via_flex valign_middle type_default stacking_default\"><div class=\"vc_col-sm-6 wpb_column vc_column_container\"><div class=\"vc_column-inner\"><div class=\"wpb_wrapper\"><div class=\"wpb_text_column\"><div class=\"wpb_wrapper\"><p><strong>Kanboard ist eine minimalistische Projektmanagement-Software auf der Basis von Kanban. Die Open-Source-Software fokussiert sich auf ein simples Design, um einen klaren \u00dcberblick \u00fcber die laufenden Projekte zu erm\u00f6glichen.<span class=\"Apple-converted-space\">\u00a0<\/span><\/strong><\/p>\n<p><strong>Um \u00fcbersichtlich zu bleiben, bietet Kanboard einige wenige, daf\u00fcr umso praktischere Funktionen, wie eine limitierte Anzahl von Work-in-progress-Aufgaben, Suche und Filter und M\u00f6glichkeiten zur Automatisierung von Abl\u00e4ufen. Dar\u00fcber hinaus ist die Software in mehr als 30 Sprachen verf\u00fcgbar.<span class=\"Apple-converted-space\">\u00a0<\/span><\/strong><\/p>\n<p><strong>Ben\u00f6tigen Sie Funktionen die im Grundumfang nicht enthalten sind, k\u00f6nnen Sie diese mit Plugins erweitern. Mit <a href=\"https:\/\/github.com\/seven-io\/kanboard\" target=\"_blank\" rel=\"noopener\">unserem Plugin<\/a> ist es Ihnen beispielsweise m\u00f6glich, 2FA Codes in Kanboard via SMS zu versenden.<\/strong><\/p>\n<\/div><\/div><div class=\"w-btn-wrapper align_none\"><a class=\"w-btn us-btn-style_1 no-border\" target=\"_blank\" rel=\"nofollow noopener\" href=\"https:\/\/github.com\/seven-io\/kanboard\"><span class=\"w-btn-label\">Unser SMS Plugin f\u00fcr Kanboard<\/span><\/a><\/div><\/div><\/div><\/div><div class=\"vc_col-sm-6 wpb_column vc_column_container\"><div class=\"vc_column-inner\"><div class=\"wpb_wrapper\"><div class=\"w-image align_center\"><div class=\"w-image-h\"><img decoding=\"async\" width=\"300\" height=\"300\" src=\"https:\/\/www.seven.io\/wp-content\/uploads\/integrationen_kanboard_logo-300x300.png\" class=\"attachment-us_300_0 size-us_300_0\" alt=\"Kanboard Logo\" loading=\"lazy\" srcset=\"https:\/\/www.seven.io\/wp-content\/uploads\/integrationen_kanboard_logo-300x300.png 300w, https:\/\/www.seven.io\/wp-content\/uploads\/integrationen_kanboard_logo-150x150.png 150w, https:\/\/www.seven.io\/wp-content\/uploads\/integrationen_kanboard_logo-350x350.png 350w, https:\/\/www.seven.io\/wp-content\/uploads\/integrationen_kanboard_logo-250x250.png 250w, https:\/\/www.seven.io\/wp-content\/uploads\/integrationen_kanboard_logo-400x400.png 400w, https:\/\/www.seven.io\/wp-content\/uploads\/integrationen_kanboard_logo-200x200.png 200w, https:\/\/www.seven.io\/wp-content\/uploads\/integrationen_kanboard_logo.png 450w\" sizes=\"auto, (max-width: 300px) 100vw, 300px\" \/><\/div><\/div><\/div><\/div><\/div><\/div><\/div><\/section><section class=\"l-section wpb_row height_small color_alternate\"><div class=\"l-section-h i-cf\"><div class=\"g-cols vc_row via_flex valign_middle type_default stacking_default\"><div class=\"vc_col-sm-6 wpb_column vc_column_container\"><div class=\"vc_column-inner\"><div class=\"wpb_wrapper\"><div class=\"w-image align_center\"><div class=\"w-image-h\"><img decoding=\"async\" width=\"400\" height=\"501\" src=\"https:\/\/www.seven.io\/wp-content\/uploads\/integrationen_kanboard_mock_de-400x501.png\" class=\"attachment-us_400_0 size-us_400_0\" alt=\"Versenden Sie 2FA Codes in Kanboard via SMS\" loading=\"lazy\" srcset=\"https:\/\/www.seven.io\/wp-content\/uploads\/integrationen_kanboard_mock_de-400x501.png 400w, https:\/\/www.seven.io\/wp-content\/uploads\/integrationen_kanboard_mock_de-240x300.png 240w, https:\/\/www.seven.io\/wp-content\/uploads\/integrationen_kanboard_mock_de-350x438.png 350w, https:\/\/www.seven.io\/wp-content\/uploads\/integrationen_kanboard_mock_de-250x313.png 250w, https:\/\/www.seven.io\/wp-content\/uploads\/integrationen_kanboard_mock_de-300x376.png 300w, https:\/\/www.seven.io\/wp-content\/uploads\/integrationen_kanboard_mock_de-319x400.png 319w, https:\/\/www.seven.io\/wp-content\/uploads\/integrationen_kanboard_mock_de-200x250.png 200w, https:\/\/www.seven.io\/wp-content\/uploads\/integrationen_kanboard_mock_de.png 511w\" sizes=\"auto, (max-width: 400px) 100vw, 400px\" \/><\/div><\/div><\/div><\/div><\/div><div class=\"vc_col-sm-6 wpb_column vc_column_container\"><div class=\"vc_column-inner\"><div class=\"wpb_wrapper\"><div class=\"wpb_text_column\"><div class=\"wpb_wrapper\"><h3>Versand von 2FA Codes in Kanboard via SMS<\/h3>\n<p>Sie m\u00f6chten eine <a href=\"\/loesungen\/einsatzbereiche\/zweifaktor-authentifizierung\/\">Zweifaktor-Authentifizierung<\/a> nutzen und die Codes per SMS versenden? Mit unserem Plugin haben Sie den Versand von 2FA Codes in Kanboard via SMS im Nu integriert.<\/p>\n<p>Nachdem Sie das Plugin installiert haben, m\u00fcssen Sie nur noch Ihren <a href=\"https:\/\/help.seven.io\/de\/api-key-zugriff\" rel=\"noopener\">API Key<\/a> angeben. Optional k\u00f6nnen Sie auch zus\u00e4tzlich eine Sender ID angeben, die als Absendername angezeigt wird, wenn Sie eine SMS versenden. Haben Sie die Einrichtung abgeschlossen, k\u00f6nnen Sie die Zweifaktor-Authentifizierung sofort aktivieren und nutzen, wenn Sie eine Mobilfunknummer in Ihrem Profil hinterlegt haben.<\/p>\n<\/div><\/div><\/div><\/div><\/div><\/div><\/div><\/section><!-- Row Backgrounds --><div class=\"upb_color\" data-bg-override=\"0\" data-bg-color=\"#f4f4f4\" data-fadeout=\"\" data-fadeout-percentage=\"30\" data-parallax-content=\"\" data-parallax-content-sense=\"30\" data-row-effect-mobile-disable=\"true\" data-img-parallax-mobile-disable=\"true\" data-rtl=\"false\"  data-custom-vc-row=\"\"  data-vc=\"8.7.2\"  data-is_old_vc=\"\"  data-theme-support=\"disable\"   data-overlay=\"false\" data-overlay-color=\"\" data-overlay-pattern=\"\" data-overlay-pattern-opacity=\"\" data-overlay-pattern-size=\"\"    ><\/div><section class=\"l-section wpb_row height_small\"><div class=\"l-section-h i-cf\"><div class=\"g-cols vc_row via_flex valign_middle type_default stacking_default\"><div class=\"vc_col-sm-6 wpb_column vc_column_container\"><div class=\"vc_column-inner\"><div class=\"wpb_wrapper\"><div class=\"wpb_text_column\"><div class=\"wpb_wrapper\"><h3>2FA via SMS<\/h3>\n<\/div><\/div><div class=\"uavc-list-icon uavc-list-icon-wrapper ult-adjust-bottom-margin   \"><ul class=\"uavc-list\"><li><div class=\"uavc-list-content\" id=\"list-icon-wrap-6274\">\n<div class=\"uavc-list-icon  \" data-animation=\"\" data-animation-delay=\"03\" style=\"margin-right:25px;\"><div class=\"ult-just-icon-wrapper  \"><div class=\"align-icon\" style=\"text-align:center;\">\n<div class=\"aio-icon none \"  style=\"color:#52c0fa;font-size:40px;display:inline-block;\">\n\t<i class=\"Defaults-envelope-o\"><\/i>\n<\/div><\/div><\/div>\n<\/div><span  data-ultimate-target='#list-icon-wrap-6274 .uavc-list-desc'  data-responsive-json-new='{\"font-size\":\"\",\"line-height\":\"\"}'  class=\"uavc-list-desc ult-responsive\" style=\"\">Richten Sie mit unserem Plugin die Zweifaktor-Authentifizierung via SMS ein, um Ihren Login sicherer zu gestalten.<\/span><\/div><\/li><\/ul><\/div><div class=\"wpb_text_column\"><div class=\"wpb_wrapper\"><h3>Sender-ID<\/h3>\n<\/div><\/div><div class=\"uavc-list-icon uavc-list-icon-wrapper ult-adjust-bottom-margin   \"><ul class=\"uavc-list\"><li><div class=\"uavc-list-content\" id=\"list-icon-wrap-5567\">\n<div class=\"uavc-list-icon  \" data-animation=\"\" data-animation-delay=\"03\" style=\"margin-right:25px;\"><div class=\"ult-just-icon-wrapper  \"><div class=\"align-icon\" style=\"text-align:center;\">\n<div class=\"aio-icon none \"  style=\"color:#52c0fa;font-size:40px;display:inline-block;\">\n\t<i class=\"Defaults-user\"><\/i>\n<\/div><\/div><\/div>\n<\/div><span  data-ultimate-target='#list-icon-wrap-5567 .uavc-list-desc'  data-responsive-json-new='{\"font-size\":\"\",\"line-height\":\"\"}'  class=\"uavc-list-desc ult-responsive\" style=\"\">Zur besseren Identifizierung Ihrer eingehenden SMS k\u00f6nnen Sie einen <a href=\"https:\/\/help.seven.io\/de\/absenderkennung-setzen\" rel=\"noopener\">Absendernamen<\/a> angeben.<\/span><\/div><\/li><\/ul><\/div><\/div><\/div><\/div><div class=\"vc_col-sm-6 wpb_column vc_column_container\"><div class=\"vc_column-inner\"><div class=\"wpb_wrapper\"><div class=\"w-image no-border align_center\"><a ref=\"magnificPopup\" href=\"https:\/\/www.seven.io\/wp-content\/uploads\/integrationen_kanboard_2fa_awaiting_validation.png\" aria-label=\"integrationen_kanboard_2fa_awaiting_validation\" class=\"w-image-h\"><img decoding=\"async\" width=\"768\" height=\"512\" src=\"https:\/\/www.seven.io\/wp-content\/uploads\/integrationen_kanboard_2fa_awaiting_validation-768x512.png\" class=\"attachment-us_768_0 size-us_768_0\" alt=\"2FA Codes in Kanboard via SMS versenden\" loading=\"lazy\" srcset=\"https:\/\/www.seven.io\/wp-content\/uploads\/integrationen_kanboard_2fa_awaiting_validation-768x512.png 768w, https:\/\/www.seven.io\/wp-content\/uploads\/integrationen_kanboard_2fa_awaiting_validation-300x200.png 300w, https:\/\/www.seven.io\/wp-content\/uploads\/integrationen_kanboard_2fa_awaiting_validation-350x233.png 350w, https:\/\/www.seven.io\/wp-content\/uploads\/integrationen_kanboard_2fa_awaiting_validation-250x167.png 250w, https:\/\/www.seven.io\/wp-content\/uploads\/integrationen_kanboard_2fa_awaiting_validation-600x400.png 600w, https:\/\/www.seven.io\/wp-content\/uploads\/integrationen_kanboard_2fa_awaiting_validation-400x267.png 400w, https:\/\/www.seven.io\/wp-content\/uploads\/integrationen_kanboard_2fa_awaiting_validation-200x133.png 200w, https:\/\/www.seven.io\/wp-content\/uploads\/integrationen_kanboard_2fa_awaiting_validation.png 1024w\" sizes=\"auto, (max-width: 768px) 100vw, 768px\" \/><\/a><\/div><div class=\"w-separator size_custom\" style=\"height:10px\"><\/div><div class=\"wpb_text_column\"><div class=\"wpb_wrapper\"><p style=\"text-align: center;\"><em>Beispiel der Benutzeroberfl\u00e4che nach Versand von 2FA Codes in Kanboard via SMS. Zum Vergr\u00f6\u00dfern anklicken.<\/em><\/p>\n<\/div><\/div><\/div><\/div><\/div><\/div><\/div><\/section><section class=\"l-section wpb_row height_small\"><div class=\"l-section-h i-cf\"><div class=\"g-cols vc_row via_flex valign_top type_default stacking_default\"><div class=\"vc_col-sm-12 wpb_column vc_column_container\"><div class=\"vc_column-inner\"><div class=\"wpb_wrapper\"><div class=\"w-actionbox us_custom_e47d7875 color_light controls_right\"><div class=\"w-actionbox-text\"><div class=\"w-actionbox-description\"><p>Sie brauchen Hilfe bei der Installation oder der Einrichtung der Funktionen?<br \/>\nAuf unserer GitHub-Seite finden Sie weitere Informationen.<\/p>\n<\/div><\/div><div class=\"w-actionbox-controls\"><a class=\"w-btn us-btn-style_5\" target=\"_blank\" rel=\"nofollow noopener\" href=\"https:\/\/github.com\/seven-io\/kanboard\"><span class=\"w-btn-label\">Zu GitHub<\/span><\/a><\/div><\/div><\/div><\/div><\/div><\/div><\/div><\/section><!-- Row Backgrounds --><div class=\"upb_color\" data-bg-override=\"0\" data-bg-color=\"#ffffff\" data-fadeout=\"\" data-fadeout-percentage=\"30\" data-parallax-content=\"\" data-parallax-content-sense=\"30\" data-row-effect-mobile-disable=\"true\" data-img-parallax-mobile-disable=\"true\" data-rtl=\"false\"  data-custom-vc-row=\"\"  data-vc=\"8.7.2\"  data-is_old_vc=\"\"  data-theme-support=\"disable\"   data-overlay=\"false\" data-overlay-color=\"\" data-overlay-pattern=\"\" data-overlay-pattern-opacity=\"\" data-overlay-pattern-size=\"\"    ><\/div>\n","protected":false},"excerpt":{"rendered":"Kanboard ist eine minimalistische Projektmanagement-Software auf der Basis von Kanban. Die Open-Source-Software fokussiert sich auf ein simples Design, um einen klaren \u00dcberblick \u00fcber die laufenden Projekte zu erm\u00f6glichen.\u00a0 Um \u00fcbersichtlich zu bleiben, bietet Kanboard einige wenige, daf\u00fcr umso praktischere Funktionen, wie eine limitierte Anzahl von Work-in-progress-Aufgaben, Suche und Filter und M\u00f6glichkeiten zur Automatisierung von Abl\u00e4ufen....","protected":false},"author":1,"featured_media":81223,"parent":17075,"menu_order":0,"comment_status":"closed","ping_status":"closed","template":"","meta":{"content-type":"","footnotes":""},"class_list":["post-81227","page","type-page","status-publish","has-post-thumbnail","hentry"],"_links":{"self":[{"href":"https:\/\/www.seven.io\/de\/wp-json\/wp\/v2\/pages\/81227","targetHints":{"allow":["GET"]}}],"collection":[{"href":"https:\/\/www.seven.io\/de\/wp-json\/wp\/v2\/pages"}],"about":[{"href":"https:\/\/www.seven.io\/de\/wp-json\/wp\/v2\/types\/page"}],"author":[{"embeddable":true,"href":"https:\/\/www.seven.io\/de\/wp-json\/wp\/v2\/users\/1"}],"replies":[{"embeddable":true,"href":"https:\/\/www.seven.io\/de\/wp-json\/wp\/v2\/comments?post=81227"}],"version-history":[{"count":15,"href":"https:\/\/www.seven.io\/de\/wp-json\/wp\/v2\/pages\/81227\/revisions"}],"predecessor-version":[{"id":88698,"href":"https:\/\/www.seven.io\/de\/wp-json\/wp\/v2\/pages\/81227\/revisions\/88698"}],"up":[{"embeddable":true,"href":"https:\/\/www.seven.io\/de\/wp-json\/wp\/v2\/pages\/17075"}],"wp:featuredmedia":[{"embeddable":true,"href":"https:\/\/www.seven.io\/de\/wp-json\/wp\/v2\/media\/81223"}],"wp:attachment":[{"href":"https:\/\/www.seven.io\/de\/wp-json\/wp\/v2\/media?parent=81227"}],"curies":[{"name":"wp","href":"https:\/\/api.w.org\/{rel}","templated":true}]}}