{"id":81248,"date":"2022-02-08T08:03:15","date_gmt":"2022-02-08T07:03:15","guid":{"rendered":"https:\/\/www.sms77.io\/?page_id=81248"},"modified":"2023-02-22T13:17:22","modified_gmt":"2023-02-22T12:17:22","slug":"webthings","status":"publish","type":"page","link":"https:\/\/www.seven.io\/de\/loesungen\/integrationen\/webthings\/","title":{"rendered":"WebThings"},"content":{"rendered":"<section class=\"l-section wpb_row height_small\"><div class=\"l-section-h i-cf\"><div class=\"g-cols vc_row via_flex valign_middle type_default stacking_default\"><div class=\"vc_col-sm-6 wpb_column vc_column_container\"><div class=\"vc_column-inner\"><div class=\"wpb_wrapper\"><div class=\"wpb_text_column\"><div class=\"wpb_wrapper\"><p><strong>WebThings ist ein Open-Source-Projekt, das die Verwaltung, \u00dcberwachung und Steuerung von IoT-Devices erm\u00f6glicht. Das Projekt entstand unter Mozilla, wurde aber im Jahr 2020 ausgegliedert. Seitdem wird es durch die Community weitergef\u00fchrt.<\/strong><\/p>\n<p><strong>WebThings erm\u00f6glicht die Erstellung eines dezentralisierten Internet of Things, dem sogenannten &#8222;Web of Things&#8220;, in dem der Fokus auf einer h\u00f6heren Sicherheit und einer besseren Privatsph\u00e4re liegt. Zu WebThings geh\u00f6ren das WebThings Gateway, das WebThings Framework und die WebThings Cloud.<\/strong><\/p>\n<p><strong>Durch unser Plugin k\u00f6nnen Sie den Versand von SMS mit WebThings in Ihr \u201eWeb der Dinge\u201c einbinden und sich so beispielsweise im Zuge Ihres Monitorings \u00fcber bestimmte Ereignisse informieren lassen.<\/strong><\/p>\n<\/div><\/div><div class=\"w-btn-wrapper align_none\"><a class=\"w-btn us-btn-style_1 no-border\" target=\"_blank\" rel=\"nofollow noopener\" href=\"https:\/\/github.com\/seven-io\/webthings\"><span class=\"w-btn-label\">Unser SMS Plugin f\u00fcr WebThings<\/span><\/a><\/div><\/div><\/div><\/div><div class=\"vc_col-sm-6 wpb_column vc_column_container\"><div class=\"vc_column-inner\"><div class=\"wpb_wrapper\"><div class=\"w-image align_center\"><div class=\"w-image-h\"><img decoding=\"async\" width=\"300\" height=\"300\" src=\"https:\/\/www.seven.io\/wp-content\/uploads\/integrationen_webthings_logo-300x300.png\" class=\"attachment-us_300_0 size-us_300_0\" alt=\"WebThings Logo\" loading=\"lazy\" srcset=\"https:\/\/www.seven.io\/wp-content\/uploads\/integrationen_webthings_logo-300x300.png 300w, https:\/\/www.seven.io\/wp-content\/uploads\/integrationen_webthings_logo-150x150.png 150w, https:\/\/www.seven.io\/wp-content\/uploads\/integrationen_webthings_logo-350x350.png 350w, https:\/\/www.seven.io\/wp-content\/uploads\/integrationen_webthings_logo-250x250.png 250w, https:\/\/www.seven.io\/wp-content\/uploads\/integrationen_webthings_logo-400x400.png 400w, https:\/\/www.seven.io\/wp-content\/uploads\/integrationen_webthings_logo-200x200.png 200w, https:\/\/www.seven.io\/wp-content\/uploads\/integrationen_webthings_logo.png 450w\" sizes=\"auto, (max-width: 300px) 100vw, 300px\" \/><\/div><\/div><\/div><\/div><\/div><\/div><\/div><\/section><section class=\"l-section wpb_row height_small color_alternate\"><div class=\"l-section-h i-cf\"><div class=\"g-cols vc_row via_flex valign_middle type_default stacking_default\"><div class=\"vc_col-sm-6 wpb_column vc_column_container\"><div class=\"vc_column-inner\"><div class=\"wpb_wrapper\"><div class=\"w-image align_center\"><div class=\"w-image-h\"><img decoding=\"async\" width=\"400\" height=\"501\" src=\"https:\/\/www.seven.io\/wp-content\/uploads\/integrationen_webthings_mock_de-400x501.png\" class=\"attachment-us_400_0 size-us_400_0\" alt=\"Senden Sie SMS mit WebThings, zum Beispiel um eine Alarmfunktion zu implementieren.\" loading=\"lazy\" srcset=\"https:\/\/www.seven.io\/wp-content\/uploads\/integrationen_webthings_mock_de-400x501.png 400w, https:\/\/www.seven.io\/wp-content\/uploads\/integrationen_webthings_mock_de-240x300.png 240w, https:\/\/www.seven.io\/wp-content\/uploads\/integrationen_webthings_mock_de-350x438.png 350w, https:\/\/www.seven.io\/wp-content\/uploads\/integrationen_webthings_mock_de-250x313.png 250w, https:\/\/www.seven.io\/wp-content\/uploads\/integrationen_webthings_mock_de-300x376.png 300w, https:\/\/www.seven.io\/wp-content\/uploads\/integrationen_webthings_mock_de-319x400.png 319w, https:\/\/www.seven.io\/wp-content\/uploads\/integrationen_webthings_mock_de-200x250.png 200w, https:\/\/www.seven.io\/wp-content\/uploads\/integrationen_webthings_mock_de-500x626.png 500w, https:\/\/www.seven.io\/wp-content\/uploads\/integrationen_webthings_mock_de.png 511w\" sizes=\"auto, (max-width: 400px) 100vw, 400px\" \/><\/div><\/div><\/div><\/div><\/div><div class=\"vc_col-sm-6 wpb_column vc_column_container\"><div class=\"vc_column-inner\"><div class=\"wpb_wrapper\"><div class=\"wpb_text_column\"><div class=\"wpb_wrapper\"><h3>Versenden Sie SMS mit WebThings<\/h3>\n<p>Mit <a href=\"https:\/\/github.com\/seven-io\/webthings\" target=\"_blank\" rel=\"noopener\">unserem Plugin<\/a>\u00a0realisieren\u00a0Sie den Versand von SMS mit WebThings im Handumdrehen. Nach der Installation unseres Plugins und einer kurzen Einrichtung k\u00f6nnen Sie anfangen: Legen Sie beispielsweise eine Regel fest, die besagt, dass eine SMS versandt wird, sobald ein bestimmtes Ereignis eintritt.<\/p>\n<p>So k\u00f6nnen Sie besonders leicht Alarme versenden, aber auch andere Benachrichtigungen einrichten, um auf dem neusten Stand zu bleiben.<span class=\"Apple-converted-space\">\u00a0Probieren Sie es einfach aus \u2013 Sie k\u00f6nnen bei uns <a href=\"https:\/\/app.seven.io\/signup\" rel=\"noopener\">kostenlos einen Account anlegen<\/a> und den SMS-Versand ausprobieren. Ohne Vertragslaufzeit oder Mindestumsatz, Sie zahlen nur, was Sie verbrauchen.<\/span><\/p>\n<\/div><\/div><\/div><\/div><\/div><\/div><\/div><\/section><!-- Row Backgrounds --><div class=\"upb_color\" data-bg-override=\"0\" data-bg-color=\"#f4f4f4\" data-fadeout=\"\" data-fadeout-percentage=\"30\" data-parallax-content=\"\" data-parallax-content-sense=\"30\" data-row-effect-mobile-disable=\"true\" data-img-parallax-mobile-disable=\"true\" data-rtl=\"false\"  data-custom-vc-row=\"\"  data-vc=\"8.7.2\"  data-is_old_vc=\"\"  data-theme-support=\"disable\"   data-overlay=\"false\" data-overlay-color=\"\" data-overlay-pattern=\"\" data-overlay-pattern-opacity=\"\" data-overlay-pattern-size=\"\"    ><\/div><section class=\"l-section wpb_row height_small\"><div class=\"l-section-h i-cf\"><div class=\"g-cols vc_row via_flex valign_middle type_default stacking_default\"><div class=\"vc_col-sm-6 wpb_column vc_column_container\"><div class=\"vc_column-inner\"><div class=\"wpb_wrapper\"><div class=\"wpb_text_column\"><div class=\"wpb_wrapper\"><h3>SMS-Versand<\/h3>\n<\/div><\/div><div class=\"uavc-list-icon uavc-list-icon-wrapper ult-adjust-bottom-margin   \"><ul class=\"uavc-list\"><li><div class=\"uavc-list-content\" id=\"list-icon-wrap-2562\">\n<div class=\"uavc-list-icon  \" data-animation=\"\" data-animation-delay=\"03\" style=\"margin-right:25px;\"><div class=\"ult-just-icon-wrapper  \"><div class=\"align-icon\" style=\"text-align:center;\">\n<div class=\"aio-icon none \"  style=\"color:#52c0fa;font-size:40px;display:inline-block;\">\n\t<i class=\"Defaults-envelope-o\"><\/i>\n<\/div><\/div><\/div>\n<\/div><span  data-ultimate-target='#list-icon-wrap-2562 .uavc-list-desc'  data-responsive-json-new='{\"font-size\":\"\",\"line-height\":\"\"}'  class=\"uavc-list-desc ult-responsive\" style=\"\">Implementieren Sie Ihren individuellen SMS-Versand in WebThings, um die Benachrichtigung f\u00fcr Alarme zu nutzen oder immer informiert zu sein. Sie haben einen eigenen spannenden Anwendungsfall? Wir freuen uns, wenn Sie uns <a href=\"\/unternehmen\/kontakt\/\">davon erz\u00e4hlen<\/a>.<\/span><\/div><\/li><\/ul><\/div><div class=\"wpb_text_column\"><div class=\"wpb_wrapper\"><h3>Sender ID<\/h3>\n<\/div><\/div><div class=\"uavc-list-icon uavc-list-icon-wrapper ult-adjust-bottom-margin   \"><ul class=\"uavc-list\"><li><div class=\"uavc-list-content\" id=\"list-icon-wrap-5007\">\n<div class=\"uavc-list-icon  \" data-animation=\"\" data-animation-delay=\"03\" style=\"margin-right:25px;\"><div class=\"ult-just-icon-wrapper  \"><div class=\"align-icon\" style=\"text-align:center;\">\n<div class=\"aio-icon none \"  style=\"color:#52c0fa;font-size:40px;display:inline-block;\">\n\t<i class=\"Defaults-user\"><\/i>\n<\/div><\/div><\/div>\n<\/div><span  data-ultimate-target='#list-icon-wrap-5007 .uavc-list-desc'  data-responsive-json-new='{\"font-size\":\"\",\"line-height\":\"\"}'  class=\"uavc-list-desc ult-responsive\" style=\"\">Legen Sie eine Sender ID fest, die den Empf\u00e4ngern der SMS als Absendername angezeigt wird.<\/span><\/div><\/li><\/ul><\/div><\/div><\/div><\/div><div class=\"vc_col-sm-6 wpb_column vc_column_container\"><div class=\"vc_column-inner\"><div class=\"wpb_wrapper\"><div class=\"w-image no-border align_center\"><a ref=\"magnificPopup\" href=\"https:\/\/www.seven.io\/wp-content\/uploads\/integrationen_webthings_example_rule.png\" aria-label=\"integrationen_webthings_example_rule\" class=\"w-image-h\"><img decoding=\"async\" width=\"768\" height=\"433\" src=\"https:\/\/www.seven.io\/wp-content\/uploads\/integrationen_webthings_example_rule-768x433.png\" class=\"attachment-us_768_0 size-us_768_0\" alt=\"Versenden Sie SMS mit WebThings, um sich \u00fcber bestimmte Ereignisse informieren zu lassen.\" loading=\"lazy\" srcset=\"https:\/\/www.seven.io\/wp-content\/uploads\/integrationen_webthings_example_rule-768x433.png 768w, https:\/\/www.seven.io\/wp-content\/uploads\/integrationen_webthings_example_rule-300x169.png 300w, https:\/\/www.seven.io\/wp-content\/uploads\/integrationen_webthings_example_rule-350x197.png 350w, https:\/\/www.seven.io\/wp-content\/uploads\/integrationen_webthings_example_rule-250x141.png 250w, https:\/\/www.seven.io\/wp-content\/uploads\/integrationen_webthings_example_rule-600x338.png 600w, https:\/\/www.seven.io\/wp-content\/uploads\/integrationen_webthings_example_rule-400x225.png 400w, https:\/\/www.seven.io\/wp-content\/uploads\/integrationen_webthings_example_rule-200x113.png 200w, https:\/\/www.seven.io\/wp-content\/uploads\/integrationen_webthings_example_rule.png 1024w\" sizes=\"auto, (max-width: 768px) 100vw, 768px\" \/><\/a><\/div><div class=\"w-separator size_custom\" style=\"height:10px\"><\/div><div class=\"wpb_text_column\"><div class=\"wpb_wrapper\"><p style=\"text-align: center;\"><em>Beispiel einer neuen Regel zum Versand einer SMS mit WebThings, zum Vergr\u00f6\u00dfern anklicken.<\/em><\/p>\n<\/div><\/div><\/div><\/div><\/div><\/div><\/div><\/section><section class=\"l-section wpb_row height_small\"><div class=\"l-section-h i-cf\"><div class=\"g-cols vc_row via_flex valign_top type_default stacking_default\"><div class=\"vc_col-sm-12 wpb_column vc_column_container\"><div class=\"vc_column-inner\"><div class=\"wpb_wrapper\"><div class=\"w-actionbox us_custom_e47d7875 color_light controls_right\"><div class=\"w-actionbox-text\"><div class=\"w-actionbox-description\"><p>Sie brauchen Hilfe bei der Installation oder der Einrichtung der Funktionen?<br \/>\nAuf unserer GitHub-Seite finden Sie weitere Informationen.<\/p>\n<\/div><\/div><div class=\"w-actionbox-controls\"><a class=\"w-btn us-btn-style_5\" target=\"_blank\" rel=\"nofollow noopener\" href=\"https:\/\/github.com\/seven-io\/webthings\"><span class=\"w-btn-label\">Zu GitHub<\/span><\/a><\/div><\/div><\/div><\/div><\/div><\/div><\/div><\/section><!-- Row Backgrounds --><div class=\"upb_color\" data-bg-override=\"0\" data-bg-color=\"#ffffff\" data-fadeout=\"\" data-fadeout-percentage=\"30\" data-parallax-content=\"\" data-parallax-content-sense=\"30\" data-row-effect-mobile-disable=\"true\" data-img-parallax-mobile-disable=\"true\" data-rtl=\"false\"  data-custom-vc-row=\"\"  data-vc=\"8.7.2\"  data-is_old_vc=\"\"  data-theme-support=\"disable\"   data-overlay=\"false\" data-overlay-color=\"\" data-overlay-pattern=\"\" data-overlay-pattern-opacity=\"\" data-overlay-pattern-size=\"\"    ><\/div>\n","protected":false},"excerpt":{"rendered":"WebThings ist ein Open-Source-Projekt, das die Verwaltung, \u00dcberwachung und Steuerung von IoT-Devices erm\u00f6glicht. Das Projekt entstand unter Mozilla, wurde aber im Jahr 2020 ausgegliedert. Seitdem wird es durch die Community weitergef\u00fchrt. WebThings erm\u00f6glicht die Erstellung eines dezentralisierten Internet of Things, dem sogenannten &#8222;Web of Things&#8220;, in dem der Fokus auf einer h\u00f6heren Sicherheit und einer...","protected":false},"author":1,"featured_media":81169,"parent":17075,"menu_order":0,"comment_status":"closed","ping_status":"closed","template":"","meta":{"content-type":"","footnotes":""},"class_list":["post-81248","page","type-page","status-publish","has-post-thumbnail","hentry"],"_links":{"self":[{"href":"https:\/\/www.seven.io\/de\/wp-json\/wp\/v2\/pages\/81248","targetHints":{"allow":["GET"]}}],"collection":[{"href":"https:\/\/www.seven.io\/de\/wp-json\/wp\/v2\/pages"}],"about":[{"href":"https:\/\/www.seven.io\/de\/wp-json\/wp\/v2\/types\/page"}],"author":[{"embeddable":true,"href":"https:\/\/www.seven.io\/de\/wp-json\/wp\/v2\/users\/1"}],"replies":[{"embeddable":true,"href":"https:\/\/www.seven.io\/de\/wp-json\/wp\/v2\/comments?post=81248"}],"version-history":[{"count":19,"href":"https:\/\/www.seven.io\/de\/wp-json\/wp\/v2\/pages\/81248\/revisions"}],"predecessor-version":[{"id":88855,"href":"https:\/\/www.seven.io\/de\/wp-json\/wp\/v2\/pages\/81248\/revisions\/88855"}],"up":[{"embeddable":true,"href":"https:\/\/www.seven.io\/de\/wp-json\/wp\/v2\/pages\/17075"}],"wp:featuredmedia":[{"embeddable":true,"href":"https:\/\/www.seven.io\/de\/wp-json\/wp\/v2\/media\/81169"}],"wp:attachment":[{"href":"https:\/\/www.seven.io\/de\/wp-json\/wp\/v2\/media?parent=81248"}],"curies":[{"name":"wp","href":"https:\/\/api.w.org\/{rel}","templated":true}]}}