{"id":81277,"date":"2022-02-09T11:32:37","date_gmt":"2022-02-09T10:32:37","guid":{"rendered":"https:\/\/www.sms77.io\/?page_id=81277"},"modified":"2024-07-02T14:31:00","modified_gmt":"2024-07-02T12:31:00","slug":"grav","status":"publish","type":"page","link":"https:\/\/www.seven.io\/de\/loesungen\/integrationen\/grav\/","title":{"rendered":"Grav"},"content":{"rendered":"<section class=\"l-section wpb_row height_small\"><div class=\"l-section-h i-cf\"><div class=\"g-cols vc_row via_flex valign_middle type_default stacking_default\"><div class=\"vc_col-sm-6 wpb_column vc_column_container\"><div class=\"vc_column-inner\"><div class=\"wpb_wrapper\"><div class=\"wpb_text_column\"><div class=\"wpb_wrapper\"><p><strong>Grav ist ein Open Source Flat File CMS, das durch seine minimalistischen Ans\u00e4tze insbesondere mit einer hohen Geschwindigkeit gl\u00e4nzen kann. Der Fokus auf einfache Strukturen und Bedienbarkeit machen das Content Management System zu einer beliebten Alternative zu den oft \u00fcberladenen Konkurrenten. Das Erscheinungsbild ist, wie gewohnt, durch Themes anpassbar und auch zus\u00e4tzliche Funktionen k\u00f6nnen durch Plugins nachger\u00fcstet werden.<\/strong><\/p>\n<p><strong>Mit unserem Plugin k\u00f6nnen Sie beispielsweise eine SMS mit Grav versenden, wenn ein Formular auf Ihrer Webseite ausgef\u00fcllt wurde. So sind Sie immer informiert und verpassen keine wichtigen Anfragen mehr.<span class=\"Apple-converted-space\">\u00a0<\/span><\/strong><\/p>\n<\/div><\/div><div class=\"w-btn-wrapper align_none\"><a class=\"w-btn us-btn-style_1 no-border\" target=\"_blank\" rel=\"nofollow noopener\" href=\"https:\/\/github.com\/seven-io\/grav-form-notification\"><span class=\"w-btn-label\">Unser SMS Plugin f\u00fcr Grav<\/span><\/a><\/div><\/div><\/div><\/div><div class=\"vc_col-sm-6 wpb_column vc_column_container\"><div class=\"vc_column-inner\"><div class=\"wpb_wrapper\"><div class=\"w-image align_center\"><div class=\"w-image-h\"><img decoding=\"async\" width=\"300\" height=\"300\" src=\"https:\/\/www.seven.io\/wp-content\/uploads\/integrationen_grav_logo-300x300.png\" class=\"attachment-us_300_0 size-us_300_0\" alt=\"Das Logo des CMS Grav\" loading=\"lazy\" srcset=\"https:\/\/www.seven.io\/wp-content\/uploads\/integrationen_grav_logo-300x300.png 300w, https:\/\/www.seven.io\/wp-content\/uploads\/integrationen_grav_logo-150x150.png 150w, https:\/\/www.seven.io\/wp-content\/uploads\/integrationen_grav_logo-350x350.png 350w, https:\/\/www.seven.io\/wp-content\/uploads\/integrationen_grav_logo-250x250.png 250w, https:\/\/www.seven.io\/wp-content\/uploads\/integrationen_grav_logo-400x400.png 400w, https:\/\/www.seven.io\/wp-content\/uploads\/integrationen_grav_logo-200x200.png 200w, https:\/\/www.seven.io\/wp-content\/uploads\/integrationen_grav_logo.png 450w\" sizes=\"auto, (max-width: 300px) 100vw, 300px\" \/><\/div><\/div><\/div><\/div><\/div><\/div><\/div><\/section><section class=\"l-section wpb_row height_small color_alternate\"><div class=\"l-section-h i-cf\"><div class=\"g-cols vc_row via_flex valign_middle type_default stacking_default\"><div class=\"vc_col-sm-6 wpb_column vc_column_container\"><div class=\"vc_column-inner\"><div class=\"wpb_wrapper\"><div class=\"w-image align_center\"><div class=\"w-image-h\"><img decoding=\"async\" width=\"400\" height=\"501\" src=\"https:\/\/www.seven.io\/wp-content\/uploads\/integrationen_grav_mock_de-400x501.png\" class=\"attachment-us_400_0 size-us_400_0\" alt=\"Immer informiert: Versenden Sie SMS mit Grav\" loading=\"lazy\" srcset=\"https:\/\/www.seven.io\/wp-content\/uploads\/integrationen_grav_mock_de-400x501.png 400w, https:\/\/www.seven.io\/wp-content\/uploads\/integrationen_grav_mock_de-240x300.png 240w, https:\/\/www.seven.io\/wp-content\/uploads\/integrationen_grav_mock_de-350x438.png 350w, https:\/\/www.seven.io\/wp-content\/uploads\/integrationen_grav_mock_de-250x313.png 250w, https:\/\/www.seven.io\/wp-content\/uploads\/integrationen_grav_mock_de-300x376.png 300w, https:\/\/www.seven.io\/wp-content\/uploads\/integrationen_grav_mock_de-319x400.png 319w, https:\/\/www.seven.io\/wp-content\/uploads\/integrationen_grav_mock_de-200x250.png 200w, https:\/\/www.seven.io\/wp-content\/uploads\/integrationen_grav_mock_de-500x626.png 500w, https:\/\/www.seven.io\/wp-content\/uploads\/integrationen_grav_mock_de.png 511w\" sizes=\"auto, (max-width: 400px) 100vw, 400px\" \/><\/div><\/div><\/div><\/div><\/div><div class=\"vc_col-sm-6 wpb_column vc_column_container\"><div class=\"vc_column-inner\"><div class=\"wpb_wrapper\"><div class=\"wpb_text_column\"><div class=\"wpb_wrapper\"><h3>SMS mit Grav versenden<\/h3>\n<p>Mit <a href=\"https:\/\/github.com\/seven-io\/grav-form-notification\" target=\"_blank\" rel=\"noopener\">unserem Plugin<\/a> k\u00f6nnen Sie eine SMS mit Grav versenden lassen, wenn ein Formular auf Ihrer Webseite ausgef\u00fcllt wird. Sie k\u00f6nnen sowohl eine Nummer festlegen, die eine SMS erhalten soll, als auch den Nutzern selbst eine SMS schicken lassen, nachdem sie das Formular ausgef\u00fcllt haben.<\/p>\n<p>Statt einer SMS k\u00f6nnen Sie auch eine <a href=\"\/de\/produkte\/voice\/\">Text-to-Speech-Nachricht<\/a> versenden, die als Anruf zugestellt und am Telefon vorgelesen wird. Unsere Kunden nutzen diese Funktion gern f\u00fcr Nachrichten, die besonders wichtig sind und daher unbedingt sofort ihre Aufmerksamkeit erregen m\u00fcssen.<\/p>\n<\/div><\/div><\/div><\/div><\/div><\/div><\/div><\/section><!-- Row Backgrounds --><div class=\"upb_color\" data-bg-override=\"0\" data-bg-color=\"#f4f4f4\" data-fadeout=\"\" data-fadeout-percentage=\"30\" data-parallax-content=\"\" data-parallax-content-sense=\"30\" data-row-effect-mobile-disable=\"true\" data-img-parallax-mobile-disable=\"true\" data-rtl=\"false\"  data-custom-vc-row=\"\"  data-vc=\"8.7.2\"  data-is_old_vc=\"\"  data-theme-support=\"disable\"   data-overlay=\"false\" data-overlay-color=\"\" data-overlay-pattern=\"\" data-overlay-pattern-opacity=\"\" data-overlay-pattern-size=\"\"    ><\/div><section class=\"l-section wpb_row height_small\"><div class=\"l-section-h i-cf\"><div class=\"g-cols vc_row via_flex valign_middle type_default stacking_default\"><div class=\"vc_col-sm-6 wpb_column vc_column_container\"><div class=\"vc_column-inner\"><div class=\"wpb_wrapper\"><div class=\"wpb_text_column\"><div class=\"wpb_wrapper\"><h3>SMS-Versand<\/h3>\n<\/div><\/div><div class=\"uavc-list-icon uavc-list-icon-wrapper ult-adjust-bottom-margin   \"><ul class=\"uavc-list\"><li><div class=\"uavc-list-content\" id=\"list-icon-wrap-7256\">\n<div class=\"uavc-list-icon  \" data-animation=\"\" data-animation-delay=\"03\" style=\"margin-right:25px;\"><div class=\"ult-just-icon-wrapper  \"><div class=\"align-icon\" style=\"text-align:center;\">\n<div class=\"aio-icon none \"  style=\"color:#52c0fa;font-size:40px;display:inline-block;\">\n\t<i class=\"Defaults-envelope-o\"><\/i>\n<\/div><\/div><\/div>\n<\/div><span  data-ultimate-target='#list-icon-wrap-7256 .uavc-list-desc'  data-responsive-json-new='{\"font-size\":\"\",\"line-height\":\"\"}'  class=\"uavc-list-desc ult-responsive\" style=\"\">Nachdem von Ihren Nutzern ein Formular ausgef\u00fcllt wurde, wird eine SMS versendet. Senden Sie eine SMS an eine festgelegte Nummer oder an den Nutzer, der das Formular ausgef\u00fcllt hat.<\/p>\n<p>Beide Benachrichtigungen sind unabh\u00e4ngig voneinander verf\u00fcgbar.<\/span><\/div><\/li><\/ul><\/div><div class=\"wpb_text_column\"><div class=\"wpb_wrapper\"><h3>Text-to-Speech-Nachrichten<\/h3>\n<\/div><\/div><div class=\"uavc-list-icon uavc-list-icon-wrapper ult-adjust-bottom-margin   \"><ul class=\"uavc-list\"><li><div class=\"uavc-list-content\" id=\"list-icon-wrap-1950\">\n<div class=\"uavc-list-icon  \" data-animation=\"\" data-animation-delay=\"03\" style=\"margin-right:25px;\"><div class=\"ult-just-icon-wrapper  \"><div class=\"align-icon\" style=\"text-align:center;\">\n<div class=\"aio-icon none \"  style=\"color:#52c0fa;font-size:40px;display:inline-block;\">\n\t<i class=\"Defaults-phone\"><\/i>\n<\/div><\/div><\/div>\n<\/div><span  data-ultimate-target='#list-icon-wrap-1950 .uavc-list-desc'  data-responsive-json-new='{\"font-size\":\"\",\"line-height\":\"\"}'  class=\"uavc-list-desc ult-responsive\" style=\"\">Text-to-Speech- oder Voice-Nachrichten werden als Anruf zugestellt und dann vorgelesen \u2013 mehr Aufmerksamkeit geht nicht.<\/span><\/div><\/li><\/ul><\/div><\/div><\/div><\/div><div class=\"vc_col-sm-6 wpb_column vc_column_container\"><div class=\"vc_column-inner\"><div class=\"wpb_wrapper\"><div class=\"w-image align_center\"><div class=\"w-image-h\"><img decoding=\"async\" width=\"768\" height=\"512\" src=\"https:\/\/www.seven.io\/wp-content\/uploads\/integrationen_grav_mood-768x512.png\" class=\"attachment-us_768_0 size-us_768_0\" alt=\"Fokussieren Sie sich auf das Wesentliche und versenden Sie SMS mit Grav\" loading=\"lazy\" srcset=\"https:\/\/www.seven.io\/wp-content\/uploads\/integrationen_grav_mood-768x512.png 768w, https:\/\/www.seven.io\/wp-content\/uploads\/integrationen_grav_mood-300x200.png 300w, https:\/\/www.seven.io\/wp-content\/uploads\/integrationen_grav_mood-350x233.png 350w, https:\/\/www.seven.io\/wp-content\/uploads\/integrationen_grav_mood-250x167.png 250w, https:\/\/www.seven.io\/wp-content\/uploads\/integrationen_grav_mood-600x400.png 600w, https:\/\/www.seven.io\/wp-content\/uploads\/integrationen_grav_mood-400x267.png 400w, https:\/\/www.seven.io\/wp-content\/uploads\/integrationen_grav_mood-200x133.png 200w, https:\/\/www.seven.io\/wp-content\/uploads\/integrationen_grav_mood-500x333.png 500w, https:\/\/www.seven.io\/wp-content\/uploads\/integrationen_grav_mood.png 1024w\" sizes=\"auto, (max-width: 768px) 100vw, 768px\" \/><\/div><\/div><div class=\"w-separator size_custom\" style=\"height:10px\"><\/div><div class=\"wpb_text_column\"><div class=\"wpb_wrapper\"><p style=\"text-align: center;\"><em>Fokussieren Sie sich auf das Wesentliche und versenden Sie SMS mit Grav.<\/em><\/p>\n<\/div><\/div><\/div><\/div><\/div><\/div><\/div><\/section><section class=\"l-section wpb_row height_small\"><div class=\"l-section-h i-cf\"><div class=\"g-cols vc_row via_flex valign_top type_default stacking_default\"><div class=\"vc_col-sm-12 wpb_column vc_column_container\"><div class=\"vc_column-inner\"><div class=\"wpb_wrapper\"><div class=\"w-actionbox us_custom_e47d7875 color_light controls_right\"><div class=\"w-actionbox-text\"><div class=\"w-actionbox-description\"><p>Sie brauchen Hilfe bei der Installation oder der Einrichtung der Funktionen?<br \/>\nAuf unserer GitHub-Seite finden Sie weitere Informationen.<\/p>\n<\/div><\/div><div class=\"w-actionbox-controls\"><a class=\"w-btn us-btn-style_5\" target=\"_blank\" rel=\"nofollow noopener\" href=\"https:\/\/github.com\/seven-io\/grav-form-notification\"><span class=\"w-btn-label\">Zu GitHub<\/span><\/a><\/div><\/div><\/div><\/div><\/div><\/div><\/div><\/section><!-- Row Backgrounds --><div class=\"upb_color\" data-bg-override=\"0\" data-bg-color=\"#ffffff\" data-fadeout=\"\" data-fadeout-percentage=\"30\" data-parallax-content=\"\" data-parallax-content-sense=\"30\" data-row-effect-mobile-disable=\"true\" data-img-parallax-mobile-disable=\"true\" data-rtl=\"false\"  data-custom-vc-row=\"\"  data-vc=\"8.7.2\"  data-is_old_vc=\"\"  data-theme-support=\"disable\"   data-overlay=\"false\" data-overlay-color=\"\" data-overlay-pattern=\"\" data-overlay-pattern-opacity=\"\" data-overlay-pattern-size=\"\"    ><\/div>\n","protected":false},"excerpt":{"rendered":"Grav ist ein Open Source Flat File CMS, das durch seine minimalistischen Ans\u00e4tze insbesondere mit einer hohen Geschwindigkeit gl\u00e4nzen kann. Der Fokus auf einfache Strukturen und Bedienbarkeit machen das Content Management System zu einer beliebten Alternative zu den oft \u00fcberladenen Konkurrenten. Das Erscheinungsbild ist, wie gewohnt, durch Themes anpassbar und auch zus\u00e4tzliche Funktionen k\u00f6nnen durch...","protected":false},"author":1,"featured_media":30569,"parent":17075,"menu_order":0,"comment_status":"closed","ping_status":"closed","template":"","meta":{"content-type":"","footnotes":""},"class_list":["post-81277","page","type-page","status-publish","has-post-thumbnail","hentry"],"_links":{"self":[{"href":"https:\/\/www.seven.io\/de\/wp-json\/wp\/v2\/pages\/81277","targetHints":{"allow":["GET"]}}],"collection":[{"href":"https:\/\/www.seven.io\/de\/wp-json\/wp\/v2\/pages"}],"about":[{"href":"https:\/\/www.seven.io\/de\/wp-json\/wp\/v2\/types\/page"}],"author":[{"embeddable":true,"href":"https:\/\/www.seven.io\/de\/wp-json\/wp\/v2\/users\/1"}],"replies":[{"embeddable":true,"href":"https:\/\/www.seven.io\/de\/wp-json\/wp\/v2\/comments?post=81277"}],"version-history":[{"count":17,"href":"https:\/\/www.seven.io\/de\/wp-json\/wp\/v2\/pages\/81277\/revisions"}],"predecessor-version":[{"id":92916,"href":"https:\/\/www.seven.io\/de\/wp-json\/wp\/v2\/pages\/81277\/revisions\/92916"}],"up":[{"embeddable":true,"href":"https:\/\/www.seven.io\/de\/wp-json\/wp\/v2\/pages\/17075"}],"wp:featuredmedia":[{"embeddable":true,"href":"https:\/\/www.seven.io\/de\/wp-json\/wp\/v2\/media\/30569"}],"wp:attachment":[{"href":"https:\/\/www.seven.io\/de\/wp-json\/wp\/v2\/media?parent=81277"}],"curies":[{"name":"wp","href":"https:\/\/api.w.org\/{rel}","templated":true}]}}