{"id":81307,"date":"2022-02-08T14:55:36","date_gmt":"2022-02-08T13:55:36","guid":{"rendered":"https:\/\/www.sms77.io\/?page_id=81307"},"modified":"2023-02-22T08:50:22","modified_gmt":"2023-02-22T07:50:22","slug":"quickwork","status":"publish","type":"page","link":"https:\/\/www.seven.io\/de\/loesungen\/integrationen\/quickwork\/","title":{"rendered":"Quickwork"},"content":{"rendered":"<section class=\"l-section wpb_row height_small\"><div class=\"l-section-h i-cf\"><div class=\"g-cols vc_row via_flex valign_middle type_default stacking_default\"><div class=\"vc_col-sm-6 wpb_column vc_column_container\"><div class=\"vc_column-inner\"><div class=\"wpb_wrapper\"><div class=\"wpb_text_column\"><div class=\"wpb_wrapper\"><p><strong>Quickwork ist eine Integrationsplattform, die darauf spezialisiert ist, Abl\u00e4ufe zu automatisieren. Unternehmen nutzen diese auch dazu, APIs zu ver\u00f6ffentlichen und Konversationen zu verwalten und zu automatisieren. <\/strong><\/p>\n<p><strong>Was brauchen wir f\u00fcr eine gelungene No-Code-Automation? Na klar: Apps, die wir miteinander verbinden k\u00f6nnen. Quickwork bietet zurzeit mehr als 1000 Apps an \u2013 und nat\u00fcrlich kommen immer neue dazu. <\/strong><\/p>\n<p><strong>Mit unserer App k\u00f6nnen Sie beispielsweise den Versand von SMS in Quickwork einbinden und so hunderte Ereignisse in anderer Software als Ausl\u00f6ser festlegen. Was unsere App noch kann, erfahren Sie weiter unten!<\/strong><\/p>\n<\/div><\/div><div class=\"w-btn-wrapper align_none\"><a class=\"w-btn us-btn-style_1 no-border\" target=\"_blank\" rel=\"nofollow noopener\" href=\"https:\/\/quickwork.co\/apps\/sms77\/integrations\"><span class=\"w-btn-label\">Unsere SMS App f\u00fcr Quickwork<\/span><\/a><\/div><\/div><\/div><\/div><div class=\"vc_col-sm-6 wpb_column vc_column_container\"><div class=\"vc_column-inner\"><div class=\"wpb_wrapper\"><div class=\"w-video align_none ratio_16x9 has_iframe\"><div class=\"w-video-h\"><iframe title=\"Youtube video player\" src=\"\/\/www.youtube.com\/embed\/YLJkx_b92SY?autoplay=0&controls=1&origin=https:\/\/www.seven.io\/de\/&loop=0&mute=0\" allowfullscreen=\"1\" loading=\"lazy\"><\/iframe><\/div><\/div><\/div><\/div><\/div><\/div><\/div><\/section><section class=\"l-section wpb_row height_small color_alternate\"><div class=\"l-section-h i-cf\"><div class=\"g-cols vc_row via_flex valign_middle type_default stacking_default\"><div class=\"vc_col-sm-6 wpb_column vc_column_container\"><div class=\"vc_column-inner\"><div class=\"wpb_wrapper\"><div class=\"w-image align_center\"><div class=\"w-image-h\"><img decoding=\"async\" width=\"400\" height=\"501\" src=\"https:\/\/www.seven.io\/wp-content\/uploads\/integrationen_quickwork_mock_de-400x501.png\" class=\"attachment-us_400_0 size-us_400_0\" alt=\"Nutzen Sie den Versand von SMS in Quickwork, um sich \u00fcber bestimmte Ereignisse informieren zu lassen\" loading=\"lazy\" srcset=\"https:\/\/www.seven.io\/wp-content\/uploads\/integrationen_quickwork_mock_de-400x501.png 400w, https:\/\/www.seven.io\/wp-content\/uploads\/integrationen_quickwork_mock_de-240x300.png 240w, https:\/\/www.seven.io\/wp-content\/uploads\/integrationen_quickwork_mock_de-350x438.png 350w, https:\/\/www.seven.io\/wp-content\/uploads\/integrationen_quickwork_mock_de-250x313.png 250w, https:\/\/www.seven.io\/wp-content\/uploads\/integrationen_quickwork_mock_de-300x376.png 300w, https:\/\/www.seven.io\/wp-content\/uploads\/integrationen_quickwork_mock_de-319x400.png 319w, https:\/\/www.seven.io\/wp-content\/uploads\/integrationen_quickwork_mock_de-200x250.png 200w, https:\/\/www.seven.io\/wp-content\/uploads\/integrationen_quickwork_mock_de-500x626.png 500w, https:\/\/www.seven.io\/wp-content\/uploads\/integrationen_quickwork_mock_de.png 511w\" sizes=\"auto, (max-width: 400px) 100vw, 400px\" \/><\/div><\/div><\/div><\/div><\/div><div class=\"vc_col-sm-6 wpb_column vc_column_container\"><div class=\"vc_column-inner\"><div class=\"wpb_wrapper\"><div class=\"wpb_text_column\"><div class=\"wpb_wrapper\"><h3>Versenden Sie SMS in Quickwork<\/h3>\n<p>Was Sie bereits wissen: Mit <a href=\"https:\/\/quickwork.co\/apps\/sms77\/integrations\" target=\"_blank\" rel=\"noopener\">unserem Plugin<\/a> k\u00f6nnen Sie SMS in Quickwork versenden. Diese Funktion k\u00f6nnen Sie schon f\u00fcr viele n\u00fctzliche Szenarien einsetzen. Immer dann, wenn jemand unmittelbar benachrichtigt werden muss, sind SMS die Nachricht der Wahl, denn sie werden besonders schnell gelesen. Deshalb werden sie h\u00e4ufig f\u00fcr Alarme eingesetzt. Doch auch f\u00fcr pers\u00f6nliche Nachrichten an Kunden eignen sich SMS, denn wir sind es gewohnt durch Textnachrichten mit Freunden und Familie zu kommunizieren.<\/p>\n<p>Ihnen stehen aber noch zwei weitere Funktionen zur Verf\u00fcgung: Mit unserer App k\u00f6nnen Sie auch Ihren letzten Logbucheintrag abrufen und den Stand Ihres Guthabens abfragen. Praktisch oder?<br \/>\nIhnen fehlt eine bestimmte Funktion in unserer Quickwork-App? <a href=\"\/unternehmen\/kontakt\/\">Lassen Sie es uns wissen<\/a> \u2013 wir k\u00fcmmern uns darum!<span class=\"Apple-converted-space\">\u00a0<\/span><\/p>\n<\/div><\/div><\/div><\/div><\/div><\/div><\/div><\/section><!-- Row Backgrounds --><div class=\"upb_color\" data-bg-override=\"0\" data-bg-color=\"#f4f4f4\" data-fadeout=\"\" data-fadeout-percentage=\"30\" data-parallax-content=\"\" data-parallax-content-sense=\"30\" data-row-effect-mobile-disable=\"true\" data-img-parallax-mobile-disable=\"true\" data-rtl=\"false\"  data-custom-vc-row=\"\"  data-vc=\"8.7.2\"  data-is_old_vc=\"\"  data-theme-support=\"disable\"   data-overlay=\"false\" data-overlay-color=\"\" data-overlay-pattern=\"\" data-overlay-pattern-opacity=\"\" data-overlay-pattern-size=\"\"    ><\/div><section class=\"l-section wpb_row height_small\"><div class=\"l-section-h i-cf\"><div class=\"g-cols vc_row via_flex valign_top type_default stacking_default\"><div class=\"vc_col-sm-6 wpb_column vc_column_container\"><div class=\"vc_column-inner\"><div class=\"wpb_wrapper\"><div class=\"wpb_text_column\"><div class=\"wpb_wrapper\"><h3>SMS versenden<\/h3>\n<\/div><\/div><div class=\"uavc-list-icon uavc-list-icon-wrapper ult-adjust-bottom-margin   \"><ul class=\"uavc-list\"><li><div class=\"uavc-list-content\" id=\"list-icon-wrap-3511\">\n<div class=\"uavc-list-icon  \" data-animation=\"\" data-animation-delay=\"03\" style=\"margin-right:25px;\"><div class=\"ult-just-icon-wrapper  \"><div class=\"align-icon\" style=\"text-align:center;\">\n<div class=\"aio-icon none \"  style=\"color:#52c0fa;font-size:40px;display:inline-block;\">\n\t<i class=\"Defaults-envelope-o\"><\/i>\n<\/div><\/div><\/div>\n<\/div><span  data-ultimate-target='#list-icon-wrap-3511 .uavc-list-desc'  data-responsive-json-new='{\"font-size\":\"\",\"line-height\":\"\"}'  class=\"uavc-list-desc ult-responsive\" style=\"\">Versenden Sie SMS in Quickwork \u2013 Ihr pers\u00f6nlicher Anwendungsfall ist nur wenige Klicks entfernt.<\/span><\/div><\/li><\/ul><\/div><div class=\"wpb_text_column\"><div class=\"wpb_wrapper\"><h3>Guthaben abrufen<\/h3>\n<\/div><\/div><div class=\"uavc-list-icon uavc-list-icon-wrapper ult-adjust-bottom-margin   \"><ul class=\"uavc-list\"><li><div class=\"uavc-list-content\" id=\"list-icon-wrap-9931\">\n<div class=\"uavc-list-icon  \" data-animation=\"\" data-animation-delay=\"03\" style=\"margin-right:25px;\"><div class=\"ult-just-icon-wrapper  \"><div class=\"align-icon\" style=\"text-align:center;\">\n<div class=\"aio-icon none \"  style=\"color:#52c0fa;font-size:40px;display:inline-block;\">\n\t<i class=\"Defaults-dollar usd\"><\/i>\n<\/div><\/div><\/div>\n<\/div><span  data-ultimate-target='#list-icon-wrap-9931 .uavc-list-desc'  data-responsive-json-new='{\"font-size\":\"\",\"line-height\":\"\"}'  class=\"uavc-list-desc ult-responsive\" style=\"\">Sie wissen nicht, wie viel Guthaben Ihnen noch zur Verf\u00fcgung steht? Nutzen Sie die Aktion zum Guthaben abfragen.<\/span><\/div><\/li><\/ul><\/div><\/div><\/div><\/div><div class=\"vc_col-sm-6 wpb_column vc_column_container\"><div class=\"vc_column-inner\"><div class=\"wpb_wrapper\"><div class=\"wpb_text_column\"><div class=\"wpb_wrapper\"><h3>Letzten Logbucheintrag abrufen<\/h3>\n<\/div><\/div><div class=\"uavc-list-icon uavc-list-icon-wrapper ult-adjust-bottom-margin   \"><ul class=\"uavc-list\"><li><div class=\"uavc-list-content\" id=\"list-icon-wrap-5194\">\n<div class=\"uavc-list-icon  \" data-animation=\"\" data-animation-delay=\"03\" style=\"margin-right:25px;\"><div class=\"ult-just-icon-wrapper  \"><div class=\"align-icon\" style=\"text-align:center;\">\n<div class=\"aio-icon none \"  style=\"color:#52c0fa;font-size:40px;display:inline-block;\">\n\t<i class=\"Defaults-book\"><\/i>\n<\/div><\/div><\/div>\n<\/div><span  data-ultimate-target='#list-icon-wrap-5194 .uavc-list-desc'  data-responsive-json-new='{\"font-size\":\"\",\"line-height\":\"\"}'  class=\"uavc-list-desc ult-responsive\" style=\"\">Rufen Sie die letzte SMS in Ihrem Logbuch ab, ohne unsere Webapp aufrufen zu m\u00fcssen.<\/span><\/div><\/li><\/ul><\/div><\/div><\/div><\/div><\/div><\/div><\/section><section class=\"l-section wpb_row height_small\"><div class=\"l-section-h i-cf\"><div class=\"g-cols vc_row via_flex valign_top type_default stacking_default\"><div class=\"vc_col-sm-12 wpb_column vc_column_container\"><div class=\"vc_column-inner\"><div class=\"wpb_wrapper\"><div class=\"w-actionbox us_custom_e47d7875 color_light controls_right\"><div class=\"w-actionbox-text\"><div class=\"w-actionbox-description\"><p>Weitere Informationen zu unserer App finden Sie auf der entsprechenden App-Seite bei Quickwork.<\/p>\n<\/div><\/div><div class=\"w-actionbox-controls\"><a class=\"w-btn us-btn-style_5\" target=\"_blank\" rel=\"nofollow noopener\" href=\"https:\/\/quickwork.co\/apps\/sms77\/integrations\"><span class=\"w-btn-label\">Direkt zur App<\/span><\/a><\/div><\/div><\/div><\/div><\/div><\/div><\/div><\/section><!-- Row Backgrounds --><div class=\"upb_color\" data-bg-override=\"0\" data-bg-color=\"#ffffff\" data-fadeout=\"\" data-fadeout-percentage=\"30\" data-parallax-content=\"\" data-parallax-content-sense=\"30\" data-row-effect-mobile-disable=\"true\" data-img-parallax-mobile-disable=\"true\" data-rtl=\"false\"  data-custom-vc-row=\"\"  data-vc=\"8.7.2\"  data-is_old_vc=\"\"  data-theme-support=\"disable\"   data-overlay=\"false\" data-overlay-color=\"\" data-overlay-pattern=\"\" data-overlay-pattern-opacity=\"\" data-overlay-pattern-size=\"\"    ><\/div>\n","protected":false},"excerpt":{"rendered":"Quickwork ist eine Integrationsplattform, die darauf spezialisiert ist, Abl\u00e4ufe zu automatisieren. Unternehmen nutzen diese auch dazu, APIs zu ver\u00f6ffentlichen und Konversationen zu verwalten und zu automatisieren. Was brauchen wir f\u00fcr eine gelungene No-Code-Automation? Na klar: Apps, die wir miteinander verbinden k\u00f6nnen. Quickwork bietet zurzeit mehr als 1000 Apps an \u2013 und nat\u00fcrlich kommen immer neue...","protected":false},"author":1,"featured_media":81305,"parent":17075,"menu_order":0,"comment_status":"closed","ping_status":"closed","template":"","meta":{"content-type":"","footnotes":""},"class_list":["post-81307","page","type-page","status-publish","has-post-thumbnail","hentry"],"_links":{"self":[{"href":"https:\/\/www.seven.io\/de\/wp-json\/wp\/v2\/pages\/81307","targetHints":{"allow":["GET"]}}],"collection":[{"href":"https:\/\/www.seven.io\/de\/wp-json\/wp\/v2\/pages"}],"about":[{"href":"https:\/\/www.seven.io\/de\/wp-json\/wp\/v2\/types\/page"}],"author":[{"embeddable":true,"href":"https:\/\/www.seven.io\/de\/wp-json\/wp\/v2\/users\/1"}],"replies":[{"embeddable":true,"href":"https:\/\/www.seven.io\/de\/wp-json\/wp\/v2\/comments?post=81307"}],"version-history":[{"count":13,"href":"https:\/\/www.seven.io\/de\/wp-json\/wp\/v2\/pages\/81307\/revisions"}],"predecessor-version":[{"id":88779,"href":"https:\/\/www.seven.io\/de\/wp-json\/wp\/v2\/pages\/81307\/revisions\/88779"}],"up":[{"embeddable":true,"href":"https:\/\/www.seven.io\/de\/wp-json\/wp\/v2\/pages\/17075"}],"wp:featuredmedia":[{"embeddable":true,"href":"https:\/\/www.seven.io\/de\/wp-json\/wp\/v2\/media\/81305"}],"wp:attachment":[{"href":"https:\/\/www.seven.io\/de\/wp-json\/wp\/v2\/media?parent=81307"}],"curies":[{"name":"wp","href":"https:\/\/api.w.org\/{rel}","templated":true}]}}