{"id":81356,"date":"2022-02-11T07:14:12","date_gmt":"2022-02-11T06:14:12","guid":{"rendered":"https:\/\/www.sms77.io\/?page_id=81356"},"modified":"2024-07-02T15:26:40","modified_gmt":"2024-07-02T13:26:40","slug":"appy-pie-connect","status":"publish","type":"page","link":"https:\/\/www.seven.io\/de\/loesungen\/integrationen\/appy-pie-connect\/","title":{"rendered":"Appy Pie Connect"},"content":{"rendered":"<section class=\"l-section wpb_row height_small\"><div class=\"l-section-h i-cf\"><div class=\"g-cols vc_row via_flex valign_middle type_default stacking_default\"><div class=\"vc_col-sm-6 wpb_column vc_column_container\"><div class=\"vc_column-inner\"><div class=\"wpb_wrapper\"><div class=\"wpb_text_column\"><div class=\"wpb_wrapper\"><p><strong>Appy Pie Connect ist eine Automatisierungsplattform des No-code Web Development Anbieters Appy Pie. Das 2015 gegr\u00fcndete Unternehmen bietet mit Connect die M\u00f6glichkeit, Abl\u00e4ufe auch ohne Programmierkenntnisse zu automatisieren. <\/strong><\/p>\n<p><strong>Hierf\u00fcr sind mehr als 300 Apps verf\u00fcgbar, die Sie frei untereinander kombinieren k\u00f6nnen. <\/strong><strong>So k\u00f6nnen Sie unter anderem einen Versand von SMS in Appy Pie Connect einbinden, der von einer anderen App ausgel\u00f6st wird. Unsere Integration erm\u00f6glicht Ihnen aber auch die Nutzung verschiedener anderer Produkte aus unserem Angebot.<\/strong><\/p>\n<\/div><\/div><div class=\"w-btn-wrapper align_none\"><a class=\"w-btn us-btn-style_1 no-border\" target=\"_blank\" rel=\"nofollow noopener\" href=\"https:\/\/www.appypie.com\/connect\/apps\/sms77\/integrations\"><span class=\"w-btn-label\">Unsere Integration f\u00fcr Appy Pie Connect<\/span><\/a><\/div><\/div><\/div><\/div><div class=\"vc_col-sm-6 wpb_column vc_column_container\"><div class=\"vc_column-inner\"><div class=\"wpb_wrapper\"><div class=\"w-video align_none ratio_16x9 has_iframe\"><div class=\"w-video-h\"><iframe title=\"Youtube video player\" src=\"\/\/www.youtube.com\/embed\/5sIvoF5nx0A?autoplay=0&controls=1&origin=https:\/\/www.seven.io\/de\/&loop=0&mute=0\" allowfullscreen=\"1\" loading=\"lazy\"><\/iframe><\/div><\/div><\/div><\/div><\/div><\/div><\/div><\/section><section class=\"l-section wpb_row height_small color_alternate\"><div class=\"l-section-h i-cf\"><div class=\"g-cols vc_row via_flex valign_middle type_default stacking_default\"><div class=\"vc_col-sm-6 wpb_column vc_column_container\"><div class=\"vc_column-inner\"><div class=\"wpb_wrapper\"><div class=\"w-image align_center\"><div class=\"w-image-h\"><img decoding=\"async\" width=\"400\" height=\"501\" src=\"https:\/\/www.seven.io\/wp-content\/uploads\/integrationen_appypieconnect_mock_de-400x501.png\" class=\"attachment-us_400_0 size-us_400_0\" alt=\"Versenden Sie SMS in Appy Pie Connect und nutzen Sie ander Produkte von sms77\" loading=\"lazy\" srcset=\"https:\/\/www.seven.io\/wp-content\/uploads\/integrationen_appypieconnect_mock_de-400x501.png 400w, https:\/\/www.seven.io\/wp-content\/uploads\/integrationen_appypieconnect_mock_de-240x300.png 240w, https:\/\/www.seven.io\/wp-content\/uploads\/integrationen_appypieconnect_mock_de-350x438.png 350w, https:\/\/www.seven.io\/wp-content\/uploads\/integrationen_appypieconnect_mock_de-250x313.png 250w, https:\/\/www.seven.io\/wp-content\/uploads\/integrationen_appypieconnect_mock_de-300x376.png 300w, https:\/\/www.seven.io\/wp-content\/uploads\/integrationen_appypieconnect_mock_de-319x400.png 319w, https:\/\/www.seven.io\/wp-content\/uploads\/integrationen_appypieconnect_mock_de-200x250.png 200w, https:\/\/www.seven.io\/wp-content\/uploads\/integrationen_appypieconnect_mock_de-500x626.png 500w, https:\/\/www.seven.io\/wp-content\/uploads\/integrationen_appypieconnect_mock_de.png 511w\" sizes=\"auto, (max-width: 400px) 100vw, 400px\" \/><\/div><\/div><\/div><\/div><\/div><div class=\"vc_col-sm-6 wpb_column vc_column_container\"><div class=\"vc_column-inner\"><div class=\"wpb_wrapper\"><div class=\"wpb_text_column\"><div class=\"wpb_wrapper\"><h3>Unsere Integration in Appy Pie Connect<\/h3>\n<p><a href=\"https:\/\/www.appypie.com\/connect\/apps\/sms77\/integrations\" target=\"_blank\" rel=\"noopener\">Unsere App<\/a> bietet Ihnen verschiedene Funktionen. Als Ausl\u00f6ser k\u00f6nnen Sie beispielsweise <a href=\"\/de\/produkte\/sms-empfang\/\">eingehende SMS<\/a> einstellen. Als Aktionen versenden Sie SMS oder Text-to-Speech-Nachrichten oder nutzen einen unserer <a href=\"\/de\/produkte\/nummernvalidierung\/\">Lookups<\/a>.<span class=\"Apple-converted-space\">\u00a0<\/span><\/p>\n<p>Mit dem Versand von SMS in Appy Pie Connect k\u00f6nnen Sie zum Beispiel ganz leicht Alarmierungen einrichten. H\u00e4ufig w\u00e4hlen unsere Kunden f\u00fcr Alarmierungen auch Text-to-Speech-Nachrichten, die als Anruf zugestellt werden.<\/p>\n<p>Doch auch viele andere Szenarien sind m\u00f6glich \u2013 mit unseren Lookup-Produkten k\u00f6nnen Sie beispielsweise neu eingehende Mobilfunknummern validieren.\u00a0Sie nutzen unsere Integration in Appy Pie Connect bereits? Wir w\u00fcrden uns freuen, von <a href=\"\/de\/unternehmen\/kontakt\/\">Ihrem Anwendungsfall<\/a> zu h\u00f6ren!<\/p>\n<\/div><\/div><\/div><\/div><\/div><\/div><\/div><\/section><!-- Row Backgrounds --><div class=\"upb_color\" data-bg-override=\"0\" data-bg-color=\"#f4f4f4\" data-fadeout=\"\" data-fadeout-percentage=\"30\" data-parallax-content=\"\" data-parallax-content-sense=\"30\" data-row-effect-mobile-disable=\"true\" data-img-parallax-mobile-disable=\"true\" data-rtl=\"false\"  data-custom-vc-row=\"\"  data-vc=\"8.7.2\"  data-is_old_vc=\"\"  data-theme-support=\"disable\"   data-overlay=\"false\" data-overlay-color=\"\" data-overlay-pattern=\"\" data-overlay-pattern-opacity=\"\" data-overlay-pattern-size=\"\"    ><\/div><section class=\"l-section wpb_row height_small\"><div class=\"l-section-h i-cf\"><div class=\"g-cols vc_row via_flex valign_top type_default stacking_default\"><div class=\"vc_col-sm-6 wpb_column vc_column_container\"><div class=\"vc_column-inner\"><div class=\"wpb_wrapper\"><div class=\"wpb_text_column\"><div class=\"wpb_wrapper\"><h3 style=\"text-align: center;\">Ausl\u00f6ser<\/h3>\n<\/div><\/div><div class=\"w-separator size_small with_line width_default thick_1 style_solid color_border align_center\"><div class=\"w-separator-h\"><\/div><\/div><div class=\"wpb_text_column\"><div class=\"wpb_wrapper\"><h3>Inbound SMS<\/h3>\n<\/div><\/div><div class=\"uavc-list-icon uavc-list-icon-wrapper ult-adjust-bottom-margin   \"><ul class=\"uavc-list\"><li><div class=\"uavc-list-content\" id=\"list-icon-wrap-7746\">\n<div class=\"uavc-list-icon  \" data-animation=\"\" data-animation-delay=\"03\" style=\"margin-right:25px;\"><div class=\"ult-just-icon-wrapper  \"><div class=\"align-icon\" style=\"text-align:center;\">\n<div class=\"aio-icon none \"  style=\"color:#52c0fa;font-size:40px;display:inline-block;\">\n\t<i class=\"Defaults-arrow-circle-right\"><\/i>\n<\/div><\/div><\/div>\n<\/div><span  data-ultimate-target='#list-icon-wrap-7746 .uavc-list-desc'  data-responsive-json-new='{\"font-size\":\"\",\"line-height\":\"\"}'  class=\"uavc-list-desc ult-responsive\" style=\"\">Lassen Sie ein Programm eine bestimmte Aktion ausf\u00fchren, wenn Sie eine <a href=\"\/de\/produkte\/sms-empfang\/\">SMS erhalten<\/a>.<\/span><\/div><\/li><\/ul><\/div><\/div><\/div><\/div><div class=\"vc_col-sm-6 wpb_column vc_column_container\"><div class=\"vc_column-inner\"><div class=\"wpb_wrapper\"><div class=\"wpb_text_column\"><div class=\"wpb_wrapper\"><h3 style=\"text-align: center;\">Aktionen<\/h3>\n<\/div><\/div><div class=\"w-separator size_small with_line width_default thick_1 style_solid color_border align_center\"><div class=\"w-separator-h\"><\/div><\/div><div class=\"wpb_text_column\"><div class=\"wpb_wrapper\"><h3>SMS-Versand<\/h3>\n<\/div><\/div><div class=\"uavc-list-icon uavc-list-icon-wrapper ult-adjust-bottom-margin   \"><ul class=\"uavc-list\"><li><div class=\"uavc-list-content\" id=\"list-icon-wrap-2493\">\n<div class=\"uavc-list-icon  \" data-animation=\"\" data-animation-delay=\"03\" style=\"margin-right:25px;\"><div class=\"ult-just-icon-wrapper  \"><div class=\"align-icon\" style=\"text-align:center;\">\n<div class=\"aio-icon none \"  style=\"color:#52c0fa;font-size:40px;display:inline-block;\">\n\t<i class=\"Defaults-envelope-o\"><\/i>\n<\/div><\/div><\/div>\n<\/div><span  data-ultimate-target='#list-icon-wrap-2493 .uavc-list-desc'  data-responsive-json-new='{\"font-size\":\"\",\"line-height\":\"\"}'  class=\"uavc-list-desc ult-responsive\" style=\"\">Lassen Sie automatisch eine SMS in Appy Pie Connect versenden, wenn ein bestimmtes Ereignis in einem anderen Programm ausgel\u00f6st wird.<\/span><\/div><\/li><\/ul><\/div><div class=\"wpb_text_column\"><div class=\"wpb_wrapper\"><h3>Text-to-Speech-Nachrichten<\/h3>\n<\/div><\/div><div class=\"uavc-list-icon uavc-list-icon-wrapper ult-adjust-bottom-margin   \"><ul class=\"uavc-list\"><li><div class=\"uavc-list-content\" id=\"list-icon-wrap-3485\">\n<div class=\"uavc-list-icon  \" data-animation=\"\" data-animation-delay=\"03\" style=\"margin-right:25px;\"><div class=\"ult-just-icon-wrapper  \"><div class=\"align-icon\" style=\"text-align:center;\">\n<div class=\"aio-icon none \"  style=\"color:#52c0fa;font-size:40px;display:inline-block;\">\n\t<i class=\"Defaults-phone\"><\/i>\n<\/div><\/div><\/div>\n<\/div><span  data-ultimate-target='#list-icon-wrap-3485 .uavc-list-desc'  data-responsive-json-new='{\"font-size\":\"\",\"line-height\":\"\"}'  class=\"uavc-list-desc ult-responsive\" style=\"\">Eine SMS ist Ihnen noch zu unauff\u00e4llig? Versenden Sie eine <a href=\"\/de\/produkte\/voice\/\">Text-to-Speech-Nachricht<\/a>, die als Anruf zugestellt wird.<\/span><\/div><\/li><\/ul><\/div><div class=\"wpb_text_column\"><div class=\"wpb_wrapper\"><h3>Lookups<\/h3>\n<\/div><\/div><div class=\"uavc-list-icon uavc-list-icon-wrapper ult-adjust-bottom-margin   \"><ul class=\"uavc-list\"><li><div class=\"uavc-list-content\" id=\"list-icon-wrap-4325\">\n<div class=\"uavc-list-icon  \" data-animation=\"\" data-animation-delay=\"03\" style=\"margin-right:25px;\"><div class=\"ult-just-icon-wrapper  \"><div class=\"align-icon\" style=\"text-align:center;\">\n<div class=\"aio-icon none \"  style=\"color:#52c0fa;font-size:40px;display:inline-block;\">\n\t<i class=\"Defaults-search\"><\/i>\n<\/div><\/div><\/div>\n<\/div><span  data-ultimate-target='#list-icon-wrap-4325 .uavc-list-desc'  data-responsive-json-new='{\"font-size\":\"\",\"line-height\":\"\"}'  class=\"uavc-list-desc ult-responsive\" style=\"\">Mit unseren Produkten zur <a href=\"\/de\/produkte\/nummernvalidierung\/\">Nummernvalidierung<\/a> \u00fcberpr\u00fcfen Sie nicht nur die G\u00fcltigkeit einer Mobilfunknummer, sondern bei Bedarf auch ihre Netzzugeh\u00f6rigkeit und andere relevante Informationen.<\/span><\/div><\/li><\/ul><\/div><\/div><\/div><\/div><\/div><\/div><\/section><section class=\"l-section wpb_row height_small\"><div class=\"l-section-h i-cf\"><div class=\"g-cols vc_row via_flex valign_top type_default stacking_default\"><div class=\"vc_col-sm-12 wpb_column vc_column_container\"><div class=\"vc_column-inner\"><div class=\"wpb_wrapper\"><div class=\"w-actionbox us_custom_e47d7875 color_light controls_right\"><div class=\"w-actionbox-text\"><div class=\"w-actionbox-description\"><div class=\"w-actionbox us_custom_e47d7875 color_light controls_right\">\n<div class=\"w-actionbox-text\">\n<div class=\"w-actionbox-description\">\n<p>Weitere Informationen zu unserer App finden Sie auf der entsprechenden Seite bei Appy Pie Connect.<\/p>\n<\/div>\n<\/div>\n<\/div>\n<\/div><\/div><div class=\"w-actionbox-controls\"><a class=\"w-btn us-btn-style_5\" target=\"_blank\" rel=\"nofollow noopener\" href=\"https:\/\/www.appypie.com\/connect\/apps\/sms77\/integrations\"><span class=\"w-btn-label\">Zu Appy Pie Connect<\/span><\/a><\/div><\/div><\/div><\/div><\/div><\/div><\/div><\/section><!-- Row Backgrounds --><div class=\"upb_color\" data-bg-override=\"0\" data-bg-color=\"#ffffff\" data-fadeout=\"\" data-fadeout-percentage=\"30\" data-parallax-content=\"\" data-parallax-content-sense=\"30\" data-row-effect-mobile-disable=\"true\" data-img-parallax-mobile-disable=\"true\" data-rtl=\"false\"  data-custom-vc-row=\"\"  data-vc=\"8.7.2\"  data-is_old_vc=\"\"  data-theme-support=\"disable\"   data-overlay=\"false\" data-overlay-color=\"\" data-overlay-pattern=\"\" data-overlay-pattern-opacity=\"\" data-overlay-pattern-size=\"\"    ><\/div>\n","protected":false},"excerpt":{"rendered":"Appy Pie Connect ist eine Automatisierungsplattform des No-code Web Development Anbieters Appy Pie. Das 2015 gegr\u00fcndete Unternehmen bietet mit Connect die M\u00f6glichkeit, Abl\u00e4ufe auch ohne Programmierkenntnisse zu automatisieren. Hierf\u00fcr sind mehr als 300 Apps verf\u00fcgbar, die Sie frei untereinander kombinieren k\u00f6nnen. So k\u00f6nnen Sie unter anderem einen Versand von SMS in Appy Pie Connect einbinden,...","protected":false},"author":1,"featured_media":81354,"parent":17075,"menu_order":0,"comment_status":"closed","ping_status":"closed","template":"","meta":{"content-type":"","footnotes":""},"class_list":["post-81356","page","type-page","status-publish","has-post-thumbnail","hentry"],"_links":{"self":[{"href":"https:\/\/www.seven.io\/de\/wp-json\/wp\/v2\/pages\/81356","targetHints":{"allow":["GET"]}}],"collection":[{"href":"https:\/\/www.seven.io\/de\/wp-json\/wp\/v2\/pages"}],"about":[{"href":"https:\/\/www.seven.io\/de\/wp-json\/wp\/v2\/types\/page"}],"author":[{"embeddable":true,"href":"https:\/\/www.seven.io\/de\/wp-json\/wp\/v2\/users\/1"}],"replies":[{"embeddable":true,"href":"https:\/\/www.seven.io\/de\/wp-json\/wp\/v2\/comments?post=81356"}],"version-history":[{"count":28,"href":"https:\/\/www.seven.io\/de\/wp-json\/wp\/v2\/pages\/81356\/revisions"}],"predecessor-version":[{"id":92930,"href":"https:\/\/www.seven.io\/de\/wp-json\/wp\/v2\/pages\/81356\/revisions\/92930"}],"up":[{"embeddable":true,"href":"https:\/\/www.seven.io\/de\/wp-json\/wp\/v2\/pages\/17075"}],"wp:featuredmedia":[{"embeddable":true,"href":"https:\/\/www.seven.io\/de\/wp-json\/wp\/v2\/media\/81354"}],"wp:attachment":[{"href":"https:\/\/www.seven.io\/de\/wp-json\/wp\/v2\/media?parent=81356"}],"curies":[{"name":"wp","href":"https:\/\/api.w.org\/{rel}","templated":true}]}}