{"id":81406,"date":"2022-02-14T07:36:25","date_gmt":"2022-02-14T06:36:25","guid":{"rendered":"https:\/\/www.sms77.io\/?page_id=81406"},"modified":"2024-03-28T10:34:09","modified_gmt":"2024-03-28T09:34:09","slug":"wordpress-sms","status":"publish","type":"page","link":"https:\/\/www.seven.io\/de\/loesungen\/integrationen\/wordpress-sms\/","title":{"rendered":"WordPress SMS"},"content":{"rendered":"<section class=\"l-section wpb_row height_small\"><div class=\"l-section-h i-cf\"><div class=\"g-cols vc_row via_flex valign_middle type_default stacking_default\"><div class=\"vc_col-sm-6 wpb_column vc_column_container\"><div class=\"vc_column-inner\"><div class=\"wpb_wrapper\"><div class=\"wpb_text_column\"><div class=\"wpb_wrapper\"><p><strong>WordPress SMS ist ein von VeronaLabs entwickeltes Plugin f\u00fcr WordPress, das den einfachen Versand von SMS mit WordPress erm\u00f6glicht. Durch die leichte Integration mit anderen Plugins werden so zahlreiche Anwendungsf\u00e4lle m\u00f6glich, vom Versand einer SMS an Mitarbeiter bis hin zum automatisierten Versand wenn ein Kontaktformular ausgef\u00fcllt wird. <\/strong><\/p>\n<p><strong>Das WordPress SMS Plugin ist in <a href=\"https:\/\/wp-sms-pro.com\/purchase\/\" target=\"_blank\" rel=\"noopener\">verschiedenen Preisklassen<\/a> mit unterschiedlichen Funktionen erh\u00e4ltlich und kann mit hunderten verschiedenen SMS Gateways genutzt werden. Auch seven ist bereits in der Grundversion des Plugins integriert.<\/strong><\/p>\n<\/div><\/div><div class=\"w-btn-wrapper align_none\"><a class=\"w-btn us-btn-style_1 no-border\" target=\"_blank\" rel=\"nofollow noopener\" href=\"https:\/\/wordpress.org\/plugins\/wp-sms\/\"><span class=\"w-btn-label\">Zum WordPress SMS Plugin<\/span><\/a><\/div><\/div><\/div><\/div><div class=\"vc_col-sm-6 wpb_column vc_column_container\"><div class=\"vc_column-inner\"><div class=\"wpb_wrapper\"><div class=\"w-image align_center\"><div class=\"w-image-h\"><img decoding=\"async\" width=\"300\" height=\"300\" src=\"https:\/\/www.seven.io\/wp-content\/uploads\/integrationen_wordpressSMS_logo-300x300.png\" class=\"attachment-us_300_0 size-us_300_0\" alt=\"Logo des WordPressSMS Plugins\" loading=\"lazy\" srcset=\"https:\/\/www.seven.io\/wp-content\/uploads\/integrationen_wordpressSMS_logo-300x300.png 300w, https:\/\/www.seven.io\/wp-content\/uploads\/integrationen_wordpressSMS_logo-150x150.png 150w, https:\/\/www.seven.io\/wp-content\/uploads\/integrationen_wordpressSMS_logo-350x350.png 350w, https:\/\/www.seven.io\/wp-content\/uploads\/integrationen_wordpressSMS_logo-250x250.png 250w, https:\/\/www.seven.io\/wp-content\/uploads\/integrationen_wordpressSMS_logo-400x400.png 400w, https:\/\/www.seven.io\/wp-content\/uploads\/integrationen_wordpressSMS_logo-200x200.png 200w, https:\/\/www.seven.io\/wp-content\/uploads\/integrationen_wordpressSMS_logo.png 450w\" sizes=\"auto, (max-width: 300px) 100vw, 300px\" \/><\/div><\/div><\/div><\/div><\/div><\/div><\/div><\/section><section class=\"l-section wpb_row height_small color_alternate\"><div class=\"l-section-h i-cf\"><div class=\"g-cols vc_row via_flex valign_middle type_default stacking_default\"><div class=\"vc_col-sm-6 wpb_column vc_column_container\"><div class=\"vc_column-inner\"><div class=\"wpb_wrapper\"><div class=\"w-image align_center\"><div class=\"w-image-h\"><img decoding=\"async\" width=\"400\" height=\"501\" src=\"https:\/\/www.seven.io\/wp-content\/uploads\/integrationen_wordpressSMS_mock_de-400x501.png\" class=\"attachment-us_400_0 size-us_400_0\" alt=\"Versenden Sie SMS mit WordPress und sms77\" loading=\"lazy\" srcset=\"https:\/\/www.seven.io\/wp-content\/uploads\/integrationen_wordpressSMS_mock_de-400x501.png 400w, https:\/\/www.seven.io\/wp-content\/uploads\/integrationen_wordpressSMS_mock_de-240x300.png 240w, https:\/\/www.seven.io\/wp-content\/uploads\/integrationen_wordpressSMS_mock_de-350x438.png 350w, https:\/\/www.seven.io\/wp-content\/uploads\/integrationen_wordpressSMS_mock_de-250x313.png 250w, https:\/\/www.seven.io\/wp-content\/uploads\/integrationen_wordpressSMS_mock_de-300x376.png 300w, https:\/\/www.seven.io\/wp-content\/uploads\/integrationen_wordpressSMS_mock_de-319x400.png 319w, https:\/\/www.seven.io\/wp-content\/uploads\/integrationen_wordpressSMS_mock_de-200x250.png 200w, https:\/\/www.seven.io\/wp-content\/uploads\/integrationen_wordpressSMS_mock_de-500x626.png 500w, https:\/\/www.seven.io\/wp-content\/uploads\/integrationen_wordpressSMS_mock_de.png 511w\" sizes=\"auto, (max-width: 400px) 100vw, 400px\" \/><\/div><\/div><\/div><\/div><\/div><div class=\"vc_col-sm-6 wpb_column vc_column_container\"><div class=\"vc_column-inner\"><div class=\"wpb_wrapper\"><div class=\"wpb_text_column\"><div class=\"wpb_wrapper\"><h3>Dank Plugin SMS mit WordPress versenden<\/h3>\n<p>Der Versand von SMS mit WordPress durch seven ist Dank des Plugins von VeronaLabs besonders leicht zu realisieren. Sie brauchen nur einen Account bei uns und einen <a href=\"https:\/\/help.seven.io\/de\/api-key-zugriff\" rel=\"noopener\">API Key<\/a>. Haben Sie das WordPress SMS Plugin installiert, k\u00f6nnen Sie in wenigen Schritten den SMS-Versand \u00fcber seven einrichten. <span class=\"Apple-converted-space\">\u00a0<\/span><\/p>\n<p>Ihnen stehen zahlreiche Funktionen zur Verf\u00fcgung, die Sie f\u00fcr die unterschiedlichsten Szenarien nutzen k\u00f6nnen. Lassen Sie sich beispielsweise via SMS informieren, wenn Sie einen neuen Kommentar erhalten oder wenn eine neue Version von WordPress verf\u00fcgbar ist. Durch die Kompatibilit\u00e4t mit anderen Plugins k\u00f6nnen Sie aber noch viele weitere Ereignisse nutzen, um SMS zu versenden. Am besten probieren Sie es einfach selbst einmal aus!<\/p>\n<\/div><\/div><\/div><\/div><\/div><\/div><\/div><\/section><!-- Row Backgrounds --><div class=\"upb_color\" data-bg-override=\"0\" data-bg-color=\"#f4f4f4\" data-fadeout=\"\" data-fadeout-percentage=\"30\" data-parallax-content=\"\" data-parallax-content-sense=\"30\" data-row-effect-mobile-disable=\"true\" data-img-parallax-mobile-disable=\"true\" data-rtl=\"false\"  data-custom-vc-row=\"\"  data-vc=\"8.7.2\"  data-is_old_vc=\"\"  data-theme-support=\"disable\"   data-overlay=\"false\" data-overlay-color=\"\" data-overlay-pattern=\"\" data-overlay-pattern-opacity=\"\" data-overlay-pattern-size=\"\"    ><\/div><section class=\"l-section wpb_row height_small\"><div class=\"l-section-h i-cf\"><div class=\"g-cols vc_row via_flex valign_middle type_default stacking_default\"><div class=\"vc_col-sm-6 wpb_column vc_column_container\"><div class=\"vc_column-inner\"><div class=\"wpb_wrapper\"><div class=\"wpb_text_column\"><div class=\"wpb_wrapper\"><h3>Funktionen<\/h3>\n<ul>\n<li>SMS bei neuer WordPress-Version, der Registrierung oder dem Einloggen von Benutzern, neuen Kommentaren<\/li>\n<li>Unterst\u00fctzt andere Plugins wie Contact Form 7, WooCommerce und Easy Digital Downloads<\/li>\n<li>Unterst\u00fctzt WP Widget for Newsletter Subscribers<\/li>\n<li>Unterst\u00fctzt\u00a0Hooks<\/li>\n<li>Unterst\u00fctzt die REST-Schnittstelle<\/li>\n<li>Import und Export von Abonnenten<\/li>\n<\/ul>\n<p>&#8230;und noch mehr!<\/p>\n<\/div><\/div><\/div><\/div><\/div><div class=\"vc_col-sm-6 wpb_column vc_column_container\"><div class=\"vc_column-inner\"><div class=\"wpb_wrapper\"><div class=\"w-image align_center\"><div class=\"w-image-h\"><img decoding=\"async\" width=\"768\" height=\"512\" src=\"https:\/\/www.seven.io\/wp-content\/uploads\/integrationen_wordpressSMS_mood-768x512.png\" class=\"attachment-us_768_0 size-us_768_0\" alt=\"SMS mit WordPress zu versenden war nie einfacher\" loading=\"lazy\" srcset=\"https:\/\/www.seven.io\/wp-content\/uploads\/integrationen_wordpressSMS_mood-768x512.png 768w, https:\/\/www.seven.io\/wp-content\/uploads\/integrationen_wordpressSMS_mood-300x200.png 300w, https:\/\/www.seven.io\/wp-content\/uploads\/integrationen_wordpressSMS_mood-350x233.png 350w, https:\/\/www.seven.io\/wp-content\/uploads\/integrationen_wordpressSMS_mood-250x167.png 250w, https:\/\/www.seven.io\/wp-content\/uploads\/integrationen_wordpressSMS_mood-600x400.png 600w, https:\/\/www.seven.io\/wp-content\/uploads\/integrationen_wordpressSMS_mood-400x267.png 400w, https:\/\/www.seven.io\/wp-content\/uploads\/integrationen_wordpressSMS_mood-200x133.png 200w, https:\/\/www.seven.io\/wp-content\/uploads\/integrationen_wordpressSMS_mood-500x333.png 500w, https:\/\/www.seven.io\/wp-content\/uploads\/integrationen_wordpressSMS_mood.png 1024w\" sizes=\"auto, (max-width: 768px) 100vw, 768px\" \/><\/div><\/div><div class=\"w-separator size_custom\" style=\"height:10 px\"><\/div><div class=\"wpb_text_column\"><div class=\"wpb_wrapper\"><p style=\"text-align: center;\"><em>Erweitern Sie WordPress um eine vielf\u00e4ltige SMS-L\u00f6sung.<\/em><\/p>\n<\/div><\/div><\/div><\/div><\/div><\/div><\/div><\/section><section class=\"l-section wpb_row height_small\"><div class=\"l-section-h i-cf\"><div class=\"g-cols vc_row via_flex valign_top type_default stacking_default\"><div class=\"vc_col-sm-12 wpb_column vc_column_container\"><div class=\"vc_column-inner\"><div class=\"wpb_wrapper\"><div class=\"w-actionbox us_custom_e47d7875 color_light controls_right\"><div class=\"w-actionbox-text\"><div class=\"w-actionbox-description\"><p>Sie m\u00f6chten das Plugin installieren, mit dem Sie unseren Service nutzen k\u00f6nnen?<br \/>\nHier gelangen Sie direkt zur Plugin-Seite auf WordPress.<\/p>\n<\/div><\/div><div class=\"w-actionbox-controls\"><a class=\"w-btn us-btn-style_5\" target=\"_blank\" rel=\"nofollow noopener\" href=\"https:\/\/wordpress.org\/plugins\/wp-sms\/\"><span class=\"w-btn-label\">Zum Plugin<\/span><\/a><\/div><\/div><\/div><\/div><\/div><\/div><\/div><\/section><!-- Row Backgrounds --><div class=\"upb_color\" data-bg-override=\"0\" data-bg-color=\"#ffffff\" data-fadeout=\"\" data-fadeout-percentage=\"30\" data-parallax-content=\"\" data-parallax-content-sense=\"30\" data-row-effect-mobile-disable=\"true\" data-img-parallax-mobile-disable=\"true\" data-rtl=\"false\"  data-custom-vc-row=\"\"  data-vc=\"8.7.2\"  data-is_old_vc=\"\"  data-theme-support=\"disable\"   data-overlay=\"false\" data-overlay-color=\"\" data-overlay-pattern=\"\" data-overlay-pattern-opacity=\"\" data-overlay-pattern-size=\"\"    ><\/div>\n","protected":false},"excerpt":{"rendered":"WordPress SMS ist ein von VeronaLabs entwickeltes Plugin f\u00fcr WordPress, das den einfachen Versand von SMS mit WordPress erm\u00f6glicht. Durch die leichte Integration mit anderen Plugins werden so zahlreiche Anwendungsf\u00e4lle m\u00f6glich, vom Versand einer SMS an Mitarbeiter bis hin zum automatisierten Versand wenn ein Kontaktformular ausgef\u00fcllt wird. Das WordPress SMS Plugin ist in verschiedenen Preisklassen...","protected":false},"author":1,"featured_media":81404,"parent":17075,"menu_order":0,"comment_status":"closed","ping_status":"closed","template":"","meta":{"content-type":"","footnotes":""},"class_list":["post-81406","page","type-page","status-publish","has-post-thumbnail","hentry"],"_links":{"self":[{"href":"https:\/\/www.seven.io\/de\/wp-json\/wp\/v2\/pages\/81406","targetHints":{"allow":["GET"]}}],"collection":[{"href":"https:\/\/www.seven.io\/de\/wp-json\/wp\/v2\/pages"}],"about":[{"href":"https:\/\/www.seven.io\/de\/wp-json\/wp\/v2\/types\/page"}],"author":[{"embeddable":true,"href":"https:\/\/www.seven.io\/de\/wp-json\/wp\/v2\/users\/1"}],"replies":[{"embeddable":true,"href":"https:\/\/www.seven.io\/de\/wp-json\/wp\/v2\/comments?post=81406"}],"version-history":[{"count":20,"href":"https:\/\/www.seven.io\/de\/wp-json\/wp\/v2\/pages\/81406\/revisions"}],"predecessor-version":[{"id":92441,"href":"https:\/\/www.seven.io\/de\/wp-json\/wp\/v2\/pages\/81406\/revisions\/92441"}],"up":[{"embeddable":true,"href":"https:\/\/www.seven.io\/de\/wp-json\/wp\/v2\/pages\/17075"}],"wp:featuredmedia":[{"embeddable":true,"href":"https:\/\/www.seven.io\/de\/wp-json\/wp\/v2\/media\/81404"}],"wp:attachment":[{"href":"https:\/\/www.seven.io\/de\/wp-json\/wp\/v2\/media?parent=81406"}],"curies":[{"name":"wp","href":"https:\/\/api.w.org\/{rel}","templated":true}]}}