{"id":81435,"date":"2022-02-15T09:49:10","date_gmt":"2022-02-15T08:49:10","guid":{"rendered":"https:\/\/www.sms77.io\/?page_id=81435"},"modified":"2023-02-21T16:06:47","modified_gmt":"2023-02-21T15:06:47","slug":"limesurvey","status":"publish","type":"page","link":"https:\/\/www.seven.io\/de\/loesungen\/integrationen\/limesurvey\/","title":{"rendered":"LimeSurvey"},"content":{"rendered":"<section class=\"l-section wpb_row height_small\"><div class=\"l-section-h i-cf\"><div class=\"g-cols vc_row via_flex valign_middle type_default stacking_default\"><div class=\"vc_col-sm-6 wpb_column vc_column_container\"><div class=\"vc_column-inner\"><div class=\"wpb_wrapper\"><div class=\"wpb_text_column\"><div class=\"wpb_wrapper\"><p><strong>LimeSurvey ist eine Open-Source-Online-Umfragesoftware, die seit 2006 in Hamburg entwickelt wird. Sie richtet sich sowohl an Gesch\u00e4ftskunden, als auch an Universit\u00e4ten und Markforschungsunternehmen, die mit LimeSurvey umfassende Umfragen gestalten, durchf\u00fchren und auswerten k\u00f6nnen. F\u00fcr unterschiedliche Bed\u00fcrfnisse stehen verschiedene Preismodelle der Cloud-basierten Version zur Verf\u00fcgung, die sich im Umfang unterscheiden.<span class=\"Apple-converted-space\">\u00a0<\/span><\/strong><\/p>\n<p><strong>Mit unserem Plugin k\u00f6nnen Sie jetzt auch unkompliziert SMS mit LimeSurvey versenden, um sowohl Einladungen als auch Erinnerungen f\u00fcr Ihre Umfragen zu versenden.<span class=\"Apple-converted-space\">\u00a0<\/span><\/strong><\/p>\n<\/div><\/div><div class=\"w-btn-wrapper align_none\"><a class=\"w-btn us-btn-style_1 no-border\" target=\"_blank\" rel=\"nofollow noopener\" href=\"https:\/\/github.com\/seven-io\/LimeSurvey\"><span class=\"w-btn-label\">Unser SMS Plugin f\u00fcr LimeSurvey<\/span><\/a><\/div><\/div><\/div><\/div><div class=\"vc_col-sm-6 wpb_column vc_column_container\"><div class=\"vc_column-inner\"><div class=\"wpb_wrapper\"><div class=\"w-image align_center\"><div class=\"w-image-h\"><img decoding=\"async\" width=\"300\" height=\"300\" src=\"https:\/\/www.seven.io\/wp-content\/uploads\/integrationen_limesurvey_logo-300x300.png\" class=\"attachment-us_300_0 size-us_300_0\" alt=\"Logo der Software LimeSurvey\" loading=\"lazy\" srcset=\"https:\/\/www.seven.io\/wp-content\/uploads\/integrationen_limesurvey_logo-300x300.png 300w, https:\/\/www.seven.io\/wp-content\/uploads\/integrationen_limesurvey_logo-150x150.png 150w, https:\/\/www.seven.io\/wp-content\/uploads\/integrationen_limesurvey_logo-350x350.png 350w, https:\/\/www.seven.io\/wp-content\/uploads\/integrationen_limesurvey_logo-250x250.png 250w, https:\/\/www.seven.io\/wp-content\/uploads\/integrationen_limesurvey_logo-400x400.png 400w, https:\/\/www.seven.io\/wp-content\/uploads\/integrationen_limesurvey_logo-200x200.png 200w, https:\/\/www.seven.io\/wp-content\/uploads\/integrationen_limesurvey_logo.png 450w\" sizes=\"auto, (max-width: 300px) 100vw, 300px\" \/><\/div><\/div><\/div><\/div><\/div><\/div><\/div><\/section><section class=\"l-section wpb_row height_small color_alternate\"><div class=\"l-section-h i-cf\"><div class=\"g-cols vc_row via_flex valign_middle type_default stacking_default\"><div class=\"vc_col-sm-6 wpb_column vc_column_container\"><div class=\"vc_column-inner\"><div class=\"wpb_wrapper\"><div class=\"w-image align_center\"><div class=\"w-image-h\"><img decoding=\"async\" width=\"400\" height=\"501\" src=\"https:\/\/www.seven.io\/wp-content\/uploads\/integrationen_limesurvey_mock_de-400x501.png\" class=\"attachment-us_400_0 size-us_400_0\" alt=\"Versenden Sie SMS mit LimeSurvey, um Einladungen und Erinnerungen an Ihre Teilnehmer zu schicken\" loading=\"lazy\" srcset=\"https:\/\/www.seven.io\/wp-content\/uploads\/integrationen_limesurvey_mock_de-400x501.png 400w, https:\/\/www.seven.io\/wp-content\/uploads\/integrationen_limesurvey_mock_de-240x300.png 240w, https:\/\/www.seven.io\/wp-content\/uploads\/integrationen_limesurvey_mock_de-350x438.png 350w, https:\/\/www.seven.io\/wp-content\/uploads\/integrationen_limesurvey_mock_de-250x313.png 250w, https:\/\/www.seven.io\/wp-content\/uploads\/integrationen_limesurvey_mock_de-300x376.png 300w, https:\/\/www.seven.io\/wp-content\/uploads\/integrationen_limesurvey_mock_de-319x400.png 319w, https:\/\/www.seven.io\/wp-content\/uploads\/integrationen_limesurvey_mock_de-200x250.png 200w, https:\/\/www.seven.io\/wp-content\/uploads\/integrationen_limesurvey_mock_de.png 511w\" sizes=\"auto, (max-width: 400px) 100vw, 400px\" \/><\/div><\/div><\/div><\/div><\/div><div class=\"vc_col-sm-6 wpb_column vc_column_container\"><div class=\"vc_column-inner\"><div class=\"wpb_wrapper\"><div class=\"wpb_text_column\"><div class=\"wpb_wrapper\"><h3>Versand von SMS mit LimeSurvey<\/h3>\n<p>Mit <a href=\"https:\/\/github.com\/seven-io\/LimeSurvey\" target=\"_blank\" rel=\"noopener\">unserem Plugin<\/a> versenden Sie SMS mit LimeSurvey, um Personen zu Ihrer Umfrage einzuladen oder sie an Ihre Umfrage zu erinnern. SMS eignen sich f\u00fcr diesen Zweck besonders gut, weil sie schneller gelesen werden als andere Nachrichten, wie beispielsweise Emails.<\/p>\n<p>Dar\u00fcber hinaus k\u00f6nnen Umfragen auf dem Smartphone auch kurz unterwegs beantwortet werden. Die Voraussetzung daf\u00fcr ist nat\u00fcrlich, dass die Umfrage auch in der mobilen Ansicht einwandfrei nutzbar ist. Ihre Teilnehmer erwarten sowieso, dass sie die Umfrage auch dort durchf\u00fchren k\u00f6nnen, wo sie ihnen zugeschickt wird. Sie m\u00f6chten das Ganze ausprobieren? Zur Einrichtungen brauchen Sie LimeSurvey, unser Plugin und einen <a href=\"https:\/\/help.seven.io\/de\/api-key-zugriff\" rel=\"noopener\">API Key<\/a>.<\/p>\n<\/div><\/div><\/div><\/div><\/div><\/div><\/div><\/section><!-- Row Backgrounds --><div class=\"upb_color\" data-bg-override=\"0\" data-bg-color=\"#f4f4f4\" data-fadeout=\"\" data-fadeout-percentage=\"30\" data-parallax-content=\"\" data-parallax-content-sense=\"30\" data-row-effect-mobile-disable=\"true\" data-img-parallax-mobile-disable=\"true\" data-rtl=\"false\"  data-custom-vc-row=\"\"  data-vc=\"8.7.2\"  data-is_old_vc=\"\"  data-theme-support=\"disable\"   data-overlay=\"false\" data-overlay-color=\"\" data-overlay-pattern=\"\" data-overlay-pattern-opacity=\"\" data-overlay-pattern-size=\"\"    ><\/div><section class=\"l-section wpb_row height_small\"><div class=\"l-section-h i-cf\"><div class=\"g-cols vc_row via_flex valign_middle type_default stacking_default\"><div class=\"vc_col-sm-6 wpb_column vc_column_container\"><div class=\"vc_column-inner\"><div class=\"wpb_wrapper\"><div class=\"wpb_text_column\"><div class=\"wpb_wrapper\"><h3>Einladungen und Erinnerungen via SMS verschicken<\/h3>\n<\/div><\/div><div class=\"uavc-list-icon uavc-list-icon-wrapper ult-adjust-bottom-margin   \"><ul class=\"uavc-list\"><li><div class=\"uavc-list-content\" id=\"list-icon-wrap-8627\">\n<div class=\"uavc-list-icon  \" data-animation=\"\" data-animation-delay=\"03\" style=\"margin-right:25px;\"><div class=\"ult-just-icon-wrapper  \"><div class=\"align-icon\" style=\"text-align:center;\">\n<div class=\"aio-icon none \"  style=\"color:#52c0fa;font-size:40px;display:inline-block;\">\n\t<i class=\"Defaults-envelope-o\"><\/i>\n<\/div><\/div><\/div>\n<\/div><span  data-ultimate-target='#list-icon-wrap-8627 .uavc-list-desc'  data-responsive-json-new='{\"font-size\":\"\",\"line-height\":\"\"}'  class=\"uavc-list-desc ult-responsive\" style=\"\">F\u00fcgen Sie Teilnehmer Ihrer Umfrage hinzu und senden Sie ihnen automatisch eine Einladung und eine Erinnerung via SMS. Sie k\u00f6nnen auch ausw\u00e4hlen, dass nur die Einladung oder nur die Erinnerung via SMS verschickt werden soll.<\/span><\/div><\/li><\/ul><\/div><div class=\"wpb_text_column\"><div class=\"wpb_wrapper\"><h3>Erweiterte Funktionen<\/h3>\n<\/div><\/div><div class=\"uavc-list-icon uavc-list-icon-wrapper ult-adjust-bottom-margin   \"><ul class=\"uavc-list\"><li><div class=\"uavc-list-content\" id=\"list-icon-wrap-2516\">\n<div class=\"uavc-list-icon  \" data-animation=\"\" data-animation-delay=\"03\" style=\"margin-right:25px;\"><div class=\"ult-just-icon-wrapper  \"><div class=\"align-icon\" style=\"text-align:center;\">\n<div class=\"aio-icon none \"  style=\"color:#52c0fa;font-size:40px;display:inline-block;\">\n\t<i class=\"Defaults-list\"><\/i>\n<\/div><\/div><\/div>\n<\/div><span  data-ultimate-target='#list-icon-wrap-2516 .uavc-list-desc'  data-responsive-json-new='{\"font-size\":\"\",\"line-height\":\"\"}'  class=\"uavc-list-desc ult-responsive\" style=\"\">Nutzen Sie Platzhalter, um Ihre SMS zu personalisieren. Auch ein Versand von <a href=\"https:\/\/help.seven.io\/de\/flash-sms\" rel=\"noopener\">Flash-SMS<\/a> aus LimeSurvey ist m\u00f6glich!<br \/>\nMit einem individuellen <a href=\"https:\/\/help.seven.io\/de\/absenderkennung-setzen\" rel=\"noopener\">Absendernamen<\/a> sorgen Sie daf\u00fcr, dass Ihre Teilnehmer sofort wissen, wer Sie sind.<\/span><\/div><\/li><\/ul><\/div><\/div><\/div><\/div><div class=\"vc_col-sm-6 wpb_column vc_column_container\"><div class=\"vc_column-inner\"><div class=\"wpb_wrapper\"><div class=\"w-image no-border align_center\"><a ref=\"magnificPopup\" href=\"https:\/\/www.seven.io\/wp-content\/uploads\/integrationen_limesurvey_settings.png\" aria-label=\"integrationen_limesurvey_settings\" class=\"w-image-h\"><img decoding=\"async\" width=\"768\" height=\"574\" src=\"https:\/\/www.seven.io\/wp-content\/uploads\/integrationen_limesurvey_settings-768x574.png\" class=\"attachment-us_768_0 size-us_768_0\" alt=\"Versenden Sie Einladungen und Erinnerungen via SMS mit LimeSurvey\" loading=\"lazy\" srcset=\"https:\/\/www.seven.io\/wp-content\/uploads\/integrationen_limesurvey_settings-768x574.png 768w, https:\/\/www.seven.io\/wp-content\/uploads\/integrationen_limesurvey_settings-300x224.png 300w, https:\/\/www.seven.io\/wp-content\/uploads\/integrationen_limesurvey_settings-350x261.png 350w, https:\/\/www.seven.io\/wp-content\/uploads\/integrationen_limesurvey_settings-250x187.png 250w, https:\/\/www.seven.io\/wp-content\/uploads\/integrationen_limesurvey_settings-600x448.png 600w, https:\/\/www.seven.io\/wp-content\/uploads\/integrationen_limesurvey_settings-400x299.png 400w, https:\/\/www.seven.io\/wp-content\/uploads\/integrationen_limesurvey_settings-535x400.png 535w, https:\/\/www.seven.io\/wp-content\/uploads\/integrationen_limesurvey_settings-200x149.png 200w, https:\/\/www.seven.io\/wp-content\/uploads\/integrationen_limesurvey_settings.png 1024w\" sizes=\"auto, (max-width: 768px) 100vw, 768px\" \/><\/a><\/div><div class=\"w-separator size_custom\" style=\"height:10px\"><\/div><div class=\"wpb_text_column\"><div class=\"wpb_wrapper\"><p style=\"text-align: center;\"><em>Einstellungen zum Versand von SMS mit LimeSurvey, zum Vergr\u00f6\u00dfern anklicken.<\/em><\/p>\n<\/div><\/div><\/div><\/div><\/div><\/div><\/div><\/section><section class=\"l-section wpb_row height_small\"><div class=\"l-section-h i-cf\"><div class=\"g-cols vc_row via_flex valign_top type_default stacking_default\"><div class=\"vc_col-sm-12 wpb_column vc_column_container\"><div class=\"vc_column-inner\"><div class=\"wpb_wrapper\"><div class=\"w-actionbox us_custom_e47d7875 color_light controls_right\"><div class=\"w-actionbox-text\"><div class=\"w-actionbox-description\"><p>Sie brauchen Hilfe bei der Installation oder der Einrichtung der Funktionen?<br \/>\nAuf unserer GitHub-Seite finden Sie weitere Informationen.<\/p>\n<\/div><\/div><div class=\"w-actionbox-controls\"><a class=\"w-btn us-btn-style_5\" target=\"_blank\" rel=\"nofollow noopener\" href=\"https:\/\/github.com\/seven-io\/LimeSurvey\"><span class=\"w-btn-label\">Zu GitHub<\/span><\/a><\/div><\/div><\/div><\/div><\/div><\/div><\/div><\/section><!-- Row Backgrounds --><div class=\"upb_color\" data-bg-override=\"0\" data-bg-color=\"#ffffff\" data-fadeout=\"\" data-fadeout-percentage=\"30\" data-parallax-content=\"\" data-parallax-content-sense=\"30\" data-row-effect-mobile-disable=\"true\" data-img-parallax-mobile-disable=\"true\" data-rtl=\"false\"  data-custom-vc-row=\"\"  data-vc=\"8.7.2\"  data-is_old_vc=\"\"  data-theme-support=\"disable\"   data-overlay=\"false\" data-overlay-color=\"\" data-overlay-pattern=\"\" data-overlay-pattern-opacity=\"\" data-overlay-pattern-size=\"\"    ><\/div>\n","protected":false},"excerpt":{"rendered":"LimeSurvey ist eine Open-Source-Online-Umfragesoftware, die seit 2006 in Hamburg entwickelt wird. Sie richtet sich sowohl an Gesch\u00e4ftskunden, als auch an Universit\u00e4ten und Markforschungsunternehmen, die mit LimeSurvey umfassende Umfragen gestalten, durchf\u00fchren und auswerten k\u00f6nnen. F\u00fcr unterschiedliche Bed\u00fcrfnisse stehen verschiedene Preismodelle der Cloud-basierten Version zur Verf\u00fcgung, die sich im Umfang unterscheiden.\u00a0 Mit unserem Plugin k\u00f6nnen Sie jetzt...","protected":false},"author":1,"featured_media":81433,"parent":17075,"menu_order":0,"comment_status":"closed","ping_status":"closed","template":"","meta":{"content-type":"","footnotes":""},"class_list":["post-81435","page","type-page","status-publish","has-post-thumbnail","hentry"],"_links":{"self":[{"href":"https:\/\/www.seven.io\/de\/wp-json\/wp\/v2\/pages\/81435","targetHints":{"allow":["GET"]}}],"collection":[{"href":"https:\/\/www.seven.io\/de\/wp-json\/wp\/v2\/pages"}],"about":[{"href":"https:\/\/www.seven.io\/de\/wp-json\/wp\/v2\/types\/page"}],"author":[{"embeddable":true,"href":"https:\/\/www.seven.io\/de\/wp-json\/wp\/v2\/users\/1"}],"replies":[{"embeddable":true,"href":"https:\/\/www.seven.io\/de\/wp-json\/wp\/v2\/comments?post=81435"}],"version-history":[{"count":14,"href":"https:\/\/www.seven.io\/de\/wp-json\/wp\/v2\/pages\/81435\/revisions"}],"predecessor-version":[{"id":88705,"href":"https:\/\/www.seven.io\/de\/wp-json\/wp\/v2\/pages\/81435\/revisions\/88705"}],"up":[{"embeddable":true,"href":"https:\/\/www.seven.io\/de\/wp-json\/wp\/v2\/pages\/17075"}],"wp:featuredmedia":[{"embeddable":true,"href":"https:\/\/www.seven.io\/de\/wp-json\/wp\/v2\/media\/81433"}],"wp:attachment":[{"href":"https:\/\/www.seven.io\/de\/wp-json\/wp\/v2\/media?parent=81435"}],"curies":[{"name":"wp","href":"https:\/\/api.w.org\/{rel}","templated":true}]}}