{"id":81493,"date":"2022-02-18T06:44:41","date_gmt":"2022-02-18T05:44:41","guid":{"rendered":"https:\/\/www.sms77.io\/?page_id=81493"},"modified":"2024-03-28T09:55:56","modified_gmt":"2024-03-28T08:55:56","slug":"wisecp","status":"publish","type":"page","link":"https:\/\/www.seven.io\/de\/loesungen\/integrationen\/wisecp\/","title":{"rendered":"WISECP"},"content":{"rendered":"<section class=\"l-section wpb_row height_small\"><div class=\"l-section-h i-cf\"><div class=\"g-cols vc_row via_flex valign_middle type_default stacking_default\"><div class=\"vc_col-sm-6 wpb_column vc_column_container\"><div class=\"vc_column-inner\"><div class=\"wpb_wrapper\"><div class=\"wpb_text_column\"><div class=\"wpb_wrapper\"><p><strong>WISECP ist eine Webhosting- und Automatisierungssoftware f\u00fcr digitale L\u00f6sungen. Unter anderem werden L\u00f6sungen f\u00fcr Unternehmen angeboten, die mit Domains oder Software handeln oder Web Hosting oder SMS Services anbieten. Auch f\u00fcr individuelle Anspr\u00fcche bietet WISECP ma\u00dfgeschneiderte L\u00f6sungen an.<\/strong><\/p>\n<p><strong>Wenn Sie Ihren Kunden einen internationalen SMS Service via WISECP anbieten m\u00f6chten, k\u00f6nnen Sie seven.io unkompliziert als Provider einbinden, um auch beim Versand von SMS durch WISECP von unserem Angebot zu profitieren. Sie k\u00f6nnen aber auch Benachrichtigungen per SMS verschicken.<\/strong><\/p>\n<\/div><\/div><div class=\"w-btn-wrapper align_none\"><a class=\"w-btn us-btn-style_1 no-border\" target=\"_blank\" rel=\"nofollow noopener\" href=\"https:\/\/marketplace.wisecp.com\/en\/product\/sms77-sms-module\"><span class=\"w-btn-label\">Direkt zum SMS Modul auf WISECP<\/span><\/a><\/div><\/div><\/div><\/div><div class=\"vc_col-sm-6 wpb_column vc_column_container\"><div class=\"vc_column-inner\"><div class=\"wpb_wrapper\"><div class=\"w-image align_center\"><div class=\"w-image-h\"><img decoding=\"async\" width=\"300\" height=\"300\" src=\"https:\/\/www.seven.io\/wp-content\/uploads\/integrationen_wisecp_logo-300x300.png\" class=\"attachment-us_300_0 size-us_300_0\" alt=\"Das WISECP Logo\" loading=\"lazy\" srcset=\"https:\/\/www.seven.io\/wp-content\/uploads\/integrationen_wisecp_logo-300x300.png 300w, https:\/\/www.seven.io\/wp-content\/uploads\/integrationen_wisecp_logo-150x150.png 150w, https:\/\/www.seven.io\/wp-content\/uploads\/integrationen_wisecp_logo-350x350.png 350w, https:\/\/www.seven.io\/wp-content\/uploads\/integrationen_wisecp_logo-250x250.png 250w, https:\/\/www.seven.io\/wp-content\/uploads\/integrationen_wisecp_logo-400x400.png 400w, https:\/\/www.seven.io\/wp-content\/uploads\/integrationen_wisecp_logo-200x200.png 200w, https:\/\/www.seven.io\/wp-content\/uploads\/integrationen_wisecp_logo.png 450w\" sizes=\"auto, (max-width: 300px) 100vw, 300px\" \/><\/div><\/div><\/div><\/div><\/div><\/div><\/div><\/section><section class=\"l-section wpb_row height_small color_alternate\"><div class=\"l-section-h i-cf\"><div class=\"g-cols vc_row via_flex valign_middle type_default stacking_default\"><div class=\"vc_col-sm-6 wpb_column vc_column_container\"><div class=\"vc_column-inner\"><div class=\"wpb_wrapper\"><div class=\"w-image align_center\"><div class=\"w-image-h\"><img decoding=\"async\" width=\"400\" height=\"267\" src=\"https:\/\/www.seven.io\/wp-content\/uploads\/integrationen_wisecp_mood-400x267.png\" class=\"attachment-us_400_0 size-us_400_0\" alt=\"Nutzen Sie den Versand von SMS durch WISECP f\u00fcr Ihren individuellen Anwendungsfall\" loading=\"lazy\" srcset=\"https:\/\/www.seven.io\/wp-content\/uploads\/integrationen_wisecp_mood-400x267.png 400w, https:\/\/www.seven.io\/wp-content\/uploads\/integrationen_wisecp_mood-300x200.png 300w, https:\/\/www.seven.io\/wp-content\/uploads\/integrationen_wisecp_mood-350x233.png 350w, https:\/\/www.seven.io\/wp-content\/uploads\/integrationen_wisecp_mood-250x167.png 250w, https:\/\/www.seven.io\/wp-content\/uploads\/integrationen_wisecp_mood-600x400.png 600w, https:\/\/www.seven.io\/wp-content\/uploads\/integrationen_wisecp_mood-768x512.png 768w, https:\/\/www.seven.io\/wp-content\/uploads\/integrationen_wisecp_mood-200x133.png 200w, https:\/\/www.seven.io\/wp-content\/uploads\/integrationen_wisecp_mood.png 1024w\" sizes=\"auto, (max-width: 400px) 100vw, 400px\" \/><\/div><\/div><div class=\"w-separator size_custom\" style=\"height:10px\"><\/div><div class=\"wpb_text_column\"><div class=\"wpb_wrapper\"><p style=\"text-align: center;\"><em>SMS erreichen fast jede Zielgruppe schnell und zuverl\u00e4ssig.<\/em><\/p>\n<\/div><\/div><\/div><\/div><\/div><div class=\"vc_col-sm-6 wpb_column vc_column_container\"><div class=\"vc_column-inner\"><div class=\"wpb_wrapper\"><div class=\"wpb_text_column\"><div class=\"wpb_wrapper\"><h3>Versenden Sie SMS durch WISECP<\/h3>\n<p>Wenn Sie Ihren Kunden einen Versand von SMS durch WISECP anbieten m\u00f6chten oder Benachrichtigungen via SMS versenden wollen, ist <a href=\"https:\/\/marketplace.wisecp.com\/en\/product\/sms77-sms-module\" target=\"_blank\" rel=\"noopener\">unser SMS Modul<\/a> genau das Richtige f\u00fcr Sie. Die Einrichtung ist in wenigen Schritten geschafft \u2013 Sie ben\u00f6tigen dazu nur einen <a href=\"https:\/\/help.seven.io\/de\/api-key-zugriff\" rel=\"noopener\">API Key<\/a> von uns.<\/p>\n<p>Haben Sie die Einrichtung abgeschlossen, profitieren Sie unmittelbar von der Qualit\u00e4t unseres SMS Gateways.\u00a0Beispielsweise bieten wir Ihnen durchgehend eine hohe Zustellgeschwindigkeit Ihrer Nachrichten. Dar\u00fcber hinaus arbeiten wir DSGVO-konform und unsere Server stehen in Deutschland.<\/p>\n<p>Haben Sie Fragen zu unserem Gateway oder der Nutzung \u00fcber WISECP? <a href=\"mailto:support@seven.io\">Unser Support<\/a> hilft Ihnen gern weiter.<\/p>\n<\/div><\/div><\/div><\/div><\/div><\/div><\/div><\/section><!-- Row Backgrounds --><div class=\"upb_color\" data-bg-override=\"0\" data-bg-color=\"#f4f4f4\" data-fadeout=\"\" data-fadeout-percentage=\"30\" data-parallax-content=\"\" data-parallax-content-sense=\"30\" data-row-effect-mobile-disable=\"true\" data-img-parallax-mobile-disable=\"true\" data-rtl=\"false\"  data-custom-vc-row=\"\"  data-vc=\"8.7.2\"  data-is_old_vc=\"\"  data-theme-support=\"disable\"   data-overlay=\"false\" data-overlay-color=\"\" data-overlay-pattern=\"\" data-overlay-pattern-opacity=\"\" data-overlay-pattern-size=\"\"    ><\/div><section class=\"l-section wpb_row height_small\"><div class=\"l-section-h i-cf\"><div class=\"g-cols vc_row via_flex valign_middle type_default stacking_default\"><div class=\"vc_col-sm-6 wpb_column vc_column_container\"><div class=\"vc_column-inner\"><div class=\"wpb_wrapper\"><div class=\"wpb_text_column\"><div class=\"wpb_wrapper\"><h3>Internationaler SMS Versand f\u00fcr Ihre Kunden<\/h3>\n<\/div><\/div><div class=\"uavc-list-icon uavc-list-icon-wrapper ult-adjust-bottom-margin   \"><ul class=\"uavc-list\"><li><div class=\"uavc-list-content\" id=\"list-icon-wrap-8771\">\n<div class=\"uavc-list-icon  \" data-animation=\"\" data-animation-delay=\"03\" style=\"margin-right:25px;\"><div class=\"ult-just-icon-wrapper  \"><div class=\"align-icon\" style=\"text-align:center;\">\n<div class=\"aio-icon none \"  style=\"color:#52c0fa;font-size:40px;display:inline-block;\">\n\t<i class=\"Defaults-envelope-o\"><\/i>\n<\/div><\/div><\/div>\n<\/div><span  data-ultimate-target='#list-icon-wrap-8771 .uavc-list-desc'  data-responsive-json-new='{\"font-size\":\"\",\"line-height\":\"\"}'  class=\"uavc-list-desc ult-responsive\" style=\"\">Realisieren Sie den Versand von SMS f\u00fcr Ihre Kunden \u2013 mit WISECP und seven.<\/span><\/div><\/li><\/ul><\/div><div class=\"wpb_text_column\"><div class=\"wpb_wrapper\"><h3>Benachrichtigungen versenden<\/h3>\n<\/div><\/div><div class=\"uavc-list-icon uavc-list-icon-wrapper ult-adjust-bottom-margin   \"><ul class=\"uavc-list\"><li><div class=\"uavc-list-content\" id=\"list-icon-wrap-2426\">\n<div class=\"uavc-list-icon  \" data-animation=\"\" data-animation-delay=\"03\" style=\"margin-right:25px;\"><div class=\"ult-just-icon-wrapper  \"><div class=\"align-icon\" style=\"text-align:center;\">\n<div class=\"aio-icon none \"  style=\"color:#52c0fa;font-size:40px;display:inline-block;\">\n\t<i class=\"Defaults-exclamation-circle\"><\/i>\n<\/div><\/div><\/div>\n<\/div><span  data-ultimate-target='#list-icon-wrap-2426 .uavc-list-desc'  data-responsive-json-new='{\"font-size\":\"\",\"line-height\":\"\"}'  class=\"uavc-list-desc ult-responsive\" style=\"\">Sie m\u00f6chten Benachrichtigungen via SMS versenden? Auch dies ist mit unserem SMS Modul ganz einfach m\u00f6glich.<\/span><\/div><\/li><\/ul><\/div><\/div><\/div><\/div><div class=\"vc_col-sm-6 wpb_column vc_column_container\"><div class=\"vc_column-inner\"><div class=\"wpb_wrapper\"><div class=\"w-image no-border align_center\"><a ref=\"magnificPopup\" href=\"https:\/\/www.seven.io\/wp-content\/uploads\/integrationen_wisecp_screen_sms_module.png\" aria-label=\"integrationen_wisecp_screen_sms_module\" class=\"w-image-h\"><img decoding=\"async\" width=\"768\" height=\"460\" src=\"https:\/\/www.seven.io\/wp-content\/uploads\/integrationen_wisecp_screen_sms_module-768x460.png\" class=\"attachment-us_768_0 size-us_768_0\" alt=\"Versenden Sie SMS durch WISECP\" loading=\"lazy\" srcset=\"https:\/\/www.seven.io\/wp-content\/uploads\/integrationen_wisecp_screen_sms_module-768x460.png 768w, https:\/\/www.seven.io\/wp-content\/uploads\/integrationen_wisecp_screen_sms_module-300x180.png 300w, https:\/\/www.seven.io\/wp-content\/uploads\/integrationen_wisecp_screen_sms_module-350x210.png 350w, https:\/\/www.seven.io\/wp-content\/uploads\/integrationen_wisecp_screen_sms_module-250x150.png 250w, https:\/\/www.seven.io\/wp-content\/uploads\/integrationen_wisecp_screen_sms_module-600x359.png 600w, https:\/\/www.seven.io\/wp-content\/uploads\/integrationen_wisecp_screen_sms_module-400x239.png 400w, https:\/\/www.seven.io\/wp-content\/uploads\/integrationen_wisecp_screen_sms_module-200x120.png 200w, https:\/\/www.seven.io\/wp-content\/uploads\/integrationen_wisecp_screen_sms_module.png 1024w\" sizes=\"auto, (max-width: 768px) 100vw, 768px\" \/><\/a><\/div><div class=\"w-separator size_custom\" style=\"height:10px\"><\/div><div class=\"wpb_text_column\"><div class=\"wpb_wrapper\"><p style=\"text-align: center;\"><em>Einrichtung des SMS Moduls mit seven als Provider, zum Vergr\u00f6\u00dfern anklicken.<\/em><\/p>\n<\/div><\/div><\/div><\/div><\/div><\/div><\/div><\/section><section class=\"l-section wpb_row height_small\"><div class=\"l-section-h i-cf\"><div class=\"g-cols vc_row via_flex valign_top type_default stacking_default\"><div class=\"vc_col-sm-12 wpb_column vc_column_container\"><div class=\"vc_column-inner\"><div class=\"wpb_wrapper\"><div class=\"w-actionbox us_custom_e47d7875 color_light controls_right\"><div class=\"w-actionbox-text\"><div class=\"w-actionbox-description\"><p>Sie brauchen Hilfe bei der Installation oder der Einrichtung der Funktionen?<br \/>\nAuf unserer GitHub-Seite finden Sie weitere Informationen.<\/p>\n<\/div><\/div><div class=\"w-actionbox-controls\"><a class=\"w-btn us-btn-style_5\" target=\"_blank\" rel=\"nofollow noopener\" href=\"https:\/\/github.com\/seven-io\/wisecp\"><span class=\"w-btn-label\">Zu GitHub<\/span><\/a><\/div><\/div><\/div><\/div><\/div><\/div><\/div><\/section><!-- Row Backgrounds --><div class=\"upb_color\" data-bg-override=\"0\" data-bg-color=\"#ffffff\" data-fadeout=\"\" data-fadeout-percentage=\"30\" data-parallax-content=\"\" data-parallax-content-sense=\"30\" data-row-effect-mobile-disable=\"true\" data-img-parallax-mobile-disable=\"true\" data-rtl=\"false\"  data-custom-vc-row=\"\"  data-vc=\"8.7.2\"  data-is_old_vc=\"\"  data-theme-support=\"disable\"   data-overlay=\"false\" data-overlay-color=\"\" data-overlay-pattern=\"\" data-overlay-pattern-opacity=\"\" data-overlay-pattern-size=\"\"    ><\/div>\n","protected":false},"excerpt":{"rendered":"WISECP ist eine Webhosting- und Automatisierungssoftware f\u00fcr digitale L\u00f6sungen. Unter anderem werden L\u00f6sungen f\u00fcr Unternehmen angeboten, die mit Domains oder Software handeln oder Web Hosting oder SMS Services anbieten. Auch f\u00fcr individuelle Anspr\u00fcche bietet WISECP ma\u00dfgeschneiderte L\u00f6sungen an. Wenn Sie Ihren Kunden einen internationalen SMS Service via WISECP anbieten m\u00f6chten, k\u00f6nnen Sie seven.io unkompliziert als...","protected":false},"author":1,"featured_media":81491,"parent":17075,"menu_order":0,"comment_status":"closed","ping_status":"closed","template":"","meta":{"content-type":"","footnotes":""},"class_list":["post-81493","page","type-page","status-publish","has-post-thumbnail","hentry"],"_links":{"self":[{"href":"https:\/\/www.seven.io\/de\/wp-json\/wp\/v2\/pages\/81493","targetHints":{"allow":["GET"]}}],"collection":[{"href":"https:\/\/www.seven.io\/de\/wp-json\/wp\/v2\/pages"}],"about":[{"href":"https:\/\/www.seven.io\/de\/wp-json\/wp\/v2\/types\/page"}],"author":[{"embeddable":true,"href":"https:\/\/www.seven.io\/de\/wp-json\/wp\/v2\/users\/1"}],"replies":[{"embeddable":true,"href":"https:\/\/www.seven.io\/de\/wp-json\/wp\/v2\/comments?post=81493"}],"version-history":[{"count":28,"href":"https:\/\/www.seven.io\/de\/wp-json\/wp\/v2\/pages\/81493\/revisions"}],"predecessor-version":[{"id":92437,"href":"https:\/\/www.seven.io\/de\/wp-json\/wp\/v2\/pages\/81493\/revisions\/92437"}],"up":[{"embeddable":true,"href":"https:\/\/www.seven.io\/de\/wp-json\/wp\/v2\/pages\/17075"}],"wp:featuredmedia":[{"embeddable":true,"href":"https:\/\/www.seven.io\/de\/wp-json\/wp\/v2\/media\/81491"}],"wp:attachment":[{"href":"https:\/\/www.seven.io\/de\/wp-json\/wp\/v2\/media?parent=81493"}],"curies":[{"name":"wp","href":"https:\/\/api.w.org\/{rel}","templated":true}]}}