{"id":81786,"date":"2022-03-03T08:00:22","date_gmt":"2022-03-03T07:00:22","guid":{"rendered":"https:\/\/www.sms77.io\/?page_id=81786"},"modified":"2024-03-28T09:40:26","modified_gmt":"2024-03-28T08:40:26","slug":"vtiger","status":"publish","type":"page","link":"https:\/\/www.seven.io\/de\/loesungen\/integrationen\/vtiger\/","title":{"rendered":"Vtiger"},"content":{"rendered":"<section class=\"l-section wpb_row height_small\"><div class=\"l-section-h i-cf\"><div class=\"g-cols vc_row via_flex valign_middle type_default stacking_default\"><div class=\"vc_col-sm-6 wpb_column vc_column_container\"><div class=\"vc_column-inner\"><div class=\"wpb_wrapper\"><div class=\"wpb_text_column\"><div class=\"wpb_wrapper\"><p><strong>Vtiger ist ein All-in-One-CRM das in verschiedenen Sprachen und Funktionsumf\u00e4ngen erh\u00e4ltlich ist. Die Open-Source-Software ist in ihrer Basisversion kostenfrei verf\u00fcgbar. F\u00fcr unterschiedliche Anspr\u00fcche existieren aber auch unterschiedliche Versionen, die sich wiederum in ihren Kosten unterscheiden. <\/strong><\/p>\n<p><strong>Neben der grunds\u00e4tzlichen Kundenverwaltung und Pipeline-Funktionen ist auch ein Helpdesk-System in Vtiger integriert. Auch der Versand von SMS mit Vtiger kann in wenigen Schritten eingerichtet werden, um Kunden einen zus\u00e4tzlichen Service anbieten zu k\u00f6nnen.<span class=\"Apple-converted-space\">\u00a0<\/span><\/strong><\/p>\n<\/div><\/div><div class=\"w-btn-wrapper align_none\"><a class=\"w-btn us-btn-style_1 no-border\" target=\"_blank\" rel=\"nofollow noopener\" href=\"https:\/\/github.com\/seven-io\/vtiger\"><span class=\"w-btn-label\">Unser SMS Plugin f\u00fcr Vtiger<\/span><\/a><\/div><\/div><\/div><\/div><div class=\"vc_col-sm-6 wpb_column vc_column_container\"><div class=\"vc_column-inner\"><div class=\"wpb_wrapper\"><div class=\"w-video align_none ratio_16x9 has_iframe\"><div class=\"w-video-h\"><iframe title=\"Youtube video player\" src=\"\/\/www.youtube.com\/embed\/PqT_Juf-dQ4?autoplay=0&controls=1&origin=https:\/\/www.seven.io\/de\/&loop=0&mute=0\" allowfullscreen=\"1\" loading=\"lazy\"><\/iframe><\/div><\/div><\/div><\/div><\/div><\/div><\/div><\/section><section class=\"l-section wpb_row height_small color_alternate\"><div class=\"l-section-h i-cf\"><div class=\"g-cols vc_row via_flex valign_middle type_default stacking_default\"><div class=\"vc_col-sm-6 wpb_column vc_column_container\"><div class=\"vc_column-inner\"><div class=\"wpb_wrapper\"><div class=\"w-image align_center\"><div class=\"w-image-h\"><img decoding=\"async\" width=\"400\" height=\"501\" src=\"https:\/\/www.seven.io\/wp-content\/uploads\/integrationen_vtiger_mock_de-400x501.png\" class=\"attachment-us_400_0 size-us_400_0\" alt=\"Versenden Sie SMS mit Vtiger, um Ihren Kunden einen zus\u00e4tzlichen Kontaktpunkt anzubieten\" loading=\"lazy\" srcset=\"https:\/\/www.seven.io\/wp-content\/uploads\/integrationen_vtiger_mock_de-400x501.png 400w, https:\/\/www.seven.io\/wp-content\/uploads\/integrationen_vtiger_mock_de-240x300.png 240w, https:\/\/www.seven.io\/wp-content\/uploads\/integrationen_vtiger_mock_de-350x438.png 350w, https:\/\/www.seven.io\/wp-content\/uploads\/integrationen_vtiger_mock_de-250x313.png 250w, https:\/\/www.seven.io\/wp-content\/uploads\/integrationen_vtiger_mock_de-300x376.png 300w, https:\/\/www.seven.io\/wp-content\/uploads\/integrationen_vtiger_mock_de-319x400.png 319w, https:\/\/www.seven.io\/wp-content\/uploads\/integrationen_vtiger_mock_de-200x250.png 200w, https:\/\/www.seven.io\/wp-content\/uploads\/integrationen_vtiger_mock_de.png 511w\" sizes=\"auto, (max-width: 400px) 100vw, 400px\" \/><\/div><\/div><\/div><\/div><\/div><div class=\"vc_col-sm-6 wpb_column vc_column_container\"><div class=\"vc_column-inner\"><div class=\"wpb_wrapper\"><div class=\"wpb_text_column\"><div class=\"wpb_wrapper\"><h3>Jetzt SMS mit Vtiger versenden<\/h3>\n<p>Mit unserem Plugin f\u00fcr Vtiger k\u00f6nnen Sie den Versand von SMS in nur wenigen Schritten einbinden. Installieren Sie <a href=\"https:\/\/github.com\/seven-io\/vtiger\" target=\"_blank\" rel=\"noopener\">unser Plugin<\/a>, richten Sie den SMS-Versand ein und versenden Sie Ihre erste SMS! Sie ben\u00f6tigen neben dem Plugin nur einen <a href=\"https:\/\/help.seven.io\/de\/api-key-zugriff\" rel=\"noopener\">API Key<\/a> und ausreichend Guthaben.<\/p>\n<p>Nutzen Sie den Versand von SMS, um Ihren Kunden einen besonderen Service anzubieten: Massen-SMS erreichen Ihre Zielgruppe zuverl\u00e4ssig und schnell. Somit eignen sie sich nicht nur f\u00fcr exklusive Angebote, sondern auch f\u00fcr kurzfristige Benachrichtigungen. Nutzen Sie Ihr CRM voll aus uns senden Sie SMS mit Vtiger.<\/p>\n<\/div><\/div><\/div><\/div><\/div><\/div><\/div><\/section><!-- Row Backgrounds --><div class=\"upb_color\" data-bg-override=\"0\" data-bg-color=\"#f4f4f4\" data-fadeout=\"\" data-fadeout-percentage=\"30\" data-parallax-content=\"\" data-parallax-content-sense=\"30\" data-row-effect-mobile-disable=\"true\" data-img-parallax-mobile-disable=\"true\" data-rtl=\"false\"  data-custom-vc-row=\"\"  data-vc=\"8.7.2\"  data-is_old_vc=\"\"  data-theme-support=\"disable\"   data-overlay=\"false\" data-overlay-color=\"\" data-overlay-pattern=\"\" data-overlay-pattern-opacity=\"\" data-overlay-pattern-size=\"\"    ><\/div><section class=\"l-section wpb_row height_small\"><div class=\"l-section-h i-cf\"><div class=\"g-cols vc_row via_flex valign_middle type_default stacking_default\"><div class=\"vc_col-sm-6 wpb_column vc_column_container\"><div class=\"vc_column-inner\"><div class=\"wpb_wrapper\"><div class=\"wpb_text_column\"><div class=\"wpb_wrapper\"><h3>SMS-Versand<\/h3>\n<\/div><\/div><div class=\"uavc-list-icon uavc-list-icon-wrapper ult-adjust-bottom-margin   \"><ul class=\"uavc-list\"><li><div class=\"uavc-list-content\" id=\"list-icon-wrap-7795\">\n<div class=\"uavc-list-icon  \" data-animation=\"\" data-animation-delay=\"03\" style=\"margin-right:25px;\"><div class=\"ult-just-icon-wrapper  \"><div class=\"align-icon\" style=\"text-align:center;\">\n<div class=\"aio-icon none \"  style=\"color:#52c0fa;font-size:40px;display:inline-block;\">\n\t<i class=\"Defaults-envelope-o\"><\/i>\n<\/div><\/div><\/div>\n<\/div><span  data-ultimate-target='#list-icon-wrap-7795 .uavc-list-desc'  data-responsive-json-new='{\"font-size\":\"\",\"line-height\":\"\"}'  class=\"uavc-list-desc ult-responsive\" style=\"\">Verschicken Sie Benachrichtigungen, Angebote oder andere Nachrichten an Ihre Kunden \u2013 wegen der hohen und schnellen \u00d6ffnungsrate eignen sich SMS auch f\u00fcr zeitsensitive Nachrichten.<\/span><\/div><\/li><\/ul><\/div><div class=\"wpb_text_column\"><div class=\"wpb_wrapper\"><h3>Absendername<\/h3>\n<\/div><\/div><div class=\"uavc-list-icon uavc-list-icon-wrapper ult-adjust-bottom-margin   \"><ul class=\"uavc-list\"><li><div class=\"uavc-list-content\" id=\"list-icon-wrap-8020\">\n<div class=\"uavc-list-icon  \" data-animation=\"\" data-animation-delay=\"03\" style=\"margin-right:25px;\"><div class=\"ult-just-icon-wrapper  \"><div class=\"align-icon\" style=\"text-align:center;\">\n<div class=\"aio-icon none \"  style=\"color:#52c0fa;font-size:40px;display:inline-block;\">\n\t<i class=\"Defaults-user\"><\/i>\n<\/div><\/div><\/div>\n<\/div><span  data-ultimate-target='#list-icon-wrap-8020 .uavc-list-desc'  data-responsive-json-new='{\"font-size\":\"\",\"line-height\":\"\"}'  class=\"uavc-list-desc ult-responsive\" style=\"\">Legen Sie einen individuellen Absendernamen fest, der Ihren Empf\u00e4ngern angezeigt wird, wenn sie eine SMS von Ihnen empfangen.<span class=\"Apple-converted-space\">\u00a0<\/span><\/span><\/div><\/li><\/ul><\/div><\/div><\/div><\/div><div class=\"vc_col-sm-6 wpb_column vc_column_container\"><div class=\"vc_column-inner\"><div class=\"wpb_wrapper\"><div class=\"w-image align_center\"><div class=\"w-image-h\"><img decoding=\"async\" width=\"768\" height=\"512\" src=\"https:\/\/www.seven.io\/wp-content\/uploads\/integrationen_vtiger_mood-768x512.png\" class=\"attachment-us_768_0 size-us_768_0\" alt=\"Jetzt SMS mit Vtiger versenden\" loading=\"lazy\" srcset=\"https:\/\/www.seven.io\/wp-content\/uploads\/integrationen_vtiger_mood-768x512.png 768w, https:\/\/www.seven.io\/wp-content\/uploads\/integrationen_vtiger_mood-300x200.png 300w, https:\/\/www.seven.io\/wp-content\/uploads\/integrationen_vtiger_mood-350x233.png 350w, https:\/\/www.seven.io\/wp-content\/uploads\/integrationen_vtiger_mood-250x167.png 250w, https:\/\/www.seven.io\/wp-content\/uploads\/integrationen_vtiger_mood-600x400.png 600w, https:\/\/www.seven.io\/wp-content\/uploads\/integrationen_vtiger_mood-400x267.png 400w, https:\/\/www.seven.io\/wp-content\/uploads\/integrationen_vtiger_mood-200x133.png 200w, https:\/\/www.seven.io\/wp-content\/uploads\/integrationen_vtiger_mood.png 800w\" sizes=\"auto, (max-width: 768px) 100vw, 768px\" \/><\/div><\/div><div class=\"w-separator size_custom\" style=\"height:10px\"><\/div><div class=\"wpb_text_column\"><div class=\"wpb_wrapper\"><p style=\"text-align: center;\"><em>Erreichen Sie Ihre Zielgruppe schnell und effektiv \u2013 versenden Sie SMS mit Vtiger und seven.<\/em><\/p>\n<\/div><\/div><\/div><\/div><\/div><\/div><\/div><\/section><section class=\"l-section wpb_row height_small\"><div class=\"l-section-h i-cf\"><div class=\"g-cols vc_row via_flex valign_top type_default stacking_default\"><div class=\"vc_col-sm-12 wpb_column vc_column_container\"><div class=\"vc_column-inner\"><div class=\"wpb_wrapper\"><div class=\"w-actionbox us_custom_e47d7875 color_light controls_right\"><div class=\"w-actionbox-text\"><div class=\"w-actionbox-description\"><p>Sie brauchen Hilfe bei der Installation oder der Einrichtung der Funktionen?<br \/>\nAuf unserer GitHub-Seite finden Sie weitere Informationen.<\/p>\n<\/div><\/div><div class=\"w-actionbox-controls\"><a class=\"w-btn us-btn-style_5\" target=\"_blank\" rel=\"nofollow noopener\" href=\"https:\/\/github.com\/seven-io\/vtiger\"><span class=\"w-btn-label\">Zu GitHub<\/span><\/a><\/div><\/div><\/div><\/div><\/div><\/div><\/div><\/section><!-- Row Backgrounds --><div class=\"upb_color\" data-bg-override=\"0\" data-bg-color=\"#ffffff\" data-fadeout=\"\" data-fadeout-percentage=\"30\" data-parallax-content=\"\" data-parallax-content-sense=\"30\" data-row-effect-mobile-disable=\"true\" data-img-parallax-mobile-disable=\"true\" data-rtl=\"false\"  data-custom-vc-row=\"\"  data-vc=\"8.7.2\"  data-is_old_vc=\"\"  data-theme-support=\"disable\"   data-overlay=\"false\" data-overlay-color=\"\" data-overlay-pattern=\"\" data-overlay-pattern-opacity=\"\" data-overlay-pattern-size=\"\"    ><\/div>\n","protected":false},"excerpt":{"rendered":"Vtiger ist ein All-in-One-CRM das in verschiedenen Sprachen und Funktionsumf\u00e4ngen erh\u00e4ltlich ist. Die Open-Source-Software ist in ihrer Basisversion kostenfrei verf\u00fcgbar. F\u00fcr unterschiedliche Anspr\u00fcche existieren aber auch unterschiedliche Versionen, die sich wiederum in ihren Kosten unterscheiden. Neben der grunds\u00e4tzlichen Kundenverwaltung und Pipeline-Funktionen ist auch ein Helpdesk-System in Vtiger integriert. Auch der Versand von SMS mit Vtiger...","protected":false},"author":1,"featured_media":81833,"parent":17075,"menu_order":0,"comment_status":"closed","ping_status":"closed","template":"","meta":{"content-type":"","footnotes":""},"class_list":["post-81786","page","type-page","status-publish","has-post-thumbnail","hentry"],"_links":{"self":[{"href":"https:\/\/www.seven.io\/de\/wp-json\/wp\/v2\/pages\/81786","targetHints":{"allow":["GET"]}}],"collection":[{"href":"https:\/\/www.seven.io\/de\/wp-json\/wp\/v2\/pages"}],"about":[{"href":"https:\/\/www.seven.io\/de\/wp-json\/wp\/v2\/types\/page"}],"author":[{"embeddable":true,"href":"https:\/\/www.seven.io\/de\/wp-json\/wp\/v2\/users\/1"}],"replies":[{"embeddable":true,"href":"https:\/\/www.seven.io\/de\/wp-json\/wp\/v2\/comments?post=81786"}],"version-history":[{"count":18,"href":"https:\/\/www.seven.io\/de\/wp-json\/wp\/v2\/pages\/81786\/revisions"}],"predecessor-version":[{"id":92435,"href":"https:\/\/www.seven.io\/de\/wp-json\/wp\/v2\/pages\/81786\/revisions\/92435"}],"up":[{"embeddable":true,"href":"https:\/\/www.seven.io\/de\/wp-json\/wp\/v2\/pages\/17075"}],"wp:featuredmedia":[{"embeddable":true,"href":"https:\/\/www.seven.io\/de\/wp-json\/wp\/v2\/media\/81833"}],"wp:attachment":[{"href":"https:\/\/www.seven.io\/de\/wp-json\/wp\/v2\/media?parent=81786"}],"curies":[{"name":"wp","href":"https:\/\/api.w.org\/{rel}","templated":true}]}}