{"id":81864,"date":"2022-04-07T10:31:24","date_gmt":"2022-04-07T08:31:24","guid":{"rendered":"https:\/\/www.sms77.io\/?page_id=81864"},"modified":"2023-02-21T16:39:54","modified_gmt":"2023-02-21T15:39:54","slug":"microsoft-office-produkte","status":"publish","type":"page","link":"https:\/\/www.seven.io\/de\/loesungen\/integrationen\/microsoft-office-produkte\/","title":{"rendered":"Microsoft Office Produkte"},"content":{"rendered":"<section class=\"l-section wpb_row height_small\"><div class=\"l-section-h i-cf\"><div class=\"g-cols vc_row via_flex valign_middle type_default stacking_default\"><div class=\"vc_col-sm-6 wpb_column vc_column_container\"><div class=\"vc_column-inner\"><div class=\"wpb_wrapper\"><div class=\"wpb_text_column\"><div class=\"wpb_wrapper\"><p><strong>Die Microsoft Office Produkte geh\u00f6ren zu den bekanntesten des Software-Giganten \u2013 sie sind auf der ganzen Welt bekannt. Nutzer k\u00f6nnen verschiedene <a href=\"https:\/\/www.microsoft.com\/de-DE\/microsoft-365\" target=\"_blank\" rel=\"noopener\">Office-Pakete<\/a> erwerben, in denen je nach Bedarf unterschiedliche Produkte enthalten sein k\u00f6nnen. Die besonders bekannten Produkte Word, PowerPoint und Outlook sind in fast allen Office Paketen enthalten. Viele Produkte k\u00f6nnen aber auch einzeln erworben werden.<\/strong><\/p>\n<p><strong>Mit unseren Plugins, beziehungsweise Addins, k\u00f6nnen Sie unsere Dienstleistungen in verschiedene Office Produkte integrieren und so direkt aus der jeweiligen Benutzeroberfl\u00e4che SMS versenden.<\/strong><\/p>\n<\/div><\/div><\/div><\/div><\/div><div class=\"vc_col-sm-6 wpb_column vc_column_container\"><div class=\"vc_column-inner\"><div class=\"wpb_wrapper\"><div class=\"w-video align_none ratio_16x9 has_iframe\"><div class=\"w-video-h\"><iframe title=\"Youtube video player\" src=\"\/\/www.youtube.com\/embed\/ccik26etzRA?autoplay=0&controls=1&origin=https:\/\/www.seven.io\/de\/&loop=0&mute=0\" allowfullscreen=\"1\" loading=\"lazy\"><\/iframe><\/div><\/div><\/div><\/div><\/div><\/div><\/div><\/section><section class=\"l-section wpb_row height_small\"><div class=\"l-section-h i-cf\"><div class=\"g-cols vc_row via_flex valign_middle type_default stacking_default\"><div class=\"vc_col-sm-12 wpb_column vc_column_container\"><div class=\"vc_column-inner\"><div class=\"wpb_wrapper\"><div class=\"wpb_text_column\"><div class=\"wpb_wrapper\"><h3 style=\"text-align: center;\">F\u00fcr welche Office Produkte gibt es Addins von seven.io?<\/h3>\n<\/div><\/div><div class=\"w-tabs layout_hor style_trendy switch_click has_scrolling\" style=\"--sections-title-size:1em\"><div class=\"w-tabs-list items_4 align_center\" style=\"font-weight:500;\"><div class=\"w-tabs-list-h\"><button class=\"w-tabs-item active\" aria-controls=\"content-yde7\" aria-expanded=\"false\"><span class=\"w-tabs-item-title\">Outlook Plugin<\/span><\/button><button class=\"w-tabs-item\" aria-controls=\"content-j717\" aria-expanded=\"false\"><span class=\"w-tabs-item-title\">PowerPoint Plugin<\/span><\/button><button class=\"w-tabs-item\" aria-controls=\"content-z020\" aria-expanded=\"false\"><span class=\"w-tabs-item-title\">Project Plugin<\/span><\/button><button class=\"w-tabs-item\" aria-controls=\"content-q8fb\" aria-expanded=\"false\"><span class=\"w-tabs-item-title\">Word Plugin<\/span><\/button><\/div><\/div><div class=\"w-tabs-sections titles-align_none icon_chevron cpos_right\"><div class=\"w-tabs-section active\" id=\"yde7\"><button class=\"w-tabs-section-header active\" aria-controls=\"content-yde7\" aria-expanded=\"true\"><div class=\"w-tabs-section-title\">Outlook Plugin<\/div><div class=\"w-tabs-section-control\"><\/div><\/button><div  class=\"w-tabs-section-content\" id=\"content-yde7\"><div class=\"w-tabs-section-content-h i-cf\"><div class=\"g-cols wpb_row via_flex valign_middle type_default stacking_default\"><div class=\"vc_col-sm-6 wpb_column vc_column_container\"><div class=\"vc_column-inner\"><div class=\"wpb_wrapper\"><div class=\"wpb_text_column\"><div class=\"wpb_wrapper\"><p>Outlook ist eine E-Mail-Software die um einen Personal Information Manager erweitert ist. In diesem k\u00f6nnen Termine und Kontakte verwaltet sowie Aufgaben und Notizen bearbeitet werden. Outlook l\u00e4sst sich durch Add-Ins erweitern und unter bestimmten Voraussetzungen auch automatisieren.<span class=\"Apple-converted-space\">\u00a0<\/span><\/p>\n<p>Der Versand von SMS in Outlook ist besonders praktisch, wenn kurzfristig elementare Informationen weitergegeben werden m\u00fcssen, die als Email vielleicht untergehen.<\/p>\n<p>Mit unserem SMS Plugin f\u00fcr Outlook f\u00fcgen Sie Ihrem Mailprogramm einen starken Partner hinzu.<\/p>\n<p><em>Getestet mit Outlook 2013+ und Outlook on the Web. Kompatibilit\u00e4t mit anderen Versionen wahrscheinlich, aber nicht garantiert.<\/em><\/p>\n<\/div><\/div><div class=\"w-btn-wrapper align_justify\"><a class=\"w-btn us-btn-style_1\" target=\"_blank\" rel=\"nofollow noopener\" href=\"https:\/\/github.com\/seven-io\/outlook\"><span class=\"w-btn-label\">Zum Outlook Plugin auf GitHub<\/span><\/a><\/div><\/div><\/div><\/div><div class=\"vc_col-sm-6 wpb_column vc_column_container\"><div class=\"vc_column-inner\"><div class=\"wpb_wrapper\"><div class=\"w-video align_none ratio_16x9 has_iframe\"><div class=\"w-video-h\"><iframe title=\"Youtube video player\" src=\"\/\/www.youtube.com\/embed\/5Ly0cNKaWlo?autoplay=0&controls=1&origin=https:\/\/www.seven.io\/de\/&loop=0&mute=0\" allowfullscreen=\"1\" loading=\"lazy\"><\/iframe><\/div><\/div><\/div><\/div><\/div><\/div><\/div><\/div><\/div><div class=\"w-tabs-section\" id=\"j717\"><button class=\"w-tabs-section-header\" aria-controls=\"content-j717\" aria-expanded=\"false\"><div class=\"w-tabs-section-title\">PowerPoint Plugin<\/div><div class=\"w-tabs-section-control\"><\/div><\/button><div  class=\"w-tabs-section-content\" id=\"content-j717\"><div class=\"w-tabs-section-content-h i-cf\"><div class=\"g-cols wpb_row via_flex valign_top type_default stacking_default\"><div class=\"vc_col-sm-6 wpb_column vc_column_container\"><div class=\"vc_column-inner\"><div class=\"wpb_wrapper\"><div class=\"wpb_text_column\"><div class=\"wpb_wrapper\"><p>PowerPoint ist eine Software zum Erstellen und Vorf\u00fchren von Pr\u00e4sentationen und ist Teil von Microsoft Office. Nutzer k\u00f6nnen von simplen Textfolien bis umfassenden, designten und interaktiven Pr\u00e4sentationen alles erstellen, was das Pr\u00e4sentations-Herz begehrt. Wer dabei nicht selbst designen m\u00f6chte, kann aus vielen verschiedenen Vorlagen ausw\u00e4hlen. Dar\u00fcber hinaus ist die Einbindung von Audio, Video, verschiedenen Grafiken und Links ohne Weiteres m\u00f6glich.<\/p>\n<p>Sollte Ihre gew\u00fcnschte Funktion nicht dabei sein, gibt es zahlreiche Add-Ins, mit denen sich PowerPoint erweitern l\u00e4sst. Mit unserem SMS-Plugin versenden Sie sogar SMS aus PowerPoint.<\/p>\n<p><em>Getestet mit PowerPoint 2013+ und PowerPoint Online. Kompatibilit\u00e4t mit anderen Versionen wahrscheinlich, aber nicht garantiert.<\/em><\/p>\n<\/div><\/div><div class=\"w-btn-wrapper align_justify\"><a class=\"w-btn us-btn-style_1\" target=\"_blank\" rel=\"nofollow noopener\" href=\"https:\/\/github.com\/seven-io\/powerpoint\"><span class=\"w-btn-label\">Zum PowerPoint Plugin auf GitHub<\/span><\/a><\/div><\/div><\/div><\/div><div class=\"vc_col-sm-6 wpb_column vc_column_container\"><div class=\"vc_column-inner\"><div class=\"wpb_wrapper\"><div class=\"w-video align_none ratio_16x9 has_iframe\"><div class=\"w-video-h\"><iframe title=\"Youtube video player\" src=\"\/\/www.youtube.com\/embed\/gkNGtBlZOwo?autoplay=0&controls=1&origin=https:\/\/www.seven.io\/de\/&loop=0&mute=0\" allowfullscreen=\"1\" loading=\"lazy\"><\/iframe><\/div><\/div><\/div><\/div><\/div><\/div><\/div><\/div><\/div><div class=\"w-tabs-section\" id=\"z020\"><button class=\"w-tabs-section-header\" aria-controls=\"content-z020\" aria-expanded=\"false\"><div class=\"w-tabs-section-title\">Project Plugin<\/div><div class=\"w-tabs-section-control\"><\/div><\/button><div  class=\"w-tabs-section-content\" id=\"content-z020\"><div class=\"w-tabs-section-content-h i-cf\"><div class=\"g-cols wpb_row via_flex valign_top type_default stacking_default\"><div class=\"vc_col-sm-6 wpb_column vc_column_container\"><div class=\"vc_column-inner\"><div class=\"wpb_wrapper\"><div class=\"wpb_text_column\"><div class=\"wpb_wrapper\"><p>Project ist Microsofts hauseigene Projektmanagementsoftware und geh\u00f6rt zu den Office Produkten. Mit ihr k\u00f6nnen Sie terminierte Aufgaben anlegen und \u00fcberwachen. Neben der Standard-Version gibt es auch noch <em>Microsoft Project Professional<\/em>, in der noch umfassendere Funktionen implementiert wurden. Mit ihr lassen sich beispielsweise zus\u00e4tzlich Ressourcen planen und auch eine grafische Berichtsfunktion ist in dieser Version integriert.<\/p>\n<p>Auch Project kann \u00fcber Add-Ins erweitert werden \u2013 der Versand von SMS in Project ist ebenfalls umsetzbar.<\/p>\n<p><em>Entwickelt f\u00fcr Project 2013 und Project Online. Kompatibilit\u00e4t mit anderen Versionen wahrscheinlich, aber nicht garantiert.<\/em><\/p>\n<\/div><\/div><div class=\"w-btn-wrapper align_justify\"><a class=\"w-btn us-btn-style_1\" target=\"_blank\" rel=\"nofollow noopener\" href=\"https:\/\/github.com\/seven-io\/project\"><span class=\"w-btn-label\">Zum Project Plugin auf GitHub<\/span><\/a><\/div><\/div><\/div><\/div><div class=\"vc_col-sm-6 wpb_column vc_column_container\"><div class=\"vc_column-inner\"><div class=\"wpb_wrapper\"><div class=\"w-video align_none ratio_16x9 has_iframe\"><div class=\"w-video-h\"><iframe title=\"Youtube video player\" src=\"\/\/www.youtube.com\/embed\/8G7j3LBqAFk?autoplay=0&controls=1&origin=https:\/\/www.seven.io\/de\/&loop=0&mute=0\" allowfullscreen=\"1\" loading=\"lazy\"><\/iframe><\/div><\/div><\/div><\/div><\/div><\/div><\/div><\/div><\/div><div class=\"w-tabs-section\" id=\"q8fb\"><button class=\"w-tabs-section-header\" aria-controls=\"content-q8fb\" aria-expanded=\"false\"><div class=\"w-tabs-section-title\">Word Plugin<\/div><div class=\"w-tabs-section-control\"><\/div><\/button><div  class=\"w-tabs-section-content\" id=\"content-q8fb\"><div class=\"w-tabs-section-content-h i-cf\"><div class=\"g-cols wpb_row via_flex valign_top type_default stacking_default\"><div class=\"vc_col-sm-6 wpb_column vc_column_container\"><div class=\"vc_column-inner\"><div class=\"wpb_wrapper\"><div class=\"wpb_text_column\"><div class=\"wpb_wrapper\"><p>Microsoft Word ist das wohl bekannteste unter den zahlreichen Office Produkten und ein absoluter Dauerbrenner. Das Textverarbeitungsprogramm ist schon seit langer Zeit Markf\u00fchrer und konnte bisher auch von kostenfreien Alternativen nicht vom Thron gesto\u00dfen werden.<\/p>\n<p>Sie k\u00f6nnen mit Word nicht nur Texte erstellen, sondern auch bearbeiten, formatieren, kommentieren, durch ein Rechtschreibprogramm pr\u00fcfen lassen, f\u00fcr andere freigeben und viele andere Funktionen nutzen.\u00a0Wenn Sie ein wenig Inspiration brauchen, k\u00f6nnen Sie auch aus vielen Vorlagen f\u00fcr verschiedenste Anl\u00e4sse ausw\u00e4hlen.<\/p>\n<p>Mit unserem Plugin k\u00f6nnen Sie au\u00dferdem SMS direkt aus Word versenden.<\/p>\n<p><em>Getestet mit Word 2013 und Word Online. Kompatibilit\u00e4t mit anderen Versionen wahrscheinlich, aber nicht garantiert.<\/em><\/p>\n<\/div><\/div><div class=\"w-btn-wrapper align_justify\"><a class=\"w-btn us-btn-style_1\" target=\"_blank\" rel=\"nofollow noopener\" href=\"https:\/\/github.com\/seven-io\/word\"><span class=\"w-btn-label\">Zum Word Plugin auf GitHub<\/span><\/a><\/div><\/div><\/div><\/div><div class=\"vc_col-sm-6 wpb_column vc_column_container\"><div class=\"vc_column-inner\"><div class=\"wpb_wrapper\"><div class=\"w-video align_none ratio_16x9 has_iframe\"><div class=\"w-video-h\"><iframe title=\"Youtube video player\" src=\"\/\/www.youtube.com\/embed\/nqM1LUnsa_E?autoplay=0&controls=1&origin=https:\/\/www.seven.io\/de\/&loop=0&mute=0\" allowfullscreen=\"1\" loading=\"lazy\"><\/iframe><\/div><\/div><\/div><\/div><\/div><\/div><\/div><\/div><\/div><\/div><\/div><\/div><\/div><\/div><\/div><\/div><\/section><!-- Row Backgrounds --><div class=\"upb_color\" data-bg-override=\"0\" data-bg-color=\"#f4f4f4\" data-fadeout=\"\" data-fadeout-percentage=\"30\" data-parallax-content=\"\" data-parallax-content-sense=\"30\" data-row-effect-mobile-disable=\"true\" data-img-parallax-mobile-disable=\"true\" data-rtl=\"false\"  data-custom-vc-row=\"\"  data-vc=\"8.7.2\"  data-is_old_vc=\"\"  data-theme-support=\"disable\"   data-overlay=\"false\" data-overlay-color=\"\" data-overlay-pattern=\"\" data-overlay-pattern-opacity=\"\" data-overlay-pattern-size=\"\"    ><\/div><section class=\"l-section wpb_row height_small color_alternate\"><div class=\"l-section-h i-cf\"><div class=\"g-cols vc_row via_flex valign_middle type_default stacking_default\"><div class=\"vc_col-sm-12 wpb_column vc_column_container\"><div class=\"vc_column-inner\"><div class=\"wpb_wrapper\"><div class=\"wpb_text_column\"><div class=\"wpb_wrapper\"><h3 style=\"text-align: center;\">Auf einen Blick<\/h3>\n<p style=\"text-align: center;\">Sie wissen schon, was Sie suchen? Hier gelangen Sie direkt zu unseren GitHub Repositories der jeweiligen Plugins.<\/p>\n<\/div><\/div><div class=\"g-cols wpb_row via_flex valign_top type_default stacking_default\"><div class=\"vc_col-sm-3 wpb_column vc_column_container\"><div class=\"vc_column-inner\"><div class=\"wpb_wrapper\"><div class=\"w-btn-wrapper align_justify\"><a class=\"w-btn us-btn-style_1\" target=\"_blank\" rel=\"nofollow noopener\" href=\"https:\/\/github.com\/seven-io\/outlook\"><span class=\"w-btn-label\">Outlook<\/span><\/a><\/div><\/div><\/div><\/div><div class=\"vc_col-sm-3 wpb_column vc_column_container\"><div class=\"vc_column-inner\"><div class=\"wpb_wrapper\"><div class=\"w-btn-wrapper align_justify\"><a class=\"w-btn us-btn-style_1\" target=\"_blank\" rel=\"nofollow noopener\" href=\"https:\/\/github.com\/seven-io\/powerpoint\"><span class=\"w-btn-label\">PowerPoint<\/span><\/a><\/div><\/div><\/div><\/div><div class=\"vc_col-sm-3 wpb_column vc_column_container\"><div class=\"vc_column-inner\"><div class=\"wpb_wrapper\"><div class=\"w-btn-wrapper align_justify\"><a class=\"w-btn us-btn-style_1\" target=\"_blank\" rel=\"nofollow noopener\" href=\"https:\/\/github.com\/seven-io\/project\"><span class=\"w-btn-label\">Project<\/span><\/a><\/div><\/div><\/div><\/div><div class=\"vc_col-sm-3 wpb_column vc_column_container\"><div class=\"vc_column-inner\"><div class=\"wpb_wrapper\"><div class=\"w-btn-wrapper align_justify\"><a class=\"w-btn us-btn-style_1\" target=\"_blank\" rel=\"nofollow noopener\" href=\"https:\/\/github.com\/seven-io\/word\"><span class=\"w-btn-label\">Word<\/span><\/a><\/div><\/div><\/div><\/div><\/div><\/div><\/div><\/div><\/div><\/div><\/section><!-- Row Backgrounds --><div class=\"upb_color\" data-bg-override=\"0\" data-bg-color=\"#f4f4f4\" data-fadeout=\"\" data-fadeout-percentage=\"30\" data-parallax-content=\"\" data-parallax-content-sense=\"30\" data-row-effect-mobile-disable=\"true\" data-img-parallax-mobile-disable=\"true\" data-rtl=\"false\"  data-custom-vc-row=\"\"  data-vc=\"8.7.2\"  data-is_old_vc=\"\"  data-theme-support=\"disable\"   data-overlay=\"false\" data-overlay-color=\"\" data-overlay-pattern=\"\" data-overlay-pattern-opacity=\"\" data-overlay-pattern-size=\"\"    ><\/div>\n","protected":false},"excerpt":{"rendered":"Die Microsoft Office Produkte geh\u00f6ren zu den bekanntesten des Software-Giganten \u2013 sie sind auf der ganzen Welt bekannt. Nutzer k\u00f6nnen verschiedene Office-Pakete erwerben, in denen je nach Bedarf unterschiedliche Produkte enthalten sein k\u00f6nnen. Die besonders bekannten Produkte Word, PowerPoint und Outlook sind in fast allen Office Paketen enthalten. Viele Produkte k\u00f6nnen aber auch einzeln erworben...","protected":false},"author":1,"featured_media":82485,"parent":17075,"menu_order":0,"comment_status":"closed","ping_status":"closed","template":"","meta":{"content-type":"","footnotes":""},"class_list":["post-81864","page","type-page","status-publish","has-post-thumbnail","hentry"],"_links":{"self":[{"href":"https:\/\/www.seven.io\/de\/wp-json\/wp\/v2\/pages\/81864","targetHints":{"allow":["GET"]}}],"collection":[{"href":"https:\/\/www.seven.io\/de\/wp-json\/wp\/v2\/pages"}],"about":[{"href":"https:\/\/www.seven.io\/de\/wp-json\/wp\/v2\/types\/page"}],"author":[{"embeddable":true,"href":"https:\/\/www.seven.io\/de\/wp-json\/wp\/v2\/users\/1"}],"replies":[{"embeddable":true,"href":"https:\/\/www.seven.io\/de\/wp-json\/wp\/v2\/comments?post=81864"}],"version-history":[{"count":74,"href":"https:\/\/www.seven.io\/de\/wp-json\/wp\/v2\/pages\/81864\/revisions"}],"predecessor-version":[{"id":88728,"href":"https:\/\/www.seven.io\/de\/wp-json\/wp\/v2\/pages\/81864\/revisions\/88728"}],"up":[{"embeddable":true,"href":"https:\/\/www.seven.io\/de\/wp-json\/wp\/v2\/pages\/17075"}],"wp:featuredmedia":[{"embeddable":true,"href":"https:\/\/www.seven.io\/de\/wp-json\/wp\/v2\/media\/82485"}],"wp:attachment":[{"href":"https:\/\/www.seven.io\/de\/wp-json\/wp\/v2\/media?parent=81864"}],"curies":[{"name":"wp","href":"https:\/\/api.w.org\/{rel}","templated":true}]}}