{"id":82100,"date":"2022-03-16T08:33:35","date_gmt":"2022-03-16T07:33:35","guid":{"rendered":"https:\/\/www.sms77.io\/?page_id=82100"},"modified":"2024-07-02T11:08:03","modified_gmt":"2024-07-02T09:08:03","slug":"zoho-crm","status":"publish","type":"page","link":"https:\/\/www.seven.io\/de\/loesungen\/integrationen\/zoho-crm\/","title":{"rendered":"Zoho CRM"},"content":{"rendered":"<section class=\"l-section wpb_row height_small\"><div class=\"l-section-h i-cf\"><div class=\"g-cols vc_row via_flex valign_middle type_default stacking_default\"><div class=\"vc_col-sm-6 wpb_column vc_column_container\"><div class=\"vc_column-inner\"><div class=\"wpb_wrapper\"><div class=\"wpb_text_column\"><div class=\"wpb_wrapper\"><p><strong>Zohos eigenes Customer Relationship Management System wird immer beliebter. Das CRM kann mittlerweile mehr als 250.000 Unternehmen als Kunden vorweisen. Die kostenlose Version ist f\u00fcr kleine Teams ausgelegt \u2013 hier k\u00f6nnen bis zu drei Nutzer t\u00e4tig werden. F\u00fcr gr\u00f6\u00dfere Unternehmen gibt es verschiedene <a href=\"https:\/\/www.zoho.com\/de\/crm\/zohocrm-pricing.html\" target=\"_blank\" rel=\"noopener\">Preispl\u00e4ne<\/a>, die sich auch im Umfang der Leistungen unterschieden.<\/strong><\/p>\n<p><strong>Dank der individuell gestaltbaren Workflows k\u00f6nnen Sie auch individuelle Abl\u00e4ufe leicht in das CRM einbinden. So k\u00f6nnen Sie beispielsweise den Versand von SMS mit Zoho CRM in Ihren Workflow einbauen, um von den effektiven Kurznachrichten zu profitieren.<\/strong><\/p>\n<\/div><\/div><div class=\"w-btn-wrapper align_none\"><a class=\"w-btn us-btn-style_1 no-border\" target=\"_blank\" rel=\"nofollow\" href=\"https:\/\/www.seven.io\/de\/docs\/drittanbieter\/zoho-crm\/\"><span class=\"w-btn-label\">Dokumentation lesen<\/span><\/a><\/div><\/div><\/div><\/div><div class=\"vc_col-sm-6 wpb_column vc_column_container\"><div class=\"vc_column-inner\"><div class=\"wpb_wrapper\"><div class=\"w-video align_none ratio_16x9 has_iframe\"><div class=\"w-video-h\"><iframe title=\"Youtube video player\" src=\"\/\/www.youtube.com\/embed\/ofMI4-6PX5s?autoplay=0&controls=1&origin=https:\/\/www.seven.io\/de\/&loop=0&mute=0\" allowfullscreen=\"1\" loading=\"lazy\"><\/iframe><\/div><\/div><\/div><\/div><\/div><\/div><\/div><\/section><section class=\"l-section wpb_row height_small color_alternate\"><div class=\"l-section-h i-cf\"><div class=\"g-cols vc_row via_flex valign_middle type_default stacking_default\"><div class=\"vc_col-sm-6 wpb_column vc_column_container\"><div class=\"vc_column-inner\"><div class=\"wpb_wrapper\"><div class=\"w-image align_center\"><div class=\"w-image-h\"><img decoding=\"async\" width=\"400\" height=\"501\" src=\"https:\/\/www.seven.io\/wp-content\/uploads\/integrationen_zohoCRM_mock_de-400x501.png\" class=\"attachment-us_400_0 size-us_400_0\" alt=\"Versenden Sie SMS mit Zoho CRM, beispielsweise um Neukunden zu begr\u00fc\u00dfen\" loading=\"lazy\" srcset=\"https:\/\/www.seven.io\/wp-content\/uploads\/integrationen_zohoCRM_mock_de-400x501.png 400w, https:\/\/www.seven.io\/wp-content\/uploads\/integrationen_zohoCRM_mock_de-240x300.png 240w, https:\/\/www.seven.io\/wp-content\/uploads\/integrationen_zohoCRM_mock_de-350x438.png 350w, https:\/\/www.seven.io\/wp-content\/uploads\/integrationen_zohoCRM_mock_de-250x313.png 250w, https:\/\/www.seven.io\/wp-content\/uploads\/integrationen_zohoCRM_mock_de-300x376.png 300w, https:\/\/www.seven.io\/wp-content\/uploads\/integrationen_zohoCRM_mock_de-319x400.png 319w, https:\/\/www.seven.io\/wp-content\/uploads\/integrationen_zohoCRM_mock_de-200x250.png 200w, https:\/\/www.seven.io\/wp-content\/uploads\/integrationen_zohoCRM_mock_de-500x626.png 500w, https:\/\/www.seven.io\/wp-content\/uploads\/integrationen_zohoCRM_mock_de.png 511w\" sizes=\"auto, (max-width: 400px) 100vw, 400px\" \/><\/div><\/div><\/div><\/div><\/div><div class=\"vc_col-sm-6 wpb_column vc_column_container\"><div class=\"vc_column-inner\"><div class=\"wpb_wrapper\"><div class=\"wpb_text_column\"><div class=\"wpb_wrapper\"><h3>SMS mit Zoho CRM versenden<\/h3>\n<p>Ihr CRM und SMS \u2013 ein echtes Dreamteam. Wenn auch Sie SMS mit Zoho CRM verschicken m\u00f6chten, etwa immer, wenn ein bestimmtes Ereignis eintritt, haben wir genau das Richtige f\u00fcr Sie. Mit einem entsprechenden Workflow k\u00f6nnen Sie den SMS-Versand \u00fcber seven problemlos einbinden und von der aufmerksamkeitsstarken Nachricht profitieren. In <a href=\"https:\/\/www.seven.io\/de\/docs\/drittanbieter\/zoho-crm\/\">unserer Dokumentation<\/a> zeigen wir Ihnen Schritt f\u00fcr Schritt, wie Sie einen Workflow anlegen und den SMS-Versand ausl\u00f6sen k\u00f6nnen.<span class=\"Apple-converted-space\">\u00a0<\/span><\/p>\n<p>Dabei m\u00fcssen Sie keine einschr\u00e4nkenden Vertragslaufzeiten oder Mindestums\u00e4tze in Kauf nehmen. Sie zahlen nur, was Sie auch verbrauchen. Auch unsere anderen Produkte k\u00f6nnen Sie durch einen Workflow einbinden.<\/p>\n<\/div><\/div><\/div><\/div><\/div><\/div><\/div><\/section><!-- Row Backgrounds --><div class=\"upb_color\" data-bg-override=\"0\" data-bg-color=\"#f4f4f4\" data-fadeout=\"\" data-fadeout-percentage=\"30\" data-parallax-content=\"\" data-parallax-content-sense=\"30\" data-row-effect-mobile-disable=\"true\" data-img-parallax-mobile-disable=\"true\" data-rtl=\"false\"  data-custom-vc-row=\"\"  data-vc=\"8.7.2\"  data-is_old_vc=\"\"  data-theme-support=\"disable\"   data-overlay=\"false\" data-overlay-color=\"\" data-overlay-pattern=\"\" data-overlay-pattern-opacity=\"\" data-overlay-pattern-size=\"\"    ><\/div><section class=\"l-section wpb_row height_small\"><div class=\"l-section-h i-cf\"><div class=\"g-cols vc_row via_flex valign_middle type_default stacking_default\"><div class=\"vc_col-sm-6 wpb_column vc_column_container\"><div class=\"vc_column-inner\"><div class=\"wpb_wrapper\"><div class=\"wpb_text_column\"><div class=\"wpb_wrapper\"><h3>SMS-Versand und mehr<\/h3>\n<\/div><\/div><div class=\"uavc-list-icon uavc-list-icon-wrapper ult-adjust-bottom-margin   \"><ul class=\"uavc-list\"><li><div class=\"uavc-list-content\" id=\"list-icon-wrap-9492\">\n<div class=\"uavc-list-icon  \" data-animation=\"\" data-animation-delay=\"03\" style=\"margin-right:25px;\"><div class=\"ult-just-icon-wrapper  \"><div class=\"align-icon\" style=\"text-align:center;\">\n<div class=\"aio-icon none \"  style=\"color:#52c0fa;font-size:40px;display:inline-block;\">\n\t<i class=\"Defaults-envelope-o\"><\/i>\n<\/div><\/div><\/div>\n<\/div><span  data-ultimate-target='#list-icon-wrap-9492 .uavc-list-desc'  data-responsive-json-new='{\"font-size\":\"\",\"line-height\":\"\"}'  class=\"uavc-list-desc ult-responsive\" style=\"\">Der Versand von SMS mit Zoho CRM erfolgt via <a href=\"https:\/\/docs.seven.io\/de\/rest-api\/endpunkte\/webhooks\" rel=\"noopener\">Webhook<\/a>. Daher k\u00f6nnen Sie auch jedes andere unserer Produkte in Ihren Zoho CRM Workflow einbinden, das via Webhook genutzt werden kann.<\/span><\/div><\/li><\/ul><\/div><\/div><\/div><\/div><div class=\"vc_col-sm-6 wpb_column vc_column_container\"><div class=\"vc_column-inner\"><div class=\"wpb_wrapper\"><div class=\"w-image no-border align_center\"><a ref=\"magnificPopup\" href=\"https:\/\/www.seven.io\/wp-content\/uploads\/4.-Worfklow-Schritt-3.1.png\" aria-label=\"4. Worfklow Schritt 3.1\" class=\"w-image-h\"><img decoding=\"async\" width=\"768\" height=\"392\" src=\"https:\/\/www.seven.io\/wp-content\/uploads\/4.-Worfklow-Schritt-3.1-768x392.png\" class=\"attachment-us_768_0 size-us_768_0\" alt=\"\" loading=\"lazy\" srcset=\"https:\/\/www.seven.io\/wp-content\/uploads\/4.-Worfklow-Schritt-3.1-768x392.png 768w, https:\/\/www.seven.io\/wp-content\/uploads\/4.-Worfklow-Schritt-3.1-300x153.png 300w, https:\/\/www.seven.io\/wp-content\/uploads\/4.-Worfklow-Schritt-3.1-1024x522.png 1024w, https:\/\/www.seven.io\/wp-content\/uploads\/4.-Worfklow-Schritt-3.1-350x179.png 350w, https:\/\/www.seven.io\/wp-content\/uploads\/4.-Worfklow-Schritt-3.1-250x128.png 250w, https:\/\/www.seven.io\/wp-content\/uploads\/4.-Worfklow-Schritt-3.1-600x306.png 600w, https:\/\/www.seven.io\/wp-content\/uploads\/4.-Worfklow-Schritt-3.1-400x204.png 400w, https:\/\/www.seven.io\/wp-content\/uploads\/4.-Worfklow-Schritt-3.1-200x102.png 200w, https:\/\/www.seven.io\/wp-content\/uploads\/4.-Worfklow-Schritt-3.1-500x255.png 500w, https:\/\/www.seven.io\/wp-content\/uploads\/4.-Worfklow-Schritt-3.1.png 1686w\" sizes=\"auto, (max-width: 768px) 100vw, 768px\" \/><\/a><\/div><div class=\"w-separator size_custom\" style=\"height:10px\"><\/div><div class=\"wpb_text_column\"><div class=\"wpb_wrapper\"><p style=\"text-align: center;\"><em>Anlegen eines Workflows in Zoho CRM. Zum Vergr\u00f6\u00dfern anklicken.<\/em><\/p>\n<\/div><\/div><\/div><\/div><\/div><\/div><\/div><\/section><section class=\"l-section wpb_row height_small\"><div class=\"l-section-h i-cf\"><div class=\"g-cols vc_row via_flex valign_top type_default stacking_default\"><div class=\"vc_col-sm-12 wpb_column vc_column_container\"><div class=\"vc_column-inner\"><div class=\"wpb_wrapper\"><div class=\"w-actionbox us_custom_e47d7875 color_light controls_right\"><div class=\"w-actionbox-text\"><div class=\"w-actionbox-description\"><p>Sie brauchen Hilfe bei der Installation oder der Einrichtung der Funktionen?<br \/>\nLesen Sie unsere Dokumentation f\u00fcr weitere Informationen.<\/p>\n<\/div><\/div><div class=\"w-actionbox-controls\"><a class=\"w-btn us-btn-style_5\" target=\"_blank\" rel=\"nofollow\" href=\"https:\/\/www.seven.io\/de\/docs\/drittanbieter\/zoho-crm\/\"><span class=\"w-btn-label\">Zur Dokumentation<\/span><\/a><\/div><\/div><\/div><\/div><\/div><\/div><\/div><\/section><!-- Row Backgrounds --><div class=\"upb_color\" data-bg-override=\"0\" data-bg-color=\"#ffffff\" data-fadeout=\"\" data-fadeout-percentage=\"30\" data-parallax-content=\"\" data-parallax-content-sense=\"30\" data-row-effect-mobile-disable=\"true\" data-img-parallax-mobile-disable=\"true\" data-rtl=\"false\"  data-custom-vc-row=\"\"  data-vc=\"8.7.2\"  data-is_old_vc=\"\"  data-theme-support=\"disable\"   data-overlay=\"false\" data-overlay-color=\"\" data-overlay-pattern=\"\" data-overlay-pattern-opacity=\"\" data-overlay-pattern-size=\"\"    ><\/div>\n","protected":false},"excerpt":{"rendered":"Zohos eigenes Customer Relationship Management System wird immer beliebter. Das CRM kann mittlerweile mehr als 250.000 Unternehmen als Kunden vorweisen. Die kostenlose Version ist f\u00fcr kleine Teams ausgelegt \u2013 hier k\u00f6nnen bis zu drei Nutzer t\u00e4tig werden. F\u00fcr gr\u00f6\u00dfere Unternehmen gibt es verschiedene Preispl\u00e4ne, die sich auch im Umfang der Leistungen unterschieden. Dank der individuell...","protected":false},"author":1,"featured_media":86455,"parent":17075,"menu_order":0,"comment_status":"closed","ping_status":"closed","template":"","meta":{"content-type":"","footnotes":""},"class_list":["post-82100","page","type-page","status-publish","has-post-thumbnail","hentry"],"_links":{"self":[{"href":"https:\/\/www.seven.io\/de\/wp-json\/wp\/v2\/pages\/82100","targetHints":{"allow":["GET"]}}],"collection":[{"href":"https:\/\/www.seven.io\/de\/wp-json\/wp\/v2\/pages"}],"about":[{"href":"https:\/\/www.seven.io\/de\/wp-json\/wp\/v2\/types\/page"}],"author":[{"embeddable":true,"href":"https:\/\/www.seven.io\/de\/wp-json\/wp\/v2\/users\/1"}],"replies":[{"embeddable":true,"href":"https:\/\/www.seven.io\/de\/wp-json\/wp\/v2\/comments?post=82100"}],"version-history":[{"count":18,"href":"https:\/\/www.seven.io\/de\/wp-json\/wp\/v2\/pages\/82100\/revisions"}],"predecessor-version":[{"id":92877,"href":"https:\/\/www.seven.io\/de\/wp-json\/wp\/v2\/pages\/82100\/revisions\/92877"}],"up":[{"embeddable":true,"href":"https:\/\/www.seven.io\/de\/wp-json\/wp\/v2\/pages\/17075"}],"wp:featuredmedia":[{"embeddable":true,"href":"https:\/\/www.seven.io\/de\/wp-json\/wp\/v2\/media\/86455"}],"wp:attachment":[{"href":"https:\/\/www.seven.io\/de\/wp-json\/wp\/v2\/media?parent=82100"}],"curies":[{"name":"wp","href":"https:\/\/api.w.org\/{rel}","templated":true}]}}