{"id":82178,"date":"2022-03-22T09:31:59","date_gmt":"2022-03-22T08:31:59","guid":{"rendered":"https:\/\/www.sms77.io\/?page_id=82178"},"modified":"2023-02-21T13:31:39","modified_gmt":"2023-02-21T12:31:39","slug":"drone","status":"publish","type":"page","link":"https:\/\/www.seven.io\/de\/loesungen\/integrationen\/drone\/","title":{"rendered":"Drone"},"content":{"rendered":"<section class=\"l-section wpb_row height_small\"><div class=\"l-section-h i-cf\"><div class=\"g-cols vc_row via_flex valign_middle type_default stacking_default\"><div class=\"vc_col-sm-6 wpb_column vc_column_container\"><div class=\"vc_column-inner\"><div class=\"wpb_wrapper\"><div class=\"wpb_text_column\"><div class=\"wpb_wrapper\"><p><strong>Drone ist eine Continuous-Integration-Plattform, die eine Automatisierung von Build-, Test- und Release-Workflows erm\u00f6glicht. Sie unterst\u00fctzt diverse Betriebssysteme und Architekturen und funktioniert mit jeder Sprache. Drone existiert in einer Open-Source Community-Version und in einer <a href=\"https:\/\/www.drone.io\/enterprise\/\" target=\"_blank\" rel=\"noopener\">Enterprise-Version<\/a>.<\/strong><\/p>\n<p><strong>Wenn Sie sich benachrichtigen lassen m\u00f6chten, wenn Drone eine bestimmte Aufgabe abgeschlossen hat, sollten Sie sich unser Plugin einmal genauer ansehen. Mit ihm k\u00f6nnen Sie sowohl SMS Benachrichtigungen in Drone versenden als auch Text-to-Speech-Nachrichten.<\/strong><\/p>\n<\/div><\/div><div class=\"w-btn-wrapper align_none\"><a class=\"w-btn us-btn-style_1 no-border\" target=\"_blank\" rel=\"nofollow noopener\" href=\"https:\/\/github.com\/seven-io\/drone\"><span class=\"w-btn-label\">Unser SMS Plugin f\u00fcr Drone<\/span><\/a><\/div><\/div><\/div><\/div><div class=\"vc_col-sm-6 wpb_column vc_column_container\"><div class=\"vc_column-inner\"><div class=\"wpb_wrapper\"><div class=\"w-video align_none ratio_16x9 has_iframe\"><div class=\"w-video-h\"><iframe title=\"Youtube video player\" src=\"\/\/www.youtube.com\/embed\/f5QW667z8DM?autoplay=0&controls=1&origin=https:\/\/www.seven.io\/de\/&loop=0&mute=0\" allowfullscreen=\"1\" loading=\"lazy\"><\/iframe><\/div><\/div><\/div><\/div><\/div><\/div><\/div><\/section><section class=\"l-section wpb_row height_small color_alternate\"><div class=\"l-section-h i-cf\"><div class=\"g-cols vc_row via_flex valign_middle type_default stacking_default\"><div class=\"vc_col-sm-6 wpb_column vc_column_container\"><div class=\"vc_column-inner\"><div class=\"wpb_wrapper\"><div class=\"w-image no-border align_center\"><a ref=\"magnificPopup\" href=\"https:\/\/www.seven.io\/wp-content\/uploads\/integrationen_drone_screenshot_build_running.png\" aria-label=\"integrationen_drone_screenshot_build_running\" class=\"w-image-h\"><img decoding=\"async\" width=\"768\" height=\"529\" src=\"https:\/\/www.seven.io\/wp-content\/uploads\/integrationen_drone_screenshot_build_running-768x529.png\" class=\"attachment-us_768_0 size-us_768_0\" alt=\"Versenden Sie automatisch SMS Benachrichtigungen in Drone wenn eine Aufgabe abgeschlossen wird\" loading=\"lazy\" srcset=\"https:\/\/www.seven.io\/wp-content\/uploads\/integrationen_drone_screenshot_build_running-768x529.png 768w, https:\/\/www.seven.io\/wp-content\/uploads\/integrationen_drone_screenshot_build_running-300x207.png 300w, https:\/\/www.seven.io\/wp-content\/uploads\/integrationen_drone_screenshot_build_running-350x241.png 350w, https:\/\/www.seven.io\/wp-content\/uploads\/integrationen_drone_screenshot_build_running-250x172.png 250w, https:\/\/www.seven.io\/wp-content\/uploads\/integrationen_drone_screenshot_build_running-600x413.png 600w, https:\/\/www.seven.io\/wp-content\/uploads\/integrationen_drone_screenshot_build_running-400x275.png 400w, https:\/\/www.seven.io\/wp-content\/uploads\/integrationen_drone_screenshot_build_running-581x400.png 581w, https:\/\/www.seven.io\/wp-content\/uploads\/integrationen_drone_screenshot_build_running-200x138.png 200w, https:\/\/www.seven.io\/wp-content\/uploads\/integrationen_drone_screenshot_build_running-500x344.png 500w, https:\/\/www.seven.io\/wp-content\/uploads\/integrationen_drone_screenshot_build_running.png 1024w\" sizes=\"auto, (max-width: 768px) 100vw, 768px\" \/><\/a><\/div><div class=\"w-separator size_custom\" style=\"height:10px\"><\/div><div class=\"wpb_text_column\"><div class=\"wpb_wrapper\"><p style=\"text-align: center;\"><em>Drone CI bei der Arbeit, zum Vergr\u00f6\u00dfern anklicken.<\/em><\/p>\n<\/div><\/div><\/div><\/div><\/div><div class=\"vc_col-sm-6 wpb_column vc_column_container\"><div class=\"vc_column-inner\"><div class=\"wpb_wrapper\"><div class=\"wpb_text_column\"><div class=\"wpb_wrapper\"><h3>Versenden Sie SMS Benachrichtigungen in Drone<\/h3>\n<p>Mit unserem Plugin k\u00f6nnen Sie nicht nur SMS Benachrichtigungen in Drone einbinden, sondern auch Text-to-Speech-Nachrichten. So lassen Sie sich automatisch dar\u00fcber informieren, wenn Drone eine Aufgabe abgeschlossen hat und k\u00f6nnen sich w\u00e4hrenddessen anderen Dingen widmen.<\/p>\n<p>Auch <a href=\"https:\/\/help.seven.io\/de\/flash-sms\" rel=\"noopener\">Flash-SMS<\/a> stehen Ihnen zur Verf\u00fcgung, die unsere Kunden gern f\u00fcr Alarmierungen aller Art nutzen. Bei Bedarf k\u00f6nnen Sie au\u00dferdem einen eigenen Absendernamen festlegen. Dar\u00fcber hinaus steht Ihnen der Debug-Modus zur Verf\u00fcgung.<\/p>\n<\/div><\/div><\/div><\/div><\/div><\/div><\/div><\/section><!-- Row Backgrounds --><div class=\"upb_color\" data-bg-override=\"0\" data-bg-color=\"#f4f4f4\" data-fadeout=\"\" data-fadeout-percentage=\"30\" data-parallax-content=\"\" data-parallax-content-sense=\"30\" data-row-effect-mobile-disable=\"true\" data-img-parallax-mobile-disable=\"true\" data-rtl=\"false\"  data-custom-vc-row=\"\"  data-vc=\"8.7.2\"  data-is_old_vc=\"\"  data-theme-support=\"disable\"   data-overlay=\"false\" data-overlay-color=\"\" data-overlay-pattern=\"\" data-overlay-pattern-opacity=\"\" data-overlay-pattern-size=\"\"    ><\/div><section class=\"l-section wpb_row height_small\"><div class=\"l-section-h i-cf\"><div class=\"g-cols vc_row via_flex valign_middle type_default stacking_default\"><div class=\"vc_col-sm-6 wpb_column vc_column_container\"><div class=\"vc_column-inner\"><div class=\"wpb_wrapper\"><div class=\"wpb_text_column\"><div class=\"wpb_wrapper\"><h3>SMS-Versand<\/h3>\n<\/div><\/div><div class=\"uavc-list-icon uavc-list-icon-wrapper ult-adjust-bottom-margin   \"><ul class=\"uavc-list\"><li><div class=\"uavc-list-content\" id=\"list-icon-wrap-2958\">\n<div class=\"uavc-list-icon  \" data-animation=\"\" data-animation-delay=\"03\" style=\"margin-right:25px;\"><div class=\"ult-just-icon-wrapper  \"><div class=\"align-icon\" style=\"text-align:center;\">\n<div class=\"aio-icon none \"  style=\"color:#52c0fa;font-size:40px;display:inline-block;\">\n\t<i class=\"Defaults-envelope-o\"><\/i>\n<\/div><\/div><\/div>\n<\/div><span  data-ultimate-target='#list-icon-wrap-2958 .uavc-list-desc'  data-responsive-json-new='{\"font-size\":\"\",\"line-height\":\"\"}'  class=\"uavc-list-desc ult-responsive\" style=\"\">Lassen Sie sich via SMS benachrichtigen, wenn Drone einen Auftrag abgeschlossen hat.<\/span><\/div><\/li><\/ul><\/div><div class=\"wpb_text_column\"><div class=\"wpb_wrapper\"><h3>Text-to-Speech-Nachrichten versenden<\/h3>\n<\/div><\/div><div class=\"uavc-list-icon uavc-list-icon-wrapper ult-adjust-bottom-margin   \"><ul class=\"uavc-list\"><li><div class=\"uavc-list-content\" id=\"list-icon-wrap-5367\">\n<div class=\"uavc-list-icon  \" data-animation=\"\" data-animation-delay=\"03\" style=\"margin-right:25px;\"><div class=\"ult-just-icon-wrapper  \"><div class=\"align-icon\" style=\"text-align:center;\">\n<div class=\"aio-icon none \"  style=\"color:#52c0fa;font-size:40px;display:inline-block;\">\n\t<i class=\"Defaults-phone\"><\/i>\n<\/div><\/div><\/div>\n<\/div><span  data-ultimate-target='#list-icon-wrap-5367 .uavc-list-desc'  data-responsive-json-new='{\"font-size\":\"\",\"line-height\":\"\"}'  class=\"uavc-list-desc ult-responsive\" style=\"\">Alternativ versenden Sie eine Voice- bzw. Text-to-Speech-Nachricht, die als Anruf zugestellt wird. Der Inhalt der Nachricht wird am Telefon vorgelesen.<\/span><\/div><\/li><\/ul><\/div><\/div><\/div><\/div><div class=\"vc_col-sm-6 wpb_column vc_column_container\"><div class=\"vc_column-inner\"><div class=\"wpb_wrapper\"><div class=\"w-image align_center\"><div class=\"w-image-h\"><img decoding=\"async\" width=\"300\" height=\"376\" src=\"https:\/\/www.seven.io\/wp-content\/uploads\/integrationen_drone_mock_de-300x376.png\" class=\"attachment-us_300_0 size-us_300_0\" alt=\"SMS Benachrichtigungen in Drone versenden\" loading=\"lazy\" srcset=\"https:\/\/www.seven.io\/wp-content\/uploads\/integrationen_drone_mock_de-300x376.png 300w, https:\/\/www.seven.io\/wp-content\/uploads\/integrationen_drone_mock_de-240x300.png 240w, https:\/\/www.seven.io\/wp-content\/uploads\/integrationen_drone_mock_de-350x438.png 350w, https:\/\/www.seven.io\/wp-content\/uploads\/integrationen_drone_mock_de-250x313.png 250w, https:\/\/www.seven.io\/wp-content\/uploads\/integrationen_drone_mock_de-400x501.png 400w, https:\/\/www.seven.io\/wp-content\/uploads\/integrationen_drone_mock_de-319x400.png 319w, https:\/\/www.seven.io\/wp-content\/uploads\/integrationen_drone_mock_de-200x250.png 200w, https:\/\/www.seven.io\/wp-content\/uploads\/integrationen_drone_mock_de-500x626.png 500w, https:\/\/www.seven.io\/wp-content\/uploads\/integrationen_drone_mock_de.png 511w\" sizes=\"auto, (max-width: 300px) 100vw, 300px\" \/><\/div><\/div><\/div><\/div><\/div><\/div><\/div><\/section><section class=\"l-section wpb_row height_small\"><div class=\"l-section-h i-cf\"><div class=\"g-cols vc_row via_flex valign_top type_default stacking_default\"><div class=\"vc_col-sm-12 wpb_column vc_column_container\"><div class=\"vc_column-inner\"><div class=\"wpb_wrapper\"><div class=\"w-actionbox us_custom_e47d7875 color_light controls_right\"><div class=\"w-actionbox-text\"><div class=\"w-actionbox-description\"><p>Sie brauchen Hilfe bei der Installation oder der Einrichtung der Funktionen?<br \/>\nAuf unserer GitHub-Seite finden Sie weitere Informationen.<\/p>\n<\/div><\/div><div class=\"w-actionbox-controls\"><a class=\"w-btn us-btn-style_5\" target=\"_blank\" rel=\"nofollow noopener\" href=\"https:\/\/github.com\/seven-io\/drone\"><span class=\"w-btn-label\">Zu GitHub<\/span><\/a><\/div><\/div><\/div><\/div><\/div><\/div><\/div><\/section><!-- Row Backgrounds --><div class=\"upb_color\" data-bg-override=\"0\" data-bg-color=\"#ffffff\" data-fadeout=\"\" data-fadeout-percentage=\"30\" data-parallax-content=\"\" data-parallax-content-sense=\"30\" data-row-effect-mobile-disable=\"true\" data-img-parallax-mobile-disable=\"true\" data-rtl=\"false\"  data-custom-vc-row=\"\"  data-vc=\"8.7.2\"  data-is_old_vc=\"\"  data-theme-support=\"disable\"   data-overlay=\"false\" data-overlay-color=\"\" data-overlay-pattern=\"\" data-overlay-pattern-opacity=\"\" data-overlay-pattern-size=\"\"    ><\/div>\n","protected":false},"excerpt":{"rendered":"Drone ist eine Continuous-Integration-Plattform, die eine Automatisierung von Build-, Test- und Release-Workflows erm\u00f6glicht. Sie unterst\u00fctzt diverse Betriebssysteme und Architekturen und funktioniert mit jeder Sprache. Drone existiert in einer Open-Source Community-Version und in einer Enterprise-Version. Wenn Sie sich benachrichtigen lassen m\u00f6chten, wenn Drone eine bestimmte Aufgabe abgeschlossen hat, sollten Sie sich unser Plugin einmal genauer ansehen....","protected":false},"author":1,"featured_media":86453,"parent":17075,"menu_order":0,"comment_status":"closed","ping_status":"closed","template":"","meta":{"content-type":"","footnotes":""},"class_list":["post-82178","page","type-page","status-publish","has-post-thumbnail","hentry"],"_links":{"self":[{"href":"https:\/\/www.seven.io\/de\/wp-json\/wp\/v2\/pages\/82178","targetHints":{"allow":["GET"]}}],"collection":[{"href":"https:\/\/www.seven.io\/de\/wp-json\/wp\/v2\/pages"}],"about":[{"href":"https:\/\/www.seven.io\/de\/wp-json\/wp\/v2\/types\/page"}],"author":[{"embeddable":true,"href":"https:\/\/www.seven.io\/de\/wp-json\/wp\/v2\/users\/1"}],"replies":[{"embeddable":true,"href":"https:\/\/www.seven.io\/de\/wp-json\/wp\/v2\/comments?post=82178"}],"version-history":[{"count":19,"href":"https:\/\/www.seven.io\/de\/wp-json\/wp\/v2\/pages\/82178\/revisions"}],"predecessor-version":[{"id":88623,"href":"https:\/\/www.seven.io\/de\/wp-json\/wp\/v2\/pages\/82178\/revisions\/88623"}],"up":[{"embeddable":true,"href":"https:\/\/www.seven.io\/de\/wp-json\/wp\/v2\/pages\/17075"}],"wp:featuredmedia":[{"embeddable":true,"href":"https:\/\/www.seven.io\/de\/wp-json\/wp\/v2\/media\/86453"}],"wp:attachment":[{"href":"https:\/\/www.seven.io\/de\/wp-json\/wp\/v2\/media?parent=82178"}],"curies":[{"name":"wp","href":"https:\/\/api.w.org\/{rel}","templated":true}]}}