{"id":82252,"date":"2022-03-24T07:15:07","date_gmt":"2022-03-24T06:15:07","guid":{"rendered":"https:\/\/www.sms77.io\/?page_id=82252"},"modified":"2024-07-02T11:05:13","modified_gmt":"2024-07-02T09:05:13","slug":"vivantio","status":"publish","type":"page","link":"https:\/\/www.seven.io\/de\/loesungen\/integrationen\/vivantio\/","title":{"rendered":"Vivantio"},"content":{"rendered":"<section class=\"l-section wpb_row height_small\"><div class=\"l-section-h i-cf\"><div class=\"g-cols vc_row via_flex valign_middle type_default stacking_default\"><div class=\"vc_col-sm-6 wpb_column vc_column_container\"><div class=\"vc_column-inner\"><div class=\"wpb_wrapper\"><div class=\"wpb_text_column\"><div class=\"wpb_wrapper\"><p><strong>Vivantio ist eine Kundenservice-Managementl\u00f6sung, die sich zum Ziel gemacht hat, flexiblen und skalierbaren Kundenservice durch eine einzige Platform zu erm\u00f6glichen. Bereits 2003 begann die Arbeit an der Service-Management-Software, die seitdem viele Unternehmen und Teams bereichert. F\u00fcr verschiedene Anspr\u00fcche stellt Vivantio unterschiedliche <a href=\"https:\/\/www.vivantio.com\/pricing\/\" target=\"_blank\" rel=\"noopener\">Preismodelle<\/a> zur Verf\u00fcgung, in denen die Plattform genutzt werden kann.<\/strong><\/p>\n<p><strong>Vivantio kann mithilfe von Integrationen in seinen Funktionen erweitert werden. Wenn Sie unseren Service integrieren, versenden Sie beispielsweise unkompliziert SMS aus Vivantio. So k\u00f6nnen Sie Ihre Kunden auf den Kan\u00e4len erreichen, die sie bevorzugen und ihnen so einen zus\u00e4tzlichen pers\u00f6nlichen Service bieten.<\/strong><\/p>\n<\/div><\/div><div class=\"w-btn-wrapper align_none\"><a class=\"w-btn us-btn-style_1 no-border\" href=\"https:\/\/www.seven.io\/de\/docs\/drittanbieter\/vivantio\/\"><span class=\"w-btn-label\">Mehr zu unserer Integration in Vivantio<\/span><\/a><\/div><\/div><\/div><\/div><div class=\"vc_col-sm-6 wpb_column vc_column_container\"><div class=\"vc_column-inner\"><div class=\"wpb_wrapper\"><div class=\"w-image align_center\"><div class=\"w-image-h\"><img decoding=\"async\" width=\"300\" height=\"300\" src=\"https:\/\/www.seven.io\/wp-content\/uploads\/integrationen_vivantio_logo-300x300.png\" class=\"attachment-us_300_0 size-us_300_0\" alt=\"Das Vivantio Logo\" loading=\"lazy\" srcset=\"https:\/\/www.seven.io\/wp-content\/uploads\/integrationen_vivantio_logo-300x300.png 300w, https:\/\/www.seven.io\/wp-content\/uploads\/integrationen_vivantio_logo-150x150.png 150w, https:\/\/www.seven.io\/wp-content\/uploads\/integrationen_vivantio_logo-350x350.png 350w, https:\/\/www.seven.io\/wp-content\/uploads\/integrationen_vivantio_logo-250x250.png 250w, https:\/\/www.seven.io\/wp-content\/uploads\/integrationen_vivantio_logo-400x400.png 400w, https:\/\/www.seven.io\/wp-content\/uploads\/integrationen_vivantio_logo-200x200.png 200w, https:\/\/www.seven.io\/wp-content\/uploads\/integrationen_vivantio_logo.png 450w\" sizes=\"auto, (max-width: 300px) 100vw, 300px\" \/><\/div><\/div><\/div><\/div><\/div><\/div><\/div><\/section><section class=\"l-section wpb_row height_small color_alternate\"><div class=\"l-section-h i-cf\"><div class=\"g-cols vc_row via_flex valign_middle type_default stacking_default\"><div class=\"vc_col-sm-6 wpb_column vc_column_container\"><div class=\"vc_column-inner\"><div class=\"wpb_wrapper\"><div class=\"w-image align_center\"><div class=\"w-image-h\"><img decoding=\"async\" width=\"350\" height=\"438\" src=\"https:\/\/www.seven.io\/wp-content\/uploads\/integrationen_vivantio_mock_de-350x438.png\" class=\"attachment-us_350_0 size-us_350_0\" alt=\"Versenden Sie SMS aus Vivantio\" loading=\"lazy\" srcset=\"https:\/\/www.seven.io\/wp-content\/uploads\/integrationen_vivantio_mock_de-350x438.png 350w, https:\/\/www.seven.io\/wp-content\/uploads\/integrationen_vivantio_mock_de-240x300.png 240w, https:\/\/www.seven.io\/wp-content\/uploads\/integrationen_vivantio_mock_de-250x313.png 250w, https:\/\/www.seven.io\/wp-content\/uploads\/integrationen_vivantio_mock_de-300x376.png 300w, https:\/\/www.seven.io\/wp-content\/uploads\/integrationen_vivantio_mock_de-400x501.png 400w, https:\/\/www.seven.io\/wp-content\/uploads\/integrationen_vivantio_mock_de-319x400.png 319w, https:\/\/www.seven.io\/wp-content\/uploads\/integrationen_vivantio_mock_de-200x250.png 200w, https:\/\/www.seven.io\/wp-content\/uploads\/integrationen_vivantio_mock_de-500x626.png 500w, https:\/\/www.seven.io\/wp-content\/uploads\/integrationen_vivantio_mock_de.png 511w\" sizes=\"auto, (max-width: 350px) 100vw, 350px\" \/><\/div><\/div><\/div><\/div><\/div><div class=\"vc_col-sm-6 wpb_column vc_column_container\"><div class=\"vc_column-inner\"><div class=\"wpb_wrapper\"><div class=\"wpb_text_column\"><div class=\"wpb_wrapper\"><h3>SMS aus Vivantio versenden<\/h3>\n<p>Sie m\u00f6chten Ihre Kunden via Textnachricht kontaktieren? Nutzen Sie unseren Service, um SMS aus Vivantio zu versenden! Richten Sie den Versand in wenigen Schritten in Vivantio ein \u2013 Sie ben\u00f6tigen nur einen <a href=\"https:\/\/help.seven.io\/de\/api-key-zugriff\" rel=\"noopener\">API Key<\/a> und ausreichend Guthaben zum Versand von SMS.<\/p>\n<p>Ihre Kunden werden den pers\u00f6nlichen Kommunikationskanal zu sch\u00e4tzen wissen. SMS werden \u00fcberdurchschnittlich schnell gelesen, weshalb sie sich besonders f\u00fcr wichtige Informationen eignen, die ihr Ziel schnell erreichen sollen. Probieren Sie es am besten selbst aus!<span class=\"Apple-converted-space\">\u00a0<\/span><\/p>\n<\/div><\/div><\/div><\/div><\/div><\/div><\/div><\/section><!-- Row Backgrounds --><div class=\"upb_color\" data-bg-override=\"0\" data-bg-color=\"#f4f4f4\" data-fadeout=\"\" data-fadeout-percentage=\"30\" data-parallax-content=\"\" data-parallax-content-sense=\"30\" data-row-effect-mobile-disable=\"true\" data-img-parallax-mobile-disable=\"true\" data-rtl=\"false\"  data-custom-vc-row=\"\"  data-vc=\"8.7.2\"  data-is_old_vc=\"\"  data-theme-support=\"disable\"   data-overlay=\"false\" data-overlay-color=\"\" data-overlay-pattern=\"\" data-overlay-pattern-opacity=\"\" data-overlay-pattern-size=\"\"    ><\/div><section class=\"l-section wpb_row height_small\"><div class=\"l-section-h i-cf\"><div class=\"g-cols vc_row via_flex valign_top type_default stacking_default\"><div class=\"vc_col-sm-12 wpb_column vc_column_container\"><div class=\"vc_column-inner\"><div class=\"wpb_wrapper\"><div class=\"w-actionbox us_custom_e47d7875 color_light controls_right\"><div class=\"w-actionbox-text\"><div class=\"w-actionbox-description\"><p>Sie brauchen Hilfe bei der Installation oder der Einrichtung der Funktionen?<br \/>\nIn unserer Dokumentation finden Sie weitere Informationen.<\/p>\n<\/div><\/div><div class=\"w-actionbox-controls\"><a class=\"w-btn us-btn-style_5\" href=\"https:\/\/www.seven.io\/de\/docs\/drittanbieter\/vivantio\/\"><span class=\"w-btn-label\">Dokumentation lesen<\/span><\/a><\/div><\/div><\/div><\/div><\/div><\/div><\/div><\/section><!-- Row Backgrounds --><div class=\"upb_color\" data-bg-override=\"0\" data-bg-color=\"#ffffff\" data-fadeout=\"\" data-fadeout-percentage=\"30\" data-parallax-content=\"\" data-parallax-content-sense=\"30\" data-row-effect-mobile-disable=\"true\" data-img-parallax-mobile-disable=\"true\" data-rtl=\"false\"  data-custom-vc-row=\"\"  data-vc=\"8.7.2\"  data-is_old_vc=\"\"  data-theme-support=\"disable\"   data-overlay=\"false\" data-overlay-color=\"\" data-overlay-pattern=\"\" data-overlay-pattern-opacity=\"\" data-overlay-pattern-size=\"\"    ><\/div>\n","protected":false},"excerpt":{"rendered":"Vivantio ist eine Kundenservice-Managementl\u00f6sung, die sich zum Ziel gemacht hat, flexiblen und skalierbaren Kundenservice durch eine einzige Platform zu erm\u00f6glichen. Bereits 2003 begann die Arbeit an der Service-Management-Software, die seitdem viele Unternehmen und Teams bereichert. F\u00fcr verschiedene Anspr\u00fcche stellt Vivantio unterschiedliche Preismodelle zur Verf\u00fcgung, in denen die Plattform genutzt werden kann. Vivantio kann mithilfe von...","protected":false},"author":1,"featured_media":82254,"parent":17075,"menu_order":0,"comment_status":"closed","ping_status":"closed","template":"","meta":{"content-type":"","footnotes":""},"class_list":["post-82252","page","type-page","status-publish","has-post-thumbnail","hentry"],"_links":{"self":[{"href":"https:\/\/www.seven.io\/de\/wp-json\/wp\/v2\/pages\/82252","targetHints":{"allow":["GET"]}}],"collection":[{"href":"https:\/\/www.seven.io\/de\/wp-json\/wp\/v2\/pages"}],"about":[{"href":"https:\/\/www.seven.io\/de\/wp-json\/wp\/v2\/types\/page"}],"author":[{"embeddable":true,"href":"https:\/\/www.seven.io\/de\/wp-json\/wp\/v2\/users\/1"}],"replies":[{"embeddable":true,"href":"https:\/\/www.seven.io\/de\/wp-json\/wp\/v2\/comments?post=82252"}],"version-history":[{"count":15,"href":"https:\/\/www.seven.io\/de\/wp-json\/wp\/v2\/pages\/82252\/revisions"}],"predecessor-version":[{"id":92875,"href":"https:\/\/www.seven.io\/de\/wp-json\/wp\/v2\/pages\/82252\/revisions\/92875"}],"up":[{"embeddable":true,"href":"https:\/\/www.seven.io\/de\/wp-json\/wp\/v2\/pages\/17075"}],"wp:featuredmedia":[{"embeddable":true,"href":"https:\/\/www.seven.io\/de\/wp-json\/wp\/v2\/media\/82254"}],"wp:attachment":[{"href":"https:\/\/www.seven.io\/de\/wp-json\/wp\/v2\/media?parent=82252"}],"curies":[{"name":"wp","href":"https:\/\/api.w.org\/{rel}","templated":true}]}}