{"id":82274,"date":"2022-04-04T15:18:24","date_gmt":"2022-04-04T13:18:24","guid":{"rendered":"https:\/\/www.sms77.io\/?page_id=82274"},"modified":"2023-07-14T07:56:26","modified_gmt":"2023-07-14T05:56:26","slug":"agile-crm","status":"publish","type":"page","link":"https:\/\/www.seven.io\/de\/loesungen\/integrationen\/agile-crm\/","title":{"rendered":"Agile CRM"},"content":{"rendered":"<section class=\"l-section wpb_row height_small\"><div class=\"l-section-h i-cf\"><div class=\"g-cols vc_row via_flex valign_middle type_default stacking_default\"><div class=\"vc_col-sm-6 wpb_column vc_column_container\"><div class=\"vc_column-inner\"><div class=\"wpb_wrapper\"><div class=\"wpb_text_column\"><div class=\"wpb_wrapper\"><p><strong>Agile CRM ist eine umf\u00e4ngliche All-In-One-L\u00f6sung f\u00fcr Customer Relationship Management, die bereits von mehr als 15.000 Unternehmen auf der ganzen Welt genutzt wird. Der Fokus des CRM liegt auf den Bereichen Vertriebsf\u00f6rderung, Marketing Automation und Kundenservice. Die Funktionen k\u00f6nnen bei Bedarf durch Integrationen erweitert werden. <\/strong><\/p>\n<p><strong>Wenn Sie Ihre Marketing-Automation mit seven erweitern m\u00f6chten, k\u00f6nnen Sie auch unseren Service einbinden und SMS mit Agile CRM versenden.<\/strong><\/p>\n<\/div><\/div><div class=\"w-btn-wrapper align_none\"><a class=\"w-btn us-btn-style_1 no-border\" href=\"\/docs\/drittanbieter\/agile-crm\/\"><span class=\"w-btn-label\">seven in Agile CRM integrieren<\/span><\/a><\/div><\/div><\/div><\/div><div class=\"vc_col-sm-6 wpb_column vc_column_container\"><div class=\"vc_column-inner\"><div class=\"wpb_wrapper\"><div class=\"w-video align_none ratio_16x9 has_iframe\"><div class=\"w-video-h\"><iframe title=\"Youtube video player\" src=\"\/\/www.youtube.com\/embed\/vG--lJWF-W4?autoplay=0&controls=1&origin=https:\/\/www.seven.io\/de\/&loop=0&mute=0\" allowfullscreen=\"1\" loading=\"lazy\"><\/iframe><\/div><\/div><\/div><\/div><\/div><\/div><\/div><\/section><section class=\"l-section wpb_row height_small color_alternate\"><div class=\"l-section-h i-cf\"><div class=\"g-cols vc_row via_flex valign_middle type_default stacking_default\"><div class=\"vc_col-sm-6 wpb_column vc_column_container\"><div class=\"vc_column-inner\"><div class=\"wpb_wrapper\"><div class=\"w-image align_center\"><div class=\"w-image-h\"><img decoding=\"async\" width=\"350\" height=\"438\" src=\"https:\/\/www.seven.io\/wp-content\/uploads\/integrationen_agileCRM_mock_de.i-350x438.png\" class=\"attachment-us_350_0 size-us_350_0\" alt=\"Versenden Sie eine SMS mit Agile CRM, wenn ein bestimmtes Ereignis eintritt\" loading=\"lazy\" srcset=\"https:\/\/www.seven.io\/wp-content\/uploads\/integrationen_agileCRM_mock_de.i-350x438.png 350w, https:\/\/www.seven.io\/wp-content\/uploads\/integrationen_agileCRM_mock_de.i-240x300.png 240w, https:\/\/www.seven.io\/wp-content\/uploads\/integrationen_agileCRM_mock_de.i-250x313.png 250w, https:\/\/www.seven.io\/wp-content\/uploads\/integrationen_agileCRM_mock_de.i-300x376.png 300w, https:\/\/www.seven.io\/wp-content\/uploads\/integrationen_agileCRM_mock_de.i-400x501.png 400w, https:\/\/www.seven.io\/wp-content\/uploads\/integrationen_agileCRM_mock_de.i-319x400.png 319w, https:\/\/www.seven.io\/wp-content\/uploads\/integrationen_agileCRM_mock_de.i-200x250.png 200w, https:\/\/www.seven.io\/wp-content\/uploads\/integrationen_agileCRM_mock_de.i-500x626.png 500w, https:\/\/www.seven.io\/wp-content\/uploads\/integrationen_agileCRM_mock_de.i.png 511w\" sizes=\"auto, (max-width: 350px) 100vw, 350px\" \/><\/div><\/div><\/div><\/div><\/div><div class=\"vc_col-sm-6 wpb_column vc_column_container\"><div class=\"vc_column-inner\"><div class=\"wpb_wrapper\"><div class=\"wpb_text_column\"><div class=\"wpb_wrapper\"><h3>Versenden Sie SMS mit Agile CRM<\/h3>\n<p>M\u00f6chten Sie jedes Mal eine SMS erhalten, wenn ein neuer Kunde zu Ihrem CRM hinzugef\u00fcgt wird oder ein anderes Ereignis eintritt? Bleiben Sie immer auf dem Laufenden und versenden Sie automatisierte SMS mit Agile CRM. Da SMS \u00fcberdurchschnittlich schnell ge\u00f6ffnet werden, eignen sie sich auch f\u00fcr Benachrichtigungen, die zeitnah gelesen werden m\u00fcssen.<\/p>\n<p>Die Einrichtung des Versands von SMS mit seven haben Sie in wenigen Schritten geschafft \u2013 Sie ben\u00f6tigen dazu nur einen <a href=\"https:\/\/help.seven.io\/de\/api-key-zugriff\" rel=\"noopener\">API Key<\/a> und, je nach Kenntnisstand, unsere <a href=\"\/docs\/drittanbieter\/agile-crm\/\">Dokumentation<\/a>. Wie immer zahlen Sie nat\u00fcrlich nur die SMS, die Sie auch verbrauchen.<span class=\"Apple-converted-space\">\u00a0Probieren Sie es jetzt aus.<\/span><\/p>\n<\/div><\/div><\/div><\/div><\/div><\/div><\/div><\/section><!-- Row Backgrounds --><div class=\"upb_color\" data-bg-override=\"0\" data-bg-color=\"#f4f4f4\" data-fadeout=\"\" data-fadeout-percentage=\"30\" data-parallax-content=\"\" data-parallax-content-sense=\"30\" data-row-effect-mobile-disable=\"true\" data-img-parallax-mobile-disable=\"true\" data-rtl=\"false\"  data-custom-vc-row=\"\"  data-vc=\"8.7.2\"  data-is_old_vc=\"\"  data-theme-support=\"disable\"   data-overlay=\"false\" data-overlay-color=\"\" data-overlay-pattern=\"\" data-overlay-pattern-opacity=\"\" data-overlay-pattern-size=\"\"    ><\/div><section class=\"l-section wpb_row height_small\"><div class=\"l-section-h i-cf\"><div class=\"g-cols vc_row via_flex valign_top type_default stacking_default\"><div class=\"vc_col-sm-12 wpb_column vc_column_container\"><div class=\"vc_column-inner\"><div class=\"wpb_wrapper\"><div class=\"w-actionbox us_custom_e47d7875 color_light controls_right\"><div class=\"w-actionbox-text\"><div class=\"w-actionbox-description\"><p>Sie brauchen Hilfe bei der Installation oder der Einrichtung der Funktionen?<br \/>\nBesuchen Sie unsere Dokumentation f\u00fcr mehr Informationen.<\/p>\n<\/div><\/div><div class=\"w-actionbox-controls\"><a class=\"w-btn us-btn-style_5\" target=\"_blank\" rel=\"nofollow\" href=\"\/docs\/drittanbieter\/agile-crm\/\"><span class=\"w-btn-label\">Dokumentation lesen<\/span><\/a><\/div><\/div><\/div><\/div><\/div><\/div><\/div><\/section><!-- Row Backgrounds --><div class=\"upb_color\" data-bg-override=\"0\" data-bg-color=\"#ffffff\" data-fadeout=\"\" data-fadeout-percentage=\"30\" data-parallax-content=\"\" data-parallax-content-sense=\"30\" data-row-effect-mobile-disable=\"true\" data-img-parallax-mobile-disable=\"true\" data-rtl=\"false\"  data-custom-vc-row=\"\"  data-vc=\"8.7.2\"  data-is_old_vc=\"\"  data-theme-support=\"disable\"   data-overlay=\"false\" data-overlay-color=\"\" data-overlay-pattern=\"\" data-overlay-pattern-opacity=\"\" data-overlay-pattern-size=\"\"    ><\/div>\n","protected":false},"excerpt":{"rendered":"Agile CRM ist eine umf\u00e4ngliche All-In-One-L\u00f6sung f\u00fcr Customer Relationship Management, die bereits von mehr als 15.000 Unternehmen auf der ganzen Welt genutzt wird. Der Fokus des CRM liegt auf den Bereichen Vertriebsf\u00f6rderung, Marketing Automation und Kundenservice. Die Funktionen k\u00f6nnen bei Bedarf durch Integrationen erweitert werden. Wenn Sie Ihre Marketing-Automation mit seven erweitern m\u00f6chten, k\u00f6nnen Sie...","protected":false},"author":1,"featured_media":82529,"parent":17075,"menu_order":0,"comment_status":"closed","ping_status":"closed","template":"","meta":{"content-type":"","footnotes":""},"class_list":["post-82274","page","type-page","status-publish","has-post-thumbnail","hentry"],"_links":{"self":[{"href":"https:\/\/www.seven.io\/de\/wp-json\/wp\/v2\/pages\/82274","targetHints":{"allow":["GET"]}}],"collection":[{"href":"https:\/\/www.seven.io\/de\/wp-json\/wp\/v2\/pages"}],"about":[{"href":"https:\/\/www.seven.io\/de\/wp-json\/wp\/v2\/types\/page"}],"author":[{"embeddable":true,"href":"https:\/\/www.seven.io\/de\/wp-json\/wp\/v2\/users\/1"}],"replies":[{"embeddable":true,"href":"https:\/\/www.seven.io\/de\/wp-json\/wp\/v2\/comments?post=82274"}],"version-history":[{"count":18,"href":"https:\/\/www.seven.io\/de\/wp-json\/wp\/v2\/pages\/82274\/revisions"}],"predecessor-version":[{"id":88517,"href":"https:\/\/www.seven.io\/de\/wp-json\/wp\/v2\/pages\/82274\/revisions\/88517"}],"up":[{"embeddable":true,"href":"https:\/\/www.seven.io\/de\/wp-json\/wp\/v2\/pages\/17075"}],"wp:featuredmedia":[{"embeddable":true,"href":"https:\/\/www.seven.io\/de\/wp-json\/wp\/v2\/media\/82529"}],"wp:attachment":[{"href":"https:\/\/www.seven.io\/de\/wp-json\/wp\/v2\/media?parent=82274"}],"curies":[{"name":"wp","href":"https:\/\/api.w.org\/{rel}","templated":true}]}}