{"id":82305,"date":"2022-03-25T08:37:11","date_gmt":"2022-03-25T07:37:11","guid":{"rendered":"https:\/\/www.sms77.io\/?page_id=82305"},"modified":"2023-02-21T12:11:20","modified_gmt":"2023-02-21T11:11:20","slug":"bagisto","status":"publish","type":"page","link":"https:\/\/www.seven.io\/de\/loesungen\/integrationen\/bagisto\/","title":{"rendered":"bagisto"},"content":{"rendered":"<section class=\"l-section wpb_row height_small\"><div class=\"l-section-h i-cf\"><div class=\"g-cols vc_row via_flex valign_middle type_default stacking_default\"><div class=\"vc_col-sm-6 wpb_column vc_column_container\"><div class=\"vc_column-inner\"><div class=\"wpb_wrapper\"><div class=\"wpb_text_column\"><div class=\"wpb_wrapper\"><p><strong>Bagisto ist ein Open Source eCommerce-\u00d6kosystem auf der Basis von Laravel. Es ist laut eigener Aussage f\u00fcr Unternehmen jeder Gr\u00f6\u00dfe geeignet und kann in seinem Basisumfang ohne zus\u00e4tzliche Kosten genutzt werden. Auch die Erstellung eines Multi-Vendor-Marktplatzes ist mit <a href=\"https:\/\/bagisto.com\/\" target=\"_blank\" rel=\"noopener\">bagisto<\/a> m\u00f6glich. <\/strong><\/p>\n<p><strong>Diverse Funktionen runden das eCommerce-System ab. Wenn Ihnen diese Funktionen noch nicht reichen, k\u00f6nnen Sie aus einer Vielzahl zus\u00e4tzlicher Extensions und Integrationen w\u00e4hlen. Auch unseren Service k\u00f6nnen Sie einbinden, um SMS mit bagisto versenden zu k\u00f6nnen.<span class=\"Apple-converted-space\">\u00a0<\/span><\/strong><\/p>\n<\/div><\/div><div class=\"w-btn-wrapper align_none\"><a class=\"w-btn us-btn-style_1 no-border\" target=\"_blank\" rel=\"nofollow noopener\" href=\"https:\/\/github.com\/seven-io\/bagisto\"><span class=\"w-btn-label\">seven in bagisto integrieren<\/span><\/a><\/div><\/div><\/div><\/div><div class=\"vc_col-sm-6 wpb_column vc_column_container\"><div class=\"vc_column-inner\"><div class=\"wpb_wrapper\"><div class=\"w-image align_center\"><div class=\"w-image-h\"><img decoding=\"async\" width=\"300\" height=\"300\" src=\"https:\/\/www.seven.io\/wp-content\/uploads\/integrationen_bagisto_logo-300x300.png\" class=\"attachment-us_300_0 size-us_300_0\" alt=\"Versenden Sie SMS mit Bagisto\" loading=\"lazy\" srcset=\"https:\/\/www.seven.io\/wp-content\/uploads\/integrationen_bagisto_logo-300x300.png 300w, https:\/\/www.seven.io\/wp-content\/uploads\/integrationen_bagisto_logo-150x150.png 150w, https:\/\/www.seven.io\/wp-content\/uploads\/integrationen_bagisto_logo-350x350.png 350w, https:\/\/www.seven.io\/wp-content\/uploads\/integrationen_bagisto_logo-250x250.png 250w, https:\/\/www.seven.io\/wp-content\/uploads\/integrationen_bagisto_logo-400x400.png 400w, https:\/\/www.seven.io\/wp-content\/uploads\/integrationen_bagisto_logo-200x200.png 200w, https:\/\/www.seven.io\/wp-content\/uploads\/integrationen_bagisto_logo.png 450w\" sizes=\"auto, (max-width: 300px) 100vw, 300px\" \/><\/div><\/div><\/div><\/div><\/div><\/div><\/div><\/section><section class=\"l-section wpb_row height_small color_alternate\"><div class=\"l-section-h i-cf\"><div class=\"g-cols vc_row via_flex valign_middle type_default stacking_default\"><div class=\"vc_col-sm-6 wpb_column vc_column_container\"><div class=\"vc_column-inner\"><div class=\"wpb_wrapper\"><div class=\"w-image align_center\"><div class=\"w-image-h\"><img decoding=\"async\" width=\"400\" height=\"501\" src=\"https:\/\/www.seven.io\/wp-content\/uploads\/integrationen_bagisto_mock_de-400x501.png\" class=\"attachment-us_400_0 size-us_400_0\" alt=\"Versenden Sie exklusive Angebote via SMS mit bagisto\" loading=\"lazy\" srcset=\"https:\/\/www.seven.io\/wp-content\/uploads\/integrationen_bagisto_mock_de-400x501.png 400w, https:\/\/www.seven.io\/wp-content\/uploads\/integrationen_bagisto_mock_de-240x300.png 240w, https:\/\/www.seven.io\/wp-content\/uploads\/integrationen_bagisto_mock_de-350x438.png 350w, https:\/\/www.seven.io\/wp-content\/uploads\/integrationen_bagisto_mock_de-250x313.png 250w, https:\/\/www.seven.io\/wp-content\/uploads\/integrationen_bagisto_mock_de-300x376.png 300w, https:\/\/www.seven.io\/wp-content\/uploads\/integrationen_bagisto_mock_de-319x400.png 319w, https:\/\/www.seven.io\/wp-content\/uploads\/integrationen_bagisto_mock_de-200x250.png 200w, https:\/\/www.seven.io\/wp-content\/uploads\/integrationen_bagisto_mock_de-500x626.png 500w, https:\/\/www.seven.io\/wp-content\/uploads\/integrationen_bagisto_mock_de.png 511w\" sizes=\"auto, (max-width: 400px) 100vw, 400px\" \/><\/div><\/div><\/div><\/div><\/div><div class=\"vc_col-sm-6 wpb_column vc_column_container\"><div class=\"vc_column-inner\"><div class=\"wpb_wrapper\"><div class=\"wpb_text_column\"><div class=\"wpb_wrapper\"><h3>Versenden Sie SMS mit bagisto und seven<\/h3>\n<p>Sie m\u00f6chten Ihren Onlineshop um einen starken Messaging-Kanal erweitern? Integrieren Sie unseren Service und versenden Sie im Handumdrehen SMS mit bagisto. SMS erreichen ihr Ziel schnell, zuverl\u00e4ssig und ohne gro\u00dfen Aufwand. Au\u00dferdem werden sie von Ihren Empf\u00e4ngern \u00fcberdurchschnittlich schnell gelesen und werden als sehr pers\u00f6nliche Nachrichten wahrgenommen.<\/p>\n<p>Sie richten den Versand via seven mit Ihrem <a href=\"https:\/\/help.seven.io\/de\/api-key-zugriff\" rel=\"noopener\">API Key<\/a> in wenigen Schritten in bagisto ein. Danach k\u00f6nnen Sie sowohl an einzelne Kunden SMS versenden, als auch an Kundengruppen. Um die pers\u00f6nliche Note der SMS voll ausnutzen zu k\u00f6nnen, nutzen Sie Platzhalter, mit denen Sie Ihre Kunden individuell ansprechen k\u00f6nnen. Probieren Sie es selbst aus!<span class=\"Apple-converted-space\">\u00a0<\/span><\/p>\n<\/div><\/div><\/div><\/div><\/div><\/div><\/div><\/section><!-- Row Backgrounds --><div class=\"upb_color\" data-bg-override=\"0\" data-bg-color=\"#f4f4f4\" data-fadeout=\"\" data-fadeout-percentage=\"30\" data-parallax-content=\"\" data-parallax-content-sense=\"30\" data-row-effect-mobile-disable=\"true\" data-img-parallax-mobile-disable=\"true\" data-rtl=\"false\"  data-custom-vc-row=\"\"  data-vc=\"8.7.2\"  data-is_old_vc=\"\"  data-theme-support=\"disable\"   data-overlay=\"false\" data-overlay-color=\"\" data-overlay-pattern=\"\" data-overlay-pattern-opacity=\"\" data-overlay-pattern-size=\"\"    ><\/div><section class=\"l-section wpb_row height_small\"><div class=\"l-section-h i-cf\"><div class=\"g-cols vc_row via_flex valign_middle type_default stacking_default\"><div class=\"vc_col-sm-6 wpb_column vc_column_container\"><div class=\"vc_column-inner\"><div class=\"wpb_wrapper\"><div class=\"wpb_text_column\"><div class=\"wpb_wrapper\"><h3>SMS-Versand an einzelne Empf\u00e4nger<\/h3>\n<\/div><\/div><div class=\"uavc-list-icon uavc-list-icon-wrapper ult-adjust-bottom-margin   \"><ul class=\"uavc-list\"><li><div class=\"uavc-list-content\" id=\"list-icon-wrap-2131\">\n<div class=\"uavc-list-icon  \" data-animation=\"\" data-animation-delay=\"03\" style=\"margin-right:25px;\"><div class=\"ult-just-icon-wrapper  \"><div class=\"align-icon\" style=\"text-align:center;\">\n<div class=\"aio-icon none \"  style=\"color:#52c0fa;font-size:40px;display:inline-block;\">\n\t<i class=\"Defaults-user\"><\/i>\n<\/div><\/div><\/div>\n<\/div><span  data-ultimate-target='#list-icon-wrap-2131 .uavc-list-desc'  data-responsive-json-new='{\"font-size\":\"\",\"line-height\":\"\"}'  class=\"uavc-list-desc ult-responsive\" style=\"\">Versenden Sie SMS an einzelne Kunden, um ihnen einen pers\u00f6nlichen Service zu bieten oder ihnen besonders exklusive Angebote zu machen.<\/span><\/div><\/li><\/ul><\/div><div class=\"wpb_text_column\"><div class=\"wpb_wrapper\"><h3>SMS-Versand an Empf\u00e4ngergruppen<span class=\"Apple-converted-space\">\u00a0<\/span><\/h3>\n<\/div><\/div><div class=\"uavc-list-icon uavc-list-icon-wrapper ult-adjust-bottom-margin   \"><ul class=\"uavc-list\"><li><div class=\"uavc-list-content\" id=\"list-icon-wrap-8392\">\n<div class=\"uavc-list-icon  \" data-animation=\"\" data-animation-delay=\"03\" style=\"margin-right:25px;\"><div class=\"ult-just-icon-wrapper  \"><div class=\"align-icon\" style=\"text-align:center;\">\n<div class=\"aio-icon none \"  style=\"color:#52c0fa;font-size:40px;display:inline-block;\">\n\t<i class=\"Defaults-group users\"><\/i>\n<\/div><\/div><\/div>\n<\/div><span  data-ultimate-target='#list-icon-wrap-8392 .uavc-list-desc'  data-responsive-json-new='{\"font-size\":\"\",\"line-height\":\"\"}'  class=\"uavc-list-desc ult-responsive\" style=\"\">Nutzen Sie den Versand von SMS an Gruppen f\u00fcr Ihr Marketing oder um Ihre Kunden auf wichtige \u00c4nderungen oder Termine hinzuweisen.<\/span><\/div><\/li><\/ul><\/div><\/div><\/div><\/div><div class=\"vc_col-sm-6 wpb_column vc_column_container\"><div class=\"vc_column-inner\"><div class=\"wpb_wrapper\"><div class=\"w-image align_center\"><div class=\"w-image-h\"><img decoding=\"async\" width=\"768\" height=\"512\" src=\"https:\/\/www.seven.io\/wp-content\/uploads\/integrationen_bagisto_mood-768x512.png\" class=\"attachment-us_768_0 size-us_768_0\" alt=\"Wenn Sie eine SMS mit bagisto versenden, erreichen Sie Ihre Kunden schnell und zuverl\u00e4ssig\" loading=\"lazy\" srcset=\"https:\/\/www.seven.io\/wp-content\/uploads\/integrationen_bagisto_mood-768x512.png 768w, https:\/\/www.seven.io\/wp-content\/uploads\/integrationen_bagisto_mood-300x200.png 300w, https:\/\/www.seven.io\/wp-content\/uploads\/integrationen_bagisto_mood-350x233.png 350w, https:\/\/www.seven.io\/wp-content\/uploads\/integrationen_bagisto_mood-250x167.png 250w, https:\/\/www.seven.io\/wp-content\/uploads\/integrationen_bagisto_mood-600x400.png 600w, https:\/\/www.seven.io\/wp-content\/uploads\/integrationen_bagisto_mood-400x267.png 400w, https:\/\/www.seven.io\/wp-content\/uploads\/integrationen_bagisto_mood-200x133.png 200w, https:\/\/www.seven.io\/wp-content\/uploads\/integrationen_bagisto_mood-500x333.png 500w, https:\/\/www.seven.io\/wp-content\/uploads\/integrationen_bagisto_mood.png 800w\" sizes=\"auto, (max-width: 768px) 100vw, 768px\" \/><\/div><\/div><div class=\"w-separator size_custom\" style=\"height:10px\"><\/div><div class=\"wpb_text_column\"><div class=\"wpb_wrapper\"><p style=\"text-align: center;\"><em>Erreichen Sie Ihre Kunden pers\u00f6nlich, schnell und zuverl\u00e4ssig.<\/em><\/p>\n<\/div><\/div><\/div><\/div><\/div><\/div><\/div><\/section><section class=\"l-section wpb_row height_small\"><div class=\"l-section-h i-cf\"><div class=\"g-cols vc_row via_flex valign_top type_default stacking_default\"><div class=\"vc_col-sm-12 wpb_column vc_column_container\"><div class=\"vc_column-inner\"><div class=\"wpb_wrapper\"><div class=\"w-actionbox us_custom_e47d7875 color_light controls_right\"><div class=\"w-actionbox-text\"><div class=\"w-actionbox-description\"><p>Sie brauchen Hilfe bei der Installation oder der Einrichtung der Funktionen?<br \/>\nAuf unserer GitHub-Seite finden Sie weitere Informationen.<\/p>\n<\/div><\/div><div class=\"w-actionbox-controls\"><a class=\"w-btn us-btn-style_5\" target=\"_blank\" rel=\"nofollow noopener\" href=\"https:\/\/github.com\/seven-io\/bagisto\"><span class=\"w-btn-label\">Zu GitHub<\/span><\/a><\/div><\/div><\/div><\/div><\/div><\/div><\/div><\/section><!-- Row Backgrounds --><div class=\"upb_color\" data-bg-override=\"0\" data-bg-color=\"#ffffff\" data-fadeout=\"\" data-fadeout-percentage=\"30\" data-parallax-content=\"\" data-parallax-content-sense=\"30\" data-row-effect-mobile-disable=\"true\" data-img-parallax-mobile-disable=\"true\" data-rtl=\"false\"  data-custom-vc-row=\"\"  data-vc=\"8.7.2\"  data-is_old_vc=\"\"  data-theme-support=\"disable\"   data-overlay=\"false\" data-overlay-color=\"\" data-overlay-pattern=\"\" data-overlay-pattern-opacity=\"\" data-overlay-pattern-size=\"\"    ><\/div>\n","protected":false},"excerpt":{"rendered":"Bagisto ist ein Open Source eCommerce-\u00d6kosystem auf der Basis von Laravel. Es ist laut eigener Aussage f\u00fcr Unternehmen jeder Gr\u00f6\u00dfe geeignet und kann in seinem Basisumfang ohne zus\u00e4tzliche Kosten genutzt werden. Auch die Erstellung eines Multi-Vendor-Marktplatzes ist mit bagisto m\u00f6glich. Diverse Funktionen runden das eCommerce-System ab. Wenn Ihnen diese Funktionen noch nicht reichen, k\u00f6nnen Sie...","protected":false},"author":1,"featured_media":82303,"parent":17075,"menu_order":0,"comment_status":"closed","ping_status":"closed","template":"","meta":{"content-type":"","footnotes":""},"class_list":["post-82305","page","type-page","status-publish","has-post-thumbnail","hentry"],"_links":{"self":[{"href":"https:\/\/www.seven.io\/de\/wp-json\/wp\/v2\/pages\/82305","targetHints":{"allow":["GET"]}}],"collection":[{"href":"https:\/\/www.seven.io\/de\/wp-json\/wp\/v2\/pages"}],"about":[{"href":"https:\/\/www.seven.io\/de\/wp-json\/wp\/v2\/types\/page"}],"author":[{"embeddable":true,"href":"https:\/\/www.seven.io\/de\/wp-json\/wp\/v2\/users\/1"}],"replies":[{"embeddable":true,"href":"https:\/\/www.seven.io\/de\/wp-json\/wp\/v2\/comments?post=82305"}],"version-history":[{"count":17,"href":"https:\/\/www.seven.io\/de\/wp-json\/wp\/v2\/pages\/82305\/revisions"}],"predecessor-version":[{"id":88571,"href":"https:\/\/www.seven.io\/de\/wp-json\/wp\/v2\/pages\/82305\/revisions\/88571"}],"up":[{"embeddable":true,"href":"https:\/\/www.seven.io\/de\/wp-json\/wp\/v2\/pages\/17075"}],"wp:featuredmedia":[{"embeddable":true,"href":"https:\/\/www.seven.io\/de\/wp-json\/wp\/v2\/media\/82303"}],"wp:attachment":[{"href":"https:\/\/www.seven.io\/de\/wp-json\/wp\/v2\/media?parent=82305"}],"curies":[{"name":"wp","href":"https:\/\/api.w.org\/{rel}","templated":true}]}}