{"id":82322,"date":"2022-03-25T09:08:58","date_gmt":"2022-03-25T08:08:58","guid":{"rendered":"https:\/\/www.sms77.io\/?page_id=82322"},"modified":"2024-07-02T10:06:25","modified_gmt":"2024-07-02T08:06:25","slug":"rosariosis","status":"publish","type":"page","link":"https:\/\/www.seven.io\/de\/loesungen\/integrationen\/rosariosis\/","title":{"rendered":"RosarioSIS"},"content":{"rendered":"<section class=\"l-section wpb_row height_small\"><div class=\"l-section-h i-cf\"><div class=\"g-cols vc_row via_flex valign_middle type_default stacking_default\"><div class=\"vc_col-sm-6 wpb_column vc_column_container\"><div class=\"vc_column-inner\"><div class=\"wpb_wrapper\"><div class=\"wpb_text_column\"><div class=\"wpb_wrapper\"><p><strong>RosarioSIS ist ein freies und quelloffenes Informationssystem f\u00fcr Bildungseinrichtungen aller Art. <a href=\"https:\/\/www.rosariosis.org\" target=\"_blank\" rel=\"noopener\">Das System<\/a> ist webbasiert, sodass Lehrkr\u00e4fte und anderes berechtigtes Personal potentiell von \u00fcberall auf das System zugreifen k\u00f6nnen. Es stehen \u00dcbersetzungen auf Englisch, Franz\u00f6sisch, Spanisch, Arabisch, Deutsch, Khmer und Bulgarisch zur Verf\u00fcgung.<\/strong><\/p>\n<p><strong>Umfassende Funktionen machen das Sch\u00fclerinformationssystem zu einer starken Alternative zu vergleichbaren Programmen. Dar\u00fcber hinaus k\u00f6nnen die Funktionen jederzeit erweitert werden. So k\u00f6nnen Sie auch den Versand von SMS in RosarioSIS problemlos einrichten.<\/strong><\/p>\n<\/div><\/div><div class=\"w-btn-wrapper align_none\"><a class=\"w-btn us-btn-style_1 no-border\" href=\"https:\/\/www.seven.io\/de\/docs\/drittanbieter\/rosariosis\/\"><span class=\"w-btn-label\">seven in RosarioSIS einrichten<\/span><\/a><\/div><\/div><\/div><\/div><div class=\"vc_col-sm-6 wpb_column vc_column_container\"><div class=\"vc_column-inner\"><div class=\"wpb_wrapper\"><div class=\"w-image align_center\"><div class=\"w-image-h\"><img decoding=\"async\" width=\"300\" height=\"300\" src=\"https:\/\/www.seven.io\/wp-content\/uploads\/integrationen_rosarioSIS_logo-300x300.png\" class=\"attachment-us_300_0 size-us_300_0\" alt=\"Versenden Sie SMS in RosarioSIS\" loading=\"lazy\" srcset=\"https:\/\/www.seven.io\/wp-content\/uploads\/integrationen_rosarioSIS_logo-300x300.png 300w, https:\/\/www.seven.io\/wp-content\/uploads\/integrationen_rosarioSIS_logo-150x150.png 150w, https:\/\/www.seven.io\/wp-content\/uploads\/integrationen_rosarioSIS_logo-350x350.png 350w, https:\/\/www.seven.io\/wp-content\/uploads\/integrationen_rosarioSIS_logo-250x250.png 250w, https:\/\/www.seven.io\/wp-content\/uploads\/integrationen_rosarioSIS_logo-400x400.png 400w, https:\/\/www.seven.io\/wp-content\/uploads\/integrationen_rosarioSIS_logo-200x200.png 200w, https:\/\/www.seven.io\/wp-content\/uploads\/integrationen_rosarioSIS_logo.png 450w\" sizes=\"auto, (max-width: 300px) 100vw, 300px\" \/><\/div><\/div><\/div><\/div><\/div><\/div><\/div><\/section><section class=\"l-section wpb_row height_small color_alternate\"><div class=\"l-section-h i-cf\"><div class=\"g-cols vc_row via_flex valign_middle type_default stacking_default\"><div class=\"vc_col-sm-6 wpb_column vc_column_container\"><div class=\"vc_column-inner\"><div class=\"wpb_wrapper\"><div class=\"w-image align_center\"><div class=\"w-image-h\"><img decoding=\"async\" width=\"400\" height=\"501\" src=\"https:\/\/www.seven.io\/wp-content\/uploads\/integrationen_rosariosis_mock_de-400x501.png\" class=\"attachment-us_400_0 size-us_400_0\" alt=\"Versenden Sie SMS in RosarioSIS, um wichtige Infos mitzuteilen\" loading=\"lazy\" srcset=\"https:\/\/www.seven.io\/wp-content\/uploads\/integrationen_rosariosis_mock_de-400x501.png 400w, https:\/\/www.seven.io\/wp-content\/uploads\/integrationen_rosariosis_mock_de-240x300.png 240w, https:\/\/www.seven.io\/wp-content\/uploads\/integrationen_rosariosis_mock_de-350x438.png 350w, https:\/\/www.seven.io\/wp-content\/uploads\/integrationen_rosariosis_mock_de-250x313.png 250w, https:\/\/www.seven.io\/wp-content\/uploads\/integrationen_rosariosis_mock_de-300x376.png 300w, https:\/\/www.seven.io\/wp-content\/uploads\/integrationen_rosariosis_mock_de-319x400.png 319w, https:\/\/www.seven.io\/wp-content\/uploads\/integrationen_rosariosis_mock_de-200x250.png 200w, https:\/\/www.seven.io\/wp-content\/uploads\/integrationen_rosariosis_mock_de.png 511w\" sizes=\"auto, (max-width: 400px) 100vw, 400px\" \/><\/div><\/div><\/div><\/div><\/div><div class=\"vc_col-sm-6 wpb_column vc_column_container\"><div class=\"vc_column-inner\"><div class=\"wpb_wrapper\"><div class=\"wpb_text_column\"><div class=\"wpb_wrapper\"><h3>Versenden Sie SMS in RosarioSIS<\/h3>\n<p>Sie k\u00f6nnen den Versand von SMS in RosarioSIS in wenigen Schritten <a href=\"https:\/\/www.seven.io\/de\/docs\/drittanbieter\/rosariosis\/\">einrichten<\/a>. Haben Sie die Einrichtung abgeschlossen, k\u00f6nnen Sie direkt aus der Benutzeroberfl\u00e4che von RosarioSIS SMS an alle Sch\u00fcler oder alle Benutzer versenden.<\/p>\n<p>Da SMS besonders schnell ge\u00f6ffnet und gelesen werden, kommen sie auch f\u00fcr kurzfristige Benachrichtigungen infrage, beispielsweise wenn eine kurzfristige Schlie\u00dfung Ihrer Einrichtung bekannt gegeben werden muss. Da keine Messaging-Apps n\u00f6tig sind, erreichen Sie alle Empf\u00e4nger datenschutzkonform, sofern Ihr SMS-Anbieter diese Voraussetzungen ebenfalls erf\u00fcllt und Sie die Erlaubnis haben, Ihren Sch\u00fclern Nachrichten zu senden.<\/p>\n<\/div><\/div><\/div><\/div><\/div><\/div><\/div><\/section><!-- Row Backgrounds --><div class=\"upb_color\" data-bg-override=\"0\" data-bg-color=\"#f4f4f4\" data-fadeout=\"\" data-fadeout-percentage=\"30\" data-parallax-content=\"\" data-parallax-content-sense=\"30\" data-row-effect-mobile-disable=\"true\" data-img-parallax-mobile-disable=\"true\" data-rtl=\"false\"  data-custom-vc-row=\"\"  data-vc=\"8.7.2\"  data-is_old_vc=\"\"  data-theme-support=\"disable\"   data-overlay=\"false\" data-overlay-color=\"\" data-overlay-pattern=\"\" data-overlay-pattern-opacity=\"\" data-overlay-pattern-size=\"\"    ><\/div><section class=\"l-section wpb_row height_small\"><div class=\"l-section-h i-cf\"><div class=\"g-cols vc_row via_flex valign_middle type_default stacking_default\"><div class=\"vc_col-sm-6 wpb_column vc_column_container\"><div class=\"vc_column-inner\"><div class=\"wpb_wrapper\"><div class=\"wpb_text_column\"><div class=\"wpb_wrapper\"><h3>Massen-SMS<\/h3>\n<\/div><\/div><div class=\"uavc-list-icon uavc-list-icon-wrapper ult-adjust-bottom-margin   \"><ul class=\"uavc-list\"><li><div class=\"uavc-list-content\" id=\"list-icon-wrap-3692\">\n<div class=\"uavc-list-icon  \" data-animation=\"\" data-animation-delay=\"03\" style=\"margin-right:25px;\"><div class=\"ult-just-icon-wrapper  \"><div class=\"align-icon\" style=\"text-align:center;\">\n<div class=\"aio-icon none \"  style=\"color:#52c0fa;font-size:40px;display:inline-block;\">\n\t<i class=\"Defaults-envelope-o\"><\/i>\n<\/div><\/div><\/div>\n<\/div><span  data-ultimate-target='#list-icon-wrap-3692 .uavc-list-desc'  data-responsive-json-new='{\"font-size\":\"\",\"line-height\":\"\"}'  class=\"uavc-list-desc ult-responsive\" style=\"\">Versenden Sie innerhalb von Sekunden Massen-SMS, um Ihren Sch\u00fclern wichtige Informationen zukommen zu lassen.<\/span><\/div><\/li><\/ul><\/div><div class=\"wpb_text_column\"><div class=\"wpb_wrapper\"><h3>Absendername<\/h3>\n<\/div><\/div><div class=\"uavc-list-icon uavc-list-icon-wrapper ult-adjust-bottom-margin   \"><ul class=\"uavc-list\"><li><div class=\"uavc-list-content\" id=\"list-icon-wrap-2332\">\n<div class=\"uavc-list-icon  \" data-animation=\"\" data-animation-delay=\"03\" style=\"margin-right:25px;\"><div class=\"ult-just-icon-wrapper  \"><div class=\"align-icon\" style=\"text-align:center;\">\n<div class=\"aio-icon none \"  style=\"color:#52c0fa;font-size:40px;display:inline-block;\">\n\t<i class=\"Defaults-user\"><\/i>\n<\/div><\/div><\/div>\n<\/div><span  data-ultimate-target='#list-icon-wrap-2332 .uavc-list-desc'  data-responsive-json-new='{\"font-size\":\"\",\"line-height\":\"\"}'  class=\"uavc-list-desc ult-responsive\" style=\"\">Nutzen Sie einen <a href=\"https:\/\/help.seven.io\/de\/absenderkennung-setzen\" rel=\"noopener\">Absendernamen<\/a>, der bei der Zustellung der SMS angezeigt wird. So wissen Ihre Sch\u00fcler sofort, wer ihnen schreibt.<\/span><\/div><\/li><\/ul><\/div><\/div><\/div><\/div><div class=\"vc_col-sm-6 wpb_column vc_column_container\"><div class=\"vc_column-inner\"><div class=\"wpb_wrapper\"><div class=\"w-image align_center\"><div class=\"w-image-h\"><img decoding=\"async\" width=\"768\" height=\"512\" src=\"https:\/\/www.seven.io\/wp-content\/uploads\/integrationen_rosarioSIS_mood-768x512.png\" class=\"attachment-us_768_0 size-us_768_0\" alt=\"Mit dem Versand von SMS in RosarioSIS erreichen Sie alle Lernenden gleicherma\u00dfen.\" loading=\"lazy\" srcset=\"https:\/\/www.seven.io\/wp-content\/uploads\/integrationen_rosarioSIS_mood-768x512.png 768w, https:\/\/www.seven.io\/wp-content\/uploads\/integrationen_rosarioSIS_mood-300x200.png 300w, https:\/\/www.seven.io\/wp-content\/uploads\/integrationen_rosarioSIS_mood-350x233.png 350w, https:\/\/www.seven.io\/wp-content\/uploads\/integrationen_rosarioSIS_mood-250x167.png 250w, https:\/\/www.seven.io\/wp-content\/uploads\/integrationen_rosarioSIS_mood-600x400.png 600w, https:\/\/www.seven.io\/wp-content\/uploads\/integrationen_rosarioSIS_mood-400x267.png 400w, https:\/\/www.seven.io\/wp-content\/uploads\/integrationen_rosarioSIS_mood-200x133.png 200w, https:\/\/www.seven.io\/wp-content\/uploads\/integrationen_rosarioSIS_mood-500x333.png 500w, https:\/\/www.seven.io\/wp-content\/uploads\/integrationen_rosarioSIS_mood.png 800w\" sizes=\"auto, (max-width: 768px) 100vw, 768px\" \/><\/div><\/div><div class=\"w-separator size_custom\" style=\"height:10px\"><\/div><div class=\"wpb_text_column\"><div class=\"wpb_wrapper\"><p style=\"text-align: center;\"><em>Erreichen Sie alle Lernenden gleicherma\u00dfen \u2013 mit SMS.<\/em><\/p>\n<\/div><\/div><\/div><\/div><\/div><\/div><\/div><\/section><section class=\"l-section wpb_row height_small\"><div class=\"l-section-h i-cf\"><div class=\"g-cols vc_row via_flex valign_top type_default stacking_default\"><div class=\"vc_col-sm-12 wpb_column vc_column_container\"><div class=\"vc_column-inner\"><div class=\"wpb_wrapper\"><div class=\"w-actionbox us_custom_e47d7875 color_light controls_right\"><div class=\"w-actionbox-text\"><div class=\"w-actionbox-description\"><p>Sie brauchen Hilfe bei der Installation oder der Einrichtung der Funktionen?<br \/>\nLesen Sie unsere Dokumentation f\u00fcr weitere Informationen.<\/p>\n<\/div><\/div><div class=\"w-actionbox-controls\"><a class=\"w-btn us-btn-style_5\" href=\"https:\/\/www.seven.io\/de\/docs\/drittanbieter\/rosariosis\/\"><span class=\"w-btn-label\">Dokumentation lesen<\/span><\/a><\/div><\/div><\/div><\/div><\/div><\/div><\/div><\/section><!-- Row Backgrounds --><div class=\"upb_color\" data-bg-override=\"0\" data-bg-color=\"#ffffff\" data-fadeout=\"\" data-fadeout-percentage=\"30\" data-parallax-content=\"\" data-parallax-content-sense=\"30\" data-row-effect-mobile-disable=\"true\" data-img-parallax-mobile-disable=\"true\" data-rtl=\"false\"  data-custom-vc-row=\"\"  data-vc=\"8.7.2\"  data-is_old_vc=\"\"  data-theme-support=\"disable\"   data-overlay=\"false\" data-overlay-color=\"\" data-overlay-pattern=\"\" data-overlay-pattern-opacity=\"\" data-overlay-pattern-size=\"\"    ><\/div>\n","protected":false},"excerpt":{"rendered":"RosarioSIS ist ein freies und quelloffenes Informationssystem f\u00fcr Bildungseinrichtungen aller Art. Das System ist webbasiert, sodass Lehrkr\u00e4fte und anderes berechtigtes Personal potentiell von \u00fcberall auf das System zugreifen k\u00f6nnen. Es stehen \u00dcbersetzungen auf Englisch, Franz\u00f6sisch, Spanisch, Arabisch, Deutsch, Khmer und Bulgarisch zur Verf\u00fcgung. Umfassende Funktionen machen das Sch\u00fclerinformationssystem zu einer starken Alternative zu vergleichbaren Programmen....","protected":false},"author":1,"featured_media":82324,"parent":17075,"menu_order":0,"comment_status":"closed","ping_status":"closed","template":"","meta":{"content-type":"","footnotes":""},"class_list":["post-82322","page","type-page","status-publish","has-post-thumbnail","hentry"],"_links":{"self":[{"href":"https:\/\/www.seven.io\/de\/wp-json\/wp\/v2\/pages\/82322","targetHints":{"allow":["GET"]}}],"collection":[{"href":"https:\/\/www.seven.io\/de\/wp-json\/wp\/v2\/pages"}],"about":[{"href":"https:\/\/www.seven.io\/de\/wp-json\/wp\/v2\/types\/page"}],"author":[{"embeddable":true,"href":"https:\/\/www.seven.io\/de\/wp-json\/wp\/v2\/users\/1"}],"replies":[{"embeddable":true,"href":"https:\/\/www.seven.io\/de\/wp-json\/wp\/v2\/comments?post=82322"}],"version-history":[{"count":15,"href":"https:\/\/www.seven.io\/de\/wp-json\/wp\/v2\/pages\/82322\/revisions"}],"predecessor-version":[{"id":92867,"href":"https:\/\/www.seven.io\/de\/wp-json\/wp\/v2\/pages\/82322\/revisions\/92867"}],"up":[{"embeddable":true,"href":"https:\/\/www.seven.io\/de\/wp-json\/wp\/v2\/pages\/17075"}],"wp:featuredmedia":[{"embeddable":true,"href":"https:\/\/www.seven.io\/de\/wp-json\/wp\/v2\/media\/82324"}],"wp:attachment":[{"href":"https:\/\/www.seven.io\/de\/wp-json\/wp\/v2\/media?parent=82322"}],"curies":[{"name":"wp","href":"https:\/\/api.w.org\/{rel}","templated":true}]}}