{"id":82351,"date":"2022-03-28T08:13:49","date_gmt":"2022-03-28T06:13:49","guid":{"rendered":"https:\/\/www.sms77.io\/?page_id=82351"},"modified":"2024-07-02T11:00:02","modified_gmt":"2024-07-02T09:00:02","slug":"tricoma","status":"publish","type":"page","link":"https:\/\/www.seven.io\/de\/loesungen\/integrationen\/tricoma\/","title":{"rendered":"tricoma"},"content":{"rendered":"<section class=\"l-section wpb_row height_small\"><div class=\"l-section-h i-cf\"><div class=\"g-cols vc_row via_flex valign_middle type_default stacking_default\"><div class=\"vc_col-sm-6 wpb_column vc_column_container\"><div class=\"vc_column-inner\"><div class=\"wpb_wrapper\"><div class=\"wpb_text_column\"><div class=\"wpb_wrapper\"><p><strong>tricoma ist eine deutsche All-in-One ERP-Software, die webbasiert verwendet wird. Neben dem ERP System k\u00f6nnen auch ein CRM, ein Warenwirtschaftssystem und eigene Shops genutzt, beziehungsweise erstellt werden. tricoma steht in verschiedenen <a href=\"https:\/\/www.tricoma.de\/Preise\/\" target=\"_blank\" rel=\"noopener\">Preismodellen<\/a> zur Verf\u00fcgung.<\/strong><\/p>\n<p><strong>Neben den umfangreichen und erweiterbaren Funktionen sind auch viele Schnittstellen zu bekannten Plattformen ein Vorteil des Systems. Dar\u00fcber hinaus k\u00f6nnen Sie beispielsweise auch den Versand von SMS mit tricoma problemlos integrieren.<\/strong><\/p>\n<\/div><\/div><div class=\"w-btn-wrapper align_none\"><a class=\"w-btn us-btn-style_1 no-border\" href=\"https:\/\/www.seven.io\/de\/docs\/drittanbieter\/tricoma\/\"><span class=\"w-btn-label\">seven in tricoma nutzen<\/span><\/a><\/div><\/div><\/div><\/div><div class=\"vc_col-sm-6 wpb_column vc_column_container\"><div class=\"vc_column-inner\"><div class=\"wpb_wrapper\"><div class=\"w-video align_none ratio_16x9 has_iframe\"><div class=\"w-video-h\"><iframe title=\"Youtube video player\" src=\"\/\/www.youtube.com\/embed\/5otd36UtqeM?autoplay=0&controls=1&origin=https:\/\/www.seven.io\/de\/&loop=0&mute=0\" allowfullscreen=\"1\" loading=\"lazy\"><\/iframe><\/div><\/div><\/div><\/div><\/div><\/div><\/div><\/section><section class=\"l-section wpb_row height_small color_alternate\"><div class=\"l-section-h i-cf\"><div class=\"g-cols vc_row via_flex valign_middle type_default stacking_default\"><div class=\"vc_col-sm-6 wpb_column vc_column_container\"><div class=\"vc_column-inner\"><div class=\"wpb_wrapper\"><div class=\"w-image no-border align_center\"><a ref=\"magnificPopup\" href=\"https:\/\/www.seven.io\/wp-content\/uploads\/integrationen_tricoma_screen.png\" aria-label=\"integrationen_tricoma_screen\" class=\"w-image-h\"><img decoding=\"async\" width=\"400\" height=\"266\" src=\"https:\/\/www.seven.io\/wp-content\/uploads\/integrationen_tricoma_screen-400x266.png\" class=\"attachment-us_400_0 size-us_400_0\" alt=\"Setup zum Versand von SMS mit tricoma\" loading=\"lazy\" srcset=\"https:\/\/www.seven.io\/wp-content\/uploads\/integrationen_tricoma_screen-400x266.png 400w, https:\/\/www.seven.io\/wp-content\/uploads\/integrationen_tricoma_screen-300x200.png 300w, https:\/\/www.seven.io\/wp-content\/uploads\/integrationen_tricoma_screen-350x233.png 350w, https:\/\/www.seven.io\/wp-content\/uploads\/integrationen_tricoma_screen-250x167.png 250w, https:\/\/www.seven.io\/wp-content\/uploads\/integrationen_tricoma_screen-600x400.png 600w, https:\/\/www.seven.io\/wp-content\/uploads\/integrationen_tricoma_screen-768x512.png 768w, https:\/\/www.seven.io\/wp-content\/uploads\/integrationen_tricoma_screen-200x133.png 200w, https:\/\/www.seven.io\/wp-content\/uploads\/integrationen_tricoma_screen-500x333.png 500w, https:\/\/www.seven.io\/wp-content\/uploads\/integrationen_tricoma_screen.png 1024w\" sizes=\"auto, (max-width: 400px) 100vw, 400px\" \/><\/a><\/div><div class=\"w-separator size_custom\" style=\"height:10px\"><\/div><div class=\"wpb_text_column\"><div class=\"wpb_wrapper\"><p style=\"text-align: center;\"><em>Die Einstellungen bei der Einrichtung von seven als SMS Gateway in tricoma, zum Vergr\u00f6\u00dfern anklicken.<\/em><\/p>\n<\/div><\/div><\/div><\/div><\/div><div class=\"vc_col-sm-6 wpb_column vc_column_container\"><div class=\"vc_column-inner\"><div class=\"wpb_wrapper\"><div class=\"wpb_text_column\"><div class=\"wpb_wrapper\"><h3>Versenden Sie SMS mit tricoma<\/h3>\n<p><a href=\"https:\/\/www.seven.io\/de\/docs\/drittanbieter\/tricoma\/\">In nur wenigen Schritten<\/a> k\u00f6nnen Sie den Versand von SMS mit tricoma durch seven einrichten. Haben Sie das Setup abgeschlossen, k\u00f6nnen Sie sofort loslegen. Wie \u00fcblich zahlen Sie nur die SMS, die Sie auch versenden und m\u00fcssen sich keine Gedanken um Vertragslaufzeiten oder Mindestums\u00e4tze machen.<\/p>\n<p>SMS eignen sich besonders f\u00fcr die effektive Kommunikation mit Kunden und Mitarbeitern, denn sie werden sehr schnell gelesen und erreichen problemlos jedes Mobiltelefon. Profitieren Sie von den effektiven Kurznachrichten und versenden Sie noch heute Ihre erste SMS mit tricoma.<\/p>\n<\/div><\/div><\/div><\/div><\/div><\/div><\/div><\/section><!-- Row Backgrounds --><div class=\"upb_color\" data-bg-override=\"0\" data-bg-color=\"#f4f4f4\" data-fadeout=\"\" data-fadeout-percentage=\"30\" data-parallax-content=\"\" data-parallax-content-sense=\"30\" data-row-effect-mobile-disable=\"true\" data-img-parallax-mobile-disable=\"true\" data-rtl=\"false\"  data-custom-vc-row=\"\"  data-vc=\"8.7.2\"  data-is_old_vc=\"\"  data-theme-support=\"disable\"   data-overlay=\"false\" data-overlay-color=\"\" data-overlay-pattern=\"\" data-overlay-pattern-opacity=\"\" data-overlay-pattern-size=\"\"    ><\/div><section class=\"l-section wpb_row height_small\"><div class=\"l-section-h i-cf\"><div class=\"g-cols vc_row via_flex valign_top type_default stacking_default\"><div class=\"vc_col-sm-12 wpb_column vc_column_container\"><div class=\"vc_column-inner\"><div class=\"wpb_wrapper\"><div class=\"w-actionbox us_custom_e47d7875 color_light controls_right\"><div class=\"w-actionbox-text\"><div class=\"w-actionbox-description\"><p>Sie brauchen Hilfe bei der Installation oder der Einrichtung der Funktionen?<br \/>\nIn unserer Dokumentation finden Sie weitere Informationen.<\/p>\n<\/div><\/div><div class=\"w-actionbox-controls\"><a class=\"w-btn us-btn-style_5\" href=\"https:\/\/www.seven.io\/de\/docs\/drittanbieter\/tricoma\/\"><span class=\"w-btn-label\">Dokumentation lesen<\/span><\/a><\/div><\/div><\/div><\/div><\/div><\/div><\/div><\/section><!-- Row Backgrounds --><div class=\"upb_color\" data-bg-override=\"0\" data-bg-color=\"#ffffff\" data-fadeout=\"\" data-fadeout-percentage=\"30\" data-parallax-content=\"\" data-parallax-content-sense=\"30\" data-row-effect-mobile-disable=\"true\" data-img-parallax-mobile-disable=\"true\" data-rtl=\"false\"  data-custom-vc-row=\"\"  data-vc=\"8.7.2\"  data-is_old_vc=\"\"  data-theme-support=\"disable\"   data-overlay=\"false\" data-overlay-color=\"\" data-overlay-pattern=\"\" data-overlay-pattern-opacity=\"\" data-overlay-pattern-size=\"\"    ><\/div>\n","protected":false},"excerpt":{"rendered":"tricoma ist eine deutsche All-in-One ERP-Software, die webbasiert verwendet wird. Neben dem ERP System k\u00f6nnen auch ein CRM, ein Warenwirtschaftssystem und eigene Shops genutzt, beziehungsweise erstellt werden. tricoma steht in verschiedenen Preismodellen zur Verf\u00fcgung. Neben den umfangreichen und erweiterbaren Funktionen sind auch viele Schnittstellen zu bekannten Plattformen ein Vorteil des Systems. Dar\u00fcber hinaus k\u00f6nnen Sie...","protected":false},"author":1,"featured_media":82349,"parent":17075,"menu_order":0,"comment_status":"closed","ping_status":"closed","template":"","meta":{"content-type":"","footnotes":""},"class_list":["post-82351","page","type-page","status-publish","has-post-thumbnail","hentry"],"_links":{"self":[{"href":"https:\/\/www.seven.io\/de\/wp-json\/wp\/v2\/pages\/82351","targetHints":{"allow":["GET"]}}],"collection":[{"href":"https:\/\/www.seven.io\/de\/wp-json\/wp\/v2\/pages"}],"about":[{"href":"https:\/\/www.seven.io\/de\/wp-json\/wp\/v2\/types\/page"}],"author":[{"embeddable":true,"href":"https:\/\/www.seven.io\/de\/wp-json\/wp\/v2\/users\/1"}],"replies":[{"embeddable":true,"href":"https:\/\/www.seven.io\/de\/wp-json\/wp\/v2\/comments?post=82351"}],"version-history":[{"count":13,"href":"https:\/\/www.seven.io\/de\/wp-json\/wp\/v2\/pages\/82351\/revisions"}],"predecessor-version":[{"id":92872,"href":"https:\/\/www.seven.io\/de\/wp-json\/wp\/v2\/pages\/82351\/revisions\/92872"}],"up":[{"embeddable":true,"href":"https:\/\/www.seven.io\/de\/wp-json\/wp\/v2\/pages\/17075"}],"wp:featuredmedia":[{"embeddable":true,"href":"https:\/\/www.seven.io\/de\/wp-json\/wp\/v2\/media\/82349"}],"wp:attachment":[{"href":"https:\/\/www.seven.io\/de\/wp-json\/wp\/v2\/media?parent=82351"}],"curies":[{"name":"wp","href":"https:\/\/api.w.org\/{rel}","templated":true}]}}